{"id":3564,"date":"2020-05-28T13:29:09","date_gmt":"2020-05-28T11:29:09","guid":{"rendered":"https:\/\/bolting.eu\/?post_type=product&#038;p=3564"},"modified":"2024-11-27T17:51:09","modified_gmt":"2024-11-27T16:51:09","slug":"austrialpin-asymm-oval-xl","status":"publish","type":"product","link":"https:\/\/bolting.eu\/en\/shop\/austrialpin-asymm-oval-xl\/","title":{"rendered":"Austrialpin Asymm Oval XL"},"content":{"rendered":"<p>Der Austrialpin Asymm Oval XL ist ein gro\u00dfer Stahlkarabiner. Dieser Schwerlastkarabiner zeichnet sich durch mehrere Features als perfekter Arbeitskarabiner aus.<\/p>\n<p>Erstens ist er gro\u00df in vielerlei Hinsicht. Sowohl seine Abmessungen als auch die Schnapper\u00f6ffnung sind \u00fcberdurchschnittlich. Die Ma\u00dfe lauten 128mm mal 70mm bzw. 30mm Schnapper\u00f6ffnung.<\/p>\n<p>Zweitens seine Form. Seine kurzen Schenkel sind breit und leicht asymmetrisch. Folglich eine perfekte Form f\u00fcr die meisten Tragegurte und Lastenb\u00e4nde. Denn so finden sie bei Belastung rasch ihre Position und bleiben fixiert.<\/p>\n<p>Drittens hat der <a href=\"https:\/\/bolting.eu\/produkt-kategorie\/karabiner-kletterkarabiner\/\">Karabiner<\/a> eine Bruchlast von stolzen 38kN. Besser ausgedr\u00fcckt. 3.800kg!<\/p>\n<p>Kurzum. Ein sehr gro\u00dfer Stahlkarabiner f\u00fcr den vielseitigen Einsatz im Alpinbereich. \u00dcberdies wird er aber auch in der Land-, Forst- und Bauwirtschaft gerne verwendet.<\/p>\n<h3>Eigenschaften Austrialpin Asymm Oval XL<\/h3>\n<ul>\n<li>Hersteller: Austrialpin<\/li>\n<li>Material: verzinkter Stahl<\/li>\n<li>Verschluss System: Schraubkarabiner<\/li>\n<li>Bruchlast geschlossen: 38 kN = 3.800kg<\/li>\n<li>Bruchlast quer: 16 kN<\/li>\n<li>Bruchlast offen: 10kN<\/li>\n<li>Breite Schnapper\u00f6ffnung: 15mm<\/li>\n<li>Gewicht: 275 gramm<\/li>\n<li>Ma\u00dfe: 128 x 70mm<\/li>\n<li>Normen: EN 362, EN 12275, UIAA 121<\/li>\n<\/ul>\n<h3>Austrialpin Asymm Oval XL f\u00fcr breite B\u00e4nder und gro\u00dfe Ringe<\/h3>\n<p>Dieses Produkt ist bewusst ein so gro\u00dfer Stahlkarabiner. Denn er soll vor allem f\u00fcr breite Breite B\u00e4nder verwendet werden. Zudem erreicht man so auch eine gro\u00dfe Schnapper\u00f6ffnung. Folglich kann man in diesen Karabiner entsprechend gro\u00dfe Gurte, Bauteile oder Stahlringe einh\u00e4ngen.<\/p>\n<p>Diese zwei Features machen diesen Schwerlastkarabiner so vielseitig. Somit wird er neben alpinen Anwendungen in vielen Bereichen verwendet. Beispielsweise in der Forst- sowie der Land- und \u00fcberdies Bauwirtschaft.<\/p>\n<h3>Extrem langlebig<\/h3>\n<p>Der Austrialpin Asymm Oval XL ist sehr langlebig. Zum einen wegen dem verzinkten Stahl. Zum anderen weil er eine hohe Materialdicke hat. Folglich h\u00e4lt er bei normaler Verwendung viele Jahre enormen Belastungen stand. Kurzum: der Anschaffungspreis von \u20ac 16,90 ist hier bestens investiert!<\/p>\n<h3>Austausch Austrialpin Asymm Oval XL<\/h3>\n<p>Die Gebrauchsfrist dieses Produktes ist mit 15 Jahren angegeben. Sollte der gro\u00dfe Stahlkarabiner keine sichtbaren Sch\u00e4den aufweisen, kann er tats\u00e4chlich so lange verwendet werden.<\/p>\n<p>Ihr m\u00fcsst diesen Schwerlastkarabiner aber nat\u00fcrlich regelm\u00e4\u00dfig kontrollieren. So wie alle Karabiner! \u00dcberpr\u00fcft regelm\u00e4\u00dfig haptisch und optisch ob er in Ordnung ist.<\/p>\n<h3>Warnhinweis<\/h3>\n<p>Achtung! Wer den Austrialpin Asymm Oval XL bei vielen unterschiedlichen Arbeiten verwendet. Solltet ihr mit Drahtseilen, div. Laschen etc. Kerben auf der Innenseite des Karabiners verursachen. Dann m\u00fcsst ihr f\u00fcr die Verwendung von <a href=\"https:\/\/bolting.eu\/produkt-kategorie\/bandschlinge\/\">Bandschlingen<\/a> und Gurten einen ungebrauchten Karabiner verwenden. Denn die B\u00e4nder k\u00f6nnen sonst an dieser Stelle abgetrennt werden!<\/p>\n<p>Link Tipp: zum <a href=\"https:\/\/www.austrialpin.at\/\" target=\"_blank\" rel=\"noopener noreferrer\">Hersteller<\/a><\/p>\n<p>&nbsp;<\/p>\n","protected":false},"excerpt":{"rendered":"<ul>\n<li>Hersteller: Austrialpin<\/li>\n<li>Material: verzinkter Stahl<\/li>\n<li>Verschluss System: Schraubkarabiner<\/li>\n<li>Bruchlast geschlossen: 38 kN = 3.800kg<\/li>\n<li>Bruchlast quer: 16 kN<\/li>\n<li>Bruchlast offen: 10kN<\/li>\n<li>Breite Schnapper\u00f6ffnung: 15mm<\/li>\n<li>Gewicht: 275 gramm<\/li>\n<li>Ma\u00dfe: 128 x 70mm<\/li>\n<li>Normen: EN 362, EN 12275, UIAA 121<\/li>\n<\/ul>\n","protected":false},"featured_media":3565,"comment_status":"open","ping_status":"closed","template":"","meta":[],"product_brand":[],"product_cat":[44,3003,3009,29,4649],"product_tag":[],"class_list":{"0":"post-3564","1":"product","2":"type-product","3":"status-publish","4":"has-post-thumbnail","6":"product_cat-kletterkarabiner","7":"product_cat-stahlkarabiner","8":"product_cat-schraubkarabiner","9":"product_cat-kletterausruestung","10":"product_cat-austrialpin","12":"first","13":"instock","14":"sale","15":"taxable","16":"shipping-taxable","17":"purchasable","18":"product-type-simple"},"yoast_head":"<!-- This site is optimized with the Yoast SEO Premium plugin v26.9 (Yoast SEO v26.9) - https:\/\/yoast.com\/product\/yoast-seo-premium-wordpress\/ -->\n<title>Austrialpin Asymm Oval XL - Stahlkarabiner online kaufen | bolting.eu<\/title>\n<meta name=\"robots\" content=\"index, follow, max-snippet:-1, max-image-preview:large, max-video-preview:-1\" \/>\n<link rel=\"canonical\" href=\"https:\/\/bolting.eu\/en\/shop\/austrialpin-asymm-oval-xl\/\" \/>\n<meta property=\"og:locale\" content=\"en_US\" \/>\n<meta property=\"og:type\" content=\"article\" \/>\n<meta property=\"og:title\" content=\"Austrialpin Asymm Oval XL\" \/>\n<meta property=\"og:description\" content=\"Hersteller: Austrialpin  Material: verzinkter Stahl  Verschluss System: Schraubkarabiner  Bruchlast geschlossen: 38 kN = 3.800kg  Bruchlast quer: 16 kN  Bruchlast offen: 10kN  Breite Schnapper\u00f6ffnung: 15mm  Gewicht: 275 gramm  Ma\u00dfe: 128 x 70mm  Normen: EN 362, EN 12275, UIAA 121\" \/>\n<meta property=\"og:url\" content=\"https:\/\/bolting.eu\/en\/shop\/austrialpin-asymm-oval-xl\/\" \/>\n<meta property=\"og:site_name\" content=\"bolting.eu\" \/>\n<meta property=\"article:publisher\" content=\"https:\/\/www.facebook.com\/bolting.eu\" \/>\n<meta property=\"article:modified_time\" content=\"2024-11-27T16:51:09+00:00\" \/>\n<meta property=\"og:image\" content=\"https:\/\/bolting.eu\/wp-content\/uploads\/2020\/05\/Austrialpin-Asymm-Oval-XL-Stahlkarabiner.jpg\" \/>\n\t<meta property=\"og:image:width\" content=\"700\" \/>\n\t<meta property=\"og:image:height\" content=\"700\" \/>\n\t<meta property=\"og:image:type\" content=\"image\/jpeg\" \/>\n<meta name=\"twitter:card\" content=\"summary_large_image\" \/>\n<meta name=\"twitter:label1\" content=\"Price\" \/>\n\t<meta name=\"twitter:data1\" content=\"&euro;&nbsp;18,00\" \/>\n\t<meta name=\"twitter:label2\" content=\"Availability\" \/>\n\t<meta name=\"twitter:data2\" content=\"In stock\" \/>\n<script type=\"application\/ld+json\" class=\"yoast-schema-graph\">{\"@context\":\"https:\/\/schema.org\",\"@graph\":[{\"@type\":[\"WebPage\",\"ItemPage\"],\"@id\":\"https:\/\/bolting.eu\/en\/shop\/austrialpin-asymm-oval-xl\/\",\"url\":\"https:\/\/bolting.eu\/en\/shop\/austrialpin-asymm-oval-xl\/\",\"name\":\"Austrialpin Asymm Oval XL - Stahlkarabiner online kaufen | bolting.eu\",\"isPartOf\":{\"@id\":\"https:\/\/bolting.eu\/en\/#website\"},\"primaryImageOfPage\":{\"@id\":\"https:\/\/bolting.eu\/en\/shop\/austrialpin-asymm-oval-xl\/#primaryimage\"},\"image\":{\"@id\":\"https:\/\/bolting.eu\/en\/shop\/austrialpin-asymm-oval-xl\/#primaryimage\"},\"thumbnailUrl\":\"https:\/\/bolting.eu\/wp-content\/uploads\/2020\/05\/Austrialpin-Asymm-Oval-XL-Stahlkarabiner.jpg\",\"datePublished\":\"2020-05-28T11:29:09+00:00\",\"dateModified\":\"2024-11-27T16:51:09+00:00\",\"breadcrumb\":{\"@id\":\"https:\/\/bolting.eu\/en\/shop\/austrialpin-asymm-oval-xl\/#breadcrumb\"},\"inLanguage\":\"en-US\",\"potentialAction\":[{\"@type\":\"ReadAction\",\"target\":[\"https:\/\/bolting.eu\/en\/shop\/austrialpin-asymm-oval-xl\/\"]}]},{\"@type\":\"ImageObject\",\"inLanguage\":\"en-US\",\"@id\":\"https:\/\/bolting.eu\/en\/shop\/austrialpin-asymm-oval-xl\/#primaryimage\",\"url\":\"https:\/\/bolting.eu\/wp-content\/uploads\/2020\/05\/Austrialpin-Asymm-Oval-XL-Stahlkarabiner.jpg\",\"contentUrl\":\"https:\/\/bolting.eu\/wp-content\/uploads\/2020\/05\/Austrialpin-Asymm-Oval-XL-Stahlkarabiner.jpg\",\"width\":700,\"height\":700,\"caption\":\"Das Bild zeigt den Austrialpin Asymm Oval XL. Der gro\u00dfe Stahlkarabiner steht aufrecht in Bildmitte. Man erkennt alle Produktdetails ganz wunderbar. Die Karabiner\u00f6ffnung mit Schnapper und Schraubverschluss schauen nach links.\"},{\"@type\":\"BreadcrumbList\",\"@id\":\"https:\/\/bolting.eu\/en\/shop\/austrialpin-asymm-oval-xl\/#breadcrumb\",\"itemListElement\":[{\"@type\":\"ListItem\",\"position\":1,\"name\":\"Shop\",\"item\":\"https:\/\/bolting.eu\/en\/shop\/\"},{\"@type\":\"ListItem\",\"position\":2,\"name\":\"climbing equipment\",\"item\":\"https:\/\/bolting.eu\/en\/produkt-kategorie\/climbing-equipment\/\"},{\"@type\":\"ListItem\",\"position\":3,\"name\":\"Climbing carabiner\",\"item\":\"https:\/\/bolting.eu\/en\/produkt-kategorie\/climbing-carabiner\/\"},{\"@type\":\"ListItem\",\"position\":4,\"name\":\"Steel carabiner\",\"item\":\"https:\/\/bolting.eu\/en\/produkt-kategorie\/steel-carabiner\/\"},{\"@type\":\"ListItem\",\"position\":5,\"name\":\"Austrialpin Asymm Oval XL\"}]},{\"@type\":\"WebSite\",\"@id\":\"https:\/\/bolting.eu\/en\/#website\",\"url\":\"https:\/\/bolting.eu\/en\/\",\"name\":\"bolting.eu\",\"description\":\"we make climbs happen\",\"publisher\":{\"@id\":\"https:\/\/bolting.eu\/en\/#organization\"},\"potentialAction\":[{\"@type\":\"SearchAction\",\"target\":{\"@type\":\"EntryPoint\",\"urlTemplate\":\"https:\/\/bolting.eu\/en\/?s={search_term_string}\"},\"query-input\":{\"@type\":\"PropertyValueSpecification\",\"valueRequired\":true,\"valueName\":\"search_term_string\"}}],\"inLanguage\":\"en-US\"},{\"@type\":[\"Organization\",\"Place\",\"SportingGoodsStore\"],\"@id\":\"https:\/\/bolting.eu\/en\/#organization\",\"name\":\"bolting.eu\",\"url\":\"https:\/\/bolting.eu\/en\/\",\"logo\":{\"@id\":\"https:\/\/bolting.eu\/en\/shop\/austrialpin-asymm-oval-xl\/#local-main-organization-logo\"},\"image\":{\"@id\":\"https:\/\/bolting.eu\/en\/shop\/austrialpin-asymm-oval-xl\/#local-main-organization-logo\"},\"sameAs\":[\"https:\/\/www.facebook.com\/bolting.eu\",\"https:\/\/www.instagram.com\/bolting.eu\/\"],\"address\":{\"@id\":\"https:\/\/bolting.eu\/en\/shop\/austrialpin-asymm-oval-xl\/#local-main-place-address\"},\"geo\":{\"@type\":\"GeoCoordinates\",\"latitude\":\"47.264176340396226\",\"longitude\":\"11.380109057672346\"},\"telephone\":[\"+43 699 19083372\"],\"openingHoursSpecification\":[{\"@type\":\"OpeningHoursSpecification\",\"dayOfWeek\":[\"Monday\",\"Wednesday\",\"Friday\"],\"opens\":\"14:00\",\"closes\":\"18:00\"},{\"@type\":\"OpeningHoursSpecification\",\"dayOfWeek\":[\"Tuesday\",\"Thursday\",\"Saturday\",\"Sunday\"],\"opens\":\"00:00\",\"closes\":\"00:00\"}],\"email\":\"office@bolting.eu\",\"vatID\":\"ATU59999728\",\"priceRange\":\"$$\",\"currenciesAccepted\":\"Euro\"},{\"@type\":\"PostalAddress\",\"@id\":\"https:\/\/bolting.eu\/en\/shop\/austrialpin-asymm-oval-xl\/#local-main-place-address\",\"streetAddress\":\"Fischnalerstra\u00dfe 4\",\"addressLocality\":\"Innsbruck\",\"postalCode\":\"6020\",\"addressRegion\":\"Tirol\",\"addressCountry\":\"AT\"},{\"@type\":\"ImageObject\",\"inLanguage\":\"en-US\",\"@id\":\"https:\/\/bolting.eu\/en\/shop\/austrialpin-asymm-oval-xl\/#local-main-organization-logo\",\"url\":\"https:\/\/bolting.eu\/wp-content\/uploads\/2019\/09\/bolting-logo.png\",\"contentUrl\":\"https:\/\/bolting.eu\/wp-content\/uploads\/2019\/09\/bolting-logo.png\",\"width\":400,\"height\":211,\"caption\":\"bolting.eu\"}]}<\/script>\n<meta property=\"product:price:amount\" content=\"18.00\" \/>\n<meta property=\"product:price:currency\" content=\"EUR\" \/>\n<meta property=\"og:availability\" content=\"instock\" \/>\n<meta property=\"product:availability\" content=\"instock\" \/>\n<meta property=\"product:retailer_item_id\" content=\"TP11AK\" \/>\n<meta property=\"product:condition\" content=\"new\" \/>\n<meta name=\"geo.placename\" content=\"Innsbruck\" \/>\n<meta name=\"geo.position\" content=\"47.264176340396226;11.380109057672346\" \/>\n<meta name=\"geo.region\" content=\"Austria\" \/>\n<!-- \/ Yoast SEO Premium plugin. -->","yoast_head_json":{"title":"Austrialpin Asymm Oval XL - Stahlkarabiner online kaufen | bolting.eu","robots":{"index":"index","follow":"follow","max-snippet":"max-snippet:-1","max-image-preview":"max-image-preview:large","max-video-preview":"max-video-preview:-1"},"canonical":"https:\/\/bolting.eu\/en\/shop\/austrialpin-asymm-oval-xl\/","og_locale":"en_US","og_type":"article","og_title":"Austrialpin Asymm Oval XL","og_description":"Hersteller: Austrialpin  Material: verzinkter Stahl  Verschluss System: Schraubkarabiner  Bruchlast geschlossen: 38 kN = 3.800kg  Bruchlast quer: 16 kN  Bruchlast offen: 10kN  Breite Schnapper\u00f6ffnung: 15mm  Gewicht: 275 gramm  Ma\u00dfe: 128 x 70mm  Normen: EN 362, EN 12275, UIAA 121","og_url":"https:\/\/bolting.eu\/en\/shop\/austrialpin-asymm-oval-xl\/","og_site_name":"bolting.eu","article_publisher":"https:\/\/www.facebook.com\/bolting.eu","article_modified_time":"2024-11-27T16:51:09+00:00","og_image":[{"width":700,"height":700,"url":"https:\/\/bolting.eu\/wp-content\/uploads\/2020\/05\/Austrialpin-Asymm-Oval-XL-Stahlkarabiner.jpg","type":"image\/jpeg"}],"twitter_card":"summary_large_image","twitter_misc":{"Price":"&euro;&nbsp;18,00","Availability":"In stock"},"schema":{"@context":"https:\/\/schema.org","@graph":[{"@type":["WebPage","ItemPage"],"@id":"https:\/\/bolting.eu\/en\/shop\/austrialpin-asymm-oval-xl\/","url":"https:\/\/bolting.eu\/en\/shop\/austrialpin-asymm-oval-xl\/","name":"Austrialpin Asymm Oval XL - Stahlkarabiner online kaufen | bolting.eu","isPartOf":{"@id":"https:\/\/bolting.eu\/en\/#website"},"primaryImageOfPage":{"@id":"https:\/\/bolting.eu\/en\/shop\/austrialpin-asymm-oval-xl\/#primaryimage"},"image":{"@id":"https:\/\/bolting.eu\/en\/shop\/austrialpin-asymm-oval-xl\/#primaryimage"},"thumbnailUrl":"https:\/\/bolting.eu\/wp-content\/uploads\/2020\/05\/Austrialpin-Asymm-Oval-XL-Stahlkarabiner.jpg","datePublished":"2020-05-28T11:29:09+00:00","dateModified":"2024-11-27T16:51:09+00:00","breadcrumb":{"@id":"https:\/\/bolting.eu\/en\/shop\/austrialpin-asymm-oval-xl\/#breadcrumb"},"inLanguage":"en-US","potentialAction":[{"@type":"ReadAction","target":["https:\/\/bolting.eu\/en\/shop\/austrialpin-asymm-oval-xl\/"]}]},{"@type":"ImageObject","inLanguage":"en-US","@id":"https:\/\/bolting.eu\/en\/shop\/austrialpin-asymm-oval-xl\/#primaryimage","url":"https:\/\/bolting.eu\/wp-content\/uploads\/2020\/05\/Austrialpin-Asymm-Oval-XL-Stahlkarabiner.jpg","contentUrl":"https:\/\/bolting.eu\/wp-content\/uploads\/2020\/05\/Austrialpin-Asymm-Oval-XL-Stahlkarabiner.jpg","width":700,"height":700,"caption":"Das Bild zeigt den Austrialpin Asymm Oval XL. Der gro\u00dfe Stahlkarabiner steht aufrecht in Bildmitte. Man erkennt alle Produktdetails ganz wunderbar. Die Karabiner\u00f6ffnung mit Schnapper und Schraubverschluss schauen nach links."},{"@type":"BreadcrumbList","@id":"https:\/\/bolting.eu\/en\/shop\/austrialpin-asymm-oval-xl\/#breadcrumb","itemListElement":[{"@type":"ListItem","position":1,"name":"Shop","item":"https:\/\/bolting.eu\/en\/shop\/"},{"@type":"ListItem","position":2,"name":"climbing equipment","item":"https:\/\/bolting.eu\/en\/produkt-kategorie\/climbing-equipment\/"},{"@type":"ListItem","position":3,"name":"Climbing carabiner","item":"https:\/\/bolting.eu\/en\/produkt-kategorie\/climbing-carabiner\/"},{"@type":"ListItem","position":4,"name":"Steel carabiner","item":"https:\/\/bolting.eu\/en\/produkt-kategorie\/steel-carabiner\/"},{"@type":"ListItem","position":5,"name":"Austrialpin Asymm Oval XL"}]},{"@type":"WebSite","@id":"https:\/\/bolting.eu\/en\/#website","url":"https:\/\/bolting.eu\/en\/","name":"bolting.eu","description":"we make climbs happen","publisher":{"@id":"https:\/\/bolting.eu\/en\/#organization"},"potentialAction":[{"@type":"SearchAction","target":{"@type":"EntryPoint","urlTemplate":"https:\/\/bolting.eu\/en\/?s={search_term_string}"},"query-input":{"@type":"PropertyValueSpecification","valueRequired":true,"valueName":"search_term_string"}}],"inLanguage":"en-US"},{"@type":["Organization","Place","SportingGoodsStore"],"@id":"https:\/\/bolting.eu\/en\/#organization","name":"bolting.eu","url":"https:\/\/bolting.eu\/en\/","logo":{"@id":"https:\/\/bolting.eu\/en\/shop\/austrialpin-asymm-oval-xl\/#local-main-organization-logo"},"image":{"@id":"https:\/\/bolting.eu\/en\/shop\/austrialpin-asymm-oval-xl\/#local-main-organization-logo"},"sameAs":["https:\/\/www.facebook.com\/bolting.eu","https:\/\/www.instagram.com\/bolting.eu\/"],"address":{"@id":"https:\/\/bolting.eu\/en\/shop\/austrialpin-asymm-oval-xl\/#local-main-place-address"},"geo":{"@type":"GeoCoordinates","latitude":"47.264176340396226","longitude":"11.380109057672346"},"telephone":["+43 699 19083372"],"openingHoursSpecification":[{"@type":"OpeningHoursSpecification","dayOfWeek":["Monday","Wednesday","Friday"],"opens":"14:00","closes":"18:00"},{"@type":"OpeningHoursSpecification","dayOfWeek":["Tuesday","Thursday","Saturday","Sunday"],"opens":"00:00","closes":"00:00"}],"email":"office@bolting.eu","vatID":"ATU59999728","priceRange":"$$","currenciesAccepted":"Euro"},{"@type":"PostalAddress","@id":"https:\/\/bolting.eu\/en\/shop\/austrialpin-asymm-oval-xl\/#local-main-place-address","streetAddress":"Fischnalerstra\u00dfe 4","addressLocality":"Innsbruck","postalCode":"6020","addressRegion":"Tirol","addressCountry":"AT"},{"@type":"ImageObject","inLanguage":"en-US","@id":"https:\/\/bolting.eu\/en\/shop\/austrialpin-asymm-oval-xl\/#local-main-organization-logo","url":"https:\/\/bolting.eu\/wp-content\/uploads\/2019\/09\/bolting-logo.png","contentUrl":"https:\/\/bolting.eu\/wp-content\/uploads\/2019\/09\/bolting-logo.png","width":400,"height":211,"caption":"bolting.eu"}]},"product_price_amount":"18.00","product_price_currency":"EUR","og_availability":"instock","product_availability":"instock","product_retailer_item_id":"TP11AK","product_condition":"new","geo.placename":"Innsbruck","geo.position":{"lat":"47.264176340396226","long":"11.380109057672346"},"geo.region":"Austria"},"_links":{"self":[{"href":"https:\/\/bolting.eu\/en\/wp-json\/wp\/v2\/product\/3564","targetHints":{"allow":["GET"]}}],"collection":[{"href":"https:\/\/bolting.eu\/en\/wp-json\/wp\/v2\/product"}],"about":[{"href":"https:\/\/bolting.eu\/en\/wp-json\/wp\/v2\/types\/product"}],"replies":[{"embeddable":true,"href":"https:\/\/bolting.eu\/en\/wp-json\/wp\/v2\/comments?post=3564"}],"wp:featuredmedia":[{"embeddable":true,"href":"https:\/\/bolting.eu\/en\/wp-json\/wp\/v2\/media\/3565"}],"wp:attachment":[{"href":"https:\/\/bolting.eu\/en\/wp-json\/wp\/v2\/media?parent=3564"}],"wp:term":[{"taxonomy":"product_brand","embeddable":true,"href":"https:\/\/bolting.eu\/en\/wp-json\/wp\/v2\/product_brand?post=3564"},{"taxonomy":"product_cat","embeddable":true,"href":"https:\/\/bolting.eu\/en\/wp-json\/wp\/v2\/product_cat?post=3564"},{"taxonomy":"product_tag","embeddable":true,"href":"https:\/\/bolting.eu\/en\/wp-json\/wp\/v2\/product_tag?post=3564"}],"curies":[{"name":"wp","href":"https:\/\/api.w.org\/{rel}","templated":true}]}}