{"id":35625,"date":"2025-12-08T18:01:02","date_gmt":"2025-12-08T17:01:02","guid":{"rendered":"https:\/\/bolting.eu\/?post_type=product&#038;p=35625"},"modified":"2025-12-08T18:49:52","modified_gmt":"2025-12-08T17:49:52","slug":"blue-ice-dragonfly","status":"publish","type":"product","link":"https:\/\/bolting.eu\/en\/shop\/blue-ice-dragonfly\/","title":{"rendered":"Blue Ice Dragonfly"},"content":{"rendered":"<p>Die Blue Ice Dragonfly Rucks\u00e4cke sind der Bestseller dieser Marke. Und das aus gutem Grund!<\/p>\n<p>Denn sie sind perfekt f\u00fcr\u00b4s Alpinklettern. Folglich sind all ihre Features auf Gewichtsreduktion und volle Funktion ausgerichtet.<\/p>\n<p>Allen voran das schmale Design, wasserabweisendes Gewebe und eine patentierte <a href=\"https:\/\/bolting.eu\/produkt-kategorie\/bergsteiger-ausruestung\/eisgeraete\/\">Eisger\u00e4te<\/a> Halterung.<\/p>\n<p>Kompromisslose Funktionalit\u00e4t runden dieses Modell Perfekt ab. Mit nur 415 Gramm (18 Liter) geh\u00f6rt es zudem zu den absoluten Leichtgewichten seiner Klasse.<\/p>\n<h2>Eigenschaften Blue Ice Dragonfly<\/h2>\n<ul>\n<li>Hersteller: <a href=\"https:\/\/bolting.eu\/produkt-kategorie\/blue-ice\/\">Blue Ice<\/a><\/li>\n<li>Material: 210D High Tenacity Nylon &#8211; Ripstop<\/li>\n<li>Volumen: 18 Liter, 26 Liter, 34 Liter<\/li>\n<li>Farben: orange, hellblau<\/li>\n<li>Gewicht: 415 Gr. (18 Lit.), 540 Gramm (26 Lit.), 550 Gramm (34 Lit.)<\/li>\n<li>leichter Alpinkletterrucksack<\/li>\n<li>Top Loader<\/li>\n<li>wasserfeste YKK RV an der Au\u00dfenseite<\/li>\n<li>FVKW freie Impr\u00e4gnierung gegen Feuchtigkeit<\/li>\n<li>patentierte 3D Halterungen f\u00fcr zwei Eisger\u00e4te<\/li>\n<li>Zubeh\u00f6rfach (dualer Zugang!) mit Schl\u00fcsselclip<\/li>\n<li>Seilhalterung am Top<\/li>\n<li>2 asymmetrische Stretch Fach an der Seite<\/li>\n<li>H\u00fcftgurt abnehmbar<\/li>\n<li>schlanke, luftdurchl\u00e4ssige Schultertr\u00e4ger nach <a href=\"https:\/\/bolting.eu\/produkt-kategorie\/kletterausruestung\/klettergurte\/\">Klettergurt<\/a> Vorbild<\/li>\n<li>R\u00fcckenpad\u00a0 herausnehmbar<\/li>\n<li>optional erh\u00e4ltlich: Halterung f\u00fcr <a href=\"https:\/\/bolting.eu\/produkt-kategorie\/kletterausruestung\/kletterhelme\/\">Kletterhelm<\/a><\/li>\n<li>kompatibel mit Trinksystem<\/li>\n<li><strong>das 34 Liter Modell ist zudem mit einem wasserdichtem, seitlichen RV ausgestattet --> direkter Zugang zum Inhalt<\/strong><\/li>\n<\/ul>\n<h3>Produktvideo<\/h3>\n<p><iframe loading=\"lazy\" title=\"BLUE ICE - DRAGONFLY\" src=\"https:\/\/www.youtube.com\/embed\/8I7T9hx91Bs?list=TLGGZ_gAXRtWc1EwODEyMjAyNQ\" width=\"65%\" height=\"65%\" frameborder=\"0\" allowfullscreen=\"allowfullscreen\"><span data-mce-type=\"bookmark\" style=\"display: inline-block; width: 0px; overflow: hidden; line-height: 0;\" class=\"mce_SELRES_start\">\ufeff<\/span><\/iframe><\/p>\n<h3>34 Liter Modell mit seitlichem RV<\/h3>\n<p>Beim Dragonfly von Blue Ice habt ihr drei verschiedene Gr\u00f6\u00dfen zur Auswahl. 18, 26 und 34 Liter.<\/p>\n<p>Beim gr\u00f6\u00dften Volumen unterscheidet sich die Bauweise ein klein wenig. Denn da hat der Bag seitlich einen wasserdichten Rei\u00dfverschluss.<\/p>\n<p>Somit habt ihr immer sofort Zugang zum Inhalt, ohne den Deckel \u00f6ffnen zu m\u00fcssen!<\/p>\n<p><a href=\"https:\/\/bolting.eu\/wp-content\/uploads\/2025\/12\/Blue-Ice-Dragonfly-1.jpg\"><img loading=\"lazy\" decoding=\"async\" class=\"alignnone size-full wp-image-35640\" src=\"https:\/\/bolting.eu\/wp-content\/uploads\/2025\/12\/Blue-Ice-Dragonfly-1.jpg\" alt=\"Seitlicher Rei\u00dfverschluss eines Blue Ice Kletterrucksacks.\" width=\"700\" height=\"700\" srcset=\"https:\/\/bolting.eu\/wp-content\/uploads\/2025\/12\/Blue-Ice-Dragonfly-1.jpg 700w, https:\/\/bolting.eu\/wp-content\/uploads\/2025\/12\/Blue-Ice-Dragonfly-1-400x400.jpg 400w, https:\/\/bolting.eu\/wp-content\/uploads\/2025\/12\/Blue-Ice-Dragonfly-1-280x280.jpg 280w, https:\/\/bolting.eu\/wp-content\/uploads\/2025\/12\/Blue-Ice-Dragonfly-1-247x247.jpg 247w, https:\/\/bolting.eu\/wp-content\/uploads\/2025\/12\/Blue-Ice-Dragonfly-1-510x510.jpg 510w, https:\/\/bolting.eu\/wp-content\/uploads\/2025\/12\/Blue-Ice-Dragonfly-1-100x100.jpg 100w\" sizes=\"auto, (max-width: 700px) 100vw, 700px\" \/><\/a><\/p>\n","protected":false},"excerpt":{"rendered":"<p>Bestseller unter den Kletterrucks\u00e4cken. Extrem leicht mit vollem alpinen Funktionsumfang und mehreren Gr\u00f6\u00dfen zur Auswahl.<\/p>\n<p>Ideal f\u00fcr Guides und Allroundkletterer die leichten Alpinrucksack suchen!<\/p>\n<p>Versandkostenfrei bis 2kg in <img decoding=\"async\" class=\"emoji\" role=\"img\" draggable=\"false\" src=\"https:\/\/s.w.org\/images\/core\/emoji\/14.0.0\/svg\/1f1e6-1f1f9.svg\" alt=\"\ud83c\udde6\ud83c\uddf9\" \/> ab \u20ac 100,- und <img decoding=\"async\" class=\"emoji\" role=\"img\" draggable=\"false\" src=\"https:\/\/s.w.org\/images\/core\/emoji\/14.0.0\/svg\/1f1e9-1f1ea.svg\" alt=\"\ud83c\udde9\ud83c\uddea\" \/> ab \u20ac 200,-!<\/p>\n","protected":false},"featured_media":35632,"comment_status":"closed","ping_status":"closed","template":"","meta":[],"product_brand":[],"product_cat":[14459,29,4809],"product_tag":[],"class_list":{"0":"post-35625","1":"product","2":"type-product","3":"status-publish","4":"has-post-thumbnail","6":"product_cat-blue-ice","7":"product_cat-kletterausruestung","8":"product_cat-kletterrucksack","10":"first","11":"instock","12":"taxable","13":"shipping-taxable","14":"purchasable","15":"product-type-variable","16":"has-default-attributes"},"yoast_head":"<!-- This site is optimized with the Yoast SEO Premium plugin v26.9 (Yoast SEO v26.9) - https:\/\/yoast.com\/product\/yoast-seo-premium-wordpress\/ -->\n<title>Blue Ice Dragonfly - Alpinrucksack | bolting.eu<\/title>\n<meta name=\"description\" content=\"Blue Ice Dragonfly Kletterrucksack beim Kletterprofi kaufen \u2705 Trusted Shops \u2705 kostenloser Versand* \u2705 14 Tage R\u00fcckgaberecht \u2705 Co2 neutraler Versand\" \/>\n<meta name=\"robots\" content=\"index, follow, max-snippet:-1, max-image-preview:large, max-video-preview:-1\" \/>\n<link rel=\"canonical\" href=\"https:\/\/bolting.eu\/en\/shop\/blue-ice-dragonfly\/\" \/>\n<meta property=\"og:locale\" content=\"en_US\" \/>\n<meta property=\"og:type\" content=\"article\" \/>\n<meta property=\"og:title\" content=\"Blue Ice Dragonfly\" \/>\n<meta property=\"og:description\" content=\"Blue Ice Dragonfly Kletterrucksack beim Kletterprofi kaufen \u2705 Trusted Shops \u2705 kostenloser Versand* \u2705 14 Tage R\u00fcckgaberecht \u2705 Co2 neutraler Versand\" \/>\n<meta property=\"og:url\" content=\"https:\/\/bolting.eu\/en\/shop\/blue-ice-dragonfly\/\" \/>\n<meta property=\"og:site_name\" content=\"bolting.eu\" \/>\n<meta property=\"article:publisher\" content=\"https:\/\/www.facebook.com\/bolting.eu\" \/>\n<meta property=\"article:modified_time\" content=\"2025-12-08T17:49:52+00:00\" \/>\n<meta property=\"og:image\" content=\"https:\/\/bolting.eu\/wp-content\/uploads\/2025\/12\/Blue-Ice-Dragonfly-5.jpg\" \/>\n\t<meta property=\"og:image:width\" content=\"700\" \/>\n\t<meta property=\"og:image:height\" content=\"700\" \/>\n\t<meta property=\"og:image:type\" content=\"image\/jpeg\" \/>\n<meta name=\"twitter:card\" content=\"summary_large_image\" \/>\n<meta name=\"twitter:label1\" content=\"Availability\" \/>\n\t<meta name=\"twitter:data1\" content=\"In stock\" \/>\n<script type=\"application\/ld+json\" class=\"yoast-schema-graph\">{\"@context\":\"https:\/\/schema.org\",\"@graph\":[{\"@type\":[\"WebPage\",\"ItemPage\"],\"@id\":\"https:\/\/bolting.eu\/en\/shop\/blue-ice-dragonfly\/\",\"url\":\"https:\/\/bolting.eu\/en\/shop\/blue-ice-dragonfly\/\",\"name\":\"Blue Ice Dragonfly - Alpinrucksack | bolting.eu\",\"isPartOf\":{\"@id\":\"https:\/\/bolting.eu\/en\/#website\"},\"primaryImageOfPage\":{\"@id\":\"https:\/\/bolting.eu\/en\/shop\/blue-ice-dragonfly\/#primaryimage\"},\"image\":{\"@id\":\"https:\/\/bolting.eu\/en\/shop\/blue-ice-dragonfly\/#primaryimage\"},\"thumbnailUrl\":\"https:\/\/bolting.eu\/wp-content\/uploads\/2025\/12\/Blue-Ice-Dragonfly-5.jpg\",\"datePublished\":\"2025-12-08T17:01:02+00:00\",\"dateModified\":\"2025-12-08T17:49:52+00:00\",\"description\":\"Blue Ice Dragonfly Kletterrucksack beim Kletterprofi kaufen \u2705 Trusted Shops \u2705 kostenloser Versand* \u2705 14 Tage R\u00fcckgaberecht \u2705 Co2 neutraler Versand\",\"breadcrumb\":{\"@id\":\"https:\/\/bolting.eu\/en\/shop\/blue-ice-dragonfly\/#breadcrumb\"},\"inLanguage\":\"en-US\",\"potentialAction\":[{\"@type\":\"ReadAction\",\"target\":[\"https:\/\/bolting.eu\/en\/shop\/blue-ice-dragonfly\/\"]}]},{\"@type\":\"ImageObject\",\"inLanguage\":\"en-US\",\"@id\":\"https:\/\/bolting.eu\/en\/shop\/blue-ice-dragonfly\/#primaryimage\",\"url\":\"https:\/\/bolting.eu\/wp-content\/uploads\/2025\/12\/Blue-Ice-Dragonfly-5.jpg\",\"contentUrl\":\"https:\/\/bolting.eu\/wp-content\/uploads\/2025\/12\/Blue-Ice-Dragonfly-5.jpg\",\"width\":700,\"height\":700,\"caption\":\"Hellblauer Blue Ice Dragonfly Kletterrucksack von der Seite.\"},{\"@type\":\"BreadcrumbList\",\"@id\":\"https:\/\/bolting.eu\/en\/shop\/blue-ice-dragonfly\/#breadcrumb\",\"itemListElement\":[{\"@type\":\"ListItem\",\"position\":1,\"name\":\"Shop\",\"item\":\"https:\/\/bolting.eu\/en\/shop\/\"},{\"@type\":\"ListItem\",\"position\":2,\"name\":\"climbing equipment\",\"item\":\"https:\/\/bolting.eu\/en\/produkt-kategorie\/climbing-equipment\/\"},{\"@type\":\"ListItem\",\"position\":3,\"name\":\"Kletterrucksack\",\"item\":\"https:\/\/bolting.eu\/produkt-kategorie\/kletterausruestung\/kletterrucksack\/\"},{\"@type\":\"ListItem\",\"position\":4,\"name\":\"Blue Ice Dragonfly\"}]},{\"@type\":\"WebSite\",\"@id\":\"https:\/\/bolting.eu\/en\/#website\",\"url\":\"https:\/\/bolting.eu\/en\/\",\"name\":\"bolting.eu\",\"description\":\"we make climbs happen\",\"publisher\":{\"@id\":\"https:\/\/bolting.eu\/en\/#organization\"},\"potentialAction\":[{\"@type\":\"SearchAction\",\"target\":{\"@type\":\"EntryPoint\",\"urlTemplate\":\"https:\/\/bolting.eu\/en\/?s={search_term_string}\"},\"query-input\":{\"@type\":\"PropertyValueSpecification\",\"valueRequired\":true,\"valueName\":\"search_term_string\"}}],\"inLanguage\":\"en-US\"},{\"@type\":[\"Organization\",\"Place\",\"SportingGoodsStore\"],\"@id\":\"https:\/\/bolting.eu\/en\/#organization\",\"name\":\"bolting.eu\",\"url\":\"https:\/\/bolting.eu\/en\/\",\"logo\":{\"@id\":\"https:\/\/bolting.eu\/en\/shop\/blue-ice-dragonfly\/#local-main-organization-logo\"},\"image\":{\"@id\":\"https:\/\/bolting.eu\/en\/shop\/blue-ice-dragonfly\/#local-main-organization-logo\"},\"sameAs\":[\"https:\/\/www.facebook.com\/bolting.eu\",\"https:\/\/www.instagram.com\/bolting.eu\/\"],\"address\":{\"@id\":\"https:\/\/bolting.eu\/en\/shop\/blue-ice-dragonfly\/#local-main-place-address\"},\"geo\":{\"@type\":\"GeoCoordinates\",\"latitude\":\"47.264176340396226\",\"longitude\":\"11.380109057672346\"},\"telephone\":[\"+43 699 19083372\"],\"openingHoursSpecification\":[{\"@type\":\"OpeningHoursSpecification\",\"dayOfWeek\":[\"Monday\",\"Wednesday\",\"Friday\"],\"opens\":\"14:00\",\"closes\":\"18:00\"},{\"@type\":\"OpeningHoursSpecification\",\"dayOfWeek\":[\"Tuesday\",\"Thursday\",\"Saturday\",\"Sunday\"],\"opens\":\"00:00\",\"closes\":\"00:00\"}],\"email\":\"office@bolting.eu\",\"vatID\":\"ATU59999728\",\"priceRange\":\"$$\",\"currenciesAccepted\":\"Euro\"},{\"@type\":\"PostalAddress\",\"@id\":\"https:\/\/bolting.eu\/en\/shop\/blue-ice-dragonfly\/#local-main-place-address\",\"streetAddress\":\"Fischnalerstra\u00dfe 4\",\"addressLocality\":\"Innsbruck\",\"postalCode\":\"6020\",\"addressRegion\":\"Tirol\",\"addressCountry\":\"AT\"},{\"@type\":\"ImageObject\",\"inLanguage\":\"en-US\",\"@id\":\"https:\/\/bolting.eu\/en\/shop\/blue-ice-dragonfly\/#local-main-organization-logo\",\"url\":\"https:\/\/bolting.eu\/wp-content\/uploads\/2019\/09\/bolting-logo.png\",\"contentUrl\":\"https:\/\/bolting.eu\/wp-content\/uploads\/2019\/09\/bolting-logo.png\",\"width\":400,\"height\":211,\"caption\":\"bolting.eu\"}]}<\/script>\n<meta property=\"og:video\" content=\"https:\/\/www.youtube.com\/embed\/8I7T9hx91Bs\" \/>\n<meta property=\"og:video:type\" content=\"text\/html\" \/>\n<meta property=\"og:video:duration\" content=\"200\" \/>\n<meta property=\"og:video:width\" content=\"480\" \/>\n<meta property=\"og:video:height\" content=\"270\" \/>\n<meta property=\"ya:ovs:adult\" content=\"false\" \/>\n<meta property=\"ya:ovs:upload_date\" content=\"2025-12-08T17:01:02+00:00\" \/>\n<meta property=\"ya:ovs:allow_embed\" content=\"true\" \/>\n<meta property=\"og:availability\" content=\"instock\" \/>\n<meta property=\"product:availability\" content=\"instock\" \/>\n<meta property=\"product:retailer_item_id\" content=\"100492_PRL_SNA-1-1\" \/>\n<meta property=\"product:condition\" content=\"new\" \/>\n<meta name=\"geo.placename\" content=\"Innsbruck\" \/>\n<meta name=\"geo.position\" content=\"47.264176340396226;11.380109057672346\" \/>\n<meta name=\"geo.region\" content=\"Austria\" \/>\n<!-- \/ Yoast SEO Premium plugin. -->","yoast_head_json":{"title":"Blue Ice Dragonfly - Alpinrucksack | bolting.eu","description":"Blue Ice Dragonfly Kletterrucksack beim Kletterprofi kaufen \u2705 Trusted Shops \u2705 kostenloser Versand* \u2705 14 Tage R\u00fcckgaberecht \u2705 Co2 neutraler Versand","robots":{"index":"index","follow":"follow","max-snippet":"max-snippet:-1","max-image-preview":"max-image-preview:large","max-video-preview":"max-video-preview:-1"},"canonical":"https:\/\/bolting.eu\/en\/shop\/blue-ice-dragonfly\/","og_locale":"en_US","og_type":"article","og_title":"Blue Ice Dragonfly","og_description":"Blue Ice Dragonfly Kletterrucksack beim Kletterprofi kaufen \u2705 Trusted Shops \u2705 kostenloser Versand* \u2705 14 Tage R\u00fcckgaberecht \u2705 Co2 neutraler Versand","og_url":"https:\/\/bolting.eu\/en\/shop\/blue-ice-dragonfly\/","og_site_name":"bolting.eu","article_publisher":"https:\/\/www.facebook.com\/bolting.eu","article_modified_time":"2025-12-08T17:49:52+00:00","og_image":[{"width":700,"height":700,"url":"https:\/\/bolting.eu\/wp-content\/uploads\/2025\/12\/Blue-Ice-Dragonfly-5.jpg","type":"image\/jpeg"}],"twitter_card":"summary_large_image","twitter_misc":{"Availability":"In stock"},"schema":{"@context":"https:\/\/schema.org","@graph":[{"@type":["WebPage","ItemPage"],"@id":"https:\/\/bolting.eu\/en\/shop\/blue-ice-dragonfly\/","url":"https:\/\/bolting.eu\/en\/shop\/blue-ice-dragonfly\/","name":"Blue Ice Dragonfly - Alpinrucksack | bolting.eu","isPartOf":{"@id":"https:\/\/bolting.eu\/en\/#website"},"primaryImageOfPage":{"@id":"https:\/\/bolting.eu\/en\/shop\/blue-ice-dragonfly\/#primaryimage"},"image":{"@id":"https:\/\/bolting.eu\/en\/shop\/blue-ice-dragonfly\/#primaryimage"},"thumbnailUrl":"https:\/\/bolting.eu\/wp-content\/uploads\/2025\/12\/Blue-Ice-Dragonfly-5.jpg","datePublished":"2025-12-08T17:01:02+00:00","dateModified":"2025-12-08T17:49:52+00:00","description":"Blue Ice Dragonfly Kletterrucksack beim Kletterprofi kaufen \u2705 Trusted Shops \u2705 kostenloser Versand* \u2705 14 Tage R\u00fcckgaberecht \u2705 Co2 neutraler Versand","breadcrumb":{"@id":"https:\/\/bolting.eu\/en\/shop\/blue-ice-dragonfly\/#breadcrumb"},"inLanguage":"en-US","potentialAction":[{"@type":"ReadAction","target":["https:\/\/bolting.eu\/en\/shop\/blue-ice-dragonfly\/"]}]},{"@type":"ImageObject","inLanguage":"en-US","@id":"https:\/\/bolting.eu\/en\/shop\/blue-ice-dragonfly\/#primaryimage","url":"https:\/\/bolting.eu\/wp-content\/uploads\/2025\/12\/Blue-Ice-Dragonfly-5.jpg","contentUrl":"https:\/\/bolting.eu\/wp-content\/uploads\/2025\/12\/Blue-Ice-Dragonfly-5.jpg","width":700,"height":700,"caption":"Hellblauer Blue Ice Dragonfly Kletterrucksack von der Seite."},{"@type":"BreadcrumbList","@id":"https:\/\/bolting.eu\/en\/shop\/blue-ice-dragonfly\/#breadcrumb","itemListElement":[{"@type":"ListItem","position":1,"name":"Shop","item":"https:\/\/bolting.eu\/en\/shop\/"},{"@type":"ListItem","position":2,"name":"climbing equipment","item":"https:\/\/bolting.eu\/en\/produkt-kategorie\/climbing-equipment\/"},{"@type":"ListItem","position":3,"name":"Kletterrucksack","item":"https:\/\/bolting.eu\/produkt-kategorie\/kletterausruestung\/kletterrucksack\/"},{"@type":"ListItem","position":4,"name":"Blue Ice Dragonfly"}]},{"@type":"WebSite","@id":"https:\/\/bolting.eu\/en\/#website","url":"https:\/\/bolting.eu\/en\/","name":"bolting.eu","description":"we make climbs happen","publisher":{"@id":"https:\/\/bolting.eu\/en\/#organization"},"potentialAction":[{"@type":"SearchAction","target":{"@type":"EntryPoint","urlTemplate":"https:\/\/bolting.eu\/en\/?s={search_term_string}"},"query-input":{"@type":"PropertyValueSpecification","valueRequired":true,"valueName":"search_term_string"}}],"inLanguage":"en-US"},{"@type":["Organization","Place","SportingGoodsStore"],"@id":"https:\/\/bolting.eu\/en\/#organization","name":"bolting.eu","url":"https:\/\/bolting.eu\/en\/","logo":{"@id":"https:\/\/bolting.eu\/en\/shop\/blue-ice-dragonfly\/#local-main-organization-logo"},"image":{"@id":"https:\/\/bolting.eu\/en\/shop\/blue-ice-dragonfly\/#local-main-organization-logo"},"sameAs":["https:\/\/www.facebook.com\/bolting.eu","https:\/\/www.instagram.com\/bolting.eu\/"],"address":{"@id":"https:\/\/bolting.eu\/en\/shop\/blue-ice-dragonfly\/#local-main-place-address"},"geo":{"@type":"GeoCoordinates","latitude":"47.264176340396226","longitude":"11.380109057672346"},"telephone":["+43 699 19083372"],"openingHoursSpecification":[{"@type":"OpeningHoursSpecification","dayOfWeek":["Monday","Wednesday","Friday"],"opens":"14:00","closes":"18:00"},{"@type":"OpeningHoursSpecification","dayOfWeek":["Tuesday","Thursday","Saturday","Sunday"],"opens":"00:00","closes":"00:00"}],"email":"office@bolting.eu","vatID":"ATU59999728","priceRange":"$$","currenciesAccepted":"Euro"},{"@type":"PostalAddress","@id":"https:\/\/bolting.eu\/en\/shop\/blue-ice-dragonfly\/#local-main-place-address","streetAddress":"Fischnalerstra\u00dfe 4","addressLocality":"Innsbruck","postalCode":"6020","addressRegion":"Tirol","addressCountry":"AT"},{"@type":"ImageObject","inLanguage":"en-US","@id":"https:\/\/bolting.eu\/en\/shop\/blue-ice-dragonfly\/#local-main-organization-logo","url":"https:\/\/bolting.eu\/wp-content\/uploads\/2019\/09\/bolting-logo.png","contentUrl":"https:\/\/bolting.eu\/wp-content\/uploads\/2019\/09\/bolting-logo.png","width":400,"height":211,"caption":"bolting.eu"}]},"og_video":"https:\/\/www.youtube.com\/embed\/8I7T9hx91Bs","og_video_type":"text\/html","og_video_duration":"200","og_video_width":"480","og_video_height":"270","ya_ovs_adult":"false","ya_ovs_upload_date":"2025-12-08T17:01:02+00:00","ya_ovs_allow_embed":"true","og_availability":"instock","product_availability":"instock","product_retailer_item_id":"100492_PRL_SNA-1-1","product_condition":"new","geo.placename":"Innsbruck","geo.position":{"lat":"47.264176340396226","long":"11.380109057672346"},"geo.region":"Austria"},"_links":{"self":[{"href":"https:\/\/bolting.eu\/en\/wp-json\/wp\/v2\/product\/35625","targetHints":{"allow":["GET"]}}],"collection":[{"href":"https:\/\/bolting.eu\/en\/wp-json\/wp\/v2\/product"}],"about":[{"href":"https:\/\/bolting.eu\/en\/wp-json\/wp\/v2\/types\/product"}],"replies":[{"embeddable":true,"href":"https:\/\/bolting.eu\/en\/wp-json\/wp\/v2\/comments?post=35625"}],"wp:featuredmedia":[{"embeddable":true,"href":"https:\/\/bolting.eu\/en\/wp-json\/wp\/v2\/media\/35632"}],"wp:attachment":[{"href":"https:\/\/bolting.eu\/en\/wp-json\/wp\/v2\/media?parent=35625"}],"wp:term":[{"taxonomy":"product_brand","embeddable":true,"href":"https:\/\/bolting.eu\/en\/wp-json\/wp\/v2\/product_brand?post=35625"},{"taxonomy":"product_cat","embeddable":true,"href":"https:\/\/bolting.eu\/en\/wp-json\/wp\/v2\/product_cat?post=35625"},{"taxonomy":"product_tag","embeddable":true,"href":"https:\/\/bolting.eu\/en\/wp-json\/wp\/v2\/product_tag?post=35625"}],"curies":[{"name":"wp","href":"https:\/\/api.w.org\/{rel}","templated":true}]}}