{"id":3561,"date":"2020-05-28T12:58:08","date_gmt":"2020-05-28T10:58:08","guid":{"rendered":"https:\/\/bolting.eu\/?post_type=product&#038;p=3561"},"modified":"2025-06-12T19:55:26","modified_gmt":"2025-06-12T17:55:26","slug":"stahlkarabiner-stubai-super-5000","status":"publish","type":"product","link":"https:\/\/bolting.eu\/en\/shop\/stahlkarabiner-stubai-super-5000\/","title":{"rendered":"Stahlkarabiner Stubai Super 5000"},"content":{"rendered":"<p>Der Stahlkarabiner Stubai Super 5000 ist ein Schwerlastkarabiner. Denn der <a href=\"https:\/\/bolting.eu\/produkt-kategorie\/karabiner-kletterkarabiner\/\">Karabiner<\/a> hat eine Bruchlast von 5.000 kg bzw. 50kN. Zudem sorgt die gro\u00dfe Karabiner\u00f6ffnung mit Schraubverschluss f\u00fcr ein leichtes &#8220;Beladen&#8221;. Folglich machen diese Eigenschaft das Produkt in vielen Bereichen sehr beliebt.<\/p>\n<p>Erstens im alpinen Bereich wenn es um gro\u00dfe Sicherheitsreserven geht. Beispielsweise bei Flying Fox Bahnen oder bei Bergrettungseins\u00e4tzen mit gro\u00dfen Winden.<\/p>\n<p>Zweitens kaufen bei uns immer mehr Slackliner diesen 50 kN Karabiner. Denn er hat entsprechend mehr Sicherheitsreserven als Aluminium Modelle.<\/p>\n<p>Drittens haben wir auch viele K\u00e4ufer aus dem Bereich der Forst-, Land- und Bauwirtschaft. Denn dieser Schwerlastkarabiner bringt einfach nichts um. Zudem lassen sich sowohl Lastengurte als auch Drahtseile perfekt einklinken.<\/p>\n<h2>Eigenschaften Stubai Super 5000<\/h2>\n<ul>\n<li>Hersteller: <a href=\"https:\/\/bolting.eu\/produkt-kategorie\/stubai-bergsport\/\">Stubai Bergsport<\/a><\/li>\n<li>Material: verzinkter Stahl<\/li>\n<li><a href=\"https:\/\/bolting.eu\/bruchlast-karabiner\/\">Bruchlast Karabiner<\/a> geschlossen: 50 kN = 5.000kg<\/li>\n<li>Bruchlast quer: 10 kN<\/li>\n<li>Bruchlast offen: 35kN<\/li>\n<li>Breite Schnapper\u00f6ffnung: 15mm<\/li>\n<li>Gewicht: 245 gramm<\/li>\n<li>Ma\u00dfe: 116 x 60mm<\/li>\n<li>Normen: <a href=\"https:\/\/bolting.eu\/en-362-norm\/\">EN 362<\/a>, <a href=\"https:\/\/bolting.eu\/en-12275-norm\/\">EN 12275<\/a>, UIAA 121<\/li>\n<\/ul>\n<h3>Arbeitstier Stahlkarabiner Stubai Super 5000<\/h3>\n<p>Dieses Produkt gibt es bereits \u00fcber 15 Jahre. Und das aus gutem Grund. Denn der Schwerlastkarabiner hat sich einfach super am Markt bew\u00e4hrt. Zum einen ist seine Form und Dicke auch seine gr\u00f6\u00dfte St\u00e4rke. Denn mit 5.000 kg Bruchlast bietet er einfach enorme Sicherheitsreserven. Und zwar dann wenn darauf ankommt!<\/p>\n<p>Zum anderen punktet er mit seiner D-Form. In den steilen Schenkelwinkel finden Stahlseile und Lastengurte sofort die ideale Position. D.h. einmal unter Last, gibt es kein Verrutschen mehr!<\/p>\n<h3>Extrem langlebig<\/h3>\n<p>Der Stahlkarabiner Stubai Super 5000 ist extrem langlebig. Zum einen wegen der hohen Qualit\u00e4t des verzinkten Stahl. Zum anderen weil er eben so massiv gebaut ist. Folglich h\u00e4lt er bei normaler Verwendung viele Jahre enormen Belastungen stand. Da er bei offenem Schnapper immer noch 35kN aush\u00e4lt, gibt es auch ganz selten ein unabsichtliches Verbiegen unter Last. Kurzum: der Anschaffungspreis von \u20ac 26,90 ist hier gut investiert!<\/p>\n<h3>Austausch Stahlkarabiner Stubai Super 5000<\/h3>\n<p>Die Gebrauchsfrist dieses Karabiners ist mit 15 Jahren angegeben. Sollte er keine sichtbaren Sch\u00e4den aufweisen, kann er tats\u00e4chlich so lange verwendet werden.<\/p>\n<p>Ihr m\u00fcsst diesen Schwerlastkarabiner aber nat\u00fcrlich regelm\u00e4\u00dfig kontrollieren. So wie alle Karabiner! \u00dcberpr\u00fcft regelm\u00e4\u00dfig haptisch und optisch ob er in Ordnung ist.<\/p>\n<h3>Warnhinweis<\/h3>\n<p>Achtung! Wer den Stahlkarabiner Stubai Super 5000 bei vielen unterschiedlichen Arbeiten verwendet. Solltet ihr mit Drahtseilen, div. Laschen etc. Kerben auf der Innenseite des Karabiners verursachen. Dann m\u00fcsst ihr f\u00fcr die Verwendung von <a href=\"https:\/\/bolting.eu\/produkt-kategorie\/bandschlinge\/\">Bandschlingen<\/a> und Gurten einen ungebrauchten Karabiner verwenden. Denn die B\u00e4nder k\u00f6nnen sonst an dieser Stelle abgetrennt werden!<\/p>\n<p>Wer sehr breite B\u00e4nder verwendet, dem empfehlen wir Stahlkarabiner mit breiten Schenkeln.<\/p>\n<p>Link Tipp: <a href=\"https:\/\/www.stubai-sports.com\/\" target=\"_blank\" rel=\"noopener noreferrer\">zum Hersteller<\/a><\/p>\n","protected":false},"excerpt":{"rendered":"<ul>\n<li>Hersteller: Stubai Bergsport<\/li>\n<li>Material: verzinkter Stahl<\/li>\n<li>Bruchlast geschlossen: 50 kN = 5.000kg<\/li>\n<li>Bruchlast quer: 10 kN<\/li>\n<li>Bruchlast offen: 35kN<\/li>\n<li>Breite Schnapper\u00f6ffnung: 15mm<\/li>\n<li>Gewicht: 245 gramm<\/li>\n<li>Ma\u00dfe: 116 x 60mm<\/li>\n<li>Normen: EN 362, EN 12275, UIAA 121<\/li>\n<\/ul>\n","protected":false},"featured_media":3562,"comment_status":"open","ping_status":"closed","template":"","meta":[],"product_brand":[],"product_cat":[3003,3009,44,4650],"product_tag":[],"class_list":{"0":"post-3561","1":"product","2":"type-product","3":"status-publish","4":"has-post-thumbnail","6":"product_cat-stahlkarabiner","7":"product_cat-schraubkarabiner","8":"product_cat-kletterkarabiner","9":"product_cat-stubai-bergsport","11":"first","12":"outofstock","13":"sale","14":"taxable","15":"shipping-taxable","16":"purchasable","17":"product-type-simple"},"yoast_head":"<!-- This site is optimized with the Yoast SEO Premium plugin v26.9 (Yoast SEO v26.9) - https:\/\/yoast.com\/product\/yoast-seo-premium-wordpress\/ -->\n<title>Stahlkarabiner Stubai Super 5000 - jetzt online kaufen bei bolting.eu<\/title>\n<meta name=\"description\" content=\"Hier findest Du den Stahlkarabiner STUBAI SUPER 5000. Einen massiven Schwerlastkarabiner mit 50 kN = 5.000 kg Bruchlast. Ein Produkt von Stubai aus \ud83c\udde6\ud83c\uddf9!\" \/>\n<meta name=\"robots\" content=\"index, follow, max-snippet:-1, max-image-preview:large, max-video-preview:-1\" \/>\n<link rel=\"canonical\" href=\"https:\/\/bolting.eu\/en\/shop\/stahlkarabiner-stubai-super-5000\/\" \/>\n<meta property=\"og:locale\" content=\"en_US\" \/>\n<meta property=\"og:type\" content=\"article\" \/>\n<meta property=\"og:title\" content=\"Stahlkarabiner Stubai Super 5000\" \/>\n<meta property=\"og:description\" content=\"Hier findest Du den Stahlkarabiner STUBAI SUPER 5000. Einen massiven Schwerlastkarabiner mit 50 kN = 5.000 kg Bruchlast. Ein Produkt von Stubai aus \ud83c\udde6\ud83c\uddf9!\" \/>\n<meta property=\"og:url\" content=\"https:\/\/bolting.eu\/en\/shop\/stahlkarabiner-stubai-super-5000\/\" \/>\n<meta property=\"og:site_name\" content=\"bolting.eu\" \/>\n<meta property=\"article:publisher\" content=\"https:\/\/www.facebook.com\/bolting.eu\" \/>\n<meta property=\"article:modified_time\" content=\"2025-06-12T17:55:26+00:00\" \/>\n<meta property=\"og:image\" content=\"https:\/\/bolting.eu\/wp-content\/uploads\/2020\/05\/Stahlkarabiner-Stubai-Super-5000.jpg\" \/>\n\t<meta property=\"og:image:width\" content=\"700\" \/>\n\t<meta property=\"og:image:height\" content=\"700\" \/>\n\t<meta property=\"og:image:type\" content=\"image\/jpeg\" \/>\n<meta name=\"twitter:card\" content=\"summary_large_image\" \/>\n<meta name=\"twitter:label1\" content=\"Price\" \/>\n\t<meta name=\"twitter:data1\" content=\"&euro;&nbsp;24,90\" \/>\n\t<meta name=\"twitter:label2\" content=\"Availability\" \/>\n\t<meta name=\"twitter:data2\" content=\"Out of stock\" \/>\n<script type=\"application\/ld+json\" class=\"yoast-schema-graph\">{\"@context\":\"https:\/\/schema.org\",\"@graph\":[{\"@type\":[\"WebPage\",\"ItemPage\"],\"@id\":\"https:\/\/bolting.eu\/en\/shop\/stahlkarabiner-stubai-super-5000\/\",\"url\":\"https:\/\/bolting.eu\/en\/shop\/stahlkarabiner-stubai-super-5000\/\",\"name\":\"Stahlkarabiner Stubai Super 5000 - jetzt online kaufen bei bolting.eu\",\"isPartOf\":{\"@id\":\"https:\/\/bolting.eu\/en\/#website\"},\"primaryImageOfPage\":{\"@id\":\"https:\/\/bolting.eu\/en\/shop\/stahlkarabiner-stubai-super-5000\/#primaryimage\"},\"image\":{\"@id\":\"https:\/\/bolting.eu\/en\/shop\/stahlkarabiner-stubai-super-5000\/#primaryimage\"},\"thumbnailUrl\":\"https:\/\/bolting.eu\/wp-content\/uploads\/2020\/05\/Stahlkarabiner-Stubai-Super-5000.jpg\",\"datePublished\":\"2020-05-28T10:58:08+00:00\",\"dateModified\":\"2025-06-12T17:55:26+00:00\",\"description\":\"Hier findest Du den Stahlkarabiner STUBAI SUPER 5000. Einen massiven Schwerlastkarabiner mit 50 kN = 5.000 kg Bruchlast. Ein Produkt von Stubai aus \ud83c\udde6\ud83c\uddf9!\",\"breadcrumb\":{\"@id\":\"https:\/\/bolting.eu\/en\/shop\/stahlkarabiner-stubai-super-5000\/#breadcrumb\"},\"inLanguage\":\"en-US\",\"potentialAction\":[{\"@type\":\"ReadAction\",\"target\":[\"https:\/\/bolting.eu\/en\/shop\/stahlkarabiner-stubai-super-5000\/\"]}]},{\"@type\":\"ImageObject\",\"inLanguage\":\"en-US\",\"@id\":\"https:\/\/bolting.eu\/en\/shop\/stahlkarabiner-stubai-super-5000\/#primaryimage\",\"url\":\"https:\/\/bolting.eu\/wp-content\/uploads\/2020\/05\/Stahlkarabiner-Stubai-Super-5000.jpg\",\"contentUrl\":\"https:\/\/bolting.eu\/wp-content\/uploads\/2020\/05\/Stahlkarabiner-Stubai-Super-5000.jpg\",\"width\":700,\"height\":700,\"caption\":\"Das Bild zeigt den Stahlkarabiner Stubai Super 5000. Der silberne Schwerlastkarabiner ist aufrecht in Bildmitte zu sehen, mit der Schnapper\u00f6ffnung nach rechts.\"},{\"@type\":\"BreadcrumbList\",\"@id\":\"https:\/\/bolting.eu\/en\/shop\/stahlkarabiner-stubai-super-5000\/#breadcrumb\",\"itemListElement\":[{\"@type\":\"ListItem\",\"position\":1,\"name\":\"Shop\",\"item\":\"https:\/\/bolting.eu\/en\/shop\/\"},{\"@type\":\"ListItem\",\"position\":2,\"name\":\"climbing equipment\",\"item\":\"https:\/\/bolting.eu\/en\/produkt-kategorie\/climbing-equipment\/\"},{\"@type\":\"ListItem\",\"position\":3,\"name\":\"Climbing carabiner\",\"item\":\"https:\/\/bolting.eu\/en\/produkt-kategorie\/climbing-carabiner\/\"},{\"@type\":\"ListItem\",\"position\":4,\"name\":\"Steel carabiner\",\"item\":\"https:\/\/bolting.eu\/en\/produkt-kategorie\/steel-carabiner\/\"},{\"@type\":\"ListItem\",\"position\":5,\"name\":\"Stahlkarabiner Stubai Super 5000\"}]},{\"@type\":\"WebSite\",\"@id\":\"https:\/\/bolting.eu\/en\/#website\",\"url\":\"https:\/\/bolting.eu\/en\/\",\"name\":\"bolting.eu\",\"description\":\"we make climbs happen\",\"publisher\":{\"@id\":\"https:\/\/bolting.eu\/en\/#organization\"},\"potentialAction\":[{\"@type\":\"SearchAction\",\"target\":{\"@type\":\"EntryPoint\",\"urlTemplate\":\"https:\/\/bolting.eu\/en\/?s={search_term_string}\"},\"query-input\":{\"@type\":\"PropertyValueSpecification\",\"valueRequired\":true,\"valueName\":\"search_term_string\"}}],\"inLanguage\":\"en-US\"},{\"@type\":[\"Organization\",\"Place\",\"SportingGoodsStore\"],\"@id\":\"https:\/\/bolting.eu\/en\/#organization\",\"name\":\"bolting.eu\",\"url\":\"https:\/\/bolting.eu\/en\/\",\"logo\":{\"@id\":\"https:\/\/bolting.eu\/en\/shop\/stahlkarabiner-stubai-super-5000\/#local-main-organization-logo\"},\"image\":{\"@id\":\"https:\/\/bolting.eu\/en\/shop\/stahlkarabiner-stubai-super-5000\/#local-main-organization-logo\"},\"sameAs\":[\"https:\/\/www.facebook.com\/bolting.eu\",\"https:\/\/www.instagram.com\/bolting.eu\/\"],\"address\":{\"@id\":\"https:\/\/bolting.eu\/en\/shop\/stahlkarabiner-stubai-super-5000\/#local-main-place-address\"},\"geo\":{\"@type\":\"GeoCoordinates\",\"latitude\":\"47.264176340396226\",\"longitude\":\"11.380109057672346\"},\"telephone\":[\"+43 699 19083372\"],\"openingHoursSpecification\":[{\"@type\":\"OpeningHoursSpecification\",\"dayOfWeek\":[\"Monday\",\"Wednesday\",\"Friday\"],\"opens\":\"14:00\",\"closes\":\"18:00\"},{\"@type\":\"OpeningHoursSpecification\",\"dayOfWeek\":[\"Tuesday\",\"Thursday\",\"Saturday\",\"Sunday\"],\"opens\":\"00:00\",\"closes\":\"00:00\"}],\"email\":\"office@bolting.eu\",\"vatID\":\"ATU59999728\",\"priceRange\":\"$$\",\"currenciesAccepted\":\"Euro\"},{\"@type\":\"PostalAddress\",\"@id\":\"https:\/\/bolting.eu\/en\/shop\/stahlkarabiner-stubai-super-5000\/#local-main-place-address\",\"streetAddress\":\"Fischnalerstra\u00dfe 4\",\"addressLocality\":\"Innsbruck\",\"postalCode\":\"6020\",\"addressRegion\":\"Tirol\",\"addressCountry\":\"AT\"},{\"@type\":\"ImageObject\",\"inLanguage\":\"en-US\",\"@id\":\"https:\/\/bolting.eu\/en\/shop\/stahlkarabiner-stubai-super-5000\/#local-main-organization-logo\",\"url\":\"https:\/\/bolting.eu\/wp-content\/uploads\/2019\/09\/bolting-logo.png\",\"contentUrl\":\"https:\/\/bolting.eu\/wp-content\/uploads\/2019\/09\/bolting-logo.png\",\"width\":400,\"height\":211,\"caption\":\"bolting.eu\"}]}<\/script>\n<meta property=\"product:price:amount\" content=\"24.90\" \/>\n<meta property=\"product:price:currency\" content=\"EUR\" \/>\n<meta property=\"og:availability\" content=\"out of stock\" \/>\n<meta property=\"product:availability\" content=\"out of stock\" \/>\n<meta property=\"product:retailer_item_id\" content=\"978001\" \/>\n<meta property=\"product:condition\" content=\"new\" \/>\n<meta name=\"geo.placename\" content=\"Innsbruck\" \/>\n<meta name=\"geo.position\" content=\"47.264176340396226;11.380109057672346\" \/>\n<meta name=\"geo.region\" content=\"Austria\" \/>\n<!-- \/ Yoast SEO Premium plugin. -->","yoast_head_json":{"title":"Stahlkarabiner Stubai Super 5000 - jetzt online kaufen bei bolting.eu","description":"Hier findest Du den Stahlkarabiner STUBAI SUPER 5000. Einen massiven Schwerlastkarabiner mit 50 kN = 5.000 kg Bruchlast. Ein Produkt von Stubai aus \ud83c\udde6\ud83c\uddf9!","robots":{"index":"index","follow":"follow","max-snippet":"max-snippet:-1","max-image-preview":"max-image-preview:large","max-video-preview":"max-video-preview:-1"},"canonical":"https:\/\/bolting.eu\/en\/shop\/stahlkarabiner-stubai-super-5000\/","og_locale":"en_US","og_type":"article","og_title":"Stahlkarabiner Stubai Super 5000","og_description":"Hier findest Du den Stahlkarabiner STUBAI SUPER 5000. Einen massiven Schwerlastkarabiner mit 50 kN = 5.000 kg Bruchlast. Ein Produkt von Stubai aus \ud83c\udde6\ud83c\uddf9!","og_url":"https:\/\/bolting.eu\/en\/shop\/stahlkarabiner-stubai-super-5000\/","og_site_name":"bolting.eu","article_publisher":"https:\/\/www.facebook.com\/bolting.eu","article_modified_time":"2025-06-12T17:55:26+00:00","og_image":[{"width":700,"height":700,"url":"https:\/\/bolting.eu\/wp-content\/uploads\/2020\/05\/Stahlkarabiner-Stubai-Super-5000.jpg","type":"image\/jpeg"}],"twitter_card":"summary_large_image","twitter_misc":{"Price":"&euro;&nbsp;24,90","Availability":"Out of stock"},"schema":{"@context":"https:\/\/schema.org","@graph":[{"@type":["WebPage","ItemPage"],"@id":"https:\/\/bolting.eu\/en\/shop\/stahlkarabiner-stubai-super-5000\/","url":"https:\/\/bolting.eu\/en\/shop\/stahlkarabiner-stubai-super-5000\/","name":"Stahlkarabiner Stubai Super 5000 - jetzt online kaufen bei bolting.eu","isPartOf":{"@id":"https:\/\/bolting.eu\/en\/#website"},"primaryImageOfPage":{"@id":"https:\/\/bolting.eu\/en\/shop\/stahlkarabiner-stubai-super-5000\/#primaryimage"},"image":{"@id":"https:\/\/bolting.eu\/en\/shop\/stahlkarabiner-stubai-super-5000\/#primaryimage"},"thumbnailUrl":"https:\/\/bolting.eu\/wp-content\/uploads\/2020\/05\/Stahlkarabiner-Stubai-Super-5000.jpg","datePublished":"2020-05-28T10:58:08+00:00","dateModified":"2025-06-12T17:55:26+00:00","description":"Hier findest Du den Stahlkarabiner STUBAI SUPER 5000. Einen massiven Schwerlastkarabiner mit 50 kN = 5.000 kg Bruchlast. Ein Produkt von Stubai aus \ud83c\udde6\ud83c\uddf9!","breadcrumb":{"@id":"https:\/\/bolting.eu\/en\/shop\/stahlkarabiner-stubai-super-5000\/#breadcrumb"},"inLanguage":"en-US","potentialAction":[{"@type":"ReadAction","target":["https:\/\/bolting.eu\/en\/shop\/stahlkarabiner-stubai-super-5000\/"]}]},{"@type":"ImageObject","inLanguage":"en-US","@id":"https:\/\/bolting.eu\/en\/shop\/stahlkarabiner-stubai-super-5000\/#primaryimage","url":"https:\/\/bolting.eu\/wp-content\/uploads\/2020\/05\/Stahlkarabiner-Stubai-Super-5000.jpg","contentUrl":"https:\/\/bolting.eu\/wp-content\/uploads\/2020\/05\/Stahlkarabiner-Stubai-Super-5000.jpg","width":700,"height":700,"caption":"Das Bild zeigt den Stahlkarabiner Stubai Super 5000. Der silberne Schwerlastkarabiner ist aufrecht in Bildmitte zu sehen, mit der Schnapper\u00f6ffnung nach rechts."},{"@type":"BreadcrumbList","@id":"https:\/\/bolting.eu\/en\/shop\/stahlkarabiner-stubai-super-5000\/#breadcrumb","itemListElement":[{"@type":"ListItem","position":1,"name":"Shop","item":"https:\/\/bolting.eu\/en\/shop\/"},{"@type":"ListItem","position":2,"name":"climbing equipment","item":"https:\/\/bolting.eu\/en\/produkt-kategorie\/climbing-equipment\/"},{"@type":"ListItem","position":3,"name":"Climbing carabiner","item":"https:\/\/bolting.eu\/en\/produkt-kategorie\/climbing-carabiner\/"},{"@type":"ListItem","position":4,"name":"Steel carabiner","item":"https:\/\/bolting.eu\/en\/produkt-kategorie\/steel-carabiner\/"},{"@type":"ListItem","position":5,"name":"Stahlkarabiner Stubai Super 5000"}]},{"@type":"WebSite","@id":"https:\/\/bolting.eu\/en\/#website","url":"https:\/\/bolting.eu\/en\/","name":"bolting.eu","description":"we make climbs happen","publisher":{"@id":"https:\/\/bolting.eu\/en\/#organization"},"potentialAction":[{"@type":"SearchAction","target":{"@type":"EntryPoint","urlTemplate":"https:\/\/bolting.eu\/en\/?s={search_term_string}"},"query-input":{"@type":"PropertyValueSpecification","valueRequired":true,"valueName":"search_term_string"}}],"inLanguage":"en-US"},{"@type":["Organization","Place","SportingGoodsStore"],"@id":"https:\/\/bolting.eu\/en\/#organization","name":"bolting.eu","url":"https:\/\/bolting.eu\/en\/","logo":{"@id":"https:\/\/bolting.eu\/en\/shop\/stahlkarabiner-stubai-super-5000\/#local-main-organization-logo"},"image":{"@id":"https:\/\/bolting.eu\/en\/shop\/stahlkarabiner-stubai-super-5000\/#local-main-organization-logo"},"sameAs":["https:\/\/www.facebook.com\/bolting.eu","https:\/\/www.instagram.com\/bolting.eu\/"],"address":{"@id":"https:\/\/bolting.eu\/en\/shop\/stahlkarabiner-stubai-super-5000\/#local-main-place-address"},"geo":{"@type":"GeoCoordinates","latitude":"47.264176340396226","longitude":"11.380109057672346"},"telephone":["+43 699 19083372"],"openingHoursSpecification":[{"@type":"OpeningHoursSpecification","dayOfWeek":["Monday","Wednesday","Friday"],"opens":"14:00","closes":"18:00"},{"@type":"OpeningHoursSpecification","dayOfWeek":["Tuesday","Thursday","Saturday","Sunday"],"opens":"00:00","closes":"00:00"}],"email":"office@bolting.eu","vatID":"ATU59999728","priceRange":"$$","currenciesAccepted":"Euro"},{"@type":"PostalAddress","@id":"https:\/\/bolting.eu\/en\/shop\/stahlkarabiner-stubai-super-5000\/#local-main-place-address","streetAddress":"Fischnalerstra\u00dfe 4","addressLocality":"Innsbruck","postalCode":"6020","addressRegion":"Tirol","addressCountry":"AT"},{"@type":"ImageObject","inLanguage":"en-US","@id":"https:\/\/bolting.eu\/en\/shop\/stahlkarabiner-stubai-super-5000\/#local-main-organization-logo","url":"https:\/\/bolting.eu\/wp-content\/uploads\/2019\/09\/bolting-logo.png","contentUrl":"https:\/\/bolting.eu\/wp-content\/uploads\/2019\/09\/bolting-logo.png","width":400,"height":211,"caption":"bolting.eu"}]},"product_price_amount":"24.90","product_price_currency":"EUR","og_availability":"out of stock","product_availability":"out of stock","product_retailer_item_id":"978001","product_condition":"new","geo.placename":"Innsbruck","geo.position":{"lat":"47.264176340396226","long":"11.380109057672346"},"geo.region":"Austria"},"_links":{"self":[{"href":"https:\/\/bolting.eu\/en\/wp-json\/wp\/v2\/product\/3561","targetHints":{"allow":["GET"]}}],"collection":[{"href":"https:\/\/bolting.eu\/en\/wp-json\/wp\/v2\/product"}],"about":[{"href":"https:\/\/bolting.eu\/en\/wp-json\/wp\/v2\/types\/product"}],"replies":[{"embeddable":true,"href":"https:\/\/bolting.eu\/en\/wp-json\/wp\/v2\/comments?post=3561"}],"wp:featuredmedia":[{"embeddable":true,"href":"https:\/\/bolting.eu\/en\/wp-json\/wp\/v2\/media\/3562"}],"wp:attachment":[{"href":"https:\/\/bolting.eu\/en\/wp-json\/wp\/v2\/media?parent=3561"}],"wp:term":[{"taxonomy":"product_brand","embeddable":true,"href":"https:\/\/bolting.eu\/en\/wp-json\/wp\/v2\/product_brand?post=3561"},{"taxonomy":"product_cat","embeddable":true,"href":"https:\/\/bolting.eu\/en\/wp-json\/wp\/v2\/product_cat?post=3561"},{"taxonomy":"product_tag","embeddable":true,"href":"https:\/\/bolting.eu\/en\/wp-json\/wp\/v2\/product_tag?post=3561"}],"curies":[{"name":"wp","href":"https:\/\/api.w.org\/{rel}","templated":true}]}}