{"id":3553,"date":"2020-05-27T19:55:17","date_gmt":"2020-05-27T17:55:17","guid":{"rendered":"https:\/\/bolting.eu\/?post_type=product&#038;p=3553"},"modified":"2025-11-25T14:57:43","modified_gmt":"2025-11-25T13:57:43","slug":"moon-sport-chalkbag","status":"publish","type":"product","link":"https:\/\/bolting.eu\/en\/shop\/moon-sport-chalkbag\/","title":{"rendered":"Moon Sport Chalkbag"},"content":{"rendered":"<p>Das Moon Sport Chalkbag ist der kleinste Magnesiumbeutel dieser Marke. Es zeichnet sich durch ein paar richtig coole Features aus.<\/p>\n<p>Erstens dem langlebigen P600D Ripstop Nylon. Damit ist dieses Bag quasi nicht kaputt zu kriegen. Zweitens hat es den genialen &#8220;Popper-Lock&#8221; Verschluss der ohne Kordel und Tanka auskommt. So quillt kein Chalk beim Transport im Rucksack heraus. Und drittens wird dieses Chalkbag mit verstellbarem H\u00fcftband und Verschluss geliefert.<\/p>\n<p>Kurzum. Kletterherz was willst du mehr!<\/p>\n<h3>Eigenschaften Moon Sport Chalkbag<\/h3>\n<ul>\n<li>Hersteller: Moon Climbing<\/li>\n<li>leicht aber nicht zu klein<\/li>\n<li>Durchmesser: 12 cm<\/li>\n<li>Popper-Lock Verschluss System<\/li>\n<li>B\u00fcrstenhalterung seitlich<\/li>\n<li>gesticktes logo auf der Vorderseite<\/li>\n<li>inkl. verstellbarem H\u00fcftband<\/li>\n<li>extrem langlebig<\/li>\n<li>Farben: rot -blau &#8211; schwarz<\/li>\n<\/ul>\n<figure id=\"attachment_3557\" aria-describedby=\"caption-attachment-3557\" style=\"width: 762px\" class=\"wp-caption alignnone\"><a href=\"https:\/\/bolting.eu\/wp-content\/uploads\/2020\/05\/Moon-Sport-Chalkbag-bolting.eu_.jpg\"><img loading=\"lazy\" decoding=\"async\" class=\"wp-image-3557 size-medium\" src=\"https:\/\/bolting.eu\/wp-content\/uploads\/2020\/05\/Moon-Sport-Chalkbag-bolting.eu_-762x400.jpg\" alt=\"Das Bild zeigt die drei Farben des Moon Sport Chalkbag. Von links nach rechts der selbe Moon Magnesiumbeutel in rot, blau und schwarz.\" width=\"762\" height=\"400\" srcset=\"https:\/\/bolting.eu\/wp-content\/uploads\/2020\/05\/Moon-Sport-Chalkbag-bolting.eu_-762x400.jpg 762w, https:\/\/bolting.eu\/wp-content\/uploads\/2020\/05\/Moon-Sport-Chalkbag-bolting.eu_-510x268.jpg 510w, https:\/\/bolting.eu\/wp-content\/uploads\/2020\/05\/Moon-Sport-Chalkbag-bolting.eu_-768x403.jpg 768w, https:\/\/bolting.eu\/wp-content\/uploads\/2020\/05\/Moon-Sport-Chalkbag-bolting.eu_-600x315.jpg 600w, https:\/\/bolting.eu\/wp-content\/uploads\/2020\/05\/Moon-Sport-Chalkbag-bolting.eu_.jpg 1200w\" sizes=\"auto, (max-width: 762px) 100vw, 762px\" \/><\/a><figcaption id=\"caption-attachment-3557\" class=\"wp-caption-text\">Bei bolting.eu gibt es das Moon Sport Chalkbag in den Farben rot, blau und schwarz.<\/figcaption><\/figure>\n<h3>Ideal f\u00fcr kleinere H\u00e4nde<\/h3>\n<p>Das Moon Sport Chalkbag ist wie bereits erw\u00e4hnt das kleinste dieses Herstellers. Es ist f\u00fcr alle Kletterer gedacht die kleinere H\u00e4nde haben. Oder die eben ein leichtes Chalkbag bevorzugen. Mit einem Durchmesser von 12cm sollte eine Standard Hand auch von M\u00e4nnern hinein passen. Das n\u00e4chst gr\u00f6\u00dfere Chalkbag ist \u00fcbrigens das Trad Chalkbag.<\/p>\n<h3>Video Moon Sport Chalkbag<\/h3>\n<p>Im Folgenden gibt es ein Video, wo dieser Magnesiumbeutel vorgestellt wird. Alleine schon wegen dem coolen Akzent anschauen Leute \ud83d\ude42<\/p>\n<p><iframe loading=\"lazy\" src=\"https:\/\/www.youtube.com\/embed\/wRHhvKxL7so\" width=\"100%\" height=\"450\" frameborder=\"0\" allowfullscreen=\"allowfullscreen\" data-mce-fragment=\"1\"><span data-mce-type=\"bookmark\" style=\"display: inline-block; width: 0px; overflow: hidden; line-height: 0;\" class=\"mce_SELRES_start\">\ufeff<\/span><\/iframe><\/p>\n<h3>Moon Chalkbags<\/h3>\n<p>Wir haben drei verschiedene Moon Magnesiumbeutel im Programm. Neben dem Moon Sport Chalkbag haben wir zudem auch das gr\u00f6\u00dfere Trad Chalkbag. Und des weiteren zwei unterschiedliche Boulder Magnesiumbeutel.<\/p>\n<p>Egal welche Gr\u00f6\u00dfe, welche Farbe, und wieviel <a href=\"https:\/\/bolting.eu\/produkt-kategorie\/chalk-klettern\/\">Kletter Chalk<\/a> ihr nehmt. Wenn euch die Marke Moon gef\u00e4llt dann seid ihr bei uns genau richtig.<\/p>\n<h3>Praxis Tipp &#8211; Chalk<\/h3>\n<p>Jede Haut ist verschieden. Zudem hat jeder von uns hat ein anderes Schwitz-Verhalten auf den H\u00e4nden. Deshalb empfehlen wir euch beim Magnesium f\u00fcr Euer Moon Sport Chalkbag etwas herum zu probieren. Versucht heraus zu finden, welches Chalk f\u00fcr Euch das Beste ist. Es lohnt sich hier etwas Zeit und Geld aufzuwenden. Denn ist die Lieblingssorte einmal gefunden, f\u00e4llt Nachschub besorgen nicht mehr schwer!<\/p>\n<p>Link Tipp: <a href=\"https:\/\/moonclimbing.com\/\" target=\"_blank\" rel=\"noopener noreferrer\">zum Hersteller<\/a><\/p>\n","protected":false},"excerpt":{"rendered":"<ul>\n<li>Hersteller: Moon Climbing<\/li>\n<li>leicht aber nicht zu klein<\/li>\n<li>Durchmesser: 12 cm<\/li>\n<li>Popper-Lock Verschluss System<\/li>\n<li>B\u00fcrstenhalterung seitlich<\/li>\n<li>gesticktes logo auf der Vorderseite<\/li>\n<li>inkl. verstellbarem H\u00fcftband<\/li>\n<li>extrem langlebig<\/li>\n<\/ul>\n","protected":false},"featured_media":3559,"comment_status":"open","ping_status":"closed","template":"","meta":[],"product_brand":[],"product_cat":[5006,5790,29,8333,14319],"product_tag":[264],"class_list":{"0":"post-3553","1":"product","2":"type-product","3":"status-publish","4":"has-post-thumbnail","6":"product_cat-chalkbag","7":"product_cat-chalkbag-gross","8":"product_cat-kletterausruestung","9":"product_cat-moon","10":"product_cat-sale-klettern","11":"product_tag-sportklettern","13":"first","14":"instock","15":"sale","16":"taxable","17":"shipping-taxable","18":"purchasable","19":"product-type-variable"},"yoast_head":"<!-- This site is optimized with the Yoast SEO Premium plugin v26.9 (Yoast SEO v26.9) - https:\/\/yoast.com\/product\/yoast-seo-premium-wordpress\/ -->\n<title>Moon Sport Chalkbag jetzt online kaufen beim Kletter Experten | bolting.eu<\/title>\n<meta name=\"description\" content=\"Hier findest Du das MOON SPORT CHALKBAG. Einen coolen Magnesiumbeutel f\u00fcr alle Kletterdisziplinen. Jetzt online kaufen beim Kletterprofi aus \ud83c\udde6\ud83c\uddf9!\" \/>\n<meta name=\"robots\" content=\"index, follow, max-snippet:-1, max-image-preview:large, max-video-preview:-1\" \/>\n<link rel=\"canonical\" href=\"https:\/\/bolting.eu\/en\/shop\/moon-sport-chalkbag\/\" \/>\n<meta property=\"og:locale\" content=\"en_US\" \/>\n<meta property=\"og:type\" content=\"article\" \/>\n<meta property=\"og:title\" content=\"Moon Sport Chalkbag\" \/>\n<meta property=\"og:description\" content=\"Hier findest Du das MOON SPORT CHALKBAG. Einen coolen Magnesiumbeutel f\u00fcr alle Kletterdisziplinen. Jetzt online kaufen beim Kletterprofi aus \ud83c\udde6\ud83c\uddf9!\" \/>\n<meta property=\"og:url\" content=\"https:\/\/bolting.eu\/en\/shop\/moon-sport-chalkbag\/\" \/>\n<meta property=\"og:site_name\" content=\"bolting.eu\" \/>\n<meta property=\"article:publisher\" content=\"https:\/\/www.facebook.com\/bolting.eu\" \/>\n<meta property=\"article:modified_time\" content=\"2025-11-25T13:57:43+00:00\" \/>\n<meta property=\"og:image\" content=\"https:\/\/bolting.eu\/wp-content\/uploads\/2020\/05\/Moon-Sport-Chalkbag-blue.jpg\" \/>\n\t<meta property=\"og:image:width\" content=\"700\" \/>\n\t<meta property=\"og:image:height\" content=\"700\" \/>\n\t<meta property=\"og:image:type\" content=\"image\/jpeg\" \/>\n<meta name=\"twitter:card\" content=\"summary_large_image\" \/>\n<meta name=\"twitter:label1\" content=\"Availability\" \/>\n\t<meta name=\"twitter:data1\" content=\"In stock\" \/>\n<script type=\"application\/ld+json\" class=\"yoast-schema-graph\">{\"@context\":\"https:\/\/schema.org\",\"@graph\":[{\"@type\":[\"WebPage\",\"ItemPage\"],\"@id\":\"https:\/\/bolting.eu\/en\/shop\/moon-sport-chalkbag\/\",\"url\":\"https:\/\/bolting.eu\/en\/shop\/moon-sport-chalkbag\/\",\"name\":\"Moon Sport Chalkbag jetzt online kaufen beim Kletter Experten | bolting.eu\",\"isPartOf\":{\"@id\":\"https:\/\/bolting.eu\/en\/#website\"},\"primaryImageOfPage\":{\"@id\":\"https:\/\/bolting.eu\/en\/shop\/moon-sport-chalkbag\/#primaryimage\"},\"image\":{\"@id\":\"https:\/\/bolting.eu\/en\/shop\/moon-sport-chalkbag\/#primaryimage\"},\"thumbnailUrl\":\"https:\/\/bolting.eu\/wp-content\/uploads\/2020\/05\/Moon-Sport-Chalkbag-blue.jpg\",\"datePublished\":\"2020-05-27T17:55:17+00:00\",\"dateModified\":\"2025-11-25T13:57:43+00:00\",\"description\":\"Hier findest Du das MOON SPORT CHALKBAG. Einen coolen Magnesiumbeutel f\u00fcr alle Kletterdisziplinen. Jetzt online kaufen beim Kletterprofi aus \ud83c\udde6\ud83c\uddf9!\",\"breadcrumb\":{\"@id\":\"https:\/\/bolting.eu\/en\/shop\/moon-sport-chalkbag\/#breadcrumb\"},\"inLanguage\":\"en-US\",\"potentialAction\":[{\"@type\":\"ReadAction\",\"target\":[\"https:\/\/bolting.eu\/en\/shop\/moon-sport-chalkbag\/\"]}]},{\"@type\":\"ImageObject\",\"inLanguage\":\"en-US\",\"@id\":\"https:\/\/bolting.eu\/en\/shop\/moon-sport-chalkbag\/#primaryimage\",\"url\":\"https:\/\/bolting.eu\/wp-content\/uploads\/2020\/05\/Moon-Sport-Chalkbag-blue.jpg\",\"contentUrl\":\"https:\/\/bolting.eu\/wp-content\/uploads\/2020\/05\/Moon-Sport-Chalkbag-blue.jpg\",\"width\":700,\"height\":700,\"caption\":\"das Bild zeigt ein Moon Sport Chalkbag in der Farbe blau. Der Moon MAgnesiumbeutel steht in Bildmitte. Man erkennt die Form, das Logo und das H\u00fcftband.\"},{\"@type\":\"BreadcrumbList\",\"@id\":\"https:\/\/bolting.eu\/en\/shop\/moon-sport-chalkbag\/#breadcrumb\",\"itemListElement\":[{\"@type\":\"ListItem\",\"position\":1,\"name\":\"Shop\",\"item\":\"https:\/\/bolting.eu\/en\/shop\/\"},{\"@type\":\"ListItem\",\"position\":2,\"name\":\"climbing equipment\",\"item\":\"https:\/\/bolting.eu\/en\/produkt-kategorie\/climbing-equipment\/\"},{\"@type\":\"ListItem\",\"position\":3,\"name\":\"Chalkbag\",\"item\":\"https:\/\/bolting.eu\/produkt-kategorie\/kletterausruestung\/chalkbag\/\"},{\"@type\":\"ListItem\",\"position\":4,\"name\":\"Moon Sport Chalkbag\"}]},{\"@type\":\"WebSite\",\"@id\":\"https:\/\/bolting.eu\/en\/#website\",\"url\":\"https:\/\/bolting.eu\/en\/\",\"name\":\"bolting.eu\",\"description\":\"we make climbs happen\",\"publisher\":{\"@id\":\"https:\/\/bolting.eu\/en\/#organization\"},\"potentialAction\":[{\"@type\":\"SearchAction\",\"target\":{\"@type\":\"EntryPoint\",\"urlTemplate\":\"https:\/\/bolting.eu\/en\/?s={search_term_string}\"},\"query-input\":{\"@type\":\"PropertyValueSpecification\",\"valueRequired\":true,\"valueName\":\"search_term_string\"}}],\"inLanguage\":\"en-US\"},{\"@type\":[\"Organization\",\"Place\",\"SportingGoodsStore\"],\"@id\":\"https:\/\/bolting.eu\/en\/#organization\",\"name\":\"bolting.eu\",\"url\":\"https:\/\/bolting.eu\/en\/\",\"logo\":{\"@id\":\"https:\/\/bolting.eu\/en\/shop\/moon-sport-chalkbag\/#local-main-organization-logo\"},\"image\":{\"@id\":\"https:\/\/bolting.eu\/en\/shop\/moon-sport-chalkbag\/#local-main-organization-logo\"},\"sameAs\":[\"https:\/\/www.facebook.com\/bolting.eu\",\"https:\/\/www.instagram.com\/bolting.eu\/\"],\"address\":{\"@id\":\"https:\/\/bolting.eu\/en\/shop\/moon-sport-chalkbag\/#local-main-place-address\"},\"geo\":{\"@type\":\"GeoCoordinates\",\"latitude\":\"47.264176340396226\",\"longitude\":\"11.380109057672346\"},\"telephone\":[\"+43 699 19083372\"],\"openingHoursSpecification\":[{\"@type\":\"OpeningHoursSpecification\",\"dayOfWeek\":[\"Monday\",\"Wednesday\",\"Friday\"],\"opens\":\"14:00\",\"closes\":\"18:00\"},{\"@type\":\"OpeningHoursSpecification\",\"dayOfWeek\":[\"Tuesday\",\"Thursday\",\"Saturday\",\"Sunday\"],\"opens\":\"00:00\",\"closes\":\"00:00\"}],\"email\":\"office@bolting.eu\",\"vatID\":\"ATU59999728\",\"priceRange\":\"$$\",\"currenciesAccepted\":\"Euro\"},{\"@type\":\"PostalAddress\",\"@id\":\"https:\/\/bolting.eu\/en\/shop\/moon-sport-chalkbag\/#local-main-place-address\",\"streetAddress\":\"Fischnalerstra\u00dfe 4\",\"addressLocality\":\"Innsbruck\",\"postalCode\":\"6020\",\"addressRegion\":\"Tirol\",\"addressCountry\":\"AT\"},{\"@type\":\"ImageObject\",\"inLanguage\":\"en-US\",\"@id\":\"https:\/\/bolting.eu\/en\/shop\/moon-sport-chalkbag\/#local-main-organization-logo\",\"url\":\"https:\/\/bolting.eu\/wp-content\/uploads\/2019\/09\/bolting-logo.png\",\"contentUrl\":\"https:\/\/bolting.eu\/wp-content\/uploads\/2019\/09\/bolting-logo.png\",\"width\":400,\"height\":211,\"caption\":\"bolting.eu\"}]}<\/script>\n<meta property=\"og:video\" content=\"https:\/\/www.youtube.com\/embed\/wRHhvKxL7so\" \/>\n<meta property=\"og:video:type\" content=\"text\/html\" \/>\n<meta property=\"og:video:duration\" content=\"23\" \/>\n<meta property=\"og:video:width\" content=\"480\" \/>\n<meta property=\"og:video:height\" content=\"360\" \/>\n<meta property=\"ya:ovs:adult\" content=\"false\" \/>\n<meta property=\"ya:ovs:upload_date\" content=\"2020-05-27T17:55:17+00:00\" \/>\n<meta property=\"ya:ovs:allow_embed\" content=\"true\" \/>\n<meta property=\"og:availability\" content=\"instock\" \/>\n<meta property=\"product:availability\" content=\"instock\" \/>\n<meta property=\"product:condition\" content=\"new\" \/>\n<meta name=\"geo.placename\" content=\"Innsbruck\" \/>\n<meta name=\"geo.position\" content=\"47.264176340396226;11.380109057672346\" \/>\n<meta name=\"geo.region\" content=\"Austria\" \/>\n<!-- \/ Yoast SEO Premium plugin. -->","yoast_head_json":{"title":"Moon Sport Chalkbag jetzt online kaufen beim Kletter Experten | bolting.eu","description":"Hier findest Du das MOON SPORT CHALKBAG. Einen coolen Magnesiumbeutel f\u00fcr alle Kletterdisziplinen. Jetzt online kaufen beim Kletterprofi aus \ud83c\udde6\ud83c\uddf9!","robots":{"index":"index","follow":"follow","max-snippet":"max-snippet:-1","max-image-preview":"max-image-preview:large","max-video-preview":"max-video-preview:-1"},"canonical":"https:\/\/bolting.eu\/en\/shop\/moon-sport-chalkbag\/","og_locale":"en_US","og_type":"article","og_title":"Moon Sport Chalkbag","og_description":"Hier findest Du das MOON SPORT CHALKBAG. Einen coolen Magnesiumbeutel f\u00fcr alle Kletterdisziplinen. Jetzt online kaufen beim Kletterprofi aus \ud83c\udde6\ud83c\uddf9!","og_url":"https:\/\/bolting.eu\/en\/shop\/moon-sport-chalkbag\/","og_site_name":"bolting.eu","article_publisher":"https:\/\/www.facebook.com\/bolting.eu","article_modified_time":"2025-11-25T13:57:43+00:00","og_image":[{"width":700,"height":700,"url":"https:\/\/bolting.eu\/wp-content\/uploads\/2020\/05\/Moon-Sport-Chalkbag-blue.jpg","type":"image\/jpeg"}],"twitter_card":"summary_large_image","twitter_misc":{"Availability":"In stock"},"schema":{"@context":"https:\/\/schema.org","@graph":[{"@type":["WebPage","ItemPage"],"@id":"https:\/\/bolting.eu\/en\/shop\/moon-sport-chalkbag\/","url":"https:\/\/bolting.eu\/en\/shop\/moon-sport-chalkbag\/","name":"Moon Sport Chalkbag jetzt online kaufen beim Kletter Experten | bolting.eu","isPartOf":{"@id":"https:\/\/bolting.eu\/en\/#website"},"primaryImageOfPage":{"@id":"https:\/\/bolting.eu\/en\/shop\/moon-sport-chalkbag\/#primaryimage"},"image":{"@id":"https:\/\/bolting.eu\/en\/shop\/moon-sport-chalkbag\/#primaryimage"},"thumbnailUrl":"https:\/\/bolting.eu\/wp-content\/uploads\/2020\/05\/Moon-Sport-Chalkbag-blue.jpg","datePublished":"2020-05-27T17:55:17+00:00","dateModified":"2025-11-25T13:57:43+00:00","description":"Hier findest Du das MOON SPORT CHALKBAG. Einen coolen Magnesiumbeutel f\u00fcr alle Kletterdisziplinen. Jetzt online kaufen beim Kletterprofi aus \ud83c\udde6\ud83c\uddf9!","breadcrumb":{"@id":"https:\/\/bolting.eu\/en\/shop\/moon-sport-chalkbag\/#breadcrumb"},"inLanguage":"en-US","potentialAction":[{"@type":"ReadAction","target":["https:\/\/bolting.eu\/en\/shop\/moon-sport-chalkbag\/"]}]},{"@type":"ImageObject","inLanguage":"en-US","@id":"https:\/\/bolting.eu\/en\/shop\/moon-sport-chalkbag\/#primaryimage","url":"https:\/\/bolting.eu\/wp-content\/uploads\/2020\/05\/Moon-Sport-Chalkbag-blue.jpg","contentUrl":"https:\/\/bolting.eu\/wp-content\/uploads\/2020\/05\/Moon-Sport-Chalkbag-blue.jpg","width":700,"height":700,"caption":"das Bild zeigt ein Moon Sport Chalkbag in der Farbe blau. Der Moon MAgnesiumbeutel steht in Bildmitte. Man erkennt die Form, das Logo und das H\u00fcftband."},{"@type":"BreadcrumbList","@id":"https:\/\/bolting.eu\/en\/shop\/moon-sport-chalkbag\/#breadcrumb","itemListElement":[{"@type":"ListItem","position":1,"name":"Shop","item":"https:\/\/bolting.eu\/en\/shop\/"},{"@type":"ListItem","position":2,"name":"climbing equipment","item":"https:\/\/bolting.eu\/en\/produkt-kategorie\/climbing-equipment\/"},{"@type":"ListItem","position":3,"name":"Chalkbag","item":"https:\/\/bolting.eu\/produkt-kategorie\/kletterausruestung\/chalkbag\/"},{"@type":"ListItem","position":4,"name":"Moon Sport Chalkbag"}]},{"@type":"WebSite","@id":"https:\/\/bolting.eu\/en\/#website","url":"https:\/\/bolting.eu\/en\/","name":"bolting.eu","description":"we make climbs happen","publisher":{"@id":"https:\/\/bolting.eu\/en\/#organization"},"potentialAction":[{"@type":"SearchAction","target":{"@type":"EntryPoint","urlTemplate":"https:\/\/bolting.eu\/en\/?s={search_term_string}"},"query-input":{"@type":"PropertyValueSpecification","valueRequired":true,"valueName":"search_term_string"}}],"inLanguage":"en-US"},{"@type":["Organization","Place","SportingGoodsStore"],"@id":"https:\/\/bolting.eu\/en\/#organization","name":"bolting.eu","url":"https:\/\/bolting.eu\/en\/","logo":{"@id":"https:\/\/bolting.eu\/en\/shop\/moon-sport-chalkbag\/#local-main-organization-logo"},"image":{"@id":"https:\/\/bolting.eu\/en\/shop\/moon-sport-chalkbag\/#local-main-organization-logo"},"sameAs":["https:\/\/www.facebook.com\/bolting.eu","https:\/\/www.instagram.com\/bolting.eu\/"],"address":{"@id":"https:\/\/bolting.eu\/en\/shop\/moon-sport-chalkbag\/#local-main-place-address"},"geo":{"@type":"GeoCoordinates","latitude":"47.264176340396226","longitude":"11.380109057672346"},"telephone":["+43 699 19083372"],"openingHoursSpecification":[{"@type":"OpeningHoursSpecification","dayOfWeek":["Monday","Wednesday","Friday"],"opens":"14:00","closes":"18:00"},{"@type":"OpeningHoursSpecification","dayOfWeek":["Tuesday","Thursday","Saturday","Sunday"],"opens":"00:00","closes":"00:00"}],"email":"office@bolting.eu","vatID":"ATU59999728","priceRange":"$$","currenciesAccepted":"Euro"},{"@type":"PostalAddress","@id":"https:\/\/bolting.eu\/en\/shop\/moon-sport-chalkbag\/#local-main-place-address","streetAddress":"Fischnalerstra\u00dfe 4","addressLocality":"Innsbruck","postalCode":"6020","addressRegion":"Tirol","addressCountry":"AT"},{"@type":"ImageObject","inLanguage":"en-US","@id":"https:\/\/bolting.eu\/en\/shop\/moon-sport-chalkbag\/#local-main-organization-logo","url":"https:\/\/bolting.eu\/wp-content\/uploads\/2019\/09\/bolting-logo.png","contentUrl":"https:\/\/bolting.eu\/wp-content\/uploads\/2019\/09\/bolting-logo.png","width":400,"height":211,"caption":"bolting.eu"}]},"og_video":"https:\/\/www.youtube.com\/embed\/wRHhvKxL7so","og_video_type":"text\/html","og_video_duration":"23","og_video_width":"480","og_video_height":"360","ya_ovs_adult":"false","ya_ovs_upload_date":"2020-05-27T17:55:17+00:00","ya_ovs_allow_embed":"true","og_availability":"instock","product_availability":"instock","product_condition":"new","geo.placename":"Innsbruck","geo.position":{"lat":"47.264176340396226","long":"11.380109057672346"},"geo.region":"Austria"},"_links":{"self":[{"href":"https:\/\/bolting.eu\/en\/wp-json\/wp\/v2\/product\/3553","targetHints":{"allow":["GET"]}}],"collection":[{"href":"https:\/\/bolting.eu\/en\/wp-json\/wp\/v2\/product"}],"about":[{"href":"https:\/\/bolting.eu\/en\/wp-json\/wp\/v2\/types\/product"}],"replies":[{"embeddable":true,"href":"https:\/\/bolting.eu\/en\/wp-json\/wp\/v2\/comments?post=3553"}],"wp:featuredmedia":[{"embeddable":true,"href":"https:\/\/bolting.eu\/en\/wp-json\/wp\/v2\/media\/3559"}],"wp:attachment":[{"href":"https:\/\/bolting.eu\/en\/wp-json\/wp\/v2\/media?parent=3553"}],"wp:term":[{"taxonomy":"product_brand","embeddable":true,"href":"https:\/\/bolting.eu\/en\/wp-json\/wp\/v2\/product_brand?post=3553"},{"taxonomy":"product_cat","embeddable":true,"href":"https:\/\/bolting.eu\/en\/wp-json\/wp\/v2\/product_cat?post=3553"},{"taxonomy":"product_tag","embeddable":true,"href":"https:\/\/bolting.eu\/en\/wp-json\/wp\/v2\/product_tag?post=3553"}],"curies":[{"name":"wp","href":"https:\/\/api.w.org\/{rel}","templated":true}]}}