{"id":35495,"date":"2025-12-03T12:42:02","date_gmt":"2025-12-03T11:42:02","guid":{"rendered":"https:\/\/bolting.eu\/?post_type=product&#038;p=35495"},"modified":"2025-12-10T16:36:05","modified_gmt":"2025-12-10T15:36:05","slug":"rafikiki-beta-jeans-klettershort","status":"publish","type":"product","link":"https:\/\/bolting.eu\/en\/shop\/rafikiki-beta-jeans-klettershort\/","title":{"rendered":"Rafiki Beta Jeans Klettershort"},"content":{"rendered":"<p>Die Beta Jeans Klettershort f\u00fcr M\u00e4nner von Rafiki ist eine klasse Sache. Denn diese Hose ist auf die Bed\u00fcrfnisse von Kletterern und Boulderern zugeschnitten.<\/p>\n<p>Erstens ein feiner Schnitt mit eingen\u00e4htem Zwickel f\u00fcr optimale Bewegungsfreiheit. Zweitens der dehnbahrer Stoff. Drittens zwei Schlaufen am R\u00fccken f\u00fcr das direkte Einh\u00e4ngen eines <a href=\"https:\/\/bolting.eu\/produkt-kategorie\/kletterausruestung\/chalkbag\/\">Chalkbags<\/a>.<\/p>\n<p>Abschlie\u00dfend finden wir auch den hochgezogenen und elastischen Bund spitze. Denn hier passt der <a href=\"https:\/\/bolting.eu\/produkt-kategorie\/kletterausruestung\/klettergurte\/\">Klettergurt<\/a> perfekt dar\u00fcber!<\/p>\n<h2>Eigenschaften Rafiki Beta Jeans Klettershort<\/h2>\n<ul>\n<li>Hersteller: Rafiki<\/li>\n<li>Boulder- und Klettershort<\/li>\n<li>64% Baumwolle, 29,5% Polyester, 4% Viscose, 2,5% Elastan<\/li>\n<li>Gewicht: 255 Gramm (Gr. M)<\/li>\n<li>atmungsaktives Denim<\/li>\n<li>funktionaler Schnitt mit Zwickel<\/li>\n<li>Regular Fit<\/li>\n<li>2 tiefe, seitliche Einschubtaschen<\/li>\n<li>1 tiefe Ges\u00e4\u00dftaschen<\/li>\n<li>B\u00fcrstentasche am linken Bein f\u00fcr <a href=\"https:\/\/bolting.eu\/produkt-kategorie\/boulder-ausruestung\/boulderbuersten\/\">Boulderb\u00fcrste<\/a><\/li>\n<\/ul>\n<h3>Produktvideo<\/h3>\n<p>Hier k\u00f6nnt ihr euch die Jeans Klettershort f\u00fcr M\u00e4nner genau ansehen.<\/p>\n<p><iframe loading=\"lazy\" title=\"Beta\" src=\"https:\/\/www.youtube.com\/embed\/U9hGKvE74R0\" width=\"60%\" height=\"60%\" frameborder=\"0\" allowfullscreen=\"allowfullscreen\"><span data-mce-type=\"bookmark\" style=\"display: inline-block; width: 0px; overflow: hidden; line-height: 0;\" class=\"mce_SELRES_start\">\ufeff<\/span><\/iframe><\/p>\n<h3>Gr\u00f6\u00dfentabelle<\/h3>\n<p>In der folgenden Tabelle k\u00f6nnt ihr die Gr\u00f6\u00dfen der Rafiki Herren Bekleidung und somit der Beta Klettershort nachschauen.<\/p>\n<p>&nbsp;<\/p>\n<div class=\"w-table\">\n<figure class=\"table\">\n<table>\n<thead>\n<tr>\n<th><\/th>\n<th style=\"text-align: center;\">XS<\/th>\n<th style=\"text-align: center;\">S<\/th>\n<th style=\"text-align: center;\">M<\/th>\n<th style=\"text-align: center;\">L<\/th>\n<th style=\"text-align: center;\">XL<\/th>\n<th style=\"text-align: center;\">XXL<\/th>\n<\/tr>\n<tr>\n<th style=\"text-align: center;\"><\/th>\n<th style=\"text-align: center;\">44<\/th>\n<th style=\"text-align: center;\">46<\/th>\n<th style=\"text-align: center;\">48<\/th>\n<th style=\"text-align: center;\">50<\/th>\n<th style=\"text-align: center;\">52<\/th>\n<th style=\"text-align: center;\">54<\/th>\n<\/tr>\n<\/thead>\n<tbody>\n<tr>\n<td style=\"text-align: center;\">Brust<\/td>\n<td style=\"text-align: center;\">86-93<\/td>\n<td style=\"text-align: center;\">94-98<\/td>\n<td style=\"text-align: center;\">99-103<\/td>\n<td style=\"text-align: center;\">104-108<\/td>\n<td style=\"text-align: center;\">109-113<\/td>\n<td style=\"text-align: center;\">114-118<\/td>\n<\/tr>\n<tr>\n<td style=\"text-align: center;\">Taille<\/td>\n<td style=\"text-align: center;\">73-77<\/td>\n<td style=\"text-align: center;\">78-82<\/td>\n<td style=\"text-align: center;\">83-87<\/td>\n<td style=\"text-align: center;\">88-92<\/td>\n<td style=\"text-align: center;\">93-97<\/td>\n<td style=\"text-align: center;\">98-102<\/td>\n<\/tr>\n<tr>\n<td style=\"text-align: center;\">H\u00fcfte<\/td>\n<td style=\"text-align: center;\">87-91<\/td>\n<td style=\"text-align: center;\">92-96<\/td>\n<td style=\"text-align: center;\">97-101<\/td>\n<td style=\"text-align: center;\">102-106<\/td>\n<td style=\"text-align: center;\">107-111<\/td>\n<td style=\"text-align: center;\">112-116<\/td>\n<\/tr>\n<tr>\n<td style=\"text-align: center;\">Schritt<\/td>\n<td style=\"text-align: center;\">82-84<\/td>\n<td style=\"text-align: center;\">83-85<\/td>\n<td style=\"text-align: center;\">84-86<\/td>\n<td style=\"text-align: center;\">87-89<\/td>\n<td style=\"text-align: center;\">89-91<\/td>\n<td style=\"text-align: center;\">90-92<\/td>\n<\/tr>\n<\/tbody>\n<\/table>\n<p>&nbsp;<\/p>\n<p><a href=\"https:\/\/bolting.eu\/wp-content\/uploads\/2025\/12\/RAfiki-BEta-5.jpg\"><img loading=\"lazy\" decoding=\"async\" class=\"alignnone size-full wp-image-35504\" src=\"https:\/\/bolting.eu\/wp-content\/uploads\/2025\/12\/RAfiki-BEta-5.jpg\" alt=\"\" width=\"700\" height=\"700\" srcset=\"https:\/\/bolting.eu\/wp-content\/uploads\/2025\/12\/RAfiki-BEta-5.jpg 700w, https:\/\/bolting.eu\/wp-content\/uploads\/2025\/12\/RAfiki-BEta-5-400x400.jpg 400w, https:\/\/bolting.eu\/wp-content\/uploads\/2025\/12\/RAfiki-BEta-5-280x280.jpg 280w, https:\/\/bolting.eu\/wp-content\/uploads\/2025\/12\/RAfiki-BEta-5-247x247.jpg 247w, https:\/\/bolting.eu\/wp-content\/uploads\/2025\/12\/RAfiki-BEta-5-510x510.jpg 510w, https:\/\/bolting.eu\/wp-content\/uploads\/2025\/12\/RAfiki-BEta-5-100x100.jpg 100w\" sizes=\"auto, (max-width: 700px) 100vw, 700px\" \/><\/a><\/figure>\n<\/div>\n","protected":false},"excerpt":{"rendered":"<p>Funktional geschnittene, sehr dehnbare Jeans Klettershort f\u00fcr M\u00e4nner.<\/p>\n<p>Der hochgezogene, dehnbare Bund ist ideal um einen Klettergurt dar\u00fcber anzuziehen.<\/p>\n<p>Versandkostenfrei bis 2kg in <img decoding=\"async\" class=\"emoji\" role=\"img\" draggable=\"false\" src=\"https:\/\/s.w.org\/images\/core\/emoji\/14.0.0\/svg\/1f1e6-1f1f9.svg\" alt=\"\ud83c\udde6\ud83c\uddf9\" \/> ab \u20ac 100,- und <img decoding=\"async\" class=\"emoji\" role=\"img\" draggable=\"false\" src=\"https:\/\/s.w.org\/images\/core\/emoji\/14.0.0\/svg\/1f1e9-1f1ea.svg\" alt=\"\ud83c\udde9\ud83c\uddea\" \/> ab \u20ac 200,-!<\/p>\n","protected":false},"featured_media":35502,"comment_status":"closed","ping_status":"closed","template":"","meta":[],"product_brand":[],"product_cat":[15224,15228,15245],"product_tag":[],"class_list":{"0":"post-35495","1":"product","2":"type-product","3":"status-publish","4":"has-post-thumbnail","6":"product_cat-kletterbekleidung","7":"product_cat-kletterhosen","8":"product_cat-rafiki","10":"first","11":"instock","12":"taxable","13":"shipping-taxable","14":"purchasable","15":"product-type-variable"},"yoast_head":"<!-- This site is optimized with the Yoast SEO Premium plugin v26.9 (Yoast SEO v26.9) - https:\/\/yoast.com\/product\/yoast-seo-premium-wordpress\/ -->\n<title>Rafiki Beta Jeans Klettershort | bolting.eu<\/title>\n<meta name=\"description\" content=\"Rafiki Beta Jeans Klettershort f\u00fcr Herren beim Kletterprofi kaufen \u2705 Trusted Shop \u2705 kostenloser Versand* \u2705 14 Tage R\u00fcckgaberecht \u2705 Co2 neutraler Versand\" \/>\n<meta name=\"robots\" content=\"index, follow, max-snippet:-1, max-image-preview:large, max-video-preview:-1\" \/>\n<link rel=\"canonical\" href=\"https:\/\/bolting.eu\/en\/shop\/rafikiki-beta-jeans-klettershort\/\" \/>\n<meta property=\"og:locale\" content=\"en_US\" \/>\n<meta property=\"og:type\" content=\"article\" \/>\n<meta property=\"og:title\" content=\"Rafiki Beta Jeans Klettershort\" \/>\n<meta property=\"og:description\" content=\"Rafiki Beta Jeans Klettershort f\u00fcr Herren beim Kletterprofi kaufen \u2705 Trusted Shop \u2705 kostenloser Versand* \u2705 14 Tage R\u00fcckgaberecht \u2705 Co2 neutraler Versand\" \/>\n<meta property=\"og:url\" content=\"https:\/\/bolting.eu\/en\/shop\/rafikiki-beta-jeans-klettershort\/\" \/>\n<meta property=\"og:site_name\" content=\"bolting.eu\" \/>\n<meta property=\"article:publisher\" content=\"https:\/\/www.facebook.com\/bolting.eu\" \/>\n<meta property=\"article:modified_time\" content=\"2025-12-10T15:36:05+00:00\" \/>\n<meta property=\"og:image\" content=\"https:\/\/bolting.eu\/wp-content\/uploads\/2025\/12\/RAfiki-BEta-6.jpg\" \/>\n\t<meta property=\"og:image:width\" content=\"700\" \/>\n\t<meta property=\"og:image:height\" content=\"700\" \/>\n\t<meta property=\"og:image:type\" content=\"image\/jpeg\" \/>\n<meta name=\"twitter:card\" content=\"summary_large_image\" \/>\n<meta name=\"twitter:label1\" content=\"Availability\" \/>\n\t<meta name=\"twitter:data1\" content=\"In stock\" \/>\n<script type=\"application\/ld+json\" class=\"yoast-schema-graph\">{\"@context\":\"https:\/\/schema.org\",\"@graph\":[{\"@type\":[\"WebPage\",\"ItemPage\"],\"@id\":\"https:\/\/bolting.eu\/en\/shop\/rafikiki-beta-jeans-klettershort\/\",\"url\":\"https:\/\/bolting.eu\/en\/shop\/rafikiki-beta-jeans-klettershort\/\",\"name\":\"Rafiki Beta Jeans Klettershort | bolting.eu\",\"isPartOf\":{\"@id\":\"https:\/\/bolting.eu\/en\/#website\"},\"primaryImageOfPage\":{\"@id\":\"https:\/\/bolting.eu\/en\/shop\/rafikiki-beta-jeans-klettershort\/#primaryimage\"},\"image\":{\"@id\":\"https:\/\/bolting.eu\/en\/shop\/rafikiki-beta-jeans-klettershort\/#primaryimage\"},\"thumbnailUrl\":\"https:\/\/bolting.eu\/wp-content\/uploads\/2025\/12\/RAfiki-BEta-6.jpg\",\"datePublished\":\"2025-12-03T11:42:02+00:00\",\"dateModified\":\"2025-12-10T15:36:05+00:00\",\"description\":\"Rafiki Beta Jeans Klettershort f\u00fcr Herren beim Kletterprofi kaufen \u2705 Trusted Shop \u2705 kostenloser Versand* \u2705 14 Tage R\u00fcckgaberecht \u2705 Co2 neutraler Versand\",\"breadcrumb\":{\"@id\":\"https:\/\/bolting.eu\/en\/shop\/rafikiki-beta-jeans-klettershort\/#breadcrumb\"},\"inLanguage\":\"en-US\",\"potentialAction\":[{\"@type\":\"ReadAction\",\"target\":[\"https:\/\/bolting.eu\/en\/shop\/rafikiki-beta-jeans-klettershort\/\"]}]},{\"@type\":\"ImageObject\",\"inLanguage\":\"en-US\",\"@id\":\"https:\/\/bolting.eu\/en\/shop\/rafikiki-beta-jeans-klettershort\/#primaryimage\",\"url\":\"https:\/\/bolting.eu\/wp-content\/uploads\/2025\/12\/RAfiki-BEta-6.jpg\",\"contentUrl\":\"https:\/\/bolting.eu\/wp-content\/uploads\/2025\/12\/RAfiki-BEta-6.jpg\",\"width\":700,\"height\":700,\"caption\":\"Blaue Rafiki Beta Jeans Klettershort f\u00fcr M\u00e4nner von der Vorderseite.\"},{\"@type\":\"BreadcrumbList\",\"@id\":\"https:\/\/bolting.eu\/en\/shop\/rafikiki-beta-jeans-klettershort\/#breadcrumb\",\"itemListElement\":[{\"@type\":\"ListItem\",\"position\":1,\"name\":\"Shop\",\"item\":\"https:\/\/bolting.eu\/en\/shop\/\"},{\"@type\":\"ListItem\",\"position\":2,\"name\":\"Kletterbekleidung\",\"item\":\"https:\/\/bolting.eu\/produkt-kategorie\/kletterbekleidung\/\"},{\"@type\":\"ListItem\",\"position\":3,\"name\":\"Kletterhosen\",\"item\":\"https:\/\/bolting.eu\/produkt-kategorie\/kletterbekleidung\/kletterhosen\/\"},{\"@type\":\"ListItem\",\"position\":4,\"name\":\"Rafiki Beta Jeans Klettershort\"}]},{\"@type\":\"WebSite\",\"@id\":\"https:\/\/bolting.eu\/en\/#website\",\"url\":\"https:\/\/bolting.eu\/en\/\",\"name\":\"bolting.eu\",\"description\":\"we make climbs happen\",\"publisher\":{\"@id\":\"https:\/\/bolting.eu\/en\/#organization\"},\"potentialAction\":[{\"@type\":\"SearchAction\",\"target\":{\"@type\":\"EntryPoint\",\"urlTemplate\":\"https:\/\/bolting.eu\/en\/?s={search_term_string}\"},\"query-input\":{\"@type\":\"PropertyValueSpecification\",\"valueRequired\":true,\"valueName\":\"search_term_string\"}}],\"inLanguage\":\"en-US\"},{\"@type\":[\"Organization\",\"Place\",\"SportingGoodsStore\"],\"@id\":\"https:\/\/bolting.eu\/en\/#organization\",\"name\":\"bolting.eu\",\"url\":\"https:\/\/bolting.eu\/en\/\",\"logo\":{\"@id\":\"https:\/\/bolting.eu\/en\/shop\/rafikiki-beta-jeans-klettershort\/#local-main-organization-logo\"},\"image\":{\"@id\":\"https:\/\/bolting.eu\/en\/shop\/rafikiki-beta-jeans-klettershort\/#local-main-organization-logo\"},\"sameAs\":[\"https:\/\/www.facebook.com\/bolting.eu\",\"https:\/\/www.instagram.com\/bolting.eu\/\"],\"address\":{\"@id\":\"https:\/\/bolting.eu\/en\/shop\/rafikiki-beta-jeans-klettershort\/#local-main-place-address\"},\"geo\":{\"@type\":\"GeoCoordinates\",\"latitude\":\"47.264176340396226\",\"longitude\":\"11.380109057672346\"},\"telephone\":[\"+43 699 19083372\"],\"openingHoursSpecification\":[{\"@type\":\"OpeningHoursSpecification\",\"dayOfWeek\":[\"Monday\",\"Wednesday\",\"Friday\"],\"opens\":\"14:00\",\"closes\":\"18:00\"},{\"@type\":\"OpeningHoursSpecification\",\"dayOfWeek\":[\"Tuesday\",\"Thursday\",\"Saturday\",\"Sunday\"],\"opens\":\"00:00\",\"closes\":\"00:00\"}],\"email\":\"office@bolting.eu\",\"vatID\":\"ATU59999728\",\"priceRange\":\"$$\",\"currenciesAccepted\":\"Euro\"},{\"@type\":\"PostalAddress\",\"@id\":\"https:\/\/bolting.eu\/en\/shop\/rafikiki-beta-jeans-klettershort\/#local-main-place-address\",\"streetAddress\":\"Fischnalerstra\u00dfe 4\",\"addressLocality\":\"Innsbruck\",\"postalCode\":\"6020\",\"addressRegion\":\"Tirol\",\"addressCountry\":\"AT\"},{\"@type\":\"ImageObject\",\"inLanguage\":\"en-US\",\"@id\":\"https:\/\/bolting.eu\/en\/shop\/rafikiki-beta-jeans-klettershort\/#local-main-organization-logo\",\"url\":\"https:\/\/bolting.eu\/wp-content\/uploads\/2019\/09\/bolting-logo.png\",\"contentUrl\":\"https:\/\/bolting.eu\/wp-content\/uploads\/2019\/09\/bolting-logo.png\",\"width\":400,\"height\":211,\"caption\":\"bolting.eu\"}]}<\/script>\n<meta property=\"og:video\" content=\"https:\/\/www.youtube.com\/embed\/U9hGKvE74R0\" \/>\n<meta property=\"og:video:type\" content=\"text\/html\" \/>\n<meta property=\"og:video:duration\" content=\"19\" \/>\n<meta property=\"og:video:width\" content=\"480\" \/>\n<meta property=\"og:video:height\" content=\"270\" \/>\n<meta property=\"ya:ovs:adult\" content=\"false\" \/>\n<meta property=\"ya:ovs:upload_date\" content=\"2025-12-03T11:42:02+00:00\" \/>\n<meta property=\"ya:ovs:allow_embed\" content=\"true\" \/>\n<meta property=\"og:availability\" content=\"instock\" \/>\n<meta property=\"product:availability\" content=\"instock\" \/>\n<meta property=\"product:condition\" content=\"new\" \/>\n<meta name=\"geo.placename\" content=\"Innsbruck\" \/>\n<meta name=\"geo.position\" content=\"47.264176340396226;11.380109057672346\" \/>\n<meta name=\"geo.region\" content=\"Austria\" \/>\n<!-- \/ Yoast SEO Premium plugin. -->","yoast_head_json":{"title":"Rafiki Beta Jeans Klettershort | bolting.eu","description":"Rafiki Beta Jeans Klettershort f\u00fcr Herren beim Kletterprofi kaufen \u2705 Trusted Shop \u2705 kostenloser Versand* \u2705 14 Tage R\u00fcckgaberecht \u2705 Co2 neutraler Versand","robots":{"index":"index","follow":"follow","max-snippet":"max-snippet:-1","max-image-preview":"max-image-preview:large","max-video-preview":"max-video-preview:-1"},"canonical":"https:\/\/bolting.eu\/en\/shop\/rafikiki-beta-jeans-klettershort\/","og_locale":"en_US","og_type":"article","og_title":"Rafiki Beta Jeans Klettershort","og_description":"Rafiki Beta Jeans Klettershort f\u00fcr Herren beim Kletterprofi kaufen \u2705 Trusted Shop \u2705 kostenloser Versand* \u2705 14 Tage R\u00fcckgaberecht \u2705 Co2 neutraler Versand","og_url":"https:\/\/bolting.eu\/en\/shop\/rafikiki-beta-jeans-klettershort\/","og_site_name":"bolting.eu","article_publisher":"https:\/\/www.facebook.com\/bolting.eu","article_modified_time":"2025-12-10T15:36:05+00:00","og_image":[{"width":700,"height":700,"url":"https:\/\/bolting.eu\/wp-content\/uploads\/2025\/12\/RAfiki-BEta-6.jpg","type":"image\/jpeg"}],"twitter_card":"summary_large_image","twitter_misc":{"Availability":"In stock"},"schema":{"@context":"https:\/\/schema.org","@graph":[{"@type":["WebPage","ItemPage"],"@id":"https:\/\/bolting.eu\/en\/shop\/rafikiki-beta-jeans-klettershort\/","url":"https:\/\/bolting.eu\/en\/shop\/rafikiki-beta-jeans-klettershort\/","name":"Rafiki Beta Jeans Klettershort | bolting.eu","isPartOf":{"@id":"https:\/\/bolting.eu\/en\/#website"},"primaryImageOfPage":{"@id":"https:\/\/bolting.eu\/en\/shop\/rafikiki-beta-jeans-klettershort\/#primaryimage"},"image":{"@id":"https:\/\/bolting.eu\/en\/shop\/rafikiki-beta-jeans-klettershort\/#primaryimage"},"thumbnailUrl":"https:\/\/bolting.eu\/wp-content\/uploads\/2025\/12\/RAfiki-BEta-6.jpg","datePublished":"2025-12-03T11:42:02+00:00","dateModified":"2025-12-10T15:36:05+00:00","description":"Rafiki Beta Jeans Klettershort f\u00fcr Herren beim Kletterprofi kaufen \u2705 Trusted Shop \u2705 kostenloser Versand* \u2705 14 Tage R\u00fcckgaberecht \u2705 Co2 neutraler Versand","breadcrumb":{"@id":"https:\/\/bolting.eu\/en\/shop\/rafikiki-beta-jeans-klettershort\/#breadcrumb"},"inLanguage":"en-US","potentialAction":[{"@type":"ReadAction","target":["https:\/\/bolting.eu\/en\/shop\/rafikiki-beta-jeans-klettershort\/"]}]},{"@type":"ImageObject","inLanguage":"en-US","@id":"https:\/\/bolting.eu\/en\/shop\/rafikiki-beta-jeans-klettershort\/#primaryimage","url":"https:\/\/bolting.eu\/wp-content\/uploads\/2025\/12\/RAfiki-BEta-6.jpg","contentUrl":"https:\/\/bolting.eu\/wp-content\/uploads\/2025\/12\/RAfiki-BEta-6.jpg","width":700,"height":700,"caption":"Blaue Rafiki Beta Jeans Klettershort f\u00fcr M\u00e4nner von der Vorderseite."},{"@type":"BreadcrumbList","@id":"https:\/\/bolting.eu\/en\/shop\/rafikiki-beta-jeans-klettershort\/#breadcrumb","itemListElement":[{"@type":"ListItem","position":1,"name":"Shop","item":"https:\/\/bolting.eu\/en\/shop\/"},{"@type":"ListItem","position":2,"name":"Kletterbekleidung","item":"https:\/\/bolting.eu\/produkt-kategorie\/kletterbekleidung\/"},{"@type":"ListItem","position":3,"name":"Kletterhosen","item":"https:\/\/bolting.eu\/produkt-kategorie\/kletterbekleidung\/kletterhosen\/"},{"@type":"ListItem","position":4,"name":"Rafiki Beta Jeans Klettershort"}]},{"@type":"WebSite","@id":"https:\/\/bolting.eu\/en\/#website","url":"https:\/\/bolting.eu\/en\/","name":"bolting.eu","description":"we make climbs happen","publisher":{"@id":"https:\/\/bolting.eu\/en\/#organization"},"potentialAction":[{"@type":"SearchAction","target":{"@type":"EntryPoint","urlTemplate":"https:\/\/bolting.eu\/en\/?s={search_term_string}"},"query-input":{"@type":"PropertyValueSpecification","valueRequired":true,"valueName":"search_term_string"}}],"inLanguage":"en-US"},{"@type":["Organization","Place","SportingGoodsStore"],"@id":"https:\/\/bolting.eu\/en\/#organization","name":"bolting.eu","url":"https:\/\/bolting.eu\/en\/","logo":{"@id":"https:\/\/bolting.eu\/en\/shop\/rafikiki-beta-jeans-klettershort\/#local-main-organization-logo"},"image":{"@id":"https:\/\/bolting.eu\/en\/shop\/rafikiki-beta-jeans-klettershort\/#local-main-organization-logo"},"sameAs":["https:\/\/www.facebook.com\/bolting.eu","https:\/\/www.instagram.com\/bolting.eu\/"],"address":{"@id":"https:\/\/bolting.eu\/en\/shop\/rafikiki-beta-jeans-klettershort\/#local-main-place-address"},"geo":{"@type":"GeoCoordinates","latitude":"47.264176340396226","longitude":"11.380109057672346"},"telephone":["+43 699 19083372"],"openingHoursSpecification":[{"@type":"OpeningHoursSpecification","dayOfWeek":["Monday","Wednesday","Friday"],"opens":"14:00","closes":"18:00"},{"@type":"OpeningHoursSpecification","dayOfWeek":["Tuesday","Thursday","Saturday","Sunday"],"opens":"00:00","closes":"00:00"}],"email":"office@bolting.eu","vatID":"ATU59999728","priceRange":"$$","currenciesAccepted":"Euro"},{"@type":"PostalAddress","@id":"https:\/\/bolting.eu\/en\/shop\/rafikiki-beta-jeans-klettershort\/#local-main-place-address","streetAddress":"Fischnalerstra\u00dfe 4","addressLocality":"Innsbruck","postalCode":"6020","addressRegion":"Tirol","addressCountry":"AT"},{"@type":"ImageObject","inLanguage":"en-US","@id":"https:\/\/bolting.eu\/en\/shop\/rafikiki-beta-jeans-klettershort\/#local-main-organization-logo","url":"https:\/\/bolting.eu\/wp-content\/uploads\/2019\/09\/bolting-logo.png","contentUrl":"https:\/\/bolting.eu\/wp-content\/uploads\/2019\/09\/bolting-logo.png","width":400,"height":211,"caption":"bolting.eu"}]},"og_video":"https:\/\/www.youtube.com\/embed\/U9hGKvE74R0","og_video_type":"text\/html","og_video_duration":"19","og_video_width":"480","og_video_height":"270","ya_ovs_adult":"false","ya_ovs_upload_date":"2025-12-03T11:42:02+00:00","ya_ovs_allow_embed":"true","og_availability":"instock","product_availability":"instock","product_condition":"new","geo.placename":"Innsbruck","geo.position":{"lat":"47.264176340396226","long":"11.380109057672346"},"geo.region":"Austria"},"_links":{"self":[{"href":"https:\/\/bolting.eu\/en\/wp-json\/wp\/v2\/product\/35495","targetHints":{"allow":["GET"]}}],"collection":[{"href":"https:\/\/bolting.eu\/en\/wp-json\/wp\/v2\/product"}],"about":[{"href":"https:\/\/bolting.eu\/en\/wp-json\/wp\/v2\/types\/product"}],"replies":[{"embeddable":true,"href":"https:\/\/bolting.eu\/en\/wp-json\/wp\/v2\/comments?post=35495"}],"wp:featuredmedia":[{"embeddable":true,"href":"https:\/\/bolting.eu\/en\/wp-json\/wp\/v2\/media\/35502"}],"wp:attachment":[{"href":"https:\/\/bolting.eu\/en\/wp-json\/wp\/v2\/media?parent=35495"}],"wp:term":[{"taxonomy":"product_brand","embeddable":true,"href":"https:\/\/bolting.eu\/en\/wp-json\/wp\/v2\/product_brand?post=35495"},{"taxonomy":"product_cat","embeddable":true,"href":"https:\/\/bolting.eu\/en\/wp-json\/wp\/v2\/product_cat?post=35495"},{"taxonomy":"product_tag","embeddable":true,"href":"https:\/\/bolting.eu\/en\/wp-json\/wp\/v2\/product_tag?post=35495"}],"curies":[{"name":"wp","href":"https:\/\/api.w.org\/{rel}","templated":true}]}}