{"id":35471,"date":"2025-12-02T16:59:59","date_gmt":"2025-12-02T15:59:59","guid":{"rendered":"https:\/\/bolting.eu\/?post_type=product&#038;p=35471"},"modified":"2026-03-13T17:32:32","modified_gmt":"2026-03-13T16:32:32","slug":"kletterfuehrer-innsbruck-rock-versante-sud","status":"publish","type":"product","link":"https:\/\/bolting.eu\/en\/shop\/kletterfuehrer-innsbruck-rock-versante-sud\/","title":{"rendered":"Kletterf\u00fchrer Innsbruck Rock &#8211; Versante Sud"},"content":{"rendered":"<p>Der Kletterf\u00fchrer Innsbruck Rock von Versante Sud ist eine klasse Sache. Denn hier findet ihr wirklich alle Gebiete rund um Innsbruck.<\/p>\n<p>Insgesamt hat Autor Andreas W\u00fcrtele ganze 69 Gebiete von Telfs bis zum Halltal, sowie von Innsbruck bis zum Brenner zusammengetragen.<\/p>\n<p>Folglich ist dieses Buch DAS Standard Werk, wenn es um Thema &#8220;<a href=\"https:\/\/bolting.eu\/klettern-innsbruck\/\">Klettern Innsbruck&#8221;<\/a> geht.<\/p>\n<h2>Eigenschaften Kletterf\u00fchrer Innsbruck<\/h2>\n<ul>\n<li>Verlag: Versante Sud<\/li>\n<li><strong>Sprache: Deutsch<\/strong><\/li>\n<li>1. Auflage 2023<\/li>\n<li>Seiten: 568<\/li>\n<li>69 Kletterg\u00e4rten und Mehrseill\u00e4ngen Gebiete<\/li>\n<li>inkl. Bouldergebiet M\u00fchlauer Klamm<\/li>\n<li>vom Gebietskenner Andreas W\u00fcrtele<\/li>\n<\/ul>\n<h3>\u00dcbersicht Gebiete<\/h3>\n<p>Die folgende Grafik zeigt euch, wie weit die Gebiete rund um Innsbruck vorgestellt werden.<\/p>\n<figure id=\"attachment_35482\" aria-describedby=\"caption-attachment-35482\" style=\"width: 1024px\" class=\"wp-caption alignnone\"><a href=\"https:\/\/bolting.eu\/wp-content\/uploads\/2025\/12\/Innsbruck-Rock-1.jpg\"><img loading=\"lazy\" decoding=\"async\" class=\"wp-image-35482 size-full\" src=\"https:\/\/bolting.eu\/wp-content\/uploads\/2025\/12\/Innsbruck-Rock-1.jpg\" alt=\"Landkarte aus dem Kletterf\u00fchrer Innsbruck mit allen Gebieten des Buches.\" width=\"1024\" height=\"714\" srcset=\"https:\/\/bolting.eu\/wp-content\/uploads\/2025\/12\/Innsbruck-Rock-1.jpg 1024w, https:\/\/bolting.eu\/wp-content\/uploads\/2025\/12\/Innsbruck-Rock-1-574x400.jpg 574w, https:\/\/bolting.eu\/wp-content\/uploads\/2025\/12\/Innsbruck-Rock-1-768x536.jpg 768w, https:\/\/bolting.eu\/wp-content\/uploads\/2025\/12\/Innsbruck-Rock-1-510x356.jpg 510w, https:\/\/bolting.eu\/wp-content\/uploads\/2025\/12\/Innsbruck-Rock-1-100x70.jpg 100w\" sizes=\"auto, (max-width: 1024px) 100vw, 1024px\" \/><\/a><figcaption id=\"caption-attachment-35482\" class=\"wp-caption-text\">Es werden ganze 69 Gebiete im Gro\u00dfraum rund um die Landeshauptstadt vorgestellt.<\/figcaption><\/figure>\n<h3>\u00dcbersichtlicher Aufbau<\/h3>\n<p>Der Kletterf\u00fchrer &#8220;Innsbruck Rock&#8221; ist wie alle Versante Sud B\u00fccher sehr \u00fcbersichtlich aufgebaut.<\/p>\n<p>Ihr werdet euch damit sehr gut zurecht finden.<\/p>\n<p>Wir finden besonders die Gebiets\u00fcbersichten wie z.B. Guanacho&#8221; sehr gut.<\/p>\n<figure id=\"attachment_35476\" aria-describedby=\"caption-attachment-35476\" style=\"width: 1024px\" class=\"wp-caption alignnone\"><a href=\"https:\/\/bolting.eu\/wp-content\/uploads\/2025\/12\/Innsbruck-Rock-4.jpg\"><img loading=\"lazy\" decoding=\"async\" class=\"wp-image-35476 size-full\" src=\"https:\/\/bolting.eu\/wp-content\/uploads\/2025\/12\/Innsbruck-Rock-4.jpg\" alt=\"Doppelseite aus dem Kletterf\u00fchrer Innsbruck Rock mit Gebietsvorstellung Guanacho.\" width=\"1024\" height=\"704\" srcset=\"https:\/\/bolting.eu\/wp-content\/uploads\/2025\/12\/Innsbruck-Rock-4.jpg 1024w, https:\/\/bolting.eu\/wp-content\/uploads\/2025\/12\/Innsbruck-Rock-4-582x400.jpg 582w, https:\/\/bolting.eu\/wp-content\/uploads\/2025\/12\/Innsbruck-Rock-4-768x528.jpg 768w, https:\/\/bolting.eu\/wp-content\/uploads\/2025\/12\/Innsbruck-Rock-4-510x351.jpg 510w, https:\/\/bolting.eu\/wp-content\/uploads\/2025\/12\/Innsbruck-Rock-4-100x69.jpg 100w\" sizes=\"auto, (max-width: 1024px) 100vw, 1024px\" \/><\/a><figcaption id=\"caption-attachment-35476\" class=\"wp-caption-text\">Eine \u00fcbersichtliche Darstellung zeichnet dieses Buch aus.<\/figcaption><\/figure>\n<p>&nbsp;<\/p>\n","protected":false},"excerpt":{"rendered":"<p>568 seitiger Kletterf\u00fchrer mit 69 Sportkletter-, Boulder- und Mehrseill\u00e4ngen Gebieten rund um Innsbruck.<\/p>\n<p>Vom Halltal bis Telf, von der Nordkette bis zum Brenner. DAS Standard Werk zum Klettern in der Hauptstadt der Alpen.<\/p>\n<p><img decoding=\"async\" class=\"emoji\" role=\"img\" draggable=\"false\" src=\"https:\/\/s.w.org\/images\/core\/emoji\/13.1.0\/svg\/2705.svg\" alt=\"\u2705\" \/>\u00a0Versandkostenfrei bis 2kg in\u00a0<img decoding=\"async\" class=\"emoji\" role=\"img\" draggable=\"false\" src=\"https:\/\/s.w.org\/images\/core\/emoji\/13.1.0\/svg\/1f1e6-1f1f9.svg\" alt=\"\ud83c\udde6\ud83c\uddf9\" \/>\u00a0ab \u20ac 100,- und\u00a0<img decoding=\"async\" class=\"emoji\" role=\"img\" draggable=\"false\" src=\"https:\/\/s.w.org\/images\/core\/emoji\/13.1.0\/svg\/1f1e9-1f1ea.svg\" alt=\"\ud83c\udde9\ud83c\uddea\" \/>\u00a0ab \u20ac 200,-!<\/p>\n","protected":false},"featured_media":35474,"comment_status":"closed","ping_status":"closed","template":"","meta":[],"product_brand":[],"product_cat":[29,10898],"product_tag":[],"class_list":{"0":"post-35471","1":"product","2":"type-product","3":"status-publish","4":"has-post-thumbnail","6":"product_cat-kletterausruestung","7":"product_cat-kletterfuehrer","9":"first","10":"instock","11":"taxable","12":"shipping-taxable","13":"purchasable","14":"product-type-simple"},"yoast_head":"<!-- This site is optimized with the Yoast SEO Premium plugin v26.9 (Yoast SEO v26.9) - https:\/\/yoast.com\/product\/yoast-seo-premium-wordpress\/ -->\n<title>Kletterf\u00fchrer Innsbruck Rock - Versante Sud | bolting.eu<\/title>\n<meta name=\"description\" content=\"Kletterf\u00fchrer Innsbruck Rock Versante Sud beim Kletterprofi kaufen \u2705 Trausted Shop \u2705 kostenloser Versand* \u2705 14 Tage R\u00fcckgaberecht \u2705 Co2 neutraler Versand\" \/>\n<meta name=\"robots\" content=\"index, follow, max-snippet:-1, max-image-preview:large, max-video-preview:-1\" \/>\n<link rel=\"canonical\" href=\"https:\/\/bolting.eu\/en\/shop\/kletterfuehrer-innsbruck-rock-versante-sud\/\" \/>\n<meta property=\"og:locale\" content=\"en_US\" \/>\n<meta property=\"og:type\" content=\"article\" \/>\n<meta property=\"og:title\" content=\"Kletterf\u00fchrer Innsbruck Rock - Versante Sud\" \/>\n<meta property=\"og:description\" content=\"Kletterf\u00fchrer Innsbruck Rock Versante Sud beim Kletterprofi kaufen \u2705 Trausted Shop \u2705 kostenloser Versand* \u2705 14 Tage R\u00fcckgaberecht \u2705 Co2 neutraler Versand\" \/>\n<meta property=\"og:url\" content=\"https:\/\/bolting.eu\/en\/shop\/kletterfuehrer-innsbruck-rock-versante-sud\/\" \/>\n<meta property=\"og:site_name\" content=\"bolting.eu\" \/>\n<meta property=\"article:publisher\" content=\"https:\/\/www.facebook.com\/bolting.eu\" \/>\n<meta property=\"article:modified_time\" content=\"2026-03-13T16:32:32+00:00\" \/>\n<meta property=\"og:image\" content=\"https:\/\/bolting.eu\/wp-content\/uploads\/2025\/12\/Innsbruck-Rock-5.jpg\" \/>\n\t<meta property=\"og:image:width\" content=\"700\" \/>\n\t<meta property=\"og:image:height\" content=\"700\" \/>\n\t<meta property=\"og:image:type\" content=\"image\/jpeg\" \/>\n<meta name=\"twitter:card\" content=\"summary_large_image\" \/>\n<meta name=\"twitter:label1\" content=\"Price\" \/>\n\t<meta name=\"twitter:data1\" content=\"&euro;&nbsp;44,00\" \/>\n\t<meta name=\"twitter:label2\" content=\"Availability\" \/>\n\t<meta name=\"twitter:data2\" content=\"In stock\" \/>\n<script type=\"application\/ld+json\" class=\"yoast-schema-graph\">{\"@context\":\"https:\/\/schema.org\",\"@graph\":[{\"@type\":[\"WebPage\",\"ItemPage\"],\"@id\":\"https:\/\/bolting.eu\/en\/shop\/kletterfuehrer-innsbruck-rock-versante-sud\/\",\"url\":\"https:\/\/bolting.eu\/en\/shop\/kletterfuehrer-innsbruck-rock-versante-sud\/\",\"name\":\"Kletterf\u00fchrer Innsbruck Rock - Versante Sud | bolting.eu\",\"isPartOf\":{\"@id\":\"https:\/\/bolting.eu\/en\/#website\"},\"primaryImageOfPage\":{\"@id\":\"https:\/\/bolting.eu\/en\/shop\/kletterfuehrer-innsbruck-rock-versante-sud\/#primaryimage\"},\"image\":{\"@id\":\"https:\/\/bolting.eu\/en\/shop\/kletterfuehrer-innsbruck-rock-versante-sud\/#primaryimage\"},\"thumbnailUrl\":\"https:\/\/bolting.eu\/wp-content\/uploads\/2025\/12\/Innsbruck-Rock-5.jpg\",\"datePublished\":\"2025-12-02T15:59:59+00:00\",\"dateModified\":\"2026-03-13T16:32:32+00:00\",\"description\":\"Kletterf\u00fchrer Innsbruck Rock Versante Sud beim Kletterprofi kaufen \u2705 Trausted Shop \u2705 kostenloser Versand* \u2705 14 Tage R\u00fcckgaberecht \u2705 Co2 neutraler Versand\",\"breadcrumb\":{\"@id\":\"https:\/\/bolting.eu\/en\/shop\/kletterfuehrer-innsbruck-rock-versante-sud\/#breadcrumb\"},\"inLanguage\":\"en-US\",\"potentialAction\":[{\"@type\":\"ReadAction\",\"target\":[\"https:\/\/bolting.eu\/en\/shop\/kletterfuehrer-innsbruck-rock-versante-sud\/\"]}]},{\"@type\":\"ImageObject\",\"inLanguage\":\"en-US\",\"@id\":\"https:\/\/bolting.eu\/en\/shop\/kletterfuehrer-innsbruck-rock-versante-sud\/#primaryimage\",\"url\":\"https:\/\/bolting.eu\/wp-content\/uploads\/2025\/12\/Innsbruck-Rock-5.jpg\",\"contentUrl\":\"https:\/\/bolting.eu\/wp-content\/uploads\/2025\/12\/Innsbruck-Rock-5.jpg\",\"width\":700,\"height\":700,\"caption\":\"Cover des Kletterf\u00fchrer Innsbruck Rock mit Klettererin im H\u00f6ttinger Steinbruch, dahinter die Stadt Innsbruck.\"},{\"@type\":\"BreadcrumbList\",\"@id\":\"https:\/\/bolting.eu\/en\/shop\/kletterfuehrer-innsbruck-rock-versante-sud\/#breadcrumb\",\"itemListElement\":[{\"@type\":\"ListItem\",\"position\":1,\"name\":\"Shop\",\"item\":\"https:\/\/bolting.eu\/en\/shop\/\"},{\"@type\":\"ListItem\",\"position\":2,\"name\":\"climbing equipment\",\"item\":\"https:\/\/bolting.eu\/en\/produkt-kategorie\/climbing-equipment\/\"},{\"@type\":\"ListItem\",\"position\":3,\"name\":\"Kletterf\u00fchrer\",\"item\":\"https:\/\/bolting.eu\/produkt-kategorie\/kletterausruestung\/kletterfuehrer\/\"},{\"@type\":\"ListItem\",\"position\":4,\"name\":\"Kletterf\u00fchrer Innsbruck Rock &#8211; Versante Sud\"}]},{\"@type\":\"WebSite\",\"@id\":\"https:\/\/bolting.eu\/en\/#website\",\"url\":\"https:\/\/bolting.eu\/en\/\",\"name\":\"bolting.eu\",\"description\":\"we make climbs happen\",\"publisher\":{\"@id\":\"https:\/\/bolting.eu\/en\/#organization\"},\"potentialAction\":[{\"@type\":\"SearchAction\",\"target\":{\"@type\":\"EntryPoint\",\"urlTemplate\":\"https:\/\/bolting.eu\/en\/?s={search_term_string}\"},\"query-input\":{\"@type\":\"PropertyValueSpecification\",\"valueRequired\":true,\"valueName\":\"search_term_string\"}}],\"inLanguage\":\"en-US\"},{\"@type\":[\"Organization\",\"Place\",\"SportingGoodsStore\"],\"@id\":\"https:\/\/bolting.eu\/en\/#organization\",\"name\":\"bolting.eu\",\"url\":\"https:\/\/bolting.eu\/en\/\",\"logo\":{\"@id\":\"https:\/\/bolting.eu\/en\/shop\/kletterfuehrer-innsbruck-rock-versante-sud\/#local-main-organization-logo\"},\"image\":{\"@id\":\"https:\/\/bolting.eu\/en\/shop\/kletterfuehrer-innsbruck-rock-versante-sud\/#local-main-organization-logo\"},\"sameAs\":[\"https:\/\/www.facebook.com\/bolting.eu\",\"https:\/\/www.instagram.com\/bolting.eu\/\"],\"address\":{\"@id\":\"https:\/\/bolting.eu\/en\/shop\/kletterfuehrer-innsbruck-rock-versante-sud\/#local-main-place-address\"},\"geo\":{\"@type\":\"GeoCoordinates\",\"latitude\":\"47.264176340396226\",\"longitude\":\"11.380109057672346\"},\"telephone\":[\"+43 699 19083372\"],\"openingHoursSpecification\":[{\"@type\":\"OpeningHoursSpecification\",\"dayOfWeek\":[\"Monday\",\"Wednesday\",\"Friday\"],\"opens\":\"14:00\",\"closes\":\"18:00\"},{\"@type\":\"OpeningHoursSpecification\",\"dayOfWeek\":[\"Tuesday\",\"Thursday\",\"Saturday\",\"Sunday\"],\"opens\":\"00:00\",\"closes\":\"00:00\"}],\"email\":\"office@bolting.eu\",\"vatID\":\"ATU59999728\",\"priceRange\":\"$$\",\"currenciesAccepted\":\"Euro\"},{\"@type\":\"PostalAddress\",\"@id\":\"https:\/\/bolting.eu\/en\/shop\/kletterfuehrer-innsbruck-rock-versante-sud\/#local-main-place-address\",\"streetAddress\":\"Fischnalerstra\u00dfe 4\",\"addressLocality\":\"Innsbruck\",\"postalCode\":\"6020\",\"addressRegion\":\"Tirol\",\"addressCountry\":\"AT\"},{\"@type\":\"ImageObject\",\"inLanguage\":\"en-US\",\"@id\":\"https:\/\/bolting.eu\/en\/shop\/kletterfuehrer-innsbruck-rock-versante-sud\/#local-main-organization-logo\",\"url\":\"https:\/\/bolting.eu\/wp-content\/uploads\/2019\/09\/bolting-logo.png\",\"contentUrl\":\"https:\/\/bolting.eu\/wp-content\/uploads\/2019\/09\/bolting-logo.png\",\"width\":400,\"height\":211,\"caption\":\"bolting.eu\"}]}<\/script>\n<meta property=\"product:price:amount\" content=\"44.00\" \/>\n<meta property=\"product:price:currency\" content=\"EUR\" \/>\n<meta property=\"og:availability\" content=\"instock\" \/>\n<meta property=\"product:availability\" content=\"instock\" \/>\n<meta property=\"product:retailer_item_id\" content=\"VS_IBKR\" \/>\n<meta property=\"product:condition\" content=\"new\" \/>\n<meta name=\"geo.placename\" content=\"Innsbruck\" \/>\n<meta name=\"geo.position\" content=\"47.264176340396226;11.380109057672346\" \/>\n<meta name=\"geo.region\" content=\"Austria\" \/>\n<!-- \/ Yoast SEO Premium plugin. -->","yoast_head_json":{"title":"Kletterf\u00fchrer Innsbruck Rock - Versante Sud | bolting.eu","description":"Kletterf\u00fchrer Innsbruck Rock Versante Sud beim Kletterprofi kaufen \u2705 Trausted Shop \u2705 kostenloser Versand* \u2705 14 Tage R\u00fcckgaberecht \u2705 Co2 neutraler Versand","robots":{"index":"index","follow":"follow","max-snippet":"max-snippet:-1","max-image-preview":"max-image-preview:large","max-video-preview":"max-video-preview:-1"},"canonical":"https:\/\/bolting.eu\/en\/shop\/kletterfuehrer-innsbruck-rock-versante-sud\/","og_locale":"en_US","og_type":"article","og_title":"Kletterf\u00fchrer Innsbruck Rock - Versante Sud","og_description":"Kletterf\u00fchrer Innsbruck Rock Versante Sud beim Kletterprofi kaufen \u2705 Trausted Shop \u2705 kostenloser Versand* \u2705 14 Tage R\u00fcckgaberecht \u2705 Co2 neutraler Versand","og_url":"https:\/\/bolting.eu\/en\/shop\/kletterfuehrer-innsbruck-rock-versante-sud\/","og_site_name":"bolting.eu","article_publisher":"https:\/\/www.facebook.com\/bolting.eu","article_modified_time":"2026-03-13T16:32:32+00:00","og_image":[{"width":700,"height":700,"url":"https:\/\/bolting.eu\/wp-content\/uploads\/2025\/12\/Innsbruck-Rock-5.jpg","type":"image\/jpeg"}],"twitter_card":"summary_large_image","twitter_misc":{"Price":"&euro;&nbsp;44,00","Availability":"In stock"},"schema":{"@context":"https:\/\/schema.org","@graph":[{"@type":["WebPage","ItemPage"],"@id":"https:\/\/bolting.eu\/en\/shop\/kletterfuehrer-innsbruck-rock-versante-sud\/","url":"https:\/\/bolting.eu\/en\/shop\/kletterfuehrer-innsbruck-rock-versante-sud\/","name":"Kletterf\u00fchrer Innsbruck Rock - Versante Sud | bolting.eu","isPartOf":{"@id":"https:\/\/bolting.eu\/en\/#website"},"primaryImageOfPage":{"@id":"https:\/\/bolting.eu\/en\/shop\/kletterfuehrer-innsbruck-rock-versante-sud\/#primaryimage"},"image":{"@id":"https:\/\/bolting.eu\/en\/shop\/kletterfuehrer-innsbruck-rock-versante-sud\/#primaryimage"},"thumbnailUrl":"https:\/\/bolting.eu\/wp-content\/uploads\/2025\/12\/Innsbruck-Rock-5.jpg","datePublished":"2025-12-02T15:59:59+00:00","dateModified":"2026-03-13T16:32:32+00:00","description":"Kletterf\u00fchrer Innsbruck Rock Versante Sud beim Kletterprofi kaufen \u2705 Trausted Shop \u2705 kostenloser Versand* \u2705 14 Tage R\u00fcckgaberecht \u2705 Co2 neutraler Versand","breadcrumb":{"@id":"https:\/\/bolting.eu\/en\/shop\/kletterfuehrer-innsbruck-rock-versante-sud\/#breadcrumb"},"inLanguage":"en-US","potentialAction":[{"@type":"ReadAction","target":["https:\/\/bolting.eu\/en\/shop\/kletterfuehrer-innsbruck-rock-versante-sud\/"]}]},{"@type":"ImageObject","inLanguage":"en-US","@id":"https:\/\/bolting.eu\/en\/shop\/kletterfuehrer-innsbruck-rock-versante-sud\/#primaryimage","url":"https:\/\/bolting.eu\/wp-content\/uploads\/2025\/12\/Innsbruck-Rock-5.jpg","contentUrl":"https:\/\/bolting.eu\/wp-content\/uploads\/2025\/12\/Innsbruck-Rock-5.jpg","width":700,"height":700,"caption":"Cover des Kletterf\u00fchrer Innsbruck Rock mit Klettererin im H\u00f6ttinger Steinbruch, dahinter die Stadt Innsbruck."},{"@type":"BreadcrumbList","@id":"https:\/\/bolting.eu\/en\/shop\/kletterfuehrer-innsbruck-rock-versante-sud\/#breadcrumb","itemListElement":[{"@type":"ListItem","position":1,"name":"Shop","item":"https:\/\/bolting.eu\/en\/shop\/"},{"@type":"ListItem","position":2,"name":"climbing equipment","item":"https:\/\/bolting.eu\/en\/produkt-kategorie\/climbing-equipment\/"},{"@type":"ListItem","position":3,"name":"Kletterf\u00fchrer","item":"https:\/\/bolting.eu\/produkt-kategorie\/kletterausruestung\/kletterfuehrer\/"},{"@type":"ListItem","position":4,"name":"Kletterf\u00fchrer Innsbruck Rock &#8211; Versante Sud"}]},{"@type":"WebSite","@id":"https:\/\/bolting.eu\/en\/#website","url":"https:\/\/bolting.eu\/en\/","name":"bolting.eu","description":"we make climbs happen","publisher":{"@id":"https:\/\/bolting.eu\/en\/#organization"},"potentialAction":[{"@type":"SearchAction","target":{"@type":"EntryPoint","urlTemplate":"https:\/\/bolting.eu\/en\/?s={search_term_string}"},"query-input":{"@type":"PropertyValueSpecification","valueRequired":true,"valueName":"search_term_string"}}],"inLanguage":"en-US"},{"@type":["Organization","Place","SportingGoodsStore"],"@id":"https:\/\/bolting.eu\/en\/#organization","name":"bolting.eu","url":"https:\/\/bolting.eu\/en\/","logo":{"@id":"https:\/\/bolting.eu\/en\/shop\/kletterfuehrer-innsbruck-rock-versante-sud\/#local-main-organization-logo"},"image":{"@id":"https:\/\/bolting.eu\/en\/shop\/kletterfuehrer-innsbruck-rock-versante-sud\/#local-main-organization-logo"},"sameAs":["https:\/\/www.facebook.com\/bolting.eu","https:\/\/www.instagram.com\/bolting.eu\/"],"address":{"@id":"https:\/\/bolting.eu\/en\/shop\/kletterfuehrer-innsbruck-rock-versante-sud\/#local-main-place-address"},"geo":{"@type":"GeoCoordinates","latitude":"47.264176340396226","longitude":"11.380109057672346"},"telephone":["+43 699 19083372"],"openingHoursSpecification":[{"@type":"OpeningHoursSpecification","dayOfWeek":["Monday","Wednesday","Friday"],"opens":"14:00","closes":"18:00"},{"@type":"OpeningHoursSpecification","dayOfWeek":["Tuesday","Thursday","Saturday","Sunday"],"opens":"00:00","closes":"00:00"}],"email":"office@bolting.eu","vatID":"ATU59999728","priceRange":"$$","currenciesAccepted":"Euro"},{"@type":"PostalAddress","@id":"https:\/\/bolting.eu\/en\/shop\/kletterfuehrer-innsbruck-rock-versante-sud\/#local-main-place-address","streetAddress":"Fischnalerstra\u00dfe 4","addressLocality":"Innsbruck","postalCode":"6020","addressRegion":"Tirol","addressCountry":"AT"},{"@type":"ImageObject","inLanguage":"en-US","@id":"https:\/\/bolting.eu\/en\/shop\/kletterfuehrer-innsbruck-rock-versante-sud\/#local-main-organization-logo","url":"https:\/\/bolting.eu\/wp-content\/uploads\/2019\/09\/bolting-logo.png","contentUrl":"https:\/\/bolting.eu\/wp-content\/uploads\/2019\/09\/bolting-logo.png","width":400,"height":211,"caption":"bolting.eu"}]},"product_price_amount":"44.00","product_price_currency":"EUR","og_availability":"instock","product_availability":"instock","product_retailer_item_id":"VS_IBKR","product_condition":"new","geo.placename":"Innsbruck","geo.position":{"lat":"47.264176340396226","long":"11.380109057672346"},"geo.region":"Austria"},"_links":{"self":[{"href":"https:\/\/bolting.eu\/en\/wp-json\/wp\/v2\/product\/35471","targetHints":{"allow":["GET"]}}],"collection":[{"href":"https:\/\/bolting.eu\/en\/wp-json\/wp\/v2\/product"}],"about":[{"href":"https:\/\/bolting.eu\/en\/wp-json\/wp\/v2\/types\/product"}],"replies":[{"embeddable":true,"href":"https:\/\/bolting.eu\/en\/wp-json\/wp\/v2\/comments?post=35471"}],"wp:featuredmedia":[{"embeddable":true,"href":"https:\/\/bolting.eu\/en\/wp-json\/wp\/v2\/media\/35474"}],"wp:attachment":[{"href":"https:\/\/bolting.eu\/en\/wp-json\/wp\/v2\/media?parent=35471"}],"wp:term":[{"taxonomy":"product_brand","embeddable":true,"href":"https:\/\/bolting.eu\/en\/wp-json\/wp\/v2\/product_brand?post=35471"},{"taxonomy":"product_cat","embeddable":true,"href":"https:\/\/bolting.eu\/en\/wp-json\/wp\/v2\/product_cat?post=35471"},{"taxonomy":"product_tag","embeddable":true,"href":"https:\/\/bolting.eu\/en\/wp-json\/wp\/v2\/product_tag?post=35471"}],"curies":[{"name":"wp","href":"https:\/\/api.w.org\/{rel}","templated":true}]}}