{"id":3547,"date":"2020-05-27T17:50:11","date_gmt":"2020-05-27T15:50:11","guid":{"rendered":"https:\/\/bolting.eu\/?post_type=product&#038;p=3547"},"modified":"2025-08-04T21:07:35","modified_gmt":"2025-08-04T19:07:35","slug":"camp-dyneema-daisy-chain","status":"publish","type":"product","link":"https:\/\/bolting.eu\/en\/shop\/camp-dyneema-daisy-chain\/","title":{"rendered":"Camp Dyneema Daisy Chain"},"content":{"rendered":"<p>Die Camp Dyneema Daisy Chain ist eine klassische Daisy. D.h. sie besteht einer einer Bandschlinge mit abgen\u00e4hten Schlaufen. Die zwei Einsatzgebiete dieser Schlinge sind wenig \u00fcberraschend. Erstens zur Positionierung bei Arbeiten am Seil. Zweitens zum Techno Klettern, weshalb sie in keiner <a href=\"https:\/\/bolting.eu\/produkt-kategorie\/big-wall-ausruestung\/\">Big Wall Ausr\u00fcstung<\/a> fehlen sollte. Dabei macht das Dyneema Material eine gute Figur. Denn es ist sehr schnittfest und nimmt kein Wasser auf.<\/p>\n<p>Wie bei allen klassischen Daisy Chains gilt. Nicht als PSA = Pers\u00f6nliche Schutzausr\u00fcstung verwenden! Denn diese Bauweise birgt die Gefahr des kompletten Aush\u00e4ngens, wenn man den <a href=\"https:\/\/bolting.eu\/produkt-kategorie\/karabiner-kletterkarabiner\/\">Karabiner<\/a> falsch \u00fcber eine Schlaufe einh\u00e4ngt (siehe Video unten!).<\/p>\n<h3>Eigenschaften Camp Dyneema Daisy Chain<\/h3>\n<ul>\n<li>Hersteller: Camp &#8211; Cassin<\/li>\n<li>Material: 12mm breites Dyneema (Polyethylen)<\/li>\n<li>Gewicht: 65 Gramm<\/li>\n<li>L\u00e4nge: 120cm mit 13 Schlaufen<\/li>\n<li>Einbindeschlaufe verdreht f\u00fcr sauberen Ankerstich<\/li>\n<li>Bruchlast Schlinge: 22kN<\/li>\n<li>Bruchlast Schlaufen: 3kN<\/li>\n<li>Gefahr des Aush\u00e4ngens des Karabiners bei Bruch der Schlaufen<\/li>\n<li>Karabiner immer mit Mastwurf am Ende fixieren!<\/li>\n<\/ul>\n<h3>Video zum Sicherheitshinweis<\/h3>\n<p>Die Camp Dyneema Daisy Chain birgt &#8211; wie alle klassischen Daisys &#8211; die Gefahr des Aush\u00e4ngens des Karabiners. Dies kann beim Bruch einer der Schlaufen geschehen. Deshalb muss man unbedingt den Karabiner mit einem Mastwurf ins Ende dieser <a href=\"https:\/\/bolting.eu\/produkt-kategorie\/bandschlinge\/\">Bandschlinge<\/a> einbinden.<\/p>\n<p><iframe loading=\"lazy\" src=\"https:\/\/www.youtube.com\/embed\/KgEp8u2mZAM\" width=\"100%\" height=\"350\" frameborder=\"0\" allowfullscreen=\"allowfullscreen\"><span data-mce-type=\"bookmark\" style=\"display: inline-block; width: 0px; overflow: hidden; line-height: 0;\" class=\"mce_SELRES_start\">\ufeff<\/span><\/iframe><\/p>\n<h3>Gebrauchsfrist Camp Dyneema Daisy Chain<\/h3>\n<p>Nach 3-5 Jahren erreicht jede Bandschlinge ihre Gebrauchsfrist. D.h. auch Eure Daisy ist dann auszutauschen. Der genaue Zeitpunkt h\u00e4ngt von der Intensit\u00e4t bzw. H\u00e4ufigkeit der Verwendung ab.<\/p>\n<p>Zudem m\u00fcsst ihr eure Schlinge regelm\u00e4\u00dfig auf Sch\u00e4den kontrollieren. \u00dcberpr\u00fcft haptisch und optisch ob das Band noch ganz in Ordnung ist. Bei groben Sch\u00e4den ist die Schlinge sofort auszutauschen.<\/p>\n<h3>Beim Techno Klettern im Paar verwenden<\/h3>\n<p>Wer die Camp Dyneema Daisy Chain beim Techno Klettern verwendet, braucht 2 St\u00fcck davon. Denn nur die abwechselnde Verwendung von zwei Schlingen sorgt f\u00fcr eine \u00f6konomische Vorw\u00e4rtsbewegung. Zudem kann man so auch sein K\u00f6rpergewicht manchmal bewusst auf zwei Sicherungspunkte verteilen. Das ist beispielsweise wichtig wenn man schlechte Copperheads oder Micro-Nuts verwendet.<\/p>\n<h3>Praxis Tipp Metolius Easy Daisy<\/h3>\n<p><a href=\"https:\/\/bolting.eu\/wp-content\/uploads\/2020\/05\/Austrialpin-Ovalo-Schnapper-eloxiert.jpg\"><img loading=\"lazy\" decoding=\"async\" class=\"alignleft wp-image-3546\" src=\"https:\/\/bolting.eu\/wp-content\/uploads\/2020\/05\/Austrialpin-Ovalo-Schnapper-eloxiert-280x280.jpg\" sizes=\"auto, (max-width: 150px) 100vw, 150px\" srcset=\"https:\/\/bolting.eu\/wp-content\/uploads\/2020\/05\/Austrialpin-Ovalo-Schnapper-eloxiert-280x280.jpg 280w, https:\/\/bolting.eu\/wp-content\/uploads\/2020\/05\/Austrialpin-Ovalo-Schnapper-eloxiert-400x400.jpg 400w, https:\/\/bolting.eu\/wp-content\/uploads\/2020\/05\/Austrialpin-Ovalo-Schnapper-eloxiert-300x300.jpg 300w, https:\/\/bolting.eu\/wp-content\/uploads\/2020\/05\/Austrialpin-Ovalo-Schnapper-eloxiert-100x100.jpg 100w, https:\/\/bolting.eu\/wp-content\/uploads\/2020\/05\/Austrialpin-Ovalo-Schnapper-eloxiert.jpg 520w\" alt=\"Das Bild zeigt einen Austrialpin Ovalo Schnappkarabiner eloxiert in gelb.\" width=\"150\" height=\"150\" \/><\/a>Verwendet f\u00fcr diese Daisy Chain einen ovalen Karabiner. Durch seinen kleinen Radius passt diese in viel mehr Placements als ein normaler Schnapper. Beispielsweise passt er auch in Felshaken-Normalhaken die ganz tief in Verschneidungen stecken.<\/p>\n<p>&nbsp;<\/p>\n<p>Link Tipp: <a href=\"https:\/\/www.camp.it\/homeoutdoor.aspx\" target=\"_blank\" rel=\"noopener noreferrer\">zum Hersteller<\/a><\/p>\n","protected":false},"excerpt":{"rendered":"<ul>\n<li>Hersteller: Camp &#8211; Cassin<\/li>\n<li>Material: 12mm breites Dyneema (Polyethylen)<\/li>\n<li>Gewicht: 65 Gramm<\/li>\n<li>L\u00e4nge: 120cm mit 13 Schlaufen<\/li>\n<li>Einbindeschlaufe verdreht f\u00fcr sauberen Ankerstich<\/li>\n<li>Bruchlast Schlinge: 22kN<\/li>\n<li>Bruchlast Schlaufen: 3kN<\/li>\n<li>Gefahr des Aush\u00e4ngens des Karabiners bei Bruch der Schlaufen<\/li>\n<li>Karabiner immer mit Mastwurf am Ende fixieren!<\/li>\n<\/ul>\n","protected":false},"featured_media":3539,"comment_status":"open","ping_status":"closed","template":"","meta":[],"product_brand":[],"product_cat":[8207,29,31,259,4653,7707],"product_tag":[265],"class_list":{"0":"post-3547","1":"product","2":"type-product","3":"status-publish","4":"has-post-thumbnail","6":"product_cat-daisy-chain-klettern","7":"product_cat-kletterausruestung","8":"product_cat-big-wall-ausruestung","9":"product_cat-bandschlinge","10":"product_cat-camp-cassin","11":"product_cat-dyneema-bandschlingen","12":"product_tag-big-wall-klettern","14":"first","15":"outofstock","16":"taxable","17":"shipping-taxable","18":"purchasable","19":"product-type-simple"},"yoast_head":"<!-- This site is optimized with the Yoast SEO Premium plugin v26.9 (Yoast SEO v26.9) - https:\/\/yoast.com\/product\/yoast-seo-premium-wordpress\/ -->\n<title>Camp Dyneema Daisy Chain - online kaufen beim Kletterprofi bolting.eu<\/title>\n<meta name=\"description\" content=\"Hier findest Du die CAMP DYNEEMA DAISY CHAIN. Eine Positionierungsschlinge f\u00fcr Big Walls und H\u00f6henarbeiten. Jetzt online beim Kletterprofi aus \ud83c\udde6\ud83c\uddf9kaufen!\" \/>\n<meta name=\"robots\" content=\"index, follow, max-snippet:-1, max-image-preview:large, max-video-preview:-1\" \/>\n<link rel=\"canonical\" href=\"https:\/\/bolting.eu\/en\/shop\/camp-dyneema-daisy-chain\/\" \/>\n<meta property=\"og:locale\" content=\"en_US\" \/>\n<meta property=\"og:type\" content=\"article\" \/>\n<meta property=\"og:title\" content=\"Camp Dyneema Daisy Chain\" \/>\n<meta property=\"og:description\" content=\"Hier findest Du die CAMP DYNEEMA DAISY CHAIN. Eine Positionierungsschlinge f\u00fcr Big Walls und H\u00f6henarbeiten. Jetzt online beim Kletterprofi aus \ud83c\udde6\ud83c\uddf9kaufen!\" \/>\n<meta property=\"og:url\" content=\"https:\/\/bolting.eu\/en\/shop\/camp-dyneema-daisy-chain\/\" \/>\n<meta property=\"og:site_name\" content=\"bolting.eu\" \/>\n<meta property=\"article:publisher\" content=\"https:\/\/www.facebook.com\/bolting.eu\" \/>\n<meta property=\"article:modified_time\" content=\"2025-08-04T19:07:35+00:00\" \/>\n<meta property=\"og:image\" content=\"https:\/\/bolting.eu\/wp-content\/uploads\/2020\/05\/Camp-Dyneema-Daisy-Chain.jpg\" \/>\n\t<meta property=\"og:image:width\" content=\"700\" \/>\n\t<meta property=\"og:image:height\" content=\"700\" \/>\n\t<meta property=\"og:image:type\" content=\"image\/jpeg\" \/>\n<meta name=\"twitter:card\" content=\"summary_large_image\" \/>\n<meta name=\"twitter:label1\" content=\"Price\" \/>\n\t<meta name=\"twitter:data1\" content=\"&euro;&nbsp;29,95\" \/>\n\t<meta name=\"twitter:label2\" content=\"Availability\" \/>\n\t<meta name=\"twitter:data2\" content=\"Out of stock\" \/>\n<script type=\"application\/ld+json\" class=\"yoast-schema-graph\">{\"@context\":\"https:\/\/schema.org\",\"@graph\":[{\"@type\":[\"WebPage\",\"ItemPage\"],\"@id\":\"https:\/\/bolting.eu\/en\/shop\/camp-dyneema-daisy-chain\/\",\"url\":\"https:\/\/bolting.eu\/en\/shop\/camp-dyneema-daisy-chain\/\",\"name\":\"Camp Dyneema Daisy Chain - online kaufen beim Kletterprofi bolting.eu\",\"isPartOf\":{\"@id\":\"https:\/\/bolting.eu\/en\/#website\"},\"primaryImageOfPage\":{\"@id\":\"https:\/\/bolting.eu\/en\/shop\/camp-dyneema-daisy-chain\/#primaryimage\"},\"image\":{\"@id\":\"https:\/\/bolting.eu\/en\/shop\/camp-dyneema-daisy-chain\/#primaryimage\"},\"thumbnailUrl\":\"https:\/\/bolting.eu\/wp-content\/uploads\/2020\/05\/Camp-Dyneema-Daisy-Chain.jpg\",\"datePublished\":\"2020-05-27T15:50:11+00:00\",\"dateModified\":\"2025-08-04T19:07:35+00:00\",\"description\":\"Hier findest Du die CAMP DYNEEMA DAISY CHAIN. Eine Positionierungsschlinge f\u00fcr Big Walls und H\u00f6henarbeiten. Jetzt online beim Kletterprofi aus \ud83c\udde6\ud83c\uddf9kaufen!\",\"breadcrumb\":{\"@id\":\"https:\/\/bolting.eu\/en\/shop\/camp-dyneema-daisy-chain\/#breadcrumb\"},\"inLanguage\":\"en-US\",\"potentialAction\":[{\"@type\":\"ReadAction\",\"target\":[\"https:\/\/bolting.eu\/en\/shop\/camp-dyneema-daisy-chain\/\"]}]},{\"@type\":\"ImageObject\",\"inLanguage\":\"en-US\",\"@id\":\"https:\/\/bolting.eu\/en\/shop\/camp-dyneema-daisy-chain\/#primaryimage\",\"url\":\"https:\/\/bolting.eu\/wp-content\/uploads\/2020\/05\/Camp-Dyneema-Daisy-Chain.jpg\",\"contentUrl\":\"https:\/\/bolting.eu\/wp-content\/uploads\/2020\/05\/Camp-Dyneema-Daisy-Chain.jpg\",\"width\":700,\"height\":700,\"caption\":\"Das Bild zeigt eine blaue Daisy Chain Klettern. Die Camp Dyneema Daisy Chain liegt im Halbkreis in Bildmitte. Man erkennt sofort ihre Bauweise und Funktion!\"},{\"@type\":\"BreadcrumbList\",\"@id\":\"https:\/\/bolting.eu\/en\/shop\/camp-dyneema-daisy-chain\/#breadcrumb\",\"itemListElement\":[{\"@type\":\"ListItem\",\"position\":1,\"name\":\"Shop\",\"item\":\"https:\/\/bolting.eu\/en\/shop\/\"},{\"@type\":\"ListItem\",\"position\":2,\"name\":\"climbing equipment\",\"item\":\"https:\/\/bolting.eu\/en\/produkt-kategorie\/climbing-equipment\/\"},{\"@type\":\"ListItem\",\"position\":3,\"name\":\"Bandschlinge\",\"item\":\"https:\/\/bolting.eu\/produkt-kategorie\/kletterausruestung\/bandschlinge\/\"},{\"@type\":\"ListItem\",\"position\":4,\"name\":\"Daisy Chain Klettern\",\"item\":\"https:\/\/bolting.eu\/produkt-kategorie\/kletterausruestung\/bandschlinge\/daisy-chain-klettern\/\"},{\"@type\":\"ListItem\",\"position\":5,\"name\":\"Camp Dyneema Daisy Chain\"}]},{\"@type\":\"WebSite\",\"@id\":\"https:\/\/bolting.eu\/en\/#website\",\"url\":\"https:\/\/bolting.eu\/en\/\",\"name\":\"bolting.eu\",\"description\":\"we make climbs happen\",\"publisher\":{\"@id\":\"https:\/\/bolting.eu\/en\/#organization\"},\"potentialAction\":[{\"@type\":\"SearchAction\",\"target\":{\"@type\":\"EntryPoint\",\"urlTemplate\":\"https:\/\/bolting.eu\/en\/?s={search_term_string}\"},\"query-input\":{\"@type\":\"PropertyValueSpecification\",\"valueRequired\":true,\"valueName\":\"search_term_string\"}}],\"inLanguage\":\"en-US\"},{\"@type\":[\"Organization\",\"Place\",\"SportingGoodsStore\"],\"@id\":\"https:\/\/bolting.eu\/en\/#organization\",\"name\":\"bolting.eu\",\"url\":\"https:\/\/bolting.eu\/en\/\",\"logo\":{\"@id\":\"https:\/\/bolting.eu\/en\/shop\/camp-dyneema-daisy-chain\/#local-main-organization-logo\"},\"image\":{\"@id\":\"https:\/\/bolting.eu\/en\/shop\/camp-dyneema-daisy-chain\/#local-main-organization-logo\"},\"sameAs\":[\"https:\/\/www.facebook.com\/bolting.eu\",\"https:\/\/www.instagram.com\/bolting.eu\/\"],\"address\":{\"@id\":\"https:\/\/bolting.eu\/en\/shop\/camp-dyneema-daisy-chain\/#local-main-place-address\"},\"geo\":{\"@type\":\"GeoCoordinates\",\"latitude\":\"47.264176340396226\",\"longitude\":\"11.380109057672346\"},\"telephone\":[\"+43 699 19083372\"],\"openingHoursSpecification\":[{\"@type\":\"OpeningHoursSpecification\",\"dayOfWeek\":[\"Monday\",\"Wednesday\",\"Friday\"],\"opens\":\"14:00\",\"closes\":\"18:00\"},{\"@type\":\"OpeningHoursSpecification\",\"dayOfWeek\":[\"Tuesday\",\"Thursday\",\"Saturday\",\"Sunday\"],\"opens\":\"00:00\",\"closes\":\"00:00\"}],\"email\":\"office@bolting.eu\",\"vatID\":\"ATU59999728\",\"priceRange\":\"$$\",\"currenciesAccepted\":\"Euro\"},{\"@type\":\"PostalAddress\",\"@id\":\"https:\/\/bolting.eu\/en\/shop\/camp-dyneema-daisy-chain\/#local-main-place-address\",\"streetAddress\":\"Fischnalerstra\u00dfe 4\",\"addressLocality\":\"Innsbruck\",\"postalCode\":\"6020\",\"addressRegion\":\"Tirol\",\"addressCountry\":\"AT\"},{\"@type\":\"ImageObject\",\"inLanguage\":\"en-US\",\"@id\":\"https:\/\/bolting.eu\/en\/shop\/camp-dyneema-daisy-chain\/#local-main-organization-logo\",\"url\":\"https:\/\/bolting.eu\/wp-content\/uploads\/2019\/09\/bolting-logo.png\",\"contentUrl\":\"https:\/\/bolting.eu\/wp-content\/uploads\/2019\/09\/bolting-logo.png\",\"width\":400,\"height\":211,\"caption\":\"bolting.eu\"}]}<\/script>\n<meta property=\"og:video\" content=\"https:\/\/www.youtube.com\/embed\/KgEp8u2mZAM\" \/>\n<meta property=\"og:video:type\" content=\"text\/html\" \/>\n<meta property=\"og:video:duration\" content=\"100\" \/>\n<meta property=\"og:video:width\" content=\"480\" \/>\n<meta property=\"og:video:height\" content=\"360\" \/>\n<meta property=\"ya:ovs:adult\" content=\"false\" \/>\n<meta property=\"ya:ovs:upload_date\" content=\"2020-05-27T15:50:11+00:00\" \/>\n<meta property=\"ya:ovs:allow_embed\" content=\"true\" \/>\n<meta property=\"product:price:amount\" content=\"29.95\" \/>\n<meta property=\"product:price:currency\" content=\"EUR\" \/>\n<meta property=\"og:availability\" content=\"out of stock\" \/>\n<meta property=\"product:availability\" content=\"out of stock\" \/>\n<meta property=\"product:retailer_item_id\" content=\"Camp_250\" \/>\n<meta property=\"product:condition\" content=\"new\" \/>\n<meta name=\"geo.placename\" content=\"Innsbruck\" \/>\n<meta name=\"geo.position\" content=\"47.264176340396226;11.380109057672346\" \/>\n<meta name=\"geo.region\" content=\"Austria\" \/>\n<!-- \/ Yoast SEO Premium plugin. -->","yoast_head_json":{"title":"Camp Dyneema Daisy Chain - online kaufen beim Kletterprofi bolting.eu","description":"Hier findest Du die CAMP DYNEEMA DAISY CHAIN. Eine Positionierungsschlinge f\u00fcr Big Walls und H\u00f6henarbeiten. Jetzt online beim Kletterprofi aus \ud83c\udde6\ud83c\uddf9kaufen!","robots":{"index":"index","follow":"follow","max-snippet":"max-snippet:-1","max-image-preview":"max-image-preview:large","max-video-preview":"max-video-preview:-1"},"canonical":"https:\/\/bolting.eu\/en\/shop\/camp-dyneema-daisy-chain\/","og_locale":"en_US","og_type":"article","og_title":"Camp Dyneema Daisy Chain","og_description":"Hier findest Du die CAMP DYNEEMA DAISY CHAIN. Eine Positionierungsschlinge f\u00fcr Big Walls und H\u00f6henarbeiten. Jetzt online beim Kletterprofi aus \ud83c\udde6\ud83c\uddf9kaufen!","og_url":"https:\/\/bolting.eu\/en\/shop\/camp-dyneema-daisy-chain\/","og_site_name":"bolting.eu","article_publisher":"https:\/\/www.facebook.com\/bolting.eu","article_modified_time":"2025-08-04T19:07:35+00:00","og_image":[{"width":700,"height":700,"url":"https:\/\/bolting.eu\/wp-content\/uploads\/2020\/05\/Camp-Dyneema-Daisy-Chain.jpg","type":"image\/jpeg"}],"twitter_card":"summary_large_image","twitter_misc":{"Price":"&euro;&nbsp;29,95","Availability":"Out of stock"},"schema":{"@context":"https:\/\/schema.org","@graph":[{"@type":["WebPage","ItemPage"],"@id":"https:\/\/bolting.eu\/en\/shop\/camp-dyneema-daisy-chain\/","url":"https:\/\/bolting.eu\/en\/shop\/camp-dyneema-daisy-chain\/","name":"Camp Dyneema Daisy Chain - online kaufen beim Kletterprofi bolting.eu","isPartOf":{"@id":"https:\/\/bolting.eu\/en\/#website"},"primaryImageOfPage":{"@id":"https:\/\/bolting.eu\/en\/shop\/camp-dyneema-daisy-chain\/#primaryimage"},"image":{"@id":"https:\/\/bolting.eu\/en\/shop\/camp-dyneema-daisy-chain\/#primaryimage"},"thumbnailUrl":"https:\/\/bolting.eu\/wp-content\/uploads\/2020\/05\/Camp-Dyneema-Daisy-Chain.jpg","datePublished":"2020-05-27T15:50:11+00:00","dateModified":"2025-08-04T19:07:35+00:00","description":"Hier findest Du die CAMP DYNEEMA DAISY CHAIN. Eine Positionierungsschlinge f\u00fcr Big Walls und H\u00f6henarbeiten. Jetzt online beim Kletterprofi aus \ud83c\udde6\ud83c\uddf9kaufen!","breadcrumb":{"@id":"https:\/\/bolting.eu\/en\/shop\/camp-dyneema-daisy-chain\/#breadcrumb"},"inLanguage":"en-US","potentialAction":[{"@type":"ReadAction","target":["https:\/\/bolting.eu\/en\/shop\/camp-dyneema-daisy-chain\/"]}]},{"@type":"ImageObject","inLanguage":"en-US","@id":"https:\/\/bolting.eu\/en\/shop\/camp-dyneema-daisy-chain\/#primaryimage","url":"https:\/\/bolting.eu\/wp-content\/uploads\/2020\/05\/Camp-Dyneema-Daisy-Chain.jpg","contentUrl":"https:\/\/bolting.eu\/wp-content\/uploads\/2020\/05\/Camp-Dyneema-Daisy-Chain.jpg","width":700,"height":700,"caption":"Das Bild zeigt eine blaue Daisy Chain Klettern. Die Camp Dyneema Daisy Chain liegt im Halbkreis in Bildmitte. Man erkennt sofort ihre Bauweise und Funktion!"},{"@type":"BreadcrumbList","@id":"https:\/\/bolting.eu\/en\/shop\/camp-dyneema-daisy-chain\/#breadcrumb","itemListElement":[{"@type":"ListItem","position":1,"name":"Shop","item":"https:\/\/bolting.eu\/en\/shop\/"},{"@type":"ListItem","position":2,"name":"climbing equipment","item":"https:\/\/bolting.eu\/en\/produkt-kategorie\/climbing-equipment\/"},{"@type":"ListItem","position":3,"name":"Bandschlinge","item":"https:\/\/bolting.eu\/produkt-kategorie\/kletterausruestung\/bandschlinge\/"},{"@type":"ListItem","position":4,"name":"Daisy Chain Klettern","item":"https:\/\/bolting.eu\/produkt-kategorie\/kletterausruestung\/bandschlinge\/daisy-chain-klettern\/"},{"@type":"ListItem","position":5,"name":"Camp Dyneema Daisy Chain"}]},{"@type":"WebSite","@id":"https:\/\/bolting.eu\/en\/#website","url":"https:\/\/bolting.eu\/en\/","name":"bolting.eu","description":"we make climbs happen","publisher":{"@id":"https:\/\/bolting.eu\/en\/#organization"},"potentialAction":[{"@type":"SearchAction","target":{"@type":"EntryPoint","urlTemplate":"https:\/\/bolting.eu\/en\/?s={search_term_string}"},"query-input":{"@type":"PropertyValueSpecification","valueRequired":true,"valueName":"search_term_string"}}],"inLanguage":"en-US"},{"@type":["Organization","Place","SportingGoodsStore"],"@id":"https:\/\/bolting.eu\/en\/#organization","name":"bolting.eu","url":"https:\/\/bolting.eu\/en\/","logo":{"@id":"https:\/\/bolting.eu\/en\/shop\/camp-dyneema-daisy-chain\/#local-main-organization-logo"},"image":{"@id":"https:\/\/bolting.eu\/en\/shop\/camp-dyneema-daisy-chain\/#local-main-organization-logo"},"sameAs":["https:\/\/www.facebook.com\/bolting.eu","https:\/\/www.instagram.com\/bolting.eu\/"],"address":{"@id":"https:\/\/bolting.eu\/en\/shop\/camp-dyneema-daisy-chain\/#local-main-place-address"},"geo":{"@type":"GeoCoordinates","latitude":"47.264176340396226","longitude":"11.380109057672346"},"telephone":["+43 699 19083372"],"openingHoursSpecification":[{"@type":"OpeningHoursSpecification","dayOfWeek":["Monday","Wednesday","Friday"],"opens":"14:00","closes":"18:00"},{"@type":"OpeningHoursSpecification","dayOfWeek":["Tuesday","Thursday","Saturday","Sunday"],"opens":"00:00","closes":"00:00"}],"email":"office@bolting.eu","vatID":"ATU59999728","priceRange":"$$","currenciesAccepted":"Euro"},{"@type":"PostalAddress","@id":"https:\/\/bolting.eu\/en\/shop\/camp-dyneema-daisy-chain\/#local-main-place-address","streetAddress":"Fischnalerstra\u00dfe 4","addressLocality":"Innsbruck","postalCode":"6020","addressRegion":"Tirol","addressCountry":"AT"},{"@type":"ImageObject","inLanguage":"en-US","@id":"https:\/\/bolting.eu\/en\/shop\/camp-dyneema-daisy-chain\/#local-main-organization-logo","url":"https:\/\/bolting.eu\/wp-content\/uploads\/2019\/09\/bolting-logo.png","contentUrl":"https:\/\/bolting.eu\/wp-content\/uploads\/2019\/09\/bolting-logo.png","width":400,"height":211,"caption":"bolting.eu"}]},"og_video":"https:\/\/www.youtube.com\/embed\/KgEp8u2mZAM","og_video_type":"text\/html","og_video_duration":"100","og_video_width":"480","og_video_height":"360","ya_ovs_adult":"false","ya_ovs_upload_date":"2020-05-27T15:50:11+00:00","ya_ovs_allow_embed":"true","product_price_amount":"29.95","product_price_currency":"EUR","og_availability":"out of stock","product_availability":"out of stock","product_retailer_item_id":"Camp_250","product_condition":"new","geo.placename":"Innsbruck","geo.position":{"lat":"47.264176340396226","long":"11.380109057672346"},"geo.region":"Austria"},"_links":{"self":[{"href":"https:\/\/bolting.eu\/en\/wp-json\/wp\/v2\/product\/3547","targetHints":{"allow":["GET"]}}],"collection":[{"href":"https:\/\/bolting.eu\/en\/wp-json\/wp\/v2\/product"}],"about":[{"href":"https:\/\/bolting.eu\/en\/wp-json\/wp\/v2\/types\/product"}],"replies":[{"embeddable":true,"href":"https:\/\/bolting.eu\/en\/wp-json\/wp\/v2\/comments?post=3547"}],"wp:featuredmedia":[{"embeddable":true,"href":"https:\/\/bolting.eu\/en\/wp-json\/wp\/v2\/media\/3539"}],"wp:attachment":[{"href":"https:\/\/bolting.eu\/en\/wp-json\/wp\/v2\/media?parent=3547"}],"wp:term":[{"taxonomy":"product_brand","embeddable":true,"href":"https:\/\/bolting.eu\/en\/wp-json\/wp\/v2\/product_brand?post=3547"},{"taxonomy":"product_cat","embeddable":true,"href":"https:\/\/bolting.eu\/en\/wp-json\/wp\/v2\/product_cat?post=3547"},{"taxonomy":"product_tag","embeddable":true,"href":"https:\/\/bolting.eu\/en\/wp-json\/wp\/v2\/product_tag?post=3547"}],"curies":[{"name":"wp","href":"https:\/\/api.w.org\/{rel}","templated":true}]}}