{"id":3529,"date":"2020-05-26T16:31:48","date_gmt":"2020-05-26T14:31:48","guid":{"rendered":"https:\/\/bolting.eu\/?post_type=product&#038;p=3529"},"modified":"2026-03-04T19:37:09","modified_gmt":"2026-03-04T18:37:09","slug":"beal-birdie","status":"publish","type":"product","link":"https:\/\/bolting.eu\/en\/shop\/beal-birdie\/","title":{"rendered":"Beal Birdie"},"content":{"rendered":"<p>Das Beal Birdie ist ein halbautomatisches <a href=\"https:\/\/bolting.eu\/produkt-kategorie\/sicherungsgeraete-klettern\/\">Sicherungsger\u00e4t<\/a>. Dieser Halbautomat ist eine gelungene Alternative zum <a href=\"https:\/\/bolting.eu\/shop\/petzl-grigri-plus\/\">Petzl GriGri<\/a> oder <a href=\"https:\/\/bolting.eu\/shop\/petzl-neox\/\">Neox<\/a>. Denn das Birdie hat hat 2025 einige Neuerungen erhalten.<\/p>\n<figure id=\"attachment_3531\" aria-describedby=\"caption-attachment-3531\" style=\"width: 280px\" class=\"wp-caption alignleft\"><a href=\"https:\/\/bolting.eu\/wp-content\/uploads\/2020\/05\/Beal-Birdie-2.jpg\"><img loading=\"lazy\" decoding=\"async\" class=\"wp-image-3531 size-thumbnail\" src=\"https:\/\/bolting.eu\/wp-content\/uploads\/2020\/05\/Beal-Birdie-2-280x280.jpg\" alt=\"Das Bild zeigt das Beal Birdie. Der Halbautomat in gr\u00fcn ist in Bildmitte zu sehen mit leicht ge\u00f6ffneten Ablasshebel. Man erkennt das produkt und seine Features sehr gut.\" width=\"280\" height=\"280\" srcset=\"https:\/\/bolting.eu\/wp-content\/uploads\/2020\/05\/Beal-Birdie-2-280x280.jpg 280w, https:\/\/bolting.eu\/wp-content\/uploads\/2020\/05\/Beal-Birdie-2-247x247.jpg 247w, https:\/\/bolting.eu\/wp-content\/uploads\/2020\/05\/Beal-Birdie-2-100x100.jpg 100w, https:\/\/bolting.eu\/wp-content\/uploads\/2020\/05\/Beal-Birdie-2-510x510.jpg 510w, https:\/\/bolting.eu\/wp-content\/uploads\/2020\/05\/Beal-Birdie-2-400x400.jpg 400w, https:\/\/bolting.eu\/wp-content\/uploads\/2020\/05\/Beal-Birdie-2-300x300.jpg 300w, https:\/\/bolting.eu\/wp-content\/uploads\/2020\/05\/Beal-Birdie-2-600x600.jpg 600w, https:\/\/bolting.eu\/wp-content\/uploads\/2020\/05\/Beal-Birdie-2.jpg 700w\" sizes=\"auto, (max-width: 280px) 100vw, 280px\" \/><\/a><figcaption id=\"caption-attachment-3531\" class=\"wp-caption-text\">Designsch\u00f6n, funktionell und preiswert. Das Beal Birdie; Foto: beal-planet.com<\/figcaption><\/figure>\n<p>Erstens besteht das Birdie zur G\u00e4nze aus Stahl. Kein Plastik findet sich hier. Die Klemmnocken sind sogar aus Edelstahl und sorgen f\u00fcr entsprechend lange Lebensdauer dieses Sicherungsger\u00e4tes.<\/p>\n<p>Zweitens l\u00e4uft beim Birdie das Seil im Ablassmodus gerade ins Sicherungsger\u00e4t. Das &#8220;auf die Seite Legen&#8221; f\u00e4llt komplett weg. Somit kann es beim Seil zu keinem Krangeln kommen.<\/p>\n<p>Drittens kann sich das Seil beim Einholen unter Spannung in keiner Rille verfangen. Hier haben die Ingenieure ganze Arbeitet geleistet.<\/p>\n<p>Alles in allem ergibt sich bei etwas d\u00fcnneren Seilen ein super tolles Handling. Vor allem die Seilausgabe ist viel fl\u00fcssiger als beim GriGri. Insbesondere kommt es weniger oft zum &#8220;Steckenbleiben&#8221; bei schnellem Ausgeben. Zudem muss man auch keine eigene Sicherungsmethode lernen.<\/p>\n<p>Der einzige kleine Nachteil gegen\u00fcber dem derzeitigen Marktf\u00fchrer ist das Gewicht. Der Halbautomat bringt wegen der reinen Stahlkonstruktion 52 Gramm mehr auf die Waage.<\/p>\n<p>Daf\u00fcr sieht das Birdie unserer Meinung nach aber auch besser aus.<\/p>\n<h2>Eigenschaften Beal Biride<\/h2>\n<ul>\n<li>Hersteller: <a href=\"https:\/\/bolting.eu\/produkt-kategorie\/beal\/\">Beal<\/a><\/li>\n<li>Typ: halbautomatisches Sicherungsger\u00e4t<\/li>\n<li>Material: Stahl bzw. Edelstahl<\/li>\n<li>Norm: EN 15151-2<\/li>\n<li>Gewicht: 210 Gramm<\/li>\n<li>Seildurchmesser: 8,5 &#8211; 10.5mm<\/li>\n<li>fl\u00fcssige Seilausgabe<\/li>\n<li>selbstblockierend beim Abseilen<\/li>\n<li>Farben: Gr\u00fcn und Orange<\/li>\n<\/ul>\n<h3>Produktvideo<\/h3>\n<p>Bilder sagen mehr als 1.000 Worte. Deshalb schaut euch einfach des Beal Birdie Produktvideo an.<\/p>\n<p><iframe loading=\"lazy\" title=\"Beal Birdie EN\" width=\"1020\" height=\"574\" src=\"https:\/\/www.youtube.com\/embed\/gS-b7O7s3hc?feature=oembed\" frameborder=\"0\" allow=\"accelerometer; autoplay; clipboard-write; encrypted-media; gyroscope; picture-in-picture; web-share\" referrerpolicy=\"strict-origin-when-cross-origin\" allowfullscreen><\/iframe><\/p>\n<h3>Beal Birdie &#8211; die St\u00e4rken<\/h3>\n<p>Beal hat sich viel Zeit f\u00fcr diesen neuen Halbautomaten gelassen. Und das war gut so! Denn dabei ist ein spitzen Produkt herausgekommen.<\/p>\n<p>Denn das Birdie beseitigt quasi alle Schwachstellen des derzeitigen Marktf\u00fchrers.<\/p>\n<p>Dieses Produkt besteht zur G\u00e4nze aus Stahl. \u00dcberdies sind die Klemmnocken sogar aus Edelstahl. Somit ist eine extreme Langlebigkeit gew\u00e4hrleistet. Des weiteren l\u00e4uft bei diesem Sicherungser\u00e4t das <a href=\"https:\/\/bolting.eu\/produkt-kategorie\/kletterseil\/\">Kletterseil<\/a> &#8220;gerade&#8221; hinein. Oder besser ausgedr\u00fcckt. Das Seil l\u00e4uft ganz nat\u00fcrlich. Kein &#8220;Umknicken&#8221; und deshalb auch keine eigene Sicherungsmethode. Das Seil l\u00e4uft richtig sch\u00f6n fl\u00fcssig ins Ger\u00e4t und sorgt f\u00fcr ein perfektes Handling.<\/p>\n<h4><strong>Perfekt f\u00fcr d\u00fcnnere Seile<\/strong><\/h4>\n<h4>Das Beal Birdie richtet sich ganz an der Tendenz des Marktes nach d\u00fcnnen Kletterseilen aus. D.h. es wurde speziell f\u00fcr Seile von bereits 8,5mm bis 10,5mm konzipiert. Somit ist ein sehr gutes Handling auch bei d\u00fcnnsten Einfachseilen gew\u00e4hrleistet.<\/h4>\n<h4><strong>Empfohlener Karabiner<\/strong><\/h4>\n<p>Wir empfehlen euch drei <a href=\"https:\/\/bolting.eu\/produkt-kategorie\/karabiner-kletterkarabiner\/\">Karabiner<\/a> f\u00fcr das Beal Birdie. Entweder ihr nehmt einen ovalf\u00f6rmigen <a href=\"https:\/\/bolting.eu\/produkt-kategorie\/kletterausruestung\/kletterkarabiner\/schraubkarabiner\/\">Schraubkarabiner<\/a> bzw. <a href=\"https:\/\/bolting.eu\/produkt-kategorie\/kletterausruestung\/kletterkarabiner\/twist-lock-karabiner\/\">Twist Lock<\/a>. Oder einen <a href=\"https:\/\/bolting.eu\/produkt-kategorie\/kletterausruestung\/kletterkarabiner\/schraubkarabiner\/\">Sicherungskarabiner<\/a>. D.h. einen jener Karabiner den man mit einem kleinen Schnapper an der Sicherungsschlaufe des Gurtes fix ausrichten kann.<\/p>\n<figure id=\"attachment_3530\" aria-describedby=\"caption-attachment-3530\" style=\"width: 762px\" class=\"wp-caption alignnone\"><a href=\"https:\/\/bolting.eu\/wp-content\/uploads\/2020\/05\/Karabiner-Empfehlungen-Beal-Birdie.jpg\"><img loading=\"lazy\" decoding=\"async\" class=\"wp-image-3530 size-medium\" src=\"https:\/\/bolting.eu\/wp-content\/uploads\/2020\/05\/Karabiner-Empfehlungen-Beal-Birdie-762x400.jpg\" alt=\"Das Bild zeigt drei Karabiner Empfehlungen f\u00fcr das Beal Birdie. Von links nach rechts sind zu sehen: ein gelber, ovaler Schraubkarabiner, ein blauer Drehkarabiner mit Positionierungshilfe sowie ein silberner, ovaler Twist Lock Karabiner.\" width=\"762\" height=\"400\" srcset=\"https:\/\/bolting.eu\/wp-content\/uploads\/2020\/05\/Karabiner-Empfehlungen-Beal-Birdie-762x400.jpg 762w, https:\/\/bolting.eu\/wp-content\/uploads\/2020\/05\/Karabiner-Empfehlungen-Beal-Birdie-510x268.jpg 510w, https:\/\/bolting.eu\/wp-content\/uploads\/2020\/05\/Karabiner-Empfehlungen-Beal-Birdie-768x403.jpg 768w, https:\/\/bolting.eu\/wp-content\/uploads\/2020\/05\/Karabiner-Empfehlungen-Beal-Birdie-600x315.jpg 600w, https:\/\/bolting.eu\/wp-content\/uploads\/2020\/05\/Karabiner-Empfehlungen-Beal-Birdie.jpg 1200w\" sizes=\"auto, (max-width: 762px) 100vw, 762px\" \/><\/a><figcaption id=\"caption-attachment-3530\" class=\"wp-caption-text\">Drei Vorschl\u00e4ge f\u00fcr Karabiner zum Beal Birdie; Grafik: bolting.eu<\/figcaption><\/figure>\n<h3>Beal Birdie &#8211; Nachteile?<\/h3>\n<p>Richtige Nachteile hat dieser Halbautomat unserer Meinung nach nicht. Vor allem seit dem Overhaul 2025. Da wurden alle Schwachstellen wie z.B. der zu d\u00fcnne Ablasshebel beseitigt.<\/p>\n<p>Einzig das Gewicht ist etwas h\u00f6her als beim derzeitigen Marktf\u00fchrer f\u00fcr Halbautomaten. Das Birdie bringt 210 Gramm auf die Waage. Dies sind knapp 50 Gramm mehr und ist der durchgehenden Stahlkonstruktion geschuldet.<\/p>\n<h3>Vergleich mit Marktf\u00fchrer<\/h3>\n<p>In der folgenden \u00dcbersicht vergleichen wir das GriGri 2 mit dem Beal Birdie.<\/p>\n<p>&nbsp;<\/p>\n<table width=\"891\">\n<tbody>\n<tr>\n<td style=\"text-align: center;\" width=\"107\"><strong>Modell<\/strong><\/td>\n<td style=\"text-align: center;\" width=\"100\"><strong>Gewicht<\/strong><\/td>\n<td style=\"text-align: center;\" width=\"116\"><strong>Material<\/strong><\/td>\n<td style=\"text-align: center;\" width=\"117\"><strong>Seildurchmesser<\/strong><\/td>\n<td style=\"text-align: center;\" width=\"135\"><strong>Seilachse<\/strong><\/td>\n<td style=\"text-align: center;\" width=\"140\"><strong>Sicherungsmethode<\/strong><\/td>\n<td style=\"text-align: center;\" width=\"176\"><strong>Bugs<\/strong><\/td>\n<\/tr>\n<tr>\n<td style=\"text-align: center;\" width=\"107\"><em><strong>Petzl GriGri2<\/strong><\/em><\/td>\n<td style=\"text-align: center;\" width=\"100\">170 Gramm<\/td>\n<td style=\"text-align: center;\" width=\"116\">\n<ul>\n<li style=\"text-align: left;\">Stahl<\/li>\n<li style=\"text-align: left;\">Aluminium<\/li>\n<li style=\"text-align: left;\">Plastik<\/li>\n<\/ul>\n<\/td>\n<td style=\"text-align: center;\" width=\"117\">8,9-11mm<\/td>\n<td style=\"text-align: center;\" width=\"135\">l\u00e4uft diagonal ein<\/td>\n<td style=\"text-align: center;\" width=\"140\">Gaswerk Methode<\/td>\n<td style=\"text-align: center;\" width=\"176\">Seil kann sich im belasteten Zustand in Schlitz verklemmen<\/td>\n<\/tr>\n<tr>\n<td style=\"text-align: center;\" width=\"107\"><em><strong>Beal Birdie<\/strong><\/em><\/td>\n<td style=\"text-align: center;\" width=\"100\">210 Gramm<\/td>\n<td style=\"text-align: center;\" width=\"116\">\n<ul>\n<li style=\"text-align: left;\">Stahl<\/li>\n<li style=\"text-align: left;\">Edelstahl<\/li>\n<\/ul>\n<\/td>\n<td style=\"text-align: center;\" width=\"117\">8,5-10,5mm<\/td>\n<td style=\"text-align: center;\" width=\"135\">l\u00e4uft gerade ein<\/td>\n<td style=\"text-align: center;\" width=\"140\">keine<\/td>\n<td style=\"text-align: center;\" width=\"176\">keine bekannt<\/td>\n<\/tr>\n<\/tbody>\n<\/table>\n<p>Link Tipp: <a href=\"https:\/\/sport.beal-planet.com\/\">zum Hersteller<\/a><\/p>\n","protected":false},"excerpt":{"rendered":"<p>Halbautomatisches Sicherungsger\u00e4t f\u00fcr 8,5 &#8211; 10,5mm Kletterseile. Dieses l\u00e4uft&#8221;gerade&#8221; ins Ger\u00e4t und somit gibt es kein Krangeln mehr.<\/p>\n<p>Ideal zum Sportklettern bzw. f\u00fcr die Kletterhalle.<\/p>\n<p>Versandkostenfrei bis 2kg in <img decoding=\"async\" class=\"emoji\" role=\"img\" draggable=\"false\" src=\"https:\/\/s.w.org\/images\/core\/emoji\/14.0.0\/svg\/1f1e6-1f1f9.svg\" alt=\"\ud83c\udde6\ud83c\uddf9\" \/> ab \u20ac 100,- und <img decoding=\"async\" class=\"emoji\" role=\"img\" draggable=\"false\" src=\"https:\/\/s.w.org\/images\/core\/emoji\/14.0.0\/svg\/1f1e9-1f1ea.svg\" alt=\"\ud83c\udde9\ud83c\uddea\" \/> ab \u20ac 200,-!<\/p>\n","protected":false},"featured_media":22335,"comment_status":"open","ping_status":"closed","template":"","meta":[],"product_brand":[],"product_cat":[3711,4663,14447,29],"product_tag":[2229],"class_list":{"0":"post-3529","1":"product","2":"type-product","3":"status-publish","4":"has-post-thumbnail","6":"product_cat-sicherungsgeraete-klettern","7":"product_cat-beal","8":"product_cat-abseilgeraete","9":"product_cat-kletterausruestung","10":"product_tag-abseilen","12":"first","13":"instock","14":"taxable","15":"shipping-taxable","16":"purchasable","17":"product-type-variable"},"yoast_head":"<!-- This site is optimized with the Yoast SEO Premium plugin v26.9 (Yoast SEO v26.9) - https:\/\/yoast.com\/product\/yoast-seo-premium-wordpress\/ -->\n<title>Beal Birdie Halbautomatisches Sicherungsger\u00e4t | bolting.eu<\/title>\n<meta name=\"description\" content=\"BEAL BIRDIE Sicherungsger\u00e4t beim Kletter Hardware Profi kaufen \u2705 Trusted Shop \u2705 kostenloser Versand* \u2705 14 Tage R\u00fcckgaberecht \u2705 Co2 neutrale Zustellung\" \/>\n<meta name=\"robots\" content=\"index, follow, max-snippet:-1, max-image-preview:large, max-video-preview:-1\" \/>\n<link rel=\"canonical\" href=\"https:\/\/bolting.eu\/en\/shop\/beal-birdie\/\" \/>\n<meta property=\"og:locale\" content=\"en_US\" \/>\n<meta property=\"og:type\" content=\"article\" \/>\n<meta property=\"og:title\" content=\"Beal Birdie\" \/>\n<meta property=\"og:description\" content=\"BEAL BIRDIE Sicherungsger\u00e4t beim Kletter Hardware Profi kaufen \u2705 Trusted Shop \u2705 kostenloser Versand* \u2705 14 Tage R\u00fcckgaberecht \u2705 Co2 neutrale Zustellung\" \/>\n<meta property=\"og:url\" content=\"https:\/\/bolting.eu\/en\/shop\/beal-birdie\/\" \/>\n<meta property=\"og:site_name\" content=\"bolting.eu\" \/>\n<meta property=\"article:publisher\" content=\"https:\/\/www.facebook.com\/bolting.eu\" \/>\n<meta property=\"article:modified_time\" content=\"2026-03-04T18:37:09+00:00\" \/>\n<meta property=\"og:image\" content=\"https:\/\/bolting.eu\/wp-content\/uploads\/2020\/05\/Beal-Bordie-hellblau.jpg\" \/>\n\t<meta property=\"og:image:width\" content=\"700\" \/>\n\t<meta property=\"og:image:height\" content=\"700\" \/>\n\t<meta property=\"og:image:type\" content=\"image\/jpeg\" \/>\n<meta name=\"twitter:card\" content=\"summary_large_image\" \/>\n<meta name=\"twitter:label1\" content=\"Availability\" \/>\n\t<meta name=\"twitter:data1\" content=\"In stock\" \/>\n<script type=\"application\/ld+json\" class=\"yoast-schema-graph\">{\"@context\":\"https:\/\/schema.org\",\"@graph\":[{\"@type\":[\"WebPage\",\"ItemPage\"],\"@id\":\"https:\/\/bolting.eu\/en\/shop\/beal-birdie\/\",\"url\":\"https:\/\/bolting.eu\/en\/shop\/beal-birdie\/\",\"name\":\"Beal Birdie Halbautomatisches Sicherungsger\u00e4t | bolting.eu\",\"isPartOf\":{\"@id\":\"https:\/\/bolting.eu\/en\/#website\"},\"primaryImageOfPage\":{\"@id\":\"https:\/\/bolting.eu\/en\/shop\/beal-birdie\/#primaryimage\"},\"image\":{\"@id\":\"https:\/\/bolting.eu\/en\/shop\/beal-birdie\/#primaryimage\"},\"thumbnailUrl\":\"https:\/\/bolting.eu\/wp-content\/uploads\/2020\/05\/Beal-Bordie-hellblau.jpg\",\"datePublished\":\"2020-05-26T14:31:48+00:00\",\"dateModified\":\"2026-03-04T18:37:09+00:00\",\"description\":\"BEAL BIRDIE Sicherungsger\u00e4t beim Kletter Hardware Profi kaufen \u2705 Trusted Shop \u2705 kostenloser Versand* \u2705 14 Tage R\u00fcckgaberecht \u2705 Co2 neutrale Zustellung\",\"breadcrumb\":{\"@id\":\"https:\/\/bolting.eu\/en\/shop\/beal-birdie\/#breadcrumb\"},\"inLanguage\":\"en-US\",\"potentialAction\":[{\"@type\":\"ReadAction\",\"target\":[\"https:\/\/bolting.eu\/en\/shop\/beal-birdie\/\"]}]},{\"@type\":\"ImageObject\",\"inLanguage\":\"en-US\",\"@id\":\"https:\/\/bolting.eu\/en\/shop\/beal-birdie\/#primaryimage\",\"url\":\"https:\/\/bolting.eu\/wp-content\/uploads\/2020\/05\/Beal-Bordie-hellblau.jpg\",\"contentUrl\":\"https:\/\/bolting.eu\/wp-content\/uploads\/2020\/05\/Beal-Bordie-hellblau.jpg\",\"width\":700,\"height\":700,\"caption\":\"Hellblaues Beal Birdie Sicherungsger\u00e4t mit violettem Ablasshebel.\"},{\"@type\":\"BreadcrumbList\",\"@id\":\"https:\/\/bolting.eu\/en\/shop\/beal-birdie\/#breadcrumb\",\"itemListElement\":[{\"@type\":\"ListItem\",\"position\":1,\"name\":\"Shop\",\"item\":\"https:\/\/bolting.eu\/en\/shop\/\"},{\"@type\":\"ListItem\",\"position\":2,\"name\":\"climbing equipment\",\"item\":\"https:\/\/bolting.eu\/en\/produkt-kategorie\/climbing-equipment\/\"},{\"@type\":\"ListItem\",\"position\":3,\"name\":\"Sicherungsger\u00e4te Klettern\",\"item\":\"https:\/\/bolting.eu\/produkt-kategorie\/kletterausruestung\/sicherungsgeraete-klettern\/\"},{\"@type\":\"ListItem\",\"position\":4,\"name\":\"Beal Birdie\"}]},{\"@type\":\"WebSite\",\"@id\":\"https:\/\/bolting.eu\/en\/#website\",\"url\":\"https:\/\/bolting.eu\/en\/\",\"name\":\"bolting.eu\",\"description\":\"we make climbs happen\",\"publisher\":{\"@id\":\"https:\/\/bolting.eu\/en\/#organization\"},\"potentialAction\":[{\"@type\":\"SearchAction\",\"target\":{\"@type\":\"EntryPoint\",\"urlTemplate\":\"https:\/\/bolting.eu\/en\/?s={search_term_string}\"},\"query-input\":{\"@type\":\"PropertyValueSpecification\",\"valueRequired\":true,\"valueName\":\"search_term_string\"}}],\"inLanguage\":\"en-US\"},{\"@type\":[\"Organization\",\"Place\",\"SportingGoodsStore\"],\"@id\":\"https:\/\/bolting.eu\/en\/#organization\",\"name\":\"bolting.eu\",\"url\":\"https:\/\/bolting.eu\/en\/\",\"logo\":{\"@id\":\"https:\/\/bolting.eu\/en\/shop\/beal-birdie\/#local-main-organization-logo\"},\"image\":{\"@id\":\"https:\/\/bolting.eu\/en\/shop\/beal-birdie\/#local-main-organization-logo\"},\"sameAs\":[\"https:\/\/www.facebook.com\/bolting.eu\",\"https:\/\/www.instagram.com\/bolting.eu\/\"],\"address\":{\"@id\":\"https:\/\/bolting.eu\/en\/shop\/beal-birdie\/#local-main-place-address\"},\"geo\":{\"@type\":\"GeoCoordinates\",\"latitude\":\"47.264176340396226\",\"longitude\":\"11.380109057672346\"},\"telephone\":[\"+43 699 19083372\"],\"openingHoursSpecification\":[{\"@type\":\"OpeningHoursSpecification\",\"dayOfWeek\":[\"Monday\",\"Wednesday\",\"Friday\"],\"opens\":\"14:00\",\"closes\":\"18:00\"},{\"@type\":\"OpeningHoursSpecification\",\"dayOfWeek\":[\"Tuesday\",\"Thursday\",\"Saturday\",\"Sunday\"],\"opens\":\"00:00\",\"closes\":\"00:00\"}],\"email\":\"office@bolting.eu\",\"vatID\":\"ATU59999728\",\"priceRange\":\"$$\",\"currenciesAccepted\":\"Euro\"},{\"@type\":\"PostalAddress\",\"@id\":\"https:\/\/bolting.eu\/en\/shop\/beal-birdie\/#local-main-place-address\",\"streetAddress\":\"Fischnalerstra\u00dfe 4\",\"addressLocality\":\"Innsbruck\",\"postalCode\":\"6020\",\"addressRegion\":\"Tirol\",\"addressCountry\":\"AT\"},{\"@type\":\"ImageObject\",\"inLanguage\":\"en-US\",\"@id\":\"https:\/\/bolting.eu\/en\/shop\/beal-birdie\/#local-main-organization-logo\",\"url\":\"https:\/\/bolting.eu\/wp-content\/uploads\/2019\/09\/bolting-logo.png\",\"contentUrl\":\"https:\/\/bolting.eu\/wp-content\/uploads\/2019\/09\/bolting-logo.png\",\"width\":400,\"height\":211,\"caption\":\"bolting.eu\"}]}<\/script>\n<meta property=\"og:video\" content=\"https:\/\/www.youtube.com\/embed\/gS-b7O7s3hc\" \/>\n<meta property=\"og:video:type\" content=\"text\/html\" \/>\n<meta property=\"og:video:duration\" content=\"61\" \/>\n<meta property=\"og:video:width\" content=\"480\" \/>\n<meta property=\"og:video:height\" content=\"270\" \/>\n<meta property=\"ya:ovs:adult\" content=\"false\" \/>\n<meta property=\"ya:ovs:upload_date\" content=\"2020-05-26T14:31:48+00:00\" \/>\n<meta property=\"ya:ovs:allow_embed\" content=\"true\" \/>\n<meta property=\"og:availability\" content=\"instock\" \/>\n<meta property=\"product:availability\" content=\"instock\" \/>\n<meta property=\"product:condition\" content=\"new\" \/>\n<meta name=\"geo.placename\" content=\"Innsbruck\" \/>\n<meta name=\"geo.position\" content=\"47.264176340396226;11.380109057672346\" \/>\n<meta name=\"geo.region\" content=\"Austria\" \/>\n<!-- \/ Yoast SEO Premium plugin. -->","yoast_head_json":{"title":"Beal Birdie Halbautomatisches Sicherungsger\u00e4t | bolting.eu","description":"BEAL BIRDIE Sicherungsger\u00e4t beim Kletter Hardware Profi kaufen \u2705 Trusted Shop \u2705 kostenloser Versand* \u2705 14 Tage R\u00fcckgaberecht \u2705 Co2 neutrale Zustellung","robots":{"index":"index","follow":"follow","max-snippet":"max-snippet:-1","max-image-preview":"max-image-preview:large","max-video-preview":"max-video-preview:-1"},"canonical":"https:\/\/bolting.eu\/en\/shop\/beal-birdie\/","og_locale":"en_US","og_type":"article","og_title":"Beal Birdie","og_description":"BEAL BIRDIE Sicherungsger\u00e4t beim Kletter Hardware Profi kaufen \u2705 Trusted Shop \u2705 kostenloser Versand* \u2705 14 Tage R\u00fcckgaberecht \u2705 Co2 neutrale Zustellung","og_url":"https:\/\/bolting.eu\/en\/shop\/beal-birdie\/","og_site_name":"bolting.eu","article_publisher":"https:\/\/www.facebook.com\/bolting.eu","article_modified_time":"2026-03-04T18:37:09+00:00","og_image":[{"width":700,"height":700,"url":"https:\/\/bolting.eu\/wp-content\/uploads\/2020\/05\/Beal-Bordie-hellblau.jpg","type":"image\/jpeg"}],"twitter_card":"summary_large_image","twitter_misc":{"Availability":"In stock"},"schema":{"@context":"https:\/\/schema.org","@graph":[{"@type":["WebPage","ItemPage"],"@id":"https:\/\/bolting.eu\/en\/shop\/beal-birdie\/","url":"https:\/\/bolting.eu\/en\/shop\/beal-birdie\/","name":"Beal Birdie Halbautomatisches Sicherungsger\u00e4t | bolting.eu","isPartOf":{"@id":"https:\/\/bolting.eu\/en\/#website"},"primaryImageOfPage":{"@id":"https:\/\/bolting.eu\/en\/shop\/beal-birdie\/#primaryimage"},"image":{"@id":"https:\/\/bolting.eu\/en\/shop\/beal-birdie\/#primaryimage"},"thumbnailUrl":"https:\/\/bolting.eu\/wp-content\/uploads\/2020\/05\/Beal-Bordie-hellblau.jpg","datePublished":"2020-05-26T14:31:48+00:00","dateModified":"2026-03-04T18:37:09+00:00","description":"BEAL BIRDIE Sicherungsger\u00e4t beim Kletter Hardware Profi kaufen \u2705 Trusted Shop \u2705 kostenloser Versand* \u2705 14 Tage R\u00fcckgaberecht \u2705 Co2 neutrale Zustellung","breadcrumb":{"@id":"https:\/\/bolting.eu\/en\/shop\/beal-birdie\/#breadcrumb"},"inLanguage":"en-US","potentialAction":[{"@type":"ReadAction","target":["https:\/\/bolting.eu\/en\/shop\/beal-birdie\/"]}]},{"@type":"ImageObject","inLanguage":"en-US","@id":"https:\/\/bolting.eu\/en\/shop\/beal-birdie\/#primaryimage","url":"https:\/\/bolting.eu\/wp-content\/uploads\/2020\/05\/Beal-Bordie-hellblau.jpg","contentUrl":"https:\/\/bolting.eu\/wp-content\/uploads\/2020\/05\/Beal-Bordie-hellblau.jpg","width":700,"height":700,"caption":"Hellblaues Beal Birdie Sicherungsger\u00e4t mit violettem Ablasshebel."},{"@type":"BreadcrumbList","@id":"https:\/\/bolting.eu\/en\/shop\/beal-birdie\/#breadcrumb","itemListElement":[{"@type":"ListItem","position":1,"name":"Shop","item":"https:\/\/bolting.eu\/en\/shop\/"},{"@type":"ListItem","position":2,"name":"climbing equipment","item":"https:\/\/bolting.eu\/en\/produkt-kategorie\/climbing-equipment\/"},{"@type":"ListItem","position":3,"name":"Sicherungsger\u00e4te Klettern","item":"https:\/\/bolting.eu\/produkt-kategorie\/kletterausruestung\/sicherungsgeraete-klettern\/"},{"@type":"ListItem","position":4,"name":"Beal Birdie"}]},{"@type":"WebSite","@id":"https:\/\/bolting.eu\/en\/#website","url":"https:\/\/bolting.eu\/en\/","name":"bolting.eu","description":"we make climbs happen","publisher":{"@id":"https:\/\/bolting.eu\/en\/#organization"},"potentialAction":[{"@type":"SearchAction","target":{"@type":"EntryPoint","urlTemplate":"https:\/\/bolting.eu\/en\/?s={search_term_string}"},"query-input":{"@type":"PropertyValueSpecification","valueRequired":true,"valueName":"search_term_string"}}],"inLanguage":"en-US"},{"@type":["Organization","Place","SportingGoodsStore"],"@id":"https:\/\/bolting.eu\/en\/#organization","name":"bolting.eu","url":"https:\/\/bolting.eu\/en\/","logo":{"@id":"https:\/\/bolting.eu\/en\/shop\/beal-birdie\/#local-main-organization-logo"},"image":{"@id":"https:\/\/bolting.eu\/en\/shop\/beal-birdie\/#local-main-organization-logo"},"sameAs":["https:\/\/www.facebook.com\/bolting.eu","https:\/\/www.instagram.com\/bolting.eu\/"],"address":{"@id":"https:\/\/bolting.eu\/en\/shop\/beal-birdie\/#local-main-place-address"},"geo":{"@type":"GeoCoordinates","latitude":"47.264176340396226","longitude":"11.380109057672346"},"telephone":["+43 699 19083372"],"openingHoursSpecification":[{"@type":"OpeningHoursSpecification","dayOfWeek":["Monday","Wednesday","Friday"],"opens":"14:00","closes":"18:00"},{"@type":"OpeningHoursSpecification","dayOfWeek":["Tuesday","Thursday","Saturday","Sunday"],"opens":"00:00","closes":"00:00"}],"email":"office@bolting.eu","vatID":"ATU59999728","priceRange":"$$","currenciesAccepted":"Euro"},{"@type":"PostalAddress","@id":"https:\/\/bolting.eu\/en\/shop\/beal-birdie\/#local-main-place-address","streetAddress":"Fischnalerstra\u00dfe 4","addressLocality":"Innsbruck","postalCode":"6020","addressRegion":"Tirol","addressCountry":"AT"},{"@type":"ImageObject","inLanguage":"en-US","@id":"https:\/\/bolting.eu\/en\/shop\/beal-birdie\/#local-main-organization-logo","url":"https:\/\/bolting.eu\/wp-content\/uploads\/2019\/09\/bolting-logo.png","contentUrl":"https:\/\/bolting.eu\/wp-content\/uploads\/2019\/09\/bolting-logo.png","width":400,"height":211,"caption":"bolting.eu"}]},"og_video":"https:\/\/www.youtube.com\/embed\/gS-b7O7s3hc","og_video_type":"text\/html","og_video_duration":"61","og_video_width":"480","og_video_height":"270","ya_ovs_adult":"false","ya_ovs_upload_date":"2020-05-26T14:31:48+00:00","ya_ovs_allow_embed":"true","og_availability":"instock","product_availability":"instock","product_condition":"new","geo.placename":"Innsbruck","geo.position":{"lat":"47.264176340396226","long":"11.380109057672346"},"geo.region":"Austria"},"_links":{"self":[{"href":"https:\/\/bolting.eu\/en\/wp-json\/wp\/v2\/product\/3529","targetHints":{"allow":["GET"]}}],"collection":[{"href":"https:\/\/bolting.eu\/en\/wp-json\/wp\/v2\/product"}],"about":[{"href":"https:\/\/bolting.eu\/en\/wp-json\/wp\/v2\/types\/product"}],"replies":[{"embeddable":true,"href":"https:\/\/bolting.eu\/en\/wp-json\/wp\/v2\/comments?post=3529"}],"wp:featuredmedia":[{"embeddable":true,"href":"https:\/\/bolting.eu\/en\/wp-json\/wp\/v2\/media\/22335"}],"wp:attachment":[{"href":"https:\/\/bolting.eu\/en\/wp-json\/wp\/v2\/media?parent=3529"}],"wp:term":[{"taxonomy":"product_brand","embeddable":true,"href":"https:\/\/bolting.eu\/en\/wp-json\/wp\/v2\/product_brand?post=3529"},{"taxonomy":"product_cat","embeddable":true,"href":"https:\/\/bolting.eu\/en\/wp-json\/wp\/v2\/product_cat?post=3529"},{"taxonomy":"product_tag","embeddable":true,"href":"https:\/\/bolting.eu\/en\/wp-json\/wp\/v2\/product_tag?post=3529"}],"curies":[{"name":"wp","href":"https:\/\/api.w.org\/{rel}","templated":true}]}}