{"id":3526,"date":"2020-05-26T14:09:54","date_gmt":"2020-05-26T12:09:54","guid":{"rendered":"https:\/\/bolting.eu\/?post_type=product&#038;p=3526"},"modified":"2025-12-16T10:21:13","modified_gmt":"2025-12-16T09:21:13","slug":"beal-hot-protector","status":"publish","type":"product","link":"https:\/\/bolting.eu\/en\/shop\/beal-hot-protector\/","title":{"rendered":"Beal Hot Protector"},"content":{"rendered":"<p>Der Beal Hot Protector ist ein spezieller Seilschutz. Denn er sch\u00fctzt Kletterseile bzw. Statikseile vor Besch\u00e4digungen durch Hitze. Einerseits von beispielsweise Rohren. Andererseits aber auch von Ger\u00e4ten mit denen am Seil gearbeitet wird. Beim <a href=\"https:\/\/bolting.eu\/kletterroute-sanieren\/\">Kletterroute sanieren<\/a> wird zum Beispiel sehr oft mit einem Akku-Seitenschneider (a.k.a. &#8220;Flex&#8221;) gearbeitet.<\/p>\n<p>Deshalb sollte dieser Seilschutz in keiner H\u00f6henarbeit Ausr\u00fcstung bzw. Einbohr Ausr\u00fcstung fehlen.<\/p>\n<h2>Wirkungsweise Beal Hot Protector<\/h2>\n<p><a href=\"https:\/\/bolting.eu\/wp-content\/uploads\/2020\/05\/Beal-Hot-Protector-7.jpg\"><img loading=\"lazy\" decoding=\"async\" class=\"alignleft wp-image-3527 size-thumbnail\" src=\"https:\/\/bolting.eu\/wp-content\/uploads\/2020\/05\/Beal-Hot-Protector-7-280x280.jpg\" alt=\"Das Bild zeigt ein Anwendungsbeispiel f\u00fcr den Beal Hot Protector Seilschutz. Man sieht in der Grafik, wie der Seilschutz das Seil beim Arbeiten mit einer Gasflamme neben einer Leiter sch\u00fctzt.\" width=\"280\" height=\"280\" srcset=\"https:\/\/bolting.eu\/wp-content\/uploads\/2020\/05\/Beal-Hot-Protector-7-280x280.jpg 280w, https:\/\/bolting.eu\/wp-content\/uploads\/2020\/05\/Beal-Hot-Protector-7-100x100.jpg 100w, https:\/\/bolting.eu\/wp-content\/uploads\/2020\/05\/Beal-Hot-Protector-7-300x300.jpg 300w\" sizes=\"auto, (max-width: 280px) 100vw, 280px\" \/><\/a>Dieser Seilschutz besteht aus einem Aluminium und Fieberglas Gemisch. Die beiden Materialien sind in vier Schichten \u00fcbereinander angebracht. Dies sorgt f\u00fcr die gew\u00fcnschten Eigenschaften.<\/p>\n<p>Erstens ist dieser Seilschutz auf kurze Dauer gegen Hitze unempfindlich. So sch\u00fctzt er die sensiblen Seile gegen ein &#8220;Durchbrennen&#8221;. Beispielsweise wenn man kurzweilig \u00fcber eine hei\u00dfe Wasserleitung abseilen muss.<\/p>\n<p>Zweitens sch\u00fctzt der Protector gegen Funkenflug bzw. Flammen. Dies kann vor allem beim Arbeiten mit einem Seitenschneider vorkommen. oder beispielsweise mit einer Gasflamme. F\u00fcr die kurzzeitigen gef\u00e4hrlichen Einfl\u00fcsse bietet dieses Produkt einen perfekten Schutz!<\/p>\n<p>Drittens ist dieser Seilschutz auch ganz normal als Kantenschutz einsetzbar. F\u00fcr kurzzeitige Eins\u00e4tze kann er die gr\u00f6\u00dferen Br\u00fcder wie den Rope Protector oder Rope Defender gut ersetzen.<\/p>\n<h2>Eigenschaften Beal Hot Protector<\/h2>\n<p>Der Seilschutz\u00a0 hat folgende Features:<\/p>\n<ul>\n<li>L\u00e4nge: 70cm<\/li>\n<li>Gewicht: 180 Gramm<\/li>\n<li>Material: Aluminium &#8211; Fieberglas Kombi<\/li>\n<li>mit Magnetverschluss eicht zu \u00f6ffnen \/ schlie\u00dfen<\/li>\n<li>biegsam zum Anbringen an Kanten<\/li>\n<li>Fixierschlaufe f\u00fcr <a href=\"https:\/\/bolting.eu\/produkt-kategorie\/reepschnur\/\">Reepschnur<\/a> bzw. <a href=\"https:\/\/bolting.eu\/shop\/seilschutz-halterung-beal-croco\/\">Beal Seilschutzhalter Croco<\/a> am oberen Ende<\/li>\n<li>sch\u00fctzt vor kurzzeitigen Flammen und Funkenflug<\/li>\n<li>sch\u00fctzt mittelfristig gegen hei\u00dfe Rohre<\/li>\n<\/ul>\n<p>Beachte! Nat\u00fcrlich hat dieses Produkt auch seine Grenzen. D.h. zu gro\u00dfe Hitze ist nat\u00fcrlich eine gro\u00dfe Gefahr f\u00fcr ein Seil. Ihr m\u00fcsst selbst entscheiden was noch m\u00f6glich ist und was nicht. Im Zweifelsfall. Immer Hitzequelle beseitigen und redundant arbeiten!<\/p>\n<p>&nbsp;<\/p>\n<h3>Redundantes Arbeiten!<\/h3>\n<p><a href=\"https:\/\/bolting.eu\/wp-content\/uploads\/2020\/05\/Beal-Mobile-Lanyard-4.jpg\"><img loading=\"lazy\" decoding=\"async\" class=\"size-full wp-image-3496 alignleft\" src=\"https:\/\/bolting.eu\/wp-content\/uploads\/2020\/05\/Beal-Mobile-Lanyard-4.jpg\" alt=\"Das Bild zeigt in zwei Grafiken die Anwendung des Verbindungsmittel &quot;Mobile Lanyard&quot; f\u00fcr ein mitlaufendes Auffangger\u00e4t - Beal Monitor.\" width=\"330\" height=\"206\" \/><\/a>Wir empfehlen allen bei den entsprechenden T\u00e4tigkeiten redundant zu arbeiten. Dies bedeutet ein zweites Sicherungsseil als zus\u00e4tzliche Absturzsicherung zu installieren. Ein einzelnes Sicherungsseil reicht daf\u00fcr nicht aus. Selbst wenn man den Beal Hot Protector verwendet. Es ist eben noch keine redundante Arbeitsweise!<\/p>\n<p>Hierzu wird erstens die redundante Sicherung an einem unabh\u00e4ngigen Fixpunkt befestigt. Auch sie wird nat\u00fcrlich nochmals zus\u00e4tzlich r\u00fcckgesichert! Zweitens verbindet man sich dann mit dem <a href=\"https:\/\/bolting.eu\/shop\/mitlaufendes-auffanggeraet-beal-monitor\/\">mitlaufenden Auffangger\u00e4t<\/a> am redundanten Sicherungsseil. Der Seilschutz sollte bei kritischen Stellen bei beiden Seilen verwendet werden.<\/p>\n<p>&nbsp;<\/p>\n<h4><strong>Praxis Tipp<\/strong><\/h4>\n<p>Wir empfehlen Euch immer 2-3 Stk. Seil Protectoren in Eurer Ausr\u00fcstung zu haben. Nur so k\u00f6nnen das prim\u00e4re Seil bzw. das redundante Seil gesch\u00fctzt werden. Bzw. hat man dann immer auch einen weiteren Seilschutz in Reserve.<\/p>\n<p>Beim Arbeiten mit einem Seitenschneider oder einer Gasflamme. Befestigt den Beal Hot Protector einfach direkt \u00fcber dem Sinerungsger\u00e4t. So l\u00e4uft der Seilschutz durch die Schwerkraft immer automatisch mit euch mit nach unten!<\/p>\n<h3>Anwendungsbeispiel<\/h3>\n<p>Hier ein weiteres Beispiel wie der Beal Hot Protector eingesetzt wird:<\/p>\n<p><a href=\"https:\/\/bolting.eu\/wp-content\/uploads\/2020\/05\/Beal-Hot-Protector-4.jpg\"><img loading=\"lazy\" decoding=\"async\" class=\"alignnone size-full wp-image-3528\" src=\"https:\/\/bolting.eu\/wp-content\/uploads\/2020\/05\/Beal-Hot-Protector-4.jpg\" alt=\"Das Bild zeigt zwei Anwendungsgebiete des Beal Hot Protector. Der Seilschutz wird bei zwei Ein\u00e4tzen im H\u00f6henarbeiten gezeigt. Links \u00fcber einem hei\u00dfem Rohr. Rechts neben einer Gasflamme.\" width=\"406\" height=\"331\" \/><\/a><\/p>\n<p>Link Tipp: <a href=\"https:\/\/www.google.com\/url?sa=t&amp;rct=j&amp;q=&amp;esrc=s&amp;source=web&amp;cd=1&amp;cad=rja&amp;uact=8&amp;ved=2ahUKEwjm85W3tv7nAhUBuHEKHWRCBXoQFjAAegQIBxAC&amp;url=https%3A%2F%2Fwww.beal-planet.com%2F&amp;usg=AOvVaw13-n-rd-ge0xATlzImz6bR\" target=\"_blank\" rel=\"noopener noreferrer\">zum Hersteller<\/a><\/p>\n","protected":false},"excerpt":{"rendered":"<ul>\n<li>L\u00e4nge: 50cm<\/li>\n<li>Gewicht: 730 Gramm<\/li>\n<li>Material Kern: Stahlspirale<\/li>\n<li>Material Mantel: abriebfester Weichgummi<\/li>\n<li>Seil muss durchgesteckt werden<\/li>\n<li>biegsam zum Anbringen an Kanten<\/li>\n<li>Fixierschlaufe f\u00fcr <a href=\"https:\/\/bolting.eu\/produkt-kategorie\/reepschnur\/\">Reepschnur<\/a> bzw. <a href=\"https:\/\/bolting.eu\/shop\/seilschutz-halterung-beal-croco\/\">Beal Seilschutzhalter Croco<\/a> am oberen Ende<\/li>\n<li>sch\u00fctzt vor extrem scharfen Kanten<\/li>\n<\/ul>\n","protected":false},"featured_media":3521,"comment_status":"open","ping_status":"closed","template":"","meta":[],"product_brand":[],"product_cat":[4663,14513,15315],"product_tag":[7993,2228],"class_list":{"0":"post-3526","1":"product","2":"type-product","3":"status-publish","4":"has-post-thumbnail","6":"product_cat-beal","7":"product_cat-industriekletter-ausruestung","8":"product_cat-seil-kantenschutz","9":"product_tag-redundantes-arbeiten","10":"product_tag-hoehenarbeiten","12":"first","13":"instock","14":"taxable","15":"shipping-taxable","16":"purchasable","17":"product-type-simple"},"yoast_head":"<!-- This site is optimized with the Yoast SEO Premium plugin v26.9 (Yoast SEO v26.9) - https:\/\/yoast.com\/product\/yoast-seo-premium-wordpress\/ -->\n<title>Beal Hot Protector: hitzebest\u00e4ndigen Seilschutz online kaufen beibolting.eu<\/title>\n<meta name=\"description\" content=\"Hier findest du den BEAL HOT PROTECTOR. Ein hitzebest\u00e4ndiger \ud83d\udd25 Seilschutz aus Aluminium-Fieberglas Gemisch f\u00fcr H\u00f6henarbeiter und Erschlie\u00dfer \/ Sanierer!\" \/>\n<meta name=\"robots\" content=\"index, follow, max-snippet:-1, max-image-preview:large, max-video-preview:-1\" \/>\n<link rel=\"canonical\" href=\"https:\/\/bolting.eu\/en\/shop\/beal-hot-protector\/\" \/>\n<meta property=\"og:locale\" content=\"en_US\" \/>\n<meta property=\"og:type\" content=\"article\" \/>\n<meta property=\"og:title\" content=\"Beal Hot Protector\" \/>\n<meta property=\"og:description\" content=\"Hier findest du den BEAL HOT PROTECTOR. Ein hitzebest\u00e4ndiger \ud83d\udd25 Seilschutz aus Aluminium-Fieberglas Gemisch f\u00fcr H\u00f6henarbeiter und Erschlie\u00dfer \/ Sanierer!\" \/>\n<meta property=\"og:url\" content=\"https:\/\/bolting.eu\/en\/shop\/beal-hot-protector\/\" \/>\n<meta property=\"og:site_name\" content=\"bolting.eu\" \/>\n<meta property=\"article:publisher\" content=\"https:\/\/www.facebook.com\/bolting.eu\" \/>\n<meta property=\"article:modified_time\" content=\"2025-12-16T09:21:13+00:00\" \/>\n<meta property=\"og:image\" content=\"https:\/\/bolting.eu\/wp-content\/uploads\/2020\/05\/beal-rope-defender.jpg\" \/>\n\t<meta property=\"og:image:width\" content=\"700\" \/>\n\t<meta property=\"og:image:height\" content=\"700\" \/>\n\t<meta property=\"og:image:type\" content=\"image\/jpeg\" \/>\n<meta name=\"twitter:card\" content=\"summary_large_image\" \/>\n<meta name=\"twitter:label1\" content=\"Price\" \/>\n\t<meta name=\"twitter:data1\" content=\"&euro;&nbsp;71,90\" \/>\n\t<meta name=\"twitter:label2\" content=\"Availability\" \/>\n\t<meta name=\"twitter:data2\" content=\"In stock\" \/>\n<script type=\"application\/ld+json\" class=\"yoast-schema-graph\">{\"@context\":\"https:\/\/schema.org\",\"@graph\":[{\"@type\":[\"WebPage\",\"ItemPage\"],\"@id\":\"https:\/\/bolting.eu\/en\/shop\/beal-hot-protector\/\",\"url\":\"https:\/\/bolting.eu\/en\/shop\/beal-hot-protector\/\",\"name\":\"Beal Hot Protector: hitzebest\u00e4ndigen Seilschutz online kaufen beibolting.eu\",\"isPartOf\":{\"@id\":\"https:\/\/bolting.eu\/en\/#website\"},\"primaryImageOfPage\":{\"@id\":\"https:\/\/bolting.eu\/en\/shop\/beal-hot-protector\/#primaryimage\"},\"image\":{\"@id\":\"https:\/\/bolting.eu\/en\/shop\/beal-hot-protector\/#primaryimage\"},\"thumbnailUrl\":\"https:\/\/bolting.eu\/wp-content\/uploads\/2020\/05\/beal-rope-defender.jpg\",\"datePublished\":\"2020-05-26T12:09:54+00:00\",\"dateModified\":\"2025-12-16T09:21:13+00:00\",\"description\":\"Hier findest du den BEAL HOT PROTECTOR. Ein hitzebest\u00e4ndiger \ud83d\udd25 Seilschutz aus Aluminium-Fieberglas Gemisch f\u00fcr H\u00f6henarbeiter und Erschlie\u00dfer \/ Sanierer!\",\"breadcrumb\":{\"@id\":\"https:\/\/bolting.eu\/en\/shop\/beal-hot-protector\/#breadcrumb\"},\"inLanguage\":\"en-US\",\"potentialAction\":[{\"@type\":\"ReadAction\",\"target\":[\"https:\/\/bolting.eu\/en\/shop\/beal-hot-protector\/\"]}]},{\"@type\":\"ImageObject\",\"inLanguage\":\"en-US\",\"@id\":\"https:\/\/bolting.eu\/en\/shop\/beal-hot-protector\/#primaryimage\",\"url\":\"https:\/\/bolting.eu\/wp-content\/uploads\/2020\/05\/beal-rope-defender.jpg\",\"contentUrl\":\"https:\/\/bolting.eu\/wp-content\/uploads\/2020\/05\/beal-rope-defender.jpg\",\"width\":700,\"height\":700},{\"@type\":\"BreadcrumbList\",\"@id\":\"https:\/\/bolting.eu\/en\/shop\/beal-hot-protector\/#breadcrumb\",\"itemListElement\":[{\"@type\":\"ListItem\",\"position\":1,\"name\":\"Shop\",\"item\":\"https:\/\/bolting.eu\/en\/shop\/\"},{\"@type\":\"ListItem\",\"position\":2,\"name\":\"Industrial climbing gear\",\"item\":\"https:\/\/bolting.eu\/en\/produkt-kategorie\/industrial-climbing-gear\/\"},{\"@type\":\"ListItem\",\"position\":3,\"name\":\"Seil Kantenschutz\",\"item\":\"https:\/\/bolting.eu\/produkt-kategorie\/industriekletter-ausruestung\/seil-kantenschutz\/\"},{\"@type\":\"ListItem\",\"position\":4,\"name\":\"Beal Hot Protector\"}]},{\"@type\":\"WebSite\",\"@id\":\"https:\/\/bolting.eu\/en\/#website\",\"url\":\"https:\/\/bolting.eu\/en\/\",\"name\":\"bolting.eu\",\"description\":\"we make climbs happen\",\"publisher\":{\"@id\":\"https:\/\/bolting.eu\/en\/#organization\"},\"potentialAction\":[{\"@type\":\"SearchAction\",\"target\":{\"@type\":\"EntryPoint\",\"urlTemplate\":\"https:\/\/bolting.eu\/en\/?s={search_term_string}\"},\"query-input\":{\"@type\":\"PropertyValueSpecification\",\"valueRequired\":true,\"valueName\":\"search_term_string\"}}],\"inLanguage\":\"en-US\"},{\"@type\":[\"Organization\",\"Place\",\"SportingGoodsStore\"],\"@id\":\"https:\/\/bolting.eu\/en\/#organization\",\"name\":\"bolting.eu\",\"url\":\"https:\/\/bolting.eu\/en\/\",\"logo\":{\"@id\":\"https:\/\/bolting.eu\/en\/shop\/beal-hot-protector\/#local-main-organization-logo\"},\"image\":{\"@id\":\"https:\/\/bolting.eu\/en\/shop\/beal-hot-protector\/#local-main-organization-logo\"},\"sameAs\":[\"https:\/\/www.facebook.com\/bolting.eu\",\"https:\/\/www.instagram.com\/bolting.eu\/\"],\"address\":{\"@id\":\"https:\/\/bolting.eu\/en\/shop\/beal-hot-protector\/#local-main-place-address\"},\"geo\":{\"@type\":\"GeoCoordinates\",\"latitude\":\"47.264176340396226\",\"longitude\":\"11.380109057672346\"},\"telephone\":[\"+43 699 19083372\"],\"openingHoursSpecification\":[{\"@type\":\"OpeningHoursSpecification\",\"dayOfWeek\":[\"Monday\",\"Wednesday\",\"Friday\"],\"opens\":\"14:00\",\"closes\":\"18:00\"},{\"@type\":\"OpeningHoursSpecification\",\"dayOfWeek\":[\"Tuesday\",\"Thursday\",\"Saturday\",\"Sunday\"],\"opens\":\"00:00\",\"closes\":\"00:00\"}],\"email\":\"office@bolting.eu\",\"vatID\":\"ATU59999728\",\"priceRange\":\"$$\",\"currenciesAccepted\":\"Euro\"},{\"@type\":\"PostalAddress\",\"@id\":\"https:\/\/bolting.eu\/en\/shop\/beal-hot-protector\/#local-main-place-address\",\"streetAddress\":\"Fischnalerstra\u00dfe 4\",\"addressLocality\":\"Innsbruck\",\"postalCode\":\"6020\",\"addressRegion\":\"Tirol\",\"addressCountry\":\"AT\"},{\"@type\":\"ImageObject\",\"inLanguage\":\"en-US\",\"@id\":\"https:\/\/bolting.eu\/en\/shop\/beal-hot-protector\/#local-main-organization-logo\",\"url\":\"https:\/\/bolting.eu\/wp-content\/uploads\/2019\/09\/bolting-logo.png\",\"contentUrl\":\"https:\/\/bolting.eu\/wp-content\/uploads\/2019\/09\/bolting-logo.png\",\"width\":400,\"height\":211,\"caption\":\"bolting.eu\"}]}<\/script>\n<meta property=\"product:price:amount\" content=\"71.90\" \/>\n<meta property=\"product:price:currency\" content=\"EUR\" \/>\n<meta property=\"og:availability\" content=\"instock\" \/>\n<meta property=\"product:availability\" content=\"instock\" \/>\n<meta property=\"product:retailer_item_id\" content=\"BPRD-1\" \/>\n<meta property=\"product:condition\" content=\"new\" \/>\n<meta name=\"geo.placename\" content=\"Innsbruck\" \/>\n<meta name=\"geo.position\" content=\"47.264176340396226;11.380109057672346\" \/>\n<meta name=\"geo.region\" content=\"Austria\" \/>\n<!-- \/ Yoast SEO Premium plugin. -->","yoast_head_json":{"title":"Beal Hot Protector: hitzebest\u00e4ndigen Seilschutz online kaufen beibolting.eu","description":"Hier findest du den BEAL HOT PROTECTOR. Ein hitzebest\u00e4ndiger \ud83d\udd25 Seilschutz aus Aluminium-Fieberglas Gemisch f\u00fcr H\u00f6henarbeiter und Erschlie\u00dfer \/ Sanierer!","robots":{"index":"index","follow":"follow","max-snippet":"max-snippet:-1","max-image-preview":"max-image-preview:large","max-video-preview":"max-video-preview:-1"},"canonical":"https:\/\/bolting.eu\/en\/shop\/beal-hot-protector\/","og_locale":"en_US","og_type":"article","og_title":"Beal Hot Protector","og_description":"Hier findest du den BEAL HOT PROTECTOR. Ein hitzebest\u00e4ndiger \ud83d\udd25 Seilschutz aus Aluminium-Fieberglas Gemisch f\u00fcr H\u00f6henarbeiter und Erschlie\u00dfer \/ Sanierer!","og_url":"https:\/\/bolting.eu\/en\/shop\/beal-hot-protector\/","og_site_name":"bolting.eu","article_publisher":"https:\/\/www.facebook.com\/bolting.eu","article_modified_time":"2025-12-16T09:21:13+00:00","og_image":[{"width":700,"height":700,"url":"https:\/\/bolting.eu\/wp-content\/uploads\/2020\/05\/beal-rope-defender.jpg","type":"image\/jpeg"}],"twitter_card":"summary_large_image","twitter_misc":{"Price":"&euro;&nbsp;71,90","Availability":"In stock"},"schema":{"@context":"https:\/\/schema.org","@graph":[{"@type":["WebPage","ItemPage"],"@id":"https:\/\/bolting.eu\/en\/shop\/beal-hot-protector\/","url":"https:\/\/bolting.eu\/en\/shop\/beal-hot-protector\/","name":"Beal Hot Protector: hitzebest\u00e4ndigen Seilschutz online kaufen beibolting.eu","isPartOf":{"@id":"https:\/\/bolting.eu\/en\/#website"},"primaryImageOfPage":{"@id":"https:\/\/bolting.eu\/en\/shop\/beal-hot-protector\/#primaryimage"},"image":{"@id":"https:\/\/bolting.eu\/en\/shop\/beal-hot-protector\/#primaryimage"},"thumbnailUrl":"https:\/\/bolting.eu\/wp-content\/uploads\/2020\/05\/beal-rope-defender.jpg","datePublished":"2020-05-26T12:09:54+00:00","dateModified":"2025-12-16T09:21:13+00:00","description":"Hier findest du den BEAL HOT PROTECTOR. Ein hitzebest\u00e4ndiger \ud83d\udd25 Seilschutz aus Aluminium-Fieberglas Gemisch f\u00fcr H\u00f6henarbeiter und Erschlie\u00dfer \/ Sanierer!","breadcrumb":{"@id":"https:\/\/bolting.eu\/en\/shop\/beal-hot-protector\/#breadcrumb"},"inLanguage":"en-US","potentialAction":[{"@type":"ReadAction","target":["https:\/\/bolting.eu\/en\/shop\/beal-hot-protector\/"]}]},{"@type":"ImageObject","inLanguage":"en-US","@id":"https:\/\/bolting.eu\/en\/shop\/beal-hot-protector\/#primaryimage","url":"https:\/\/bolting.eu\/wp-content\/uploads\/2020\/05\/beal-rope-defender.jpg","contentUrl":"https:\/\/bolting.eu\/wp-content\/uploads\/2020\/05\/beal-rope-defender.jpg","width":700,"height":700},{"@type":"BreadcrumbList","@id":"https:\/\/bolting.eu\/en\/shop\/beal-hot-protector\/#breadcrumb","itemListElement":[{"@type":"ListItem","position":1,"name":"Shop","item":"https:\/\/bolting.eu\/en\/shop\/"},{"@type":"ListItem","position":2,"name":"Industrial climbing gear","item":"https:\/\/bolting.eu\/en\/produkt-kategorie\/industrial-climbing-gear\/"},{"@type":"ListItem","position":3,"name":"Seil Kantenschutz","item":"https:\/\/bolting.eu\/produkt-kategorie\/industriekletter-ausruestung\/seil-kantenschutz\/"},{"@type":"ListItem","position":4,"name":"Beal Hot Protector"}]},{"@type":"WebSite","@id":"https:\/\/bolting.eu\/en\/#website","url":"https:\/\/bolting.eu\/en\/","name":"bolting.eu","description":"we make climbs happen","publisher":{"@id":"https:\/\/bolting.eu\/en\/#organization"},"potentialAction":[{"@type":"SearchAction","target":{"@type":"EntryPoint","urlTemplate":"https:\/\/bolting.eu\/en\/?s={search_term_string}"},"query-input":{"@type":"PropertyValueSpecification","valueRequired":true,"valueName":"search_term_string"}}],"inLanguage":"en-US"},{"@type":["Organization","Place","SportingGoodsStore"],"@id":"https:\/\/bolting.eu\/en\/#organization","name":"bolting.eu","url":"https:\/\/bolting.eu\/en\/","logo":{"@id":"https:\/\/bolting.eu\/en\/shop\/beal-hot-protector\/#local-main-organization-logo"},"image":{"@id":"https:\/\/bolting.eu\/en\/shop\/beal-hot-protector\/#local-main-organization-logo"},"sameAs":["https:\/\/www.facebook.com\/bolting.eu","https:\/\/www.instagram.com\/bolting.eu\/"],"address":{"@id":"https:\/\/bolting.eu\/en\/shop\/beal-hot-protector\/#local-main-place-address"},"geo":{"@type":"GeoCoordinates","latitude":"47.264176340396226","longitude":"11.380109057672346"},"telephone":["+43 699 19083372"],"openingHoursSpecification":[{"@type":"OpeningHoursSpecification","dayOfWeek":["Monday","Wednesday","Friday"],"opens":"14:00","closes":"18:00"},{"@type":"OpeningHoursSpecification","dayOfWeek":["Tuesday","Thursday","Saturday","Sunday"],"opens":"00:00","closes":"00:00"}],"email":"office@bolting.eu","vatID":"ATU59999728","priceRange":"$$","currenciesAccepted":"Euro"},{"@type":"PostalAddress","@id":"https:\/\/bolting.eu\/en\/shop\/beal-hot-protector\/#local-main-place-address","streetAddress":"Fischnalerstra\u00dfe 4","addressLocality":"Innsbruck","postalCode":"6020","addressRegion":"Tirol","addressCountry":"AT"},{"@type":"ImageObject","inLanguage":"en-US","@id":"https:\/\/bolting.eu\/en\/shop\/beal-hot-protector\/#local-main-organization-logo","url":"https:\/\/bolting.eu\/wp-content\/uploads\/2019\/09\/bolting-logo.png","contentUrl":"https:\/\/bolting.eu\/wp-content\/uploads\/2019\/09\/bolting-logo.png","width":400,"height":211,"caption":"bolting.eu"}]},"product_price_amount":"71.90","product_price_currency":"EUR","og_availability":"instock","product_availability":"instock","product_retailer_item_id":"BPRD-1","product_condition":"new","geo.placename":"Innsbruck","geo.position":{"lat":"47.264176340396226","long":"11.380109057672346"},"geo.region":"Austria"},"_links":{"self":[{"href":"https:\/\/bolting.eu\/en\/wp-json\/wp\/v2\/product\/3526","targetHints":{"allow":["GET"]}}],"collection":[{"href":"https:\/\/bolting.eu\/en\/wp-json\/wp\/v2\/product"}],"about":[{"href":"https:\/\/bolting.eu\/en\/wp-json\/wp\/v2\/types\/product"}],"replies":[{"embeddable":true,"href":"https:\/\/bolting.eu\/en\/wp-json\/wp\/v2\/comments?post=3526"}],"wp:featuredmedia":[{"embeddable":true,"href":"https:\/\/bolting.eu\/en\/wp-json\/wp\/v2\/media\/3521"}],"wp:attachment":[{"href":"https:\/\/bolting.eu\/en\/wp-json\/wp\/v2\/media?parent=3526"}],"wp:term":[{"taxonomy":"product_brand","embeddable":true,"href":"https:\/\/bolting.eu\/en\/wp-json\/wp\/v2\/product_brand?post=3526"},{"taxonomy":"product_cat","embeddable":true,"href":"https:\/\/bolting.eu\/en\/wp-json\/wp\/v2\/product_cat?post=3526"},{"taxonomy":"product_tag","embeddable":true,"href":"https:\/\/bolting.eu\/en\/wp-json\/wp\/v2\/product_tag?post=3526"}],"curies":[{"name":"wp","href":"https:\/\/api.w.org\/{rel}","templated":true}]}}