{"id":35218,"date":"2025-11-27T21:31:57","date_gmt":"2025-11-27T20:31:57","guid":{"rendered":"https:\/\/bolting.eu\/?post_type=product&#038;p=35218"},"modified":"2025-12-04T12:12:01","modified_gmt":"2025-12-04T11:12:01","slug":"valtellina-rock-bergell-kletterfuehrer","status":"publish","type":"product","link":"https:\/\/bolting.eu\/en\/shop\/valtellina-rock-bergell-kletterfuehrer\/","title":{"rendered":"Valtellina Rock &#8211; Bergell Kletterf\u00fchrer"},"content":{"rendered":"<p>Der Kletterf\u00fchrer Valtellina Rock ist ein tolles Buch. Denn hier findet ihr 75 lohnende Kletterg\u00e4rten des Bergell.<\/p>\n<p>Wie z.B. rund um Morbegno, Val di Mello, Sondrio und Bormio. Somit ist es ein ideales Werk f\u00fcr alle, die gerne im Granit und im Bergell klettern.<\/p>\n<p>Im Buch findet ihr folglich auch viele Spots abseits des bekannten Val di Mello. POerfekt f\u00fcr die Hin und R\u00fcckfahrt. Besonders wenn man \u00fcber Bormio und das Stilfser Joch f\u00e4hrt.<\/p>\n<p>Bei uns bekommt ihr auch gleich die passenden <a href=\"https:\/\/bolting.eu\/produkt-kategorie\/kletterausruestung\/kletterschuhe\/\">Kletterschuhe<\/a>, <a href=\"https:\/\/bolting.eu\/produkt-kategorie\/boulder-ausruestung\/bouldermatte\/\">Bouldermatten<\/a> und <a href=\"https:\/\/bolting.eu\/produkt-kategorie\/kletterausruestung\/chalk-klettern\/\">Kletterchalk<\/a> f\u00fcr euren Trip<\/p>\n<h2>Eigenschaften &#8220;Valtellina Rock\u201c<\/h2>\n<ul>\n<li>Verlag: Versante Sud<\/li>\n<li>Sprache: Deutsch<\/li>\n<li>Kletterf\u00fchrer \u00fcber das Bergell mit 75 Kletterg\u00e4rten<\/li>\n<li>von Morbegna &#8211; Val di Mello &#8211; Sondrio bis Bormio<\/li>\n<li>1. Auflage 2021<\/li>\n<li>Seiten: 416<\/li>\n<li>Autor: Camilla Cerretti<\/li>\n<li>ideale Erg\u00e4nzung:<a href=\"https:\/\/bolting.eu\/shop\/bvaltellina-bloc-boulderfuehrer\/\"> Valtellina Bloc<\/a> (Boulderf\u00fchrer Bergell) und <a href=\"https:\/\/bolting.eu\/shop\/boulderfuehrer-val-di-mello\/\">Mello Boulder<\/a> (Boulderf\u00fchrer Val di Mello)<\/li>\n<\/ul>\n<h3>\u00dcbersicht Gebiete<\/h3>\n<p>Die folgenden Gebiete sind im &#8220;Valtellina Rock&#8221; Kletterf\u00fchrer enthalten.<\/p>\n<p><a href=\"https:\/\/bolting.eu\/wp-content\/uploads\/2025\/11\/Valtellina-Rock-4.jpg\"><img loading=\"lazy\" decoding=\"async\" class=\"alignnone size-full wp-image-35220\" src=\"https:\/\/bolting.eu\/wp-content\/uploads\/2025\/11\/Valtellina-Rock-4.jpg\" alt=\"Landkarte mit Gebiets\u00fcbersicht des Valtellina Rock Kletterf\u00fchrers von Versante Sud.\" width=\"1024\" height=\"711\" srcset=\"https:\/\/bolting.eu\/wp-content\/uploads\/2025\/11\/Valtellina-Rock-4.jpg 1024w, https:\/\/bolting.eu\/wp-content\/uploads\/2025\/11\/Valtellina-Rock-4-576x400.jpg 576w, https:\/\/bolting.eu\/wp-content\/uploads\/2025\/11\/Valtellina-Rock-4-768x533.jpg 768w, https:\/\/bolting.eu\/wp-content\/uploads\/2025\/11\/Valtellina-Rock-4-510x354.jpg 510w, https:\/\/bolting.eu\/wp-content\/uploads\/2025\/11\/Valtellina-Rock-4-100x69.jpg 100w\" sizes=\"auto, (max-width: 1024px) 100vw, 1024px\" \/><\/a><\/p>\n<h3>Guter Aufbau<\/h3>\n<p>Uns gef\u00e4llt der Aufbau des Bergell Kletterf\u00fchrers. Denn es sind sowohl die Gebietsbeschreibung, Anfahrtsskizzen und Massiv \u00dcbersichten sehr gut und sauber gestaltet.<\/p>\n<p><a href=\"https:\/\/bolting.eu\/wp-content\/uploads\/2025\/11\/Valtellina-Rock-3.jpg\"><img loading=\"lazy\" decoding=\"async\" class=\"alignnone size-full wp-image-35222\" src=\"https:\/\/bolting.eu\/wp-content\/uploads\/2025\/11\/Valtellina-Rock-3.jpg\" alt=\"Doppelseite des Bergell Kletterf\u00fchrers mit \u00dcbersichtsskizze links und Bild rechts.\" width=\"1024\" height=\"709\" srcset=\"https:\/\/bolting.eu\/wp-content\/uploads\/2025\/11\/Valtellina-Rock-3.jpg 1024w, https:\/\/bolting.eu\/wp-content\/uploads\/2025\/11\/Valtellina-Rock-3-578x400.jpg 578w, https:\/\/bolting.eu\/wp-content\/uploads\/2025\/11\/Valtellina-Rock-3-768x532.jpg 768w, https:\/\/bolting.eu\/wp-content\/uploads\/2025\/11\/Valtellina-Rock-3-510x353.jpg 510w, https:\/\/bolting.eu\/wp-content\/uploads\/2025\/11\/Valtellina-Rock-3-100x69.jpg 100w\" sizes=\"auto, (max-width: 1024px) 100vw, 1024px\" \/><\/a><\/p>\n","protected":false},"excerpt":{"rendered":"<p>Toller Auswahlf\u00fchrer \u00fcber 75 Kletterg\u00e4rten im Bergell.<\/p>\n<p>Von Morbegno &#8211; Val di Mello &#8211; Sondrio &#8211; Bormio mit allen lohnenden Massive. Perfekt f\u00fcr Granit Liebhaber!<\/p>\n<p>Versandkostenfrei bis 2kg in <img decoding=\"async\" class=\"emoji\" role=\"img\" draggable=\"false\" src=\"https:\/\/s.w.org\/images\/core\/emoji\/13.1.0\/svg\/1f1e6-1f1f9.svg\" alt=\"\ud83c\udde6\ud83c\uddf9\" \/>\u00a0ab \u20ac 100,- und\u00a0<img decoding=\"async\" class=\"emoji\" role=\"img\" draggable=\"false\" src=\"https:\/\/s.w.org\/images\/core\/emoji\/13.1.0\/svg\/1f1e9-1f1ea.svg\" alt=\"\ud83c\udde9\ud83c\uddea\" \/>\u00a0ab \u20ac 200,-!<\/p>\n","protected":false},"featured_media":35226,"comment_status":"closed","ping_status":"closed","template":"","meta":[],"product_brand":[],"product_cat":[29,10898],"product_tag":[],"class_list":{"0":"post-35218","1":"product","2":"type-product","3":"status-publish","4":"has-post-thumbnail","6":"product_cat-kletterausruestung","7":"product_cat-kletterfuehrer","9":"first","10":"instock","11":"taxable","12":"shipping-taxable","13":"purchasable","14":"product-type-simple"},"yoast_head":"<!-- This site is optimized with the Yoast SEO Premium plugin v26.9 (Yoast SEO v26.9) - https:\/\/yoast.com\/product\/yoast-seo-premium-wordpress\/ -->\n<title>Valtellina Rock - Bergell Kletterf\u00fchrer | bolting.eu<\/title>\n<meta name=\"description\" content=\"Valtellina Rock Kletterf\u00fchrer Versante Sud beim Kletterprofi kaufen \u2705 Trusted Shop \u2705 kostenloser Versand* \u2705 14 Tage R\u00fcckgaberecht \u2705 Co2 neutraler Versand\" \/>\n<meta name=\"robots\" content=\"index, follow, max-snippet:-1, max-image-preview:large, max-video-preview:-1\" \/>\n<link rel=\"canonical\" href=\"https:\/\/bolting.eu\/en\/shop\/valtellina-rock-bergell-kletterfuehrer\/\" \/>\n<meta property=\"og:locale\" content=\"en_US\" \/>\n<meta property=\"og:type\" content=\"article\" \/>\n<meta property=\"og:title\" content=\"Valtellina Rock - Bergell Kletterf\u00fchrer\" \/>\n<meta property=\"og:description\" content=\"Valtellina Rock Kletterf\u00fchrer Versante Sud beim Kletterprofi kaufen \u2705 Trusted Shop \u2705 kostenloser Versand* \u2705 14 Tage R\u00fcckgaberecht \u2705 Co2 neutraler Versand\" \/>\n<meta property=\"og:url\" content=\"https:\/\/bolting.eu\/en\/shop\/valtellina-rock-bergell-kletterfuehrer\/\" \/>\n<meta property=\"og:site_name\" content=\"bolting.eu\" \/>\n<meta property=\"article:publisher\" content=\"https:\/\/www.facebook.com\/bolting.eu\" \/>\n<meta property=\"article:modified_time\" content=\"2025-12-04T11:12:01+00:00\" \/>\n<meta property=\"og:image\" content=\"https:\/\/bolting.eu\/wp-content\/uploads\/2025\/11\/Valtellina-Rock-1.jpg\" \/>\n\t<meta property=\"og:image:width\" content=\"700\" \/>\n\t<meta property=\"og:image:height\" content=\"700\" \/>\n\t<meta property=\"og:image:type\" content=\"image\/jpeg\" \/>\n<meta name=\"twitter:card\" content=\"summary_large_image\" \/>\n<meta name=\"twitter:label1\" content=\"Price\" \/>\n\t<meta name=\"twitter:data1\" content=\"&euro;&nbsp;34,00\" \/>\n\t<meta name=\"twitter:label2\" content=\"Availability\" \/>\n\t<meta name=\"twitter:data2\" content=\"In stock\" \/>\n<script type=\"application\/ld+json\" class=\"yoast-schema-graph\">{\"@context\":\"https:\/\/schema.org\",\"@graph\":[{\"@type\":[\"WebPage\",\"ItemPage\"],\"@id\":\"https:\/\/bolting.eu\/en\/shop\/valtellina-rock-bergell-kletterfuehrer\/\",\"url\":\"https:\/\/bolting.eu\/en\/shop\/valtellina-rock-bergell-kletterfuehrer\/\",\"name\":\"Valtellina Rock - Bergell Kletterf\u00fchrer | bolting.eu\",\"isPartOf\":{\"@id\":\"https:\/\/bolting.eu\/en\/#website\"},\"primaryImageOfPage\":{\"@id\":\"https:\/\/bolting.eu\/en\/shop\/valtellina-rock-bergell-kletterfuehrer\/#primaryimage\"},\"image\":{\"@id\":\"https:\/\/bolting.eu\/en\/shop\/valtellina-rock-bergell-kletterfuehrer\/#primaryimage\"},\"thumbnailUrl\":\"https:\/\/bolting.eu\/wp-content\/uploads\/2025\/11\/Valtellina-Rock-1.jpg\",\"datePublished\":\"2025-11-27T20:31:57+00:00\",\"dateModified\":\"2025-12-04T11:12:01+00:00\",\"description\":\"Valtellina Rock Kletterf\u00fchrer Versante Sud beim Kletterprofi kaufen \u2705 Trusted Shop \u2705 kostenloser Versand* \u2705 14 Tage R\u00fcckgaberecht \u2705 Co2 neutraler Versand\",\"breadcrumb\":{\"@id\":\"https:\/\/bolting.eu\/en\/shop\/valtellina-rock-bergell-kletterfuehrer\/#breadcrumb\"},\"inLanguage\":\"en-US\",\"potentialAction\":[{\"@type\":\"ReadAction\",\"target\":[\"https:\/\/bolting.eu\/en\/shop\/valtellina-rock-bergell-kletterfuehrer\/\"]}]},{\"@type\":\"ImageObject\",\"inLanguage\":\"en-US\",\"@id\":\"https:\/\/bolting.eu\/en\/shop\/valtellina-rock-bergell-kletterfuehrer\/#primaryimage\",\"url\":\"https:\/\/bolting.eu\/wp-content\/uploads\/2025\/11\/Valtellina-Rock-1.jpg\",\"contentUrl\":\"https:\/\/bolting.eu\/wp-content\/uploads\/2025\/11\/Valtellina-Rock-1.jpg\",\"width\":700,\"height\":700,\"caption\":\"Cover des Valtellina Rock Versante Sud Kletterf\u00fchrers mit Klettererin auf Felsplatte.\"},{\"@type\":\"BreadcrumbList\",\"@id\":\"https:\/\/bolting.eu\/en\/shop\/valtellina-rock-bergell-kletterfuehrer\/#breadcrumb\",\"itemListElement\":[{\"@type\":\"ListItem\",\"position\":1,\"name\":\"Shop\",\"item\":\"https:\/\/bolting.eu\/en\/shop\/\"},{\"@type\":\"ListItem\",\"position\":2,\"name\":\"climbing equipment\",\"item\":\"https:\/\/bolting.eu\/en\/produkt-kategorie\/climbing-equipment\/\"},{\"@type\":\"ListItem\",\"position\":3,\"name\":\"Kletterf\u00fchrer\",\"item\":\"https:\/\/bolting.eu\/produkt-kategorie\/kletterausruestung\/kletterfuehrer\/\"},{\"@type\":\"ListItem\",\"position\":4,\"name\":\"Valtellina Rock &#8211; Bergell Kletterf\u00fchrer\"}]},{\"@type\":\"WebSite\",\"@id\":\"https:\/\/bolting.eu\/en\/#website\",\"url\":\"https:\/\/bolting.eu\/en\/\",\"name\":\"bolting.eu\",\"description\":\"we make climbs happen\",\"publisher\":{\"@id\":\"https:\/\/bolting.eu\/en\/#organization\"},\"potentialAction\":[{\"@type\":\"SearchAction\",\"target\":{\"@type\":\"EntryPoint\",\"urlTemplate\":\"https:\/\/bolting.eu\/en\/?s={search_term_string}\"},\"query-input\":{\"@type\":\"PropertyValueSpecification\",\"valueRequired\":true,\"valueName\":\"search_term_string\"}}],\"inLanguage\":\"en-US\"},{\"@type\":[\"Organization\",\"Place\",\"SportingGoodsStore\"],\"@id\":\"https:\/\/bolting.eu\/en\/#organization\",\"name\":\"bolting.eu\",\"url\":\"https:\/\/bolting.eu\/en\/\",\"logo\":{\"@id\":\"https:\/\/bolting.eu\/en\/shop\/valtellina-rock-bergell-kletterfuehrer\/#local-main-organization-logo\"},\"image\":{\"@id\":\"https:\/\/bolting.eu\/en\/shop\/valtellina-rock-bergell-kletterfuehrer\/#local-main-organization-logo\"},\"sameAs\":[\"https:\/\/www.facebook.com\/bolting.eu\",\"https:\/\/www.instagram.com\/bolting.eu\/\"],\"address\":{\"@id\":\"https:\/\/bolting.eu\/en\/shop\/valtellina-rock-bergell-kletterfuehrer\/#local-main-place-address\"},\"geo\":{\"@type\":\"GeoCoordinates\",\"latitude\":\"47.264176340396226\",\"longitude\":\"11.380109057672346\"},\"telephone\":[\"+43 699 19083372\"],\"openingHoursSpecification\":[{\"@type\":\"OpeningHoursSpecification\",\"dayOfWeek\":[\"Monday\",\"Wednesday\",\"Friday\"],\"opens\":\"14:00\",\"closes\":\"18:00\"},{\"@type\":\"OpeningHoursSpecification\",\"dayOfWeek\":[\"Tuesday\",\"Thursday\",\"Saturday\",\"Sunday\"],\"opens\":\"00:00\",\"closes\":\"00:00\"}],\"email\":\"office@bolting.eu\",\"vatID\":\"ATU59999728\",\"priceRange\":\"$$\",\"currenciesAccepted\":\"Euro\"},{\"@type\":\"PostalAddress\",\"@id\":\"https:\/\/bolting.eu\/en\/shop\/valtellina-rock-bergell-kletterfuehrer\/#local-main-place-address\",\"streetAddress\":\"Fischnalerstra\u00dfe 4\",\"addressLocality\":\"Innsbruck\",\"postalCode\":\"6020\",\"addressRegion\":\"Tirol\",\"addressCountry\":\"AT\"},{\"@type\":\"ImageObject\",\"inLanguage\":\"en-US\",\"@id\":\"https:\/\/bolting.eu\/en\/shop\/valtellina-rock-bergell-kletterfuehrer\/#local-main-organization-logo\",\"url\":\"https:\/\/bolting.eu\/wp-content\/uploads\/2019\/09\/bolting-logo.png\",\"contentUrl\":\"https:\/\/bolting.eu\/wp-content\/uploads\/2019\/09\/bolting-logo.png\",\"width\":400,\"height\":211,\"caption\":\"bolting.eu\"}]}<\/script>\n<meta property=\"product:price:amount\" content=\"34.00\" \/>\n<meta property=\"product:price:currency\" content=\"EUR\" \/>\n<meta property=\"og:availability\" content=\"instock\" \/>\n<meta property=\"product:availability\" content=\"instock\" \/>\n<meta property=\"product:retailer_item_id\" content=\"VR_VS-1\" \/>\n<meta property=\"product:condition\" content=\"new\" \/>\n<meta name=\"geo.placename\" content=\"Innsbruck\" \/>\n<meta name=\"geo.position\" content=\"47.264176340396226;11.380109057672346\" \/>\n<meta name=\"geo.region\" content=\"Austria\" \/>\n<!-- \/ Yoast SEO Premium plugin. -->","yoast_head_json":{"title":"Valtellina Rock - Bergell Kletterf\u00fchrer | bolting.eu","description":"Valtellina Rock Kletterf\u00fchrer Versante Sud beim Kletterprofi kaufen \u2705 Trusted Shop \u2705 kostenloser Versand* \u2705 14 Tage R\u00fcckgaberecht \u2705 Co2 neutraler Versand","robots":{"index":"index","follow":"follow","max-snippet":"max-snippet:-1","max-image-preview":"max-image-preview:large","max-video-preview":"max-video-preview:-1"},"canonical":"https:\/\/bolting.eu\/en\/shop\/valtellina-rock-bergell-kletterfuehrer\/","og_locale":"en_US","og_type":"article","og_title":"Valtellina Rock - Bergell Kletterf\u00fchrer","og_description":"Valtellina Rock Kletterf\u00fchrer Versante Sud beim Kletterprofi kaufen \u2705 Trusted Shop \u2705 kostenloser Versand* \u2705 14 Tage R\u00fcckgaberecht \u2705 Co2 neutraler Versand","og_url":"https:\/\/bolting.eu\/en\/shop\/valtellina-rock-bergell-kletterfuehrer\/","og_site_name":"bolting.eu","article_publisher":"https:\/\/www.facebook.com\/bolting.eu","article_modified_time":"2025-12-04T11:12:01+00:00","og_image":[{"width":700,"height":700,"url":"https:\/\/bolting.eu\/wp-content\/uploads\/2025\/11\/Valtellina-Rock-1.jpg","type":"image\/jpeg"}],"twitter_card":"summary_large_image","twitter_misc":{"Price":"&euro;&nbsp;34,00","Availability":"In stock"},"schema":{"@context":"https:\/\/schema.org","@graph":[{"@type":["WebPage","ItemPage"],"@id":"https:\/\/bolting.eu\/en\/shop\/valtellina-rock-bergell-kletterfuehrer\/","url":"https:\/\/bolting.eu\/en\/shop\/valtellina-rock-bergell-kletterfuehrer\/","name":"Valtellina Rock - Bergell Kletterf\u00fchrer | bolting.eu","isPartOf":{"@id":"https:\/\/bolting.eu\/en\/#website"},"primaryImageOfPage":{"@id":"https:\/\/bolting.eu\/en\/shop\/valtellina-rock-bergell-kletterfuehrer\/#primaryimage"},"image":{"@id":"https:\/\/bolting.eu\/en\/shop\/valtellina-rock-bergell-kletterfuehrer\/#primaryimage"},"thumbnailUrl":"https:\/\/bolting.eu\/wp-content\/uploads\/2025\/11\/Valtellina-Rock-1.jpg","datePublished":"2025-11-27T20:31:57+00:00","dateModified":"2025-12-04T11:12:01+00:00","description":"Valtellina Rock Kletterf\u00fchrer Versante Sud beim Kletterprofi kaufen \u2705 Trusted Shop \u2705 kostenloser Versand* \u2705 14 Tage R\u00fcckgaberecht \u2705 Co2 neutraler Versand","breadcrumb":{"@id":"https:\/\/bolting.eu\/en\/shop\/valtellina-rock-bergell-kletterfuehrer\/#breadcrumb"},"inLanguage":"en-US","potentialAction":[{"@type":"ReadAction","target":["https:\/\/bolting.eu\/en\/shop\/valtellina-rock-bergell-kletterfuehrer\/"]}]},{"@type":"ImageObject","inLanguage":"en-US","@id":"https:\/\/bolting.eu\/en\/shop\/valtellina-rock-bergell-kletterfuehrer\/#primaryimage","url":"https:\/\/bolting.eu\/wp-content\/uploads\/2025\/11\/Valtellina-Rock-1.jpg","contentUrl":"https:\/\/bolting.eu\/wp-content\/uploads\/2025\/11\/Valtellina-Rock-1.jpg","width":700,"height":700,"caption":"Cover des Valtellina Rock Versante Sud Kletterf\u00fchrers mit Klettererin auf Felsplatte."},{"@type":"BreadcrumbList","@id":"https:\/\/bolting.eu\/en\/shop\/valtellina-rock-bergell-kletterfuehrer\/#breadcrumb","itemListElement":[{"@type":"ListItem","position":1,"name":"Shop","item":"https:\/\/bolting.eu\/en\/shop\/"},{"@type":"ListItem","position":2,"name":"climbing equipment","item":"https:\/\/bolting.eu\/en\/produkt-kategorie\/climbing-equipment\/"},{"@type":"ListItem","position":3,"name":"Kletterf\u00fchrer","item":"https:\/\/bolting.eu\/produkt-kategorie\/kletterausruestung\/kletterfuehrer\/"},{"@type":"ListItem","position":4,"name":"Valtellina Rock &#8211; Bergell Kletterf\u00fchrer"}]},{"@type":"WebSite","@id":"https:\/\/bolting.eu\/en\/#website","url":"https:\/\/bolting.eu\/en\/","name":"bolting.eu","description":"we make climbs happen","publisher":{"@id":"https:\/\/bolting.eu\/en\/#organization"},"potentialAction":[{"@type":"SearchAction","target":{"@type":"EntryPoint","urlTemplate":"https:\/\/bolting.eu\/en\/?s={search_term_string}"},"query-input":{"@type":"PropertyValueSpecification","valueRequired":true,"valueName":"search_term_string"}}],"inLanguage":"en-US"},{"@type":["Organization","Place","SportingGoodsStore"],"@id":"https:\/\/bolting.eu\/en\/#organization","name":"bolting.eu","url":"https:\/\/bolting.eu\/en\/","logo":{"@id":"https:\/\/bolting.eu\/en\/shop\/valtellina-rock-bergell-kletterfuehrer\/#local-main-organization-logo"},"image":{"@id":"https:\/\/bolting.eu\/en\/shop\/valtellina-rock-bergell-kletterfuehrer\/#local-main-organization-logo"},"sameAs":["https:\/\/www.facebook.com\/bolting.eu","https:\/\/www.instagram.com\/bolting.eu\/"],"address":{"@id":"https:\/\/bolting.eu\/en\/shop\/valtellina-rock-bergell-kletterfuehrer\/#local-main-place-address"},"geo":{"@type":"GeoCoordinates","latitude":"47.264176340396226","longitude":"11.380109057672346"},"telephone":["+43 699 19083372"],"openingHoursSpecification":[{"@type":"OpeningHoursSpecification","dayOfWeek":["Monday","Wednesday","Friday"],"opens":"14:00","closes":"18:00"},{"@type":"OpeningHoursSpecification","dayOfWeek":["Tuesday","Thursday","Saturday","Sunday"],"opens":"00:00","closes":"00:00"}],"email":"office@bolting.eu","vatID":"ATU59999728","priceRange":"$$","currenciesAccepted":"Euro"},{"@type":"PostalAddress","@id":"https:\/\/bolting.eu\/en\/shop\/valtellina-rock-bergell-kletterfuehrer\/#local-main-place-address","streetAddress":"Fischnalerstra\u00dfe 4","addressLocality":"Innsbruck","postalCode":"6020","addressRegion":"Tirol","addressCountry":"AT"},{"@type":"ImageObject","inLanguage":"en-US","@id":"https:\/\/bolting.eu\/en\/shop\/valtellina-rock-bergell-kletterfuehrer\/#local-main-organization-logo","url":"https:\/\/bolting.eu\/wp-content\/uploads\/2019\/09\/bolting-logo.png","contentUrl":"https:\/\/bolting.eu\/wp-content\/uploads\/2019\/09\/bolting-logo.png","width":400,"height":211,"caption":"bolting.eu"}]},"product_price_amount":"34.00","product_price_currency":"EUR","og_availability":"instock","product_availability":"instock","product_retailer_item_id":"VR_VS-1","product_condition":"new","geo.placename":"Innsbruck","geo.position":{"lat":"47.264176340396226","long":"11.380109057672346"},"geo.region":"Austria"},"_links":{"self":[{"href":"https:\/\/bolting.eu\/en\/wp-json\/wp\/v2\/product\/35218","targetHints":{"allow":["GET"]}}],"collection":[{"href":"https:\/\/bolting.eu\/en\/wp-json\/wp\/v2\/product"}],"about":[{"href":"https:\/\/bolting.eu\/en\/wp-json\/wp\/v2\/types\/product"}],"replies":[{"embeddable":true,"href":"https:\/\/bolting.eu\/en\/wp-json\/wp\/v2\/comments?post=35218"}],"wp:featuredmedia":[{"embeddable":true,"href":"https:\/\/bolting.eu\/en\/wp-json\/wp\/v2\/media\/35226"}],"wp:attachment":[{"href":"https:\/\/bolting.eu\/en\/wp-json\/wp\/v2\/media?parent=35218"}],"wp:term":[{"taxonomy":"product_brand","embeddable":true,"href":"https:\/\/bolting.eu\/en\/wp-json\/wp\/v2\/product_brand?post=35218"},{"taxonomy":"product_cat","embeddable":true,"href":"https:\/\/bolting.eu\/en\/wp-json\/wp\/v2\/product_cat?post=35218"},{"taxonomy":"product_tag","embeddable":true,"href":"https:\/\/bolting.eu\/en\/wp-json\/wp\/v2\/product_tag?post=35218"}],"curies":[{"name":"wp","href":"https:\/\/api.w.org\/{rel}","templated":true}]}}