{"id":3519,"date":"2020-05-26T14:00:03","date_gmt":"2020-05-26T12:00:03","guid":{"rendered":"https:\/\/bolting.eu\/?post_type=product&#038;p=3519"},"modified":"2025-12-16T10:24:00","modified_gmt":"2025-12-16T09:24:00","slug":"beal-rope-defender","status":"publish","type":"product","link":"https:\/\/bolting.eu\/en\/shop\/beal-rope-defender\/","title":{"rendered":"Beal Rope Defender"},"content":{"rendered":"<p>Der Seilschutz Beal Rope Defender ist ein extrem robuster <a href=\"https:\/\/bolting.eu\/produkt-kategorie\/industriekletter-ausruestung\/seil-kantenschutz\/\">Seil Kantenschutz<\/a>. Denn er sch\u00fctzt Kletterseile bzw. Statikseile vor Besch\u00e4digungen an extrem scharfen Kanten. Einerseits bei H\u00f6henarbeiten. Beispielsweise an Stahltr\u00e4gern oder Betonkanten. Andererseits beim <a href=\"https:\/\/bolting.eu\/kletterroute-einbohren\/\">Kletterrouten einbohren<\/a> bzw. <a href=\"https:\/\/bolting.eu\/produkt-kategorie\/klettersteigbau-klettersteigmaterial\/\">Klettersteigbau<\/a> an extrem scharfen Felskanten.<\/p>\n<p>Das Produkt sollte deshalb in keiner Einbohr-Ausr\u00fcstung bzw. H\u00f6henarbeit Ausr\u00fcstung fehlen. \u00dcberdies wird es auch im Bereich der Bergrettung h\u00e4ufig verwendet.<\/p>\n<h2>Wirkungsweise Beal Rope Defender<\/h2>\n<p>Dieser Seilschutz besteht aus zwei Schichten.<\/p>\n<figure id=\"attachment_3520\" aria-describedby=\"caption-attachment-3520\" style=\"width: 280px\" class=\"wp-caption alignleft\"><a href=\"https:\/\/bolting.eu\/wp-content\/uploads\/2020\/05\/Beal-Rope-Defender-1.jpg\"><img loading=\"lazy\" decoding=\"async\" class=\"wp-image-3520 size-thumbnail\" src=\"https:\/\/bolting.eu\/wp-content\/uploads\/2020\/05\/Beal-Rope-Defender-1-280x280.jpg\" alt=\"Das Bild zeigt den Aufbau des Beal Rope Defender. Man erkennt am Bild die Form des Seilschutz, den vergr\u00f6\u00dferten und hervorgehobenen Kern aus einer Stahl-Spirale, sowie der Kunststoffh\u00fclle.\" width=\"280\" height=\"280\" srcset=\"https:\/\/bolting.eu\/wp-content\/uploads\/2020\/05\/Beal-Rope-Defender-1-280x280.jpg 280w, https:\/\/bolting.eu\/wp-content\/uploads\/2020\/05\/Beal-Rope-Defender-1-247x247.jpg 247w, https:\/\/bolting.eu\/wp-content\/uploads\/2020\/05\/Beal-Rope-Defender-1-100x100.jpg 100w, https:\/\/bolting.eu\/wp-content\/uploads\/2020\/05\/Beal-Rope-Defender-1-510x510.jpg 510w, https:\/\/bolting.eu\/wp-content\/uploads\/2020\/05\/Beal-Rope-Defender-1-400x400.jpg 400w, https:\/\/bolting.eu\/wp-content\/uploads\/2020\/05\/Beal-Rope-Defender-1-300x300.jpg 300w, https:\/\/bolting.eu\/wp-content\/uploads\/2020\/05\/Beal-Rope-Defender-1-600x600.jpg 600w, https:\/\/bolting.eu\/wp-content\/uploads\/2020\/05\/Beal-Rope-Defender-1.jpg 700w\" sizes=\"auto, (max-width: 280px) 100vw, 280px\" \/><\/a><figcaption id=\"caption-attachment-3520\" class=\"wp-caption-text\">Innen eine biegsame Stahlspirale f\u00fcr massiven Schutz. Au\u00dfen eine d\u00fcnne Kunststoffschicht. Der Rope Defender. Foto: beal-planet.com<\/figcaption><\/figure>\n<p>Erstens bildet eine durchgehende Spirale aus Stahldraht den &#8220;Kern&#8221;. Dieser ist zum einen durch die Spiralen v\u00f6llig beweglich bzw. biegbar. Und zum anderen sch\u00fctzt er das Seil vor jeglichem mechanischen Schaden.<\/p>\n<p>Zweitens ist um den Spiral-Kern eine d\u00fcnne Kunststoff Schichte aufgetragen. Dieser &#8220;Mantel&#8221; ist ein wenig wie Kletterschuh Gummi. D.h. der Seilschutz haftet gut auf felsigem oder betonartigem Untergrund. \u00dcberdies sch\u00fctzt er umgekehrt aber auch die Fels- bzw. Bauwerks Oberfl\u00e4che.<\/p>\n<p>Kurzum. Dieser Beal Seilschutz ist ein echtes &#8220;heavy duty&#8221; Teil. Es sch\u00fctzt Eure Statikseile und Kletterseile perfekt wenn es darauf 1000%-ige Sicherheit ankommt.<\/p>\n<p>&nbsp;<\/p>\n<h2>Eigenschaften Beal Rope Defender<\/h2>\n<p>Der Seilschutz\u00a0 hat folgende Features:<\/p>\n<ul>\n<li>L\u00e4nge: 50cm<\/li>\n<li>Gewicht: 730 Gramm<\/li>\n<li>Material Kern: Stahlspirale<\/li>\n<li>Material Mantel: abriebfester Weichgummi<\/li>\n<li>Seil muss durchgesteckt werden<\/li>\n<li>biegsam zum Anbringen an Kanten<\/li>\n<li>Fixierschlaufe f\u00fcr <a href=\"https:\/\/bolting.eu\/produkt-kategorie\/reepschnur\/\">Reepschnur<\/a> bzw. <a href=\"https:\/\/bolting.eu\/shop\/seilschutz-halterung-beal-croco\/\">Beal Seilschutzhalter Croco<\/a> am oberen Ende<\/li>\n<li>sch\u00fctzt vor extrem scharfen Kanten<\/li>\n<\/ul>\n<figure id=\"attachment_3523\" aria-describedby=\"caption-attachment-3523\" style=\"width: 700px\" class=\"wp-caption alignnone\"><a href=\"https:\/\/bolting.eu\/wp-content\/uploads\/2020\/05\/Beal-Rope-Defender-Rope-Protector.jpg\"><img loading=\"lazy\" decoding=\"async\" class=\"wp-image-3523 size-full\" src=\"https:\/\/bolting.eu\/wp-content\/uploads\/2020\/05\/Beal-Rope-Defender-Rope-Protector.jpg\" alt=\"das Bild zeigt die Beal Seilschutz Modelle Rope Defender links und Rope Protector rechts. Man erkennt sofort ihre Unterschiede und Bauweisen.\" width=\"700\" height=\"700\" srcset=\"https:\/\/bolting.eu\/wp-content\/uploads\/2020\/05\/Beal-Rope-Defender-Rope-Protector.jpg 700w, https:\/\/bolting.eu\/wp-content\/uploads\/2020\/05\/Beal-Rope-Defender-Rope-Protector-100x100.jpg 100w, https:\/\/bolting.eu\/wp-content\/uploads\/2020\/05\/Beal-Rope-Defender-Rope-Protector-510x510.jpg 510w, https:\/\/bolting.eu\/wp-content\/uploads\/2020\/05\/Beal-Rope-Defender-Rope-Protector-400x400.jpg 400w, https:\/\/bolting.eu\/wp-content\/uploads\/2020\/05\/Beal-Rope-Defender-Rope-Protector-280x280.jpg 280w, https:\/\/bolting.eu\/wp-content\/uploads\/2020\/05\/Beal-Rope-Defender-Rope-Protector-300x300.jpg 300w, https:\/\/bolting.eu\/wp-content\/uploads\/2020\/05\/Beal-Rope-Defender-Rope-Protector-600x600.jpg 600w\" sizes=\"auto, (max-width: 700px) 100vw, 700px\" \/><\/a><figcaption id=\"caption-attachment-3523\" class=\"wp-caption-text\">Die beiden Beal Seilschutz Modelle im direkten Vergleich. Grafik: bolting.eu<\/figcaption><\/figure>\n<h3>Unterschiede Beal Rope Defender &#8211; Rope Protector<\/h3>\n<p>Bei beiden Produkten handelt es sich um einen Seilschutz. Allerdings bestehen recht gro\u00dfe Unterschiede. Im Folgenden verdeutlicht dies eine Vergleichstabelle.<\/p>\n<p>&nbsp;<\/p>\n<table width=\"696\">\n<tbody>\n<tr>\n<td style=\"text-align: center;\" width=\"107\"><span style=\"font-size: 105%;\"><strong>Modell<\/strong><\/span><\/td>\n<td style=\"text-align: center;\" width=\"100\"><span style=\"font-size: 105%;\"><strong>Material Kern<\/strong><\/span><\/td>\n<td style=\"text-align: center;\" width=\"116\"><span style=\"font-size: 105%;\"><strong>Material Mantel<\/strong><\/span><\/td>\n<td style=\"text-align: center;\" width=\"87\"><span style=\"font-size: 105%;\"><strong>Gewicht<\/strong><\/span><\/td>\n<td style=\"text-align: center;\" width=\"112\"><span style=\"font-size: 105%;\"><strong>Einsatzbereiche<\/strong><\/span><\/td>\n<td style=\"text-align: center;\" width=\"87\"><span style=\"font-size: 105%;\"><strong>sch\u00fctzt<\/strong><\/span><\/td>\n<td style=\"text-align: center;\" width=\"87\"><span style=\"font-size: 105%;\"><strong>L\u00e4nge<\/strong><\/span><\/td>\n<\/tr>\n<tr>\n<td style=\"text-align: center;\" width=\"107\"><strong><em>Rope Defender<\/em><\/strong><\/td>\n<td style=\"text-align: center;\" width=\"100\">Stahlspirale<\/td>\n<td style=\"text-align: center;\" width=\"116\">d\u00fcnne Kunststoff Schichte<\/td>\n<td style=\"text-align: center;\" width=\"87\">730 Gramm (schwer)<\/td>\n<td style=\"text-align: center;\" width=\"112\">&#8211; langwierige H\u00f6henarbeiten\u00a0\u00a0 -extrem scharfe Felskanten<\/td>\n<td style=\"text-align: center;\" width=\"87\">extrem hoher Schutz<\/td>\n<td style=\"text-align: center;\" width=\"87\">50cm<\/td>\n<\/tr>\n<tr>\n<td style=\"text-align: center;\" width=\"107\"><em><strong>Rope Protector<\/strong><\/em><\/td>\n<td style=\"text-align: center;\" width=\"100\">kein Kern<\/td>\n<td style=\"text-align: center;\" width=\"116\">2mm PVC H\u00fclle<\/td>\n<td style=\"text-align: center;\" width=\"87\"><\/td>\n<td style=\"text-align: center;\" width=\"112\">&#8211; kurzweilige H\u00f6henarbeiten\u00a0\u00a0 &#8211; scharfe Felskanten<\/td>\n<td style=\"text-align: center;\" width=\"87\">guter kurzweiliger Schutz<\/td>\n<td style=\"text-align: center;\" width=\"87\">70cm<\/td>\n<\/tr>\n<\/tbody>\n<\/table>\n<p>Kurzum. Der Rope Defender ist sicher etwas f\u00fcr langwierige H\u00f6henarbeiten. Zudem ist er auch dann notwendig wenn man extrem scharfe Felskanten hat. Der Rope Protector ist etwas f\u00fcr das Big Wall Klettern und Erschlie\u00dfen von Kletterrouten. Oder besser ausgedr\u00fcckt. Wenn die Belastung auf der Kante k\u00fcrzer und nicht so massiv ist.<\/p>\n<h3>Redundantes Arbeiten!<\/h3>\n<p><a href=\"https:\/\/bolting.eu\/wp-content\/uploads\/2020\/05\/Beal-Mobile-Lanyard-4.jpg\"><img loading=\"lazy\" decoding=\"async\" class=\"size-full wp-image-3496 alignleft\" src=\"https:\/\/bolting.eu\/wp-content\/uploads\/2020\/05\/Beal-Mobile-Lanyard-4.jpg\" alt=\"Das Bild zeigt in zwei Grafiken die Anwendung des Verbindungsmittel &quot;Mobile Lanyard&quot; f\u00fcr ein mitlaufendes Auffangger\u00e4t - Beal Monitor.\" width=\"330\" height=\"206\" \/><\/a>Wir empfehlen allen bei den entsprechenden T\u00e4tigkeiten redundant zu arbeiten. Dies bedeutet ein zweites Sicherungsseil als zus\u00e4tzliche Absturzsicherung zu installieren. Ein einzelnen Sicherungsseil reicht daf\u00fcr nicht aus. Selbst wenn man den Beal Rope Defender verwendet. Es ist eben noch keine redundante Arbeitsweise!<\/p>\n<p>Hierzu wird erstens die redundante Sicherung an einem unabh\u00e4ngigen Fixpunkt befestigt. Auch sie wird nat\u00fcrlich nochmals zus\u00e4tzlich r\u00fcckgesichert! Zweitens verbindet man sich dann mit dem <a href=\"https:\/\/bolting.eu\/shop\/mitlaufendes-auffanggeraet-beal-monitor\/\">mitlaufenden Auffangger\u00e4t<\/a> redundanten Sicherungsseil. Der Seilschutz Beal Protector sollte bei kritischen Kanten bei beiden Seilen verwendet werden.<\/p>\n<p>Praxis Tipp: Wir empfehlen Euch immer 2-3 Stk. Seil Protectoren in Eurer Ausr\u00fcstung zu haben. Nur so k\u00f6nnen das prim\u00e4re Seil bzw. das redundante Seil gesch\u00fctzt werden. Bzw. hat man dann immer auch einen weiteren Seilschutz in Reserve.<\/p>\n<h3>Anwendungsbeispiel<\/h3>\n<p>Hier ein Beispiel wie der Beal Rope Defender eingesetzt wird:<\/p>\n<p><a href=\"https:\/\/bolting.eu\/wp-content\/uploads\/2020\/05\/Beal-Rope-Defender-7.jpg\"><img loading=\"lazy\" decoding=\"async\" class=\"alignnone size-full wp-image-3525\" src=\"https:\/\/bolting.eu\/wp-content\/uploads\/2020\/05\/Beal-Rope-Defender-7.jpg\" alt=\"Das Bild zeigt die Einsatzbereiche des Beal Seilschutz. Man erkennt die Funktion des KAntenschutzes ganz eindeutig und einleuchtend. Denn man sieht in zwei Grafiken wie der Schutz an Betonkanten bzw. Stahlkanten das Seil sch\u00fctzt.\" width=\"450\" height=\"208\" \/><\/a><\/p>\n<p>Link Tipp: <a href=\"https:\/\/www.google.com\/url?sa=t&amp;rct=j&amp;q=&amp;esrc=s&amp;source=web&amp;cd=1&amp;cad=rja&amp;uact=8&amp;ved=2ahUKEwjm85W3tv7nAhUBuHEKHWRCBXoQFjAAegQIBxAC&amp;url=https%3A%2F%2Fwww.beal-planet.com%2F&amp;usg=AOvVaw13-n-rd-ge0xATlzImz6bR\" target=\"_blank\" rel=\"noopener noreferrer\">zum Hersteller<\/a><\/p>\n","protected":false},"excerpt":{"rendered":"<ul>\n<li>L\u00e4nge: 50cm<\/li>\n<li>Gewicht: 730 Gramm<\/li>\n<li>Material Kern: Stahlspirale<\/li>\n<li>Material Mantel: abriebfester Weichgummi<\/li>\n<li>Seil muss durchgesteckt werden<\/li>\n<li>biegsam zum Anbringen an Kanten<\/li>\n<li>Fixierschlaufe f\u00fcr <a href=\"https:\/\/bolting.eu\/produkt-kategorie\/reepschnur\/\">Reepschnur<\/a> bzw. <a href=\"https:\/\/bolting.eu\/shop\/seilschutz-halterung-beal-croco\/\">Beal Seilschutzhalter Croco<\/a> am oberen Ende<\/li>\n<li>sch\u00fctzt vor extrem scharfen Kanten<\/li>\n<\/ul>\n","protected":false},"featured_media":3521,"comment_status":"open","ping_status":"closed","template":"","meta":[],"product_brand":[],"product_cat":[4663,14055,35,1210],"product_tag":[2228,7993],"class_list":{"0":"post-3519","1":"product","2":"type-product","3":"status-publish","4":"has-post-thumbnail","6":"product_cat-beal","7":"product_cat-absturzsicherung","8":"product_cat-einbohr-zubehoer","9":"product_cat-einbohrartikel","10":"product_tag-hoehenarbeiten","11":"product_tag-redundantes-arbeiten","13":"first","14":"instock","15":"taxable","16":"shipping-taxable","17":"purchasable","18":"product-type-simple"},"yoast_head":"<!-- This site is optimized with the Yoast SEO Premium plugin v26.9 (Yoast SEO v26.9) - https:\/\/yoast.com\/product\/yoast-seo-premium-wordpress\/ -->\n<title>Beal Rope Defender: massiver Seilschutz f\u00fcr H\u00f6henarbeiten |bolting.eu<\/title>\n<meta name=\"description\" content=\"Hier findest du den BEAL ROPE DEFENDER. Ein massiver Seilschutz aus einer Stahlrohr-Spirale mit Gummibeschichtung f\u00fcr 100%-igen Schutz an extremen Kanten!\" \/>\n<meta name=\"robots\" content=\"index, follow, max-snippet:-1, max-image-preview:large, max-video-preview:-1\" \/>\n<link rel=\"canonical\" href=\"https:\/\/bolting.eu\/en\/shop\/beal-rope-defender\/\" \/>\n<meta property=\"og:locale\" content=\"en_US\" \/>\n<meta property=\"og:type\" content=\"article\" \/>\n<meta property=\"og:title\" content=\"Beal Rope Defender\" \/>\n<meta property=\"og:description\" content=\"Hier findest du den BEAL ROPE DEFENDER. Ein massiver Seilschutz aus einer Stahlrohr-Spirale mit Gummibeschichtung f\u00fcr 100%-igen Schutz an extremen Kanten!\" \/>\n<meta property=\"og:url\" content=\"https:\/\/bolting.eu\/en\/shop\/beal-rope-defender\/\" \/>\n<meta property=\"og:site_name\" content=\"bolting.eu\" \/>\n<meta property=\"article:publisher\" content=\"https:\/\/www.facebook.com\/bolting.eu\" \/>\n<meta property=\"article:modified_time\" content=\"2025-12-16T09:24:00+00:00\" \/>\n<meta property=\"og:image\" content=\"https:\/\/bolting.eu\/wp-content\/uploads\/2020\/05\/beal-rope-defender.jpg\" \/>\n\t<meta property=\"og:image:width\" content=\"700\" \/>\n\t<meta property=\"og:image:height\" content=\"700\" \/>\n\t<meta property=\"og:image:type\" content=\"image\/jpeg\" \/>\n<meta name=\"twitter:card\" content=\"summary_large_image\" \/>\n<meta name=\"twitter:label1\" content=\"Price\" \/>\n\t<meta name=\"twitter:data1\" content=\"&euro;&nbsp;71,90\" \/>\n\t<meta name=\"twitter:label2\" content=\"Availability\" \/>\n\t<meta name=\"twitter:data2\" content=\"In stock\" \/>\n<script type=\"application\/ld+json\" class=\"yoast-schema-graph\">{\"@context\":\"https:\/\/schema.org\",\"@graph\":[{\"@type\":[\"WebPage\",\"ItemPage\"],\"@id\":\"https:\/\/bolting.eu\/en\/shop\/beal-rope-defender\/\",\"url\":\"https:\/\/bolting.eu\/en\/shop\/beal-rope-defender\/\",\"name\":\"Beal Rope Defender: massiver Seilschutz f\u00fcr H\u00f6henarbeiten |bolting.eu\",\"isPartOf\":{\"@id\":\"https:\/\/bolting.eu\/en\/#website\"},\"primaryImageOfPage\":{\"@id\":\"https:\/\/bolting.eu\/en\/shop\/beal-rope-defender\/#primaryimage\"},\"image\":{\"@id\":\"https:\/\/bolting.eu\/en\/shop\/beal-rope-defender\/#primaryimage\"},\"thumbnailUrl\":\"https:\/\/bolting.eu\/wp-content\/uploads\/2020\/05\/beal-rope-defender.jpg\",\"datePublished\":\"2020-05-26T12:00:03+00:00\",\"dateModified\":\"2025-12-16T09:24:00+00:00\",\"description\":\"Hier findest du den BEAL ROPE DEFENDER. Ein massiver Seilschutz aus einer Stahlrohr-Spirale mit Gummibeschichtung f\u00fcr 100%-igen Schutz an extremen Kanten!\",\"breadcrumb\":{\"@id\":\"https:\/\/bolting.eu\/en\/shop\/beal-rope-defender\/#breadcrumb\"},\"inLanguage\":\"en-US\",\"potentialAction\":[{\"@type\":\"ReadAction\",\"target\":[\"https:\/\/bolting.eu\/en\/shop\/beal-rope-defender\/\"]}]},{\"@type\":\"ImageObject\",\"inLanguage\":\"en-US\",\"@id\":\"https:\/\/bolting.eu\/en\/shop\/beal-rope-defender\/#primaryimage\",\"url\":\"https:\/\/bolting.eu\/wp-content\/uploads\/2020\/05\/beal-rope-defender.jpg\",\"contentUrl\":\"https:\/\/bolting.eu\/wp-content\/uploads\/2020\/05\/beal-rope-defender.jpg\",\"width\":700,\"height\":700},{\"@type\":\"BreadcrumbList\",\"@id\":\"https:\/\/bolting.eu\/en\/shop\/beal-rope-defender\/#breadcrumb\",\"itemListElement\":[{\"@type\":\"ListItem\",\"position\":1,\"name\":\"Shop\",\"item\":\"https:\/\/bolting.eu\/en\/shop\/\"},{\"@type\":\"ListItem\",\"position\":2,\"name\":\"bolting products\",\"item\":\"https:\/\/bolting.eu\/en\/produkt-kategorie\/bolting-products\/\"},{\"@type\":\"ListItem\",\"position\":3,\"name\":\"Fall protection\",\"item\":\"https:\/\/bolting.eu\/en\/produkt-kategorie\/fall-protection\/\"},{\"@type\":\"ListItem\",\"position\":4,\"name\":\"Beal Rope Defender\"}]},{\"@type\":\"WebSite\",\"@id\":\"https:\/\/bolting.eu\/en\/#website\",\"url\":\"https:\/\/bolting.eu\/en\/\",\"name\":\"bolting.eu\",\"description\":\"we make climbs happen\",\"publisher\":{\"@id\":\"https:\/\/bolting.eu\/en\/#organization\"},\"potentialAction\":[{\"@type\":\"SearchAction\",\"target\":{\"@type\":\"EntryPoint\",\"urlTemplate\":\"https:\/\/bolting.eu\/en\/?s={search_term_string}\"},\"query-input\":{\"@type\":\"PropertyValueSpecification\",\"valueRequired\":true,\"valueName\":\"search_term_string\"}}],\"inLanguage\":\"en-US\"},{\"@type\":[\"Organization\",\"Place\",\"SportingGoodsStore\"],\"@id\":\"https:\/\/bolting.eu\/en\/#organization\",\"name\":\"bolting.eu\",\"url\":\"https:\/\/bolting.eu\/en\/\",\"logo\":{\"@id\":\"https:\/\/bolting.eu\/en\/shop\/beal-rope-defender\/#local-main-organization-logo\"},\"image\":{\"@id\":\"https:\/\/bolting.eu\/en\/shop\/beal-rope-defender\/#local-main-organization-logo\"},\"sameAs\":[\"https:\/\/www.facebook.com\/bolting.eu\",\"https:\/\/www.instagram.com\/bolting.eu\/\"],\"address\":{\"@id\":\"https:\/\/bolting.eu\/en\/shop\/beal-rope-defender\/#local-main-place-address\"},\"geo\":{\"@type\":\"GeoCoordinates\",\"latitude\":\"47.264176340396226\",\"longitude\":\"11.380109057672346\"},\"telephone\":[\"+43 699 19083372\"],\"openingHoursSpecification\":[{\"@type\":\"OpeningHoursSpecification\",\"dayOfWeek\":[\"Monday\",\"Wednesday\",\"Friday\"],\"opens\":\"14:00\",\"closes\":\"18:00\"},{\"@type\":\"OpeningHoursSpecification\",\"dayOfWeek\":[\"Tuesday\",\"Thursday\",\"Saturday\",\"Sunday\"],\"opens\":\"00:00\",\"closes\":\"00:00\"}],\"email\":\"office@bolting.eu\",\"vatID\":\"ATU59999728\",\"priceRange\":\"$$\",\"currenciesAccepted\":\"Euro\"},{\"@type\":\"PostalAddress\",\"@id\":\"https:\/\/bolting.eu\/en\/shop\/beal-rope-defender\/#local-main-place-address\",\"streetAddress\":\"Fischnalerstra\u00dfe 4\",\"addressLocality\":\"Innsbruck\",\"postalCode\":\"6020\",\"addressRegion\":\"Tirol\",\"addressCountry\":\"AT\"},{\"@type\":\"ImageObject\",\"inLanguage\":\"en-US\",\"@id\":\"https:\/\/bolting.eu\/en\/shop\/beal-rope-defender\/#local-main-organization-logo\",\"url\":\"https:\/\/bolting.eu\/wp-content\/uploads\/2019\/09\/bolting-logo.png\",\"contentUrl\":\"https:\/\/bolting.eu\/wp-content\/uploads\/2019\/09\/bolting-logo.png\",\"width\":400,\"height\":211,\"caption\":\"bolting.eu\"}]}<\/script>\n<meta property=\"product:price:amount\" content=\"71.90\" \/>\n<meta property=\"product:price:currency\" content=\"EUR\" \/>\n<meta property=\"og:availability\" content=\"instock\" \/>\n<meta property=\"product:availability\" content=\"instock\" \/>\n<meta property=\"product:retailer_item_id\" content=\"BPRD\" \/>\n<meta property=\"product:condition\" content=\"new\" \/>\n<meta name=\"geo.placename\" content=\"Innsbruck\" \/>\n<meta name=\"geo.position\" content=\"47.264176340396226;11.380109057672346\" \/>\n<meta name=\"geo.region\" content=\"Austria\" \/>\n<!-- \/ Yoast SEO Premium plugin. -->","yoast_head_json":{"title":"Beal Rope Defender: massiver Seilschutz f\u00fcr H\u00f6henarbeiten |bolting.eu","description":"Hier findest du den BEAL ROPE DEFENDER. Ein massiver Seilschutz aus einer Stahlrohr-Spirale mit Gummibeschichtung f\u00fcr 100%-igen Schutz an extremen Kanten!","robots":{"index":"index","follow":"follow","max-snippet":"max-snippet:-1","max-image-preview":"max-image-preview:large","max-video-preview":"max-video-preview:-1"},"canonical":"https:\/\/bolting.eu\/en\/shop\/beal-rope-defender\/","og_locale":"en_US","og_type":"article","og_title":"Beal Rope Defender","og_description":"Hier findest du den BEAL ROPE DEFENDER. Ein massiver Seilschutz aus einer Stahlrohr-Spirale mit Gummibeschichtung f\u00fcr 100%-igen Schutz an extremen Kanten!","og_url":"https:\/\/bolting.eu\/en\/shop\/beal-rope-defender\/","og_site_name":"bolting.eu","article_publisher":"https:\/\/www.facebook.com\/bolting.eu","article_modified_time":"2025-12-16T09:24:00+00:00","og_image":[{"width":700,"height":700,"url":"https:\/\/bolting.eu\/wp-content\/uploads\/2020\/05\/beal-rope-defender.jpg","type":"image\/jpeg"}],"twitter_card":"summary_large_image","twitter_misc":{"Price":"&euro;&nbsp;71,90","Availability":"In stock"},"schema":{"@context":"https:\/\/schema.org","@graph":[{"@type":["WebPage","ItemPage"],"@id":"https:\/\/bolting.eu\/en\/shop\/beal-rope-defender\/","url":"https:\/\/bolting.eu\/en\/shop\/beal-rope-defender\/","name":"Beal Rope Defender: massiver Seilschutz f\u00fcr H\u00f6henarbeiten |bolting.eu","isPartOf":{"@id":"https:\/\/bolting.eu\/en\/#website"},"primaryImageOfPage":{"@id":"https:\/\/bolting.eu\/en\/shop\/beal-rope-defender\/#primaryimage"},"image":{"@id":"https:\/\/bolting.eu\/en\/shop\/beal-rope-defender\/#primaryimage"},"thumbnailUrl":"https:\/\/bolting.eu\/wp-content\/uploads\/2020\/05\/beal-rope-defender.jpg","datePublished":"2020-05-26T12:00:03+00:00","dateModified":"2025-12-16T09:24:00+00:00","description":"Hier findest du den BEAL ROPE DEFENDER. Ein massiver Seilschutz aus einer Stahlrohr-Spirale mit Gummibeschichtung f\u00fcr 100%-igen Schutz an extremen Kanten!","breadcrumb":{"@id":"https:\/\/bolting.eu\/en\/shop\/beal-rope-defender\/#breadcrumb"},"inLanguage":"en-US","potentialAction":[{"@type":"ReadAction","target":["https:\/\/bolting.eu\/en\/shop\/beal-rope-defender\/"]}]},{"@type":"ImageObject","inLanguage":"en-US","@id":"https:\/\/bolting.eu\/en\/shop\/beal-rope-defender\/#primaryimage","url":"https:\/\/bolting.eu\/wp-content\/uploads\/2020\/05\/beal-rope-defender.jpg","contentUrl":"https:\/\/bolting.eu\/wp-content\/uploads\/2020\/05\/beal-rope-defender.jpg","width":700,"height":700},{"@type":"BreadcrumbList","@id":"https:\/\/bolting.eu\/en\/shop\/beal-rope-defender\/#breadcrumb","itemListElement":[{"@type":"ListItem","position":1,"name":"Shop","item":"https:\/\/bolting.eu\/en\/shop\/"},{"@type":"ListItem","position":2,"name":"bolting products","item":"https:\/\/bolting.eu\/en\/produkt-kategorie\/bolting-products\/"},{"@type":"ListItem","position":3,"name":"Fall protection","item":"https:\/\/bolting.eu\/en\/produkt-kategorie\/fall-protection\/"},{"@type":"ListItem","position":4,"name":"Beal Rope Defender"}]},{"@type":"WebSite","@id":"https:\/\/bolting.eu\/en\/#website","url":"https:\/\/bolting.eu\/en\/","name":"bolting.eu","description":"we make climbs happen","publisher":{"@id":"https:\/\/bolting.eu\/en\/#organization"},"potentialAction":[{"@type":"SearchAction","target":{"@type":"EntryPoint","urlTemplate":"https:\/\/bolting.eu\/en\/?s={search_term_string}"},"query-input":{"@type":"PropertyValueSpecification","valueRequired":true,"valueName":"search_term_string"}}],"inLanguage":"en-US"},{"@type":["Organization","Place","SportingGoodsStore"],"@id":"https:\/\/bolting.eu\/en\/#organization","name":"bolting.eu","url":"https:\/\/bolting.eu\/en\/","logo":{"@id":"https:\/\/bolting.eu\/en\/shop\/beal-rope-defender\/#local-main-organization-logo"},"image":{"@id":"https:\/\/bolting.eu\/en\/shop\/beal-rope-defender\/#local-main-organization-logo"},"sameAs":["https:\/\/www.facebook.com\/bolting.eu","https:\/\/www.instagram.com\/bolting.eu\/"],"address":{"@id":"https:\/\/bolting.eu\/en\/shop\/beal-rope-defender\/#local-main-place-address"},"geo":{"@type":"GeoCoordinates","latitude":"47.264176340396226","longitude":"11.380109057672346"},"telephone":["+43 699 19083372"],"openingHoursSpecification":[{"@type":"OpeningHoursSpecification","dayOfWeek":["Monday","Wednesday","Friday"],"opens":"14:00","closes":"18:00"},{"@type":"OpeningHoursSpecification","dayOfWeek":["Tuesday","Thursday","Saturday","Sunday"],"opens":"00:00","closes":"00:00"}],"email":"office@bolting.eu","vatID":"ATU59999728","priceRange":"$$","currenciesAccepted":"Euro"},{"@type":"PostalAddress","@id":"https:\/\/bolting.eu\/en\/shop\/beal-rope-defender\/#local-main-place-address","streetAddress":"Fischnalerstra\u00dfe 4","addressLocality":"Innsbruck","postalCode":"6020","addressRegion":"Tirol","addressCountry":"AT"},{"@type":"ImageObject","inLanguage":"en-US","@id":"https:\/\/bolting.eu\/en\/shop\/beal-rope-defender\/#local-main-organization-logo","url":"https:\/\/bolting.eu\/wp-content\/uploads\/2019\/09\/bolting-logo.png","contentUrl":"https:\/\/bolting.eu\/wp-content\/uploads\/2019\/09\/bolting-logo.png","width":400,"height":211,"caption":"bolting.eu"}]},"product_price_amount":"71.90","product_price_currency":"EUR","og_availability":"instock","product_availability":"instock","product_retailer_item_id":"BPRD","product_condition":"new","geo.placename":"Innsbruck","geo.position":{"lat":"47.264176340396226","long":"11.380109057672346"},"geo.region":"Austria"},"_links":{"self":[{"href":"https:\/\/bolting.eu\/en\/wp-json\/wp\/v2\/product\/3519","targetHints":{"allow":["GET"]}}],"collection":[{"href":"https:\/\/bolting.eu\/en\/wp-json\/wp\/v2\/product"}],"about":[{"href":"https:\/\/bolting.eu\/en\/wp-json\/wp\/v2\/types\/product"}],"replies":[{"embeddable":true,"href":"https:\/\/bolting.eu\/en\/wp-json\/wp\/v2\/comments?post=3519"}],"wp:featuredmedia":[{"embeddable":true,"href":"https:\/\/bolting.eu\/en\/wp-json\/wp\/v2\/media\/3521"}],"wp:attachment":[{"href":"https:\/\/bolting.eu\/en\/wp-json\/wp\/v2\/media?parent=3519"}],"wp:term":[{"taxonomy":"product_brand","embeddable":true,"href":"https:\/\/bolting.eu\/en\/wp-json\/wp\/v2\/product_brand?post=3519"},{"taxonomy":"product_cat","embeddable":true,"href":"https:\/\/bolting.eu\/en\/wp-json\/wp\/v2\/product_cat?post=3519"},{"taxonomy":"product_tag","embeddable":true,"href":"https:\/\/bolting.eu\/en\/wp-json\/wp\/v2\/product_tag?post=3519"}],"curies":[{"name":"wp","href":"https:\/\/api.w.org\/{rel}","templated":true}]}}