{"id":35149,"date":"2025-11-26T14:18:34","date_gmt":"2025-11-26T13:18:34","guid":{"rendered":"https:\/\/bolting.eu\/?post_type=product&#038;p=35149"},"modified":"2025-12-04T12:18:35","modified_gmt":"2025-12-04T11:18:35","slug":"dolomiten-hard-rock-versante-sud","status":"publish","type":"product","link":"https:\/\/bolting.eu\/en\/shop\/dolomiten-hard-rock-versante-sud\/","title":{"rendered":"Dolomiten Hard Rock Versante Sud"},"content":{"rendered":"<p>Der Dolomiten Hard Rock von Versante Sud ist ein spezieller Kletterf\u00fchrer. Denn er enth\u00e4lt eine Auswahl von 100 Mehrseill\u00e4ngen Routen von 6c bis 8a.<\/p>\n<p>Das Buch ist das Ergebnis eines Projektes der Autoren Francesco Piacenza und Samuele Mazzolini. Sie haben innerhalb einiger Jahre alle Routen selber abgeklettert.<\/p>\n<p>Somit ist ein toller Auswahlf\u00fchrer \u00fcber schwere Routen Dolomiten entstanden. Und bei uns bekommt ihr die passenden <a href=\"https:\/\/bolting.eu\/produkt-kategorie\/kletterausruestung\/kletterschuhe\/\">Kletterschuhe<\/a> und <a href=\"https:\/\/bolting.eu\/produkt-kategorie\/kletterbekleidung\/\">Kletterbekleidung<\/a> gleich dazu \ud83d\ude09<\/p>\n<h2>Eigenschaften Dolomiten Hard Rock<\/h2>\n<ul>\n<li>Verlag: Versante Sud<\/li>\n<li>Sprache: Deutsch<\/li>\n<li>1. Auflage: 2025<\/li>\n<li>Seiten: 480<\/li>\n<li>Autoren: Francesco Piacenza und Samuele Mazzolini<\/li>\n<li>100 ausgew\u00e4hlte Routen in den gesamten Dolomiten<\/li>\n<li>Grade 6c bis 8a<\/li>\n<li>Format: 21 x 15 x 2,6cm<\/li>\n<li>Gewicht: 650 Gramm<\/li>\n<li>Brenta<\/li>\n<li>Heiligkreuzkofel<\/li>\n<li>Puez-Geisler-Gruppe<\/li>\n<li>Sella<\/li>\n<li>Lastoni di Formin &#8211; Tofana &#8211; Pamaganon<\/li>\n<li>Drei Zinnen<\/li>\n<li>La Valle Agordina<\/li>\n<li>Marmolada &#8211; Vallaccia<\/li>\n<li>Rosengarten<\/li>\n<li>Langkofel<\/li>\n<li>Sarca- und Etschtal (\u00fcberlappende Routen mit &#8220;<a href=\"https:\/\/bolting.eu\/shop\/hohe-waende-bei-arco\/\">Hohe W\u00e4nde bei Arco&#8221;<\/a>)<\/li>\n<\/ul>\n<h3>Gebiets\u00fcbersicht<\/h3>\n<p>Folgende Massive sind im Dolomiten Hard Rock Topo enthalten.<\/p>\n<p><a href=\"https:\/\/bolting.eu\/wp-content\/uploads\/2025\/11\/Doloten-HArd-Rock-3.jpg\"><img loading=\"lazy\" decoding=\"async\" class=\"alignnone size-full wp-image-35154\" src=\"https:\/\/bolting.eu\/wp-content\/uploads\/2025\/11\/Doloten-HArd-Rock-3.jpg\" alt=\"LAndkarte mit den Routen als Kreis mit Nummer des Dolomiten Hard Rock Topos.\" width=\"1024\" height=\"718\" srcset=\"https:\/\/bolting.eu\/wp-content\/uploads\/2025\/11\/Doloten-HArd-Rock-3.jpg 1024w, https:\/\/bolting.eu\/wp-content\/uploads\/2025\/11\/Doloten-HArd-Rock-3-570x400.jpg 570w, https:\/\/bolting.eu\/wp-content\/uploads\/2025\/11\/Doloten-HArd-Rock-3-768x539.jpg 768w, https:\/\/bolting.eu\/wp-content\/uploads\/2025\/11\/Doloten-HArd-Rock-3-510x358.jpg 510w, https:\/\/bolting.eu\/wp-content\/uploads\/2025\/11\/Doloten-HArd-Rock-3-100x70.jpg 100w\" sizes=\"auto, (max-width: 1024px) 100vw, 1024px\" \/><\/a><\/p>\n<h3>Routen\u00fcbersicht<\/h3>\n<p>Diese 100 Routen sind im Kletterf\u00fchrer Dolomiten Hard Rock enthalten.<\/p>\n<p><a href=\"https:\/\/bolting.eu\/wp-content\/uploads\/2025\/11\/Doloten-HArd-Rock-5.jpg\"><img loading=\"lazy\" decoding=\"async\" class=\"alignnone size-full wp-image-35150\" src=\"https:\/\/bolting.eu\/wp-content\/uploads\/2025\/11\/Doloten-HArd-Rock-5.jpg\" alt=\"Inhaltsverzeichnis des Dolomiten Hard Rock Kletterf\u00fchrers hundert Routen auf einer Doppelseite.\" width=\"1024\" height=\"714\" srcset=\"https:\/\/bolting.eu\/wp-content\/uploads\/2025\/11\/Doloten-HArd-Rock-5.jpg 1024w, https:\/\/bolting.eu\/wp-content\/uploads\/2025\/11\/Doloten-HArd-Rock-5-574x400.jpg 574w, https:\/\/bolting.eu\/wp-content\/uploads\/2025\/11\/Doloten-HArd-Rock-5-768x536.jpg 768w, https:\/\/bolting.eu\/wp-content\/uploads\/2025\/11\/Doloten-HArd-Rock-5-510x356.jpg 510w, https:\/\/bolting.eu\/wp-content\/uploads\/2025\/11\/Doloten-HArd-Rock-5-100x70.jpg 100w\" sizes=\"auto, (max-width: 1024px) 100vw, 1024px\" \/><\/a><\/p>\n<p>&nbsp;<\/p>\n","protected":false},"excerpt":{"rendered":"<p>100 ausgew\u00e4hlte Routen in den gesamten Dolomiten mit exakten Topos und Infos.<\/p>\n<p>Selbst abgeklettert von den Autoren f\u00fcr eine homogene Bewertung und top aktuelle Beschreibung.<\/p>\n<p>Versandkostenfrei bis 2kg in\u00a0<img decoding=\"async\" class=\"emoji\" role=\"img\" draggable=\"false\" src=\"https:\/\/s.w.org\/images\/core\/emoji\/14.0.0\/svg\/1f1e6-1f1f9.svg\" alt=\"\ud83c\udde6\ud83c\uddf9\" \/>\u00a0ab \u20ac 100,- und\u00a0<img decoding=\"async\" class=\"emoji\" role=\"img\" draggable=\"false\" src=\"https:\/\/s.w.org\/images\/core\/emoji\/14.0.0\/svg\/1f1e9-1f1ea.svg\" alt=\"\ud83c\udde9\ud83c\uddea\" \/>\u00a0ab \u20ac 200,-!<\/p>\n","protected":false},"featured_media":35158,"comment_status":"closed","ping_status":"closed","template":"","meta":[],"product_brand":[],"product_cat":[29,10898],"product_tag":[],"class_list":{"0":"post-35149","1":"product","2":"type-product","3":"status-publish","4":"has-post-thumbnail","6":"product_cat-kletterausruestung","7":"product_cat-kletterfuehrer","9":"first","10":"instock","11":"taxable","12":"shipping-taxable","13":"purchasable","14":"product-type-simple"},"yoast_head":"<!-- This site is optimized with the Yoast SEO Premium plugin v26.9 (Yoast SEO v26.9) - https:\/\/yoast.com\/product\/yoast-seo-premium-wordpress\/ -->\n<title>Dolomiten Hard Rock Versante Sud | bolting.eu<\/title>\n<meta name=\"description\" content=\"Dolomiten Hard Rock - Versante Sud Kletterf\u00fchrer online kaufen \u2705 Trusted Shops \u2705 kostenloser Versand* \u2705 14 Tage R\u00fcckgaberecht \u2705 Co2 neutraler Versand\" \/>\n<meta name=\"robots\" content=\"index, follow, max-snippet:-1, max-image-preview:large, max-video-preview:-1\" \/>\n<link rel=\"canonical\" href=\"https:\/\/bolting.eu\/en\/shop\/dolomiten-hard-rock-versante-sud\/\" \/>\n<meta property=\"og:locale\" content=\"en_US\" \/>\n<meta property=\"og:type\" content=\"article\" \/>\n<meta property=\"og:title\" content=\"Dolomiten Hard Rock Versante Sud\" \/>\n<meta property=\"og:description\" content=\"Dolomiten Hard Rock - Versante Sud Kletterf\u00fchrer online kaufen \u2705 Trusted Shops \u2705 kostenloser Versand* \u2705 14 Tage R\u00fcckgaberecht \u2705 Co2 neutraler Versand\" \/>\n<meta property=\"og:url\" content=\"https:\/\/bolting.eu\/en\/shop\/dolomiten-hard-rock-versante-sud\/\" \/>\n<meta property=\"og:site_name\" content=\"bolting.eu\" \/>\n<meta property=\"article:publisher\" content=\"https:\/\/www.facebook.com\/bolting.eu\" \/>\n<meta property=\"article:modified_time\" content=\"2025-12-04T11:18:35+00:00\" \/>\n<meta property=\"og:image\" content=\"https:\/\/bolting.eu\/wp-content\/uploads\/2025\/11\/Doloten-HArd-Rock-1.jpg\" \/>\n\t<meta property=\"og:image:width\" content=\"700\" \/>\n\t<meta property=\"og:image:height\" content=\"700\" \/>\n\t<meta property=\"og:image:type\" content=\"image\/jpeg\" \/>\n<meta name=\"twitter:card\" content=\"summary_large_image\" \/>\n<meta name=\"twitter:label1\" content=\"Price\" \/>\n\t<meta name=\"twitter:data1\" content=\"&euro;&nbsp;39,00\" \/>\n\t<meta name=\"twitter:label2\" content=\"Availability\" \/>\n\t<meta name=\"twitter:data2\" content=\"In stock\" \/>\n<script type=\"application\/ld+json\" class=\"yoast-schema-graph\">{\"@context\":\"https:\/\/schema.org\",\"@graph\":[{\"@type\":[\"WebPage\",\"ItemPage\"],\"@id\":\"https:\/\/bolting.eu\/en\/shop\/dolomiten-hard-rock-versante-sud\/\",\"url\":\"https:\/\/bolting.eu\/en\/shop\/dolomiten-hard-rock-versante-sud\/\",\"name\":\"Dolomiten Hard Rock Versante Sud | bolting.eu\",\"isPartOf\":{\"@id\":\"https:\/\/bolting.eu\/en\/#website\"},\"primaryImageOfPage\":{\"@id\":\"https:\/\/bolting.eu\/en\/shop\/dolomiten-hard-rock-versante-sud\/#primaryimage\"},\"image\":{\"@id\":\"https:\/\/bolting.eu\/en\/shop\/dolomiten-hard-rock-versante-sud\/#primaryimage\"},\"thumbnailUrl\":\"https:\/\/bolting.eu\/wp-content\/uploads\/2025\/11\/Doloten-HArd-Rock-1.jpg\",\"datePublished\":\"2025-11-26T13:18:34+00:00\",\"dateModified\":\"2025-12-04T11:18:35+00:00\",\"description\":\"Dolomiten Hard Rock - Versante Sud Kletterf\u00fchrer online kaufen \u2705 Trusted Shops \u2705 kostenloser Versand* \u2705 14 Tage R\u00fcckgaberecht \u2705 Co2 neutraler Versand\",\"breadcrumb\":{\"@id\":\"https:\/\/bolting.eu\/en\/shop\/dolomiten-hard-rock-versante-sud\/#breadcrumb\"},\"inLanguage\":\"en-US\",\"potentialAction\":[{\"@type\":\"ReadAction\",\"target\":[\"https:\/\/bolting.eu\/en\/shop\/dolomiten-hard-rock-versante-sud\/\"]}]},{\"@type\":\"ImageObject\",\"inLanguage\":\"en-US\",\"@id\":\"https:\/\/bolting.eu\/en\/shop\/dolomiten-hard-rock-versante-sud\/#primaryimage\",\"url\":\"https:\/\/bolting.eu\/wp-content\/uploads\/2025\/11\/Doloten-HArd-Rock-1.jpg\",\"contentUrl\":\"https:\/\/bolting.eu\/wp-content\/uploads\/2025\/11\/Doloten-HArd-Rock-1.jpg\",\"width\":700,\"height\":700,\"caption\":\"Buntes Cover des Dolomiten Hard Rock Kletterf\u00fchrers mit Kletterer in Felswand.\"},{\"@type\":\"BreadcrumbList\",\"@id\":\"https:\/\/bolting.eu\/en\/shop\/dolomiten-hard-rock-versante-sud\/#breadcrumb\",\"itemListElement\":[{\"@type\":\"ListItem\",\"position\":1,\"name\":\"Shop\",\"item\":\"https:\/\/bolting.eu\/en\/shop\/\"},{\"@type\":\"ListItem\",\"position\":2,\"name\":\"climbing equipment\",\"item\":\"https:\/\/bolting.eu\/en\/produkt-kategorie\/climbing-equipment\/\"},{\"@type\":\"ListItem\",\"position\":3,\"name\":\"Kletterf\u00fchrer\",\"item\":\"https:\/\/bolting.eu\/produkt-kategorie\/kletterausruestung\/kletterfuehrer\/\"},{\"@type\":\"ListItem\",\"position\":4,\"name\":\"Dolomiten Hard Rock Versante Sud\"}]},{\"@type\":\"WebSite\",\"@id\":\"https:\/\/bolting.eu\/en\/#website\",\"url\":\"https:\/\/bolting.eu\/en\/\",\"name\":\"bolting.eu\",\"description\":\"we make climbs happen\",\"publisher\":{\"@id\":\"https:\/\/bolting.eu\/en\/#organization\"},\"potentialAction\":[{\"@type\":\"SearchAction\",\"target\":{\"@type\":\"EntryPoint\",\"urlTemplate\":\"https:\/\/bolting.eu\/en\/?s={search_term_string}\"},\"query-input\":{\"@type\":\"PropertyValueSpecification\",\"valueRequired\":true,\"valueName\":\"search_term_string\"}}],\"inLanguage\":\"en-US\"},{\"@type\":[\"Organization\",\"Place\",\"SportingGoodsStore\"],\"@id\":\"https:\/\/bolting.eu\/en\/#organization\",\"name\":\"bolting.eu\",\"url\":\"https:\/\/bolting.eu\/en\/\",\"logo\":{\"@id\":\"https:\/\/bolting.eu\/en\/shop\/dolomiten-hard-rock-versante-sud\/#local-main-organization-logo\"},\"image\":{\"@id\":\"https:\/\/bolting.eu\/en\/shop\/dolomiten-hard-rock-versante-sud\/#local-main-organization-logo\"},\"sameAs\":[\"https:\/\/www.facebook.com\/bolting.eu\",\"https:\/\/www.instagram.com\/bolting.eu\/\"],\"address\":{\"@id\":\"https:\/\/bolting.eu\/en\/shop\/dolomiten-hard-rock-versante-sud\/#local-main-place-address\"},\"geo\":{\"@type\":\"GeoCoordinates\",\"latitude\":\"47.264176340396226\",\"longitude\":\"11.380109057672346\"},\"telephone\":[\"+43 699 19083372\"],\"openingHoursSpecification\":[{\"@type\":\"OpeningHoursSpecification\",\"dayOfWeek\":[\"Monday\",\"Wednesday\",\"Friday\"],\"opens\":\"14:00\",\"closes\":\"18:00\"},{\"@type\":\"OpeningHoursSpecification\",\"dayOfWeek\":[\"Tuesday\",\"Thursday\",\"Saturday\",\"Sunday\"],\"opens\":\"00:00\",\"closes\":\"00:00\"}],\"email\":\"office@bolting.eu\",\"vatID\":\"ATU59999728\",\"priceRange\":\"$$\",\"currenciesAccepted\":\"Euro\"},{\"@type\":\"PostalAddress\",\"@id\":\"https:\/\/bolting.eu\/en\/shop\/dolomiten-hard-rock-versante-sud\/#local-main-place-address\",\"streetAddress\":\"Fischnalerstra\u00dfe 4\",\"addressLocality\":\"Innsbruck\",\"postalCode\":\"6020\",\"addressRegion\":\"Tirol\",\"addressCountry\":\"AT\"},{\"@type\":\"ImageObject\",\"inLanguage\":\"en-US\",\"@id\":\"https:\/\/bolting.eu\/en\/shop\/dolomiten-hard-rock-versante-sud\/#local-main-organization-logo\",\"url\":\"https:\/\/bolting.eu\/wp-content\/uploads\/2019\/09\/bolting-logo.png\",\"contentUrl\":\"https:\/\/bolting.eu\/wp-content\/uploads\/2019\/09\/bolting-logo.png\",\"width\":400,\"height\":211,\"caption\":\"bolting.eu\"}]}<\/script>\n<meta property=\"product:price:amount\" content=\"39.00\" \/>\n<meta property=\"product:price:currency\" content=\"EUR\" \/>\n<meta property=\"og:availability\" content=\"instock\" \/>\n<meta property=\"product:availability\" content=\"instock\" \/>\n<meta property=\"product:retailer_item_id\" content=\"VS_DHR_2025\" \/>\n<meta property=\"product:condition\" content=\"new\" \/>\n<meta name=\"geo.placename\" content=\"Innsbruck\" \/>\n<meta name=\"geo.position\" content=\"47.264176340396226;11.380109057672346\" \/>\n<meta name=\"geo.region\" content=\"Austria\" \/>\n<!-- \/ Yoast SEO Premium plugin. -->","yoast_head_json":{"title":"Dolomiten Hard Rock Versante Sud | bolting.eu","description":"Dolomiten Hard Rock - Versante Sud Kletterf\u00fchrer online kaufen \u2705 Trusted Shops \u2705 kostenloser Versand* \u2705 14 Tage R\u00fcckgaberecht \u2705 Co2 neutraler Versand","robots":{"index":"index","follow":"follow","max-snippet":"max-snippet:-1","max-image-preview":"max-image-preview:large","max-video-preview":"max-video-preview:-1"},"canonical":"https:\/\/bolting.eu\/en\/shop\/dolomiten-hard-rock-versante-sud\/","og_locale":"en_US","og_type":"article","og_title":"Dolomiten Hard Rock Versante Sud","og_description":"Dolomiten Hard Rock - Versante Sud Kletterf\u00fchrer online kaufen \u2705 Trusted Shops \u2705 kostenloser Versand* \u2705 14 Tage R\u00fcckgaberecht \u2705 Co2 neutraler Versand","og_url":"https:\/\/bolting.eu\/en\/shop\/dolomiten-hard-rock-versante-sud\/","og_site_name":"bolting.eu","article_publisher":"https:\/\/www.facebook.com\/bolting.eu","article_modified_time":"2025-12-04T11:18:35+00:00","og_image":[{"width":700,"height":700,"url":"https:\/\/bolting.eu\/wp-content\/uploads\/2025\/11\/Doloten-HArd-Rock-1.jpg","type":"image\/jpeg"}],"twitter_card":"summary_large_image","twitter_misc":{"Price":"&euro;&nbsp;39,00","Availability":"In stock"},"schema":{"@context":"https:\/\/schema.org","@graph":[{"@type":["WebPage","ItemPage"],"@id":"https:\/\/bolting.eu\/en\/shop\/dolomiten-hard-rock-versante-sud\/","url":"https:\/\/bolting.eu\/en\/shop\/dolomiten-hard-rock-versante-sud\/","name":"Dolomiten Hard Rock Versante Sud | bolting.eu","isPartOf":{"@id":"https:\/\/bolting.eu\/en\/#website"},"primaryImageOfPage":{"@id":"https:\/\/bolting.eu\/en\/shop\/dolomiten-hard-rock-versante-sud\/#primaryimage"},"image":{"@id":"https:\/\/bolting.eu\/en\/shop\/dolomiten-hard-rock-versante-sud\/#primaryimage"},"thumbnailUrl":"https:\/\/bolting.eu\/wp-content\/uploads\/2025\/11\/Doloten-HArd-Rock-1.jpg","datePublished":"2025-11-26T13:18:34+00:00","dateModified":"2025-12-04T11:18:35+00:00","description":"Dolomiten Hard Rock - Versante Sud Kletterf\u00fchrer online kaufen \u2705 Trusted Shops \u2705 kostenloser Versand* \u2705 14 Tage R\u00fcckgaberecht \u2705 Co2 neutraler Versand","breadcrumb":{"@id":"https:\/\/bolting.eu\/en\/shop\/dolomiten-hard-rock-versante-sud\/#breadcrumb"},"inLanguage":"en-US","potentialAction":[{"@type":"ReadAction","target":["https:\/\/bolting.eu\/en\/shop\/dolomiten-hard-rock-versante-sud\/"]}]},{"@type":"ImageObject","inLanguage":"en-US","@id":"https:\/\/bolting.eu\/en\/shop\/dolomiten-hard-rock-versante-sud\/#primaryimage","url":"https:\/\/bolting.eu\/wp-content\/uploads\/2025\/11\/Doloten-HArd-Rock-1.jpg","contentUrl":"https:\/\/bolting.eu\/wp-content\/uploads\/2025\/11\/Doloten-HArd-Rock-1.jpg","width":700,"height":700,"caption":"Buntes Cover des Dolomiten Hard Rock Kletterf\u00fchrers mit Kletterer in Felswand."},{"@type":"BreadcrumbList","@id":"https:\/\/bolting.eu\/en\/shop\/dolomiten-hard-rock-versante-sud\/#breadcrumb","itemListElement":[{"@type":"ListItem","position":1,"name":"Shop","item":"https:\/\/bolting.eu\/en\/shop\/"},{"@type":"ListItem","position":2,"name":"climbing equipment","item":"https:\/\/bolting.eu\/en\/produkt-kategorie\/climbing-equipment\/"},{"@type":"ListItem","position":3,"name":"Kletterf\u00fchrer","item":"https:\/\/bolting.eu\/produkt-kategorie\/kletterausruestung\/kletterfuehrer\/"},{"@type":"ListItem","position":4,"name":"Dolomiten Hard Rock Versante Sud"}]},{"@type":"WebSite","@id":"https:\/\/bolting.eu\/en\/#website","url":"https:\/\/bolting.eu\/en\/","name":"bolting.eu","description":"we make climbs happen","publisher":{"@id":"https:\/\/bolting.eu\/en\/#organization"},"potentialAction":[{"@type":"SearchAction","target":{"@type":"EntryPoint","urlTemplate":"https:\/\/bolting.eu\/en\/?s={search_term_string}"},"query-input":{"@type":"PropertyValueSpecification","valueRequired":true,"valueName":"search_term_string"}}],"inLanguage":"en-US"},{"@type":["Organization","Place","SportingGoodsStore"],"@id":"https:\/\/bolting.eu\/en\/#organization","name":"bolting.eu","url":"https:\/\/bolting.eu\/en\/","logo":{"@id":"https:\/\/bolting.eu\/en\/shop\/dolomiten-hard-rock-versante-sud\/#local-main-organization-logo"},"image":{"@id":"https:\/\/bolting.eu\/en\/shop\/dolomiten-hard-rock-versante-sud\/#local-main-organization-logo"},"sameAs":["https:\/\/www.facebook.com\/bolting.eu","https:\/\/www.instagram.com\/bolting.eu\/"],"address":{"@id":"https:\/\/bolting.eu\/en\/shop\/dolomiten-hard-rock-versante-sud\/#local-main-place-address"},"geo":{"@type":"GeoCoordinates","latitude":"47.264176340396226","longitude":"11.380109057672346"},"telephone":["+43 699 19083372"],"openingHoursSpecification":[{"@type":"OpeningHoursSpecification","dayOfWeek":["Monday","Wednesday","Friday"],"opens":"14:00","closes":"18:00"},{"@type":"OpeningHoursSpecification","dayOfWeek":["Tuesday","Thursday","Saturday","Sunday"],"opens":"00:00","closes":"00:00"}],"email":"office@bolting.eu","vatID":"ATU59999728","priceRange":"$$","currenciesAccepted":"Euro"},{"@type":"PostalAddress","@id":"https:\/\/bolting.eu\/en\/shop\/dolomiten-hard-rock-versante-sud\/#local-main-place-address","streetAddress":"Fischnalerstra\u00dfe 4","addressLocality":"Innsbruck","postalCode":"6020","addressRegion":"Tirol","addressCountry":"AT"},{"@type":"ImageObject","inLanguage":"en-US","@id":"https:\/\/bolting.eu\/en\/shop\/dolomiten-hard-rock-versante-sud\/#local-main-organization-logo","url":"https:\/\/bolting.eu\/wp-content\/uploads\/2019\/09\/bolting-logo.png","contentUrl":"https:\/\/bolting.eu\/wp-content\/uploads\/2019\/09\/bolting-logo.png","width":400,"height":211,"caption":"bolting.eu"}]},"product_price_amount":"39.00","product_price_currency":"EUR","og_availability":"instock","product_availability":"instock","product_retailer_item_id":"VS_DHR_2025","product_condition":"new","geo.placename":"Innsbruck","geo.position":{"lat":"47.264176340396226","long":"11.380109057672346"},"geo.region":"Austria"},"_links":{"self":[{"href":"https:\/\/bolting.eu\/en\/wp-json\/wp\/v2\/product\/35149","targetHints":{"allow":["GET"]}}],"collection":[{"href":"https:\/\/bolting.eu\/en\/wp-json\/wp\/v2\/product"}],"about":[{"href":"https:\/\/bolting.eu\/en\/wp-json\/wp\/v2\/types\/product"}],"replies":[{"embeddable":true,"href":"https:\/\/bolting.eu\/en\/wp-json\/wp\/v2\/comments?post=35149"}],"wp:featuredmedia":[{"embeddable":true,"href":"https:\/\/bolting.eu\/en\/wp-json\/wp\/v2\/media\/35158"}],"wp:attachment":[{"href":"https:\/\/bolting.eu\/en\/wp-json\/wp\/v2\/media?parent=35149"}],"wp:term":[{"taxonomy":"product_brand","embeddable":true,"href":"https:\/\/bolting.eu\/en\/wp-json\/wp\/v2\/product_brand?post=35149"},{"taxonomy":"product_cat","embeddable":true,"href":"https:\/\/bolting.eu\/en\/wp-json\/wp\/v2\/product_cat?post=35149"},{"taxonomy":"product_tag","embeddable":true,"href":"https:\/\/bolting.eu\/en\/wp-json\/wp\/v2\/product_tag?post=35149"}],"curies":[{"name":"wp","href":"https:\/\/api.w.org\/{rel}","templated":true}]}}