{"id":3508,"date":"2020-05-25T15:04:44","date_gmt":"2020-05-25T13:04:44","guid":{"rendered":"https:\/\/bolting.eu\/?post_type=product&#038;p=3508"},"modified":"2025-02-06T15:49:15","modified_gmt":"2025-02-06T14:49:15","slug":"beal-bucket-hat","status":"publish","type":"product","link":"https:\/\/bolting.eu\/en\/shop\/beal-bucket-hat\/","title":{"rendered":"Beal Bucket Hat"},"content":{"rendered":"<p>Der Beal Bucket Hat ist ein Zubeh\u00f6r f\u00fcr den <a href=\"https:\/\/bolting.eu\/shop\/werkzeugeimer-beal-genius-bucket\/\">Genius Bucket<\/a> bzw. Bucket Plus. Denn mit dem Deckel kann man den gro\u00dfen Werkzeugeimer verschlie\u00dfen. Zum einen um den Inhalt gegen Regen zu sch\u00fctzen. Zum anderen damit beim Transport bzw. Haulen nichts herausfallen kann.<\/p>\n<h2>Eigenschaften Beal Bucket Hat<\/h2>\n<ul>\n<li>Hersteller: Beal<\/li>\n<li>Deckel f\u00fcr Beal Genius Bucket<\/li>\n<li>inkl. Clips zur Befestigung<\/li>\n<li>sch\u00fctzt Inhalt des Genius Bucket vor Staub, Regen und Schmutz<\/li>\n<li>verhindert Herausfallen von Werkzeug beim Transport<\/li>\n<li>aus Stretch Kunststoff (Vorsicht mit spitzen Gegenst\u00e4nden)<\/li>\n<\/ul>\n<h3>Beal Bucket Hat aus der Pro-Linie<\/h3>\n<figure id=\"attachment_3510\" aria-describedby=\"caption-attachment-3510\" style=\"width: 280px\" class=\"wp-caption alignleft\"><a href=\"https:\/\/bolting.eu\/wp-content\/uploads\/2020\/05\/Beal-Bucket-Hat-montiert.jpg\"><img loading=\"lazy\" decoding=\"async\" class=\"wp-image-3510 size-thumbnail\" src=\"https:\/\/bolting.eu\/wp-content\/uploads\/2020\/05\/Beal-Bucket-Hat-montiert-280x280.jpg\" alt=\"Das Bild zeigt den Beal Bucket Hat auf dem passenden, angedeutetem Werkzeugeimer.\" width=\"280\" height=\"280\" srcset=\"https:\/\/bolting.eu\/wp-content\/uploads\/2020\/05\/Beal-Bucket-Hat-montiert-280x280.jpg 280w, https:\/\/bolting.eu\/wp-content\/uploads\/2020\/05\/Beal-Bucket-Hat-montiert-247x247.jpg 247w, https:\/\/bolting.eu\/wp-content\/uploads\/2020\/05\/Beal-Bucket-Hat-montiert-100x100.jpg 100w, https:\/\/bolting.eu\/wp-content\/uploads\/2020\/05\/Beal-Bucket-Hat-montiert-510x510.jpg 510w, https:\/\/bolting.eu\/wp-content\/uploads\/2020\/05\/Beal-Bucket-Hat-montiert-400x400.jpg 400w, https:\/\/bolting.eu\/wp-content\/uploads\/2020\/05\/Beal-Bucket-Hat-montiert-300x300.jpg 300w, https:\/\/bolting.eu\/wp-content\/uploads\/2020\/05\/Beal-Bucket-Hat-montiert-600x600.jpg 600w, https:\/\/bolting.eu\/wp-content\/uploads\/2020\/05\/Beal-Bucket-Hat-montiert.jpg 700w\" sizes=\"auto, (max-width: 280px) 100vw, 280px\" \/><\/a><figcaption id=\"caption-attachment-3510\" class=\"wp-caption-text\">Der Bucket Hat ist der passende Deckel f\u00fcr den &#8220;Genius Bucket&#8221;.<\/figcaption><\/figure>\n<p>Die Beal Pro-Linie liefert smarte L\u00f6sungen f\u00fcr Arbeiten in der H\u00f6he. Darunter die bekannten Klassiker wie die Werkzeugtasche Tool Bucket. Das vorgestellte Produkt ist der passende Deckel f\u00fcr das Tool Bucket. Ein super praktisches Zubeh\u00f6r.<\/p>\n<p>Denn erstens verhindert der Deckel dass sich Schmutz im Werkzeugeimer ansammeln kann. Zweitens kann der Inhalt nicht heraus fallen wenn man das Tool Bucket nach oben zieht. Und drittens lassen sich die Werkzeuge so auch viel besser im Wagen transportieren.<\/p>\n<h3>Vorsicht mit spitzen Gegenst\u00e4nden<\/h3>\n<p>Der Beal Bucket Hat besteht aus Stretch Kunststoff. Deshalb sollte man mit spitzen Gegenst\u00e4nden umsichtig hantieren. Risse im Deckel breiten sich n\u00e4mlich rasch aus. Also am besten ganz vermeiden!<\/p>\n<h3>Praxis Tipp<\/h3>\n<p>Wir empfehlen Euch den Deckel mit einer d\u00fcnnen Reepschnur zus\u00e4tzlich gegen Absturz zu sichern. Wenn man den Deckel abzieht, kann er schnell hinunter fallen. Deshalb ist eine kleine Safety Line f\u00fcr den Deckel recht handy.<\/p>\n<p>zudem solltet ihr euch bei Eurem H\u00f6henarbeiter Zubeh\u00f6r f\u00fcr eine Marke entscheiden. Denn somit sind viele Teile dann super kompatibel. Beispielsweise die Produkte aus der Beal Pro-Linie. Sie sind alle aufeinander abgestimmt und erg\u00e4nzen sich perfekt.<\/p>\n<p>Link Tipp: <a href=\"https:\/\/youtu.be\/dyFiKOHLm2k\" target=\"_blank\" rel=\"noopener noreferrer\">Youtube Video<\/a> zur Genius Serie!<\/p>\n","protected":false},"excerpt":{"rendered":"<ul>\n<li>Hersteller: Beal<\/li>\n<li>Deckel f\u00fcr Beal Genius Bucket<\/li>\n<li>inkl. Clips zur Befestigung<\/li>\n<li>sch\u00fctzt Inhalt des Genius Bucket vor Staub, Regen und Schmutz<\/li>\n<li>verhindert Herausfallen von Werkzeug beim Transport<\/li>\n<li>aus Stretch Kunststoff (Vorsicht mit spitzen Gegenst\u00e4nden)<\/li>\n<\/ul>\n","protected":false},"featured_media":3509,"comment_status":"open","ping_status":"closed","template":"","meta":[],"product_brand":[],"product_cat":[9226,14513,14752,4663],"product_tag":[2228],"class_list":{"0":"post-3508","1":"product","2":"type-product","3":"status-publish","4":"has-post-thumbnail","6":"product_cat-materialtaschen-werkzeugtaschen","7":"product_cat-industriekletter-ausruestung","8":"product_cat-transportsaecke","9":"product_cat-beal","10":"product_tag-hoehenarbeiten","12":"first","13":"instock","14":"taxable","15":"shipping-taxable","16":"purchasable","17":"product-type-simple"},"yoast_head":"<!-- This site is optimized with the Yoast SEO Premium plugin v26.9 (Yoast SEO v26.9) - https:\/\/yoast.com\/product\/yoast-seo-premium-wordpress\/ -->\n<title>Beal Bucket Hat : Deckel f\u00fcr Beal Genius Bucket kaufen bei bolting.eu<\/title>\n<meta name=\"description\" content=\"Hier findest du den Beal Bucket Hat. Den passenden Deckel f\u00fcr die H\u00f6henarbeiter Werkzeugtasche Genius Bucket. Sch\u00fctzt gegen Staub und Absturz von Werkzeug!\" \/>\n<meta name=\"robots\" content=\"index, follow, max-snippet:-1, max-image-preview:large, max-video-preview:-1\" \/>\n<link rel=\"canonical\" href=\"https:\/\/bolting.eu\/en\/shop\/beal-bucket-hat\/\" \/>\n<meta property=\"og:locale\" content=\"en_US\" \/>\n<meta property=\"og:type\" content=\"article\" \/>\n<meta property=\"og:title\" content=\"Beal Bucket Hat\" \/>\n<meta property=\"og:description\" content=\"Hier findest du den Beal Bucket Hat. Den passenden Deckel f\u00fcr die H\u00f6henarbeiter Werkzeugtasche Genius Bucket. Sch\u00fctzt gegen Staub und Absturz von Werkzeug!\" \/>\n<meta property=\"og:url\" content=\"https:\/\/bolting.eu\/en\/shop\/beal-bucket-hat\/\" \/>\n<meta property=\"og:site_name\" content=\"bolting.eu\" \/>\n<meta property=\"article:publisher\" content=\"https:\/\/www.facebook.com\/bolting.eu\" \/>\n<meta property=\"article:modified_time\" content=\"2025-02-06T14:49:15+00:00\" \/>\n<meta property=\"og:image\" content=\"https:\/\/bolting.eu\/wp-content\/uploads\/2020\/05\/Beal-Bucket-Hat.jpg\" \/>\n\t<meta property=\"og:image:width\" content=\"700\" \/>\n\t<meta property=\"og:image:height\" content=\"700\" \/>\n\t<meta property=\"og:image:type\" content=\"image\/jpeg\" \/>\n<meta name=\"twitter:card\" content=\"summary_large_image\" \/>\n<meta name=\"twitter:label1\" content=\"Price\" \/>\n\t<meta name=\"twitter:data1\" content=\"&euro;&nbsp;17,90\" \/>\n\t<meta name=\"twitter:label2\" content=\"Availability\" \/>\n\t<meta name=\"twitter:data2\" content=\"In stock\" \/>\n<script type=\"application\/ld+json\" class=\"yoast-schema-graph\">{\"@context\":\"https:\/\/schema.org\",\"@graph\":[{\"@type\":[\"WebPage\",\"ItemPage\"],\"@id\":\"https:\/\/bolting.eu\/en\/shop\/beal-bucket-hat\/\",\"url\":\"https:\/\/bolting.eu\/en\/shop\/beal-bucket-hat\/\",\"name\":\"Beal Bucket Hat : Deckel f\u00fcr Beal Genius Bucket kaufen bei bolting.eu\",\"isPartOf\":{\"@id\":\"https:\/\/bolting.eu\/en\/#website\"},\"primaryImageOfPage\":{\"@id\":\"https:\/\/bolting.eu\/en\/shop\/beal-bucket-hat\/#primaryimage\"},\"image\":{\"@id\":\"https:\/\/bolting.eu\/en\/shop\/beal-bucket-hat\/#primaryimage\"},\"thumbnailUrl\":\"https:\/\/bolting.eu\/wp-content\/uploads\/2020\/05\/Beal-Bucket-Hat.jpg\",\"datePublished\":\"2020-05-25T13:04:44+00:00\",\"dateModified\":\"2025-02-06T14:49:15+00:00\",\"description\":\"Hier findest du den Beal Bucket Hat. Den passenden Deckel f\u00fcr die H\u00f6henarbeiter Werkzeugtasche Genius Bucket. Sch\u00fctzt gegen Staub und Absturz von Werkzeug!\",\"breadcrumb\":{\"@id\":\"https:\/\/bolting.eu\/en\/shop\/beal-bucket-hat\/#breadcrumb\"},\"inLanguage\":\"en-US\",\"potentialAction\":[{\"@type\":\"ReadAction\",\"target\":[\"https:\/\/bolting.eu\/en\/shop\/beal-bucket-hat\/\"]}]},{\"@type\":\"ImageObject\",\"inLanguage\":\"en-US\",\"@id\":\"https:\/\/bolting.eu\/en\/shop\/beal-bucket-hat\/#primaryimage\",\"url\":\"https:\/\/bolting.eu\/wp-content\/uploads\/2020\/05\/Beal-Bucket-Hat.jpg\",\"contentUrl\":\"https:\/\/bolting.eu\/wp-content\/uploads\/2020\/05\/Beal-Bucket-Hat.jpg\",\"width\":700,\"height\":700,\"caption\":\"Das Bild zeigt den Beal Bucket Hat. Man sieht den schwarzen Kunststoffdeckel in Bildmitte. Man versteht sofort seine Funktion als Abdeckung f\u00fcr die passende Materialtasche.\"},{\"@type\":\"BreadcrumbList\",\"@id\":\"https:\/\/bolting.eu\/en\/shop\/beal-bucket-hat\/#breadcrumb\",\"itemListElement\":[{\"@type\":\"ListItem\",\"position\":1,\"name\":\"Shop\",\"item\":\"https:\/\/bolting.eu\/en\/shop\/\"},{\"@type\":\"ListItem\",\"position\":2,\"name\":\"Industrial climbing gear\",\"item\":\"https:\/\/bolting.eu\/en\/produkt-kategorie\/industrial-climbing-gear\/\"},{\"@type\":\"ListItem\",\"position\":3,\"name\":\"Transports\u00e4cke\",\"item\":\"https:\/\/bolting.eu\/produkt-kategorie\/industriekletter-ausruestung\/transportsaecke\/\"},{\"@type\":\"ListItem\",\"position\":4,\"name\":\"Beal Bucket Hat\"}]},{\"@type\":\"WebSite\",\"@id\":\"https:\/\/bolting.eu\/en\/#website\",\"url\":\"https:\/\/bolting.eu\/en\/\",\"name\":\"bolting.eu\",\"description\":\"we make climbs happen\",\"publisher\":{\"@id\":\"https:\/\/bolting.eu\/en\/#organization\"},\"potentialAction\":[{\"@type\":\"SearchAction\",\"target\":{\"@type\":\"EntryPoint\",\"urlTemplate\":\"https:\/\/bolting.eu\/en\/?s={search_term_string}\"},\"query-input\":{\"@type\":\"PropertyValueSpecification\",\"valueRequired\":true,\"valueName\":\"search_term_string\"}}],\"inLanguage\":\"en-US\"},{\"@type\":[\"Organization\",\"Place\",\"SportingGoodsStore\"],\"@id\":\"https:\/\/bolting.eu\/en\/#organization\",\"name\":\"bolting.eu\",\"url\":\"https:\/\/bolting.eu\/en\/\",\"logo\":{\"@id\":\"https:\/\/bolting.eu\/en\/shop\/beal-bucket-hat\/#local-main-organization-logo\"},\"image\":{\"@id\":\"https:\/\/bolting.eu\/en\/shop\/beal-bucket-hat\/#local-main-organization-logo\"},\"sameAs\":[\"https:\/\/www.facebook.com\/bolting.eu\",\"https:\/\/www.instagram.com\/bolting.eu\/\"],\"address\":{\"@id\":\"https:\/\/bolting.eu\/en\/shop\/beal-bucket-hat\/#local-main-place-address\"},\"geo\":{\"@type\":\"GeoCoordinates\",\"latitude\":\"47.264176340396226\",\"longitude\":\"11.380109057672346\"},\"telephone\":[\"+43 699 19083372\"],\"openingHoursSpecification\":[{\"@type\":\"OpeningHoursSpecification\",\"dayOfWeek\":[\"Monday\",\"Wednesday\",\"Friday\"],\"opens\":\"14:00\",\"closes\":\"18:00\"},{\"@type\":\"OpeningHoursSpecification\",\"dayOfWeek\":[\"Tuesday\",\"Thursday\",\"Saturday\",\"Sunday\"],\"opens\":\"00:00\",\"closes\":\"00:00\"}],\"email\":\"office@bolting.eu\",\"vatID\":\"ATU59999728\",\"priceRange\":\"$$\",\"currenciesAccepted\":\"Euro\"},{\"@type\":\"PostalAddress\",\"@id\":\"https:\/\/bolting.eu\/en\/shop\/beal-bucket-hat\/#local-main-place-address\",\"streetAddress\":\"Fischnalerstra\u00dfe 4\",\"addressLocality\":\"Innsbruck\",\"postalCode\":\"6020\",\"addressRegion\":\"Tirol\",\"addressCountry\":\"AT\"},{\"@type\":\"ImageObject\",\"inLanguage\":\"en-US\",\"@id\":\"https:\/\/bolting.eu\/en\/shop\/beal-bucket-hat\/#local-main-organization-logo\",\"url\":\"https:\/\/bolting.eu\/wp-content\/uploads\/2019\/09\/bolting-logo.png\",\"contentUrl\":\"https:\/\/bolting.eu\/wp-content\/uploads\/2019\/09\/bolting-logo.png\",\"width\":400,\"height\":211,\"caption\":\"bolting.eu\"}]}<\/script>\n<meta property=\"product:price:amount\" content=\"17.90\" \/>\n<meta property=\"product:price:currency\" content=\"EUR\" \/>\n<meta property=\"og:availability\" content=\"instock\" \/>\n<meta property=\"product:availability\" content=\"instock\" \/>\n<meta property=\"product:retailer_item_id\" content=\"BSAC.BH\" \/>\n<meta property=\"product:condition\" content=\"new\" \/>\n<meta name=\"geo.placename\" content=\"Innsbruck\" \/>\n<meta name=\"geo.position\" content=\"47.264176340396226;11.380109057672346\" \/>\n<meta name=\"geo.region\" content=\"Austria\" \/>\n<!-- \/ Yoast SEO Premium plugin. -->","yoast_head_json":{"title":"Beal Bucket Hat : Deckel f\u00fcr Beal Genius Bucket kaufen bei bolting.eu","description":"Hier findest du den Beal Bucket Hat. Den passenden Deckel f\u00fcr die H\u00f6henarbeiter Werkzeugtasche Genius Bucket. Sch\u00fctzt gegen Staub und Absturz von Werkzeug!","robots":{"index":"index","follow":"follow","max-snippet":"max-snippet:-1","max-image-preview":"max-image-preview:large","max-video-preview":"max-video-preview:-1"},"canonical":"https:\/\/bolting.eu\/en\/shop\/beal-bucket-hat\/","og_locale":"en_US","og_type":"article","og_title":"Beal Bucket Hat","og_description":"Hier findest du den Beal Bucket Hat. Den passenden Deckel f\u00fcr die H\u00f6henarbeiter Werkzeugtasche Genius Bucket. Sch\u00fctzt gegen Staub und Absturz von Werkzeug!","og_url":"https:\/\/bolting.eu\/en\/shop\/beal-bucket-hat\/","og_site_name":"bolting.eu","article_publisher":"https:\/\/www.facebook.com\/bolting.eu","article_modified_time":"2025-02-06T14:49:15+00:00","og_image":[{"width":700,"height":700,"url":"https:\/\/bolting.eu\/wp-content\/uploads\/2020\/05\/Beal-Bucket-Hat.jpg","type":"image\/jpeg"}],"twitter_card":"summary_large_image","twitter_misc":{"Price":"&euro;&nbsp;17,90","Availability":"In stock"},"schema":{"@context":"https:\/\/schema.org","@graph":[{"@type":["WebPage","ItemPage"],"@id":"https:\/\/bolting.eu\/en\/shop\/beal-bucket-hat\/","url":"https:\/\/bolting.eu\/en\/shop\/beal-bucket-hat\/","name":"Beal Bucket Hat : Deckel f\u00fcr Beal Genius Bucket kaufen bei bolting.eu","isPartOf":{"@id":"https:\/\/bolting.eu\/en\/#website"},"primaryImageOfPage":{"@id":"https:\/\/bolting.eu\/en\/shop\/beal-bucket-hat\/#primaryimage"},"image":{"@id":"https:\/\/bolting.eu\/en\/shop\/beal-bucket-hat\/#primaryimage"},"thumbnailUrl":"https:\/\/bolting.eu\/wp-content\/uploads\/2020\/05\/Beal-Bucket-Hat.jpg","datePublished":"2020-05-25T13:04:44+00:00","dateModified":"2025-02-06T14:49:15+00:00","description":"Hier findest du den Beal Bucket Hat. Den passenden Deckel f\u00fcr die H\u00f6henarbeiter Werkzeugtasche Genius Bucket. Sch\u00fctzt gegen Staub und Absturz von Werkzeug!","breadcrumb":{"@id":"https:\/\/bolting.eu\/en\/shop\/beal-bucket-hat\/#breadcrumb"},"inLanguage":"en-US","potentialAction":[{"@type":"ReadAction","target":["https:\/\/bolting.eu\/en\/shop\/beal-bucket-hat\/"]}]},{"@type":"ImageObject","inLanguage":"en-US","@id":"https:\/\/bolting.eu\/en\/shop\/beal-bucket-hat\/#primaryimage","url":"https:\/\/bolting.eu\/wp-content\/uploads\/2020\/05\/Beal-Bucket-Hat.jpg","contentUrl":"https:\/\/bolting.eu\/wp-content\/uploads\/2020\/05\/Beal-Bucket-Hat.jpg","width":700,"height":700,"caption":"Das Bild zeigt den Beal Bucket Hat. Man sieht den schwarzen Kunststoffdeckel in Bildmitte. Man versteht sofort seine Funktion als Abdeckung f\u00fcr die passende Materialtasche."},{"@type":"BreadcrumbList","@id":"https:\/\/bolting.eu\/en\/shop\/beal-bucket-hat\/#breadcrumb","itemListElement":[{"@type":"ListItem","position":1,"name":"Shop","item":"https:\/\/bolting.eu\/en\/shop\/"},{"@type":"ListItem","position":2,"name":"Industrial climbing gear","item":"https:\/\/bolting.eu\/en\/produkt-kategorie\/industrial-climbing-gear\/"},{"@type":"ListItem","position":3,"name":"Transports\u00e4cke","item":"https:\/\/bolting.eu\/produkt-kategorie\/industriekletter-ausruestung\/transportsaecke\/"},{"@type":"ListItem","position":4,"name":"Beal Bucket Hat"}]},{"@type":"WebSite","@id":"https:\/\/bolting.eu\/en\/#website","url":"https:\/\/bolting.eu\/en\/","name":"bolting.eu","description":"we make climbs happen","publisher":{"@id":"https:\/\/bolting.eu\/en\/#organization"},"potentialAction":[{"@type":"SearchAction","target":{"@type":"EntryPoint","urlTemplate":"https:\/\/bolting.eu\/en\/?s={search_term_string}"},"query-input":{"@type":"PropertyValueSpecification","valueRequired":true,"valueName":"search_term_string"}}],"inLanguage":"en-US"},{"@type":["Organization","Place","SportingGoodsStore"],"@id":"https:\/\/bolting.eu\/en\/#organization","name":"bolting.eu","url":"https:\/\/bolting.eu\/en\/","logo":{"@id":"https:\/\/bolting.eu\/en\/shop\/beal-bucket-hat\/#local-main-organization-logo"},"image":{"@id":"https:\/\/bolting.eu\/en\/shop\/beal-bucket-hat\/#local-main-organization-logo"},"sameAs":["https:\/\/www.facebook.com\/bolting.eu","https:\/\/www.instagram.com\/bolting.eu\/"],"address":{"@id":"https:\/\/bolting.eu\/en\/shop\/beal-bucket-hat\/#local-main-place-address"},"geo":{"@type":"GeoCoordinates","latitude":"47.264176340396226","longitude":"11.380109057672346"},"telephone":["+43 699 19083372"],"openingHoursSpecification":[{"@type":"OpeningHoursSpecification","dayOfWeek":["Monday","Wednesday","Friday"],"opens":"14:00","closes":"18:00"},{"@type":"OpeningHoursSpecification","dayOfWeek":["Tuesday","Thursday","Saturday","Sunday"],"opens":"00:00","closes":"00:00"}],"email":"office@bolting.eu","vatID":"ATU59999728","priceRange":"$$","currenciesAccepted":"Euro"},{"@type":"PostalAddress","@id":"https:\/\/bolting.eu\/en\/shop\/beal-bucket-hat\/#local-main-place-address","streetAddress":"Fischnalerstra\u00dfe 4","addressLocality":"Innsbruck","postalCode":"6020","addressRegion":"Tirol","addressCountry":"AT"},{"@type":"ImageObject","inLanguage":"en-US","@id":"https:\/\/bolting.eu\/en\/shop\/beal-bucket-hat\/#local-main-organization-logo","url":"https:\/\/bolting.eu\/wp-content\/uploads\/2019\/09\/bolting-logo.png","contentUrl":"https:\/\/bolting.eu\/wp-content\/uploads\/2019\/09\/bolting-logo.png","width":400,"height":211,"caption":"bolting.eu"}]},"product_price_amount":"17.90","product_price_currency":"EUR","og_availability":"instock","product_availability":"instock","product_retailer_item_id":"BSAC.BH","product_condition":"new","geo.placename":"Innsbruck","geo.position":{"lat":"47.264176340396226","long":"11.380109057672346"},"geo.region":"Austria"},"_links":{"self":[{"href":"https:\/\/bolting.eu\/en\/wp-json\/wp\/v2\/product\/3508","targetHints":{"allow":["GET"]}}],"collection":[{"href":"https:\/\/bolting.eu\/en\/wp-json\/wp\/v2\/product"}],"about":[{"href":"https:\/\/bolting.eu\/en\/wp-json\/wp\/v2\/types\/product"}],"replies":[{"embeddable":true,"href":"https:\/\/bolting.eu\/en\/wp-json\/wp\/v2\/comments?post=3508"}],"wp:featuredmedia":[{"embeddable":true,"href":"https:\/\/bolting.eu\/en\/wp-json\/wp\/v2\/media\/3509"}],"wp:attachment":[{"href":"https:\/\/bolting.eu\/en\/wp-json\/wp\/v2\/media?parent=3508"}],"wp:term":[{"taxonomy":"product_brand","embeddable":true,"href":"https:\/\/bolting.eu\/en\/wp-json\/wp\/v2\/product_brand?post=3508"},{"taxonomy":"product_cat","embeddable":true,"href":"https:\/\/bolting.eu\/en\/wp-json\/wp\/v2\/product_cat?post=3508"},{"taxonomy":"product_tag","embeddable":true,"href":"https:\/\/bolting.eu\/en\/wp-json\/wp\/v2\/product_tag?post=3508"}],"curies":[{"name":"wp","href":"https:\/\/api.w.org\/{rel}","templated":true}]}}