{"id":3504,"date":"2020-05-25T14:22:12","date_gmt":"2020-05-25T12:22:12","guid":{"rendered":"https:\/\/bolting.eu\/?post_type=product&#038;p=3504"},"modified":"2024-10-15T10:37:02","modified_gmt":"2024-10-15T08:37:02","slug":"beal-mobile-lanyard","status":"publish","type":"product","link":"https:\/\/bolting.eu\/en\/shop\/beal-mobile-lanyard\/","title":{"rendered":"Beal Mobile Lanyard"},"content":{"rendered":"<p>Das Beal Mobile Lanyard ist ein wichtiges Zubeh\u00f6r Teil. Denn es wird f\u00fcr das <a href=\"https:\/\/bolting.eu\/shop\/mitlaufendes-auffanggeraet-beal-monitor\/\">mitlaufende Auffangger\u00e4t &#8220;Beal Monitor&#8221;<\/a> verwendet.<\/p>\n<p>Hier dient diese spezielle Bandschlinge als Verbindungsmittel zwischen der Absturz-Sicherungsger\u00e4t und dem Klettergeschirr. Dabei kann man zwischen zwei Abst\u00e4nden w\u00e4hlen. Zum einen 20cm. Und zum anderen 40cm. Somit ist es m\u00f6glich jeweils den gew\u00fcnschten Abstand herzustellen.<\/p>\n<p>Das Verbindungsmittel ist entsprechend genormten <a href=\"https:\/\/bolting.eu\/produkt-kategorie\/karabiner-kletterkarabiner\/\">Karabinern<\/a> zu verwenden. D.h. mit Schraubkarabinern bzw. Twist Lock Karabinern.<\/p>\n<h2>Eigenschaften Beal Mobile Lanyard<\/h2>\n<ul>\n<li>Hersteller: Beal<\/li>\n<li>Norm: EN 354 : 2010<\/li>\n<li>Gewicht: 85 Gramm<\/li>\n<li>Material: Polyamid (Nylon)<\/li>\n<li>Bruchlast: 2.200 daN (kg)<\/li>\n<li>in Verbindung mit Absturz Sicherungsger\u00e4t Monitor<\/li>\n<li>20cm bzw. 40cm Abstand m\u00f6glich<\/li>\n<li>inkl. 2 Gummi-Karabiner Fixierungen &#8220;Pinch&#8221;<\/li>\n<li>zwei Karabiner zus\u00e4tzlich n\u00f6tig<\/li>\n<\/ul>\n<h3>Beal Mobile Lanyard &#8211; f\u00fcr gesichertes Arbeiten<\/h3>\n<p>Arbeiten in der H\u00f6he bergen immer ein Absturzrisiko. Ob ausgebildeter H\u00f6henarbeiter oder Heimwerker. Niemand ist davor gesch\u00fctzt mal auszurutschen oder das Gleichgewicht zu verlieren. Deshalb sollte man sich entsprechend vor einem Absturz sichern.<\/p>\n<h4><strong>Sichern f\u00fcr Heimwerker<\/strong><\/h4>\n<figure id=\"attachment_3496\" aria-describedby=\"caption-attachment-3496\" style=\"width: 330px\" class=\"wp-caption alignleft\"><a href=\"https:\/\/bolting.eu\/wp-content\/uploads\/2020\/05\/Beal-Mobile-Lanyard-4.jpg\"><img loading=\"lazy\" decoding=\"async\" class=\"wp-image-3496 size-full\" src=\"https:\/\/bolting.eu\/wp-content\/uploads\/2020\/05\/Beal-Mobile-Lanyard-4.jpg\" alt=\"Das Bild zeigt in zwei Grafiken die Anwendung des Verbindungsmittel &quot;Mobile Lanyard&quot; f\u00fcr ein mitlaufendes Auffangger\u00e4t - Beal Monitor.\" width=\"330\" height=\"206\" \/><\/a><figcaption id=\"caption-attachment-3496\" class=\"wp-caption-text\">Das Beal Mobile Lanyard dient zur Verbindung zwischen dem &#8220;Monitor&#8221; und dem Klettergeschirr. Zwei Abst\u00e4nde sind m\u00f6glich. Grafik: beal-planet.com<\/figcaption><\/figure>\n<p>Wer zuhause regelm\u00e4\u00dfig in der H\u00f6he arbeitet sollte sich folgende Dinge zulegen. Erstens ein Kletterseil. Zweitens ein mitlaufendes Auffangger\u00e4t. Drittens ein Klettergeschirr. Und viertens eben das Beal Mobile Lanyard mit 2 Karabinern um alles miteinander zu verbinden.<\/p>\n<p>Somit ist man im Falle eines Absturzes entsprechend gesichert.<\/p>\n<h4><strong>Redundantes Arbeiten nach IRATA Standard<\/strong><\/h4>\n<p>Wer eine IRATA Ausbildung hat, dem muss man hier nicht mehr viel erkl\u00e4ren. Dieses Produkt ist eine Variante, wie man sein Auffangger\u00e4t an der redundanten Sicherung anbringt. Es gibt nat\u00fcrlich weitere Optionen. Beispielsweise mit einem Bandfalld\u00e4mpfer.<\/p>\n<p>&nbsp;<\/p>\n<h3>Passende Karabiner bzw. Rapidglieder<\/h3>\n<p>Im Folgenden stellen wir euch einige Optionen f\u00fcr passende Karabiner vor. Zudem f\u00fchren wir auch Rapidglieder-Schraubglieder an. Denn diese sind bei regelm\u00e4\u00dfiger Verwendung sehr n\u00fctzlich. Denn somit kann man seine Beal Mobile Lanyard permanent am Klettergeschirr anbringen.<\/p>\n<p>Bei den Karabinern habt ihr zwei Optionen f\u00fcr die Anbringung am Verbindungsmittel. Einerseits Schraubkarabiner. Und andererseits Twist Lock Karabiner. Wir empfehlen euch hierf\u00fcr den Austrialpin Ovalo 3Weg Twist lock.<\/p>\n<p>Was alle Sicherungsmittel gemein haben. Sie sind ovalf\u00f6rmig. Dadurch bleiben sie in der Regel immer in Belastungsrichtung. Denn ovalf\u00f6rmige Karabiner verdrehen sich schwerer als rundliche. \u00dcberdies werden sie<\/p>\n<p><strong>Ausstattungsotionen des Beal Mobile Lanyard<\/strong><\/p>\n<figure id=\"attachment_3495\" aria-describedby=\"caption-attachment-3495\" style=\"width: 762px\" class=\"wp-caption alignnone\"><a href=\"https:\/\/bolting.eu\/wp-content\/uploads\/2020\/05\/mitlauffendes-Auffanggeraet-Beal-Monitor-Zubehoer.jpg\"><img loading=\"lazy\" decoding=\"async\" class=\"wp-image-3495 size-medium\" src=\"https:\/\/bolting.eu\/wp-content\/uploads\/2020\/05\/mitlauffendes-Auffanggeraet-Beal-Monitor-Zubehoer-762x400.jpg\" alt=\"Das Bild zeigt das Zubeh\u00f6r f\u00fcr die Beal Monitor - PSA Absturzsicherung.\" width=\"762\" height=\"400\" srcset=\"https:\/\/bolting.eu\/wp-content\/uploads\/2020\/05\/mitlauffendes-Auffanggeraet-Beal-Monitor-Zubehoer-762x400.jpg 762w, https:\/\/bolting.eu\/wp-content\/uploads\/2020\/05\/mitlauffendes-Auffanggeraet-Beal-Monitor-Zubehoer-510x268.jpg 510w, https:\/\/bolting.eu\/wp-content\/uploads\/2020\/05\/mitlauffendes-Auffanggeraet-Beal-Monitor-Zubehoer-768x403.jpg 768w, https:\/\/bolting.eu\/wp-content\/uploads\/2020\/05\/mitlauffendes-Auffanggeraet-Beal-Monitor-Zubehoer-600x315.jpg 600w, https:\/\/bolting.eu\/wp-content\/uploads\/2020\/05\/mitlauffendes-Auffanggeraet-Beal-Monitor-Zubehoer.jpg 1200w\" sizes=\"auto, (max-width: 762px) 100vw, 762px\" \/><\/a><figcaption id=\"caption-attachment-3495\" class=\"wp-caption-text\">Option 1: Schraubkarabiner und Rapid Glied; Grafik: bolting.eu<\/figcaption><\/figure>\n<figure id=\"attachment_3506\" aria-describedby=\"caption-attachment-3506\" style=\"width: 762px\" class=\"wp-caption alignnone\"><a href=\"https:\/\/bolting.eu\/wp-content\/uploads\/2020\/05\/Beal-Mobile-Lanyard-Karabiner.jpg\"><img loading=\"lazy\" decoding=\"async\" class=\"wp-image-3506 size-medium\" src=\"https:\/\/bolting.eu\/wp-content\/uploads\/2020\/05\/Beal-Mobile-Lanyard-Karabiner-762x400.jpg\" alt=\"Das Bild zeigt die Beal Mobile Lanyard mit zwei silbernen Twist Lock Karabinern. Man versteht sofort die Bedeutung der Kombination aus den Gegenst\u00e4nden.\" width=\"762\" height=\"400\" srcset=\"https:\/\/bolting.eu\/wp-content\/uploads\/2020\/05\/Beal-Mobile-Lanyard-Karabiner-762x400.jpg 762w, https:\/\/bolting.eu\/wp-content\/uploads\/2020\/05\/Beal-Mobile-Lanyard-Karabiner-510x268.jpg 510w, https:\/\/bolting.eu\/wp-content\/uploads\/2020\/05\/Beal-Mobile-Lanyard-Karabiner-768x403.jpg 768w, https:\/\/bolting.eu\/wp-content\/uploads\/2020\/05\/Beal-Mobile-Lanyard-Karabiner-600x315.jpg 600w, https:\/\/bolting.eu\/wp-content\/uploads\/2020\/05\/Beal-Mobile-Lanyard-Karabiner.jpg 1200w\" sizes=\"auto, (max-width: 762px) 100vw, 762px\" \/><\/a><figcaption id=\"caption-attachment-3506\" class=\"wp-caption-text\">Option 2: zwei Twist-Lock Karabiner; Grafik: bolting.eu<\/figcaption><\/figure>\n<p>Link Tipp: Verwendung Beal Monitor auf <a href=\"https:\/\/youtu.be\/mOs7kEjR1Gc\" target=\"_blank\" rel=\"noopener noreferrer\">Youtube<\/a><\/p>\n<p>&nbsp;<\/p>\n<p>&nbsp;<\/p>\n<p>&nbsp;<\/p>\n","protected":false},"excerpt":{"rendered":"<ul>\n<li>Hersteller: Beal<\/li>\n<li>Norm: EN 354 : 2010<\/li>\n<li>Gewicht: 85 Gramm<\/li>\n<li>Material: Polyamid (Nylon)<\/li>\n<li>Bruchlast: 2.200 daN (kg)<\/li>\n<li>in Verbindung mit Absturz Sicherungsger\u00e4t Monitor<\/li>\n<li>20cm bzw. 40cm Abstand m\u00f6glich<\/li>\n<li>inkl. 2 Gummi-Karabiner Fixierungen &#8220;Pinch&#8221;<\/li>\n<li>zwei Karabiner zus\u00e4tzlich n\u00f6tig<\/li>\n<\/ul>\n","protected":false},"featured_media":3507,"comment_status":"open","ping_status":"closed","template":"","meta":[],"product_brand":[],"product_cat":[14842,14691,14793,15116,15113],"product_tag":[7993],"class_list":{"0":"post-3504","1":"product","2":"type-product","3":"status-publish","4":"has-post-thumbnail","6":"product_cat-industrial-climbing-gear","7":"product_cat-psa-gegen-absturz","8":"product_cat-bolting-products","9":"product_cat-beal-en","10":"product_cat-fall-protection","11":"product_tag-redundantes-arbeiten","13":"first","14":"outofstock","15":"taxable","16":"shipping-taxable","17":"purchasable","18":"product-type-simple"},"yoast_head":"<!-- This site is optimized with the Yoast SEO Premium plugin v26.9 (Yoast SEO v26.9) - https:\/\/yoast.com\/product\/yoast-seo-premium-wordpress\/ -->\n<title>Beal Mobile Lanyard Bandschlinge f\u00fcr Auffangger\u00e4t &quot;Monitor&quot; bolting.eu<\/title>\n<meta name=\"description\" content=\"Hier findest du die Beal Mobile Lanyard. Eine spezielle Bandschlinge f\u00fcr das mitlauffende Auffangger\u00e4t Beal &quot;Monitor&quot; mit 2 Sicherungsschlaufen (20 + 40cm).\" \/>\n<meta name=\"robots\" content=\"index, follow, max-snippet:-1, max-image-preview:large, max-video-preview:-1\" \/>\n<link rel=\"canonical\" href=\"https:\/\/bolting.eu\/en\/shop\/beal-mobile-lanyard\/\" \/>\n<meta property=\"og:locale\" content=\"en_US\" \/>\n<meta property=\"og:type\" content=\"article\" \/>\n<meta property=\"og:title\" content=\"Beal Mobile Lanyard\" \/>\n<meta property=\"og:description\" content=\"Hier findest du die Beal Mobile Lanyard. Eine spezielle Bandschlinge f\u00fcr das mitlauffende Auffangger\u00e4t Beal &quot;Monitor&quot; mit 2 Sicherungsschlaufen (20 + 40cm).\" \/>\n<meta property=\"og:url\" content=\"https:\/\/bolting.eu\/en\/shop\/beal-mobile-lanyard\/\" \/>\n<meta property=\"og:site_name\" content=\"bolting.eu\" \/>\n<meta property=\"article:publisher\" content=\"https:\/\/www.facebook.com\/bolting.eu\" \/>\n<meta property=\"article:modified_time\" content=\"2024-10-15T08:37:02+00:00\" \/>\n<meta property=\"og:image\" content=\"https:\/\/bolting.eu\/wp-content\/uploads\/2020\/05\/Beal-Mobile-Lanyard.jpg\" \/>\n\t<meta property=\"og:image:width\" content=\"700\" \/>\n\t<meta property=\"og:image:height\" content=\"700\" \/>\n\t<meta property=\"og:image:type\" content=\"image\/jpeg\" \/>\n<meta name=\"twitter:card\" content=\"summary_large_image\" \/>\n<meta name=\"twitter:label1\" content=\"Price\" \/>\n\t<meta name=\"twitter:data1\" content=\"&euro;&nbsp;14,90\" \/>\n\t<meta name=\"twitter:label2\" content=\"Availability\" \/>\n\t<meta name=\"twitter:data2\" content=\"Out of stock\" \/>\n<script type=\"application\/ld+json\" class=\"yoast-schema-graph\">{\"@context\":\"https:\/\/schema.org\",\"@graph\":[{\"@type\":[\"WebPage\",\"ItemPage\"],\"@id\":\"https:\/\/bolting.eu\/en\/shop\/beal-mobile-lanyard\/\",\"url\":\"https:\/\/bolting.eu\/en\/shop\/beal-mobile-lanyard\/\",\"name\":\"Beal Mobile Lanyard Bandschlinge f\u00fcr Auffangger\u00e4t \\\"Monitor\\\" bolting.eu\",\"isPartOf\":{\"@id\":\"https:\/\/bolting.eu\/en\/#website\"},\"primaryImageOfPage\":{\"@id\":\"https:\/\/bolting.eu\/en\/shop\/beal-mobile-lanyard\/#primaryimage\"},\"image\":{\"@id\":\"https:\/\/bolting.eu\/en\/shop\/beal-mobile-lanyard\/#primaryimage\"},\"thumbnailUrl\":\"https:\/\/bolting.eu\/wp-content\/uploads\/2020\/05\/Beal-Mobile-Lanyard.jpg\",\"datePublished\":\"2020-05-25T12:22:12+00:00\",\"dateModified\":\"2024-10-15T08:37:02+00:00\",\"description\":\"Hier findest du die Beal Mobile Lanyard. Eine spezielle Bandschlinge f\u00fcr das mitlauffende Auffangger\u00e4t Beal \\\"Monitor\\\" mit 2 Sicherungsschlaufen (20 + 40cm).\",\"breadcrumb\":{\"@id\":\"https:\/\/bolting.eu\/en\/shop\/beal-mobile-lanyard\/#breadcrumb\"},\"inLanguage\":\"en-US\",\"potentialAction\":[{\"@type\":\"ReadAction\",\"target\":[\"https:\/\/bolting.eu\/en\/shop\/beal-mobile-lanyard\/\"]}]},{\"@type\":\"ImageObject\",\"inLanguage\":\"en-US\",\"@id\":\"https:\/\/bolting.eu\/en\/shop\/beal-mobile-lanyard\/#primaryimage\",\"url\":\"https:\/\/bolting.eu\/wp-content\/uploads\/2020\/05\/Beal-Mobile-Lanyard.jpg\",\"contentUrl\":\"https:\/\/bolting.eu\/wp-content\/uploads\/2020\/05\/Beal-Mobile-Lanyard.jpg\",\"width\":700,\"height\":700},{\"@type\":\"BreadcrumbList\",\"@id\":\"https:\/\/bolting.eu\/en\/shop\/beal-mobile-lanyard\/#breadcrumb\",\"itemListElement\":[{\"@type\":\"ListItem\",\"position\":1,\"name\":\"Shop\",\"item\":\"https:\/\/bolting.eu\/en\/shop\/\"},{\"@type\":\"ListItem\",\"position\":2,\"name\":\"bolting products\",\"item\":\"https:\/\/bolting.eu\/en\/produkt-kategorie\/bolting-products\/\"},{\"@type\":\"ListItem\",\"position\":3,\"name\":\"Fall protection\",\"item\":\"https:\/\/bolting.eu\/en\/produkt-kategorie\/fall-protection\/\"},{\"@type\":\"ListItem\",\"position\":4,\"name\":\"Beal Mobile Lanyard\"}]},{\"@type\":\"WebSite\",\"@id\":\"https:\/\/bolting.eu\/en\/#website\",\"url\":\"https:\/\/bolting.eu\/en\/\",\"name\":\"bolting.eu\",\"description\":\"we make climbs happen\",\"publisher\":{\"@id\":\"https:\/\/bolting.eu\/en\/#organization\"},\"potentialAction\":[{\"@type\":\"SearchAction\",\"target\":{\"@type\":\"EntryPoint\",\"urlTemplate\":\"https:\/\/bolting.eu\/en\/?s={search_term_string}\"},\"query-input\":{\"@type\":\"PropertyValueSpecification\",\"valueRequired\":true,\"valueName\":\"search_term_string\"}}],\"inLanguage\":\"en-US\"},{\"@type\":[\"Organization\",\"Place\",\"SportingGoodsStore\"],\"@id\":\"https:\/\/bolting.eu\/en\/#organization\",\"name\":\"bolting.eu\",\"url\":\"https:\/\/bolting.eu\/en\/\",\"logo\":{\"@id\":\"https:\/\/bolting.eu\/en\/shop\/beal-mobile-lanyard\/#local-main-organization-logo\"},\"image\":{\"@id\":\"https:\/\/bolting.eu\/en\/shop\/beal-mobile-lanyard\/#local-main-organization-logo\"},\"sameAs\":[\"https:\/\/www.facebook.com\/bolting.eu\",\"https:\/\/www.instagram.com\/bolting.eu\/\"],\"address\":{\"@id\":\"https:\/\/bolting.eu\/en\/shop\/beal-mobile-lanyard\/#local-main-place-address\"},\"geo\":{\"@type\":\"GeoCoordinates\",\"latitude\":\"47.264176340396226\",\"longitude\":\"11.380109057672346\"},\"telephone\":[\"+43 699 19083372\"],\"openingHoursSpecification\":[{\"@type\":\"OpeningHoursSpecification\",\"dayOfWeek\":[\"Monday\",\"Wednesday\",\"Friday\"],\"opens\":\"14:00\",\"closes\":\"18:00\"},{\"@type\":\"OpeningHoursSpecification\",\"dayOfWeek\":[\"Tuesday\",\"Thursday\",\"Saturday\",\"Sunday\"],\"opens\":\"00:00\",\"closes\":\"00:00\"}],\"email\":\"office@bolting.eu\",\"vatID\":\"ATU59999728\",\"priceRange\":\"$$\",\"currenciesAccepted\":\"Euro\"},{\"@type\":\"PostalAddress\",\"@id\":\"https:\/\/bolting.eu\/en\/shop\/beal-mobile-lanyard\/#local-main-place-address\",\"streetAddress\":\"Fischnalerstra\u00dfe 4\",\"addressLocality\":\"Innsbruck\",\"postalCode\":\"6020\",\"addressRegion\":\"Tirol\",\"addressCountry\":\"AT\"},{\"@type\":\"ImageObject\",\"inLanguage\":\"en-US\",\"@id\":\"https:\/\/bolting.eu\/en\/shop\/beal-mobile-lanyard\/#local-main-organization-logo\",\"url\":\"https:\/\/bolting.eu\/wp-content\/uploads\/2019\/09\/bolting-logo.png\",\"contentUrl\":\"https:\/\/bolting.eu\/wp-content\/uploads\/2019\/09\/bolting-logo.png\",\"width\":400,\"height\":211,\"caption\":\"bolting.eu\"}]}<\/script>\n<meta property=\"product:price:amount\" content=\"14.90\" \/>\n<meta property=\"product:price:currency\" content=\"EUR\" \/>\n<meta property=\"og:availability\" content=\"out of stock\" \/>\n<meta property=\"product:availability\" content=\"out of stock\" \/>\n<meta property=\"product:retailer_item_id\" content=\"BFAL\" \/>\n<meta property=\"product:condition\" content=\"new\" \/>\n<meta name=\"geo.placename\" content=\"Innsbruck\" \/>\n<meta name=\"geo.position\" content=\"47.264176340396226;11.380109057672346\" \/>\n<meta name=\"geo.region\" content=\"Austria\" \/>\n<!-- \/ Yoast SEO Premium plugin. -->","yoast_head_json":{"title":"Beal Mobile Lanyard Bandschlinge f\u00fcr Auffangger\u00e4t \"Monitor\" bolting.eu","description":"Hier findest du die Beal Mobile Lanyard. Eine spezielle Bandschlinge f\u00fcr das mitlauffende Auffangger\u00e4t Beal \"Monitor\" mit 2 Sicherungsschlaufen (20 + 40cm).","robots":{"index":"index","follow":"follow","max-snippet":"max-snippet:-1","max-image-preview":"max-image-preview:large","max-video-preview":"max-video-preview:-1"},"canonical":"https:\/\/bolting.eu\/en\/shop\/beal-mobile-lanyard\/","og_locale":"en_US","og_type":"article","og_title":"Beal Mobile Lanyard","og_description":"Hier findest du die Beal Mobile Lanyard. Eine spezielle Bandschlinge f\u00fcr das mitlauffende Auffangger\u00e4t Beal \"Monitor\" mit 2 Sicherungsschlaufen (20 + 40cm).","og_url":"https:\/\/bolting.eu\/en\/shop\/beal-mobile-lanyard\/","og_site_name":"bolting.eu","article_publisher":"https:\/\/www.facebook.com\/bolting.eu","article_modified_time":"2024-10-15T08:37:02+00:00","og_image":[{"width":700,"height":700,"url":"https:\/\/bolting.eu\/wp-content\/uploads\/2020\/05\/Beal-Mobile-Lanyard.jpg","type":"image\/jpeg"}],"twitter_card":"summary_large_image","twitter_misc":{"Price":"&euro;&nbsp;14,90","Availability":"Out of stock"},"schema":{"@context":"https:\/\/schema.org","@graph":[{"@type":["WebPage","ItemPage"],"@id":"https:\/\/bolting.eu\/en\/shop\/beal-mobile-lanyard\/","url":"https:\/\/bolting.eu\/en\/shop\/beal-mobile-lanyard\/","name":"Beal Mobile Lanyard Bandschlinge f\u00fcr Auffangger\u00e4t \"Monitor\" bolting.eu","isPartOf":{"@id":"https:\/\/bolting.eu\/en\/#website"},"primaryImageOfPage":{"@id":"https:\/\/bolting.eu\/en\/shop\/beal-mobile-lanyard\/#primaryimage"},"image":{"@id":"https:\/\/bolting.eu\/en\/shop\/beal-mobile-lanyard\/#primaryimage"},"thumbnailUrl":"https:\/\/bolting.eu\/wp-content\/uploads\/2020\/05\/Beal-Mobile-Lanyard.jpg","datePublished":"2020-05-25T12:22:12+00:00","dateModified":"2024-10-15T08:37:02+00:00","description":"Hier findest du die Beal Mobile Lanyard. Eine spezielle Bandschlinge f\u00fcr das mitlauffende Auffangger\u00e4t Beal \"Monitor\" mit 2 Sicherungsschlaufen (20 + 40cm).","breadcrumb":{"@id":"https:\/\/bolting.eu\/en\/shop\/beal-mobile-lanyard\/#breadcrumb"},"inLanguage":"en-US","potentialAction":[{"@type":"ReadAction","target":["https:\/\/bolting.eu\/en\/shop\/beal-mobile-lanyard\/"]}]},{"@type":"ImageObject","inLanguage":"en-US","@id":"https:\/\/bolting.eu\/en\/shop\/beal-mobile-lanyard\/#primaryimage","url":"https:\/\/bolting.eu\/wp-content\/uploads\/2020\/05\/Beal-Mobile-Lanyard.jpg","contentUrl":"https:\/\/bolting.eu\/wp-content\/uploads\/2020\/05\/Beal-Mobile-Lanyard.jpg","width":700,"height":700},{"@type":"BreadcrumbList","@id":"https:\/\/bolting.eu\/en\/shop\/beal-mobile-lanyard\/#breadcrumb","itemListElement":[{"@type":"ListItem","position":1,"name":"Shop","item":"https:\/\/bolting.eu\/en\/shop\/"},{"@type":"ListItem","position":2,"name":"bolting products","item":"https:\/\/bolting.eu\/en\/produkt-kategorie\/bolting-products\/"},{"@type":"ListItem","position":3,"name":"Fall protection","item":"https:\/\/bolting.eu\/en\/produkt-kategorie\/fall-protection\/"},{"@type":"ListItem","position":4,"name":"Beal Mobile Lanyard"}]},{"@type":"WebSite","@id":"https:\/\/bolting.eu\/en\/#website","url":"https:\/\/bolting.eu\/en\/","name":"bolting.eu","description":"we make climbs happen","publisher":{"@id":"https:\/\/bolting.eu\/en\/#organization"},"potentialAction":[{"@type":"SearchAction","target":{"@type":"EntryPoint","urlTemplate":"https:\/\/bolting.eu\/en\/?s={search_term_string}"},"query-input":{"@type":"PropertyValueSpecification","valueRequired":true,"valueName":"search_term_string"}}],"inLanguage":"en-US"},{"@type":["Organization","Place","SportingGoodsStore"],"@id":"https:\/\/bolting.eu\/en\/#organization","name":"bolting.eu","url":"https:\/\/bolting.eu\/en\/","logo":{"@id":"https:\/\/bolting.eu\/en\/shop\/beal-mobile-lanyard\/#local-main-organization-logo"},"image":{"@id":"https:\/\/bolting.eu\/en\/shop\/beal-mobile-lanyard\/#local-main-organization-logo"},"sameAs":["https:\/\/www.facebook.com\/bolting.eu","https:\/\/www.instagram.com\/bolting.eu\/"],"address":{"@id":"https:\/\/bolting.eu\/en\/shop\/beal-mobile-lanyard\/#local-main-place-address"},"geo":{"@type":"GeoCoordinates","latitude":"47.264176340396226","longitude":"11.380109057672346"},"telephone":["+43 699 19083372"],"openingHoursSpecification":[{"@type":"OpeningHoursSpecification","dayOfWeek":["Monday","Wednesday","Friday"],"opens":"14:00","closes":"18:00"},{"@type":"OpeningHoursSpecification","dayOfWeek":["Tuesday","Thursday","Saturday","Sunday"],"opens":"00:00","closes":"00:00"}],"email":"office@bolting.eu","vatID":"ATU59999728","priceRange":"$$","currenciesAccepted":"Euro"},{"@type":"PostalAddress","@id":"https:\/\/bolting.eu\/en\/shop\/beal-mobile-lanyard\/#local-main-place-address","streetAddress":"Fischnalerstra\u00dfe 4","addressLocality":"Innsbruck","postalCode":"6020","addressRegion":"Tirol","addressCountry":"AT"},{"@type":"ImageObject","inLanguage":"en-US","@id":"https:\/\/bolting.eu\/en\/shop\/beal-mobile-lanyard\/#local-main-organization-logo","url":"https:\/\/bolting.eu\/wp-content\/uploads\/2019\/09\/bolting-logo.png","contentUrl":"https:\/\/bolting.eu\/wp-content\/uploads\/2019\/09\/bolting-logo.png","width":400,"height":211,"caption":"bolting.eu"}]},"product_price_amount":"14.90","product_price_currency":"EUR","og_availability":"out of stock","product_availability":"out of stock","product_retailer_item_id":"BFAL","product_condition":"new","geo.placename":"Innsbruck","geo.position":{"lat":"47.264176340396226","long":"11.380109057672346"},"geo.region":"Austria"},"_links":{"self":[{"href":"https:\/\/bolting.eu\/en\/wp-json\/wp\/v2\/product\/3504","targetHints":{"allow":["GET"]}}],"collection":[{"href":"https:\/\/bolting.eu\/en\/wp-json\/wp\/v2\/product"}],"about":[{"href":"https:\/\/bolting.eu\/en\/wp-json\/wp\/v2\/types\/product"}],"replies":[{"embeddable":true,"href":"https:\/\/bolting.eu\/en\/wp-json\/wp\/v2\/comments?post=3504"}],"wp:featuredmedia":[{"embeddable":true,"href":"https:\/\/bolting.eu\/en\/wp-json\/wp\/v2\/media\/3507"}],"wp:attachment":[{"href":"https:\/\/bolting.eu\/en\/wp-json\/wp\/v2\/media?parent=3504"}],"wp:term":[{"taxonomy":"product_brand","embeddable":true,"href":"https:\/\/bolting.eu\/en\/wp-json\/wp\/v2\/product_brand?post=3504"},{"taxonomy":"product_cat","embeddable":true,"href":"https:\/\/bolting.eu\/en\/wp-json\/wp\/v2\/product_cat?post=3504"},{"taxonomy":"product_tag","embeddable":true,"href":"https:\/\/bolting.eu\/en\/wp-json\/wp\/v2\/product_tag?post=3504"}],"curies":[{"name":"wp","href":"https:\/\/api.w.org\/{rel}","templated":true}]}}