{"id":34995,"date":"2025-11-11T21:37:26","date_gmt":"2025-11-11T20:37:26","guid":{"rendered":"https:\/\/bolting.eu\/?post_type=product&#038;p=34995"},"modified":"2025-12-05T15:26:13","modified_gmt":"2025-12-05T14:26:13","slug":"chillaz-rofan-2-0-pant","status":"publish","type":"product","link":"https:\/\/bolting.eu\/en\/shop\/chillaz-rofan-2-0-pant\/","title":{"rendered":"Chillaz Rofan 2.0 Pant"},"content":{"rendered":"<p>Die Chillaz Rofan 2.0 Pant ist eine Kletterhose f\u00fcr vielseitige Kletterer und Boulderer.<\/p>\n<p>Denn sie ist aus dehnbaren und robusten Cord Stoff gefertigt. D.h. sie macht sowohl beim Bouldern als auch im Klettergarten jede Bewegung gut mit.<\/p>\n<p>Der Stoff tr\u00e4gt sich zudem sehr angenehm und ist atmungsaktiv.<\/p>\n<p>Der flache Bund mit Knopf reibt au\u00dferdem nicht wenn ihr einen <a href=\"https:\/\/bolting.eu\/produkt-kategorie\/kletterausruestung\/klettergurte\/\">Klettergurt<\/a> tragt.<\/p>\n<p>Eine Einschubtasche vorne und eine verschlie\u00dfbare am Ges\u00e4\u00df runden dieses Modell fein ab.<\/p>\n<h2>Eigenschaften Chillaz Rofan 2.0<\/h2>\n<ul>\n<li>Hersteller: Chillaz<\/li>\n<li>Material: 98% Baumwolle\u00a0 2% Elastan<\/li>\n<li>Farbe: dark grey<\/li>\n<li>Gr\u00f6\u00dfen: S, M, L, XL<\/li>\n<li>Gewicht: 440 Gramm (Gr\u00f6\u00dfe M)<\/li>\n<li>Schnitt: Regular Fit<\/li>\n<li>elastischer Bund mit eingearbeiteten Gummizug<\/li>\n<li>etwas weiter an Ges\u00e4\u00df und Oberschenkel<\/li>\n<li>zwei Taschen vorne<\/li>\n<li>Ges\u00e4\u00dftasche mit Rei\u00dfverschluss<\/li>\n<li>Feuerzeugtasche<\/li>\n<li>G\u00fcrtelschlaufenb\u00e4nder<\/li>\n<li>ideal zum Klettern und Bouldern bei k\u00e4lteren Temperaturen<\/li>\n<li>Made in Europe \ud83c\uddea\ud83c\uddfa<\/li>\n<\/ul>\n<h3>Chillaz Gr\u00f6\u00dfentabelle Herren<\/h3>\n<p>Im Folgenden findet ihr die Gr\u00f6\u00dfentabelle f\u00fcr die Rofan 2.0 Kletterhose.<\/p>\n<p><a href=\"https:\/\/bolting.eu\/wp-content\/uploads\/2025\/10\/Groessentabelle-Chillaz-Bekleidung-Herren.jpg\"><img loading=\"lazy\" decoding=\"async\" class=\"alignnone size-full wp-image-34272\" src=\"https:\/\/bolting.eu\/wp-content\/uploads\/2025\/10\/Groessentabelle-Chillaz-Bekleidung-Herren.jpg\" alt=\"Tabelle mit den Herren Gr\u00f6\u00dfenangaben der Kletterbekleidung Marke Chillaz f\u00fcr den Kollektionsabverkauf.\" width=\"1024\" height=\"468\" srcset=\"https:\/\/bolting.eu\/wp-content\/uploads\/2025\/10\/Groessentabelle-Chillaz-Bekleidung-Herren.jpg 1024w, https:\/\/bolting.eu\/wp-content\/uploads\/2025\/10\/Groessentabelle-Chillaz-Bekleidung-Herren-800x366.jpg 800w, https:\/\/bolting.eu\/wp-content\/uploads\/2025\/10\/Groessentabelle-Chillaz-Bekleidung-Herren-768x351.jpg 768w, https:\/\/bolting.eu\/wp-content\/uploads\/2025\/10\/Groessentabelle-Chillaz-Bekleidung-Herren-510x233.jpg 510w, https:\/\/bolting.eu\/wp-content\/uploads\/2025\/10\/Groessentabelle-Chillaz-Bekleidung-Herren-100x46.jpg 100w\" sizes=\"auto, (max-width: 1024px) 100vw, 1024px\" \/><\/a><\/p>\n","protected":false},"excerpt":{"rendered":"<p>Feine Cord Hose mit Regular Fit f\u00fcr\u00b4s Klettern Bouldern und die Freizeit.<\/p>\n<p>Der dehnbare Stoff ist langlebig und der helastische Bund ideal zum Tragen eines Klettergurtes.<\/p>\n<p>Versandkostenfrei bis 2kg in\u00a0<img decoding=\"async\" class=\"emoji\" role=\"img\" draggable=\"false\" src=\"https:\/\/s.w.org\/images\/core\/emoji\/14.0.0\/svg\/1f1e6-1f1f9.svg\" alt=\"\ud83c\udde6\ud83c\uddf9\" \/>\u00a0ab \u20ac 100,- und\u00a0<img decoding=\"async\" class=\"emoji\" role=\"img\" draggable=\"false\" src=\"https:\/\/s.w.org\/images\/core\/emoji\/14.0.0\/svg\/1f1e9-1f1ea.svg\" alt=\"\ud83c\udde9\ud83c\uddea\" \/>\u00a0ab \u20ac 200,-!<\/p>\n","protected":false},"featured_media":35002,"comment_status":"closed","ping_status":"closed","template":"","meta":[],"product_brand":[],"product_cat":[29,15224,15228],"product_tag":[],"class_list":{"0":"post-34995","1":"product","2":"type-product","3":"status-publish","4":"has-post-thumbnail","6":"product_cat-kletterausruestung","7":"product_cat-kletterbekleidung","8":"product_cat-kletterhosen","10":"first","11":"instock","12":"sale","13":"taxable","14":"shipping-taxable","15":"purchasable","16":"product-type-variable"},"yoast_head":"<!-- This site is optimized with the Yoast SEO Premium plugin v26.9 (Yoast SEO v26.9) - https:\/\/yoast.com\/product\/yoast-seo-premium-wordpress\/ -->\n<title>Chillaz Rofan 2.0 Pant Kletterhose | bolting.eu<\/title>\n<meta name=\"description\" content=\"Chillaz Rofan 2.0 Herren Kletterhose beim Kletterprofi kaufen \u2705 kostenloser Versand* \u2705 14 Tage R\u00fcckgaberecht \u2705 Co2 neutraler Versand\" \/>\n<meta name=\"robots\" content=\"index, follow, max-snippet:-1, max-image-preview:large, max-video-preview:-1\" \/>\n<link rel=\"canonical\" href=\"https:\/\/bolting.eu\/en\/shop\/chillaz-rofan-2-0-pant\/\" \/>\n<meta property=\"og:locale\" content=\"en_US\" \/>\n<meta property=\"og:type\" content=\"article\" \/>\n<meta property=\"og:title\" content=\"Chillaz Rofan 2.0 Pant\" \/>\n<meta property=\"og:description\" content=\"Chillaz Rofan 2.0 Herren Kletterhose beim Kletterprofi kaufen \u2705 kostenloser Versand* \u2705 14 Tage R\u00fcckgaberecht \u2705 Co2 neutraler Versand\" \/>\n<meta property=\"og:url\" content=\"https:\/\/bolting.eu\/en\/shop\/chillaz-rofan-2-0-pant\/\" \/>\n<meta property=\"og:site_name\" content=\"bolting.eu\" \/>\n<meta property=\"article:publisher\" content=\"https:\/\/www.facebook.com\/bolting.eu\" \/>\n<meta property=\"article:modified_time\" content=\"2025-12-05T14:26:13+00:00\" \/>\n<meta property=\"og:image\" content=\"https:\/\/bolting.eu\/wp-content\/uploads\/2025\/11\/Rofan-2.0-Pant-3.jpg\" \/>\n\t<meta property=\"og:image:width\" content=\"700\" \/>\n\t<meta property=\"og:image:height\" content=\"700\" \/>\n\t<meta property=\"og:image:type\" content=\"image\/jpeg\" \/>\n<meta name=\"twitter:card\" content=\"summary_large_image\" \/>\n<meta name=\"twitter:label1\" content=\"Availability\" \/>\n\t<meta name=\"twitter:data1\" content=\"In stock\" \/>\n<script type=\"application\/ld+json\" class=\"yoast-schema-graph\">{\"@context\":\"https:\/\/schema.org\",\"@graph\":[{\"@type\":[\"WebPage\",\"ItemPage\"],\"@id\":\"https:\/\/bolting.eu\/en\/shop\/chillaz-rofan-2-0-pant\/\",\"url\":\"https:\/\/bolting.eu\/en\/shop\/chillaz-rofan-2-0-pant\/\",\"name\":\"Chillaz Rofan 2.0 Pant Kletterhose | bolting.eu\",\"isPartOf\":{\"@id\":\"https:\/\/bolting.eu\/en\/#website\"},\"primaryImageOfPage\":{\"@id\":\"https:\/\/bolting.eu\/en\/shop\/chillaz-rofan-2-0-pant\/#primaryimage\"},\"image\":{\"@id\":\"https:\/\/bolting.eu\/en\/shop\/chillaz-rofan-2-0-pant\/#primaryimage\"},\"thumbnailUrl\":\"https:\/\/bolting.eu\/wp-content\/uploads\/2025\/11\/Rofan-2.0-Pant-3.jpg\",\"datePublished\":\"2025-11-11T20:37:26+00:00\",\"dateModified\":\"2025-12-05T14:26:13+00:00\",\"description\":\"Chillaz Rofan 2.0 Herren Kletterhose beim Kletterprofi kaufen \u2705 kostenloser Versand* \u2705 14 Tage R\u00fcckgaberecht \u2705 Co2 neutraler Versand\",\"breadcrumb\":{\"@id\":\"https:\/\/bolting.eu\/en\/shop\/chillaz-rofan-2-0-pant\/#breadcrumb\"},\"inLanguage\":\"en-US\",\"potentialAction\":[{\"@type\":\"ReadAction\",\"target\":[\"https:\/\/bolting.eu\/en\/shop\/chillaz-rofan-2-0-pant\/\"]}]},{\"@type\":\"ImageObject\",\"inLanguage\":\"en-US\",\"@id\":\"https:\/\/bolting.eu\/en\/shop\/chillaz-rofan-2-0-pant\/#primaryimage\",\"url\":\"https:\/\/bolting.eu\/wp-content\/uploads\/2025\/11\/Rofan-2.0-Pant-3.jpg\",\"contentUrl\":\"https:\/\/bolting.eu\/wp-content\/uploads\/2025\/11\/Rofan-2.0-Pant-3.jpg\",\"width\":700,\"height\":700,\"caption\":\"Bauchfreies m\u00e4nnliches Modell mit dunkelgrauerer Chillaz Rofan 2.0 Kletterhose schr\u00e4g von der Vorderseite.\"},{\"@type\":\"BreadcrumbList\",\"@id\":\"https:\/\/bolting.eu\/en\/shop\/chillaz-rofan-2-0-pant\/#breadcrumb\",\"itemListElement\":[{\"@type\":\"ListItem\",\"position\":1,\"name\":\"Shop\",\"item\":\"https:\/\/bolting.eu\/en\/shop\/\"},{\"@type\":\"ListItem\",\"position\":2,\"name\":\"Kletterbekleidung\",\"item\":\"https:\/\/bolting.eu\/produkt-kategorie\/kletterbekleidung\/\"},{\"@type\":\"ListItem\",\"position\":3,\"name\":\"Kletterhosen\",\"item\":\"https:\/\/bolting.eu\/produkt-kategorie\/kletterbekleidung\/kletterhosen\/\"},{\"@type\":\"ListItem\",\"position\":4,\"name\":\"Chillaz Rofan 2.0 Pant\"}]},{\"@type\":\"WebSite\",\"@id\":\"https:\/\/bolting.eu\/en\/#website\",\"url\":\"https:\/\/bolting.eu\/en\/\",\"name\":\"bolting.eu\",\"description\":\"we make climbs happen\",\"publisher\":{\"@id\":\"https:\/\/bolting.eu\/en\/#organization\"},\"potentialAction\":[{\"@type\":\"SearchAction\",\"target\":{\"@type\":\"EntryPoint\",\"urlTemplate\":\"https:\/\/bolting.eu\/en\/?s={search_term_string}\"},\"query-input\":{\"@type\":\"PropertyValueSpecification\",\"valueRequired\":true,\"valueName\":\"search_term_string\"}}],\"inLanguage\":\"en-US\"},{\"@type\":[\"Organization\",\"Place\",\"SportingGoodsStore\"],\"@id\":\"https:\/\/bolting.eu\/en\/#organization\",\"name\":\"bolting.eu\",\"url\":\"https:\/\/bolting.eu\/en\/\",\"logo\":{\"@id\":\"https:\/\/bolting.eu\/en\/shop\/chillaz-rofan-2-0-pant\/#local-main-organization-logo\"},\"image\":{\"@id\":\"https:\/\/bolting.eu\/en\/shop\/chillaz-rofan-2-0-pant\/#local-main-organization-logo\"},\"sameAs\":[\"https:\/\/www.facebook.com\/bolting.eu\",\"https:\/\/www.instagram.com\/bolting.eu\/\"],\"address\":{\"@id\":\"https:\/\/bolting.eu\/en\/shop\/chillaz-rofan-2-0-pant\/#local-main-place-address\"},\"geo\":{\"@type\":\"GeoCoordinates\",\"latitude\":\"47.264176340396226\",\"longitude\":\"11.380109057672346\"},\"telephone\":[\"+43 699 19083372\"],\"openingHoursSpecification\":[{\"@type\":\"OpeningHoursSpecification\",\"dayOfWeek\":[\"Monday\",\"Wednesday\",\"Friday\"],\"opens\":\"14:00\",\"closes\":\"18:00\"},{\"@type\":\"OpeningHoursSpecification\",\"dayOfWeek\":[\"Tuesday\",\"Thursday\",\"Saturday\",\"Sunday\"],\"opens\":\"00:00\",\"closes\":\"00:00\"}],\"email\":\"office@bolting.eu\",\"vatID\":\"ATU59999728\",\"priceRange\":\"$$\",\"currenciesAccepted\":\"Euro\"},{\"@type\":\"PostalAddress\",\"@id\":\"https:\/\/bolting.eu\/en\/shop\/chillaz-rofan-2-0-pant\/#local-main-place-address\",\"streetAddress\":\"Fischnalerstra\u00dfe 4\",\"addressLocality\":\"Innsbruck\",\"postalCode\":\"6020\",\"addressRegion\":\"Tirol\",\"addressCountry\":\"AT\"},{\"@type\":\"ImageObject\",\"inLanguage\":\"en-US\",\"@id\":\"https:\/\/bolting.eu\/en\/shop\/chillaz-rofan-2-0-pant\/#local-main-organization-logo\",\"url\":\"https:\/\/bolting.eu\/wp-content\/uploads\/2019\/09\/bolting-logo.png\",\"contentUrl\":\"https:\/\/bolting.eu\/wp-content\/uploads\/2019\/09\/bolting-logo.png\",\"width\":400,\"height\":211,\"caption\":\"bolting.eu\"}]}<\/script>\n<meta property=\"og:availability\" content=\"instock\" \/>\n<meta property=\"product:availability\" content=\"instock\" \/>\n<meta property=\"product:condition\" content=\"new\" \/>\n<meta name=\"geo.placename\" content=\"Innsbruck\" \/>\n<meta name=\"geo.position\" content=\"47.264176340396226;11.380109057672346\" \/>\n<meta name=\"geo.region\" content=\"Austria\" \/>\n<!-- \/ Yoast SEO Premium plugin. -->","yoast_head_json":{"title":"Chillaz Rofan 2.0 Pant Kletterhose | bolting.eu","description":"Chillaz Rofan 2.0 Herren Kletterhose beim Kletterprofi kaufen \u2705 kostenloser Versand* \u2705 14 Tage R\u00fcckgaberecht \u2705 Co2 neutraler Versand","robots":{"index":"index","follow":"follow","max-snippet":"max-snippet:-1","max-image-preview":"max-image-preview:large","max-video-preview":"max-video-preview:-1"},"canonical":"https:\/\/bolting.eu\/en\/shop\/chillaz-rofan-2-0-pant\/","og_locale":"en_US","og_type":"article","og_title":"Chillaz Rofan 2.0 Pant","og_description":"Chillaz Rofan 2.0 Herren Kletterhose beim Kletterprofi kaufen \u2705 kostenloser Versand* \u2705 14 Tage R\u00fcckgaberecht \u2705 Co2 neutraler Versand","og_url":"https:\/\/bolting.eu\/en\/shop\/chillaz-rofan-2-0-pant\/","og_site_name":"bolting.eu","article_publisher":"https:\/\/www.facebook.com\/bolting.eu","article_modified_time":"2025-12-05T14:26:13+00:00","og_image":[{"width":700,"height":700,"url":"https:\/\/bolting.eu\/wp-content\/uploads\/2025\/11\/Rofan-2.0-Pant-3.jpg","type":"image\/jpeg"}],"twitter_card":"summary_large_image","twitter_misc":{"Availability":"In stock"},"schema":{"@context":"https:\/\/schema.org","@graph":[{"@type":["WebPage","ItemPage"],"@id":"https:\/\/bolting.eu\/en\/shop\/chillaz-rofan-2-0-pant\/","url":"https:\/\/bolting.eu\/en\/shop\/chillaz-rofan-2-0-pant\/","name":"Chillaz Rofan 2.0 Pant Kletterhose | bolting.eu","isPartOf":{"@id":"https:\/\/bolting.eu\/en\/#website"},"primaryImageOfPage":{"@id":"https:\/\/bolting.eu\/en\/shop\/chillaz-rofan-2-0-pant\/#primaryimage"},"image":{"@id":"https:\/\/bolting.eu\/en\/shop\/chillaz-rofan-2-0-pant\/#primaryimage"},"thumbnailUrl":"https:\/\/bolting.eu\/wp-content\/uploads\/2025\/11\/Rofan-2.0-Pant-3.jpg","datePublished":"2025-11-11T20:37:26+00:00","dateModified":"2025-12-05T14:26:13+00:00","description":"Chillaz Rofan 2.0 Herren Kletterhose beim Kletterprofi kaufen \u2705 kostenloser Versand* \u2705 14 Tage R\u00fcckgaberecht \u2705 Co2 neutraler Versand","breadcrumb":{"@id":"https:\/\/bolting.eu\/en\/shop\/chillaz-rofan-2-0-pant\/#breadcrumb"},"inLanguage":"en-US","potentialAction":[{"@type":"ReadAction","target":["https:\/\/bolting.eu\/en\/shop\/chillaz-rofan-2-0-pant\/"]}]},{"@type":"ImageObject","inLanguage":"en-US","@id":"https:\/\/bolting.eu\/en\/shop\/chillaz-rofan-2-0-pant\/#primaryimage","url":"https:\/\/bolting.eu\/wp-content\/uploads\/2025\/11\/Rofan-2.0-Pant-3.jpg","contentUrl":"https:\/\/bolting.eu\/wp-content\/uploads\/2025\/11\/Rofan-2.0-Pant-3.jpg","width":700,"height":700,"caption":"Bauchfreies m\u00e4nnliches Modell mit dunkelgrauerer Chillaz Rofan 2.0 Kletterhose schr\u00e4g von der Vorderseite."},{"@type":"BreadcrumbList","@id":"https:\/\/bolting.eu\/en\/shop\/chillaz-rofan-2-0-pant\/#breadcrumb","itemListElement":[{"@type":"ListItem","position":1,"name":"Shop","item":"https:\/\/bolting.eu\/en\/shop\/"},{"@type":"ListItem","position":2,"name":"Kletterbekleidung","item":"https:\/\/bolting.eu\/produkt-kategorie\/kletterbekleidung\/"},{"@type":"ListItem","position":3,"name":"Kletterhosen","item":"https:\/\/bolting.eu\/produkt-kategorie\/kletterbekleidung\/kletterhosen\/"},{"@type":"ListItem","position":4,"name":"Chillaz Rofan 2.0 Pant"}]},{"@type":"WebSite","@id":"https:\/\/bolting.eu\/en\/#website","url":"https:\/\/bolting.eu\/en\/","name":"bolting.eu","description":"we make climbs happen","publisher":{"@id":"https:\/\/bolting.eu\/en\/#organization"},"potentialAction":[{"@type":"SearchAction","target":{"@type":"EntryPoint","urlTemplate":"https:\/\/bolting.eu\/en\/?s={search_term_string}"},"query-input":{"@type":"PropertyValueSpecification","valueRequired":true,"valueName":"search_term_string"}}],"inLanguage":"en-US"},{"@type":["Organization","Place","SportingGoodsStore"],"@id":"https:\/\/bolting.eu\/en\/#organization","name":"bolting.eu","url":"https:\/\/bolting.eu\/en\/","logo":{"@id":"https:\/\/bolting.eu\/en\/shop\/chillaz-rofan-2-0-pant\/#local-main-organization-logo"},"image":{"@id":"https:\/\/bolting.eu\/en\/shop\/chillaz-rofan-2-0-pant\/#local-main-organization-logo"},"sameAs":["https:\/\/www.facebook.com\/bolting.eu","https:\/\/www.instagram.com\/bolting.eu\/"],"address":{"@id":"https:\/\/bolting.eu\/en\/shop\/chillaz-rofan-2-0-pant\/#local-main-place-address"},"geo":{"@type":"GeoCoordinates","latitude":"47.264176340396226","longitude":"11.380109057672346"},"telephone":["+43 699 19083372"],"openingHoursSpecification":[{"@type":"OpeningHoursSpecification","dayOfWeek":["Monday","Wednesday","Friday"],"opens":"14:00","closes":"18:00"},{"@type":"OpeningHoursSpecification","dayOfWeek":["Tuesday","Thursday","Saturday","Sunday"],"opens":"00:00","closes":"00:00"}],"email":"office@bolting.eu","vatID":"ATU59999728","priceRange":"$$","currenciesAccepted":"Euro"},{"@type":"PostalAddress","@id":"https:\/\/bolting.eu\/en\/shop\/chillaz-rofan-2-0-pant\/#local-main-place-address","streetAddress":"Fischnalerstra\u00dfe 4","addressLocality":"Innsbruck","postalCode":"6020","addressRegion":"Tirol","addressCountry":"AT"},{"@type":"ImageObject","inLanguage":"en-US","@id":"https:\/\/bolting.eu\/en\/shop\/chillaz-rofan-2-0-pant\/#local-main-organization-logo","url":"https:\/\/bolting.eu\/wp-content\/uploads\/2019\/09\/bolting-logo.png","contentUrl":"https:\/\/bolting.eu\/wp-content\/uploads\/2019\/09\/bolting-logo.png","width":400,"height":211,"caption":"bolting.eu"}]},"og_availability":"instock","product_availability":"instock","product_condition":"new","geo.placename":"Innsbruck","geo.position":{"lat":"47.264176340396226","long":"11.380109057672346"},"geo.region":"Austria"},"_links":{"self":[{"href":"https:\/\/bolting.eu\/en\/wp-json\/wp\/v2\/product\/34995","targetHints":{"allow":["GET"]}}],"collection":[{"href":"https:\/\/bolting.eu\/en\/wp-json\/wp\/v2\/product"}],"about":[{"href":"https:\/\/bolting.eu\/en\/wp-json\/wp\/v2\/types\/product"}],"replies":[{"embeddable":true,"href":"https:\/\/bolting.eu\/en\/wp-json\/wp\/v2\/comments?post=34995"}],"wp:featuredmedia":[{"embeddable":true,"href":"https:\/\/bolting.eu\/en\/wp-json\/wp\/v2\/media\/35002"}],"wp:attachment":[{"href":"https:\/\/bolting.eu\/en\/wp-json\/wp\/v2\/media?parent=34995"}],"wp:term":[{"taxonomy":"product_brand","embeddable":true,"href":"https:\/\/bolting.eu\/en\/wp-json\/wp\/v2\/product_brand?post=34995"},{"taxonomy":"product_cat","embeddable":true,"href":"https:\/\/bolting.eu\/en\/wp-json\/wp\/v2\/product_cat?post=34995"},{"taxonomy":"product_tag","embeddable":true,"href":"https:\/\/bolting.eu\/en\/wp-json\/wp\/v2\/product_tag?post=34995"}],"curies":[{"name":"wp","href":"https:\/\/api.w.org\/{rel}","templated":true}]}}