{"id":3498,"date":"2020-05-25T13:14:54","date_gmt":"2020-05-25T11:14:54","guid":{"rendered":"https:\/\/bolting.eu\/?post_type=product&#038;p=3498"},"modified":"2025-05-22T23:16:55","modified_gmt":"2025-05-22T21:16:55","slug":"beal-chalkbag-maxi-cocoon","status":"publish","type":"product","link":"https:\/\/bolting.eu\/en\/shop\/beal-chalkbag-maxi-cocoon\/","title":{"rendered":"Beal Chalkbag Maxi Cocoon"},"content":{"rendered":"<p>Das Beal Chalkbag Maxi Cocoon ist f\u00fcr alle die gro\u00dfes <a href=\"https:\/\/bolting.eu\/produkt-kategorie\/chalkbag\/\">Chalkbag<\/a> wollen! Denn wie der Name es schon verr\u00e4t. Das Maxi Cocoon hat jede Menge Platz. Zum einen ist die \u00d6ffnung deutlich gr\u00f6\u00dfer als bei anderen Chalkbags. Der Durchmesser betr\u00e4gt normal ja um die 12cm. Dieser Beal Magnesiumbeutel jedoch kommt auf stolze 14cm. Zudem ist das Chalkbag auch tiefer. Das ist beispielsweise beim Rissklettern von gro\u00dfem Vorteil. Denn so werden auch die Handr\u00fccken perfekt mit <a href=\"https:\/\/bolting.eu\/produkt-kategorie\/chalk-klettern\/\">Chalk<\/a> bedeckt!<\/p>\n<h2>Eigenschaften Beal Chalkbag Maxi Cocoon<\/h2>\n<ul>\n<li>Hersteller: Beal<\/li>\n<li>Durchmesser \u00d6ffnung: 14cm<\/li>\n<li>L\u00e4nge: 24cm<\/li>\n<li>Volumen: 1,4 Liter<\/li>\n<li>praktischer Click-Clack Verschluss<\/li>\n<li>Farben: Orange und Gr\u00fcn<\/li>\n<li>ideal f\u00fcr gro\u00dfe H\u00e4nde bzw. zum Rissklettern<\/li>\n<\/ul>\n<h3>Der Click-Clack Verschluss<\/h3>\n<p><a href=\"https:\/\/bolting.eu\/wp-content\/uploads\/2020\/05\/Beal-Chalkbag-Maxi-Cocoon-click-clack-Verschluss.jpg\"><img loading=\"lazy\" decoding=\"async\" class=\"alignleft wp-image-3499\" src=\"https:\/\/bolting.eu\/wp-content\/uploads\/2020\/05\/Beal-Chalkbag-Maxi-Cocoon-click-clack-Verschluss.jpg\" alt=\"Das Bild zeigt den Click-Clack Verschluss des Beal Chalkbag Maxi Cocoon. In drei Grafiken wird das System super verst\u00e4ndlich erkl\u00e4rt. Man sieht wie dieser Verschluss genau funktioniert.\" width=\"409\" height=\"200\" srcset=\"https:\/\/bolting.eu\/wp-content\/uploads\/2020\/05\/Beal-Chalkbag-Maxi-Cocoon-click-clack-Verschluss.jpg 699w, https:\/\/bolting.eu\/wp-content\/uploads\/2020\/05\/Beal-Chalkbag-Maxi-Cocoon-click-clack-Verschluss-510x250.jpg 510w, https:\/\/bolting.eu\/wp-content\/uploads\/2020\/05\/Beal-Chalkbag-Maxi-Cocoon-click-clack-Verschluss-600x294.jpg 600w\" sizes=\"auto, (max-width: 409px) 100vw, 409px\" \/><\/a>Die Beal Magnesiumbeutel haben den praktischen Click-Clack Verschluss. Dabei handelt es sich um zwei vorgespannte Metallb\u00f6gen. Diese sind fix in die \u00d6ffnung eingebaut. Somit kann man sein Beal Chalkbag Maxi Cocoon einerseits mit einem &#8220;Click&#8221; \u00f6ffnen. Und andererseits zum Schlie\u00dfen einfach mit einem &#8220;Clack&#8221; wieder zumachen.<\/p>\n<p>Dieser Mechanismus ist extrem praktisch. Denn somit entf\u00e4llt das l\u00e4stige \u00d6ffnen des Tankas. \u00dcberdies kann die Reepschnur f\u00fcr das Zuziehen nicht kaputt werden. Denn es gibt keine!<\/p>\n<p>&nbsp;<\/p>\n<h3>Beal Chalkbag Maxi Cocoon beim Bouldern<\/h3>\n<p>Wir finden diesen Beal Magnesiumbeutel auch beim Bouldern total praktisch. Wer kein gro\u00dfes Boulder Chalkbag mitnehmen m\u00f6chte, ist hier genau richtig. Einfach das mitgelieferte H\u00fcftband entfernen. Dann gut mit Chalk auff\u00fcllen. Somit bleibt das Maxi Cocoon gut von alleine stehen. Und mit dem praktischen Verschluss gibt es \u00fcberdies auch keine staubige \u00dcberraschung.<\/p>\n<h3>Beal Chalkbag Maxi Cocoon beim Rissklettern<\/h3>\n<p>Kennt ihr das? Ihr tragt Risskletter Handschuhe oder selbstgemachte Tape-Gloves. Dann wollt ihr ordentlich nachchalken und&#8230;.. Ihr kommt nicht richtig in euer Chalkbag hinein. Mit diesem gro\u00dfen Beal Magnesiumbeutel ist dieses Problem Geschichte. Denn die super gro\u00dfe \u00d6ffnung hat 14cm Durchmesser. Damit passt auch die gr\u00f6\u00dfte Hand hinein!<\/p>\n<h3>Praxis Tipp<\/h3>\n<p>Euer Beal Chalkbag Maxi Cocoon bringt euch wenig, wenn es nicht gut gef\u00fcllt ist. Wer bewusst einen gro\u00dfen Magnesiumbeutel verwendet, muss auch f\u00fcr einen ordentlichen F\u00fcllstand sorgen. Gerade beim Rissklettern sollte das Chalkbag relativ gut best\u00fcckt sein.<\/p>\n<p>Link Tipp: Euer neues Chalkbag k\u00f6nnt Ihr gleich einmal auf der S\u00fcdseite der Alpen ausprobieren. Beim <a href=\"https:\/\/maltatal.rocks\" target=\"_blank\" rel=\"noopener noreferrer\">Klettern in K\u00e4rnten<\/a>!<\/p>\n<p>&nbsp;<\/p>\n","protected":false},"excerpt":{"rendered":"<ul>\n<li>Hersteller: Beal<\/li>\n<li>Durchmesser \u00d6ffnung: 14cm<\/li>\n<li>L\u00e4nge: 24cm<\/li>\n<li>Volumen: 1,4 Liter<\/li>\n<li>praktischer Click-Clack Verschluss<\/li>\n<li>Farben: Orange und Gr\u00fcn<\/li>\n<li>ideal f\u00fcr gro\u00dfe H\u00e4nde bzw. zum Rissklettern<\/li>\n<\/ul>\n","protected":false},"featured_media":3503,"comment_status":"open","ping_status":"closed","template":"","meta":[],"product_brand":[],"product_cat":[14319,29,4663,5006,5790],"product_tag":[],"class_list":{"0":"post-3498","1":"product","2":"type-product","3":"status-publish","4":"has-post-thumbnail","6":"product_cat-sale-klettern","7":"product_cat-kletterausruestung","8":"product_cat-beal","9":"product_cat-chalkbag","10":"product_cat-chalkbag-gross","12":"first","13":"instock","14":"sale","15":"taxable","16":"shipping-taxable","17":"purchasable","18":"product-type-variable"},"yoast_head":"<!-- This site is optimized with the Yoast SEO Premium plugin v26.9 (Yoast SEO v26.9) - https:\/\/yoast.com\/product\/yoast-seo-premium-wordpress\/ -->\n<title>Beal Chalkbag Maxi Cocoon f\u00fcr gro\u00dfe H\u00e4nde online kaufen bei bolting.eu<\/title>\n<meta name=\"description\" content=\"Hier findest Du das Beal Chalkbag Maxi Cocoon. Ein Beal Magnesiumbeutel f\u00fcr gro\u00dfe H\u00e4nde mit dem praktischen Click-Clack Verschluss!\" \/>\n<meta name=\"robots\" content=\"index, follow, max-snippet:-1, max-image-preview:large, max-video-preview:-1\" \/>\n<link rel=\"canonical\" href=\"https:\/\/bolting.eu\/en\/shop\/beal-chalkbag-maxi-cocoon\/\" \/>\n<meta property=\"og:locale\" content=\"en_US\" \/>\n<meta property=\"og:type\" content=\"article\" \/>\n<meta property=\"og:title\" content=\"Beal Chalkbag Maxi Cocoon\" \/>\n<meta property=\"og:description\" content=\"Hier findest Du das Beal Chalkbag Maxi Cocoon. Ein Beal Magnesiumbeutel f\u00fcr gro\u00dfe H\u00e4nde mit dem praktischen Click-Clack Verschluss!\" \/>\n<meta property=\"og:url\" content=\"https:\/\/bolting.eu\/en\/shop\/beal-chalkbag-maxi-cocoon\/\" \/>\n<meta property=\"og:site_name\" content=\"bolting.eu\" \/>\n<meta property=\"article:publisher\" content=\"https:\/\/www.facebook.com\/bolting.eu\" \/>\n<meta property=\"article:modified_time\" content=\"2025-05-22T21:16:55+00:00\" \/>\n<meta property=\"og:image\" content=\"https:\/\/bolting.eu\/wp-content\/uploads\/2020\/05\/Beal-Chalkbag-Maxi-Cocoon-orange.jpg\" \/>\n\t<meta property=\"og:image:width\" content=\"700\" \/>\n\t<meta property=\"og:image:height\" content=\"700\" \/>\n\t<meta property=\"og:image:type\" content=\"image\/jpeg\" \/>\n<meta name=\"twitter:card\" content=\"summary_large_image\" \/>\n<meta name=\"twitter:label1\" content=\"Availability\" \/>\n\t<meta name=\"twitter:data1\" content=\"In stock\" \/>\n<script type=\"application\/ld+json\" class=\"yoast-schema-graph\">{\"@context\":\"https:\/\/schema.org\",\"@graph\":[{\"@type\":[\"WebPage\",\"ItemPage\"],\"@id\":\"https:\/\/bolting.eu\/en\/shop\/beal-chalkbag-maxi-cocoon\/\",\"url\":\"https:\/\/bolting.eu\/en\/shop\/beal-chalkbag-maxi-cocoon\/\",\"name\":\"Beal Chalkbag Maxi Cocoon f\u00fcr gro\u00dfe H\u00e4nde online kaufen bei bolting.eu\",\"isPartOf\":{\"@id\":\"https:\/\/bolting.eu\/en\/#website\"},\"primaryImageOfPage\":{\"@id\":\"https:\/\/bolting.eu\/en\/shop\/beal-chalkbag-maxi-cocoon\/#primaryimage\"},\"image\":{\"@id\":\"https:\/\/bolting.eu\/en\/shop\/beal-chalkbag-maxi-cocoon\/#primaryimage\"},\"thumbnailUrl\":\"https:\/\/bolting.eu\/wp-content\/uploads\/2020\/05\/Beal-Chalkbag-Maxi-Cocoon-orange.jpg\",\"datePublished\":\"2020-05-25T11:14:54+00:00\",\"dateModified\":\"2025-05-22T21:16:55+00:00\",\"description\":\"Hier findest Du das Beal Chalkbag Maxi Cocoon. Ein Beal Magnesiumbeutel f\u00fcr gro\u00dfe H\u00e4nde mit dem praktischen Click-Clack Verschluss!\",\"breadcrumb\":{\"@id\":\"https:\/\/bolting.eu\/en\/shop\/beal-chalkbag-maxi-cocoon\/#breadcrumb\"},\"inLanguage\":\"en-US\",\"potentialAction\":[{\"@type\":\"ReadAction\",\"target\":[\"https:\/\/bolting.eu\/en\/shop\/beal-chalkbag-maxi-cocoon\/\"]}]},{\"@type\":\"ImageObject\",\"inLanguage\":\"en-US\",\"@id\":\"https:\/\/bolting.eu\/en\/shop\/beal-chalkbag-maxi-cocoon\/#primaryimage\",\"url\":\"https:\/\/bolting.eu\/wp-content\/uploads\/2020\/05\/Beal-Chalkbag-Maxi-Cocoon-orange.jpg\",\"contentUrl\":\"https:\/\/bolting.eu\/wp-content\/uploads\/2020\/05\/Beal-Chalkbag-Maxi-Cocoon-orange.jpg\",\"width\":700,\"height\":700,\"caption\":\"Das Bild zeigt das Beal Chalkbag Maxi Cocoon in orange. Es ist in Bildmitte zu sehen, man erkennt das Produkt mit dem Logo, gepunkteten Vorderseite und dem H\u00fcftband.\"},{\"@type\":\"BreadcrumbList\",\"@id\":\"https:\/\/bolting.eu\/en\/shop\/beal-chalkbag-maxi-cocoon\/#breadcrumb\",\"itemListElement\":[{\"@type\":\"ListItem\",\"position\":1,\"name\":\"Shop\",\"item\":\"https:\/\/bolting.eu\/en\/shop\/\"},{\"@type\":\"ListItem\",\"position\":2,\"name\":\"climbing equipment\",\"item\":\"https:\/\/bolting.eu\/en\/produkt-kategorie\/climbing-equipment\/\"},{\"@type\":\"ListItem\",\"position\":3,\"name\":\"Chalkbag\",\"item\":\"https:\/\/bolting.eu\/produkt-kategorie\/kletterausruestung\/chalkbag\/\"},{\"@type\":\"ListItem\",\"position\":4,\"name\":\"Beal Chalkbag Maxi Cocoon\"}]},{\"@type\":\"WebSite\",\"@id\":\"https:\/\/bolting.eu\/en\/#website\",\"url\":\"https:\/\/bolting.eu\/en\/\",\"name\":\"bolting.eu\",\"description\":\"we make climbs happen\",\"publisher\":{\"@id\":\"https:\/\/bolting.eu\/en\/#organization\"},\"potentialAction\":[{\"@type\":\"SearchAction\",\"target\":{\"@type\":\"EntryPoint\",\"urlTemplate\":\"https:\/\/bolting.eu\/en\/?s={search_term_string}\"},\"query-input\":{\"@type\":\"PropertyValueSpecification\",\"valueRequired\":true,\"valueName\":\"search_term_string\"}}],\"inLanguage\":\"en-US\"},{\"@type\":[\"Organization\",\"Place\",\"SportingGoodsStore\"],\"@id\":\"https:\/\/bolting.eu\/en\/#organization\",\"name\":\"bolting.eu\",\"url\":\"https:\/\/bolting.eu\/en\/\",\"logo\":{\"@id\":\"https:\/\/bolting.eu\/en\/shop\/beal-chalkbag-maxi-cocoon\/#local-main-organization-logo\"},\"image\":{\"@id\":\"https:\/\/bolting.eu\/en\/shop\/beal-chalkbag-maxi-cocoon\/#local-main-organization-logo\"},\"sameAs\":[\"https:\/\/www.facebook.com\/bolting.eu\",\"https:\/\/www.instagram.com\/bolting.eu\/\"],\"address\":{\"@id\":\"https:\/\/bolting.eu\/en\/shop\/beal-chalkbag-maxi-cocoon\/#local-main-place-address\"},\"geo\":{\"@type\":\"GeoCoordinates\",\"latitude\":\"47.264176340396226\",\"longitude\":\"11.380109057672346\"},\"telephone\":[\"+43 699 19083372\"],\"openingHoursSpecification\":[{\"@type\":\"OpeningHoursSpecification\",\"dayOfWeek\":[\"Monday\",\"Wednesday\",\"Friday\"],\"opens\":\"14:00\",\"closes\":\"18:00\"},{\"@type\":\"OpeningHoursSpecification\",\"dayOfWeek\":[\"Tuesday\",\"Thursday\",\"Saturday\",\"Sunday\"],\"opens\":\"00:00\",\"closes\":\"00:00\"}],\"email\":\"office@bolting.eu\",\"vatID\":\"ATU59999728\",\"priceRange\":\"$$\",\"currenciesAccepted\":\"Euro\"},{\"@type\":\"PostalAddress\",\"@id\":\"https:\/\/bolting.eu\/en\/shop\/beal-chalkbag-maxi-cocoon\/#local-main-place-address\",\"streetAddress\":\"Fischnalerstra\u00dfe 4\",\"addressLocality\":\"Innsbruck\",\"postalCode\":\"6020\",\"addressRegion\":\"Tirol\",\"addressCountry\":\"AT\"},{\"@type\":\"ImageObject\",\"inLanguage\":\"en-US\",\"@id\":\"https:\/\/bolting.eu\/en\/shop\/beal-chalkbag-maxi-cocoon\/#local-main-organization-logo\",\"url\":\"https:\/\/bolting.eu\/wp-content\/uploads\/2019\/09\/bolting-logo.png\",\"contentUrl\":\"https:\/\/bolting.eu\/wp-content\/uploads\/2019\/09\/bolting-logo.png\",\"width\":400,\"height\":211,\"caption\":\"bolting.eu\"}]}<\/script>\n<meta property=\"og:availability\" content=\"instock\" \/>\n<meta property=\"product:availability\" content=\"instock\" \/>\n<meta property=\"product:condition\" content=\"new\" \/>\n<meta name=\"geo.placename\" content=\"Innsbruck\" \/>\n<meta name=\"geo.position\" content=\"47.264176340396226;11.380109057672346\" \/>\n<meta name=\"geo.region\" content=\"Austria\" \/>\n<!-- \/ Yoast SEO Premium plugin. -->","yoast_head_json":{"title":"Beal Chalkbag Maxi Cocoon f\u00fcr gro\u00dfe H\u00e4nde online kaufen bei bolting.eu","description":"Hier findest Du das Beal Chalkbag Maxi Cocoon. Ein Beal Magnesiumbeutel f\u00fcr gro\u00dfe H\u00e4nde mit dem praktischen Click-Clack Verschluss!","robots":{"index":"index","follow":"follow","max-snippet":"max-snippet:-1","max-image-preview":"max-image-preview:large","max-video-preview":"max-video-preview:-1"},"canonical":"https:\/\/bolting.eu\/en\/shop\/beal-chalkbag-maxi-cocoon\/","og_locale":"en_US","og_type":"article","og_title":"Beal Chalkbag Maxi Cocoon","og_description":"Hier findest Du das Beal Chalkbag Maxi Cocoon. Ein Beal Magnesiumbeutel f\u00fcr gro\u00dfe H\u00e4nde mit dem praktischen Click-Clack Verschluss!","og_url":"https:\/\/bolting.eu\/en\/shop\/beal-chalkbag-maxi-cocoon\/","og_site_name":"bolting.eu","article_publisher":"https:\/\/www.facebook.com\/bolting.eu","article_modified_time":"2025-05-22T21:16:55+00:00","og_image":[{"width":700,"height":700,"url":"https:\/\/bolting.eu\/wp-content\/uploads\/2020\/05\/Beal-Chalkbag-Maxi-Cocoon-orange.jpg","type":"image\/jpeg"}],"twitter_card":"summary_large_image","twitter_misc":{"Availability":"In stock"},"schema":{"@context":"https:\/\/schema.org","@graph":[{"@type":["WebPage","ItemPage"],"@id":"https:\/\/bolting.eu\/en\/shop\/beal-chalkbag-maxi-cocoon\/","url":"https:\/\/bolting.eu\/en\/shop\/beal-chalkbag-maxi-cocoon\/","name":"Beal Chalkbag Maxi Cocoon f\u00fcr gro\u00dfe H\u00e4nde online kaufen bei bolting.eu","isPartOf":{"@id":"https:\/\/bolting.eu\/en\/#website"},"primaryImageOfPage":{"@id":"https:\/\/bolting.eu\/en\/shop\/beal-chalkbag-maxi-cocoon\/#primaryimage"},"image":{"@id":"https:\/\/bolting.eu\/en\/shop\/beal-chalkbag-maxi-cocoon\/#primaryimage"},"thumbnailUrl":"https:\/\/bolting.eu\/wp-content\/uploads\/2020\/05\/Beal-Chalkbag-Maxi-Cocoon-orange.jpg","datePublished":"2020-05-25T11:14:54+00:00","dateModified":"2025-05-22T21:16:55+00:00","description":"Hier findest Du das Beal Chalkbag Maxi Cocoon. Ein Beal Magnesiumbeutel f\u00fcr gro\u00dfe H\u00e4nde mit dem praktischen Click-Clack Verschluss!","breadcrumb":{"@id":"https:\/\/bolting.eu\/en\/shop\/beal-chalkbag-maxi-cocoon\/#breadcrumb"},"inLanguage":"en-US","potentialAction":[{"@type":"ReadAction","target":["https:\/\/bolting.eu\/en\/shop\/beal-chalkbag-maxi-cocoon\/"]}]},{"@type":"ImageObject","inLanguage":"en-US","@id":"https:\/\/bolting.eu\/en\/shop\/beal-chalkbag-maxi-cocoon\/#primaryimage","url":"https:\/\/bolting.eu\/wp-content\/uploads\/2020\/05\/Beal-Chalkbag-Maxi-Cocoon-orange.jpg","contentUrl":"https:\/\/bolting.eu\/wp-content\/uploads\/2020\/05\/Beal-Chalkbag-Maxi-Cocoon-orange.jpg","width":700,"height":700,"caption":"Das Bild zeigt das Beal Chalkbag Maxi Cocoon in orange. Es ist in Bildmitte zu sehen, man erkennt das Produkt mit dem Logo, gepunkteten Vorderseite und dem H\u00fcftband."},{"@type":"BreadcrumbList","@id":"https:\/\/bolting.eu\/en\/shop\/beal-chalkbag-maxi-cocoon\/#breadcrumb","itemListElement":[{"@type":"ListItem","position":1,"name":"Shop","item":"https:\/\/bolting.eu\/en\/shop\/"},{"@type":"ListItem","position":2,"name":"climbing equipment","item":"https:\/\/bolting.eu\/en\/produkt-kategorie\/climbing-equipment\/"},{"@type":"ListItem","position":3,"name":"Chalkbag","item":"https:\/\/bolting.eu\/produkt-kategorie\/kletterausruestung\/chalkbag\/"},{"@type":"ListItem","position":4,"name":"Beal Chalkbag Maxi Cocoon"}]},{"@type":"WebSite","@id":"https:\/\/bolting.eu\/en\/#website","url":"https:\/\/bolting.eu\/en\/","name":"bolting.eu","description":"we make climbs happen","publisher":{"@id":"https:\/\/bolting.eu\/en\/#organization"},"potentialAction":[{"@type":"SearchAction","target":{"@type":"EntryPoint","urlTemplate":"https:\/\/bolting.eu\/en\/?s={search_term_string}"},"query-input":{"@type":"PropertyValueSpecification","valueRequired":true,"valueName":"search_term_string"}}],"inLanguage":"en-US"},{"@type":["Organization","Place","SportingGoodsStore"],"@id":"https:\/\/bolting.eu\/en\/#organization","name":"bolting.eu","url":"https:\/\/bolting.eu\/en\/","logo":{"@id":"https:\/\/bolting.eu\/en\/shop\/beal-chalkbag-maxi-cocoon\/#local-main-organization-logo"},"image":{"@id":"https:\/\/bolting.eu\/en\/shop\/beal-chalkbag-maxi-cocoon\/#local-main-organization-logo"},"sameAs":["https:\/\/www.facebook.com\/bolting.eu","https:\/\/www.instagram.com\/bolting.eu\/"],"address":{"@id":"https:\/\/bolting.eu\/en\/shop\/beal-chalkbag-maxi-cocoon\/#local-main-place-address"},"geo":{"@type":"GeoCoordinates","latitude":"47.264176340396226","longitude":"11.380109057672346"},"telephone":["+43 699 19083372"],"openingHoursSpecification":[{"@type":"OpeningHoursSpecification","dayOfWeek":["Monday","Wednesday","Friday"],"opens":"14:00","closes":"18:00"},{"@type":"OpeningHoursSpecification","dayOfWeek":["Tuesday","Thursday","Saturday","Sunday"],"opens":"00:00","closes":"00:00"}],"email":"office@bolting.eu","vatID":"ATU59999728","priceRange":"$$","currenciesAccepted":"Euro"},{"@type":"PostalAddress","@id":"https:\/\/bolting.eu\/en\/shop\/beal-chalkbag-maxi-cocoon\/#local-main-place-address","streetAddress":"Fischnalerstra\u00dfe 4","addressLocality":"Innsbruck","postalCode":"6020","addressRegion":"Tirol","addressCountry":"AT"},{"@type":"ImageObject","inLanguage":"en-US","@id":"https:\/\/bolting.eu\/en\/shop\/beal-chalkbag-maxi-cocoon\/#local-main-organization-logo","url":"https:\/\/bolting.eu\/wp-content\/uploads\/2019\/09\/bolting-logo.png","contentUrl":"https:\/\/bolting.eu\/wp-content\/uploads\/2019\/09\/bolting-logo.png","width":400,"height":211,"caption":"bolting.eu"}]},"og_availability":"instock","product_availability":"instock","product_condition":"new","geo.placename":"Innsbruck","geo.position":{"lat":"47.264176340396226","long":"11.380109057672346"},"geo.region":"Austria"},"_links":{"self":[{"href":"https:\/\/bolting.eu\/en\/wp-json\/wp\/v2\/product\/3498","targetHints":{"allow":["GET"]}}],"collection":[{"href":"https:\/\/bolting.eu\/en\/wp-json\/wp\/v2\/product"}],"about":[{"href":"https:\/\/bolting.eu\/en\/wp-json\/wp\/v2\/types\/product"}],"replies":[{"embeddable":true,"href":"https:\/\/bolting.eu\/en\/wp-json\/wp\/v2\/comments?post=3498"}],"wp:featuredmedia":[{"embeddable":true,"href":"https:\/\/bolting.eu\/en\/wp-json\/wp\/v2\/media\/3503"}],"wp:attachment":[{"href":"https:\/\/bolting.eu\/en\/wp-json\/wp\/v2\/media?parent=3498"}],"wp:term":[{"taxonomy":"product_brand","embeddable":true,"href":"https:\/\/bolting.eu\/en\/wp-json\/wp\/v2\/product_brand?post=3498"},{"taxonomy":"product_cat","embeddable":true,"href":"https:\/\/bolting.eu\/en\/wp-json\/wp\/v2\/product_cat?post=3498"},{"taxonomy":"product_tag","embeddable":true,"href":"https:\/\/bolting.eu\/en\/wp-json\/wp\/v2\/product_tag?post=3498"}],"curies":[{"name":"wp","href":"https:\/\/api.w.org\/{rel}","templated":true}]}}