{"id":3493,"date":"2020-05-24T18:06:02","date_gmt":"2020-05-24T16:06:02","guid":{"rendered":"https:\/\/bolting.eu\/?post_type=product&#038;p=3493"},"modified":"2026-04-10T19:13:06","modified_gmt":"2026-04-10T17:13:06","slug":"mitlaufendes-auffanggeraet-beal-monitor","status":"publish","type":"product","link":"https:\/\/bolting.eu\/en\/shop\/mitlaufendes-auffanggeraet-beal-monitor\/","title":{"rendered":"Mitlaufendes Auffangger\u00e4t &#8211; Beal Monitor"},"content":{"rendered":"<p>Du suchst ein mitlaufendes Auffangger\u00e4t &#8211; Beal Monitor? Dann bist du bei uns goldrichtig! Denn wir f\u00fchren diese PSA Absturzsicherung mit dem passenden Zubeh\u00f6r.<\/p>\n<p>Das Auffangger\u00e4t ist f\u00fcr alle Arbeiten in der H\u00f6he konzipiert. Beispielsweise beim Einbohren mit redundantem <a href=\"https:\/\/bolting.eu\/produkt-kategorie\/kletterseil\/\">Kletterseil<\/a>. Es l\u00e4uft automatisch am Seil mit dem Arbeiter mit. D.h. sowohl nach unten als auch nach oben. Somit ist man bei allen T\u00e4tigkeiten stets r\u00fcckgesichert. Das passende Zubeh\u00f6r ist das Beal &#8220;Mobile Lanyard&#8221;. Zudem braucht man zwei Verbindungsmittel. Zum einen vom Auffangger\u00e4t zum Lanyard. Und zum anderen vom Lanyard zum Klettergeschirr.<\/p>\n<h2>Eigenschaften mitlaufendes Auffangger\u00e4t &#8211; Beal Monitor<\/h2>\n<ul>\n<li>Hersteller: Beal<\/li>\n<li>Material: Aluminium und Stahl (Blockiernocken)<\/li>\n<li>Gewicht: 169 Gramm<\/li>\n<li>Normen: EN 353-2, EN 12841-A<\/li>\n<li>EN 1891 bei Seildurchmesser 11-13mm<\/li>\n<li>mitlaufendes Auffangger\u00e4t<\/li>\n<li>Arbeitsmodus (mitlaufend und bei Sturz selbstblockierend)<\/li>\n<li>Positionierungsmodus<\/li>\n<li>seilschonende Klemmnocken<\/li>\n<li>Seitenplatte klappt f\u00fcr Seilaufnahme ganz leicht auf<\/li>\n<li>individuell mit Seriennummer gekennzeichnet<\/li>\n<\/ul>\n<h3>Funktionsweise mitlaufendes Auffangger\u00e4t &#8211; Beal Monitor<\/h3>\n<p>Wir haben auch ein Video f\u00fcr euch. Hier k\u00f6nnt ihr euch die Anwendung der PSA Absturzsicherung genau anschauen.<\/p>\n<p><iframe loading=\"lazy\" src=\"https:\/\/www.youtube.com\/embed\/mOs7kEjR1Gc\" width=\"100%\" height=\"360\" frameborder=\"0\" allowfullscreen=\"allowfullscreen\"><span data-mce-type=\"bookmark\" style=\"display: inline-block; width: 0px; overflow: hidden; line-height: 0;\" class=\"mce_SELRES_start\">\ufeff<\/span><\/iframe><\/p>\n<h3>Arbeits- und Positionierungsmodus<\/h3>\n<p><a href=\"https:\/\/bolting.eu\/wp-content\/uploads\/2020\/05\/mitlaufendes-Auffanggeraet-Beal-Monitor-Modi.jpeg\"><img loading=\"lazy\" decoding=\"async\" class=\"alignleft wp-image-3494 size-medium\" src=\"https:\/\/bolting.eu\/wp-content\/uploads\/2020\/05\/mitlaufendes-Auffanggeraet-Beal-Monitor-Modi-400x400.jpeg\" alt=\"Das Bild zeigt ein mitlaufendes Auffangger\u00e4t - Beal Monitor mit seinen zwei Modi. Links im Bild der Positionierungsmodus mit einem &quot;Stop&quot; Schild. Rechts der Arbeitsmodus mit einem gr\u00fcnen &quot;Go&quot; Schild.\" width=\"400\" height=\"400\" srcset=\"https:\/\/bolting.eu\/wp-content\/uploads\/2020\/05\/mitlaufendes-Auffanggeraet-Beal-Monitor-Modi-400x400.jpeg 400w, https:\/\/bolting.eu\/wp-content\/uploads\/2020\/05\/mitlaufendes-Auffanggeraet-Beal-Monitor-Modi-100x100.jpeg 100w, https:\/\/bolting.eu\/wp-content\/uploads\/2020\/05\/mitlaufendes-Auffanggeraet-Beal-Monitor-Modi-510x510.jpeg 510w, https:\/\/bolting.eu\/wp-content\/uploads\/2020\/05\/mitlaufendes-Auffanggeraet-Beal-Monitor-Modi-280x280.jpeg 280w, https:\/\/bolting.eu\/wp-content\/uploads\/2020\/05\/mitlaufendes-Auffanggeraet-Beal-Monitor-Modi-300x300.jpeg 300w, https:\/\/bolting.eu\/wp-content\/uploads\/2020\/05\/mitlaufendes-Auffanggeraet-Beal-Monitor-Modi.jpeg 600w\" sizes=\"auto, (max-width: 400px) 100vw, 400px\" \/><\/a>Bei diesem Produkt handelt es sich um ein mitlaufendes Auffangger\u00e4t &#8211; Beal Monitor. Es besitzt zwei Modi. Erstens einen den Arbeitsmodus. Hierbei l\u00e4uft die PSA Absturzsicherung am redundanten Seil mit. Einerseits automatisch. Andererseits sowohl nach unten als auch nach oben. Hierbei ist es im Falle eines Sturzes selbstblockierend.<\/p>\n<p>Zweitens gibt es den Positionierungsmodus. Hierbei wird der Modus durch Dr\u00fccken des Hebels an der Seite in diesen Modus versetzt. Somit kann man sich an der gew\u00fcnschten Stelle ins Seil setzen um hier zu arbeiten.<\/p>\n<h3>N\u00f6tiges Zubeh\u00f6r f\u00fcr mitlaufendes Auffangger\u00e4t &#8211; Beal Monitor<\/h3>\n<p>Wir empfehlen Euch folgende Zubeh\u00f6r Teile f\u00fcr eine sichere Verwendung.<\/p>\n<p>Erstens den Austrialpin Ovalo Schraubkarabiner \/ Twist Lock f\u00fcr die Verbindung Monitor &#8211; Mobile Lanyard.<\/p>\n<p>Zweitens die Beal Mobile Lanyard als Verbindungsmittel zum Klettergeschirr.<\/p>\n<p>Und drittens das Kong Inox Rapidglied 8mm zur fixen Verbindung mit dem Klettergeschirr.<\/p>\n<p>Nat\u00fcrlich k\u00f6nnen auch andere Verbindungsmittel verwendet werden. Achtet dabei aber auf die notwendigen Normen wenn ihr z.B. nach IRATA Standard arbeitet.<\/p>\n<figure id=\"attachment_3496\" aria-describedby=\"caption-attachment-3496\" style=\"width: 330px\" class=\"wp-caption alignnone\"><a href=\"https:\/\/bolting.eu\/wp-content\/uploads\/2020\/05\/Beal-Mobile-Lanyard-4.jpg\"><img loading=\"lazy\" decoding=\"async\" class=\"wp-image-3496 size-full\" src=\"https:\/\/bolting.eu\/wp-content\/uploads\/2020\/05\/Beal-Mobile-Lanyard-4.jpg\" alt=\"Das Bild zeigt in zwei Grafiken die Anwendung des Verbindungsmittel &quot;Mobile Lanyard&quot; f\u00fcr ein mitlaufendes Auffangger\u00e4t - Beal Monitor.\" width=\"330\" height=\"206\" \/><\/a><figcaption id=\"caption-attachment-3496\" class=\"wp-caption-text\">Anbringung des Beal Mobile Lanyard<\/figcaption><\/figure>\n<figure id=\"attachment_3495\" aria-describedby=\"caption-attachment-3495\" style=\"width: 400px\" class=\"wp-caption alignnone\"><a href=\"https:\/\/bolting.eu\/wp-content\/uploads\/2020\/05\/mitlauffendes-Auffanggeraet-Beal-Monitor-Zubehoer.jpg\"><img loading=\"lazy\" decoding=\"async\" class=\"wp-image-3495\" src=\"https:\/\/bolting.eu\/wp-content\/uploads\/2020\/05\/mitlauffendes-Auffanggeraet-Beal-Monitor-Zubehoer-762x400.jpg\" alt=\"Das Bild zeigt das Zubeh\u00f6r f\u00fcr die Beal Monitor - PSA Absturzsicherung.\" width=\"400\" height=\"210\" srcset=\"https:\/\/bolting.eu\/wp-content\/uploads\/2020\/05\/mitlauffendes-Auffanggeraet-Beal-Monitor-Zubehoer-762x400.jpg 762w, https:\/\/bolting.eu\/wp-content\/uploads\/2020\/05\/mitlauffendes-Auffanggeraet-Beal-Monitor-Zubehoer-510x268.jpg 510w, https:\/\/bolting.eu\/wp-content\/uploads\/2020\/05\/mitlauffendes-Auffanggeraet-Beal-Monitor-Zubehoer-768x403.jpg 768w, https:\/\/bolting.eu\/wp-content\/uploads\/2020\/05\/mitlauffendes-Auffanggeraet-Beal-Monitor-Zubehoer-600x315.jpg 600w, https:\/\/bolting.eu\/wp-content\/uploads\/2020\/05\/mitlauffendes-Auffanggeraet-Beal-Monitor-Zubehoer.jpg 1200w\" sizes=\"auto, (max-width: 400px) 100vw, 400px\" \/><\/a><figcaption id=\"caption-attachment-3495\" class=\"wp-caption-text\">Eines der m\u00f6glichen Set-ups f\u00fcr das notwendige Zubeh\u00f6r. Grafik: bolting.eu<\/figcaption><\/figure>\n<h3>Wartungstipp<\/h3>\n<p>Ihr wollt euer mitlaufendes Auffangger\u00e4t &#8211; Beal Monitor funktionst\u00fcchtig halten? Dann solltet ihr es von Zeit zu Zeit warten. Einfach mit lauwarmen Wasser absp\u00fclen. Danach ordentlich trocknen lassen. im Folgenden am besten mit unseren <a href=\"https:\/\/bolting.eu\/shop\/kong-kletterausruestung-pflegeoel\/\">Karabiner Pflege\u00f6l<\/a> die beweglichen Teile schmieren. Fertig!<\/p>\n<p>&nbsp;<\/p>\n","protected":false},"excerpt":{"rendered":"<ul>\n<li>Hersteller: Beal<\/li>\n<li>Normen: EN 353-2, EN 12841-A und EN 1891 (Seildurchmesser 11-13mm)<\/li>\n<li>mitlaufendes Auffangger\u00e4t<\/li>\n<li>Arbeitsmodus (mitlaufend und bei Sturz selbstblockierend)<\/li>\n<li>Positionierungsmodus (leicht zu aktivieren)<\/li>\n<li>seilschonende Klemmnocken<\/li>\n<li>Seitenplatte klappt f\u00fcr Seilaufnahme ganz leicht auf<\/li>\n<li>individuell mit Seriennummer gekennzeichnet<\/li>\n<\/ul>\n","protected":false},"featured_media":3497,"comment_status":"open","ping_status":"closed","template":"","meta":[],"product_brand":[],"product_cat":[1210,4663,14055,14056,14513,14745],"product_tag":[7993],"class_list":{"0":"post-3493","1":"product","2":"type-product","3":"status-publish","4":"has-post-thumbnail","6":"product_cat-einbohrartikel","7":"product_cat-beal","8":"product_cat-absturzsicherung","9":"product_cat-seil-auf-abstieg","10":"product_cat-industriekletter-ausruestung","11":"product_cat-mitlaufende-auffanggeraete","12":"product_tag-redundantes-arbeiten","14":"first","15":"instock","16":"taxable","17":"shipping-taxable","18":"purchasable","19":"product-type-simple"},"yoast_head":"<!-- This site is optimized with the Yoast SEO Premium plugin v26.9 (Yoast SEO v26.9) - https:\/\/yoast.com\/product\/yoast-seo-premium-wordpress\/ -->\n<title>Mitlaufendes Auffangger\u00e4t - Beal Monitor online kaufen bei bolting.eu<\/title>\n<meta name=\"description\" content=\"Mitlaufendes Auffangger\u00e4t - Beal Monitor: die perfekte PSA Absturzsicherung welche sowohl nach oben und unten automatisch mitl\u00e4uft und bei Sturz blockiert!\" \/>\n<meta name=\"robots\" content=\"index, follow, max-snippet:-1, max-image-preview:large, max-video-preview:-1\" \/>\n<link rel=\"canonical\" href=\"https:\/\/bolting.eu\/en\/shop\/mitlaufendes-auffanggeraet-beal-monitor\/\" \/>\n<meta property=\"og:locale\" content=\"en_US\" \/>\n<meta property=\"og:type\" content=\"article\" \/>\n<meta property=\"og:title\" content=\"Mitlaufendes Auffangger\u00e4t - Beal Monitor\" \/>\n<meta property=\"og:description\" content=\"Mitlaufendes Auffangger\u00e4t - Beal Monitor: die perfekte PSA Absturzsicherung welche sowohl nach oben und unten automatisch mitl\u00e4uft und bei Sturz blockiert!\" \/>\n<meta property=\"og:url\" content=\"https:\/\/bolting.eu\/en\/shop\/mitlaufendes-auffanggeraet-beal-monitor\/\" \/>\n<meta property=\"og:site_name\" content=\"bolting.eu\" \/>\n<meta property=\"article:publisher\" content=\"https:\/\/www.facebook.com\/bolting.eu\" \/>\n<meta property=\"article:modified_time\" content=\"2026-04-10T17:13:06+00:00\" \/>\n<meta property=\"og:image\" content=\"https:\/\/bolting.eu\/wp-content\/uploads\/2020\/05\/mitlaufendes-Auffanggeraet-Beal-Monitor.jpg\" \/>\n\t<meta property=\"og:image:width\" content=\"700\" \/>\n\t<meta property=\"og:image:height\" content=\"700\" \/>\n\t<meta property=\"og:image:type\" content=\"image\/jpeg\" \/>\n<meta name=\"twitter:card\" content=\"summary_large_image\" \/>\n<meta name=\"twitter:label1\" content=\"Price\" \/>\n\t<meta name=\"twitter:data1\" content=\"&euro;&nbsp;85,00\" \/>\n\t<meta name=\"twitter:label2\" content=\"Availability\" \/>\n\t<meta name=\"twitter:data2\" content=\"In stock\" \/>\n<script type=\"application\/ld+json\" class=\"yoast-schema-graph\">{\"@context\":\"https:\/\/schema.org\",\"@graph\":[{\"@type\":[\"WebPage\",\"ItemPage\"],\"@id\":\"https:\/\/bolting.eu\/en\/shop\/mitlaufendes-auffanggeraet-beal-monitor\/\",\"url\":\"https:\/\/bolting.eu\/en\/shop\/mitlaufendes-auffanggeraet-beal-monitor\/\",\"name\":\"Mitlaufendes Auffangger\u00e4t - Beal Monitor online kaufen bei bolting.eu\",\"isPartOf\":{\"@id\":\"https:\/\/bolting.eu\/en\/#website\"},\"primaryImageOfPage\":{\"@id\":\"https:\/\/bolting.eu\/en\/shop\/mitlaufendes-auffanggeraet-beal-monitor\/#primaryimage\"},\"image\":{\"@id\":\"https:\/\/bolting.eu\/en\/shop\/mitlaufendes-auffanggeraet-beal-monitor\/#primaryimage\"},\"thumbnailUrl\":\"https:\/\/bolting.eu\/wp-content\/uploads\/2020\/05\/mitlaufendes-Auffanggeraet-Beal-Monitor.jpg\",\"datePublished\":\"2020-05-24T16:06:02+00:00\",\"dateModified\":\"2026-04-10T17:13:06+00:00\",\"description\":\"Mitlaufendes Auffangger\u00e4t - Beal Monitor: die perfekte PSA Absturzsicherung welche sowohl nach oben und unten automatisch mitl\u00e4uft und bei Sturz blockiert!\",\"breadcrumb\":{\"@id\":\"https:\/\/bolting.eu\/en\/shop\/mitlaufendes-auffanggeraet-beal-monitor\/#breadcrumb\"},\"inLanguage\":\"en-US\",\"potentialAction\":[{\"@type\":\"ReadAction\",\"target\":[\"https:\/\/bolting.eu\/en\/shop\/mitlaufendes-auffanggeraet-beal-monitor\/\"]}]},{\"@type\":\"ImageObject\",\"inLanguage\":\"en-US\",\"@id\":\"https:\/\/bolting.eu\/en\/shop\/mitlaufendes-auffanggeraet-beal-monitor\/#primaryimage\",\"url\":\"https:\/\/bolting.eu\/wp-content\/uploads\/2020\/05\/mitlaufendes-Auffanggeraet-Beal-Monitor.jpg\",\"contentUrl\":\"https:\/\/bolting.eu\/wp-content\/uploads\/2020\/05\/mitlaufendes-Auffanggeraet-Beal-Monitor.jpg\",\"width\":700,\"height\":700,\"caption\":\"Goldenes Beal Monitor mitlaufendes Auffangger\u00e4t mit rot wei\u00dfem Seil.\"},{\"@type\":\"BreadcrumbList\",\"@id\":\"https:\/\/bolting.eu\/en\/shop\/mitlaufendes-auffanggeraet-beal-monitor\/#breadcrumb\",\"itemListElement\":[{\"@type\":\"ListItem\",\"position\":1,\"name\":\"Shop\",\"item\":\"https:\/\/bolting.eu\/en\/shop\/\"},{\"@type\":\"ListItem\",\"position\":2,\"name\":\"Industrial climbing gear\",\"item\":\"https:\/\/bolting.eu\/en\/produkt-kategorie\/industrial-climbing-gear\/\"},{\"@type\":\"ListItem\",\"position\":3,\"name\":\"Mitlaufende Auffangger\u00e4te\",\"item\":\"https:\/\/bolting.eu\/produkt-kategorie\/industriekletter-ausruestung\/mitlaufende-auffanggeraete\/\"},{\"@type\":\"ListItem\",\"position\":4,\"name\":\"Mitlaufendes Auffangger\u00e4t &#8211; Beal Monitor\"}]},{\"@type\":\"WebSite\",\"@id\":\"https:\/\/bolting.eu\/en\/#website\",\"url\":\"https:\/\/bolting.eu\/en\/\",\"name\":\"bolting.eu\",\"description\":\"we make climbs happen\",\"publisher\":{\"@id\":\"https:\/\/bolting.eu\/en\/#organization\"},\"potentialAction\":[{\"@type\":\"SearchAction\",\"target\":{\"@type\":\"EntryPoint\",\"urlTemplate\":\"https:\/\/bolting.eu\/en\/?s={search_term_string}\"},\"query-input\":{\"@type\":\"PropertyValueSpecification\",\"valueRequired\":true,\"valueName\":\"search_term_string\"}}],\"inLanguage\":\"en-US\"},{\"@type\":[\"Organization\",\"Place\",\"SportingGoodsStore\"],\"@id\":\"https:\/\/bolting.eu\/en\/#organization\",\"name\":\"bolting.eu\",\"url\":\"https:\/\/bolting.eu\/en\/\",\"logo\":{\"@id\":\"https:\/\/bolting.eu\/en\/shop\/mitlaufendes-auffanggeraet-beal-monitor\/#local-main-organization-logo\"},\"image\":{\"@id\":\"https:\/\/bolting.eu\/en\/shop\/mitlaufendes-auffanggeraet-beal-monitor\/#local-main-organization-logo\"},\"sameAs\":[\"https:\/\/www.facebook.com\/bolting.eu\",\"https:\/\/www.instagram.com\/bolting.eu\/\"],\"address\":{\"@id\":\"https:\/\/bolting.eu\/en\/shop\/mitlaufendes-auffanggeraet-beal-monitor\/#local-main-place-address\"},\"geo\":{\"@type\":\"GeoCoordinates\",\"latitude\":\"47.264176340396226\",\"longitude\":\"11.380109057672346\"},\"telephone\":[\"+43 699 19083372\"],\"openingHoursSpecification\":[{\"@type\":\"OpeningHoursSpecification\",\"dayOfWeek\":[\"Monday\",\"Wednesday\",\"Friday\"],\"opens\":\"14:00\",\"closes\":\"18:00\"},{\"@type\":\"OpeningHoursSpecification\",\"dayOfWeek\":[\"Tuesday\",\"Thursday\",\"Saturday\",\"Sunday\"],\"opens\":\"00:00\",\"closes\":\"00:00\"}],\"email\":\"office@bolting.eu\",\"vatID\":\"ATU59999728\",\"priceRange\":\"$$\",\"currenciesAccepted\":\"Euro\"},{\"@type\":\"PostalAddress\",\"@id\":\"https:\/\/bolting.eu\/en\/shop\/mitlaufendes-auffanggeraet-beal-monitor\/#local-main-place-address\",\"streetAddress\":\"Fischnalerstra\u00dfe 4\",\"addressLocality\":\"Innsbruck\",\"postalCode\":\"6020\",\"addressRegion\":\"Tirol\",\"addressCountry\":\"AT\"},{\"@type\":\"ImageObject\",\"inLanguage\":\"en-US\",\"@id\":\"https:\/\/bolting.eu\/en\/shop\/mitlaufendes-auffanggeraet-beal-monitor\/#local-main-organization-logo\",\"url\":\"https:\/\/bolting.eu\/wp-content\/uploads\/2019\/09\/bolting-logo.png\",\"contentUrl\":\"https:\/\/bolting.eu\/wp-content\/uploads\/2019\/09\/bolting-logo.png\",\"width\":400,\"height\":211,\"caption\":\"bolting.eu\"}]}<\/script>\n<meta property=\"og:video\" content=\"https:\/\/www.youtube.com\/embed\/mOs7kEjR1Gc\" \/>\n<meta property=\"og:video:type\" content=\"text\/html\" \/>\n<meta property=\"og:video:duration\" content=\"92\" \/>\n<meta property=\"og:video:width\" content=\"480\" \/>\n<meta property=\"og:video:height\" content=\"270\" \/>\n<meta property=\"ya:ovs:adult\" content=\"false\" \/>\n<meta property=\"ya:ovs:upload_date\" content=\"2020-05-24T16:06:02+00:00\" \/>\n<meta property=\"ya:ovs:allow_embed\" content=\"true\" \/>\n<meta property=\"product:price:amount\" content=\"85.00\" \/>\n<meta property=\"product:price:currency\" content=\"EUR\" \/>\n<meta property=\"og:availability\" content=\"instock\" \/>\n<meta property=\"product:availability\" content=\"instock\" \/>\n<meta property=\"product:retailer_item_id\" content=\"BMFAM\" \/>\n<meta property=\"product:condition\" content=\"new\" \/>\n<meta name=\"geo.placename\" content=\"Innsbruck\" \/>\n<meta name=\"geo.position\" content=\"47.264176340396226;11.380109057672346\" \/>\n<meta name=\"geo.region\" content=\"Austria\" \/>\n<!-- \/ Yoast SEO Premium plugin. -->","yoast_head_json":{"title":"Mitlaufendes Auffangger\u00e4t - Beal Monitor online kaufen bei bolting.eu","description":"Mitlaufendes Auffangger\u00e4t - Beal Monitor: die perfekte PSA Absturzsicherung welche sowohl nach oben und unten automatisch mitl\u00e4uft und bei Sturz blockiert!","robots":{"index":"index","follow":"follow","max-snippet":"max-snippet:-1","max-image-preview":"max-image-preview:large","max-video-preview":"max-video-preview:-1"},"canonical":"https:\/\/bolting.eu\/en\/shop\/mitlaufendes-auffanggeraet-beal-monitor\/","og_locale":"en_US","og_type":"article","og_title":"Mitlaufendes Auffangger\u00e4t - Beal Monitor","og_description":"Mitlaufendes Auffangger\u00e4t - Beal Monitor: die perfekte PSA Absturzsicherung welche sowohl nach oben und unten automatisch mitl\u00e4uft und bei Sturz blockiert!","og_url":"https:\/\/bolting.eu\/en\/shop\/mitlaufendes-auffanggeraet-beal-monitor\/","og_site_name":"bolting.eu","article_publisher":"https:\/\/www.facebook.com\/bolting.eu","article_modified_time":"2026-04-10T17:13:06+00:00","og_image":[{"width":700,"height":700,"url":"https:\/\/bolting.eu\/wp-content\/uploads\/2020\/05\/mitlaufendes-Auffanggeraet-Beal-Monitor.jpg","type":"image\/jpeg"}],"twitter_card":"summary_large_image","twitter_misc":{"Price":"&euro;&nbsp;85,00","Availability":"In stock"},"schema":{"@context":"https:\/\/schema.org","@graph":[{"@type":["WebPage","ItemPage"],"@id":"https:\/\/bolting.eu\/en\/shop\/mitlaufendes-auffanggeraet-beal-monitor\/","url":"https:\/\/bolting.eu\/en\/shop\/mitlaufendes-auffanggeraet-beal-monitor\/","name":"Mitlaufendes Auffangger\u00e4t - Beal Monitor online kaufen bei bolting.eu","isPartOf":{"@id":"https:\/\/bolting.eu\/en\/#website"},"primaryImageOfPage":{"@id":"https:\/\/bolting.eu\/en\/shop\/mitlaufendes-auffanggeraet-beal-monitor\/#primaryimage"},"image":{"@id":"https:\/\/bolting.eu\/en\/shop\/mitlaufendes-auffanggeraet-beal-monitor\/#primaryimage"},"thumbnailUrl":"https:\/\/bolting.eu\/wp-content\/uploads\/2020\/05\/mitlaufendes-Auffanggeraet-Beal-Monitor.jpg","datePublished":"2020-05-24T16:06:02+00:00","dateModified":"2026-04-10T17:13:06+00:00","description":"Mitlaufendes Auffangger\u00e4t - Beal Monitor: die perfekte PSA Absturzsicherung welche sowohl nach oben und unten automatisch mitl\u00e4uft und bei Sturz blockiert!","breadcrumb":{"@id":"https:\/\/bolting.eu\/en\/shop\/mitlaufendes-auffanggeraet-beal-monitor\/#breadcrumb"},"inLanguage":"en-US","potentialAction":[{"@type":"ReadAction","target":["https:\/\/bolting.eu\/en\/shop\/mitlaufendes-auffanggeraet-beal-monitor\/"]}]},{"@type":"ImageObject","inLanguage":"en-US","@id":"https:\/\/bolting.eu\/en\/shop\/mitlaufendes-auffanggeraet-beal-monitor\/#primaryimage","url":"https:\/\/bolting.eu\/wp-content\/uploads\/2020\/05\/mitlaufendes-Auffanggeraet-Beal-Monitor.jpg","contentUrl":"https:\/\/bolting.eu\/wp-content\/uploads\/2020\/05\/mitlaufendes-Auffanggeraet-Beal-Monitor.jpg","width":700,"height":700,"caption":"Goldenes Beal Monitor mitlaufendes Auffangger\u00e4t mit rot wei\u00dfem Seil."},{"@type":"BreadcrumbList","@id":"https:\/\/bolting.eu\/en\/shop\/mitlaufendes-auffanggeraet-beal-monitor\/#breadcrumb","itemListElement":[{"@type":"ListItem","position":1,"name":"Shop","item":"https:\/\/bolting.eu\/en\/shop\/"},{"@type":"ListItem","position":2,"name":"Industrial climbing gear","item":"https:\/\/bolting.eu\/en\/produkt-kategorie\/industrial-climbing-gear\/"},{"@type":"ListItem","position":3,"name":"Mitlaufende Auffangger\u00e4te","item":"https:\/\/bolting.eu\/produkt-kategorie\/industriekletter-ausruestung\/mitlaufende-auffanggeraete\/"},{"@type":"ListItem","position":4,"name":"Mitlaufendes Auffangger\u00e4t &#8211; Beal Monitor"}]},{"@type":"WebSite","@id":"https:\/\/bolting.eu\/en\/#website","url":"https:\/\/bolting.eu\/en\/","name":"bolting.eu","description":"we make climbs happen","publisher":{"@id":"https:\/\/bolting.eu\/en\/#organization"},"potentialAction":[{"@type":"SearchAction","target":{"@type":"EntryPoint","urlTemplate":"https:\/\/bolting.eu\/en\/?s={search_term_string}"},"query-input":{"@type":"PropertyValueSpecification","valueRequired":true,"valueName":"search_term_string"}}],"inLanguage":"en-US"},{"@type":["Organization","Place","SportingGoodsStore"],"@id":"https:\/\/bolting.eu\/en\/#organization","name":"bolting.eu","url":"https:\/\/bolting.eu\/en\/","logo":{"@id":"https:\/\/bolting.eu\/en\/shop\/mitlaufendes-auffanggeraet-beal-monitor\/#local-main-organization-logo"},"image":{"@id":"https:\/\/bolting.eu\/en\/shop\/mitlaufendes-auffanggeraet-beal-monitor\/#local-main-organization-logo"},"sameAs":["https:\/\/www.facebook.com\/bolting.eu","https:\/\/www.instagram.com\/bolting.eu\/"],"address":{"@id":"https:\/\/bolting.eu\/en\/shop\/mitlaufendes-auffanggeraet-beal-monitor\/#local-main-place-address"},"geo":{"@type":"GeoCoordinates","latitude":"47.264176340396226","longitude":"11.380109057672346"},"telephone":["+43 699 19083372"],"openingHoursSpecification":[{"@type":"OpeningHoursSpecification","dayOfWeek":["Monday","Wednesday","Friday"],"opens":"14:00","closes":"18:00"},{"@type":"OpeningHoursSpecification","dayOfWeek":["Tuesday","Thursday","Saturday","Sunday"],"opens":"00:00","closes":"00:00"}],"email":"office@bolting.eu","vatID":"ATU59999728","priceRange":"$$","currenciesAccepted":"Euro"},{"@type":"PostalAddress","@id":"https:\/\/bolting.eu\/en\/shop\/mitlaufendes-auffanggeraet-beal-monitor\/#local-main-place-address","streetAddress":"Fischnalerstra\u00dfe 4","addressLocality":"Innsbruck","postalCode":"6020","addressRegion":"Tirol","addressCountry":"AT"},{"@type":"ImageObject","inLanguage":"en-US","@id":"https:\/\/bolting.eu\/en\/shop\/mitlaufendes-auffanggeraet-beal-monitor\/#local-main-organization-logo","url":"https:\/\/bolting.eu\/wp-content\/uploads\/2019\/09\/bolting-logo.png","contentUrl":"https:\/\/bolting.eu\/wp-content\/uploads\/2019\/09\/bolting-logo.png","width":400,"height":211,"caption":"bolting.eu"}]},"og_video":"https:\/\/www.youtube.com\/embed\/mOs7kEjR1Gc","og_video_type":"text\/html","og_video_duration":"92","og_video_width":"480","og_video_height":"270","ya_ovs_adult":"false","ya_ovs_upload_date":"2020-05-24T16:06:02+00:00","ya_ovs_allow_embed":"true","product_price_amount":"85.00","product_price_currency":"EUR","og_availability":"instock","product_availability":"instock","product_retailer_item_id":"BMFAM","product_condition":"new","geo.placename":"Innsbruck","geo.position":{"lat":"47.264176340396226","long":"11.380109057672346"},"geo.region":"Austria"},"_links":{"self":[{"href":"https:\/\/bolting.eu\/en\/wp-json\/wp\/v2\/product\/3493","targetHints":{"allow":["GET"]}}],"collection":[{"href":"https:\/\/bolting.eu\/en\/wp-json\/wp\/v2\/product"}],"about":[{"href":"https:\/\/bolting.eu\/en\/wp-json\/wp\/v2\/types\/product"}],"replies":[{"embeddable":true,"href":"https:\/\/bolting.eu\/en\/wp-json\/wp\/v2\/comments?post=3493"}],"wp:featuredmedia":[{"embeddable":true,"href":"https:\/\/bolting.eu\/en\/wp-json\/wp\/v2\/media\/3497"}],"wp:attachment":[{"href":"https:\/\/bolting.eu\/en\/wp-json\/wp\/v2\/media?parent=3493"}],"wp:term":[{"taxonomy":"product_brand","embeddable":true,"href":"https:\/\/bolting.eu\/en\/wp-json\/wp\/v2\/product_brand?post=3493"},{"taxonomy":"product_cat","embeddable":true,"href":"https:\/\/bolting.eu\/en\/wp-json\/wp\/v2\/product_cat?post=3493"},{"taxonomy":"product_tag","embeddable":true,"href":"https:\/\/bolting.eu\/en\/wp-json\/wp\/v2\/product_tag?post=3493"}],"curies":[{"name":"wp","href":"https:\/\/api.w.org\/{rel}","templated":true}]}}