{"id":3489,"date":"2020-05-24T16:19:24","date_gmt":"2020-05-24T14:19:24","guid":{"rendered":"https:\/\/bolting.eu\/?post_type=product&#038;p=3489"},"modified":"2026-04-11T12:19:03","modified_gmt":"2026-04-11T10:19:03","slug":"beal-jammy-prusikschlinge","status":"publish","type":"product","link":"https:\/\/bolting.eu\/en\/shop\/beal-jammy-prusikschlinge\/","title":{"rendered":"Beal Jammy Prusikschlinge"},"content":{"rendered":"<p>Die Beal Jammy Prusikschlinge ist ein tolles <a href=\"https:\/\/bolting.eu\/produkt-kategorie\/kletterzubehoer\/\">Kletterzubeh\u00f6r!<\/a> Denn die fix vern\u00e4hte Schlinge hat viele Vorteile gegen\u00fcber einer selbst gemachten Prusikschlinge.<\/p>\n<p>Erstens besteht diese Reepschnur aus verschiedenen Materialien. Einen Mantel aus Polyamid und einen Kern aus hitzebest\u00e4ndigem Kevlar. So hat die Schlinge einerseits einen perfekten Grip am Seil. Und andererseits ist der Kevlar Kern extrem Hitzebest\u00e4ndig.<\/p>\n<p>Zweitens ist diese Schlinge fix vern\u00e4ht. Die Naht ist zudem mit einem Schrumpfschlauch extra gesch\u00fctzt. Das gibt dieser <a href=\"https:\/\/bolting.eu\/produkt-kategorie\/kletterausruestung\/reepschnur\/\">Reepschnur<\/a> eine enorme Bruchlast von 2.200kg!<\/p>\n<p>Drittens ist der Durchmesser mit 5,5mm ideal f\u00fcr eine Prusikschlinge. Sie passt zu jedem Seildurchmesser dazu und klemmt wenn es darauf ankommt. Egal ob Einfach-, Halb- oder Zwillingsseil.<\/p>\n<p>Und viertens ist der Kern aus einem speziellen Kevlar Typ. Somit kann diese Schlinge extrem oft gefaltet, verbogen und ben\u00fctzt werden. Sie ist quasi unkaputtbar w\u00e4hrend der Dauer der Gebrauchsfrist.<\/p>\n<h2>Eigenschaften Beal Jammy Prusikschlinge<\/h2>\n<ul>\n<li>Hersteller: <a href=\"https:\/\/bolting.eu\/produkt-kategorie\/beal\/\">Beal<\/a><\/li>\n<li>Material Kern: Kevlar a.k.a. Aramid<\/li>\n<li>Material Mantel: Polyamid<\/li>\n<li>L\u00e4nge: 50cm<\/li>\n<li>Gewicht: 25 Gramm<\/li>\n<li>fix vern\u00e4ht und mit Schrumpfschlauch gesch\u00fctzt<\/li>\n<li>idealer Durchmesser und Grip<\/li>\n<li>Kern aus extrem widerstandsf\u00e4higem Technora Kevlar<\/li>\n<li>perfekter <a href=\"https:\/\/bolting.eu\/kurzprusik\/\">Kurzprusik<\/a> (Abseilen, Flaschenzug, Spaltenrettung)<\/li>\n<\/ul>\n<h3>Beal Jammy Prusikschlinge &#8211; Konstruktion<\/h3>\n<p>In dieser kleinen Schlinge steckt \u00fcberraschend viel know how. Denn eine perfekte Prusik Schlinge muss drei Dinge k\u00f6nnen.<\/p>\n<p>Erstens viel W\u00e4rme aushalten. Dies wird durch den hitzebest\u00e4ndigen Kevlar Kern gew\u00e4hrleistet. Zweitens muss die Oberfl\u00e4che und der Durchmesser mit allen m\u00f6glichen Seilen kompatibel sein. Hierzu hat Beal einerseits den Durchmesser 5,5mm gew\u00e4hlt. Und andererseits einen &#8220;griffigen&#8221; Polyamid Mantel um den Kern gesponnen. Drittens muss eine Prusikschlinge viele Verformungen und regelm\u00e4\u00dfige Quetschungen aushalten. Dazu wird im Kern eine besondere Kevlar Form verwendet. N\u00e4mlich &#8220;Technora&#8221; Kevlar.<\/p>\n<h3>Beal Jammy Prusikschlinge Anwendung<\/h3>\n<p><a href=\"https:\/\/bolting.eu\/wp-content\/uploads\/2020\/05\/Beal-Jammy-Prusikschlinge-3.jpg\"><img loading=\"lazy\" decoding=\"async\" class=\"alignleft wp-image-3490 size-medium\" src=\"https:\/\/bolting.eu\/wp-content\/uploads\/2020\/05\/Beal-Jammy-Prusikschlinge-3-503x400.jpg\" alt=\"Das Bild zeigt die Verwendung der Beal Jammy Prusikschlinge. In einer dreiteiligen Grafik wird das Abseilen mit dem Prusik bzw. franz\u00f6sischen Prusik Knoten dargestellt.\" width=\"503\" height=\"400\" srcset=\"https:\/\/bolting.eu\/wp-content\/uploads\/2020\/05\/Beal-Jammy-Prusikschlinge-3-503x400.jpg 503w, https:\/\/bolting.eu\/wp-content\/uploads\/2020\/05\/Beal-Jammy-Prusikschlinge-3-510x405.jpg 510w, https:\/\/bolting.eu\/wp-content\/uploads\/2020\/05\/Beal-Jammy-Prusikschlinge-3-768x611.jpg 768w, https:\/\/bolting.eu\/wp-content\/uploads\/2020\/05\/Beal-Jammy-Prusikschlinge-3-600x477.jpg 600w, https:\/\/bolting.eu\/wp-content\/uploads\/2020\/05\/Beal-Jammy-Prusikschlinge-3.jpg 800w\" sizes=\"auto, (max-width: 503px) 100vw, 503px\" \/><\/a>Hier seht ihr, wie die Jammy Schlinge als klassischer Prusik Knoten bzw. franz\u00f6sischer Prusik Knoten verwendet wird.<\/p>\n<p>Wir empfehlen die Knoten vorab mehrmals zu \u00fcben, wenn man noch nicht mit ihnen vertraut ist. Dies hilft in Stress Situationen ungemein.<\/p>\n<p>Beachtet die Lage der Naht. Mit etwas \u00dcbung sollte man es genau so hinbekommen. Die Naht immer au\u00dfen platzieren!<\/p>\n<p>&nbsp;<\/p>\n<h3>Gebrauchsdauer 3-5 Jahre<\/h3>\n<p>Wie alle Reepschn\u00fcre und Bandschlingen hat auch die Beal Jammy Prusikschlinge eine Gebrauchsdauer von 3-5 Jahren. Auch wenn die Schlinge extrem widerstandsf\u00e4hig ist. Der Hersteller Beal empfiehlt die \u00fcbliche Gebrauchsfrist. Ihr m\u00fcsst also einerseits Eure Schlinge regelm\u00e4\u00dfig \u00fcberpr\u00fcfen. pr\u00fcft happtisch und optisch ob alles in Ordnung ist. Bei groben Sch\u00e4den an der Prusikschlinge ist diese umgehend auszutauschen.<\/p>\n<p>Wenn sie immer in Ordnung ist so kann sie bis zu 5 Jahre verwendet werden. Weist sie nach 3 Jahren starke Gebrauchsspuren auf, sollte man sie fr\u00fchzeitig in den Ruhestand schicken.<\/p>\n<p>Link Tipp: Bei den wundersch\u00f6nen <a href=\"https:\/\/maltatal.rocks\/2018\/02\/07\/mehrseillaengen-routen-im-maltatal\/\" target=\"_blank\" rel=\"noopener noreferrer\">Mehrseill\u00e4ngen im Maltatal<\/a> kannst du deine Prusikschlinge beim Abseilen gleich ausprobieren!<\/p>\n","protected":false},"excerpt":{"rendered":"<p>Praktische, fix vern\u00e4hte Schlinge aus\u00a0 Kevlar a.k.a. Aramid im Kern und Mantel aus Polyamid.<\/p>\n<p>In den L\u00e4ngen 35cm, 50cm und 60cm erh\u00e4ltlich. Perfekte Prusikschlinge (Abseilen und Flaschenzug) mit tollem Grip.<\/p>\n<p>Versandkostenfrei bis 2kg in <img decoding=\"async\" class=\"emoji\" role=\"img\" draggable=\"false\" src=\"https:\/\/s.w.org\/images\/core\/emoji\/14.0.0\/svg\/1f1e6-1f1f9.svg\" alt=\"\ud83c\udde6\ud83c\uddf9\" \/> ab \u20ac 100,- und <img decoding=\"async\" class=\"emoji\" role=\"img\" draggable=\"false\" src=\"https:\/\/s.w.org\/images\/core\/emoji\/14.0.0\/svg\/1f1e9-1f1ea.svg\" alt=\"\ud83c\udde9\ud83c\uddea\" \/> ab \u20ac 200,-!<\/p>\n","protected":false},"featured_media":3492,"comment_status":"open","ping_status":"closed","template":"","meta":[],"product_brand":[],"product_cat":[14056,3828,4663,55,6620,9947,11051,14055],"product_tag":[2229],"class_list":{"0":"post-3489","1":"product","2":"type-product","3":"status-publish","4":"has-post-thumbnail","6":"product_cat-seil-auf-abstieg","7":"product_cat-hoehlenforscher-ausruestung","8":"product_cat-beal","9":"product_cat-reepschnur","10":"product_cat-hochtouren-ausruestung","11":"product_cat-kevlar-reepschnur","12":"product_cat-spaltenbergung","13":"product_cat-absturzsicherung","14":"product_tag-abseilen","16":"first","17":"instock","18":"taxable","19":"shipping-taxable","20":"purchasable","21":"product-type-variable"},"yoast_head":"<!-- This site is optimized with the Yoast SEO Premium plugin v26.9 (Yoast SEO v26.9) - https:\/\/yoast.com\/product\/yoast-seo-premium-wordpress\/ -->\n<title>Beal Jammy Prusikschlinge online kaufen bolting.eu<\/title>\n<meta name=\"description\" content=\"BEAL JAMMY PRUSIKSCHLINGE beim Kletter Hardwareprofi aus Innbsruck kaufen \u2705 kostenloser Versand* \u2705 14 Tage R\u00fcckgaberecht \u2705 Co2 neutraler Versand\" \/>\n<meta name=\"robots\" content=\"index, follow, max-snippet:-1, max-image-preview:large, max-video-preview:-1\" \/>\n<link rel=\"canonical\" href=\"https:\/\/bolting.eu\/en\/shop\/beal-jammy-prusikschlinge\/\" \/>\n<meta property=\"og:locale\" content=\"en_US\" \/>\n<meta property=\"og:type\" content=\"article\" \/>\n<meta property=\"og:title\" content=\"Beal Jammy Prusikschlinge\" \/>\n<meta property=\"og:description\" content=\"BEAL JAMMY PRUSIKSCHLINGE beim Kletter Hardwareprofi aus Innbsruck kaufen \u2705 kostenloser Versand* \u2705 14 Tage R\u00fcckgaberecht \u2705 Co2 neutraler Versand\" \/>\n<meta property=\"og:url\" content=\"https:\/\/bolting.eu\/en\/shop\/beal-jammy-prusikschlinge\/\" \/>\n<meta property=\"og:site_name\" content=\"bolting.eu\" \/>\n<meta property=\"article:publisher\" content=\"https:\/\/www.facebook.com\/bolting.eu\" \/>\n<meta property=\"article:modified_time\" content=\"2026-04-11T10:19:03+00:00\" \/>\n<meta property=\"og:image\" content=\"https:\/\/bolting.eu\/wp-content\/uploads\/2020\/05\/Beal-Jammy-Prusikschlinge-4.jpg\" \/>\n\t<meta property=\"og:image:width\" content=\"700\" \/>\n\t<meta property=\"og:image:height\" content=\"700\" \/>\n\t<meta property=\"og:image:type\" content=\"image\/jpeg\" \/>\n<meta name=\"twitter:card\" content=\"summary_large_image\" \/>\n<meta name=\"twitter:label1\" content=\"Availability\" \/>\n\t<meta name=\"twitter:data1\" content=\"In stock\" \/>\n<script type=\"application\/ld+json\" class=\"yoast-schema-graph\">{\"@context\":\"https:\/\/schema.org\",\"@graph\":[{\"@type\":[\"WebPage\",\"ItemPage\"],\"@id\":\"https:\/\/bolting.eu\/en\/shop\/beal-jammy-prusikschlinge\/\",\"url\":\"https:\/\/bolting.eu\/en\/shop\/beal-jammy-prusikschlinge\/\",\"name\":\"Beal Jammy Prusikschlinge online kaufen bolting.eu\",\"isPartOf\":{\"@id\":\"https:\/\/bolting.eu\/en\/#website\"},\"primaryImageOfPage\":{\"@id\":\"https:\/\/bolting.eu\/en\/shop\/beal-jammy-prusikschlinge\/#primaryimage\"},\"image\":{\"@id\":\"https:\/\/bolting.eu\/en\/shop\/beal-jammy-prusikschlinge\/#primaryimage\"},\"thumbnailUrl\":\"https:\/\/bolting.eu\/wp-content\/uploads\/2020\/05\/Beal-Jammy-Prusikschlinge-4.jpg\",\"datePublished\":\"2020-05-24T14:19:24+00:00\",\"dateModified\":\"2026-04-11T10:19:03+00:00\",\"description\":\"BEAL JAMMY PRUSIKSCHLINGE beim Kletter Hardwareprofi aus Innbsruck kaufen \u2705 kostenloser Versand* \u2705 14 Tage R\u00fcckgaberecht \u2705 Co2 neutraler Versand\",\"breadcrumb\":{\"@id\":\"https:\/\/bolting.eu\/en\/shop\/beal-jammy-prusikschlinge\/#breadcrumb\"},\"inLanguage\":\"en-US\",\"potentialAction\":[{\"@type\":\"ReadAction\",\"target\":[\"https:\/\/bolting.eu\/en\/shop\/beal-jammy-prusikschlinge\/\"]}]},{\"@type\":\"ImageObject\",\"inLanguage\":\"en-US\",\"@id\":\"https:\/\/bolting.eu\/en\/shop\/beal-jammy-prusikschlinge\/#primaryimage\",\"url\":\"https:\/\/bolting.eu\/wp-content\/uploads\/2020\/05\/Beal-Jammy-Prusikschlinge-4.jpg\",\"contentUrl\":\"https:\/\/bolting.eu\/wp-content\/uploads\/2020\/05\/Beal-Jammy-Prusikschlinge-4.jpg\",\"width\":700,\"height\":700,\"caption\":\"Das Bild zeigt die Beal Jammy Prusikschlinge. Sie liegt horizontal im Bild mit der vern\u00e4hten Stelle links oben.\"},{\"@type\":\"BreadcrumbList\",\"@id\":\"https:\/\/bolting.eu\/en\/shop\/beal-jammy-prusikschlinge\/#breadcrumb\",\"itemListElement\":[{\"@type\":\"ListItem\",\"position\":1,\"name\":\"Shop\",\"item\":\"https:\/\/bolting.eu\/en\/shop\/\"},{\"@type\":\"ListItem\",\"position\":2,\"name\":\"climbing equipment\",\"item\":\"https:\/\/bolting.eu\/en\/produkt-kategorie\/climbing-equipment\/\"},{\"@type\":\"ListItem\",\"position\":3,\"name\":\"Reepschnur\",\"item\":\"https:\/\/bolting.eu\/produkt-kategorie\/kletterausruestung\/reepschnur\/\"},{\"@type\":\"ListItem\",\"position\":4,\"name\":\"Beal Jammy Prusikschlinge\"}]},{\"@type\":\"WebSite\",\"@id\":\"https:\/\/bolting.eu\/en\/#website\",\"url\":\"https:\/\/bolting.eu\/en\/\",\"name\":\"bolting.eu\",\"description\":\"we make climbs happen\",\"publisher\":{\"@id\":\"https:\/\/bolting.eu\/en\/#organization\"},\"potentialAction\":[{\"@type\":\"SearchAction\",\"target\":{\"@type\":\"EntryPoint\",\"urlTemplate\":\"https:\/\/bolting.eu\/en\/?s={search_term_string}\"},\"query-input\":{\"@type\":\"PropertyValueSpecification\",\"valueRequired\":true,\"valueName\":\"search_term_string\"}}],\"inLanguage\":\"en-US\"},{\"@type\":[\"Organization\",\"Place\",\"SportingGoodsStore\"],\"@id\":\"https:\/\/bolting.eu\/en\/#organization\",\"name\":\"bolting.eu\",\"url\":\"https:\/\/bolting.eu\/en\/\",\"logo\":{\"@id\":\"https:\/\/bolting.eu\/en\/shop\/beal-jammy-prusikschlinge\/#local-main-organization-logo\"},\"image\":{\"@id\":\"https:\/\/bolting.eu\/en\/shop\/beal-jammy-prusikschlinge\/#local-main-organization-logo\"},\"sameAs\":[\"https:\/\/www.facebook.com\/bolting.eu\",\"https:\/\/www.instagram.com\/bolting.eu\/\"],\"address\":{\"@id\":\"https:\/\/bolting.eu\/en\/shop\/beal-jammy-prusikschlinge\/#local-main-place-address\"},\"geo\":{\"@type\":\"GeoCoordinates\",\"latitude\":\"47.264176340396226\",\"longitude\":\"11.380109057672346\"},\"telephone\":[\"+43 699 19083372\"],\"openingHoursSpecification\":[{\"@type\":\"OpeningHoursSpecification\",\"dayOfWeek\":[\"Monday\",\"Wednesday\",\"Friday\"],\"opens\":\"14:00\",\"closes\":\"18:00\"},{\"@type\":\"OpeningHoursSpecification\",\"dayOfWeek\":[\"Tuesday\",\"Thursday\",\"Saturday\",\"Sunday\"],\"opens\":\"00:00\",\"closes\":\"00:00\"}],\"email\":\"office@bolting.eu\",\"vatID\":\"ATU59999728\",\"priceRange\":\"$$\",\"currenciesAccepted\":\"Euro\"},{\"@type\":\"PostalAddress\",\"@id\":\"https:\/\/bolting.eu\/en\/shop\/beal-jammy-prusikschlinge\/#local-main-place-address\",\"streetAddress\":\"Fischnalerstra\u00dfe 4\",\"addressLocality\":\"Innsbruck\",\"postalCode\":\"6020\",\"addressRegion\":\"Tirol\",\"addressCountry\":\"AT\"},{\"@type\":\"ImageObject\",\"inLanguage\":\"en-US\",\"@id\":\"https:\/\/bolting.eu\/en\/shop\/beal-jammy-prusikschlinge\/#local-main-organization-logo\",\"url\":\"https:\/\/bolting.eu\/wp-content\/uploads\/2019\/09\/bolting-logo.png\",\"contentUrl\":\"https:\/\/bolting.eu\/wp-content\/uploads\/2019\/09\/bolting-logo.png\",\"width\":400,\"height\":211,\"caption\":\"bolting.eu\"}]}<\/script>\n<meta property=\"og:availability\" content=\"instock\" \/>\n<meta property=\"product:availability\" content=\"instock\" \/>\n<meta property=\"product:condition\" content=\"new\" \/>\n<meta name=\"geo.placename\" content=\"Innsbruck\" \/>\n<meta name=\"geo.position\" content=\"47.264176340396226;11.380109057672346\" \/>\n<meta name=\"geo.region\" content=\"Austria\" \/>\n<!-- \/ Yoast SEO Premium plugin. -->","yoast_head_json":{"title":"Beal Jammy Prusikschlinge online kaufen bolting.eu","description":"BEAL JAMMY PRUSIKSCHLINGE beim Kletter Hardwareprofi aus Innbsruck kaufen \u2705 kostenloser Versand* \u2705 14 Tage R\u00fcckgaberecht \u2705 Co2 neutraler Versand","robots":{"index":"index","follow":"follow","max-snippet":"max-snippet:-1","max-image-preview":"max-image-preview:large","max-video-preview":"max-video-preview:-1"},"canonical":"https:\/\/bolting.eu\/en\/shop\/beal-jammy-prusikschlinge\/","og_locale":"en_US","og_type":"article","og_title":"Beal Jammy Prusikschlinge","og_description":"BEAL JAMMY PRUSIKSCHLINGE beim Kletter Hardwareprofi aus Innbsruck kaufen \u2705 kostenloser Versand* \u2705 14 Tage R\u00fcckgaberecht \u2705 Co2 neutraler Versand","og_url":"https:\/\/bolting.eu\/en\/shop\/beal-jammy-prusikschlinge\/","og_site_name":"bolting.eu","article_publisher":"https:\/\/www.facebook.com\/bolting.eu","article_modified_time":"2026-04-11T10:19:03+00:00","og_image":[{"width":700,"height":700,"url":"https:\/\/bolting.eu\/wp-content\/uploads\/2020\/05\/Beal-Jammy-Prusikschlinge-4.jpg","type":"image\/jpeg"}],"twitter_card":"summary_large_image","twitter_misc":{"Availability":"In stock"},"schema":{"@context":"https:\/\/schema.org","@graph":[{"@type":["WebPage","ItemPage"],"@id":"https:\/\/bolting.eu\/en\/shop\/beal-jammy-prusikschlinge\/","url":"https:\/\/bolting.eu\/en\/shop\/beal-jammy-prusikschlinge\/","name":"Beal Jammy Prusikschlinge online kaufen bolting.eu","isPartOf":{"@id":"https:\/\/bolting.eu\/en\/#website"},"primaryImageOfPage":{"@id":"https:\/\/bolting.eu\/en\/shop\/beal-jammy-prusikschlinge\/#primaryimage"},"image":{"@id":"https:\/\/bolting.eu\/en\/shop\/beal-jammy-prusikschlinge\/#primaryimage"},"thumbnailUrl":"https:\/\/bolting.eu\/wp-content\/uploads\/2020\/05\/Beal-Jammy-Prusikschlinge-4.jpg","datePublished":"2020-05-24T14:19:24+00:00","dateModified":"2026-04-11T10:19:03+00:00","description":"BEAL JAMMY PRUSIKSCHLINGE beim Kletter Hardwareprofi aus Innbsruck kaufen \u2705 kostenloser Versand* \u2705 14 Tage R\u00fcckgaberecht \u2705 Co2 neutraler Versand","breadcrumb":{"@id":"https:\/\/bolting.eu\/en\/shop\/beal-jammy-prusikschlinge\/#breadcrumb"},"inLanguage":"en-US","potentialAction":[{"@type":"ReadAction","target":["https:\/\/bolting.eu\/en\/shop\/beal-jammy-prusikschlinge\/"]}]},{"@type":"ImageObject","inLanguage":"en-US","@id":"https:\/\/bolting.eu\/en\/shop\/beal-jammy-prusikschlinge\/#primaryimage","url":"https:\/\/bolting.eu\/wp-content\/uploads\/2020\/05\/Beal-Jammy-Prusikschlinge-4.jpg","contentUrl":"https:\/\/bolting.eu\/wp-content\/uploads\/2020\/05\/Beal-Jammy-Prusikschlinge-4.jpg","width":700,"height":700,"caption":"Das Bild zeigt die Beal Jammy Prusikschlinge. Sie liegt horizontal im Bild mit der vern\u00e4hten Stelle links oben."},{"@type":"BreadcrumbList","@id":"https:\/\/bolting.eu\/en\/shop\/beal-jammy-prusikschlinge\/#breadcrumb","itemListElement":[{"@type":"ListItem","position":1,"name":"Shop","item":"https:\/\/bolting.eu\/en\/shop\/"},{"@type":"ListItem","position":2,"name":"climbing equipment","item":"https:\/\/bolting.eu\/en\/produkt-kategorie\/climbing-equipment\/"},{"@type":"ListItem","position":3,"name":"Reepschnur","item":"https:\/\/bolting.eu\/produkt-kategorie\/kletterausruestung\/reepschnur\/"},{"@type":"ListItem","position":4,"name":"Beal Jammy Prusikschlinge"}]},{"@type":"WebSite","@id":"https:\/\/bolting.eu\/en\/#website","url":"https:\/\/bolting.eu\/en\/","name":"bolting.eu","description":"we make climbs happen","publisher":{"@id":"https:\/\/bolting.eu\/en\/#organization"},"potentialAction":[{"@type":"SearchAction","target":{"@type":"EntryPoint","urlTemplate":"https:\/\/bolting.eu\/en\/?s={search_term_string}"},"query-input":{"@type":"PropertyValueSpecification","valueRequired":true,"valueName":"search_term_string"}}],"inLanguage":"en-US"},{"@type":["Organization","Place","SportingGoodsStore"],"@id":"https:\/\/bolting.eu\/en\/#organization","name":"bolting.eu","url":"https:\/\/bolting.eu\/en\/","logo":{"@id":"https:\/\/bolting.eu\/en\/shop\/beal-jammy-prusikschlinge\/#local-main-organization-logo"},"image":{"@id":"https:\/\/bolting.eu\/en\/shop\/beal-jammy-prusikschlinge\/#local-main-organization-logo"},"sameAs":["https:\/\/www.facebook.com\/bolting.eu","https:\/\/www.instagram.com\/bolting.eu\/"],"address":{"@id":"https:\/\/bolting.eu\/en\/shop\/beal-jammy-prusikschlinge\/#local-main-place-address"},"geo":{"@type":"GeoCoordinates","latitude":"47.264176340396226","longitude":"11.380109057672346"},"telephone":["+43 699 19083372"],"openingHoursSpecification":[{"@type":"OpeningHoursSpecification","dayOfWeek":["Monday","Wednesday","Friday"],"opens":"14:00","closes":"18:00"},{"@type":"OpeningHoursSpecification","dayOfWeek":["Tuesday","Thursday","Saturday","Sunday"],"opens":"00:00","closes":"00:00"}],"email":"office@bolting.eu","vatID":"ATU59999728","priceRange":"$$","currenciesAccepted":"Euro"},{"@type":"PostalAddress","@id":"https:\/\/bolting.eu\/en\/shop\/beal-jammy-prusikschlinge\/#local-main-place-address","streetAddress":"Fischnalerstra\u00dfe 4","addressLocality":"Innsbruck","postalCode":"6020","addressRegion":"Tirol","addressCountry":"AT"},{"@type":"ImageObject","inLanguage":"en-US","@id":"https:\/\/bolting.eu\/en\/shop\/beal-jammy-prusikschlinge\/#local-main-organization-logo","url":"https:\/\/bolting.eu\/wp-content\/uploads\/2019\/09\/bolting-logo.png","contentUrl":"https:\/\/bolting.eu\/wp-content\/uploads\/2019\/09\/bolting-logo.png","width":400,"height":211,"caption":"bolting.eu"}]},"og_availability":"instock","product_availability":"instock","product_condition":"new","geo.placename":"Innsbruck","geo.position":{"lat":"47.264176340396226","long":"11.380109057672346"},"geo.region":"Austria"},"_links":{"self":[{"href":"https:\/\/bolting.eu\/en\/wp-json\/wp\/v2\/product\/3489","targetHints":{"allow":["GET"]}}],"collection":[{"href":"https:\/\/bolting.eu\/en\/wp-json\/wp\/v2\/product"}],"about":[{"href":"https:\/\/bolting.eu\/en\/wp-json\/wp\/v2\/types\/product"}],"replies":[{"embeddable":true,"href":"https:\/\/bolting.eu\/en\/wp-json\/wp\/v2\/comments?post=3489"}],"wp:featuredmedia":[{"embeddable":true,"href":"https:\/\/bolting.eu\/en\/wp-json\/wp\/v2\/media\/3492"}],"wp:attachment":[{"href":"https:\/\/bolting.eu\/en\/wp-json\/wp\/v2\/media?parent=3489"}],"wp:term":[{"taxonomy":"product_brand","embeddable":true,"href":"https:\/\/bolting.eu\/en\/wp-json\/wp\/v2\/product_brand?post=3489"},{"taxonomy":"product_cat","embeddable":true,"href":"https:\/\/bolting.eu\/en\/wp-json\/wp\/v2\/product_cat?post=3489"},{"taxonomy":"product_tag","embeddable":true,"href":"https:\/\/bolting.eu\/en\/wp-json\/wp\/v2\/product_tag?post=3489"}],"curies":[{"name":"wp","href":"https:\/\/api.w.org\/{rel}","templated":true}]}}