{"id":3475,"date":"2020-05-24T14:03:34","date_gmt":"2020-05-24T12:03:34","guid":{"rendered":"https:\/\/bolting.eu\/?post_type=product&#038;p=3475"},"modified":"2026-01-26T15:24:07","modified_gmt":"2026-01-26T14:24:07","slug":"beal-7mm-reepschnur","status":"publish","type":"product","link":"https:\/\/bolting.eu\/en\/shop\/beal-7mm-reepschnur\/","title":{"rendered":"Beal 7mm Reepschnur"},"content":{"rendered":"<p>Die Beal 7mm Reepschnur ist ein vielseitiges Kletterzubeh\u00f6r. Denn damit lassen sich viele Anwendungsbereiche abdecken. Beispielsweise der Standplatzbau sowie diverse Seilrettungsman\u00f6ver wie der Flaschenzug.<\/p>\n<p>Dar\u00fcber hinaus wird diese Schnur auch gerne in der Speleologie verwendet. Denn die verh\u00e4ltnism\u00e4\u00dfig dicke Schnur hat eine hohe Bruchlast. Das macht sie perfekt f\u00fcr Standpl\u00e4tze, zum Abbinden gro\u00dfer Sanduhren und f\u00fcr Seilgel\u00e4nder<\/p>\n<h2>Eigenschaften Beal 7mm Reepschnur<\/h2>\n<ul>\n<li>Hersteller: Beal<\/li>\n<li>EN Norm 564<\/li>\n<li>Durchmesser: 7mm<\/li>\n<li>Material: Polyamid<\/li>\n<li>Bruchlast: 1170 daN (kg<\/li>\n<li>Gewicht: 31 Gramm \/ Meter<\/li>\n<li>max. Rollenl\u00e4nge 120m<\/li>\n<li>Farben: rosa und gr\u00fcn<\/li>\n<li>ideal f\u00fcr Bergsport, Camping und Haushalt<\/li>\n<li><strong>Verkaufseinheit = 1 Meter<\/strong><\/li>\n<\/ul>\n<p>Wichtiger Hinweis! F\u00fcr den Standplatzbau im Bergsport empfehlen wir eine 6mm Polyamid Reepschnur oder die 5,5mm Kevlar bzw. Dynema Reepschnur. Die hier vorgestellte 7mm Reepschnur ist bereits etwas zu dick bzw. zu schwer.<\/p>\n<h2>Beal 7mm Reepschnur im Bergsport<\/h2>\n<p>Diese Reepschnur ist ein wichtiger Kletter Zubeh\u00f6r Artikel. Denn mit der Schnur kann man einige wichtige Anwendungsbereiche abdecken. Beispielsweise viele Bergrettungstechniken. Zudem kann man sie bei div. Flaschenz\u00fcgen verwenden. \u00dcberdies wird diese Reepschnur gerne als alternatives Seil f\u00fcr kurze Abseilstrecken verwendet. So erspart man sich schwere Seile. Dar\u00fcber hinaus ist diese Reepschnur perfekt f\u00fcr Seilgel\u00e4nder geeignet.<\/p>\n<h3>Einsatz beim Campen<\/h3>\n<p>Die Beal 7mm Reepschnur ist beim Camping extrem hilfreich. Alles was schnell angebunden werden muss, kann man mit dieser Schnur machen. Denn sie ist einerseits sehr belastbar. F\u00fcr den bescheidenen Durchmesser von 4mm kann man sie mit stolzen 1280kg belasten! Zum anderen ist die Reepschnur super zu knoten. \u00dcberdies ist das Material je langlebig und man kann sie immer wieder verwenden.<\/p>\n<p>Einige Anwendungsbeispiele sind:<\/p>\n<ul>\n<li>Abspannen von Planen<\/li>\n<li>R\u00fcckspannen von Pf\u00e4hlen<\/li>\n<li>als W\u00e4scheleine<\/li>\n<li>Fixieren von Campingausr\u00fcstung<\/li>\n<li>usw.<\/li>\n<\/ul>\n<h3>Beal 7mm Reepschnur im Haushalt<\/h3>\n<p>Wie beim Camping, so ist diese Reepschnur auch um Haushalt vielseitig einsetzbar. Egal ob H\u00e4ngematte festmachen oder Schwingsessel an der Decke montieren. Durch die angenehme St\u00e4rke von 7mm bzw. der gro\u00dfen Haltekraft, finden sich viele Einsatzbereiche.<\/p>\n<p>Link Tipp: einige <a href=\"http:\/\/www.alpineausbildung.at\/download\/seiltechnik_knoten.pdf\" target=\"_blank\" rel=\"noopener noreferrer\">wichtige Knoten<\/a> f\u00fcr den outdoor Bereich<\/p>\n","protected":false},"excerpt":{"rendered":"<ul>\n<li>Hersteller: Beal<\/li>\n<li>EN Norm 564<\/li>\n<li>Durchmesser: 7mm<\/li>\n<li>Material: Polyamid<\/li>\n<li>Bruchlast: 1170 daN (kg<\/li>\n<li>Gewicht: 31 Gramm \/ Meter<\/li>\n<li>max. Rollenl\u00e4nge 120m<\/li>\n<li>ideal f\u00fcr Bergsport, Camping und Haushalt<\/li>\n<li><strong>Verkaufseinheit = 1 Meter<\/strong><\/li>\n<\/ul>\n","protected":false},"featured_media":3476,"comment_status":"open","ping_status":"closed","template":"","meta":[],"product_brand":[],"product_cat":[7760,29,55,4663],"product_tag":[],"class_list":{"0":"post-3475","1":"product","2":"type-product","3":"status-publish","4":"has-post-thumbnail","6":"product_cat-reepschnur-meterware","7":"product_cat-kletterausruestung","8":"product_cat-reepschnur","9":"product_cat-beal","11":"first","12":"instock","13":"taxable","14":"shipping-taxable","15":"purchasable","16":"product-type-simple"},"yoast_head":"<!-- This site is optimized with the Yoast SEO Premium plugin v26.9 (Yoast SEO v26.9) - https:\/\/yoast.com\/product\/yoast-seo-premium-wordpress\/ -->\n<title>Beal 7mm Reepschnur online kaufen beim Kletterexperten bolting.eu<\/title>\n<meta name=\"description\" content=\"Hier findest Du die Beal 7mm Reepschnur. Eine vielseitige Reepschnur f\u00fcr den Alpinsport \ud83e\uddd7\ud83c\udffc\u200d\u2642\ufe0fCamping und Haushalt. Mit EN Norm 564 und 1170kg Haltekraft!\" \/>\n<meta name=\"robots\" content=\"index, follow, max-snippet:-1, max-image-preview:large, max-video-preview:-1\" \/>\n<link rel=\"canonical\" href=\"https:\/\/bolting.eu\/en\/shop\/beal-7mm-reepschnur\/\" \/>\n<meta property=\"og:locale\" content=\"en_US\" \/>\n<meta property=\"og:type\" content=\"article\" \/>\n<meta property=\"og:title\" content=\"Beal 7mm Reepschnur\" \/>\n<meta property=\"og:description\" content=\"Hier findest Du die Beal 7mm Reepschnur. Eine vielseitige Reepschnur f\u00fcr den Alpinsport \ud83e\uddd7\ud83c\udffc\u200d\u2642\ufe0fCamping und Haushalt. Mit EN Norm 564 und 1170kg Haltekraft!\" \/>\n<meta property=\"og:url\" content=\"https:\/\/bolting.eu\/en\/shop\/beal-7mm-reepschnur\/\" \/>\n<meta property=\"og:site_name\" content=\"bolting.eu\" \/>\n<meta property=\"article:publisher\" content=\"https:\/\/www.facebook.com\/bolting.eu\" \/>\n<meta property=\"article:modified_time\" content=\"2026-01-26T14:24:07+00:00\" \/>\n<meta property=\"og:image\" content=\"https:\/\/bolting.eu\/wp-content\/uploads\/2020\/05\/Beal-7mm-Reepschnur.png\" \/>\n\t<meta property=\"og:image:width\" content=\"700\" \/>\n\t<meta property=\"og:image:height\" content=\"700\" \/>\n\t<meta property=\"og:image:type\" content=\"image\/png\" \/>\n<meta name=\"twitter:card\" content=\"summary_large_image\" \/>\n<meta name=\"twitter:label1\" content=\"Price\" \/>\n\t<meta name=\"twitter:data1\" content=\"&euro;&nbsp;1,59\" \/>\n\t<meta name=\"twitter:label2\" content=\"Availability\" \/>\n\t<meta name=\"twitter:data2\" content=\"In stock\" \/>\n<script type=\"application\/ld+json\" class=\"yoast-schema-graph\">{\"@context\":\"https:\/\/schema.org\",\"@graph\":[{\"@type\":[\"WebPage\",\"ItemPage\"],\"@id\":\"https:\/\/bolting.eu\/en\/shop\/beal-7mm-reepschnur\/\",\"url\":\"https:\/\/bolting.eu\/en\/shop\/beal-7mm-reepschnur\/\",\"name\":\"Beal 7mm Reepschnur online kaufen beim Kletterexperten bolting.eu\",\"isPartOf\":{\"@id\":\"https:\/\/bolting.eu\/en\/#website\"},\"primaryImageOfPage\":{\"@id\":\"https:\/\/bolting.eu\/en\/shop\/beal-7mm-reepschnur\/#primaryimage\"},\"image\":{\"@id\":\"https:\/\/bolting.eu\/en\/shop\/beal-7mm-reepschnur\/#primaryimage\"},\"thumbnailUrl\":\"https:\/\/bolting.eu\/wp-content\/uploads\/2020\/05\/Beal-7mm-Reepschnur.png\",\"datePublished\":\"2020-05-24T12:03:34+00:00\",\"dateModified\":\"2026-01-26T14:24:07+00:00\",\"description\":\"Hier findest Du die Beal 7mm Reepschnur. Eine vielseitige Reepschnur f\u00fcr den Alpinsport \ud83e\uddd7\ud83c\udffc\u200d\u2642\ufe0fCamping und Haushalt. Mit EN Norm 564 und 1170kg Haltekraft!\",\"breadcrumb\":{\"@id\":\"https:\/\/bolting.eu\/en\/shop\/beal-7mm-reepschnur\/#breadcrumb\"},\"inLanguage\":\"en-US\",\"potentialAction\":[{\"@type\":\"ReadAction\",\"target\":[\"https:\/\/bolting.eu\/en\/shop\/beal-7mm-reepschnur\/\"]}]},{\"@type\":\"ImageObject\",\"inLanguage\":\"en-US\",\"@id\":\"https:\/\/bolting.eu\/en\/shop\/beal-7mm-reepschnur\/#primaryimage\",\"url\":\"https:\/\/bolting.eu\/wp-content\/uploads\/2020\/05\/Beal-7mm-Reepschnur.png\",\"contentUrl\":\"https:\/\/bolting.eu\/wp-content\/uploads\/2020\/05\/Beal-7mm-Reepschnur.png\",\"width\":700,\"height\":700,\"caption\":\"Das Bild zeigt die Beal 7mm Reepschnur in Pink mit bunter Musterung. Die Reepschnur liegt horizontal im Bild.\"},{\"@type\":\"BreadcrumbList\",\"@id\":\"https:\/\/bolting.eu\/en\/shop\/beal-7mm-reepschnur\/#breadcrumb\",\"itemListElement\":[{\"@type\":\"ListItem\",\"position\":1,\"name\":\"Shop\",\"item\":\"https:\/\/bolting.eu\/en\/shop\/\"},{\"@type\":\"ListItem\",\"position\":2,\"name\":\"climbing equipment\",\"item\":\"https:\/\/bolting.eu\/en\/produkt-kategorie\/climbing-equipment\/\"},{\"@type\":\"ListItem\",\"position\":3,\"name\":\"Reepschnur\",\"item\":\"https:\/\/bolting.eu\/produkt-kategorie\/kletterausruestung\/reepschnur\/\"},{\"@type\":\"ListItem\",\"position\":4,\"name\":\"Beal 7mm Reepschnur\"}]},{\"@type\":\"WebSite\",\"@id\":\"https:\/\/bolting.eu\/en\/#website\",\"url\":\"https:\/\/bolting.eu\/en\/\",\"name\":\"bolting.eu\",\"description\":\"we make climbs happen\",\"publisher\":{\"@id\":\"https:\/\/bolting.eu\/en\/#organization\"},\"potentialAction\":[{\"@type\":\"SearchAction\",\"target\":{\"@type\":\"EntryPoint\",\"urlTemplate\":\"https:\/\/bolting.eu\/en\/?s={search_term_string}\"},\"query-input\":{\"@type\":\"PropertyValueSpecification\",\"valueRequired\":true,\"valueName\":\"search_term_string\"}}],\"inLanguage\":\"en-US\"},{\"@type\":[\"Organization\",\"Place\",\"SportingGoodsStore\"],\"@id\":\"https:\/\/bolting.eu\/en\/#organization\",\"name\":\"bolting.eu\",\"url\":\"https:\/\/bolting.eu\/en\/\",\"logo\":{\"@id\":\"https:\/\/bolting.eu\/en\/shop\/beal-7mm-reepschnur\/#local-main-organization-logo\"},\"image\":{\"@id\":\"https:\/\/bolting.eu\/en\/shop\/beal-7mm-reepschnur\/#local-main-organization-logo\"},\"sameAs\":[\"https:\/\/www.facebook.com\/bolting.eu\",\"https:\/\/www.instagram.com\/bolting.eu\/\"],\"address\":{\"@id\":\"https:\/\/bolting.eu\/en\/shop\/beal-7mm-reepschnur\/#local-main-place-address\"},\"geo\":{\"@type\":\"GeoCoordinates\",\"latitude\":\"47.264176340396226\",\"longitude\":\"11.380109057672346\"},\"telephone\":[\"+43 699 19083372\"],\"openingHoursSpecification\":[{\"@type\":\"OpeningHoursSpecification\",\"dayOfWeek\":[\"Monday\",\"Wednesday\",\"Friday\"],\"opens\":\"14:00\",\"closes\":\"18:00\"},{\"@type\":\"OpeningHoursSpecification\",\"dayOfWeek\":[\"Tuesday\",\"Thursday\",\"Saturday\",\"Sunday\"],\"opens\":\"00:00\",\"closes\":\"00:00\"}],\"email\":\"office@bolting.eu\",\"vatID\":\"ATU59999728\",\"priceRange\":\"$$\",\"currenciesAccepted\":\"Euro\"},{\"@type\":\"PostalAddress\",\"@id\":\"https:\/\/bolting.eu\/en\/shop\/beal-7mm-reepschnur\/#local-main-place-address\",\"streetAddress\":\"Fischnalerstra\u00dfe 4\",\"addressLocality\":\"Innsbruck\",\"postalCode\":\"6020\",\"addressRegion\":\"Tirol\",\"addressCountry\":\"AT\"},{\"@type\":\"ImageObject\",\"inLanguage\":\"en-US\",\"@id\":\"https:\/\/bolting.eu\/en\/shop\/beal-7mm-reepschnur\/#local-main-organization-logo\",\"url\":\"https:\/\/bolting.eu\/wp-content\/uploads\/2019\/09\/bolting-logo.png\",\"contentUrl\":\"https:\/\/bolting.eu\/wp-content\/uploads\/2019\/09\/bolting-logo.png\",\"width\":400,\"height\":211,\"caption\":\"bolting.eu\"}]}<\/script>\n<meta property=\"product:price:amount\" content=\"1.59\" \/>\n<meta property=\"product:price:currency\" content=\"EUR\" \/>\n<meta property=\"og:availability\" content=\"instock\" \/>\n<meta property=\"product:availability\" content=\"instock\" \/>\n<meta property=\"product:retailer_item_id\" content=\"BC07.120.A\" \/>\n<meta property=\"product:condition\" content=\"new\" \/>\n<meta name=\"geo.placename\" content=\"Innsbruck\" \/>\n<meta name=\"geo.position\" content=\"47.264176340396226;11.380109057672346\" \/>\n<meta name=\"geo.region\" content=\"Austria\" \/>\n<!-- \/ Yoast SEO Premium plugin. -->","yoast_head_json":{"title":"Beal 7mm Reepschnur online kaufen beim Kletterexperten bolting.eu","description":"Hier findest Du die Beal 7mm Reepschnur. Eine vielseitige Reepschnur f\u00fcr den Alpinsport \ud83e\uddd7\ud83c\udffc\u200d\u2642\ufe0fCamping und Haushalt. Mit EN Norm 564 und 1170kg Haltekraft!","robots":{"index":"index","follow":"follow","max-snippet":"max-snippet:-1","max-image-preview":"max-image-preview:large","max-video-preview":"max-video-preview:-1"},"canonical":"https:\/\/bolting.eu\/en\/shop\/beal-7mm-reepschnur\/","og_locale":"en_US","og_type":"article","og_title":"Beal 7mm Reepschnur","og_description":"Hier findest Du die Beal 7mm Reepschnur. Eine vielseitige Reepschnur f\u00fcr den Alpinsport \ud83e\uddd7\ud83c\udffc\u200d\u2642\ufe0fCamping und Haushalt. Mit EN Norm 564 und 1170kg Haltekraft!","og_url":"https:\/\/bolting.eu\/en\/shop\/beal-7mm-reepschnur\/","og_site_name":"bolting.eu","article_publisher":"https:\/\/www.facebook.com\/bolting.eu","article_modified_time":"2026-01-26T14:24:07+00:00","og_image":[{"width":700,"height":700,"url":"https:\/\/bolting.eu\/wp-content\/uploads\/2020\/05\/Beal-7mm-Reepschnur.png","type":"image\/png"}],"twitter_card":"summary_large_image","twitter_misc":{"Price":"&euro;&nbsp;1,59","Availability":"In stock"},"schema":{"@context":"https:\/\/schema.org","@graph":[{"@type":["WebPage","ItemPage"],"@id":"https:\/\/bolting.eu\/en\/shop\/beal-7mm-reepschnur\/","url":"https:\/\/bolting.eu\/en\/shop\/beal-7mm-reepschnur\/","name":"Beal 7mm Reepschnur online kaufen beim Kletterexperten bolting.eu","isPartOf":{"@id":"https:\/\/bolting.eu\/en\/#website"},"primaryImageOfPage":{"@id":"https:\/\/bolting.eu\/en\/shop\/beal-7mm-reepschnur\/#primaryimage"},"image":{"@id":"https:\/\/bolting.eu\/en\/shop\/beal-7mm-reepschnur\/#primaryimage"},"thumbnailUrl":"https:\/\/bolting.eu\/wp-content\/uploads\/2020\/05\/Beal-7mm-Reepschnur.png","datePublished":"2020-05-24T12:03:34+00:00","dateModified":"2026-01-26T14:24:07+00:00","description":"Hier findest Du die Beal 7mm Reepschnur. Eine vielseitige Reepschnur f\u00fcr den Alpinsport \ud83e\uddd7\ud83c\udffc\u200d\u2642\ufe0fCamping und Haushalt. Mit EN Norm 564 und 1170kg Haltekraft!","breadcrumb":{"@id":"https:\/\/bolting.eu\/en\/shop\/beal-7mm-reepschnur\/#breadcrumb"},"inLanguage":"en-US","potentialAction":[{"@type":"ReadAction","target":["https:\/\/bolting.eu\/en\/shop\/beal-7mm-reepschnur\/"]}]},{"@type":"ImageObject","inLanguage":"en-US","@id":"https:\/\/bolting.eu\/en\/shop\/beal-7mm-reepschnur\/#primaryimage","url":"https:\/\/bolting.eu\/wp-content\/uploads\/2020\/05\/Beal-7mm-Reepschnur.png","contentUrl":"https:\/\/bolting.eu\/wp-content\/uploads\/2020\/05\/Beal-7mm-Reepschnur.png","width":700,"height":700,"caption":"Das Bild zeigt die Beal 7mm Reepschnur in Pink mit bunter Musterung. Die Reepschnur liegt horizontal im Bild."},{"@type":"BreadcrumbList","@id":"https:\/\/bolting.eu\/en\/shop\/beal-7mm-reepschnur\/#breadcrumb","itemListElement":[{"@type":"ListItem","position":1,"name":"Shop","item":"https:\/\/bolting.eu\/en\/shop\/"},{"@type":"ListItem","position":2,"name":"climbing equipment","item":"https:\/\/bolting.eu\/en\/produkt-kategorie\/climbing-equipment\/"},{"@type":"ListItem","position":3,"name":"Reepschnur","item":"https:\/\/bolting.eu\/produkt-kategorie\/kletterausruestung\/reepschnur\/"},{"@type":"ListItem","position":4,"name":"Beal 7mm Reepschnur"}]},{"@type":"WebSite","@id":"https:\/\/bolting.eu\/en\/#website","url":"https:\/\/bolting.eu\/en\/","name":"bolting.eu","description":"we make climbs happen","publisher":{"@id":"https:\/\/bolting.eu\/en\/#organization"},"potentialAction":[{"@type":"SearchAction","target":{"@type":"EntryPoint","urlTemplate":"https:\/\/bolting.eu\/en\/?s={search_term_string}"},"query-input":{"@type":"PropertyValueSpecification","valueRequired":true,"valueName":"search_term_string"}}],"inLanguage":"en-US"},{"@type":["Organization","Place","SportingGoodsStore"],"@id":"https:\/\/bolting.eu\/en\/#organization","name":"bolting.eu","url":"https:\/\/bolting.eu\/en\/","logo":{"@id":"https:\/\/bolting.eu\/en\/shop\/beal-7mm-reepschnur\/#local-main-organization-logo"},"image":{"@id":"https:\/\/bolting.eu\/en\/shop\/beal-7mm-reepschnur\/#local-main-organization-logo"},"sameAs":["https:\/\/www.facebook.com\/bolting.eu","https:\/\/www.instagram.com\/bolting.eu\/"],"address":{"@id":"https:\/\/bolting.eu\/en\/shop\/beal-7mm-reepschnur\/#local-main-place-address"},"geo":{"@type":"GeoCoordinates","latitude":"47.264176340396226","longitude":"11.380109057672346"},"telephone":["+43 699 19083372"],"openingHoursSpecification":[{"@type":"OpeningHoursSpecification","dayOfWeek":["Monday","Wednesday","Friday"],"opens":"14:00","closes":"18:00"},{"@type":"OpeningHoursSpecification","dayOfWeek":["Tuesday","Thursday","Saturday","Sunday"],"opens":"00:00","closes":"00:00"}],"email":"office@bolting.eu","vatID":"ATU59999728","priceRange":"$$","currenciesAccepted":"Euro"},{"@type":"PostalAddress","@id":"https:\/\/bolting.eu\/en\/shop\/beal-7mm-reepschnur\/#local-main-place-address","streetAddress":"Fischnalerstra\u00dfe 4","addressLocality":"Innsbruck","postalCode":"6020","addressRegion":"Tirol","addressCountry":"AT"},{"@type":"ImageObject","inLanguage":"en-US","@id":"https:\/\/bolting.eu\/en\/shop\/beal-7mm-reepschnur\/#local-main-organization-logo","url":"https:\/\/bolting.eu\/wp-content\/uploads\/2019\/09\/bolting-logo.png","contentUrl":"https:\/\/bolting.eu\/wp-content\/uploads\/2019\/09\/bolting-logo.png","width":400,"height":211,"caption":"bolting.eu"}]},"product_price_amount":"1.59","product_price_currency":"EUR","og_availability":"instock","product_availability":"instock","product_retailer_item_id":"BC07.120.A","product_condition":"new","geo.placename":"Innsbruck","geo.position":{"lat":"47.264176340396226","long":"11.380109057672346"},"geo.region":"Austria"},"_links":{"self":[{"href":"https:\/\/bolting.eu\/en\/wp-json\/wp\/v2\/product\/3475","targetHints":{"allow":["GET"]}}],"collection":[{"href":"https:\/\/bolting.eu\/en\/wp-json\/wp\/v2\/product"}],"about":[{"href":"https:\/\/bolting.eu\/en\/wp-json\/wp\/v2\/types\/product"}],"replies":[{"embeddable":true,"href":"https:\/\/bolting.eu\/en\/wp-json\/wp\/v2\/comments?post=3475"}],"wp:featuredmedia":[{"embeddable":true,"href":"https:\/\/bolting.eu\/en\/wp-json\/wp\/v2\/media\/3476"}],"wp:attachment":[{"href":"https:\/\/bolting.eu\/en\/wp-json\/wp\/v2\/media?parent=3475"}],"wp:term":[{"taxonomy":"product_brand","embeddable":true,"href":"https:\/\/bolting.eu\/en\/wp-json\/wp\/v2\/product_brand?post=3475"},{"taxonomy":"product_cat","embeddable":true,"href":"https:\/\/bolting.eu\/en\/wp-json\/wp\/v2\/product_cat?post=3475"},{"taxonomy":"product_tag","embeddable":true,"href":"https:\/\/bolting.eu\/en\/wp-json\/wp\/v2\/product_tag?post=3475"}],"curies":[{"name":"wp","href":"https:\/\/api.w.org\/{rel}","templated":true}]}}