{"id":3469,"date":"2020-05-24T11:13:07","date_gmt":"2020-05-24T09:13:07","guid":{"rendered":"https:\/\/bolting.eu\/?post_type=product&#038;p=3469"},"modified":"2026-04-28T10:55:20","modified_gmt":"2026-04-28T08:55:20","slug":"beal-55mm-kevlar-reepschnur","status":"publish","type":"product","link":"https:\/\/bolting.eu\/en\/shop\/beal-55mm-kevlar-reepschnur\/","title":{"rendered":"Beal 5,5mm Kevlar Reepschnur"},"content":{"rendered":"<p>Die Beal 5,5mm Kevlar Reepschnur ist ein wichtiges Kletterzubeh\u00f6r zur Alpinkletterer. Denn diese Schnur deckt zwei ganz wichtige Einsatzbereiche ab. Zum einen ist die steife Reepschnur ideal zum F\u00e4deln von Sanduhren. Ihre Bruchlast betr\u00e4gt dabei 1.500kg. Folglich kann sie auch perfekt um Felsk\u00f6pfe gelegt bzw. <a href=\"https:\/\/bolting.eu\/produkt-kategorie\/felshaken-normalhaken\/\">Felshaken &#8211; Normalhaken<\/a> abgebunden werden. Zum anderen ist die Kevlar Reepschnur die perfekte Prusikschlinge beim Abseilen. Denn ihr Schmelzpunkt liegt um die 400\u00b0C\u00b0.<\/p>\n<h2>Eigenschaften Beal 5,5mm Kevlar Reepschnur<\/h2>\n<ul>\n<li>Hersteller: <a href=\"https:\/\/bolting.eu\/produkt-kategorie\/beal\/\">Beal<\/a><\/li>\n<li>EN Norm 564<\/li>\n<li>Durchmesser: 5,5mm<\/li>\n<li>Material Mantel: Polyamid<\/li>\n<li>Material Kern: Kevlar a.k.a. Aramid<\/li>\n<li>Bruchlast: 1.500 daN (1.500 kg)<\/li>\n<li>Gewicht: 23 Gramm \/ Meter<\/li>\n<li>Rollenl\u00e4nge 50m<\/li>\n<li>ideal f\u00fcr Schlingen um Sanduhren und Felsk\u00f6pfe<\/li>\n<li>perfekte Prusikschlinge beim Abseilen<\/li>\n<li><strong>Verkaufseinheit = 1 Meter<\/strong><\/li>\n<li>immer mit doppelten Spierenstich verknoten!<\/li>\n<li>3 Farb Optionen: rein schwarz, schwarz-t\u00fcrkis und violett-blau<\/li>\n<li><strong>bitte ggf. im Bestellkommentar die einzelnen gew\u00fcnschten L\u00e4ngen angeben!<\/strong><\/li>\n<\/ul>\n<p>&nbsp;<\/p>\n<h3><span style=\"font-size: 23.04px; color: #333333;\">St\u00e4rken Beal 5,5mm Kevlar Reepschnur<\/span><\/h3>\n<p>Diese <a href=\"https:\/\/bolting.eu\/produkt-kategorie\/reepschnur\/\">Reepschnur<\/a> hat seine St\u00e4rken wie bereits erw\u00e4hnt im alpinen Bereich.<\/p>\n<p>Denn erstens ist sie sehr leicht. Der Meter kommt gerade einmal auf 23 Gramm.<\/p>\n<p>Zweitens hat das Produkt eine sehr hohe Bruchlast. Diese liegt bei 1.500kg.<\/p>\n<p>Drittens sorgt der Polyamid Mantel f\u00fcr einen starken Schutz des Kevlar Kerns. Folglich hat diese Reepschnur eine hohe Bruchlast bzw. Schnittfestigkeit. Somit kann man sie perfekt um Sanduhren f\u00e4deln sowie um Felsk\u00f6pfe legen. Der Unterschied zu Dyneema Reepschn\u00fcren ist, dass Kevlar steifer ist. D.h. Kevlar Reepschn\u00fcre sind leichter durch kleine L\u00f6cher zu f\u00e4deln. Besonders wenn es kleine L\u00f6cher zu treffen gilt. Dann sind die steifen Enden der Schnur extrem hilfreich!<\/p>\n<p>Des weiteren macht der extrem hohe Schmelzpunkt diese Schnur zur perfekten Prusik Schlinge. Denn er liegt bei 375\u00b0 bis 475\u00b0C. So schnell kann man gar nicht abseilen&#8230;<\/p>\n<p>All diese Eigenschaften machen diese Reepschnur zur perfekten Alpinschlinge. Man sollte in einer guten Alpinausr\u00fcstung 1-2 St\u00fcck dieser Schlingen mit dabei haben. Sowohl zwei k\u00fcrzere Kevlar Schlingen mit 120cm Umfang als auch 1 St\u00fcck mit 240cm Umfang. Zus\u00e4tzlich auch noch die selbe Anzahl der &#8220;weichen&#8221; Dyneema Schlingen und man ist bestens gewappnet.<\/p>\n<h3>Nachteil Beal 5,5mm Kevlar Reepschnur<\/h3>\n<p>Konstruktions- und Materialbedingt neigt diese Reepschnur zur Mantelverschiebung.<\/p>\n<h3>Doppelter Spierenstich<\/h3>\n<p>Die Beal 5,5mm Kevlar Reepschnur sollte man mit dem Doppelten Spierenstich verknoten. Denn Kevlar ist wie bereits erw\u00e4hnt relativ steif. Folglich k\u00f6nnen die Knoten leicht zum &#8220;schlupfen&#8221; kommen. Deshalb ist der doppelte Spierenstich hier die beste Empfehlung. Nur er sorgt f\u00fcr gen\u00fcgend Reibung zwischen der Oberfl\u00e4che der beiden Enden. Somit kann nichts in &#8220;Rutschen&#8221; kommen.<\/p>\n<p>&nbsp;<\/p>\n<figure id=\"attachment_613\" aria-describedby=\"caption-attachment-613\" style=\"width: 500px\" class=\"wp-caption alignnone\"><a href=\"https:\/\/bolting.eu\/wp-content\/uploads\/2019\/11\/Doppelter-Spierenstich-1.jpg\"><img loading=\"lazy\" decoding=\"async\" class=\"wp-image-613 size-full\" src=\"https:\/\/bolting.eu\/wp-content\/uploads\/2019\/11\/Doppelter-Spierenstich-1.jpg\" alt=\"Das Bild zeigt in vier schwarz-weiss Grafiken wie ein doppelter Spierenstich mit der Beal 5,5mm Dyneema Reepschnur gef\u00e4delt wird.\" width=\"500\" height=\"454\" srcset=\"https:\/\/bolting.eu\/wp-content\/uploads\/2019\/11\/Doppelter-Spierenstich-1.jpg 500w, https:\/\/bolting.eu\/wp-content\/uploads\/2019\/11\/Doppelter-Spierenstich-1-441x400.jpg 441w\" sizes=\"auto, (max-width: 500px) 100vw, 500px\" \/><\/a><figcaption id=\"caption-attachment-613\" class=\"wp-caption-text\">So wird der doppelte Spierenstich gef\u00e4delt! Quelle: bealplanet.com<\/figcaption><\/figure>\n<h3>Enden bei Beal 5,5mm Kevlar Reepschnur abgeklebt!<\/h3>\n<p>Wir liefern dieses Produkt mit abgeklebten Enden aus. Denn wir schneiden die Reepschnur mit einem Cutter ab. Ein Hitze-Schneider funktioniert bei Kevlar eben nicht. Folglich verschmelzen hier Mantel und Kern nicht. Um die Enden aber m\u00f6glichst perfekt zusammen zu halten, umwickeln wir dieses mit Klettertape.<\/p>\n<h2>Unterschied Beal 5,5mm Kevlar Reepschnur &#8211; Dyneema Reepschnur<\/h2>\n<p>Der Unterschied zur Dyneema (Polyethylen) Reepschnur ist, dass Kevlar (a.k.a. Aramid) viel steifer ist. Das macht es zum einen beim F\u00e4deln in kleinen L\u00f6chern besser. Vor allem bei tief innen liegenden Sanduhren ist die steife Kevlar Reepschnur klar im Vorteil!<br \/>\nZum anderen ist bei extrem verdrehten L\u00f6chern aber auch ein Nachteil. Hier ist die weiche Dyneema Reepschnur im Vorteil.<\/p>\n<p>Ansonsten haben sie einige gleiche Eigenschaften bis auf die ganz unterschiedlichen Schmelzpunkte.<\/p>\n<p>Schmelzpunkt Dyneema: bereits bei 145\u00b0C<br \/>\nSchmelzpunkt Kevlar: ca. 375\u00b0 &#8211; 475\u00b0 C<\/p>\n<h2>Austausch nach 3-5 Jahren<\/h2>\n<p>Die Beal 5,5,mm Kevlar Reepschnur sollte man nach 3-5 Jahren ersetzt werden. Wie jede andere Reepschnur bzw. <a href=\"https:\/\/bolting.eu\/produkt-kategorie\/bandschlinge\/\">Bandschlinge<\/a> auch. Das h\u00e4ngt nat\u00fcrlich vom Grad der Verwendung und deren Intensit\u00e4t ab. Schmutz, UV-Strahlung und oftmalige Belastung verringern die Haltekraft immer St\u00fcck f\u00fcr St\u00fcck. Da man diese Reepschnur aber als Sicherung verwendet, sollte sie eine sehr hohe Bruchlast haben. Auch wenn er immer noch relativ hoch sein sollte. Sinkt dieser unter einem bestimmten Wert, sind maximale Beanspruchungen nicht mehr m\u00f6glich. Daher. Austauschen!<\/p>\n<p>Link Tipp: einige <a href=\"http:\/\/www.alpineausbildung.at\/download\/seiltechnik_knoten.pdf\" target=\"_blank\" rel=\"noopener noreferrer\">wichtige Knoten<\/a> f\u00fcr den outdoor Bereich<\/p>\n","protected":false},"excerpt":{"rendered":"<p>5,5mm Reepschnur aus Polyamid Mantel und Kevlar a.k.a. &#8220;Aramid&#8221; Kern. Ideal f\u00fcr das F\u00e4deln von Sanduhren.<\/p>\n<p>Viel h\u00f6herer Schmelzpunkt und steifer als Dyneema. Wird deshalb von Alpinkletterern auch gerne als Schlinge zum Sanduhr f\u00e4deln und Prusik verwendet.<\/p>\n<p>Versandkostenfrei bis 2kg in <img decoding=\"async\" class=\"emoji\" role=\"img\" draggable=\"false\" src=\"https:\/\/s.w.org\/images\/core\/emoji\/14.0.0\/svg\/1f1e6-1f1f9.svg\" alt=\"\ud83c\udde6\ud83c\uddf9\" \/> ab \u20ac 100,- und <img decoding=\"async\" class=\"emoji\" role=\"img\" draggable=\"false\" src=\"https:\/\/s.w.org\/images\/core\/emoji\/14.0.0\/svg\/1f1e9-1f1ea.svg\" alt=\"\ud83c\udde9\ud83c\uddea\" \/> ab \u20ac 200,-!<\/p>\n","protected":false},"featured_media":12521,"comment_status":"open","ping_status":"closed","template":"","meta":[],"product_brand":[],"product_cat":[55,9947,4663,7760,29],"product_tag":[9946,9945],"class_list":{"0":"post-3469","1":"product","2":"type-product","3":"status-publish","4":"has-post-thumbnail","6":"product_cat-reepschnur","7":"product_cat-kevlar-reepschnur","8":"product_cat-beal","9":"product_cat-reepschnur-meterware","10":"product_cat-kletterausruestung","11":"product_tag-kevlar","12":"product_tag-aramid","14":"first","15":"instock","16":"taxable","17":"shipping-taxable","18":"purchasable","19":"product-type-variable","20":"has-default-attributes"},"yoast_head":"<!-- This site is optimized with the Yoast SEO Premium plugin v26.9 (Yoast SEO v26.9) - https:\/\/yoast.com\/product\/yoast-seo-premium-wordpress\/ -->\n<title>Beal 5,5mm Kevlar Reepschnur online kaufen | bolting.eu<\/title>\n<meta name=\"description\" content=\"Beal 5,5mm Kevlar Reepschnur beim Kletter Hardwareprofi aus Innsbruck kaufen \u2705 kostenloser Versand* \u2705 14 Tage R\u00fcckgaberecht \u2705 Co2 neutraler Versand\" \/>\n<meta name=\"robots\" content=\"index, follow, max-snippet:-1, max-image-preview:large, max-video-preview:-1\" \/>\n<link rel=\"canonical\" href=\"https:\/\/bolting.eu\/en\/shop\/beal-55mm-kevlar-reepschnur\/\" \/>\n<meta property=\"og:locale\" content=\"en_US\" \/>\n<meta property=\"og:type\" content=\"article\" \/>\n<meta property=\"og:title\" content=\"Beal 5,5mm Kevlar Reepschnur\" \/>\n<meta property=\"og:description\" content=\"Beal 5,5mm Kevlar Reepschnur beim Kletter Hardwareprofi aus Innsbruck kaufen \u2705 kostenloser Versand* \u2705 14 Tage R\u00fcckgaberecht \u2705 Co2 neutraler Versand\" \/>\n<meta property=\"og:url\" content=\"https:\/\/bolting.eu\/en\/shop\/beal-55mm-kevlar-reepschnur\/\" \/>\n<meta property=\"og:site_name\" content=\"bolting.eu\" \/>\n<meta property=\"article:publisher\" content=\"https:\/\/www.facebook.com\/bolting.eu\" \/>\n<meta property=\"article:modified_time\" content=\"2026-04-28T08:55:20+00:00\" \/>\n<meta property=\"og:image\" content=\"https:\/\/bolting.eu\/wp-content\/uploads\/2022\/07\/Beal-Kevlar-Reepschnur-55mm.jpg\" \/>\n\t<meta property=\"og:image:width\" content=\"700\" \/>\n\t<meta property=\"og:image:height\" content=\"700\" \/>\n\t<meta property=\"og:image:type\" content=\"image\/jpeg\" \/>\n<meta name=\"twitter:card\" content=\"summary_large_image\" \/>\n<meta name=\"twitter:label1\" content=\"Availability\" \/>\n\t<meta name=\"twitter:data1\" content=\"In stock\" \/>\n<script type=\"application\/ld+json\" class=\"yoast-schema-graph\">{\"@context\":\"https:\/\/schema.org\",\"@graph\":[{\"@type\":[\"WebPage\",\"ItemPage\"],\"@id\":\"https:\/\/bolting.eu\/en\/shop\/beal-55mm-kevlar-reepschnur\/\",\"url\":\"https:\/\/bolting.eu\/en\/shop\/beal-55mm-kevlar-reepschnur\/\",\"name\":\"Beal 5,5mm Kevlar Reepschnur online kaufen | bolting.eu\",\"isPartOf\":{\"@id\":\"https:\/\/bolting.eu\/en\/#website\"},\"primaryImageOfPage\":{\"@id\":\"https:\/\/bolting.eu\/en\/shop\/beal-55mm-kevlar-reepschnur\/#primaryimage\"},\"image\":{\"@id\":\"https:\/\/bolting.eu\/en\/shop\/beal-55mm-kevlar-reepschnur\/#primaryimage\"},\"thumbnailUrl\":\"https:\/\/bolting.eu\/wp-content\/uploads\/2022\/07\/Beal-Kevlar-Reepschnur-55mm.jpg\",\"datePublished\":\"2020-05-24T09:13:07+00:00\",\"dateModified\":\"2026-04-28T08:55:20+00:00\",\"description\":\"Beal 5,5mm Kevlar Reepschnur beim Kletter Hardwareprofi aus Innsbruck kaufen \u2705 kostenloser Versand* \u2705 14 Tage R\u00fcckgaberecht \u2705 Co2 neutraler Versand\",\"breadcrumb\":{\"@id\":\"https:\/\/bolting.eu\/en\/shop\/beal-55mm-kevlar-reepschnur\/#breadcrumb\"},\"inLanguage\":\"en-US\",\"potentialAction\":[{\"@type\":\"ReadAction\",\"target\":[\"https:\/\/bolting.eu\/en\/shop\/beal-55mm-kevlar-reepschnur\/\"]}]},{\"@type\":\"ImageObject\",\"inLanguage\":\"en-US\",\"@id\":\"https:\/\/bolting.eu\/en\/shop\/beal-55mm-kevlar-reepschnur\/#primaryimage\",\"url\":\"https:\/\/bolting.eu\/wp-content\/uploads\/2022\/07\/Beal-Kevlar-Reepschnur-55mm.jpg\",\"contentUrl\":\"https:\/\/bolting.eu\/wp-content\/uploads\/2022\/07\/Beal-Kevlar-Reepschnur-55mm.jpg\",\"width\":700,\"height\":700,\"caption\":\"Das Bild zeigt die violett-t\u00fcrkise Beal Kevlar Reepschnur waagrecht in einem wei\u00dfem Quadrat.\"},{\"@type\":\"BreadcrumbList\",\"@id\":\"https:\/\/bolting.eu\/en\/shop\/beal-55mm-kevlar-reepschnur\/#breadcrumb\",\"itemListElement\":[{\"@type\":\"ListItem\",\"position\":1,\"name\":\"Shop\",\"item\":\"https:\/\/bolting.eu\/en\/shop\/\"},{\"@type\":\"ListItem\",\"position\":2,\"name\":\"climbing equipment\",\"item\":\"https:\/\/bolting.eu\/en\/produkt-kategorie\/climbing-equipment\/\"},{\"@type\":\"ListItem\",\"position\":3,\"name\":\"Reepschnur\",\"item\":\"https:\/\/bolting.eu\/produkt-kategorie\/kletterausruestung\/reepschnur\/\"},{\"@type\":\"ListItem\",\"position\":4,\"name\":\"Kevlar Reepschnur\",\"item\":\"https:\/\/bolting.eu\/produkt-kategorie\/kletterausruestung\/reepschnur\/kevlar-reepschnur\/\"},{\"@type\":\"ListItem\",\"position\":5,\"name\":\"Beal 5,5mm Kevlar Reepschnur\"}]},{\"@type\":\"WebSite\",\"@id\":\"https:\/\/bolting.eu\/en\/#website\",\"url\":\"https:\/\/bolting.eu\/en\/\",\"name\":\"bolting.eu\",\"description\":\"we make climbs happen\",\"publisher\":{\"@id\":\"https:\/\/bolting.eu\/en\/#organization\"},\"potentialAction\":[{\"@type\":\"SearchAction\",\"target\":{\"@type\":\"EntryPoint\",\"urlTemplate\":\"https:\/\/bolting.eu\/en\/?s={search_term_string}\"},\"query-input\":{\"@type\":\"PropertyValueSpecification\",\"valueRequired\":true,\"valueName\":\"search_term_string\"}}],\"inLanguage\":\"en-US\"},{\"@type\":[\"Organization\",\"Place\",\"SportingGoodsStore\"],\"@id\":\"https:\/\/bolting.eu\/en\/#organization\",\"name\":\"bolting.eu\",\"url\":\"https:\/\/bolting.eu\/en\/\",\"logo\":{\"@id\":\"https:\/\/bolting.eu\/en\/shop\/beal-55mm-kevlar-reepschnur\/#local-main-organization-logo\"},\"image\":{\"@id\":\"https:\/\/bolting.eu\/en\/shop\/beal-55mm-kevlar-reepschnur\/#local-main-organization-logo\"},\"sameAs\":[\"https:\/\/www.facebook.com\/bolting.eu\",\"https:\/\/www.instagram.com\/bolting.eu\/\"],\"address\":{\"@id\":\"https:\/\/bolting.eu\/en\/shop\/beal-55mm-kevlar-reepschnur\/#local-main-place-address\"},\"geo\":{\"@type\":\"GeoCoordinates\",\"latitude\":\"47.264176340396226\",\"longitude\":\"11.380109057672346\"},\"telephone\":[\"+43 699 19083372\"],\"openingHoursSpecification\":[{\"@type\":\"OpeningHoursSpecification\",\"dayOfWeek\":[\"Monday\",\"Wednesday\",\"Friday\"],\"opens\":\"14:00\",\"closes\":\"18:00\"},{\"@type\":\"OpeningHoursSpecification\",\"dayOfWeek\":[\"Tuesday\",\"Thursday\",\"Saturday\",\"Sunday\"],\"opens\":\"00:00\",\"closes\":\"00:00\"}],\"email\":\"office@bolting.eu\",\"vatID\":\"ATU59999728\",\"priceRange\":\"$$\",\"currenciesAccepted\":\"Euro\"},{\"@type\":\"PostalAddress\",\"@id\":\"https:\/\/bolting.eu\/en\/shop\/beal-55mm-kevlar-reepschnur\/#local-main-place-address\",\"streetAddress\":\"Fischnalerstra\u00dfe 4\",\"addressLocality\":\"Innsbruck\",\"postalCode\":\"6020\",\"addressRegion\":\"Tirol\",\"addressCountry\":\"AT\"},{\"@type\":\"ImageObject\",\"inLanguage\":\"en-US\",\"@id\":\"https:\/\/bolting.eu\/en\/shop\/beal-55mm-kevlar-reepschnur\/#local-main-organization-logo\",\"url\":\"https:\/\/bolting.eu\/wp-content\/uploads\/2019\/09\/bolting-logo.png\",\"contentUrl\":\"https:\/\/bolting.eu\/wp-content\/uploads\/2019\/09\/bolting-logo.png\",\"width\":400,\"height\":211,\"caption\":\"bolting.eu\"}]}<\/script>\n<meta property=\"og:availability\" content=\"instock\" \/>\n<meta property=\"product:availability\" content=\"instock\" \/>\n<meta property=\"product:retailer_item_id\" content=\"BC055K.50.B\" \/>\n<meta property=\"product:condition\" content=\"new\" \/>\n<meta name=\"geo.placename\" content=\"Innsbruck\" \/>\n<meta name=\"geo.position\" content=\"47.264176340396226;11.380109057672346\" \/>\n<meta name=\"geo.region\" content=\"Austria\" \/>\n<!-- \/ Yoast SEO Premium plugin. -->","yoast_head_json":{"title":"Beal 5,5mm Kevlar Reepschnur online kaufen | bolting.eu","description":"Beal 5,5mm Kevlar Reepschnur beim Kletter Hardwareprofi aus Innsbruck kaufen \u2705 kostenloser Versand* \u2705 14 Tage R\u00fcckgaberecht \u2705 Co2 neutraler Versand","robots":{"index":"index","follow":"follow","max-snippet":"max-snippet:-1","max-image-preview":"max-image-preview:large","max-video-preview":"max-video-preview:-1"},"canonical":"https:\/\/bolting.eu\/en\/shop\/beal-55mm-kevlar-reepschnur\/","og_locale":"en_US","og_type":"article","og_title":"Beal 5,5mm Kevlar Reepschnur","og_description":"Beal 5,5mm Kevlar Reepschnur beim Kletter Hardwareprofi aus Innsbruck kaufen \u2705 kostenloser Versand* \u2705 14 Tage R\u00fcckgaberecht \u2705 Co2 neutraler Versand","og_url":"https:\/\/bolting.eu\/en\/shop\/beal-55mm-kevlar-reepschnur\/","og_site_name":"bolting.eu","article_publisher":"https:\/\/www.facebook.com\/bolting.eu","article_modified_time":"2026-04-28T08:55:20+00:00","og_image":[{"width":700,"height":700,"url":"https:\/\/bolting.eu\/wp-content\/uploads\/2022\/07\/Beal-Kevlar-Reepschnur-55mm.jpg","type":"image\/jpeg"}],"twitter_card":"summary_large_image","twitter_misc":{"Availability":"In stock"},"schema":{"@context":"https:\/\/schema.org","@graph":[{"@type":["WebPage","ItemPage"],"@id":"https:\/\/bolting.eu\/en\/shop\/beal-55mm-kevlar-reepschnur\/","url":"https:\/\/bolting.eu\/en\/shop\/beal-55mm-kevlar-reepschnur\/","name":"Beal 5,5mm Kevlar Reepschnur online kaufen | bolting.eu","isPartOf":{"@id":"https:\/\/bolting.eu\/en\/#website"},"primaryImageOfPage":{"@id":"https:\/\/bolting.eu\/en\/shop\/beal-55mm-kevlar-reepschnur\/#primaryimage"},"image":{"@id":"https:\/\/bolting.eu\/en\/shop\/beal-55mm-kevlar-reepschnur\/#primaryimage"},"thumbnailUrl":"https:\/\/bolting.eu\/wp-content\/uploads\/2022\/07\/Beal-Kevlar-Reepschnur-55mm.jpg","datePublished":"2020-05-24T09:13:07+00:00","dateModified":"2026-04-28T08:55:20+00:00","description":"Beal 5,5mm Kevlar Reepschnur beim Kletter Hardwareprofi aus Innsbruck kaufen \u2705 kostenloser Versand* \u2705 14 Tage R\u00fcckgaberecht \u2705 Co2 neutraler Versand","breadcrumb":{"@id":"https:\/\/bolting.eu\/en\/shop\/beal-55mm-kevlar-reepschnur\/#breadcrumb"},"inLanguage":"en-US","potentialAction":[{"@type":"ReadAction","target":["https:\/\/bolting.eu\/en\/shop\/beal-55mm-kevlar-reepschnur\/"]}]},{"@type":"ImageObject","inLanguage":"en-US","@id":"https:\/\/bolting.eu\/en\/shop\/beal-55mm-kevlar-reepschnur\/#primaryimage","url":"https:\/\/bolting.eu\/wp-content\/uploads\/2022\/07\/Beal-Kevlar-Reepschnur-55mm.jpg","contentUrl":"https:\/\/bolting.eu\/wp-content\/uploads\/2022\/07\/Beal-Kevlar-Reepschnur-55mm.jpg","width":700,"height":700,"caption":"Das Bild zeigt die violett-t\u00fcrkise Beal Kevlar Reepschnur waagrecht in einem wei\u00dfem Quadrat."},{"@type":"BreadcrumbList","@id":"https:\/\/bolting.eu\/en\/shop\/beal-55mm-kevlar-reepschnur\/#breadcrumb","itemListElement":[{"@type":"ListItem","position":1,"name":"Shop","item":"https:\/\/bolting.eu\/en\/shop\/"},{"@type":"ListItem","position":2,"name":"climbing equipment","item":"https:\/\/bolting.eu\/en\/produkt-kategorie\/climbing-equipment\/"},{"@type":"ListItem","position":3,"name":"Reepschnur","item":"https:\/\/bolting.eu\/produkt-kategorie\/kletterausruestung\/reepschnur\/"},{"@type":"ListItem","position":4,"name":"Kevlar Reepschnur","item":"https:\/\/bolting.eu\/produkt-kategorie\/kletterausruestung\/reepschnur\/kevlar-reepschnur\/"},{"@type":"ListItem","position":5,"name":"Beal 5,5mm Kevlar Reepschnur"}]},{"@type":"WebSite","@id":"https:\/\/bolting.eu\/en\/#website","url":"https:\/\/bolting.eu\/en\/","name":"bolting.eu","description":"we make climbs happen","publisher":{"@id":"https:\/\/bolting.eu\/en\/#organization"},"potentialAction":[{"@type":"SearchAction","target":{"@type":"EntryPoint","urlTemplate":"https:\/\/bolting.eu\/en\/?s={search_term_string}"},"query-input":{"@type":"PropertyValueSpecification","valueRequired":true,"valueName":"search_term_string"}}],"inLanguage":"en-US"},{"@type":["Organization","Place","SportingGoodsStore"],"@id":"https:\/\/bolting.eu\/en\/#organization","name":"bolting.eu","url":"https:\/\/bolting.eu\/en\/","logo":{"@id":"https:\/\/bolting.eu\/en\/shop\/beal-55mm-kevlar-reepschnur\/#local-main-organization-logo"},"image":{"@id":"https:\/\/bolting.eu\/en\/shop\/beal-55mm-kevlar-reepschnur\/#local-main-organization-logo"},"sameAs":["https:\/\/www.facebook.com\/bolting.eu","https:\/\/www.instagram.com\/bolting.eu\/"],"address":{"@id":"https:\/\/bolting.eu\/en\/shop\/beal-55mm-kevlar-reepschnur\/#local-main-place-address"},"geo":{"@type":"GeoCoordinates","latitude":"47.264176340396226","longitude":"11.380109057672346"},"telephone":["+43 699 19083372"],"openingHoursSpecification":[{"@type":"OpeningHoursSpecification","dayOfWeek":["Monday","Wednesday","Friday"],"opens":"14:00","closes":"18:00"},{"@type":"OpeningHoursSpecification","dayOfWeek":["Tuesday","Thursday","Saturday","Sunday"],"opens":"00:00","closes":"00:00"}],"email":"office@bolting.eu","vatID":"ATU59999728","priceRange":"$$","currenciesAccepted":"Euro"},{"@type":"PostalAddress","@id":"https:\/\/bolting.eu\/en\/shop\/beal-55mm-kevlar-reepschnur\/#local-main-place-address","streetAddress":"Fischnalerstra\u00dfe 4","addressLocality":"Innsbruck","postalCode":"6020","addressRegion":"Tirol","addressCountry":"AT"},{"@type":"ImageObject","inLanguage":"en-US","@id":"https:\/\/bolting.eu\/en\/shop\/beal-55mm-kevlar-reepschnur\/#local-main-organization-logo","url":"https:\/\/bolting.eu\/wp-content\/uploads\/2019\/09\/bolting-logo.png","contentUrl":"https:\/\/bolting.eu\/wp-content\/uploads\/2019\/09\/bolting-logo.png","width":400,"height":211,"caption":"bolting.eu"}]},"og_availability":"instock","product_availability":"instock","product_retailer_item_id":"BC055K.50.B","product_condition":"new","geo.placename":"Innsbruck","geo.position":{"lat":"47.264176340396226","long":"11.380109057672346"},"geo.region":"Austria"},"_links":{"self":[{"href":"https:\/\/bolting.eu\/en\/wp-json\/wp\/v2\/product\/3469","targetHints":{"allow":["GET"]}}],"collection":[{"href":"https:\/\/bolting.eu\/en\/wp-json\/wp\/v2\/product"}],"about":[{"href":"https:\/\/bolting.eu\/en\/wp-json\/wp\/v2\/types\/product"}],"replies":[{"embeddable":true,"href":"https:\/\/bolting.eu\/en\/wp-json\/wp\/v2\/comments?post=3469"}],"wp:featuredmedia":[{"embeddable":true,"href":"https:\/\/bolting.eu\/en\/wp-json\/wp\/v2\/media\/12521"}],"wp:attachment":[{"href":"https:\/\/bolting.eu\/en\/wp-json\/wp\/v2\/media?parent=3469"}],"wp:term":[{"taxonomy":"product_brand","embeddable":true,"href":"https:\/\/bolting.eu\/en\/wp-json\/wp\/v2\/product_brand?post=3469"},{"taxonomy":"product_cat","embeddable":true,"href":"https:\/\/bolting.eu\/en\/wp-json\/wp\/v2\/product_cat?post=3469"},{"taxonomy":"product_tag","embeddable":true,"href":"https:\/\/bolting.eu\/en\/wp-json\/wp\/v2\/product_tag?post=3469"}],"curies":[{"name":"wp","href":"https:\/\/api.w.org\/{rel}","templated":true}]}}