{"id":3465,"date":"2020-05-24T10:25:23","date_gmt":"2020-05-24T08:25:23","guid":{"rendered":"https:\/\/bolting.eu\/?post_type=product&#038;p=3465"},"modified":"2026-04-20T14:32:21","modified_gmt":"2026-04-20T12:32:21","slug":"beal-55mm-dyneema-reepschnur","status":"publish","type":"product","link":"https:\/\/bolting.eu\/en\/shop\/beal-55mm-dyneema-reepschnur\/","title":{"rendered":"Beal 5,5mm Dyneema Reepschnur"},"content":{"rendered":"<p>Die Beal 5,5mm <a href=\"https:\/\/bolting.eu\/produkt-kategorie\/kletterausruestung\/reepschnur\/dyneema-reepschnur\/\">Dyneema Reepschnur<\/a> ist ein essentielles Kletterzubeh\u00f6r zur Alpinkletterer und Speleologen. Denn mit der extrem schnitt- und rei\u00dffesten Schnur lassen sich perfekt Sicherungen und Standpl\u00e4tze an Sanduhren, Sinter und Felsk\u00f6pfen anbringen. \u00dcberdies kann man <a href=\"https:\/\/bolting.eu\/produkt-kategorie\/felshaken-normalhaken\/\">Felshaken &#8211; Normalhaken<\/a> bedenkenlos damit abbinden. Dabei betr\u00e4gt die Bruchlast 2.000kg. Nur zum Vergleich. Eine normale Polyamid Reepschnur ist auf 600kg ausgelegt. Zudem ist die Reepschnur sehr leicht. Sie wiegt gerade einmal 20 Gramm pro Meter.<\/p>\n<h2>Eigenschaften Beal 5,5mm Dyneema Reepschnur<\/h2>\n<ul>\n<li>Hersteller: <a href=\"https:\/\/bolting.eu\/produkt-kategorie\/beal\/\">Beal<\/a><\/li>\n<li>EN Norm 564<\/li>\n<li>Durchmesser: 5,5mm<\/li>\n<li>Material <strong>Kern: Dyneema (Polyethylen)<\/strong><\/li>\n<li>Material <strong>Mantel: Polyamid<\/strong><\/li>\n<li>Bruchlast: 2.000 daN (kg<\/li>\n<li>Gewicht: 20 Gramm \/ Meter<\/li>\n<li>Rollenl\u00e4nge 50m<\/li>\n<li>ideal f\u00fcr Schlingen um Sanduhren und Felsk\u00f6pfe<\/li>\n<li><strong>Verkaufseinheit = 1 Meter<\/strong><\/li>\n<\/ul>\n<p>Bitte gebt ggf. im Bestellkommentar beim Check-Out an, wie ihr eure Reepschn\u00fcre haben wollt. Lasst uns wissen, wie viele St\u00fcck in welcher L\u00e4nge ihr ggf. haben wollt, oder ob es eine einzige Schnur sein soll!<\/p>\n<h3><span style=\"font-size: 23.04px; color: #333333;\">St\u00e4rken Beal 5,5mm Dyneema Reepschnur<\/span><\/h3>\n<p>Diese Reepschnur hat seine St\u00e4rken wie bereits erw\u00e4hnt im alpinen Bereich.<\/p>\n<p>Denn erstens ist sie sehr leicht. Der Meter kommt gerade einmal auf 20 Gramm.<\/p>\n<p>Zweitens hat das Produkt eine sehr hohe Bruchlast. Diese liegt bei 2.000kg. Interne Tests von Beal (mit dreifachem Spierenstich geknotet!) ergaben sogar 2.000 kg Bruchlast.<\/p>\n<p>Drittens sch\u00fctzt der Polyamid Mantel der Reepschnur den extrem schnittfesten <strong>Dyneema Kern<\/strong>. Folglich kann man sie bedenkenlos um Sanduhren f\u00e4deln sowie um Felsk\u00f6pfe legen. Der Unterschied zu Kevlar Reepschn\u00fcren ist, dass Dyneema weicher ist. D.h. dieses Material l\u00e4sst sich viel leichter biegen.<\/p>\n<p>All diese Eigenschaften machen diese Schnur zur perfekten Alpinschlinge. Man sollte in einer guten Alpinausr\u00fcstung 1-2 St\u00fcck dieser Schlingen mit dabei haben. Sowohl zwei k\u00fcrzere mit 120cm Umfang als auch 1 St\u00fcck mit 240cm Umfang. Zus\u00e4tzlich auch noch die selbe Anzahl der &#8220;steifen&#8221; Kevlar Schlingen und man ist bestens gewappnet.<\/p>\n<h3>Unterschied Beal 5,5mm Dyneema Reepschnur &#8211; Kevlar Reepschnur<\/h3>\n<p>Der Unterschied zur Kevlar (aka. &#8220;Aramid&#8221;) Reepschnur ist, dass Dyneema (mit Polyamid Mantel) viel weicher ist. Das macht sie zum einen beim F\u00e4deln in extrem unf\u00f6rmigen L\u00f6chern besser. Zum anderen ist das bei L\u00f6chern wo man wie bei einer Nadel exakt &#8220;einf\u00e4deln&#8221; will, ein Nachteil. Hier ist die steife Kevlar Reepschnur im Vorteil.<\/p>\n<p>Ansonsten haben sie einige gleiche Eigenschaften bis auf die ganz unterschiedlichen Schmelzpunkte.<\/p>\n<p>Schmelzpunkt Dyneema: bereits bei 145\u00b0C<br \/>\nSchmelzpunkt Kevlar: ca. 375\u00b0 &#8211; 475\u00b0 C<\/p>\n<h3>Unterschied zur Beal 5mm pure Dyneema Reepschnur<\/h3>\n<p>Die Beal 5,5mm Dyneema Reepschnur ist sich sehr \u00e4hnlich mit der 5mm pure Dyneema Variante. Aber eben nicht gleich. Die pure Dyneema Variante ist zur G\u00e4nze aus Dyneema. D.h. Mantel und Kern! Folglich ist sie mit 15 Gramm \/ Meter noch leichter. Zudem ist die Bruchlast mit 1.200kg etwas geringer. Sie wird vor allem f\u00fcr Trittschlingen in der Speleologie eingesetzt. Dar\u00fcber hinaus aber auch als Back-Up Standplatz bei Abseilstellen und in Jumar Strecken.<\/p>\n<h3>Austausch nach 3-5 Jahren<\/h3>\n<p>Die Beal 5,5,mm Dyneema Reepschnur sollte man nach 3-5 Jahren ersetzt werden. Wie jede andere Reepschnur bzw. <a href=\"https:\/\/bolting.eu\/produkt-kategorie\/bandschlinge\/\">Bandschlinge<\/a> auch. Das h\u00e4ngt nat\u00fcrlich vom Grad der Verwendung und deren Intensit\u00e4t ab. Schmutz, UV-Strahlung und oftmalige Belastung verringern die Haltekraft immer St\u00fcck f\u00fcr St\u00fcck. Da man diese Reepschnur aber als Sicherung verwendet, sollte sie eine sehr hohe Bruchlast haben. Auch wenn er immer noch relativ hoch sein sollte. Sinkt dieser unter einem bestimmten Wert, sind maximale Beanspruchungen nicht mehr m\u00f6glich. Daher. Austauschen!<\/p>\n<p>Link Tipp: einige <a href=\"http:\/\/www.alpineausbildung.at\/download\/seiltechnik_knoten.pdf\" target=\"_blank\" rel=\"noopener noreferrer\">wichtige Knoten<\/a> f\u00fcr den outdoor Bereich<\/p>\n","protected":false},"excerpt":{"rendered":"<p>5,5mm Reepschnur mit Dyneema Kern und Polyamid Mantel. Ideal zum F\u00e4deln f\u00fcr Sanduhren und f\u00fcr Standplatzbau.<\/p>\n<p>Extrem hohe Schnittfestigkeit und Bruchlast von 2.000 kg.<\/p>\n<p><strong>Verkaufseinheit = 1 Meter, spezielle L\u00e4ngenw\u00fcnsche bitte in Bestellkommentaren angeben!<\/strong><\/p>\n<p>Versandkostenfrei bis 2kg in <img decoding=\"async\" class=\"emoji\" role=\"img\" draggable=\"false\" src=\"https:\/\/s.w.org\/images\/core\/emoji\/14.0.0\/svg\/1f1e6-1f1f9.svg\" alt=\"\ud83c\udde6\ud83c\uddf9\" \/> ab \u20ac 100,- und <img decoding=\"async\" class=\"emoji\" role=\"img\" draggable=\"false\" src=\"https:\/\/s.w.org\/images\/core\/emoji\/14.0.0\/svg\/1f1e9-1f1ea.svg\" alt=\"\ud83c\udde9\ud83c\uddea\" \/> ab \u20ac 200,-!<\/p>\n","protected":false},"featured_media":3466,"comment_status":"open","ping_status":"closed","template":"","meta":[],"product_brand":[],"product_cat":[4663,7760,9500,29,55],"product_tag":[7730],"class_list":{"0":"post-3465","1":"product","2":"type-product","3":"status-publish","4":"has-post-thumbnail","6":"product_cat-beal","7":"product_cat-reepschnur-meterware","8":"product_cat-dyneema-reepschnur","9":"product_cat-kletterausruestung","10":"product_cat-reepschnur","11":"product_tag-dyneema","13":"first","14":"outofstock","15":"taxable","16":"shipping-taxable","17":"purchasable","18":"product-type-simple"},"yoast_head":"<!-- This site is optimized with the Yoast SEO Premium plugin v26.9 (Yoast SEO v26.9) - https:\/\/yoast.com\/product\/yoast-seo-premium-wordpress\/ -->\n<title>Beal 5,5mm Dyneema Reepschnur online kaufen bei bolting.eu<\/title>\n<meta name=\"description\" content=\"Beal 5,5mm Dyneema Reepschnur beim Kletterprofi aus Innsbruck kaufen \u2705 kostenloser Versand* \u2705 14 Tage R\u00fcckgaberecht \u2705 Co2 neutraler Versand\" \/>\n<meta name=\"robots\" content=\"index, follow, max-snippet:-1, max-image-preview:large, max-video-preview:-1\" \/>\n<link rel=\"canonical\" href=\"https:\/\/bolting.eu\/en\/shop\/beal-55mm-dyneema-reepschnur\/\" \/>\n<meta property=\"og:locale\" content=\"en_US\" \/>\n<meta property=\"og:type\" content=\"article\" \/>\n<meta property=\"og:title\" content=\"Beal 5,5mm Dyneema Reepschnur\" \/>\n<meta property=\"og:description\" content=\"Beal 5,5mm Dyneema Reepschnur beim Kletterprofi aus Innsbruck kaufen \u2705 kostenloser Versand* \u2705 14 Tage R\u00fcckgaberecht \u2705 Co2 neutraler Versand\" \/>\n<meta property=\"og:url\" content=\"https:\/\/bolting.eu\/en\/shop\/beal-55mm-dyneema-reepschnur\/\" \/>\n<meta property=\"og:site_name\" content=\"bolting.eu\" \/>\n<meta property=\"article:publisher\" content=\"https:\/\/www.facebook.com\/bolting.eu\" \/>\n<meta property=\"article:modified_time\" content=\"2026-04-20T12:32:21+00:00\" \/>\n<meta property=\"og:image\" content=\"https:\/\/bolting.eu\/wp-content\/uploads\/2020\/05\/Beal-55mm-Dyneema-Reepschnur.png\" \/>\n\t<meta property=\"og:image:width\" content=\"700\" \/>\n\t<meta property=\"og:image:height\" content=\"700\" \/>\n\t<meta property=\"og:image:type\" content=\"image\/png\" \/>\n<meta name=\"twitter:card\" content=\"summary_large_image\" \/>\n<meta name=\"twitter:label1\" content=\"Price\" \/>\n\t<meta name=\"twitter:data1\" content=\"&euro;&nbsp;3,90\" \/>\n\t<meta name=\"twitter:label2\" content=\"Availability\" \/>\n\t<meta name=\"twitter:data2\" content=\"Out of stock\" \/>\n<script type=\"application\/ld+json\" class=\"yoast-schema-graph\">{\"@context\":\"https:\/\/schema.org\",\"@graph\":[{\"@type\":[\"WebPage\",\"ItemPage\"],\"@id\":\"https:\/\/bolting.eu\/en\/shop\/beal-55mm-dyneema-reepschnur\/\",\"url\":\"https:\/\/bolting.eu\/en\/shop\/beal-55mm-dyneema-reepschnur\/\",\"name\":\"Beal 5,5mm Dyneema Reepschnur online kaufen bei bolting.eu\",\"isPartOf\":{\"@id\":\"https:\/\/bolting.eu\/en\/#website\"},\"primaryImageOfPage\":{\"@id\":\"https:\/\/bolting.eu\/en\/shop\/beal-55mm-dyneema-reepschnur\/#primaryimage\"},\"image\":{\"@id\":\"https:\/\/bolting.eu\/en\/shop\/beal-55mm-dyneema-reepschnur\/#primaryimage\"},\"thumbnailUrl\":\"https:\/\/bolting.eu\/wp-content\/uploads\/2020\/05\/Beal-55mm-Dyneema-Reepschnur.png\",\"datePublished\":\"2020-05-24T08:25:23+00:00\",\"dateModified\":\"2026-04-20T12:32:21+00:00\",\"description\":\"Beal 5,5mm Dyneema Reepschnur beim Kletterprofi aus Innsbruck kaufen \u2705 kostenloser Versand* \u2705 14 Tage R\u00fcckgaberecht \u2705 Co2 neutraler Versand\",\"breadcrumb\":{\"@id\":\"https:\/\/bolting.eu\/en\/shop\/beal-55mm-dyneema-reepschnur\/#breadcrumb\"},\"inLanguage\":\"en-US\",\"potentialAction\":[{\"@type\":\"ReadAction\",\"target\":[\"https:\/\/bolting.eu\/en\/shop\/beal-55mm-dyneema-reepschnur\/\"]}]},{\"@type\":\"ImageObject\",\"inLanguage\":\"en-US\",\"@id\":\"https:\/\/bolting.eu\/en\/shop\/beal-55mm-dyneema-reepschnur\/#primaryimage\",\"url\":\"https:\/\/bolting.eu\/wp-content\/uploads\/2020\/05\/Beal-55mm-Dyneema-Reepschnur.png\",\"contentUrl\":\"https:\/\/bolting.eu\/wp-content\/uploads\/2020\/05\/Beal-55mm-Dyneema-Reepschnur.png\",\"width\":700,\"height\":700,\"caption\":\"Das Bild zeigt eine Beal 5,5mm Dyneema Reepschnur. Die blaue Schnur ist horizontal in Bildmitte zu sehen.\"},{\"@type\":\"BreadcrumbList\",\"@id\":\"https:\/\/bolting.eu\/en\/shop\/beal-55mm-dyneema-reepschnur\/#breadcrumb\",\"itemListElement\":[{\"@type\":\"ListItem\",\"position\":1,\"name\":\"Shop\",\"item\":\"https:\/\/bolting.eu\/en\/shop\/\"},{\"@type\":\"ListItem\",\"position\":2,\"name\":\"climbing equipment\",\"item\":\"https:\/\/bolting.eu\/en\/produkt-kategorie\/climbing-equipment\/\"},{\"@type\":\"ListItem\",\"position\":3,\"name\":\"Reepschnur\",\"item\":\"https:\/\/bolting.eu\/produkt-kategorie\/kletterausruestung\/reepschnur\/\"},{\"@type\":\"ListItem\",\"position\":4,\"name\":\"Beal 5,5mm Dyneema Reepschnur\"}]},{\"@type\":\"WebSite\",\"@id\":\"https:\/\/bolting.eu\/en\/#website\",\"url\":\"https:\/\/bolting.eu\/en\/\",\"name\":\"bolting.eu\",\"description\":\"we make climbs happen\",\"publisher\":{\"@id\":\"https:\/\/bolting.eu\/en\/#organization\"},\"potentialAction\":[{\"@type\":\"SearchAction\",\"target\":{\"@type\":\"EntryPoint\",\"urlTemplate\":\"https:\/\/bolting.eu\/en\/?s={search_term_string}\"},\"query-input\":{\"@type\":\"PropertyValueSpecification\",\"valueRequired\":true,\"valueName\":\"search_term_string\"}}],\"inLanguage\":\"en-US\"},{\"@type\":[\"Organization\",\"Place\",\"SportingGoodsStore\"],\"@id\":\"https:\/\/bolting.eu\/en\/#organization\",\"name\":\"bolting.eu\",\"url\":\"https:\/\/bolting.eu\/en\/\",\"logo\":{\"@id\":\"https:\/\/bolting.eu\/en\/shop\/beal-55mm-dyneema-reepschnur\/#local-main-organization-logo\"},\"image\":{\"@id\":\"https:\/\/bolting.eu\/en\/shop\/beal-55mm-dyneema-reepschnur\/#local-main-organization-logo\"},\"sameAs\":[\"https:\/\/www.facebook.com\/bolting.eu\",\"https:\/\/www.instagram.com\/bolting.eu\/\"],\"address\":{\"@id\":\"https:\/\/bolting.eu\/en\/shop\/beal-55mm-dyneema-reepschnur\/#local-main-place-address\"},\"geo\":{\"@type\":\"GeoCoordinates\",\"latitude\":\"47.264176340396226\",\"longitude\":\"11.380109057672346\"},\"telephone\":[\"+43 699 19083372\"],\"openingHoursSpecification\":[{\"@type\":\"OpeningHoursSpecification\",\"dayOfWeek\":[\"Monday\",\"Wednesday\",\"Friday\"],\"opens\":\"14:00\",\"closes\":\"18:00\"},{\"@type\":\"OpeningHoursSpecification\",\"dayOfWeek\":[\"Tuesday\",\"Thursday\",\"Saturday\",\"Sunday\"],\"opens\":\"00:00\",\"closes\":\"00:00\"}],\"email\":\"office@bolting.eu\",\"vatID\":\"ATU59999728\",\"priceRange\":\"$$\",\"currenciesAccepted\":\"Euro\"},{\"@type\":\"PostalAddress\",\"@id\":\"https:\/\/bolting.eu\/en\/shop\/beal-55mm-dyneema-reepschnur\/#local-main-place-address\",\"streetAddress\":\"Fischnalerstra\u00dfe 4\",\"addressLocality\":\"Innsbruck\",\"postalCode\":\"6020\",\"addressRegion\":\"Tirol\",\"addressCountry\":\"AT\"},{\"@type\":\"ImageObject\",\"inLanguage\":\"en-US\",\"@id\":\"https:\/\/bolting.eu\/en\/shop\/beal-55mm-dyneema-reepschnur\/#local-main-organization-logo\",\"url\":\"https:\/\/bolting.eu\/wp-content\/uploads\/2019\/09\/bolting-logo.png\",\"contentUrl\":\"https:\/\/bolting.eu\/wp-content\/uploads\/2019\/09\/bolting-logo.png\",\"width\":400,\"height\":211,\"caption\":\"bolting.eu\"}]}<\/script>\n<meta property=\"product:price:amount\" content=\"3.90\" \/>\n<meta property=\"product:price:currency\" content=\"EUR\" \/>\n<meta property=\"og:availability\" content=\"out of stock\" \/>\n<meta property=\"product:availability\" content=\"out of stock\" \/>\n<meta property=\"product:retailer_item_id\" content=\"BC055DYN.50.B\" \/>\n<meta property=\"product:condition\" content=\"new\" \/>\n<meta name=\"geo.placename\" content=\"Innsbruck\" \/>\n<meta name=\"geo.position\" content=\"47.264176340396226;11.380109057672346\" \/>\n<meta name=\"geo.region\" content=\"Austria\" \/>\n<!-- \/ Yoast SEO Premium plugin. -->","yoast_head_json":{"title":"Beal 5,5mm Dyneema Reepschnur online kaufen bei bolting.eu","description":"Beal 5,5mm Dyneema Reepschnur beim Kletterprofi aus Innsbruck kaufen \u2705 kostenloser Versand* \u2705 14 Tage R\u00fcckgaberecht \u2705 Co2 neutraler Versand","robots":{"index":"index","follow":"follow","max-snippet":"max-snippet:-1","max-image-preview":"max-image-preview:large","max-video-preview":"max-video-preview:-1"},"canonical":"https:\/\/bolting.eu\/en\/shop\/beal-55mm-dyneema-reepschnur\/","og_locale":"en_US","og_type":"article","og_title":"Beal 5,5mm Dyneema Reepschnur","og_description":"Beal 5,5mm Dyneema Reepschnur beim Kletterprofi aus Innsbruck kaufen \u2705 kostenloser Versand* \u2705 14 Tage R\u00fcckgaberecht \u2705 Co2 neutraler Versand","og_url":"https:\/\/bolting.eu\/en\/shop\/beal-55mm-dyneema-reepschnur\/","og_site_name":"bolting.eu","article_publisher":"https:\/\/www.facebook.com\/bolting.eu","article_modified_time":"2026-04-20T12:32:21+00:00","og_image":[{"width":700,"height":700,"url":"https:\/\/bolting.eu\/wp-content\/uploads\/2020\/05\/Beal-55mm-Dyneema-Reepschnur.png","type":"image\/png"}],"twitter_card":"summary_large_image","twitter_misc":{"Price":"&euro;&nbsp;3,90","Availability":"Out of stock"},"schema":{"@context":"https:\/\/schema.org","@graph":[{"@type":["WebPage","ItemPage"],"@id":"https:\/\/bolting.eu\/en\/shop\/beal-55mm-dyneema-reepschnur\/","url":"https:\/\/bolting.eu\/en\/shop\/beal-55mm-dyneema-reepschnur\/","name":"Beal 5,5mm Dyneema Reepschnur online kaufen bei bolting.eu","isPartOf":{"@id":"https:\/\/bolting.eu\/en\/#website"},"primaryImageOfPage":{"@id":"https:\/\/bolting.eu\/en\/shop\/beal-55mm-dyneema-reepschnur\/#primaryimage"},"image":{"@id":"https:\/\/bolting.eu\/en\/shop\/beal-55mm-dyneema-reepschnur\/#primaryimage"},"thumbnailUrl":"https:\/\/bolting.eu\/wp-content\/uploads\/2020\/05\/Beal-55mm-Dyneema-Reepschnur.png","datePublished":"2020-05-24T08:25:23+00:00","dateModified":"2026-04-20T12:32:21+00:00","description":"Beal 5,5mm Dyneema Reepschnur beim Kletterprofi aus Innsbruck kaufen \u2705 kostenloser Versand* \u2705 14 Tage R\u00fcckgaberecht \u2705 Co2 neutraler Versand","breadcrumb":{"@id":"https:\/\/bolting.eu\/en\/shop\/beal-55mm-dyneema-reepschnur\/#breadcrumb"},"inLanguage":"en-US","potentialAction":[{"@type":"ReadAction","target":["https:\/\/bolting.eu\/en\/shop\/beal-55mm-dyneema-reepschnur\/"]}]},{"@type":"ImageObject","inLanguage":"en-US","@id":"https:\/\/bolting.eu\/en\/shop\/beal-55mm-dyneema-reepschnur\/#primaryimage","url":"https:\/\/bolting.eu\/wp-content\/uploads\/2020\/05\/Beal-55mm-Dyneema-Reepschnur.png","contentUrl":"https:\/\/bolting.eu\/wp-content\/uploads\/2020\/05\/Beal-55mm-Dyneema-Reepschnur.png","width":700,"height":700,"caption":"Das Bild zeigt eine Beal 5,5mm Dyneema Reepschnur. Die blaue Schnur ist horizontal in Bildmitte zu sehen."},{"@type":"BreadcrumbList","@id":"https:\/\/bolting.eu\/en\/shop\/beal-55mm-dyneema-reepschnur\/#breadcrumb","itemListElement":[{"@type":"ListItem","position":1,"name":"Shop","item":"https:\/\/bolting.eu\/en\/shop\/"},{"@type":"ListItem","position":2,"name":"climbing equipment","item":"https:\/\/bolting.eu\/en\/produkt-kategorie\/climbing-equipment\/"},{"@type":"ListItem","position":3,"name":"Reepschnur","item":"https:\/\/bolting.eu\/produkt-kategorie\/kletterausruestung\/reepschnur\/"},{"@type":"ListItem","position":4,"name":"Beal 5,5mm Dyneema Reepschnur"}]},{"@type":"WebSite","@id":"https:\/\/bolting.eu\/en\/#website","url":"https:\/\/bolting.eu\/en\/","name":"bolting.eu","description":"we make climbs happen","publisher":{"@id":"https:\/\/bolting.eu\/en\/#organization"},"potentialAction":[{"@type":"SearchAction","target":{"@type":"EntryPoint","urlTemplate":"https:\/\/bolting.eu\/en\/?s={search_term_string}"},"query-input":{"@type":"PropertyValueSpecification","valueRequired":true,"valueName":"search_term_string"}}],"inLanguage":"en-US"},{"@type":["Organization","Place","SportingGoodsStore"],"@id":"https:\/\/bolting.eu\/en\/#organization","name":"bolting.eu","url":"https:\/\/bolting.eu\/en\/","logo":{"@id":"https:\/\/bolting.eu\/en\/shop\/beal-55mm-dyneema-reepschnur\/#local-main-organization-logo"},"image":{"@id":"https:\/\/bolting.eu\/en\/shop\/beal-55mm-dyneema-reepschnur\/#local-main-organization-logo"},"sameAs":["https:\/\/www.facebook.com\/bolting.eu","https:\/\/www.instagram.com\/bolting.eu\/"],"address":{"@id":"https:\/\/bolting.eu\/en\/shop\/beal-55mm-dyneema-reepschnur\/#local-main-place-address"},"geo":{"@type":"GeoCoordinates","latitude":"47.264176340396226","longitude":"11.380109057672346"},"telephone":["+43 699 19083372"],"openingHoursSpecification":[{"@type":"OpeningHoursSpecification","dayOfWeek":["Monday","Wednesday","Friday"],"opens":"14:00","closes":"18:00"},{"@type":"OpeningHoursSpecification","dayOfWeek":["Tuesday","Thursday","Saturday","Sunday"],"opens":"00:00","closes":"00:00"}],"email":"office@bolting.eu","vatID":"ATU59999728","priceRange":"$$","currenciesAccepted":"Euro"},{"@type":"PostalAddress","@id":"https:\/\/bolting.eu\/en\/shop\/beal-55mm-dyneema-reepschnur\/#local-main-place-address","streetAddress":"Fischnalerstra\u00dfe 4","addressLocality":"Innsbruck","postalCode":"6020","addressRegion":"Tirol","addressCountry":"AT"},{"@type":"ImageObject","inLanguage":"en-US","@id":"https:\/\/bolting.eu\/en\/shop\/beal-55mm-dyneema-reepschnur\/#local-main-organization-logo","url":"https:\/\/bolting.eu\/wp-content\/uploads\/2019\/09\/bolting-logo.png","contentUrl":"https:\/\/bolting.eu\/wp-content\/uploads\/2019\/09\/bolting-logo.png","width":400,"height":211,"caption":"bolting.eu"}]},"product_price_amount":"3.90","product_price_currency":"EUR","og_availability":"out of stock","product_availability":"out of stock","product_retailer_item_id":"BC055DYN.50.B","product_condition":"new","geo.placename":"Innsbruck","geo.position":{"lat":"47.264176340396226","long":"11.380109057672346"},"geo.region":"Austria"},"_links":{"self":[{"href":"https:\/\/bolting.eu\/en\/wp-json\/wp\/v2\/product\/3465","targetHints":{"allow":["GET"]}}],"collection":[{"href":"https:\/\/bolting.eu\/en\/wp-json\/wp\/v2\/product"}],"about":[{"href":"https:\/\/bolting.eu\/en\/wp-json\/wp\/v2\/types\/product"}],"replies":[{"embeddable":true,"href":"https:\/\/bolting.eu\/en\/wp-json\/wp\/v2\/comments?post=3465"}],"wp:featuredmedia":[{"embeddable":true,"href":"https:\/\/bolting.eu\/en\/wp-json\/wp\/v2\/media\/3466"}],"wp:attachment":[{"href":"https:\/\/bolting.eu\/en\/wp-json\/wp\/v2\/media?parent=3465"}],"wp:term":[{"taxonomy":"product_brand","embeddable":true,"href":"https:\/\/bolting.eu\/en\/wp-json\/wp\/v2\/product_brand?post=3465"},{"taxonomy":"product_cat","embeddable":true,"href":"https:\/\/bolting.eu\/en\/wp-json\/wp\/v2\/product_cat?post=3465"},{"taxonomy":"product_tag","embeddable":true,"href":"https:\/\/bolting.eu\/en\/wp-json\/wp\/v2\/product_tag?post=3465"}],"curies":[{"name":"wp","href":"https:\/\/api.w.org\/{rel}","templated":true}]}}