{"id":3463,"date":"2020-05-22T17:45:48","date_gmt":"2020-05-22T15:45:48","guid":{"rendered":"https:\/\/bolting.eu\/?post_type=product&#038;p=3463"},"modified":"2026-04-17T13:26:31","modified_gmt":"2026-04-17T11:26:31","slug":"beal-4mm-reepschnur","status":"publish","type":"product","link":"https:\/\/bolting.eu\/en\/shop\/beal-4mm-reepschnur\/","title":{"rendered":"Beal 4mm Reepschnur"},"content":{"rendered":"<p>Die Beal 4mm <a href=\"https:\/\/bolting.eu\/produkt-kategorie\/kletterausruestung\/reepschnur\/\">Reepschnur<\/a> ist ein wichtiges Kletterzubeh\u00f6r. Denn damit lassen sich viele Anwendungsbereiche abdecken. Beispielsweise der Prusik Knoten sowie diverse Seilrettungsman\u00f6ver wie der Flaschenzug.<\/p>\n<p>Dar\u00fcber hinaus wird diese Schnur auch gerne im Campingbereich verwendet. Ob beim Abspannen von Planen, als W\u00e4scheleine oder zum Anbinden der Leuchte am Baum. Drittens ist dieses kraftvolle Modell im Haushalt ein treuer Begleiter. Denn es h\u00e4lt 400kg Belastung stand! Einerseits zum Aufh\u00e4ngen von allen m\u00f6glichen Sachen. Und andererseits zum Festbinden von Dingen im Keller, Garage und Garten.<\/p>\n<h2>Eigenschaften Beal 4mm Reepschnur<\/h2>\n<ul>\n<li>Hersteller: <a href=\"https:\/\/bolting.eu\/produkt-kategorie\/beal\/\">Beal<\/a><\/li>\n<li>EN Norm 564<\/li>\n<li>Durchmesser: 4mm<\/li>\n<li>Material: Polyamid<\/li>\n<li>Bruchlast: 400 daN (kg)<\/li>\n<li>Gewicht: 11 Gramm \/ Meter<\/li>\n<li>max. Rollenl\u00e4nge 120m<\/li>\n<li>ideal f\u00fcr Bergsport, Camping und Haushalt<\/li>\n<li><strong>Verkaufseinheit = 1 Meter<\/strong><\/li>\n<li>maximale L\u00e4nge = 120 Meter = 1 Rolle<\/li>\n<\/ul>\n<p>Wichtiger Hinweis! F\u00fcr den Standplatzbau empfehlen wir eine 6mm Polyamid Reepschnur oder die 5,5mm Kevlar bzw. Dynema Reepschnur. Diese haben viel h\u00f6here Bruchlasten als die hier vorgestellte 4mm Reepschnur.<\/p>\n<h2>Beal 4mm Reepschnur im Bergsport<\/h2>\n<p>Diese Reepschnur ist ein wichtiger Kletter Zubeh\u00f6r Artikel. Denn mit der Schnur kann man einige wichtige Anwendungsbereiche abdecken. Beispielsweise kann man mit ihr eine Prusikschlinge machen. Zudem kann man sie bei div. Flaschenz\u00fcgen verwenden. Gedoppelt h\u00e4lt die Schlinge noch mehr und kann notfalls als zum Aufbau eines &#8220;Toten Mannes&#8221; oder auch f\u00fcr einen Standplatz verwendet werden.<\/p>\n<h3>Einsatz beim Campen<\/h3>\n<p>Die Beal 4mm Reepschnur ist beim Camping extrem hilfreich. Alles was schnell angebunden werden muss, kann man mit dieser Schnur machen. Denn sie ist einerseits sehr belastbar. F\u00fcr den bescheidenen Durchmesser von 4mm kann man sie mit stolzen 400kg belasten! Zum anderen ist die Reepschnur super zu knoten. \u00dcberdies ist das Material je langlebig und man kann sie immer wieder verwenden.<\/p>\n<p>Einige Anwendungsbeispiele sind:<\/p>\n<ul>\n<li>Abspannen von Planen<\/li>\n<li>R\u00fcckspannen von Pf\u00e4hlen<\/li>\n<li>als W\u00e4scheleine<\/li>\n<li>Fixieren von Campingausr\u00fcstung<\/li>\n<li>usw.<\/li>\n<\/ul>\n<h3>Beal 4mm Reepschnur im Haushalt<\/h3>\n<p>Wie beim Camping, so ist diese Reepschnur auch um Haushalt vielseitig einsetzbar. Die Vorteile gegen\u00fcber billigen Hanf-Schn\u00fcren und Dr\u00e4hten ist auch hier. Zum einen eine weitaus gr\u00f6\u00dfere Belastbarkeit sowie Lebensdauer. Und zum anderen eine sehr gute Knotbarkeit. Einige Meter der Schnur im Werkzeugkasten oder der Werkzeugschublade vertreiben viele Sorgen!<\/p>\n<p>Link Tipp: einige <a href=\"http:\/\/www.alpineausbildung.at\/download\/seiltechnik_knoten.pdf\" target=\"_blank\" rel=\"noopener noreferrer\">wichtige Knoten<\/a> f\u00fcr den outdoor Bereich<\/p>\n","protected":false},"excerpt":{"rendered":"<p>4mm Polyamid Reepschnur mit 400 kg Bruchlast mit EN 564 Norm. Ideal f\u00fcr Bergsport, Camping und Hobby.<\/p>\n<p>\u2705 kostenloser Versand* \u2705 14 Tage R\u00fcckgaberecht \u2705 Co2 neutraler Versand<\/p>\n<p>&nbsp;<\/p>\n","protected":false},"featured_media":12516,"comment_status":"open","ping_status":"closed","template":"","meta":[],"product_brand":[],"product_cat":[7760,55,4663,5061],"product_tag":[],"class_list":{"0":"post-3463","1":"product","2":"type-product","3":"status-publish","4":"has-post-thumbnail","6":"product_cat-reepschnur-meterware","7":"product_cat-reepschnur","8":"product_cat-beal","9":"product_cat-kletterzubehoer","11":"first","12":"instock","13":"taxable","14":"shipping-taxable","15":"purchasable","16":"product-type-simple"},"yoast_head":"<!-- This site is optimized with the Yoast SEO Premium plugin v26.9 (Yoast SEO v26.9) - https:\/\/yoast.com\/product\/yoast-seo-premium-wordpress\/ -->\n<title>Beal 4mm Reepschnur online kaufen bolting.eu<\/title>\n<meta name=\"description\" content=\"Hier findest Du die Beal 4mm Reepschnur beim Kletterprofi aus Innsbruck kaufen \u2705 kostenloser Versand* \u2705 14 Tage R\u00fcckgaberecht \u2705 Co2 neutraler Versand\" \/>\n<meta name=\"robots\" content=\"index, follow, max-snippet:-1, max-image-preview:large, max-video-preview:-1\" \/>\n<link rel=\"canonical\" href=\"https:\/\/bolting.eu\/en\/shop\/beal-4mm-reepschnur\/\" \/>\n<meta property=\"og:locale\" content=\"en_US\" \/>\n<meta property=\"og:type\" content=\"article\" \/>\n<meta property=\"og:title\" content=\"Beal 4mm Reepschnur\" \/>\n<meta property=\"og:description\" content=\"Hier findest Du die Beal 4mm Reepschnur beim Kletterprofi aus Innsbruck kaufen \u2705 kostenloser Versand* \u2705 14 Tage R\u00fcckgaberecht \u2705 Co2 neutraler Versand\" \/>\n<meta property=\"og:url\" content=\"https:\/\/bolting.eu\/en\/shop\/beal-4mm-reepschnur\/\" \/>\n<meta property=\"og:site_name\" content=\"bolting.eu\" \/>\n<meta property=\"article:publisher\" content=\"https:\/\/www.facebook.com\/bolting.eu\" \/>\n<meta property=\"article:modified_time\" content=\"2026-04-17T11:26:31+00:00\" \/>\n<meta property=\"og:image\" content=\"https:\/\/bolting.eu\/wp-content\/uploads\/2020\/05\/4mm-Reepschnur-BEal.jpg\" \/>\n\t<meta property=\"og:image:width\" content=\"700\" \/>\n\t<meta property=\"og:image:height\" content=\"700\" \/>\n\t<meta property=\"og:image:type\" content=\"image\/jpeg\" \/>\n<meta name=\"twitter:card\" content=\"summary_large_image\" \/>\n<meta name=\"twitter:label1\" content=\"Price\" \/>\n\t<meta name=\"twitter:data1\" content=\"&euro;&nbsp;0,69\" \/>\n\t<meta name=\"twitter:label2\" content=\"Availability\" \/>\n\t<meta name=\"twitter:data2\" content=\"In stock\" \/>\n<script type=\"application\/ld+json\" class=\"yoast-schema-graph\">{\"@context\":\"https:\/\/schema.org\",\"@graph\":[{\"@type\":[\"WebPage\",\"ItemPage\"],\"@id\":\"https:\/\/bolting.eu\/en\/shop\/beal-4mm-reepschnur\/\",\"url\":\"https:\/\/bolting.eu\/en\/shop\/beal-4mm-reepschnur\/\",\"name\":\"Beal 4mm Reepschnur online kaufen bolting.eu\",\"isPartOf\":{\"@id\":\"https:\/\/bolting.eu\/en\/#website\"},\"primaryImageOfPage\":{\"@id\":\"https:\/\/bolting.eu\/en\/shop\/beal-4mm-reepschnur\/#primaryimage\"},\"image\":{\"@id\":\"https:\/\/bolting.eu\/en\/shop\/beal-4mm-reepschnur\/#primaryimage\"},\"thumbnailUrl\":\"https:\/\/bolting.eu\/wp-content\/uploads\/2020\/05\/4mm-Reepschnur-BEal.jpg\",\"datePublished\":\"2020-05-22T15:45:48+00:00\",\"dateModified\":\"2026-04-17T11:26:31+00:00\",\"description\":\"Hier findest Du die Beal 4mm Reepschnur beim Kletterprofi aus Innsbruck kaufen \u2705 kostenloser Versand* \u2705 14 Tage R\u00fcckgaberecht \u2705 Co2 neutraler Versand\",\"breadcrumb\":{\"@id\":\"https:\/\/bolting.eu\/en\/shop\/beal-4mm-reepschnur\/#breadcrumb\"},\"inLanguage\":\"en-US\",\"potentialAction\":[{\"@type\":\"ReadAction\",\"target\":[\"https:\/\/bolting.eu\/en\/shop\/beal-4mm-reepschnur\/\"]}]},{\"@type\":\"ImageObject\",\"inLanguage\":\"en-US\",\"@id\":\"https:\/\/bolting.eu\/en\/shop\/beal-4mm-reepschnur\/#primaryimage\",\"url\":\"https:\/\/bolting.eu\/wp-content\/uploads\/2020\/05\/4mm-Reepschnur-BEal.jpg\",\"contentUrl\":\"https:\/\/bolting.eu\/wp-content\/uploads\/2020\/05\/4mm-Reepschnur-BEal.jpg\",\"width\":700,\"height\":700,\"caption\":\"Das Bild zeigt eine gelbe 4mm Beal Reepschnur waagrecht in einem wei\u00dfen Quadrat.\"},{\"@type\":\"BreadcrumbList\",\"@id\":\"https:\/\/bolting.eu\/en\/shop\/beal-4mm-reepschnur\/#breadcrumb\",\"itemListElement\":[{\"@type\":\"ListItem\",\"position\":1,\"name\":\"Shop\",\"item\":\"https:\/\/bolting.eu\/en\/shop\/\"},{\"@type\":\"ListItem\",\"position\":2,\"name\":\"climbing equipment\",\"item\":\"https:\/\/bolting.eu\/en\/produkt-kategorie\/climbing-equipment\/\"},{\"@type\":\"ListItem\",\"position\":3,\"name\":\"Reepschnur\",\"item\":\"https:\/\/bolting.eu\/produkt-kategorie\/kletterausruestung\/reepschnur\/\"},{\"@type\":\"ListItem\",\"position\":4,\"name\":\"Beal 4mm Reepschnur\"}]},{\"@type\":\"WebSite\",\"@id\":\"https:\/\/bolting.eu\/en\/#website\",\"url\":\"https:\/\/bolting.eu\/en\/\",\"name\":\"bolting.eu\",\"description\":\"we make climbs happen\",\"publisher\":{\"@id\":\"https:\/\/bolting.eu\/en\/#organization\"},\"potentialAction\":[{\"@type\":\"SearchAction\",\"target\":{\"@type\":\"EntryPoint\",\"urlTemplate\":\"https:\/\/bolting.eu\/en\/?s={search_term_string}\"},\"query-input\":{\"@type\":\"PropertyValueSpecification\",\"valueRequired\":true,\"valueName\":\"search_term_string\"}}],\"inLanguage\":\"en-US\"},{\"@type\":[\"Organization\",\"Place\",\"SportingGoodsStore\"],\"@id\":\"https:\/\/bolting.eu\/en\/#organization\",\"name\":\"bolting.eu\",\"url\":\"https:\/\/bolting.eu\/en\/\",\"logo\":{\"@id\":\"https:\/\/bolting.eu\/en\/shop\/beal-4mm-reepschnur\/#local-main-organization-logo\"},\"image\":{\"@id\":\"https:\/\/bolting.eu\/en\/shop\/beal-4mm-reepschnur\/#local-main-organization-logo\"},\"sameAs\":[\"https:\/\/www.facebook.com\/bolting.eu\",\"https:\/\/www.instagram.com\/bolting.eu\/\"],\"address\":{\"@id\":\"https:\/\/bolting.eu\/en\/shop\/beal-4mm-reepschnur\/#local-main-place-address\"},\"geo\":{\"@type\":\"GeoCoordinates\",\"latitude\":\"47.264176340396226\",\"longitude\":\"11.380109057672346\"},\"telephone\":[\"+43 699 19083372\"],\"openingHoursSpecification\":[{\"@type\":\"OpeningHoursSpecification\",\"dayOfWeek\":[\"Monday\",\"Wednesday\",\"Friday\"],\"opens\":\"14:00\",\"closes\":\"18:00\"},{\"@type\":\"OpeningHoursSpecification\",\"dayOfWeek\":[\"Tuesday\",\"Thursday\",\"Saturday\",\"Sunday\"],\"opens\":\"00:00\",\"closes\":\"00:00\"}],\"email\":\"office@bolting.eu\",\"vatID\":\"ATU59999728\",\"priceRange\":\"$$\",\"currenciesAccepted\":\"Euro\"},{\"@type\":\"PostalAddress\",\"@id\":\"https:\/\/bolting.eu\/en\/shop\/beal-4mm-reepschnur\/#local-main-place-address\",\"streetAddress\":\"Fischnalerstra\u00dfe 4\",\"addressLocality\":\"Innsbruck\",\"postalCode\":\"6020\",\"addressRegion\":\"Tirol\",\"addressCountry\":\"AT\"},{\"@type\":\"ImageObject\",\"inLanguage\":\"en-US\",\"@id\":\"https:\/\/bolting.eu\/en\/shop\/beal-4mm-reepschnur\/#local-main-organization-logo\",\"url\":\"https:\/\/bolting.eu\/wp-content\/uploads\/2019\/09\/bolting-logo.png\",\"contentUrl\":\"https:\/\/bolting.eu\/wp-content\/uploads\/2019\/09\/bolting-logo.png\",\"width\":400,\"height\":211,\"caption\":\"bolting.eu\"}]}<\/script>\n<meta property=\"product:price:amount\" content=\"0.69\" \/>\n<meta property=\"product:price:currency\" content=\"EUR\" \/>\n<meta property=\"og:availability\" content=\"instock\" \/>\n<meta property=\"product:availability\" content=\"instock\" \/>\n<meta property=\"product:retailer_item_id\" content=\"BC04.120V\" \/>\n<meta property=\"product:condition\" content=\"new\" \/>\n<meta name=\"geo.placename\" content=\"Innsbruck\" \/>\n<meta name=\"geo.position\" content=\"47.264176340396226;11.380109057672346\" \/>\n<meta name=\"geo.region\" content=\"Austria\" \/>\n<!-- \/ Yoast SEO Premium plugin. -->","yoast_head_json":{"title":"Beal 4mm Reepschnur online kaufen bolting.eu","description":"Hier findest Du die Beal 4mm Reepschnur beim Kletterprofi aus Innsbruck kaufen \u2705 kostenloser Versand* \u2705 14 Tage R\u00fcckgaberecht \u2705 Co2 neutraler Versand","robots":{"index":"index","follow":"follow","max-snippet":"max-snippet:-1","max-image-preview":"max-image-preview:large","max-video-preview":"max-video-preview:-1"},"canonical":"https:\/\/bolting.eu\/en\/shop\/beal-4mm-reepschnur\/","og_locale":"en_US","og_type":"article","og_title":"Beal 4mm Reepschnur","og_description":"Hier findest Du die Beal 4mm Reepschnur beim Kletterprofi aus Innsbruck kaufen \u2705 kostenloser Versand* \u2705 14 Tage R\u00fcckgaberecht \u2705 Co2 neutraler Versand","og_url":"https:\/\/bolting.eu\/en\/shop\/beal-4mm-reepschnur\/","og_site_name":"bolting.eu","article_publisher":"https:\/\/www.facebook.com\/bolting.eu","article_modified_time":"2026-04-17T11:26:31+00:00","og_image":[{"width":700,"height":700,"url":"https:\/\/bolting.eu\/wp-content\/uploads\/2020\/05\/4mm-Reepschnur-BEal.jpg","type":"image\/jpeg"}],"twitter_card":"summary_large_image","twitter_misc":{"Price":"&euro;&nbsp;0,69","Availability":"In stock"},"schema":{"@context":"https:\/\/schema.org","@graph":[{"@type":["WebPage","ItemPage"],"@id":"https:\/\/bolting.eu\/en\/shop\/beal-4mm-reepschnur\/","url":"https:\/\/bolting.eu\/en\/shop\/beal-4mm-reepschnur\/","name":"Beal 4mm Reepschnur online kaufen bolting.eu","isPartOf":{"@id":"https:\/\/bolting.eu\/en\/#website"},"primaryImageOfPage":{"@id":"https:\/\/bolting.eu\/en\/shop\/beal-4mm-reepschnur\/#primaryimage"},"image":{"@id":"https:\/\/bolting.eu\/en\/shop\/beal-4mm-reepschnur\/#primaryimage"},"thumbnailUrl":"https:\/\/bolting.eu\/wp-content\/uploads\/2020\/05\/4mm-Reepschnur-BEal.jpg","datePublished":"2020-05-22T15:45:48+00:00","dateModified":"2026-04-17T11:26:31+00:00","description":"Hier findest Du die Beal 4mm Reepschnur beim Kletterprofi aus Innsbruck kaufen \u2705 kostenloser Versand* \u2705 14 Tage R\u00fcckgaberecht \u2705 Co2 neutraler Versand","breadcrumb":{"@id":"https:\/\/bolting.eu\/en\/shop\/beal-4mm-reepschnur\/#breadcrumb"},"inLanguage":"en-US","potentialAction":[{"@type":"ReadAction","target":["https:\/\/bolting.eu\/en\/shop\/beal-4mm-reepschnur\/"]}]},{"@type":"ImageObject","inLanguage":"en-US","@id":"https:\/\/bolting.eu\/en\/shop\/beal-4mm-reepschnur\/#primaryimage","url":"https:\/\/bolting.eu\/wp-content\/uploads\/2020\/05\/4mm-Reepschnur-BEal.jpg","contentUrl":"https:\/\/bolting.eu\/wp-content\/uploads\/2020\/05\/4mm-Reepschnur-BEal.jpg","width":700,"height":700,"caption":"Das Bild zeigt eine gelbe 4mm Beal Reepschnur waagrecht in einem wei\u00dfen Quadrat."},{"@type":"BreadcrumbList","@id":"https:\/\/bolting.eu\/en\/shop\/beal-4mm-reepschnur\/#breadcrumb","itemListElement":[{"@type":"ListItem","position":1,"name":"Shop","item":"https:\/\/bolting.eu\/en\/shop\/"},{"@type":"ListItem","position":2,"name":"climbing equipment","item":"https:\/\/bolting.eu\/en\/produkt-kategorie\/climbing-equipment\/"},{"@type":"ListItem","position":3,"name":"Reepschnur","item":"https:\/\/bolting.eu\/produkt-kategorie\/kletterausruestung\/reepschnur\/"},{"@type":"ListItem","position":4,"name":"Beal 4mm Reepschnur"}]},{"@type":"WebSite","@id":"https:\/\/bolting.eu\/en\/#website","url":"https:\/\/bolting.eu\/en\/","name":"bolting.eu","description":"we make climbs happen","publisher":{"@id":"https:\/\/bolting.eu\/en\/#organization"},"potentialAction":[{"@type":"SearchAction","target":{"@type":"EntryPoint","urlTemplate":"https:\/\/bolting.eu\/en\/?s={search_term_string}"},"query-input":{"@type":"PropertyValueSpecification","valueRequired":true,"valueName":"search_term_string"}}],"inLanguage":"en-US"},{"@type":["Organization","Place","SportingGoodsStore"],"@id":"https:\/\/bolting.eu\/en\/#organization","name":"bolting.eu","url":"https:\/\/bolting.eu\/en\/","logo":{"@id":"https:\/\/bolting.eu\/en\/shop\/beal-4mm-reepschnur\/#local-main-organization-logo"},"image":{"@id":"https:\/\/bolting.eu\/en\/shop\/beal-4mm-reepschnur\/#local-main-organization-logo"},"sameAs":["https:\/\/www.facebook.com\/bolting.eu","https:\/\/www.instagram.com\/bolting.eu\/"],"address":{"@id":"https:\/\/bolting.eu\/en\/shop\/beal-4mm-reepschnur\/#local-main-place-address"},"geo":{"@type":"GeoCoordinates","latitude":"47.264176340396226","longitude":"11.380109057672346"},"telephone":["+43 699 19083372"],"openingHoursSpecification":[{"@type":"OpeningHoursSpecification","dayOfWeek":["Monday","Wednesday","Friday"],"opens":"14:00","closes":"18:00"},{"@type":"OpeningHoursSpecification","dayOfWeek":["Tuesday","Thursday","Saturday","Sunday"],"opens":"00:00","closes":"00:00"}],"email":"office@bolting.eu","vatID":"ATU59999728","priceRange":"$$","currenciesAccepted":"Euro"},{"@type":"PostalAddress","@id":"https:\/\/bolting.eu\/en\/shop\/beal-4mm-reepschnur\/#local-main-place-address","streetAddress":"Fischnalerstra\u00dfe 4","addressLocality":"Innsbruck","postalCode":"6020","addressRegion":"Tirol","addressCountry":"AT"},{"@type":"ImageObject","inLanguage":"en-US","@id":"https:\/\/bolting.eu\/en\/shop\/beal-4mm-reepschnur\/#local-main-organization-logo","url":"https:\/\/bolting.eu\/wp-content\/uploads\/2019\/09\/bolting-logo.png","contentUrl":"https:\/\/bolting.eu\/wp-content\/uploads\/2019\/09\/bolting-logo.png","width":400,"height":211,"caption":"bolting.eu"}]},"product_price_amount":"0.69","product_price_currency":"EUR","og_availability":"instock","product_availability":"instock","product_retailer_item_id":"BC04.120V","product_condition":"new","geo.placename":"Innsbruck","geo.position":{"lat":"47.264176340396226","long":"11.380109057672346"},"geo.region":"Austria"},"_links":{"self":[{"href":"https:\/\/bolting.eu\/en\/wp-json\/wp\/v2\/product\/3463","targetHints":{"allow":["GET"]}}],"collection":[{"href":"https:\/\/bolting.eu\/en\/wp-json\/wp\/v2\/product"}],"about":[{"href":"https:\/\/bolting.eu\/en\/wp-json\/wp\/v2\/types\/product"}],"replies":[{"embeddable":true,"href":"https:\/\/bolting.eu\/en\/wp-json\/wp\/v2\/comments?post=3463"}],"wp:featuredmedia":[{"embeddable":true,"href":"https:\/\/bolting.eu\/en\/wp-json\/wp\/v2\/media\/12516"}],"wp:attachment":[{"href":"https:\/\/bolting.eu\/en\/wp-json\/wp\/v2\/media?parent=3463"}],"wp:term":[{"taxonomy":"product_brand","embeddable":true,"href":"https:\/\/bolting.eu\/en\/wp-json\/wp\/v2\/product_brand?post=3463"},{"taxonomy":"product_cat","embeddable":true,"href":"https:\/\/bolting.eu\/en\/wp-json\/wp\/v2\/product_cat?post=3463"},{"taxonomy":"product_tag","embeddable":true,"href":"https:\/\/bolting.eu\/en\/wp-json\/wp\/v2\/product_tag?post=3463"}],"curies":[{"name":"wp","href":"https:\/\/api.w.org\/{rel}","templated":true}]}}