{"id":3450,"date":"2020-05-21T19:49:51","date_gmt":"2020-05-21T17:49:51","guid":{"rendered":"https:\/\/bolting.eu\/?post_type=product&#038;p=3450"},"modified":"2025-05-22T07:48:07","modified_gmt":"2025-05-22T05:48:07","slug":"beal-dyneema-rundschlinge-60cm","status":"publish","type":"product","link":"https:\/\/bolting.eu\/en\/shop\/beal-dyneema-rundschlinge-60cm\/","title":{"rendered":"Beal Dyneema Rundschlinge 60cm"},"content":{"rendered":"<p>Die Beal Dyneema Rundschlinge 60cm ist unser Top Seller bei Alpin Kletterern. Denn diese Beal Dyneema Bandschlinge hat einige St\u00e4rken. Erstens ist sie super leicht. Sie wiegt gerade einmal 16,8 Gramm. Zweitens ist sie perfekt zum Bauen einer &#8220;<a href=\"https:\/\/bolting.eu\/verlaengerbare-expressschlinge\/\">verl\u00e4ngerbaren Expressschlinge<\/a>&#8221; zum Alpinklettern. Drittens hat sie die gewohnt hohe Schnittfestigkeit von Dyneema Schlingen. Folglich kann man sie super \u00fcber Felsk\u00f6pfe legen und <a href=\"https:\/\/bolting.eu\/produkt-kategorie\/felshaken-normalhaken\/\">Felshaken<\/a> bzw. Bohrhakenlaschen abbinden.<\/p>\n<h2>Eigenschaften Beal Dyneema Rundschlinge 60cm<\/h2>\n<ul>\n<li>Hersteller: Beal<\/li>\n<li>Material: Dyneema (Polyethylen)<\/li>\n<li>Breite: 6mm<\/li>\n<li>L\u00e4nge: 60cm<\/li>\n<li>Umfang: 120cm<\/li>\n<li>Bruchlast: 2200daN (kg)<\/li>\n<li>EN Norm 566<\/li>\n<li>Gewicht: nur 16,8 Gramm<\/li>\n<li>Lagerfrist: max. 5 Jahre<\/li>\n<\/ul>\n<h2>Beal Dyneema Rundschlinge 60cm<\/h2>\n<p>Die Dyneema Schlinge findet ihren Einsatz haupts\u00e4chlich beim Alpinklettern. Dort wird sie als &#8220;verl\u00e4ngerbare&#8221; Express verwendet. Die langen Express sorgen f\u00fcr einen geradlinigeren Seilverlauf. D.h. am Ende des Tages einfach weniger Seilreibung.<\/p>\n<p>Zudem wird diese Express bei Bedarf zu einer &#8220;K\u00f6pflschlinge&#8221;. Der hohen Schnittfestigkeit sei dank, h\u00e4lt dieses Material extrem viel aus. \u00dcberdies kann die Dyneema Schlinge deshalb auch bedenkenlos zum F\u00e4deln von Felshaken bzw. <a href=\"https:\/\/bolting.eu\/produkt-kategorie\/bohrhakenlasche\/\">Bohrhakenlaschen<\/a> verwendet werden. Vermeidet dabei aber immer die m\u00f6glichen scharfen Grate!<\/p>\n<p>Ihr wollt ein ordentliches Alpinkletterset aufbauen? Dann solltet ihr zwischen 6 und 10 St\u00fcck solcher verl\u00e4ngerbaren Schlingen haben. Der ideale <a href=\"https:\/\/bolting.eu\/produkt-kategorie\/karabiner-kletterkarabiner\/\">Karabiner<\/a> ist einer der kleinen leichten Schnappkarabiner<\/p>\n<h2>Bandschlingen regelm\u00e4\u00dfig kontrollieren!<\/h2>\n<p>Wie jede Bandschlinge solltet ihr auch eure Beal Dyneema Rundschlinge 60cm regelm\u00e4\u00dfig inspizieren. Lasst die Schlinge durch die Finger gleiten. Versucht dabei Unregelm\u00e4\u00dfigkeiten zu ersp\u00fcren. Dar\u00fcber hinaus ist auch die optische Kontrolle wichtig. Sind sichtbare Sch\u00e4den erkennbar?<\/p>\n<p>Bei entsprechenden Sch\u00e4den sind die Schlingen umgehend auszutauschen.<\/p>\n<h2>Austausch nach 3 Jahren empfohlen<\/h2>\n<p>In jedem Fall solltet ihr eure Beal Dyneema Rundschlinge 60cm nach 3 Jahren Verwendung austauschen. So wird es im Artikel &#8220;<a href=\"https:\/\/bolting.eu\/wp-content\/uploads\/2020\/05\/Gebrauchsdauer-von-Bandschlingen-DAV-Panorama-4-2015.pdf\" target=\"_blank\" rel=\"noopener noreferrer\">Gebrauchsdauer von Bandschlingen<\/a>&#8221; im DAV Panorama 4 \/ 2015 empfohlen. Wer seine Schlingen ganz wenig n\u00fctzt, sollte diese nach sp\u00e4testens 5 Jahren austauschen.<\/p>\n<p>Diese Empfehlungen fu\u00dfen auf dem Materialverhalten von Dyneema. Vereinfacht dargestellt sorgt das Verknoten, Schmutz, Belastungen, Reibung an der Materialoberfl\u00e4che, UV Strahlung etc. f\u00fcr die Alterung des Polyethylens. Folglich nimmt die Festigkeit stetig ab. Je st\u00e4rker eine Schlinge genutzt und verschmutzt ist, desto fr\u00fcher fallen die Bruchwerte unter die Normgrenze.<\/p>\n<p>Link Tipp: Wer seine Dyneema Schlingen mal ordentlich auf die Probe stellen will, kann eine der tollen Granit Grate oder <a href=\"https:\/\/maltatal.rocks\/alpinklettern-im-maltatal-hohe-tauern\/\" target=\"_blank\" rel=\"noopener noreferrer\">Alpinrouten in den Hohen Tauern<\/a> erkunden.<\/p>\n","protected":false},"excerpt":{"rendered":"<p>Ultraleichte und nur 6mm d\u00fcnner Dyneema\u00a0Bandschlinge mit 60cm L\u00e4nge \/ 120cm Umfang.<\/p>\n<p>Ideal f\u00fcr alle, die auf geringstes Gewicht Wert legen.<\/p>\n<p>Versandkostenfrei bis 2kg in\u00a0<img decoding=\"async\" class=\"emoji\" role=\"img\" draggable=\"false\" src=\"https:\/\/s.w.org\/images\/core\/emoji\/14.0.0\/svg\/1f1e6-1f1f9.svg\" alt=\"\ud83c\udde6\ud83c\uddf9\" \/>\u00a0ab \u20ac 100,- und\u00a0<img decoding=\"async\" class=\"emoji\" role=\"img\" draggable=\"false\" src=\"https:\/\/s.w.org\/images\/core\/emoji\/14.0.0\/svg\/1f1e9-1f1ea.svg\" alt=\"\ud83c\udde9\ud83c\uddea\" \/>\u00a0ab \u20ac 200,-!<\/p>\n","protected":false},"featured_media":3453,"comment_status":"open","ping_status":"closed","template":"","meta":[],"product_brand":[],"product_cat":[259,4663,31,7707,29],"product_tag":[262,7730],"class_list":{"0":"post-3450","1":"product","2":"type-product","3":"status-publish","4":"has-post-thumbnail","6":"product_cat-bandschlinge","7":"product_cat-beal","8":"product_cat-big-wall-ausruestung","9":"product_cat-dyneema-bandschlingen","10":"product_cat-kletterausruestung","11":"product_tag-alpinklettern","12":"product_tag-dyneema","14":"first","15":"outofstock","16":"taxable","17":"shipping-taxable","18":"purchasable","19":"product-type-simple"},"yoast_head":"<!-- This site is optimized with the Yoast SEO Premium plugin v26.9 (Yoast SEO v26.9) - https:\/\/yoast.com\/product\/yoast-seo-premium-wordpress\/ -->\n<title>Beal Dyneema Rundschlinge 60cm online kaufen beim Experten bolting.eu<\/title>\n<meta name=\"description\" content=\"6mm Beal Dyneema Rundschlinge 60cm beim Kletterprofi kaufen \u2705 Trusted Shop \u2705 kostenloser Versand* \u2705 14 Tage R\u00fcckgaberecht \u2705 Co2 neutrale Zustellung\" \/>\n<meta name=\"robots\" content=\"index, follow, max-snippet:-1, max-image-preview:large, max-video-preview:-1\" \/>\n<link rel=\"canonical\" href=\"https:\/\/bolting.eu\/en\/shop\/beal-dyneema-rundschlinge-60cm\/\" \/>\n<meta property=\"og:locale\" content=\"en_US\" \/>\n<meta property=\"og:type\" content=\"article\" \/>\n<meta property=\"og:title\" content=\"Beal Dyneema Rundschlinge 60cm\" \/>\n<meta property=\"og:description\" content=\"6mm Beal Dyneema Rundschlinge 60cm beim Kletterprofi kaufen \u2705 Trusted Shop \u2705 kostenloser Versand* \u2705 14 Tage R\u00fcckgaberecht \u2705 Co2 neutrale Zustellung\" \/>\n<meta property=\"og:url\" content=\"https:\/\/bolting.eu\/en\/shop\/beal-dyneema-rundschlinge-60cm\/\" \/>\n<meta property=\"og:site_name\" content=\"bolting.eu\" \/>\n<meta property=\"article:publisher\" content=\"https:\/\/www.facebook.com\/bolting.eu\" \/>\n<meta property=\"article:modified_time\" content=\"2025-05-22T05:48:07+00:00\" \/>\n<meta property=\"og:image\" content=\"https:\/\/bolting.eu\/wp-content\/uploads\/2020\/05\/Beal-Dyneema-Rundschlinge-60cm.jpg\" \/>\n\t<meta property=\"og:image:width\" content=\"700\" \/>\n\t<meta property=\"og:image:height\" content=\"700\" \/>\n\t<meta property=\"og:image:type\" content=\"image\/jpeg\" \/>\n<meta name=\"twitter:card\" content=\"summary_large_image\" \/>\n<meta name=\"twitter:label1\" content=\"Price\" \/>\n\t<meta name=\"twitter:data1\" content=\"&euro;&nbsp;10,90\" \/>\n\t<meta name=\"twitter:label2\" content=\"Availability\" \/>\n\t<meta name=\"twitter:data2\" content=\"Out of stock\" \/>\n<script type=\"application\/ld+json\" class=\"yoast-schema-graph\">{\"@context\":\"https:\/\/schema.org\",\"@graph\":[{\"@type\":[\"WebPage\",\"ItemPage\"],\"@id\":\"https:\/\/bolting.eu\/en\/shop\/beal-dyneema-rundschlinge-60cm\/\",\"url\":\"https:\/\/bolting.eu\/en\/shop\/beal-dyneema-rundschlinge-60cm\/\",\"name\":\"Beal Dyneema Rundschlinge 60cm online kaufen beim Experten bolting.eu\",\"isPartOf\":{\"@id\":\"https:\/\/bolting.eu\/en\/#website\"},\"primaryImageOfPage\":{\"@id\":\"https:\/\/bolting.eu\/en\/shop\/beal-dyneema-rundschlinge-60cm\/#primaryimage\"},\"image\":{\"@id\":\"https:\/\/bolting.eu\/en\/shop\/beal-dyneema-rundschlinge-60cm\/#primaryimage\"},\"thumbnailUrl\":\"https:\/\/bolting.eu\/wp-content\/uploads\/2020\/05\/Beal-Dyneema-Rundschlinge-60cm.jpg\",\"datePublished\":\"2020-05-21T17:49:51+00:00\",\"dateModified\":\"2025-05-22T05:48:07+00:00\",\"description\":\"6mm Beal Dyneema Rundschlinge 60cm beim Kletterprofi kaufen \u2705 Trusted Shop \u2705 kostenloser Versand* \u2705 14 Tage R\u00fcckgaberecht \u2705 Co2 neutrale Zustellung\",\"breadcrumb\":{\"@id\":\"https:\/\/bolting.eu\/en\/shop\/beal-dyneema-rundschlinge-60cm\/#breadcrumb\"},\"inLanguage\":\"en-US\",\"potentialAction\":[{\"@type\":\"ReadAction\",\"target\":[\"https:\/\/bolting.eu\/en\/shop\/beal-dyneema-rundschlinge-60cm\/\"]}]},{\"@type\":\"ImageObject\",\"inLanguage\":\"en-US\",\"@id\":\"https:\/\/bolting.eu\/en\/shop\/beal-dyneema-rundschlinge-60cm\/#primaryimage\",\"url\":\"https:\/\/bolting.eu\/wp-content\/uploads\/2020\/05\/Beal-Dyneema-Rundschlinge-60cm.jpg\",\"contentUrl\":\"https:\/\/bolting.eu\/wp-content\/uploads\/2020\/05\/Beal-Dyneema-Rundschlinge-60cm.jpg\",\"width\":700,\"height\":700,\"caption\":\"Das Bild zeigt eine Beal Dyneema Rundschlinge 60cm. Sie liegt in einer Schlaufe gefaltet in Bildmitte. Man sieht den vern\u00e4hten Teil links im oberen Bereich.\"},{\"@type\":\"BreadcrumbList\",\"@id\":\"https:\/\/bolting.eu\/en\/shop\/beal-dyneema-rundschlinge-60cm\/#breadcrumb\",\"itemListElement\":[{\"@type\":\"ListItem\",\"position\":1,\"name\":\"Shop\",\"item\":\"https:\/\/bolting.eu\/en\/shop\/\"},{\"@type\":\"ListItem\",\"position\":2,\"name\":\"climbing equipment\",\"item\":\"https:\/\/bolting.eu\/en\/produkt-kategorie\/climbing-equipment\/\"},{\"@type\":\"ListItem\",\"position\":3,\"name\":\"Bandschlinge\",\"item\":\"https:\/\/bolting.eu\/produkt-kategorie\/kletterausruestung\/bandschlinge\/\"},{\"@type\":\"ListItem\",\"position\":4,\"name\":\"Beal Dyneema Rundschlinge 60cm\"}]},{\"@type\":\"WebSite\",\"@id\":\"https:\/\/bolting.eu\/en\/#website\",\"url\":\"https:\/\/bolting.eu\/en\/\",\"name\":\"bolting.eu\",\"description\":\"we make climbs happen\",\"publisher\":{\"@id\":\"https:\/\/bolting.eu\/en\/#organization\"},\"potentialAction\":[{\"@type\":\"SearchAction\",\"target\":{\"@type\":\"EntryPoint\",\"urlTemplate\":\"https:\/\/bolting.eu\/en\/?s={search_term_string}\"},\"query-input\":{\"@type\":\"PropertyValueSpecification\",\"valueRequired\":true,\"valueName\":\"search_term_string\"}}],\"inLanguage\":\"en-US\"},{\"@type\":[\"Organization\",\"Place\",\"SportingGoodsStore\"],\"@id\":\"https:\/\/bolting.eu\/en\/#organization\",\"name\":\"bolting.eu\",\"url\":\"https:\/\/bolting.eu\/en\/\",\"logo\":{\"@id\":\"https:\/\/bolting.eu\/en\/shop\/beal-dyneema-rundschlinge-60cm\/#local-main-organization-logo\"},\"image\":{\"@id\":\"https:\/\/bolting.eu\/en\/shop\/beal-dyneema-rundschlinge-60cm\/#local-main-organization-logo\"},\"sameAs\":[\"https:\/\/www.facebook.com\/bolting.eu\",\"https:\/\/www.instagram.com\/bolting.eu\/\"],\"address\":{\"@id\":\"https:\/\/bolting.eu\/en\/shop\/beal-dyneema-rundschlinge-60cm\/#local-main-place-address\"},\"geo\":{\"@type\":\"GeoCoordinates\",\"latitude\":\"47.264176340396226\",\"longitude\":\"11.380109057672346\"},\"telephone\":[\"+43 699 19083372\"],\"openingHoursSpecification\":[{\"@type\":\"OpeningHoursSpecification\",\"dayOfWeek\":[\"Monday\",\"Wednesday\",\"Friday\"],\"opens\":\"14:00\",\"closes\":\"18:00\"},{\"@type\":\"OpeningHoursSpecification\",\"dayOfWeek\":[\"Tuesday\",\"Thursday\",\"Saturday\",\"Sunday\"],\"opens\":\"00:00\",\"closes\":\"00:00\"}],\"email\":\"office@bolting.eu\",\"vatID\":\"ATU59999728\",\"priceRange\":\"$$\",\"currenciesAccepted\":\"Euro\"},{\"@type\":\"PostalAddress\",\"@id\":\"https:\/\/bolting.eu\/en\/shop\/beal-dyneema-rundschlinge-60cm\/#local-main-place-address\",\"streetAddress\":\"Fischnalerstra\u00dfe 4\",\"addressLocality\":\"Innsbruck\",\"postalCode\":\"6020\",\"addressRegion\":\"Tirol\",\"addressCountry\":\"AT\"},{\"@type\":\"ImageObject\",\"inLanguage\":\"en-US\",\"@id\":\"https:\/\/bolting.eu\/en\/shop\/beal-dyneema-rundschlinge-60cm\/#local-main-organization-logo\",\"url\":\"https:\/\/bolting.eu\/wp-content\/uploads\/2019\/09\/bolting-logo.png\",\"contentUrl\":\"https:\/\/bolting.eu\/wp-content\/uploads\/2019\/09\/bolting-logo.png\",\"width\":400,\"height\":211,\"caption\":\"bolting.eu\"}]}<\/script>\n<meta property=\"product:price:amount\" content=\"10.90\" \/>\n<meta property=\"product:price:currency\" content=\"EUR\" \/>\n<meta property=\"og:availability\" content=\"out of stock\" \/>\n<meta property=\"product:availability\" content=\"out of stock\" \/>\n<meta property=\"product:retailer_item_id\" content=\"BSAD06.60\" \/>\n<meta property=\"product:condition\" content=\"new\" \/>\n<meta name=\"geo.placename\" content=\"Innsbruck\" \/>\n<meta name=\"geo.position\" content=\"47.264176340396226;11.380109057672346\" \/>\n<meta name=\"geo.region\" content=\"Austria\" \/>\n<!-- \/ Yoast SEO Premium plugin. -->","yoast_head_json":{"title":"Beal Dyneema Rundschlinge 60cm online kaufen beim Experten bolting.eu","description":"6mm Beal Dyneema Rundschlinge 60cm beim Kletterprofi kaufen \u2705 Trusted Shop \u2705 kostenloser Versand* \u2705 14 Tage R\u00fcckgaberecht \u2705 Co2 neutrale Zustellung","robots":{"index":"index","follow":"follow","max-snippet":"max-snippet:-1","max-image-preview":"max-image-preview:large","max-video-preview":"max-video-preview:-1"},"canonical":"https:\/\/bolting.eu\/en\/shop\/beal-dyneema-rundschlinge-60cm\/","og_locale":"en_US","og_type":"article","og_title":"Beal Dyneema Rundschlinge 60cm","og_description":"6mm Beal Dyneema Rundschlinge 60cm beim Kletterprofi kaufen \u2705 Trusted Shop \u2705 kostenloser Versand* \u2705 14 Tage R\u00fcckgaberecht \u2705 Co2 neutrale Zustellung","og_url":"https:\/\/bolting.eu\/en\/shop\/beal-dyneema-rundschlinge-60cm\/","og_site_name":"bolting.eu","article_publisher":"https:\/\/www.facebook.com\/bolting.eu","article_modified_time":"2025-05-22T05:48:07+00:00","og_image":[{"width":700,"height":700,"url":"https:\/\/bolting.eu\/wp-content\/uploads\/2020\/05\/Beal-Dyneema-Rundschlinge-60cm.jpg","type":"image\/jpeg"}],"twitter_card":"summary_large_image","twitter_misc":{"Price":"&euro;&nbsp;10,90","Availability":"Out of stock"},"schema":{"@context":"https:\/\/schema.org","@graph":[{"@type":["WebPage","ItemPage"],"@id":"https:\/\/bolting.eu\/en\/shop\/beal-dyneema-rundschlinge-60cm\/","url":"https:\/\/bolting.eu\/en\/shop\/beal-dyneema-rundschlinge-60cm\/","name":"Beal Dyneema Rundschlinge 60cm online kaufen beim Experten bolting.eu","isPartOf":{"@id":"https:\/\/bolting.eu\/en\/#website"},"primaryImageOfPage":{"@id":"https:\/\/bolting.eu\/en\/shop\/beal-dyneema-rundschlinge-60cm\/#primaryimage"},"image":{"@id":"https:\/\/bolting.eu\/en\/shop\/beal-dyneema-rundschlinge-60cm\/#primaryimage"},"thumbnailUrl":"https:\/\/bolting.eu\/wp-content\/uploads\/2020\/05\/Beal-Dyneema-Rundschlinge-60cm.jpg","datePublished":"2020-05-21T17:49:51+00:00","dateModified":"2025-05-22T05:48:07+00:00","description":"6mm Beal Dyneema Rundschlinge 60cm beim Kletterprofi kaufen \u2705 Trusted Shop \u2705 kostenloser Versand* \u2705 14 Tage R\u00fcckgaberecht \u2705 Co2 neutrale Zustellung","breadcrumb":{"@id":"https:\/\/bolting.eu\/en\/shop\/beal-dyneema-rundschlinge-60cm\/#breadcrumb"},"inLanguage":"en-US","potentialAction":[{"@type":"ReadAction","target":["https:\/\/bolting.eu\/en\/shop\/beal-dyneema-rundschlinge-60cm\/"]}]},{"@type":"ImageObject","inLanguage":"en-US","@id":"https:\/\/bolting.eu\/en\/shop\/beal-dyneema-rundschlinge-60cm\/#primaryimage","url":"https:\/\/bolting.eu\/wp-content\/uploads\/2020\/05\/Beal-Dyneema-Rundschlinge-60cm.jpg","contentUrl":"https:\/\/bolting.eu\/wp-content\/uploads\/2020\/05\/Beal-Dyneema-Rundschlinge-60cm.jpg","width":700,"height":700,"caption":"Das Bild zeigt eine Beal Dyneema Rundschlinge 60cm. Sie liegt in einer Schlaufe gefaltet in Bildmitte. Man sieht den vern\u00e4hten Teil links im oberen Bereich."},{"@type":"BreadcrumbList","@id":"https:\/\/bolting.eu\/en\/shop\/beal-dyneema-rundschlinge-60cm\/#breadcrumb","itemListElement":[{"@type":"ListItem","position":1,"name":"Shop","item":"https:\/\/bolting.eu\/en\/shop\/"},{"@type":"ListItem","position":2,"name":"climbing equipment","item":"https:\/\/bolting.eu\/en\/produkt-kategorie\/climbing-equipment\/"},{"@type":"ListItem","position":3,"name":"Bandschlinge","item":"https:\/\/bolting.eu\/produkt-kategorie\/kletterausruestung\/bandschlinge\/"},{"@type":"ListItem","position":4,"name":"Beal Dyneema Rundschlinge 60cm"}]},{"@type":"WebSite","@id":"https:\/\/bolting.eu\/en\/#website","url":"https:\/\/bolting.eu\/en\/","name":"bolting.eu","description":"we make climbs happen","publisher":{"@id":"https:\/\/bolting.eu\/en\/#organization"},"potentialAction":[{"@type":"SearchAction","target":{"@type":"EntryPoint","urlTemplate":"https:\/\/bolting.eu\/en\/?s={search_term_string}"},"query-input":{"@type":"PropertyValueSpecification","valueRequired":true,"valueName":"search_term_string"}}],"inLanguage":"en-US"},{"@type":["Organization","Place","SportingGoodsStore"],"@id":"https:\/\/bolting.eu\/en\/#organization","name":"bolting.eu","url":"https:\/\/bolting.eu\/en\/","logo":{"@id":"https:\/\/bolting.eu\/en\/shop\/beal-dyneema-rundschlinge-60cm\/#local-main-organization-logo"},"image":{"@id":"https:\/\/bolting.eu\/en\/shop\/beal-dyneema-rundschlinge-60cm\/#local-main-organization-logo"},"sameAs":["https:\/\/www.facebook.com\/bolting.eu","https:\/\/www.instagram.com\/bolting.eu\/"],"address":{"@id":"https:\/\/bolting.eu\/en\/shop\/beal-dyneema-rundschlinge-60cm\/#local-main-place-address"},"geo":{"@type":"GeoCoordinates","latitude":"47.264176340396226","longitude":"11.380109057672346"},"telephone":["+43 699 19083372"],"openingHoursSpecification":[{"@type":"OpeningHoursSpecification","dayOfWeek":["Monday","Wednesday","Friday"],"opens":"14:00","closes":"18:00"},{"@type":"OpeningHoursSpecification","dayOfWeek":["Tuesday","Thursday","Saturday","Sunday"],"opens":"00:00","closes":"00:00"}],"email":"office@bolting.eu","vatID":"ATU59999728","priceRange":"$$","currenciesAccepted":"Euro"},{"@type":"PostalAddress","@id":"https:\/\/bolting.eu\/en\/shop\/beal-dyneema-rundschlinge-60cm\/#local-main-place-address","streetAddress":"Fischnalerstra\u00dfe 4","addressLocality":"Innsbruck","postalCode":"6020","addressRegion":"Tirol","addressCountry":"AT"},{"@type":"ImageObject","inLanguage":"en-US","@id":"https:\/\/bolting.eu\/en\/shop\/beal-dyneema-rundschlinge-60cm\/#local-main-organization-logo","url":"https:\/\/bolting.eu\/wp-content\/uploads\/2019\/09\/bolting-logo.png","contentUrl":"https:\/\/bolting.eu\/wp-content\/uploads\/2019\/09\/bolting-logo.png","width":400,"height":211,"caption":"bolting.eu"}]},"product_price_amount":"10.90","product_price_currency":"EUR","og_availability":"out of stock","product_availability":"out of stock","product_retailer_item_id":"BSAD06.60","product_condition":"new","geo.placename":"Innsbruck","geo.position":{"lat":"47.264176340396226","long":"11.380109057672346"},"geo.region":"Austria"},"_links":{"self":[{"href":"https:\/\/bolting.eu\/en\/wp-json\/wp\/v2\/product\/3450","targetHints":{"allow":["GET"]}}],"collection":[{"href":"https:\/\/bolting.eu\/en\/wp-json\/wp\/v2\/product"}],"about":[{"href":"https:\/\/bolting.eu\/en\/wp-json\/wp\/v2\/types\/product"}],"replies":[{"embeddable":true,"href":"https:\/\/bolting.eu\/en\/wp-json\/wp\/v2\/comments?post=3450"}],"wp:featuredmedia":[{"embeddable":true,"href":"https:\/\/bolting.eu\/en\/wp-json\/wp\/v2\/media\/3453"}],"wp:attachment":[{"href":"https:\/\/bolting.eu\/en\/wp-json\/wp\/v2\/media?parent=3450"}],"wp:term":[{"taxonomy":"product_brand","embeddable":true,"href":"https:\/\/bolting.eu\/en\/wp-json\/wp\/v2\/product_brand?post=3450"},{"taxonomy":"product_cat","embeddable":true,"href":"https:\/\/bolting.eu\/en\/wp-json\/wp\/v2\/product_cat?post=3450"},{"taxonomy":"product_tag","embeddable":true,"href":"https:\/\/bolting.eu\/en\/wp-json\/wp\/v2\/product_tag?post=3450"}],"curies":[{"name":"wp","href":"https:\/\/api.w.org\/{rel}","templated":true}]}}