{"id":3446,"date":"2020-05-22T13:52:48","date_gmt":"2020-05-22T11:52:48","guid":{"rendered":"https:\/\/bolting.eu\/?post_type=product&#038;p=3446"},"modified":"2024-12-31T20:55:31","modified_gmt":"2024-12-31T19:55:31","slug":"beal-rope-end-kit","status":"publish","type":"product","link":"https:\/\/bolting.eu\/en\/shop\/beal-rope-end-kit\/","title":{"rendered":"Beal Rope End Kit"},"content":{"rendered":"<p>Der Beal Rope End Kit ist ein wichtiges Zubeh\u00f6r wie z.B. auch die <a href=\"https:\/\/bolting.eu\/produkt-kategorie\/kletterausruestung\/seilsaecke\/\">Seils\u00e4cke<\/a>. Denn damit lassen sich <a href=\"https:\/\/bolting.eu\/produkt-kategorie\/kletterseil\/\">Kletterseile<\/a> rasch und unkompliziert markieren bzw. identifizieren. Folglich ist dieses Produkt etwas f\u00fcr Kletterer und H\u00f6henarbeiter, die einen guten \u00dcberblick bewahren wollen. Erstens \u00fcber die Verwendungsfrist. Zweitens \u00fcber die Einsatzh\u00e4ufigkeit. Und drittens \u00fcber Details wie beispielsweise die aktuelle L\u00e4nge.<\/p>\n<h2>Eigenschaften Beal Rope End Kit<\/h2>\n<ul>\n<li>Hersteller: Beal<\/li>\n<li>einfach handhabbares Markierungssystem<\/li>\n<li>Markierungsstreifen und thermo-verformbare Sch\u00fctzh\u00fcllen<\/li>\n<li>Schutzh\u00fcllen k\u00f6nnen mit F\u00f6hn angebracht werden<\/li>\n<li>Pack mit 20 Stk. Labels und 20 Stk. Endkappen<\/li>\n<li>zur Markierung der Seilenden<\/li>\n<\/ul>\n<h3>Anbringung Beal Rope End Kit<\/h3>\n<p><a href=\"https:\/\/bolting.eu\/wp-content\/uploads\/2020\/05\/Beal-Rope-End-Kit-Verwendung-2.jpg\"><img loading=\"lazy\" decoding=\"async\" class=\"alignleft wp-image-3456 size-thumbnail\" src=\"https:\/\/bolting.eu\/wp-content\/uploads\/2020\/05\/Beal-Rope-End-Kit-Verwendung-2-280x280.jpg\" alt=\"Das Bild zeigt die Verwendung des Beal Rope End Kit. In Zwei Grafiken wird zuerst das Anbringen des Labels und der Schutzh\u00fclle gezeigt. Dann in der zweiten Grafik die Fixierung der Schrumpfh\u00fclle mit einem F\u00f6hn.\" width=\"280\" height=\"280\" srcset=\"https:\/\/bolting.eu\/wp-content\/uploads\/2020\/05\/Beal-Rope-End-Kit-Verwendung-2-280x280.jpg 280w, https:\/\/bolting.eu\/wp-content\/uploads\/2020\/05\/Beal-Rope-End-Kit-Verwendung-2-247x247.jpg 247w, https:\/\/bolting.eu\/wp-content\/uploads\/2020\/05\/Beal-Rope-End-Kit-Verwendung-2-100x100.jpg 100w, https:\/\/bolting.eu\/wp-content\/uploads\/2020\/05\/Beal-Rope-End-Kit-Verwendung-2-510x510.jpg 510w, https:\/\/bolting.eu\/wp-content\/uploads\/2020\/05\/Beal-Rope-End-Kit-Verwendung-2-400x400.jpg 400w, https:\/\/bolting.eu\/wp-content\/uploads\/2020\/05\/Beal-Rope-End-Kit-Verwendung-2-300x300.jpg 300w, https:\/\/bolting.eu\/wp-content\/uploads\/2020\/05\/Beal-Rope-End-Kit-Verwendung-2-600x600.jpg 600w, https:\/\/bolting.eu\/wp-content\/uploads\/2020\/05\/Beal-Rope-End-Kit-Verwendung-2.jpg 700w\" sizes=\"auto, (max-width: 280px) 100vw, 280px\" \/><\/a>Einfach die gew\u00fcnschte Info mit Permanent Marker auf das Label schreiben. Auf das Seilende kleben und dann die Schutzh\u00fclle dar\u00fcber schieben. Dann mit einem F\u00f6hn \u00fcber 80\u00b0 C aufheizen. Hiermit bringt ihr den Plastik Schrumpfschlauch zum Zusammenziehen. Folglich umschlie\u00dft er dann fest das Seilende. Somit kann die Markierung nicht mehr abgehen.<\/p>\n<h2>Wieso Beal Rope End Kit verwenden?<\/h2>\n<p>Sich selber eine Markierung ans Seilende zu machen kann unterschiedliche Gr\u00fcnde haben. Zum einen ganz einfach die Info wie lange das Seil noch ist. Zum anderen \u00fcberwiegt aber in in den meisten Situationen der Sicherheitsaspekt.<\/p>\n<h3>L\u00e4nge des Seiles erkennbar machen<\/h3>\n<p>Die Markierung am Seilende mit der L\u00e4nge kann eine wichtige Info sein. Geht sich das Ablassen bei der 35m Route noch aus? Kann ich beim Top-Rope Sichern noch etwas den Hang hinunter gehen? Wird sich der 30m Abseiler ausgehen? Selbst wenn du wei\u00dft wie lange dein Seil ist. Wei\u00df es auch dein Seilpartner?<\/p>\n<p>Wir finden es ist einerseits super diese Info mit dem Beal Rope End kit am Seilende ist.<\/p>\n<h3>Identifikation des Seiles<\/h3>\n<p>Eine eindeutige Identifikation der Seile mit dem Beal Rope End Kit ist vor allem f\u00fcr H\u00f6henarbeiter wichtig. Sie f\u00fchren ein Seil Buch, wo alle Arbeitseins\u00e4tze sowie die Art der Arbeit und Beanspruchung eingetragen werden. Dar\u00fcber hinaus wird der Zustand laufend mit markiert. Somit haben sie einen exakten \u00dcberblick wieviel &#8220;Stunden&#8221; ein Seil schon am Buckel hat.<\/p>\n<p>Das geht nat\u00fcrlich nur, wenn jedes Seil sofort individuell identifizierbar ist.<\/p>\n<p>Genau das selbe Prinzip gilt f\u00fcr das Klettern. Oder besser ausgedr\u00fcckt. Wer sein Seil Management sehr ernst nimmt f\u00fchrt dar\u00fcber Buch.<\/p>\n<h3>Gebrauchsdauer dokumentieren<\/h3>\n<p>Es gibt einen weiteren guten Grund f\u00fcr die Verwendung des Beal Rope End Kit. N\u00e4mlich die Info, wie lange \u00fcberhaupt ein Seil schon verwendet wird. Auch wenn man es nur sporadisch benutzt. Auch ein nur sporadisch verwendetes Seil erreicht irgendwann seine Gebrauchsfrist. Deswegen sollte man es mit dem Jahr des Kaufs markieren. Bei Seilen ist das in der Regel nach 10 Jahren ab der 1. Verwendung.<\/p>\n<p>Link Tipp: <a href=\"https:\/\/pro.beal-planet.com\" target=\"_blank\" rel=\"noopener noreferrer\">zum Hersteller<\/a><\/p>\n","protected":false},"excerpt":{"rendered":"<ul>\n<li>Hersteller: Beal<\/li>\n<li>einfach handhabbares Markierungssystem<\/li>\n<li>Markierungsstreifen und thermo-verformbare Sch\u00fctzh\u00fcllen<\/li>\n<li>Schutzh\u00fcllen k\u00f6nnen mit F\u00f6hn angebracht werden<\/li>\n<li>Pack mit 20 Stk. Labels und 20 Stk. Endkappen<\/li>\n<li>zur Markierung der Seilenden<\/li>\n<\/ul>\n","protected":false},"featured_media":3454,"comment_status":"open","ping_status":"closed","template":"","meta":[],"product_brand":[],"product_cat":[4663,5061,6727,29],"product_tag":[],"class_list":{"0":"post-3446","1":"product","2":"type-product","3":"status-publish","4":"has-post-thumbnail","6":"product_cat-beal","7":"product_cat-kletterzubehoer","8":"product_cat-kletterseil","9":"product_cat-kletterausruestung","11":"first","12":"outofstock","13":"taxable","14":"shipping-taxable","15":"purchasable","16":"product-type-simple"},"yoast_head":"<!-- This site is optimized with the Yoast SEO Premium plugin v26.9 (Yoast SEO v26.9) - https:\/\/yoast.com\/product\/yoast-seo-premium-wordpress\/ -->\n<title>Beal Rope End Kit - DIY Kletterseil Markierung online kaufen bei bolting.eu<\/title>\n<meta name=\"description\" content=\"Hier findest du den BEAL ROPE END KIT mit 10 Stk.Labels und 20 Endkappen. Dein Kletterseil einfach selber und professionell an den Enden markieren!\" \/>\n<meta name=\"robots\" content=\"index, follow, max-snippet:-1, max-image-preview:large, max-video-preview:-1\" \/>\n<link rel=\"canonical\" href=\"https:\/\/bolting.eu\/en\/shop\/beal-rope-end-kit\/\" \/>\n<meta property=\"og:locale\" content=\"en_US\" \/>\n<meta property=\"og:type\" content=\"article\" \/>\n<meta property=\"og:title\" content=\"Beal Rope End Kit\" \/>\n<meta property=\"og:description\" content=\"Hier findest du den BEAL ROPE END KIT mit 10 Stk.Labels und 20 Endkappen. Dein Kletterseil einfach selber und professionell an den Enden markieren!\" \/>\n<meta property=\"og:url\" content=\"https:\/\/bolting.eu\/en\/shop\/beal-rope-end-kit\/\" \/>\n<meta property=\"og:site_name\" content=\"bolting.eu\" \/>\n<meta property=\"article:publisher\" content=\"https:\/\/www.facebook.com\/bolting.eu\" \/>\n<meta property=\"article:modified_time\" content=\"2024-12-31T19:55:31+00:00\" \/>\n<meta property=\"og:image\" content=\"https:\/\/bolting.eu\/wp-content\/uploads\/2020\/05\/Beal-Rope-End-Kit.jpg\" \/>\n\t<meta property=\"og:image:width\" content=\"700\" \/>\n\t<meta property=\"og:image:height\" content=\"700\" \/>\n\t<meta property=\"og:image:type\" content=\"image\/jpeg\" \/>\n<meta name=\"twitter:card\" content=\"summary_large_image\" \/>\n<meta name=\"twitter:label1\" content=\"Price\" \/>\n\t<meta name=\"twitter:data1\" content=\"&euro;&nbsp;9,90\" \/>\n\t<meta name=\"twitter:label2\" content=\"Availability\" \/>\n\t<meta name=\"twitter:data2\" content=\"Out of stock\" \/>\n<script type=\"application\/ld+json\" class=\"yoast-schema-graph\">{\"@context\":\"https:\/\/schema.org\",\"@graph\":[{\"@type\":[\"WebPage\",\"ItemPage\"],\"@id\":\"https:\/\/bolting.eu\/en\/shop\/beal-rope-end-kit\/\",\"url\":\"https:\/\/bolting.eu\/en\/shop\/beal-rope-end-kit\/\",\"name\":\"Beal Rope End Kit - DIY Kletterseil Markierung online kaufen bei bolting.eu\",\"isPartOf\":{\"@id\":\"https:\/\/bolting.eu\/en\/#website\"},\"primaryImageOfPage\":{\"@id\":\"https:\/\/bolting.eu\/en\/shop\/beal-rope-end-kit\/#primaryimage\"},\"image\":{\"@id\":\"https:\/\/bolting.eu\/en\/shop\/beal-rope-end-kit\/#primaryimage\"},\"thumbnailUrl\":\"https:\/\/bolting.eu\/wp-content\/uploads\/2020\/05\/Beal-Rope-End-Kit.jpg\",\"datePublished\":\"2020-05-22T11:52:48+00:00\",\"dateModified\":\"2024-12-31T19:55:31+00:00\",\"description\":\"Hier findest du den BEAL ROPE END KIT mit 10 Stk.Labels und 20 Endkappen. Dein Kletterseil einfach selber und professionell an den Enden markieren!\",\"breadcrumb\":{\"@id\":\"https:\/\/bolting.eu\/en\/shop\/beal-rope-end-kit\/#breadcrumb\"},\"inLanguage\":\"en-US\",\"potentialAction\":[{\"@type\":\"ReadAction\",\"target\":[\"https:\/\/bolting.eu\/en\/shop\/beal-rope-end-kit\/\"]}]},{\"@type\":\"ImageObject\",\"inLanguage\":\"en-US\",\"@id\":\"https:\/\/bolting.eu\/en\/shop\/beal-rope-end-kit\/#primaryimage\",\"url\":\"https:\/\/bolting.eu\/wp-content\/uploads\/2020\/05\/Beal-Rope-End-Kit.jpg\",\"contentUrl\":\"https:\/\/bolting.eu\/wp-content\/uploads\/2020\/05\/Beal-Rope-End-Kit.jpg\",\"width\":700,\"height\":700,\"caption\":\"Das Bild zeigt den BEal Rope End Kit. Zu sehen ist ein Ensemble aus Gebrauchsanweisung, einer Reihe an unbeschrifteten Labels sowie durchsichtigen Plastikh\u00fcllen.\"},{\"@type\":\"BreadcrumbList\",\"@id\":\"https:\/\/bolting.eu\/en\/shop\/beal-rope-end-kit\/#breadcrumb\",\"itemListElement\":[{\"@type\":\"ListItem\",\"position\":1,\"name\":\"Shop\",\"item\":\"https:\/\/bolting.eu\/en\/shop\/\"},{\"@type\":\"ListItem\",\"position\":2,\"name\":\"climbing equipment\",\"item\":\"https:\/\/bolting.eu\/en\/produkt-kategorie\/climbing-equipment\/\"},{\"@type\":\"ListItem\",\"position\":3,\"name\":\"Kletterseil\",\"item\":\"https:\/\/bolting.eu\/produkt-kategorie\/kletterausruestung\/kletterseil\/\"},{\"@type\":\"ListItem\",\"position\":4,\"name\":\"Beal Rope End Kit\"}]},{\"@type\":\"WebSite\",\"@id\":\"https:\/\/bolting.eu\/en\/#website\",\"url\":\"https:\/\/bolting.eu\/en\/\",\"name\":\"bolting.eu\",\"description\":\"we make climbs happen\",\"publisher\":{\"@id\":\"https:\/\/bolting.eu\/en\/#organization\"},\"potentialAction\":[{\"@type\":\"SearchAction\",\"target\":{\"@type\":\"EntryPoint\",\"urlTemplate\":\"https:\/\/bolting.eu\/en\/?s={search_term_string}\"},\"query-input\":{\"@type\":\"PropertyValueSpecification\",\"valueRequired\":true,\"valueName\":\"search_term_string\"}}],\"inLanguage\":\"en-US\"},{\"@type\":[\"Organization\",\"Place\",\"SportingGoodsStore\"],\"@id\":\"https:\/\/bolting.eu\/en\/#organization\",\"name\":\"bolting.eu\",\"url\":\"https:\/\/bolting.eu\/en\/\",\"logo\":{\"@id\":\"https:\/\/bolting.eu\/en\/shop\/beal-rope-end-kit\/#local-main-organization-logo\"},\"image\":{\"@id\":\"https:\/\/bolting.eu\/en\/shop\/beal-rope-end-kit\/#local-main-organization-logo\"},\"sameAs\":[\"https:\/\/www.facebook.com\/bolting.eu\",\"https:\/\/www.instagram.com\/bolting.eu\/\"],\"address\":{\"@id\":\"https:\/\/bolting.eu\/en\/shop\/beal-rope-end-kit\/#local-main-place-address\"},\"geo\":{\"@type\":\"GeoCoordinates\",\"latitude\":\"47.264176340396226\",\"longitude\":\"11.380109057672346\"},\"telephone\":[\"+43 699 19083372\"],\"openingHoursSpecification\":[{\"@type\":\"OpeningHoursSpecification\",\"dayOfWeek\":[\"Monday\",\"Wednesday\",\"Friday\"],\"opens\":\"14:00\",\"closes\":\"18:00\"},{\"@type\":\"OpeningHoursSpecification\",\"dayOfWeek\":[\"Tuesday\",\"Thursday\",\"Saturday\",\"Sunday\"],\"opens\":\"00:00\",\"closes\":\"00:00\"}],\"email\":\"office@bolting.eu\",\"vatID\":\"ATU59999728\",\"priceRange\":\"$$\",\"currenciesAccepted\":\"Euro\"},{\"@type\":\"PostalAddress\",\"@id\":\"https:\/\/bolting.eu\/en\/shop\/beal-rope-end-kit\/#local-main-place-address\",\"streetAddress\":\"Fischnalerstra\u00dfe 4\",\"addressLocality\":\"Innsbruck\",\"postalCode\":\"6020\",\"addressRegion\":\"Tirol\",\"addressCountry\":\"AT\"},{\"@type\":\"ImageObject\",\"inLanguage\":\"en-US\",\"@id\":\"https:\/\/bolting.eu\/en\/shop\/beal-rope-end-kit\/#local-main-organization-logo\",\"url\":\"https:\/\/bolting.eu\/wp-content\/uploads\/2019\/09\/bolting-logo.png\",\"contentUrl\":\"https:\/\/bolting.eu\/wp-content\/uploads\/2019\/09\/bolting-logo.png\",\"width\":400,\"height\":211,\"caption\":\"bolting.eu\"}]}<\/script>\n<meta property=\"product:price:amount\" content=\"9.90\" \/>\n<meta property=\"product:price:currency\" content=\"EUR\" \/>\n<meta property=\"og:availability\" content=\"out of stock\" \/>\n<meta property=\"product:availability\" content=\"out of stock\" \/>\n<meta property=\"product:retailer_item_id\" content=\"BREP\" \/>\n<meta property=\"product:condition\" content=\"new\" \/>\n<meta name=\"geo.placename\" content=\"Innsbruck\" \/>\n<meta name=\"geo.position\" content=\"47.264176340396226;11.380109057672346\" \/>\n<meta name=\"geo.region\" content=\"Austria\" \/>\n<!-- \/ Yoast SEO Premium plugin. -->","yoast_head_json":{"title":"Beal Rope End Kit - DIY Kletterseil Markierung online kaufen bei bolting.eu","description":"Hier findest du den BEAL ROPE END KIT mit 10 Stk.Labels und 20 Endkappen. Dein Kletterseil einfach selber und professionell an den Enden markieren!","robots":{"index":"index","follow":"follow","max-snippet":"max-snippet:-1","max-image-preview":"max-image-preview:large","max-video-preview":"max-video-preview:-1"},"canonical":"https:\/\/bolting.eu\/en\/shop\/beal-rope-end-kit\/","og_locale":"en_US","og_type":"article","og_title":"Beal Rope End Kit","og_description":"Hier findest du den BEAL ROPE END KIT mit 10 Stk.Labels und 20 Endkappen. Dein Kletterseil einfach selber und professionell an den Enden markieren!","og_url":"https:\/\/bolting.eu\/en\/shop\/beal-rope-end-kit\/","og_site_name":"bolting.eu","article_publisher":"https:\/\/www.facebook.com\/bolting.eu","article_modified_time":"2024-12-31T19:55:31+00:00","og_image":[{"width":700,"height":700,"url":"https:\/\/bolting.eu\/wp-content\/uploads\/2020\/05\/Beal-Rope-End-Kit.jpg","type":"image\/jpeg"}],"twitter_card":"summary_large_image","twitter_misc":{"Price":"&euro;&nbsp;9,90","Availability":"Out of stock"},"schema":{"@context":"https:\/\/schema.org","@graph":[{"@type":["WebPage","ItemPage"],"@id":"https:\/\/bolting.eu\/en\/shop\/beal-rope-end-kit\/","url":"https:\/\/bolting.eu\/en\/shop\/beal-rope-end-kit\/","name":"Beal Rope End Kit - DIY Kletterseil Markierung online kaufen bei bolting.eu","isPartOf":{"@id":"https:\/\/bolting.eu\/en\/#website"},"primaryImageOfPage":{"@id":"https:\/\/bolting.eu\/en\/shop\/beal-rope-end-kit\/#primaryimage"},"image":{"@id":"https:\/\/bolting.eu\/en\/shop\/beal-rope-end-kit\/#primaryimage"},"thumbnailUrl":"https:\/\/bolting.eu\/wp-content\/uploads\/2020\/05\/Beal-Rope-End-Kit.jpg","datePublished":"2020-05-22T11:52:48+00:00","dateModified":"2024-12-31T19:55:31+00:00","description":"Hier findest du den BEAL ROPE END KIT mit 10 Stk.Labels und 20 Endkappen. Dein Kletterseil einfach selber und professionell an den Enden markieren!","breadcrumb":{"@id":"https:\/\/bolting.eu\/en\/shop\/beal-rope-end-kit\/#breadcrumb"},"inLanguage":"en-US","potentialAction":[{"@type":"ReadAction","target":["https:\/\/bolting.eu\/en\/shop\/beal-rope-end-kit\/"]}]},{"@type":"ImageObject","inLanguage":"en-US","@id":"https:\/\/bolting.eu\/en\/shop\/beal-rope-end-kit\/#primaryimage","url":"https:\/\/bolting.eu\/wp-content\/uploads\/2020\/05\/Beal-Rope-End-Kit.jpg","contentUrl":"https:\/\/bolting.eu\/wp-content\/uploads\/2020\/05\/Beal-Rope-End-Kit.jpg","width":700,"height":700,"caption":"Das Bild zeigt den BEal Rope End Kit. Zu sehen ist ein Ensemble aus Gebrauchsanweisung, einer Reihe an unbeschrifteten Labels sowie durchsichtigen Plastikh\u00fcllen."},{"@type":"BreadcrumbList","@id":"https:\/\/bolting.eu\/en\/shop\/beal-rope-end-kit\/#breadcrumb","itemListElement":[{"@type":"ListItem","position":1,"name":"Shop","item":"https:\/\/bolting.eu\/en\/shop\/"},{"@type":"ListItem","position":2,"name":"climbing equipment","item":"https:\/\/bolting.eu\/en\/produkt-kategorie\/climbing-equipment\/"},{"@type":"ListItem","position":3,"name":"Kletterseil","item":"https:\/\/bolting.eu\/produkt-kategorie\/kletterausruestung\/kletterseil\/"},{"@type":"ListItem","position":4,"name":"Beal Rope End Kit"}]},{"@type":"WebSite","@id":"https:\/\/bolting.eu\/en\/#website","url":"https:\/\/bolting.eu\/en\/","name":"bolting.eu","description":"we make climbs happen","publisher":{"@id":"https:\/\/bolting.eu\/en\/#organization"},"potentialAction":[{"@type":"SearchAction","target":{"@type":"EntryPoint","urlTemplate":"https:\/\/bolting.eu\/en\/?s={search_term_string}"},"query-input":{"@type":"PropertyValueSpecification","valueRequired":true,"valueName":"search_term_string"}}],"inLanguage":"en-US"},{"@type":["Organization","Place","SportingGoodsStore"],"@id":"https:\/\/bolting.eu\/en\/#organization","name":"bolting.eu","url":"https:\/\/bolting.eu\/en\/","logo":{"@id":"https:\/\/bolting.eu\/en\/shop\/beal-rope-end-kit\/#local-main-organization-logo"},"image":{"@id":"https:\/\/bolting.eu\/en\/shop\/beal-rope-end-kit\/#local-main-organization-logo"},"sameAs":["https:\/\/www.facebook.com\/bolting.eu","https:\/\/www.instagram.com\/bolting.eu\/"],"address":{"@id":"https:\/\/bolting.eu\/en\/shop\/beal-rope-end-kit\/#local-main-place-address"},"geo":{"@type":"GeoCoordinates","latitude":"47.264176340396226","longitude":"11.380109057672346"},"telephone":["+43 699 19083372"],"openingHoursSpecification":[{"@type":"OpeningHoursSpecification","dayOfWeek":["Monday","Wednesday","Friday"],"opens":"14:00","closes":"18:00"},{"@type":"OpeningHoursSpecification","dayOfWeek":["Tuesday","Thursday","Saturday","Sunday"],"opens":"00:00","closes":"00:00"}],"email":"office@bolting.eu","vatID":"ATU59999728","priceRange":"$$","currenciesAccepted":"Euro"},{"@type":"PostalAddress","@id":"https:\/\/bolting.eu\/en\/shop\/beal-rope-end-kit\/#local-main-place-address","streetAddress":"Fischnalerstra\u00dfe 4","addressLocality":"Innsbruck","postalCode":"6020","addressRegion":"Tirol","addressCountry":"AT"},{"@type":"ImageObject","inLanguage":"en-US","@id":"https:\/\/bolting.eu\/en\/shop\/beal-rope-end-kit\/#local-main-organization-logo","url":"https:\/\/bolting.eu\/wp-content\/uploads\/2019\/09\/bolting-logo.png","contentUrl":"https:\/\/bolting.eu\/wp-content\/uploads\/2019\/09\/bolting-logo.png","width":400,"height":211,"caption":"bolting.eu"}]},"product_price_amount":"9.90","product_price_currency":"EUR","og_availability":"out of stock","product_availability":"out of stock","product_retailer_item_id":"BREP","product_condition":"new","geo.placename":"Innsbruck","geo.position":{"lat":"47.264176340396226","long":"11.380109057672346"},"geo.region":"Austria"},"_links":{"self":[{"href":"https:\/\/bolting.eu\/en\/wp-json\/wp\/v2\/product\/3446","targetHints":{"allow":["GET"]}}],"collection":[{"href":"https:\/\/bolting.eu\/en\/wp-json\/wp\/v2\/product"}],"about":[{"href":"https:\/\/bolting.eu\/en\/wp-json\/wp\/v2\/types\/product"}],"replies":[{"embeddable":true,"href":"https:\/\/bolting.eu\/en\/wp-json\/wp\/v2\/comments?post=3446"}],"wp:featuredmedia":[{"embeddable":true,"href":"https:\/\/bolting.eu\/en\/wp-json\/wp\/v2\/media\/3454"}],"wp:attachment":[{"href":"https:\/\/bolting.eu\/en\/wp-json\/wp\/v2\/media?parent=3446"}],"wp:term":[{"taxonomy":"product_brand","embeddable":true,"href":"https:\/\/bolting.eu\/en\/wp-json\/wp\/v2\/product_brand?post=3446"},{"taxonomy":"product_cat","embeddable":true,"href":"https:\/\/bolting.eu\/en\/wp-json\/wp\/v2\/product_cat?post=3446"},{"taxonomy":"product_tag","embeddable":true,"href":"https:\/\/bolting.eu\/en\/wp-json\/wp\/v2\/product_tag?post=3446"}],"curies":[{"name":"wp","href":"https:\/\/api.w.org\/{rel}","templated":true}]}}