{"id":3443,"date":"2020-05-19T12:00:33","date_gmt":"2020-05-19T10:00:33","guid":{"rendered":"https:\/\/bolting.eu\/?post_type=product&#038;p=3443"},"modified":"2026-02-27T17:06:15","modified_gmt":"2026-02-27T16:06:15","slug":"seilmarker-beal-roper-marker","status":"publish","type":"product","link":"https:\/\/bolting.eu\/en\/shop\/seilmarker-beal-roper-marker\/","title":{"rendered":"Seilmarker Beal Roper Marker"},"content":{"rendered":"<p>Der Seilmarker von Beal, auch Rope Marker genannt, ist ein n\u00fctzliches Zubeh\u00f6r. Denn damit kann man alle Typen von <a href=\"https:\/\/bolting.eu\/produkt-kategorie\/kletterseil\/\">Kletterseilen<\/a> markieren.<\/p>\n<p>Zum einen ist die Markierung der Seilmitte f\u00fcr viele ein Thema. Zum anderen die Kennzeichnung der letzten drei Meter.<\/p>\n<p>Hierf\u00fcr ist der Stift die perfekte L\u00f6sung. Denn erstens ist die Farbe speziell f\u00fcr die Seilfasern entwickelt worden. Somit f\u00fcgt sie dem Mantel oder Kern keinen Schaden zu.<\/p>\n<p>Zweitens ist die Farbe weich und langlebig. Sie bleibt f\u00fcr immer am Seil haften, macht es aber nicht hart an der Stelle.<\/p>\n<p>Kurzum. Ein sehr hilfreiches und wichtiges Teil das in keiner Kletterausr\u00fcstung fehlen sollte!<\/p>\n<h2>Eigenschaften Beal Rope Marker<\/h2>\n<ul>\n<li>Hersteller: Beal<\/li>\n<li>spezieller Seilmarker f\u00fcr Kletterseile entwickelt<\/li>\n<li>markiert schonend den Mantel<\/li>\n<li>wasserabweisend<\/li>\n<li>langlebig und abriebfest<\/li>\n<li>macht das Seil NICHT hart an der markierten Stelle<\/li>\n<li>Inhalt: Spezialfarbe<\/li>\n<li>Verpackung: recyclebares Kunststoff Fl\u00e4schchen<\/li>\n<li>reicht f\u00fcr ca. 30 Markierungen \u00e1 5cm<\/li>\n<\/ul>\n<h3>Markierung der Seilmitte<\/h3>\n<p>Die Kennzeichnung der Seilmitte mit dem Beal Rope Marker eine wichtige Sicherheitsvorkehrung sein. So wei\u00df man eben wo sich die Mitte befindet. Dies ist beispielsweise beim Abseilen in Mehrseill\u00e4ngen oder beim Ablassen in langen Routen enorm hilfreich. Beachtet hierbei allerdings! Wer sein Seil an einem Ende abschneidet, muss es auch am anderen Ende tun. Denn folglich passt die Mittelmarkierung sonst logischer Weise nicht mehr!<\/p>\n<h3>Markierung der Seilenden<\/h3>\n<p>Mit dem Seilmarker k\u00f6nnt ihr weiters die Seilenden kennzeichnen. Die ist vor allem beim Abseilen hilfreich. Denn damit hat man immer eine optische Erinnerung: Achtung! Seil ist gleich aus!<\/p>\n<p>Wir empfehlen euch die Markierung mind. 3 Meter vor dem Ende. Zudem weisen wir ganz klar darauf hin. Das ist kein Ersatz f\u00fcr Knoten im Seilende!<\/p>\n<p>Link Tipp: Hier geht es <a href=\"https:\/\/sport.beal-planet.com\" target=\"_blank\" rel=\"noopener noreferrer\">zum Hersteller<\/a><\/p>\n","protected":false},"excerpt":{"rendered":"<p>Ganz spezielle Tinte spezifisch f\u00fcr Kletterseile.<\/p>\n<p>Wird mit Pinselaufsatz am Fl\u00e4schchen angebracht. Reicht f\u00fcr ca. 30 Markierungen \u00e1 5cm.<\/p>\n<p>Versandkostenfrei bis 2kg in\u00a0<img decoding=\"async\" class=\"emoji\" role=\"img\" draggable=\"false\" src=\"https:\/\/s.w.org\/images\/core\/emoji\/14.0.0\/svg\/1f1e6-1f1f9.svg\" alt=\"\ud83c\udde6\ud83c\uddf9\" \/>\u00a0ab \u20ac 100,- und\u00a0<img decoding=\"async\" class=\"emoji\" role=\"img\" draggable=\"false\" src=\"https:\/\/s.w.org\/images\/core\/emoji\/14.0.0\/svg\/1f1e9-1f1ea.svg\" alt=\"\ud83c\udde9\ud83c\uddea\" \/>\u00a0ab \u20ac 200,-!<\/p>\n","protected":false},"featured_media":37155,"comment_status":"open","ping_status":"closed","template":"","meta":[],"product_brand":[],"product_cat":[6727,29,4663,5061],"product_tag":[],"class_list":{"0":"post-3443","1":"product","2":"type-product","3":"status-publish","4":"has-post-thumbnail","6":"product_cat-kletterseil","7":"product_cat-kletterausruestung","8":"product_cat-beal","9":"product_cat-kletterzubehoer","11":"first","12":"instock","13":"taxable","14":"shipping-taxable","15":"purchasable","16":"product-type-simple"},"yoast_head":"<!-- This site is optimized with the Yoast SEO Premium plugin v26.9 (Yoast SEO v26.9) - https:\/\/yoast.com\/product\/yoast-seo-premium-wordpress\/ -->\n<title>Seilmarker Beal Roper Marker f\u00fcr Mittel- und Endmarkierungen | bolting.eu<\/title>\n<meta name=\"description\" content=\"BEAL ROPE MARKER beim Innsbrucker Kletterprofi kaufen \u2705 Trusted Shop \u2705 kostenloser Versand* \u2705 14 Tage R\u00fcckgaberecht \u2705 Co2 neutrale Zustellung\" \/>\n<meta name=\"robots\" content=\"index, follow, max-snippet:-1, max-image-preview:large, max-video-preview:-1\" \/>\n<link rel=\"canonical\" href=\"https:\/\/bolting.eu\/en\/shop\/seilmarker-beal-roper-marker\/\" \/>\n<meta property=\"og:locale\" content=\"en_US\" \/>\n<meta property=\"og:type\" content=\"article\" \/>\n<meta property=\"og:title\" content=\"Seilmarker Beal Roper Marker\" \/>\n<meta property=\"og:description\" content=\"BEAL ROPE MARKER beim Innsbrucker Kletterprofi kaufen \u2705 Trusted Shop \u2705 kostenloser Versand* \u2705 14 Tage R\u00fcckgaberecht \u2705 Co2 neutrale Zustellung\" \/>\n<meta property=\"og:url\" content=\"https:\/\/bolting.eu\/en\/shop\/seilmarker-beal-roper-marker\/\" \/>\n<meta property=\"og:site_name\" content=\"bolting.eu\" \/>\n<meta property=\"article:publisher\" content=\"https:\/\/www.facebook.com\/bolting.eu\" \/>\n<meta property=\"article:modified_time\" content=\"2026-02-27T16:06:15+00:00\" \/>\n<meta property=\"og:image\" content=\"https:\/\/bolting.eu\/wp-content\/uploads\/2020\/05\/Beal-Rope-MArker-1.jpg\" \/>\n\t<meta property=\"og:image:width\" content=\"700\" \/>\n\t<meta property=\"og:image:height\" content=\"700\" \/>\n\t<meta property=\"og:image:type\" content=\"image\/jpeg\" \/>\n<meta name=\"twitter:card\" content=\"summary_large_image\" \/>\n<meta name=\"twitter:label1\" content=\"Price\" \/>\n\t<meta name=\"twitter:data1\" content=\"&euro;&nbsp;15,00\" \/>\n\t<meta name=\"twitter:label2\" content=\"Availability\" \/>\n\t<meta name=\"twitter:data2\" content=\"In stock\" \/>\n<script type=\"application\/ld+json\" class=\"yoast-schema-graph\">{\"@context\":\"https:\/\/schema.org\",\"@graph\":[{\"@type\":[\"WebPage\",\"ItemPage\"],\"@id\":\"https:\/\/bolting.eu\/en\/shop\/seilmarker-beal-roper-marker\/\",\"url\":\"https:\/\/bolting.eu\/en\/shop\/seilmarker-beal-roper-marker\/\",\"name\":\"Seilmarker Beal Roper Marker f\u00fcr Mittel- und Endmarkierungen | bolting.eu\",\"isPartOf\":{\"@id\":\"https:\/\/bolting.eu\/en\/#website\"},\"primaryImageOfPage\":{\"@id\":\"https:\/\/bolting.eu\/en\/shop\/seilmarker-beal-roper-marker\/#primaryimage\"},\"image\":{\"@id\":\"https:\/\/bolting.eu\/en\/shop\/seilmarker-beal-roper-marker\/#primaryimage\"},\"thumbnailUrl\":\"https:\/\/bolting.eu\/wp-content\/uploads\/2020\/05\/Beal-Rope-MArker-1.jpg\",\"datePublished\":\"2020-05-19T10:00:33+00:00\",\"dateModified\":\"2026-02-27T16:06:15+00:00\",\"description\":\"BEAL ROPE MARKER beim Innsbrucker Kletterprofi kaufen \u2705 Trusted Shop \u2705 kostenloser Versand* \u2705 14 Tage R\u00fcckgaberecht \u2705 Co2 neutrale Zustellung\",\"breadcrumb\":{\"@id\":\"https:\/\/bolting.eu\/en\/shop\/seilmarker-beal-roper-marker\/#breadcrumb\"},\"inLanguage\":\"en-US\",\"potentialAction\":[{\"@type\":\"ReadAction\",\"target\":[\"https:\/\/bolting.eu\/en\/shop\/seilmarker-beal-roper-marker\/\"]}]},{\"@type\":\"ImageObject\",\"inLanguage\":\"en-US\",\"@id\":\"https:\/\/bolting.eu\/en\/shop\/seilmarker-beal-roper-marker\/#primaryimage\",\"url\":\"https:\/\/bolting.eu\/wp-content\/uploads\/2020\/05\/Beal-Rope-MArker-1.jpg\",\"contentUrl\":\"https:\/\/bolting.eu\/wp-content\/uploads\/2020\/05\/Beal-Rope-MArker-1.jpg\",\"width\":700,\"height\":700,\"caption\":\"Geschlossener Beal Rope Marker Kletterseil Markierungsstift mit wei\u00dfer Kappe.\"},{\"@type\":\"BreadcrumbList\",\"@id\":\"https:\/\/bolting.eu\/en\/shop\/seilmarker-beal-roper-marker\/#breadcrumb\",\"itemListElement\":[{\"@type\":\"ListItem\",\"position\":1,\"name\":\"Shop\",\"item\":\"https:\/\/bolting.eu\/en\/shop\/\"},{\"@type\":\"ListItem\",\"position\":2,\"name\":\"climbing equipment\",\"item\":\"https:\/\/bolting.eu\/en\/produkt-kategorie\/climbing-equipment\/\"},{\"@type\":\"ListItem\",\"position\":3,\"name\":\"Kletterseil\",\"item\":\"https:\/\/bolting.eu\/produkt-kategorie\/kletterausruestung\/kletterseil\/\"},{\"@type\":\"ListItem\",\"position\":4,\"name\":\"Seilmarker Beal Roper Marker\"}]},{\"@type\":\"WebSite\",\"@id\":\"https:\/\/bolting.eu\/en\/#website\",\"url\":\"https:\/\/bolting.eu\/en\/\",\"name\":\"bolting.eu\",\"description\":\"we make climbs happen\",\"publisher\":{\"@id\":\"https:\/\/bolting.eu\/en\/#organization\"},\"potentialAction\":[{\"@type\":\"SearchAction\",\"target\":{\"@type\":\"EntryPoint\",\"urlTemplate\":\"https:\/\/bolting.eu\/en\/?s={search_term_string}\"},\"query-input\":{\"@type\":\"PropertyValueSpecification\",\"valueRequired\":true,\"valueName\":\"search_term_string\"}}],\"inLanguage\":\"en-US\"},{\"@type\":[\"Organization\",\"Place\",\"SportingGoodsStore\"],\"@id\":\"https:\/\/bolting.eu\/en\/#organization\",\"name\":\"bolting.eu\",\"url\":\"https:\/\/bolting.eu\/en\/\",\"logo\":{\"@id\":\"https:\/\/bolting.eu\/en\/shop\/seilmarker-beal-roper-marker\/#local-main-organization-logo\"},\"image\":{\"@id\":\"https:\/\/bolting.eu\/en\/shop\/seilmarker-beal-roper-marker\/#local-main-organization-logo\"},\"sameAs\":[\"https:\/\/www.facebook.com\/bolting.eu\",\"https:\/\/www.instagram.com\/bolting.eu\/\"],\"address\":{\"@id\":\"https:\/\/bolting.eu\/en\/shop\/seilmarker-beal-roper-marker\/#local-main-place-address\"},\"geo\":{\"@type\":\"GeoCoordinates\",\"latitude\":\"47.264176340396226\",\"longitude\":\"11.380109057672346\"},\"telephone\":[\"+43 699 19083372\"],\"openingHoursSpecification\":[{\"@type\":\"OpeningHoursSpecification\",\"dayOfWeek\":[\"Monday\",\"Wednesday\",\"Friday\"],\"opens\":\"14:00\",\"closes\":\"18:00\"},{\"@type\":\"OpeningHoursSpecification\",\"dayOfWeek\":[\"Tuesday\",\"Thursday\",\"Saturday\",\"Sunday\"],\"opens\":\"00:00\",\"closes\":\"00:00\"}],\"email\":\"office@bolting.eu\",\"vatID\":\"ATU59999728\",\"priceRange\":\"$$\",\"currenciesAccepted\":\"Euro\"},{\"@type\":\"PostalAddress\",\"@id\":\"https:\/\/bolting.eu\/en\/shop\/seilmarker-beal-roper-marker\/#local-main-place-address\",\"streetAddress\":\"Fischnalerstra\u00dfe 4\",\"addressLocality\":\"Innsbruck\",\"postalCode\":\"6020\",\"addressRegion\":\"Tirol\",\"addressCountry\":\"AT\"},{\"@type\":\"ImageObject\",\"inLanguage\":\"en-US\",\"@id\":\"https:\/\/bolting.eu\/en\/shop\/seilmarker-beal-roper-marker\/#local-main-organization-logo\",\"url\":\"https:\/\/bolting.eu\/wp-content\/uploads\/2019\/09\/bolting-logo.png\",\"contentUrl\":\"https:\/\/bolting.eu\/wp-content\/uploads\/2019\/09\/bolting-logo.png\",\"width\":400,\"height\":211,\"caption\":\"bolting.eu\"}]}<\/script>\n<meta property=\"product:price:amount\" content=\"15.00\" \/>\n<meta property=\"product:price:currency\" content=\"EUR\" \/>\n<meta property=\"og:availability\" content=\"instock\" \/>\n<meta property=\"product:availability\" content=\"instock\" \/>\n<meta property=\"product:retailer_item_id\" content=\"BRM\" \/>\n<meta property=\"product:condition\" content=\"new\" \/>\n<meta name=\"geo.placename\" content=\"Innsbruck\" \/>\n<meta name=\"geo.position\" content=\"47.264176340396226;11.380109057672346\" \/>\n<meta name=\"geo.region\" content=\"Austria\" \/>\n<!-- \/ Yoast SEO Premium plugin. -->","yoast_head_json":{"title":"Seilmarker Beal Roper Marker f\u00fcr Mittel- und Endmarkierungen | bolting.eu","description":"BEAL ROPE MARKER beim Innsbrucker Kletterprofi kaufen \u2705 Trusted Shop \u2705 kostenloser Versand* \u2705 14 Tage R\u00fcckgaberecht \u2705 Co2 neutrale Zustellung","robots":{"index":"index","follow":"follow","max-snippet":"max-snippet:-1","max-image-preview":"max-image-preview:large","max-video-preview":"max-video-preview:-1"},"canonical":"https:\/\/bolting.eu\/en\/shop\/seilmarker-beal-roper-marker\/","og_locale":"en_US","og_type":"article","og_title":"Seilmarker Beal Roper Marker","og_description":"BEAL ROPE MARKER beim Innsbrucker Kletterprofi kaufen \u2705 Trusted Shop \u2705 kostenloser Versand* \u2705 14 Tage R\u00fcckgaberecht \u2705 Co2 neutrale Zustellung","og_url":"https:\/\/bolting.eu\/en\/shop\/seilmarker-beal-roper-marker\/","og_site_name":"bolting.eu","article_publisher":"https:\/\/www.facebook.com\/bolting.eu","article_modified_time":"2026-02-27T16:06:15+00:00","og_image":[{"width":700,"height":700,"url":"https:\/\/bolting.eu\/wp-content\/uploads\/2020\/05\/Beal-Rope-MArker-1.jpg","type":"image\/jpeg"}],"twitter_card":"summary_large_image","twitter_misc":{"Price":"&euro;&nbsp;15,00","Availability":"In stock"},"schema":{"@context":"https:\/\/schema.org","@graph":[{"@type":["WebPage","ItemPage"],"@id":"https:\/\/bolting.eu\/en\/shop\/seilmarker-beal-roper-marker\/","url":"https:\/\/bolting.eu\/en\/shop\/seilmarker-beal-roper-marker\/","name":"Seilmarker Beal Roper Marker f\u00fcr Mittel- und Endmarkierungen | bolting.eu","isPartOf":{"@id":"https:\/\/bolting.eu\/en\/#website"},"primaryImageOfPage":{"@id":"https:\/\/bolting.eu\/en\/shop\/seilmarker-beal-roper-marker\/#primaryimage"},"image":{"@id":"https:\/\/bolting.eu\/en\/shop\/seilmarker-beal-roper-marker\/#primaryimage"},"thumbnailUrl":"https:\/\/bolting.eu\/wp-content\/uploads\/2020\/05\/Beal-Rope-MArker-1.jpg","datePublished":"2020-05-19T10:00:33+00:00","dateModified":"2026-02-27T16:06:15+00:00","description":"BEAL ROPE MARKER beim Innsbrucker Kletterprofi kaufen \u2705 Trusted Shop \u2705 kostenloser Versand* \u2705 14 Tage R\u00fcckgaberecht \u2705 Co2 neutrale Zustellung","breadcrumb":{"@id":"https:\/\/bolting.eu\/en\/shop\/seilmarker-beal-roper-marker\/#breadcrumb"},"inLanguage":"en-US","potentialAction":[{"@type":"ReadAction","target":["https:\/\/bolting.eu\/en\/shop\/seilmarker-beal-roper-marker\/"]}]},{"@type":"ImageObject","inLanguage":"en-US","@id":"https:\/\/bolting.eu\/en\/shop\/seilmarker-beal-roper-marker\/#primaryimage","url":"https:\/\/bolting.eu\/wp-content\/uploads\/2020\/05\/Beal-Rope-MArker-1.jpg","contentUrl":"https:\/\/bolting.eu\/wp-content\/uploads\/2020\/05\/Beal-Rope-MArker-1.jpg","width":700,"height":700,"caption":"Geschlossener Beal Rope Marker Kletterseil Markierungsstift mit wei\u00dfer Kappe."},{"@type":"BreadcrumbList","@id":"https:\/\/bolting.eu\/en\/shop\/seilmarker-beal-roper-marker\/#breadcrumb","itemListElement":[{"@type":"ListItem","position":1,"name":"Shop","item":"https:\/\/bolting.eu\/en\/shop\/"},{"@type":"ListItem","position":2,"name":"climbing equipment","item":"https:\/\/bolting.eu\/en\/produkt-kategorie\/climbing-equipment\/"},{"@type":"ListItem","position":3,"name":"Kletterseil","item":"https:\/\/bolting.eu\/produkt-kategorie\/kletterausruestung\/kletterseil\/"},{"@type":"ListItem","position":4,"name":"Seilmarker Beal Roper Marker"}]},{"@type":"WebSite","@id":"https:\/\/bolting.eu\/en\/#website","url":"https:\/\/bolting.eu\/en\/","name":"bolting.eu","description":"we make climbs happen","publisher":{"@id":"https:\/\/bolting.eu\/en\/#organization"},"potentialAction":[{"@type":"SearchAction","target":{"@type":"EntryPoint","urlTemplate":"https:\/\/bolting.eu\/en\/?s={search_term_string}"},"query-input":{"@type":"PropertyValueSpecification","valueRequired":true,"valueName":"search_term_string"}}],"inLanguage":"en-US"},{"@type":["Organization","Place","SportingGoodsStore"],"@id":"https:\/\/bolting.eu\/en\/#organization","name":"bolting.eu","url":"https:\/\/bolting.eu\/en\/","logo":{"@id":"https:\/\/bolting.eu\/en\/shop\/seilmarker-beal-roper-marker\/#local-main-organization-logo"},"image":{"@id":"https:\/\/bolting.eu\/en\/shop\/seilmarker-beal-roper-marker\/#local-main-organization-logo"},"sameAs":["https:\/\/www.facebook.com\/bolting.eu","https:\/\/www.instagram.com\/bolting.eu\/"],"address":{"@id":"https:\/\/bolting.eu\/en\/shop\/seilmarker-beal-roper-marker\/#local-main-place-address"},"geo":{"@type":"GeoCoordinates","latitude":"47.264176340396226","longitude":"11.380109057672346"},"telephone":["+43 699 19083372"],"openingHoursSpecification":[{"@type":"OpeningHoursSpecification","dayOfWeek":["Monday","Wednesday","Friday"],"opens":"14:00","closes":"18:00"},{"@type":"OpeningHoursSpecification","dayOfWeek":["Tuesday","Thursday","Saturday","Sunday"],"opens":"00:00","closes":"00:00"}],"email":"office@bolting.eu","vatID":"ATU59999728","priceRange":"$$","currenciesAccepted":"Euro"},{"@type":"PostalAddress","@id":"https:\/\/bolting.eu\/en\/shop\/seilmarker-beal-roper-marker\/#local-main-place-address","streetAddress":"Fischnalerstra\u00dfe 4","addressLocality":"Innsbruck","postalCode":"6020","addressRegion":"Tirol","addressCountry":"AT"},{"@type":"ImageObject","inLanguage":"en-US","@id":"https:\/\/bolting.eu\/en\/shop\/seilmarker-beal-roper-marker\/#local-main-organization-logo","url":"https:\/\/bolting.eu\/wp-content\/uploads\/2019\/09\/bolting-logo.png","contentUrl":"https:\/\/bolting.eu\/wp-content\/uploads\/2019\/09\/bolting-logo.png","width":400,"height":211,"caption":"bolting.eu"}]},"product_price_amount":"15.00","product_price_currency":"EUR","og_availability":"instock","product_availability":"instock","product_retailer_item_id":"BRM","product_condition":"new","geo.placename":"Innsbruck","geo.position":{"lat":"47.264176340396226","long":"11.380109057672346"},"geo.region":"Austria"},"_links":{"self":[{"href":"https:\/\/bolting.eu\/en\/wp-json\/wp\/v2\/product\/3443","targetHints":{"allow":["GET"]}}],"collection":[{"href":"https:\/\/bolting.eu\/en\/wp-json\/wp\/v2\/product"}],"about":[{"href":"https:\/\/bolting.eu\/en\/wp-json\/wp\/v2\/types\/product"}],"replies":[{"embeddable":true,"href":"https:\/\/bolting.eu\/en\/wp-json\/wp\/v2\/comments?post=3443"}],"wp:featuredmedia":[{"embeddable":true,"href":"https:\/\/bolting.eu\/en\/wp-json\/wp\/v2\/media\/37155"}],"wp:attachment":[{"href":"https:\/\/bolting.eu\/en\/wp-json\/wp\/v2\/media?parent=3443"}],"wp:term":[{"taxonomy":"product_brand","embeddable":true,"href":"https:\/\/bolting.eu\/en\/wp-json\/wp\/v2\/product_brand?post=3443"},{"taxonomy":"product_cat","embeddable":true,"href":"https:\/\/bolting.eu\/en\/wp-json\/wp\/v2\/product_cat?post=3443"},{"taxonomy":"product_tag","embeddable":true,"href":"https:\/\/bolting.eu\/en\/wp-json\/wp\/v2\/product_tag?post=3443"}],"curies":[{"name":"wp","href":"https:\/\/api.w.org\/{rel}","templated":true}]}}