{"id":3442,"date":"2020-05-19T11:18:49","date_gmt":"2020-05-19T09:18:49","guid":{"rendered":"https:\/\/bolting.eu\/?post_type=product&#038;p=3442"},"modified":"2026-01-25T09:28:27","modified_gmt":"2026-01-25T08:28:27","slug":"beal-seilbuerste-rope-brush","status":"publish","type":"product","link":"https:\/\/bolting.eu\/en\/shop\/beal-seilbuerste-rope-brush\/","title":{"rendered":"Beal Seilb\u00fcrste Rope Brush"},"content":{"rendered":"<p>Die Beal Seilb\u00fcrste Rope Brush ist ein hilfreiches Zubeh\u00f6r wie auch z.B. die <a href=\"https:\/\/bolting.eu\/produkt-kategorie\/kletterausruestung\/seilsaecke\/\">Seils\u00e4cke<\/a>.\u00a0Denn die B\u00fcrste hilft den Mantel von verschmutzten Kletterseilen zu reinigen. Am besten man verwendet dazu das <a href=\"http:\/\/Seilwasch\">Beal Seilwaschmittel Rope Cleaner.<\/a> Denn dies bringt einige positive Effekte mit sich.<\/p>\n<p>Erstens erh\u00f6ht die Pflege die Lebensdauer deines Seiles. Zweitens erh\u00f6ht es die Lebensdauer deiner Hardware. Ja genau. Du hast richtig gelesen! Denn einerseits reibt das Seil dein Sicherungsger\u00e4t nicht so stark ab. Und andererseits auch nicht den dazugeh\u00f6rigen Karabiner.<\/p>\n<p>Drittens schont ein sauberes Seil auch alle <a href=\"https:\/\/bolting.eu\/produkt-kategorie\/umlenker-kettenstand\/\">Umlenker &#8211; Kettenst\u00e4nde<\/a> in den Klettergebieten. Denn auch hier ist der Abrieb dann viel geringer.<\/p>\n<h2>Eigenschaften Beal Seilb\u00fcrste Rope Brush<\/h2>\n<ul>\n<li>Hersteller: Beal<\/li>\n<li>spiralf\u00f6rmige B\u00fcrste<\/li>\n<li>fest anliegende Kunststoffborsten<\/li>\n<li>reinigt den Mantel von Kletterseilen \/ Statikseilen<\/li>\n<li>langlebig &#8211; h\u00e4lt viele Jahre<\/li>\n<li>einfach zu verwenden<\/li>\n<li>f\u00fcr Einfach-, Halb-, Zwillings- und Statikseile<\/li>\n<\/ul>\n<h2>Verwendung Beal Seilb\u00fcrste Rope Brush<\/h2>\n<p>Die Verwendung der Beal Seilb\u00fcrste Rope Brush selbst ist ganz einfach. Man gibt sein Kletterseil in die Badewanne mit max. 30\u00b0 hei\u00dfem Wasser. Dann steckt ihr ein Seilende durch die B\u00fcrste. Dann zieht ihr die B\u00fcrste \u00fcber das gesamte Seil ans andere Ende. Dabei kann man die B\u00fcrste auch \u00f6fters hin und her bewegen. Dies hilft den Schmutz aus dem Mantel heraus zu bekommen.<\/p>\n<h3>Seilwaschmittel dazu geben!<\/h3>\n<p><a href=\"https:\/\/bolting.eu\/wp-content\/uploads\/2020\/05\/Beal-Seilwaschmittel-Rope-Cleaner.jpg\"><img loading=\"lazy\" decoding=\"async\" class=\"alignleft wp-image-3440 size-thumbnail\" src=\"https:\/\/bolting.eu\/wp-content\/uploads\/2020\/05\/Beal-Seilwaschmittel-Rope-Cleaner-280x280.jpg\" alt=\"Das Bild zeigt eine Flasche Beal Seilwaschmittel Rope Cleaner. Zu sehen ist eine milchige Kunststoffflasche in Bildmitte mit einem schwarzem Label und diverser Schrift und Bilder eines Seils bzw. Klettergurts.\" width=\"280\" height=\"280\" srcset=\"https:\/\/bolting.eu\/wp-content\/uploads\/2020\/05\/Beal-Seilwaschmittel-Rope-Cleaner-280x280.jpg 280w, https:\/\/bolting.eu\/wp-content\/uploads\/2020\/05\/Beal-Seilwaschmittel-Rope-Cleaner-247x247.jpg 247w, https:\/\/bolting.eu\/wp-content\/uploads\/2020\/05\/Beal-Seilwaschmittel-Rope-Cleaner-100x100.jpg 100w, https:\/\/bolting.eu\/wp-content\/uploads\/2020\/05\/Beal-Seilwaschmittel-Rope-Cleaner-510x510.jpg 510w, https:\/\/bolting.eu\/wp-content\/uploads\/2020\/05\/Beal-Seilwaschmittel-Rope-Cleaner-400x400.jpg 400w, https:\/\/bolting.eu\/wp-content\/uploads\/2020\/05\/Beal-Seilwaschmittel-Rope-Cleaner-300x300.jpg 300w, https:\/\/bolting.eu\/wp-content\/uploads\/2020\/05\/Beal-Seilwaschmittel-Rope-Cleaner-600x600.jpg 600w, https:\/\/bolting.eu\/wp-content\/uploads\/2020\/05\/Beal-Seilwaschmittel-Rope-Cleaner.jpg 700w\" sizes=\"auto, (max-width: 280px) 100vw, 280px\" \/><\/a>Am besten kombiniert ihr die Verwendung der Beal Seilb\u00fcrste Rope Brush mit dem dazu passenden <a href=\"http:\/\/Seilwasch\">Seilwaschmittel<\/a>.. Dieses Mittel ist speziell f\u00fcr die schonende und effektive Reinigung konzipiert worden. In keinem Fall normales Waschmittel verwenden. Zudem d\u00fcrft ihr Eure Seile niemals hei\u00df waschen! Am besten per Hand in 30\u00b0C warmen Wasser mit 100ml Seilwaschmittel auf ca. 20 Liter Wasser.<\/p>\n<p>\u00dcbrigens. In dieser Fl\u00fcssigkeit k\u00f6nnt ihr auch gleich euren <a href=\"https:\/\/bolting.eu\/produkt-kategorie\/klettergurte\/\">Klettergurt<\/a> und eure <a href=\"https:\/\/bolting.eu\/produkt-kategorie\/bandschlinge\/\">Bandschlingen<\/a> waschen.<\/p>\n<h3>Seil im Schatten trocknen<\/h3>\n<p>Nach der Reinigung mit der Beal Seilb\u00fcrste Rope Brush das Seil trocknen lassen. Gebt es hierf\u00fcr an einen schattigen Ort.<\/p>\n<p>In<strong> keinem Fall <\/strong>d\u00fcrft ihr Euer Kletterseil mit diesen Methoden trocknen:<\/p>\n<ul>\n<li>auf der Heizung<\/li>\n<li>in einem Trockner<\/li>\n<li>in der prallen Sonne (die nassen Fasern sind dann f\u00fcr UV Strahlung besonders empfindlich!)<\/li>\n<li>mit einem F\u00f6hn<\/li>\n<\/ul>\n","protected":false},"excerpt":{"rendered":"<p>Spiralf\u00f6rmige B\u00fcrste f\u00fcr Kletter- und Statikseile. Ideal in Verbindung mit unserem Seilwaschmittel.<\/p>\n<p>Holt den feinen Staub gezielt aus dem Mantel und verl\u00e4ngert somit die Lebensdauer.<\/p>\n<p>Versandkostenfrei bis 2kg in\u00a0<img decoding=\"async\" class=\"emoji\" role=\"img\" draggable=\"false\" src=\"https:\/\/s.w.org\/images\/core\/emoji\/14.0.0\/svg\/1f1e6-1f1f9.svg\" alt=\"\ud83c\udde6\ud83c\uddf9\" \/>\u00a0ab \u20ac 100,- und\u00a0<img decoding=\"async\" class=\"emoji\" role=\"img\" draggable=\"false\" src=\"https:\/\/s.w.org\/images\/core\/emoji\/14.0.0\/svg\/1f1e9-1f1ea.svg\" alt=\"\ud83c\udde9\ud83c\uddea\" \/>\u00a0ab \u20ac 200,-!<\/p>\n","protected":false},"featured_media":3441,"comment_status":"open","ping_status":"closed","template":"","meta":[],"product_brand":[],"product_cat":[15211,29,4663,5061,6727],"product_tag":[],"class_list":{"0":"post-3442","1":"product","2":"type-product","3":"status-publish","4":"has-post-thumbnail","6":"product_cat-kletterwand-zubehoer","7":"product_cat-kletterausruestung","8":"product_cat-beal","9":"product_cat-kletterzubehoer","10":"product_cat-kletterseil","12":"first","13":"instock","14":"taxable","15":"shipping-taxable","16":"purchasable","17":"product-type-simple"},"yoast_head":"<!-- This site is optimized with the Yoast SEO Premium plugin v26.9 (Yoast SEO v26.9) - https:\/\/yoast.com\/product\/yoast-seo-premium-wordpress\/ -->\n<title>Beal Seilb\u00fcrste Rope Brush online kaufen | bolting.eu<\/title>\n<meta name=\"description\" content=\"Hier findet Ihr die BEAL SEILB\u00dcRSTE ROPE BRUSH f\u00fcr die effektive Reinigung von Kletterseilen \ud83e\uddd7\u200d\u2640\ufe0fund Statikseilen. F\u00fcr alle Seiltypen geeignet!\" \/>\n<meta name=\"robots\" content=\"index, follow, max-snippet:-1, max-image-preview:large, max-video-preview:-1\" \/>\n<link rel=\"canonical\" href=\"https:\/\/bolting.eu\/en\/shop\/beal-seilbuerste-rope-brush\/\" \/>\n<meta property=\"og:locale\" content=\"en_US\" \/>\n<meta property=\"og:type\" content=\"article\" \/>\n<meta property=\"og:title\" content=\"Beal Seilb\u00fcrste Rope Brush\" \/>\n<meta property=\"og:description\" content=\"Hier findet Ihr die BEAL SEILB\u00dcRSTE ROPE BRUSH f\u00fcr die effektive Reinigung von Kletterseilen \ud83e\uddd7\u200d\u2640\ufe0fund Statikseilen. F\u00fcr alle Seiltypen geeignet!\" \/>\n<meta property=\"og:url\" content=\"https:\/\/bolting.eu\/en\/shop\/beal-seilbuerste-rope-brush\/\" \/>\n<meta property=\"og:site_name\" content=\"bolting.eu\" \/>\n<meta property=\"article:publisher\" content=\"https:\/\/www.facebook.com\/bolting.eu\" \/>\n<meta property=\"article:modified_time\" content=\"2026-01-25T08:28:27+00:00\" \/>\n<meta property=\"og:image\" content=\"https:\/\/bolting.eu\/wp-content\/uploads\/2020\/05\/Beal-Seilbuerste-Rope-Brush.jpg\" \/>\n\t<meta property=\"og:image:width\" content=\"700\" \/>\n\t<meta property=\"og:image:height\" content=\"700\" \/>\n\t<meta property=\"og:image:type\" content=\"image\/jpeg\" \/>\n<meta name=\"twitter:card\" content=\"summary_large_image\" \/>\n<meta name=\"twitter:label1\" content=\"Price\" \/>\n\t<meta name=\"twitter:data1\" content=\"&euro;&nbsp;17,90\" \/>\n\t<meta name=\"twitter:label2\" content=\"Availability\" \/>\n\t<meta name=\"twitter:data2\" content=\"In stock\" \/>\n<script type=\"application\/ld+json\" class=\"yoast-schema-graph\">{\"@context\":\"https:\/\/schema.org\",\"@graph\":[{\"@type\":[\"WebPage\",\"ItemPage\"],\"@id\":\"https:\/\/bolting.eu\/en\/shop\/beal-seilbuerste-rope-brush\/\",\"url\":\"https:\/\/bolting.eu\/en\/shop\/beal-seilbuerste-rope-brush\/\",\"name\":\"Beal Seilb\u00fcrste Rope Brush online kaufen | bolting.eu\",\"isPartOf\":{\"@id\":\"https:\/\/bolting.eu\/en\/#website\"},\"primaryImageOfPage\":{\"@id\":\"https:\/\/bolting.eu\/en\/shop\/beal-seilbuerste-rope-brush\/#primaryimage\"},\"image\":{\"@id\":\"https:\/\/bolting.eu\/en\/shop\/beal-seilbuerste-rope-brush\/#primaryimage\"},\"thumbnailUrl\":\"https:\/\/bolting.eu\/wp-content\/uploads\/2020\/05\/Beal-Seilbuerste-Rope-Brush.jpg\",\"datePublished\":\"2020-05-19T09:18:49+00:00\",\"dateModified\":\"2026-01-25T08:28:27+00:00\",\"description\":\"Hier findet Ihr die BEAL SEILB\u00dcRSTE ROPE BRUSH f\u00fcr die effektive Reinigung von Kletterseilen \ud83e\uddd7\u200d\u2640\ufe0fund Statikseilen. F\u00fcr alle Seiltypen geeignet!\",\"breadcrumb\":{\"@id\":\"https:\/\/bolting.eu\/en\/shop\/beal-seilbuerste-rope-brush\/#breadcrumb\"},\"inLanguage\":\"en-US\",\"potentialAction\":[{\"@type\":\"ReadAction\",\"target\":[\"https:\/\/bolting.eu\/en\/shop\/beal-seilbuerste-rope-brush\/\"]}]},{\"@type\":\"ImageObject\",\"inLanguage\":\"en-US\",\"@id\":\"https:\/\/bolting.eu\/en\/shop\/beal-seilbuerste-rope-brush\/#primaryimage\",\"url\":\"https:\/\/bolting.eu\/wp-content\/uploads\/2020\/05\/Beal-Seilbuerste-Rope-Brush.jpg\",\"contentUrl\":\"https:\/\/bolting.eu\/wp-content\/uploads\/2020\/05\/Beal-Seilbuerste-Rope-Brush.jpg\",\"width\":700,\"height\":700,\"caption\":\"Das Bild zeigt die Beal Seilb\u00fcrste Rope Brush. Zu sehen ist ein St\u00fcck rot-wei\u00dfes Seil mit der dunklen, spiralf\u00f6rmigen B\u00fcrste darum herum.\"},{\"@type\":\"BreadcrumbList\",\"@id\":\"https:\/\/bolting.eu\/en\/shop\/beal-seilbuerste-rope-brush\/#breadcrumb\",\"itemListElement\":[{\"@type\":\"ListItem\",\"position\":1,\"name\":\"Shop\",\"item\":\"https:\/\/bolting.eu\/en\/shop\/\"},{\"@type\":\"ListItem\",\"position\":2,\"name\":\"climbing equipment\",\"item\":\"https:\/\/bolting.eu\/en\/produkt-kategorie\/climbing-equipment\/\"},{\"@type\":\"ListItem\",\"position\":3,\"name\":\"Kletterseil\",\"item\":\"https:\/\/bolting.eu\/produkt-kategorie\/kletterausruestung\/kletterseil\/\"},{\"@type\":\"ListItem\",\"position\":4,\"name\":\"Beal Seilb\u00fcrste Rope Brush\"}]},{\"@type\":\"WebSite\",\"@id\":\"https:\/\/bolting.eu\/en\/#website\",\"url\":\"https:\/\/bolting.eu\/en\/\",\"name\":\"bolting.eu\",\"description\":\"we make climbs happen\",\"publisher\":{\"@id\":\"https:\/\/bolting.eu\/en\/#organization\"},\"potentialAction\":[{\"@type\":\"SearchAction\",\"target\":{\"@type\":\"EntryPoint\",\"urlTemplate\":\"https:\/\/bolting.eu\/en\/?s={search_term_string}\"},\"query-input\":{\"@type\":\"PropertyValueSpecification\",\"valueRequired\":true,\"valueName\":\"search_term_string\"}}],\"inLanguage\":\"en-US\"},{\"@type\":[\"Organization\",\"Place\",\"SportingGoodsStore\"],\"@id\":\"https:\/\/bolting.eu\/en\/#organization\",\"name\":\"bolting.eu\",\"url\":\"https:\/\/bolting.eu\/en\/\",\"logo\":{\"@id\":\"https:\/\/bolting.eu\/en\/shop\/beal-seilbuerste-rope-brush\/#local-main-organization-logo\"},\"image\":{\"@id\":\"https:\/\/bolting.eu\/en\/shop\/beal-seilbuerste-rope-brush\/#local-main-organization-logo\"},\"sameAs\":[\"https:\/\/www.facebook.com\/bolting.eu\",\"https:\/\/www.instagram.com\/bolting.eu\/\"],\"address\":{\"@id\":\"https:\/\/bolting.eu\/en\/shop\/beal-seilbuerste-rope-brush\/#local-main-place-address\"},\"geo\":{\"@type\":\"GeoCoordinates\",\"latitude\":\"47.264176340396226\",\"longitude\":\"11.380109057672346\"},\"telephone\":[\"+43 699 19083372\"],\"openingHoursSpecification\":[{\"@type\":\"OpeningHoursSpecification\",\"dayOfWeek\":[\"Monday\",\"Wednesday\",\"Friday\"],\"opens\":\"14:00\",\"closes\":\"18:00\"},{\"@type\":\"OpeningHoursSpecification\",\"dayOfWeek\":[\"Tuesday\",\"Thursday\",\"Saturday\",\"Sunday\"],\"opens\":\"00:00\",\"closes\":\"00:00\"}],\"email\":\"office@bolting.eu\",\"vatID\":\"ATU59999728\",\"priceRange\":\"$$\",\"currenciesAccepted\":\"Euro\"},{\"@type\":\"PostalAddress\",\"@id\":\"https:\/\/bolting.eu\/en\/shop\/beal-seilbuerste-rope-brush\/#local-main-place-address\",\"streetAddress\":\"Fischnalerstra\u00dfe 4\",\"addressLocality\":\"Innsbruck\",\"postalCode\":\"6020\",\"addressRegion\":\"Tirol\",\"addressCountry\":\"AT\"},{\"@type\":\"ImageObject\",\"inLanguage\":\"en-US\",\"@id\":\"https:\/\/bolting.eu\/en\/shop\/beal-seilbuerste-rope-brush\/#local-main-organization-logo\",\"url\":\"https:\/\/bolting.eu\/wp-content\/uploads\/2019\/09\/bolting-logo.png\",\"contentUrl\":\"https:\/\/bolting.eu\/wp-content\/uploads\/2019\/09\/bolting-logo.png\",\"width\":400,\"height\":211,\"caption\":\"bolting.eu\"}]}<\/script>\n<meta property=\"product:price:amount\" content=\"17.90\" \/>\n<meta property=\"product:price:currency\" content=\"EUR\" \/>\n<meta property=\"og:availability\" content=\"instock\" \/>\n<meta property=\"product:availability\" content=\"instock\" \/>\n<meta property=\"product:retailer_item_id\" content=\"BRB\" \/>\n<meta property=\"product:condition\" content=\"new\" \/>\n<meta name=\"geo.placename\" content=\"Innsbruck\" \/>\n<meta name=\"geo.position\" content=\"47.264176340396226;11.380109057672346\" \/>\n<meta name=\"geo.region\" content=\"Austria\" \/>\n<!-- \/ Yoast SEO Premium plugin. -->","yoast_head_json":{"title":"Beal Seilb\u00fcrste Rope Brush online kaufen | bolting.eu","description":"Hier findet Ihr die BEAL SEILB\u00dcRSTE ROPE BRUSH f\u00fcr die effektive Reinigung von Kletterseilen \ud83e\uddd7\u200d\u2640\ufe0fund Statikseilen. F\u00fcr alle Seiltypen geeignet!","robots":{"index":"index","follow":"follow","max-snippet":"max-snippet:-1","max-image-preview":"max-image-preview:large","max-video-preview":"max-video-preview:-1"},"canonical":"https:\/\/bolting.eu\/en\/shop\/beal-seilbuerste-rope-brush\/","og_locale":"en_US","og_type":"article","og_title":"Beal Seilb\u00fcrste Rope Brush","og_description":"Hier findet Ihr die BEAL SEILB\u00dcRSTE ROPE BRUSH f\u00fcr die effektive Reinigung von Kletterseilen \ud83e\uddd7\u200d\u2640\ufe0fund Statikseilen. F\u00fcr alle Seiltypen geeignet!","og_url":"https:\/\/bolting.eu\/en\/shop\/beal-seilbuerste-rope-brush\/","og_site_name":"bolting.eu","article_publisher":"https:\/\/www.facebook.com\/bolting.eu","article_modified_time":"2026-01-25T08:28:27+00:00","og_image":[{"width":700,"height":700,"url":"https:\/\/bolting.eu\/wp-content\/uploads\/2020\/05\/Beal-Seilbuerste-Rope-Brush.jpg","type":"image\/jpeg"}],"twitter_card":"summary_large_image","twitter_misc":{"Price":"&euro;&nbsp;17,90","Availability":"In stock"},"schema":{"@context":"https:\/\/schema.org","@graph":[{"@type":["WebPage","ItemPage"],"@id":"https:\/\/bolting.eu\/en\/shop\/beal-seilbuerste-rope-brush\/","url":"https:\/\/bolting.eu\/en\/shop\/beal-seilbuerste-rope-brush\/","name":"Beal Seilb\u00fcrste Rope Brush online kaufen | bolting.eu","isPartOf":{"@id":"https:\/\/bolting.eu\/en\/#website"},"primaryImageOfPage":{"@id":"https:\/\/bolting.eu\/en\/shop\/beal-seilbuerste-rope-brush\/#primaryimage"},"image":{"@id":"https:\/\/bolting.eu\/en\/shop\/beal-seilbuerste-rope-brush\/#primaryimage"},"thumbnailUrl":"https:\/\/bolting.eu\/wp-content\/uploads\/2020\/05\/Beal-Seilbuerste-Rope-Brush.jpg","datePublished":"2020-05-19T09:18:49+00:00","dateModified":"2026-01-25T08:28:27+00:00","description":"Hier findet Ihr die BEAL SEILB\u00dcRSTE ROPE BRUSH f\u00fcr die effektive Reinigung von Kletterseilen \ud83e\uddd7\u200d\u2640\ufe0fund Statikseilen. F\u00fcr alle Seiltypen geeignet!","breadcrumb":{"@id":"https:\/\/bolting.eu\/en\/shop\/beal-seilbuerste-rope-brush\/#breadcrumb"},"inLanguage":"en-US","potentialAction":[{"@type":"ReadAction","target":["https:\/\/bolting.eu\/en\/shop\/beal-seilbuerste-rope-brush\/"]}]},{"@type":"ImageObject","inLanguage":"en-US","@id":"https:\/\/bolting.eu\/en\/shop\/beal-seilbuerste-rope-brush\/#primaryimage","url":"https:\/\/bolting.eu\/wp-content\/uploads\/2020\/05\/Beal-Seilbuerste-Rope-Brush.jpg","contentUrl":"https:\/\/bolting.eu\/wp-content\/uploads\/2020\/05\/Beal-Seilbuerste-Rope-Brush.jpg","width":700,"height":700,"caption":"Das Bild zeigt die Beal Seilb\u00fcrste Rope Brush. Zu sehen ist ein St\u00fcck rot-wei\u00dfes Seil mit der dunklen, spiralf\u00f6rmigen B\u00fcrste darum herum."},{"@type":"BreadcrumbList","@id":"https:\/\/bolting.eu\/en\/shop\/beal-seilbuerste-rope-brush\/#breadcrumb","itemListElement":[{"@type":"ListItem","position":1,"name":"Shop","item":"https:\/\/bolting.eu\/en\/shop\/"},{"@type":"ListItem","position":2,"name":"climbing equipment","item":"https:\/\/bolting.eu\/en\/produkt-kategorie\/climbing-equipment\/"},{"@type":"ListItem","position":3,"name":"Kletterseil","item":"https:\/\/bolting.eu\/produkt-kategorie\/kletterausruestung\/kletterseil\/"},{"@type":"ListItem","position":4,"name":"Beal Seilb\u00fcrste Rope Brush"}]},{"@type":"WebSite","@id":"https:\/\/bolting.eu\/en\/#website","url":"https:\/\/bolting.eu\/en\/","name":"bolting.eu","description":"we make climbs happen","publisher":{"@id":"https:\/\/bolting.eu\/en\/#organization"},"potentialAction":[{"@type":"SearchAction","target":{"@type":"EntryPoint","urlTemplate":"https:\/\/bolting.eu\/en\/?s={search_term_string}"},"query-input":{"@type":"PropertyValueSpecification","valueRequired":true,"valueName":"search_term_string"}}],"inLanguage":"en-US"},{"@type":["Organization","Place","SportingGoodsStore"],"@id":"https:\/\/bolting.eu\/en\/#organization","name":"bolting.eu","url":"https:\/\/bolting.eu\/en\/","logo":{"@id":"https:\/\/bolting.eu\/en\/shop\/beal-seilbuerste-rope-brush\/#local-main-organization-logo"},"image":{"@id":"https:\/\/bolting.eu\/en\/shop\/beal-seilbuerste-rope-brush\/#local-main-organization-logo"},"sameAs":["https:\/\/www.facebook.com\/bolting.eu","https:\/\/www.instagram.com\/bolting.eu\/"],"address":{"@id":"https:\/\/bolting.eu\/en\/shop\/beal-seilbuerste-rope-brush\/#local-main-place-address"},"geo":{"@type":"GeoCoordinates","latitude":"47.264176340396226","longitude":"11.380109057672346"},"telephone":["+43 699 19083372"],"openingHoursSpecification":[{"@type":"OpeningHoursSpecification","dayOfWeek":["Monday","Wednesday","Friday"],"opens":"14:00","closes":"18:00"},{"@type":"OpeningHoursSpecification","dayOfWeek":["Tuesday","Thursday","Saturday","Sunday"],"opens":"00:00","closes":"00:00"}],"email":"office@bolting.eu","vatID":"ATU59999728","priceRange":"$$","currenciesAccepted":"Euro"},{"@type":"PostalAddress","@id":"https:\/\/bolting.eu\/en\/shop\/beal-seilbuerste-rope-brush\/#local-main-place-address","streetAddress":"Fischnalerstra\u00dfe 4","addressLocality":"Innsbruck","postalCode":"6020","addressRegion":"Tirol","addressCountry":"AT"},{"@type":"ImageObject","inLanguage":"en-US","@id":"https:\/\/bolting.eu\/en\/shop\/beal-seilbuerste-rope-brush\/#local-main-organization-logo","url":"https:\/\/bolting.eu\/wp-content\/uploads\/2019\/09\/bolting-logo.png","contentUrl":"https:\/\/bolting.eu\/wp-content\/uploads\/2019\/09\/bolting-logo.png","width":400,"height":211,"caption":"bolting.eu"}]},"product_price_amount":"17.90","product_price_currency":"EUR","og_availability":"instock","product_availability":"instock","product_retailer_item_id":"BRB","product_condition":"new","geo.placename":"Innsbruck","geo.position":{"lat":"47.264176340396226","long":"11.380109057672346"},"geo.region":"Austria"},"_links":{"self":[{"href":"https:\/\/bolting.eu\/en\/wp-json\/wp\/v2\/product\/3442","targetHints":{"allow":["GET"]}}],"collection":[{"href":"https:\/\/bolting.eu\/en\/wp-json\/wp\/v2\/product"}],"about":[{"href":"https:\/\/bolting.eu\/en\/wp-json\/wp\/v2\/types\/product"}],"replies":[{"embeddable":true,"href":"https:\/\/bolting.eu\/en\/wp-json\/wp\/v2\/comments?post=3442"}],"wp:featuredmedia":[{"embeddable":true,"href":"https:\/\/bolting.eu\/en\/wp-json\/wp\/v2\/media\/3441"}],"wp:attachment":[{"href":"https:\/\/bolting.eu\/en\/wp-json\/wp\/v2\/media?parent=3442"}],"wp:term":[{"taxonomy":"product_brand","embeddable":true,"href":"https:\/\/bolting.eu\/en\/wp-json\/wp\/v2\/product_brand?post=3442"},{"taxonomy":"product_cat","embeddable":true,"href":"https:\/\/bolting.eu\/en\/wp-json\/wp\/v2\/product_cat?post=3442"},{"taxonomy":"product_tag","embeddable":true,"href":"https:\/\/bolting.eu\/en\/wp-json\/wp\/v2\/product_tag?post=3442"}],"curies":[{"name":"wp","href":"https:\/\/api.w.org\/{rel}","templated":true}]}}