{"id":3439,"date":"2020-05-19T10:42:34","date_gmt":"2020-05-19T08:42:34","guid":{"rendered":"https:\/\/bolting.eu\/?post_type=product&#038;p=3439"},"modified":"2026-04-03T09:02:29","modified_gmt":"2026-04-03T07:02:29","slug":"beal-seilwaschmittel-rope-cleaner","status":"publish","type":"product","link":"https:\/\/bolting.eu\/en\/shop\/beal-seilwaschmittel-rope-cleaner\/","title":{"rendered":"Beal Seilwaschmittel Rope Cleaner"},"content":{"rendered":"<p>Das Beal Seilwaschmittel Rope Cleaner ist ein wichtiges Zubeh\u00f6r so wie z.B. die <a href=\"https:\/\/bolting.eu\/produkt-kategorie\/kletterausruestung\/seilsaecke\/\">Seils\u00e4cke<\/a>.<\/p>\n<p>Denn mit diesem speziellen Waschmittel kann man <strong>Kletterseile sowie Klettergurte und zudem Bandschlingen schonend reinigen<\/strong>.<\/p>\n<p>Denn erstens sind all diese Ausr\u00fcstungsgegenst\u00e4nde empfindlich auf viele chemische Stoffe. Zweitens wirkt der Beal Rope Cleaner auch bei Temperaturen um die 30\u00b0C. Und drittens ist das Seilwaschmittel speziell auf die Polyamidfasern der Seile abgestimmt. D.h. es wirkt besonders effektiv und zudem pflegend. Kurzum. Wenn du ein Seil waschen willst. Dann nur mit diesem speziellen Mittel!<\/p>\n<h2>Beal Seilwaschmittel Rope Cleaner<\/h2>\n<p><a href=\"https:\/\/bolting.eu\/produkt-kategorie\/kletterseil\/\">Kletterseile<\/a>, <a href=\"https:\/\/bolting.eu\/produkt-kategorie\/klettergurte\/\">Klettergurte<\/a> sowie <a href=\"https:\/\/bolting.eu\/produkt-kategorie\/bandschlinge\/\">Bandschlingen<\/a> bestehen aus sensiblen Kunststofffasern. Zum einen Polyamid und Dyneema. Zum anderen aus diversen anderen Kunststoffen.<\/p>\n<p>Folglich kann man zur Reinigung nicht irgendwelchen beliebigen Mittel verwenden. Insbesonders in keinem Fall die handels\u00fcblichen Waschmittel bzw. Waschpulver f\u00fcr Bekleidung. Diese d\u00fcrfen in keinem Fall verwendet werden!<\/p>\n<p>Mit einem Seilwaschmittel ist dies hingegen bedenkenlos m\u00f6glich.<\/p>\n<h2>Eigenschaften Beal Seilwaschmittel Rope Cleaner<\/h2>\n<ul>\n<li>Hersteller: Beal<\/li>\n<li>Inhalt: 1 Liter<\/li>\n<li>Material: spezielles Waschmittel f\u00fcr Kletterseile, Gurte, Bandschlingen<\/li>\n<li>biologisch abbaubar<\/li>\n<li>Verpackung. recyclebare und wiederverschlie\u00dfbare PET Flasche<\/li>\n<li>reicht f\u00fcr ca. 10 Waschg\u00e4nge<\/li>\n<\/ul>\n<h2>Verwendung<\/h2>\n<figure id=\"attachment_3441\" aria-describedby=\"caption-attachment-3441\" style=\"width: 280px\" class=\"wp-caption alignleft\"><a href=\"https:\/\/bolting.eu\/wp-content\/uploads\/2020\/05\/Beal-Seilbuerste-Rope-Brush.jpg\"><img loading=\"lazy\" decoding=\"async\" class=\"wp-image-3441 size-thumbnail\" src=\"https:\/\/bolting.eu\/wp-content\/uploads\/2020\/05\/Beal-Seilbuerste-Rope-Brush-280x280.jpg\" alt=\"Das Bild zeigt die Beal Seilb\u00fcrste Rope Brush. Zu sehen ist ein St\u00fcck rot-wei\u00dfes Seil mit der dunklen, spiralf\u00f6rmigen B\u00fcrste darum herum.\" width=\"280\" height=\"280\" srcset=\"https:\/\/bolting.eu\/wp-content\/uploads\/2020\/05\/Beal-Seilbuerste-Rope-Brush-280x280.jpg 280w, https:\/\/bolting.eu\/wp-content\/uploads\/2020\/05\/Beal-Seilbuerste-Rope-Brush-247x247.jpg 247w, https:\/\/bolting.eu\/wp-content\/uploads\/2020\/05\/Beal-Seilbuerste-Rope-Brush-100x100.jpg 100w, https:\/\/bolting.eu\/wp-content\/uploads\/2020\/05\/Beal-Seilbuerste-Rope-Brush-510x510.jpg 510w, https:\/\/bolting.eu\/wp-content\/uploads\/2020\/05\/Beal-Seilbuerste-Rope-Brush-400x400.jpg 400w, https:\/\/bolting.eu\/wp-content\/uploads\/2020\/05\/Beal-Seilbuerste-Rope-Brush-300x300.jpg 300w, https:\/\/bolting.eu\/wp-content\/uploads\/2020\/05\/Beal-Seilbuerste-Rope-Brush-600x600.jpg 600w, https:\/\/bolting.eu\/wp-content\/uploads\/2020\/05\/Beal-Seilbuerste-Rope-Brush.jpg 700w\" sizes=\"auto, (max-width: 280px) 100vw, 280px\" \/><\/a><figcaption id=\"caption-attachment-3441\" class=\"wp-caption-text\">Am besten gleich die passende Seilb\u00fcrste dazu bestellen!<\/figcaption><\/figure>\n<p>&nbsp;<\/p>\n<p>Die Verwendung h\u00e4ngt von der Waschart ab. Zum einen kann man Seile einfach in die Waschmaschine stecken. Zum anderen kann man sein Klettersteil auch mit der Hand in der Badewanne waschen. Wir empfehlen Euch die W\u00e4sche mit der Hand. Denn erstens k\u00f6nnt ihr euer Seil mal auf seinen Zustand pr\u00fcfen. Zweitens kann man groben Schmutz schon vorab mit der praktischen Beal Seilb\u00fcrste herauswaschen. Und drittens sieht man hier erst, wie schmutzig Seile werden k\u00f6nnen. Bzw. man merkt, dass man sein Seil einfach \u00f6fters und vor allem regelm\u00e4\u00dfiger waschen sollte. Denn dies erh\u00f6ht mitunter die Lebensdauer.<\/p>\n<h3><\/h3>\n<h3>Waschen in der Waschmaschine<\/h3>\n<p>Wir finden dieses Video super, und wollen es euch nat\u00fcrlich nicht vorenthalten. Wer sich die vielen Schlaufen ersparen m\u00f6chte, kann sein Seil einfach in einen verschlie\u00dfbaren Polster\u00fcberzug stecken. Das Beal Seilwaschmittel Rope Cleaner einfach in das entsprechende Fach der Waschmaschine geben.<\/p>\n<p>Wichtig! Wir empfehlen euch eine Sp\u00fclung der Waschmaschine bevor ihr das Kletterseil w\u00e4scht. Weiters nur mit Schonwaschgang sowie bei max. 30\u00b0C waschen. Schleudern nicht vergessen. \u00dcberdies m\u00fcsst ihr das Seil dann an einem schattigen Ort trocknen. Jede Art von Hitze vermeiden und nicht direkt in der Sonne trocknen \ud83d\ude09<\/p>\n<p><iframe loading=\"lazy\" src=\"https:\/\/www.youtube.com\/embed\/W9v0ozsseVU\" width=\"100%\" height=\"360\" frameborder=\"0\" allowfullscreen=\"allowfullscreen\"><span data-mce-type=\"bookmark\" style=\"display: inline-block; width: 0px; overflow: hidden; line-height: 0;\" class=\"mce_SELRES_start\">\ufeff<\/span><\/iframe><\/p>\n<h3>Waschen mit der Hand<\/h3>\n<p>Das Waschen mit der Hand hat einige Vorteile. Diese haben wir oben ja bereits erw\u00e4hnt. Daher pr\u00e4sentieren wir Euch im Folgenden nur mehr die wichtigsten Schritte.<\/p>\n<ul>\n<li>Seil in die mit lauwarmen Wasser (ca. 30\u00b0 C) gef\u00fcllte Badewanne geben<\/li>\n<li>mit der Beal Seilb\u00fcrste einmal das gesamte Seil durchb\u00fcrsten<\/li>\n<li>Beal Seilwaschmittel Rope Cleaner zugeben<\/li>\n<li>zweite Runde durchb\u00fcrsten<\/li>\n<li>Wasser ablassen und mit frischen Wasser oder Brause abwaschen<\/li>\n<li>an schattigem Ort trocknen lassen<\/li>\n<\/ul>\n<p>&nbsp;<\/p>\n","protected":false},"excerpt":{"rendered":"<p>Das Beal Seilwaschmittel bringt den feinen Schmutz und Staub aus dem Mantel und schon somit eure Karabiner \/ Sicherungsger\u00e4te.<\/p>\n<p>Erh\u00e4lt zudem die Funktion von Impr\u00e4gnierungen und verl\u00e4ngert somit auch die Seil Lebensdauer.<\/p>\n<p>Versandkostenfrei bis 2kg in <img decoding=\"async\" class=\"emoji\" role=\"img\" draggable=\"false\" src=\"https:\/\/s.w.org\/images\/core\/emoji\/14.0.0\/svg\/1f1e6-1f1f9.svg\" alt=\"\ud83c\udde6\ud83c\uddf9\" \/> ab \u20ac 100,- und <img decoding=\"async\" class=\"emoji\" role=\"img\" draggable=\"false\" src=\"https:\/\/s.w.org\/images\/core\/emoji\/14.0.0\/svg\/1f1e9-1f1ea.svg\" alt=\"\ud83c\udde9\ud83c\uddea\" \/> ab \u20ac 200,-!<\/p>\n<p>&nbsp;<\/p>\n","protected":false},"featured_media":17023,"comment_status":"open","ping_status":"closed","template":"","meta":[],"product_brand":[],"product_cat":[15211,29,4663,5061,6727],"product_tag":[],"class_list":{"0":"post-3439","1":"product","2":"type-product","3":"status-publish","4":"has-post-thumbnail","6":"product_cat-kletterwand-zubehoer","7":"product_cat-kletterausruestung","8":"product_cat-beal","9":"product_cat-kletterzubehoer","10":"product_cat-kletterseil","12":"first","13":"instock","14":"taxable","15":"shipping-taxable","16":"purchasable","17":"product-type-simple"},"yoast_head":"<!-- This site is optimized with the Yoast SEO Premium plugin v26.9 (Yoast SEO v26.9) - https:\/\/yoast.com\/product\/yoast-seo-premium-wordpress\/ -->\n<title>Beal Seilwaschmittel Rope Cleaner online kaufen | bolting.eu<\/title>\n<meta name=\"description\" content=\"BEAL SEILWASCHMITTEL ROPE CLEANER beim Kletterprofi aus Innsbruck kaufen \u2705 kostenloser Versand* \u2705 14 Tage R\u00fcckgaberecht \u2705 Co2 neutraler Versand\" \/>\n<meta name=\"robots\" content=\"index, follow, max-snippet:-1, max-image-preview:large, max-video-preview:-1\" \/>\n<link rel=\"canonical\" href=\"https:\/\/bolting.eu\/en\/shop\/beal-seilwaschmittel-rope-cleaner\/\" \/>\n<meta property=\"og:locale\" content=\"en_US\" \/>\n<meta property=\"og:type\" content=\"article\" \/>\n<meta property=\"og:title\" content=\"Beal Seilwaschmittel Rope Cleaner\" \/>\n<meta property=\"og:description\" content=\"BEAL SEILWASCHMITTEL ROPE CLEANER beim Kletterprofi aus Innsbruck kaufen \u2705 kostenloser Versand* \u2705 14 Tage R\u00fcckgaberecht \u2705 Co2 neutraler Versand\" \/>\n<meta property=\"og:url\" content=\"https:\/\/bolting.eu\/en\/shop\/beal-seilwaschmittel-rope-cleaner\/\" \/>\n<meta property=\"og:site_name\" content=\"bolting.eu\" \/>\n<meta property=\"article:publisher\" content=\"https:\/\/www.facebook.com\/bolting.eu\" \/>\n<meta property=\"article:modified_time\" content=\"2026-04-03T07:02:29+00:00\" \/>\n<meta property=\"og:image\" content=\"https:\/\/bolting.eu\/wp-content\/uploads\/2020\/05\/Beal-Rope-Cleaner-1.jpg\" \/>\n\t<meta property=\"og:image:width\" content=\"700\" \/>\n\t<meta property=\"og:image:height\" content=\"700\" \/>\n\t<meta property=\"og:image:type\" content=\"image\/jpeg\" \/>\n<meta name=\"twitter:card\" content=\"summary_large_image\" \/>\n<meta name=\"twitter:label1\" content=\"Price\" \/>\n\t<meta name=\"twitter:data1\" content=\"&euro;&nbsp;15,99\" \/>\n\t<meta name=\"twitter:label2\" content=\"Availability\" \/>\n\t<meta name=\"twitter:data2\" content=\"In stock\" \/>\n<script type=\"application\/ld+json\" class=\"yoast-schema-graph\">{\"@context\":\"https:\/\/schema.org\",\"@graph\":[{\"@type\":[\"WebPage\",\"ItemPage\"],\"@id\":\"https:\/\/bolting.eu\/en\/shop\/beal-seilwaschmittel-rope-cleaner\/\",\"url\":\"https:\/\/bolting.eu\/en\/shop\/beal-seilwaschmittel-rope-cleaner\/\",\"name\":\"Beal Seilwaschmittel Rope Cleaner online kaufen | bolting.eu\",\"isPartOf\":{\"@id\":\"https:\/\/bolting.eu\/en\/#website\"},\"primaryImageOfPage\":{\"@id\":\"https:\/\/bolting.eu\/en\/shop\/beal-seilwaschmittel-rope-cleaner\/#primaryimage\"},\"image\":{\"@id\":\"https:\/\/bolting.eu\/en\/shop\/beal-seilwaschmittel-rope-cleaner\/#primaryimage\"},\"thumbnailUrl\":\"https:\/\/bolting.eu\/wp-content\/uploads\/2020\/05\/Beal-Rope-Cleaner-1.jpg\",\"datePublished\":\"2020-05-19T08:42:34+00:00\",\"dateModified\":\"2026-04-03T07:02:29+00:00\",\"description\":\"BEAL SEILWASCHMITTEL ROPE CLEANER beim Kletterprofi aus Innsbruck kaufen \u2705 kostenloser Versand* \u2705 14 Tage R\u00fcckgaberecht \u2705 Co2 neutraler Versand\",\"breadcrumb\":{\"@id\":\"https:\/\/bolting.eu\/en\/shop\/beal-seilwaschmittel-rope-cleaner\/#breadcrumb\"},\"inLanguage\":\"en-US\",\"potentialAction\":[{\"@type\":\"ReadAction\",\"target\":[\"https:\/\/bolting.eu\/en\/shop\/beal-seilwaschmittel-rope-cleaner\/\"]}]},{\"@type\":\"ImageObject\",\"inLanguage\":\"en-US\",\"@id\":\"https:\/\/bolting.eu\/en\/shop\/beal-seilwaschmittel-rope-cleaner\/#primaryimage\",\"url\":\"https:\/\/bolting.eu\/wp-content\/uploads\/2020\/05\/Beal-Rope-Cleaner-1.jpg\",\"contentUrl\":\"https:\/\/bolting.eu\/wp-content\/uploads\/2020\/05\/Beal-Rope-Cleaner-1.jpg\",\"width\":700,\"height\":700,\"caption\":\"Wei\u00dfe Plastikflasche des Beal Seilwaschmittel aufrecht im Bild.\"},{\"@type\":\"BreadcrumbList\",\"@id\":\"https:\/\/bolting.eu\/en\/shop\/beal-seilwaschmittel-rope-cleaner\/#breadcrumb\",\"itemListElement\":[{\"@type\":\"ListItem\",\"position\":1,\"name\":\"Shop\",\"item\":\"https:\/\/bolting.eu\/en\/shop\/\"},{\"@type\":\"ListItem\",\"position\":2,\"name\":\"climbing equipment\",\"item\":\"https:\/\/bolting.eu\/en\/produkt-kategorie\/climbing-equipment\/\"},{\"@type\":\"ListItem\",\"position\":3,\"name\":\"Kletterseil\",\"item\":\"https:\/\/bolting.eu\/produkt-kategorie\/kletterausruestung\/kletterseil\/\"},{\"@type\":\"ListItem\",\"position\":4,\"name\":\"Beal Seilwaschmittel Rope Cleaner\"}]},{\"@type\":\"WebSite\",\"@id\":\"https:\/\/bolting.eu\/en\/#website\",\"url\":\"https:\/\/bolting.eu\/en\/\",\"name\":\"bolting.eu\",\"description\":\"we make climbs happen\",\"publisher\":{\"@id\":\"https:\/\/bolting.eu\/en\/#organization\"},\"potentialAction\":[{\"@type\":\"SearchAction\",\"target\":{\"@type\":\"EntryPoint\",\"urlTemplate\":\"https:\/\/bolting.eu\/en\/?s={search_term_string}\"},\"query-input\":{\"@type\":\"PropertyValueSpecification\",\"valueRequired\":true,\"valueName\":\"search_term_string\"}}],\"inLanguage\":\"en-US\"},{\"@type\":[\"Organization\",\"Place\",\"SportingGoodsStore\"],\"@id\":\"https:\/\/bolting.eu\/en\/#organization\",\"name\":\"bolting.eu\",\"url\":\"https:\/\/bolting.eu\/en\/\",\"logo\":{\"@id\":\"https:\/\/bolting.eu\/en\/shop\/beal-seilwaschmittel-rope-cleaner\/#local-main-organization-logo\"},\"image\":{\"@id\":\"https:\/\/bolting.eu\/en\/shop\/beal-seilwaschmittel-rope-cleaner\/#local-main-organization-logo\"},\"sameAs\":[\"https:\/\/www.facebook.com\/bolting.eu\",\"https:\/\/www.instagram.com\/bolting.eu\/\"],\"address\":{\"@id\":\"https:\/\/bolting.eu\/en\/shop\/beal-seilwaschmittel-rope-cleaner\/#local-main-place-address\"},\"geo\":{\"@type\":\"GeoCoordinates\",\"latitude\":\"47.264176340396226\",\"longitude\":\"11.380109057672346\"},\"telephone\":[\"+43 699 19083372\"],\"openingHoursSpecification\":[{\"@type\":\"OpeningHoursSpecification\",\"dayOfWeek\":[\"Monday\",\"Wednesday\",\"Friday\"],\"opens\":\"14:00\",\"closes\":\"18:00\"},{\"@type\":\"OpeningHoursSpecification\",\"dayOfWeek\":[\"Tuesday\",\"Thursday\",\"Saturday\",\"Sunday\"],\"opens\":\"00:00\",\"closes\":\"00:00\"}],\"email\":\"office@bolting.eu\",\"vatID\":\"ATU59999728\",\"priceRange\":\"$$\",\"currenciesAccepted\":\"Euro\"},{\"@type\":\"PostalAddress\",\"@id\":\"https:\/\/bolting.eu\/en\/shop\/beal-seilwaschmittel-rope-cleaner\/#local-main-place-address\",\"streetAddress\":\"Fischnalerstra\u00dfe 4\",\"addressLocality\":\"Innsbruck\",\"postalCode\":\"6020\",\"addressRegion\":\"Tirol\",\"addressCountry\":\"AT\"},{\"@type\":\"ImageObject\",\"inLanguage\":\"en-US\",\"@id\":\"https:\/\/bolting.eu\/en\/shop\/beal-seilwaschmittel-rope-cleaner\/#local-main-organization-logo\",\"url\":\"https:\/\/bolting.eu\/wp-content\/uploads\/2019\/09\/bolting-logo.png\",\"contentUrl\":\"https:\/\/bolting.eu\/wp-content\/uploads\/2019\/09\/bolting-logo.png\",\"width\":400,\"height\":211,\"caption\":\"bolting.eu\"}]}<\/script>\n<meta property=\"og:video\" content=\"https:\/\/www.youtube.com\/embed\/W9v0ozsseVU\" \/>\n<meta property=\"og:video:type\" content=\"text\/html\" \/>\n<meta property=\"og:video:duration\" content=\"120\" \/>\n<meta property=\"og:video:width\" content=\"480\" \/>\n<meta property=\"og:video:height\" content=\"270\" \/>\n<meta property=\"ya:ovs:adult\" content=\"false\" \/>\n<meta property=\"ya:ovs:upload_date\" content=\"2020-05-19T08:42:34+00:00\" \/>\n<meta property=\"ya:ovs:allow_embed\" content=\"true\" \/>\n<meta property=\"product:price:amount\" content=\"15.99\" \/>\n<meta property=\"product:price:currency\" content=\"EUR\" \/>\n<meta property=\"og:availability\" content=\"instock\" \/>\n<meta property=\"product:availability\" content=\"instock\" \/>\n<meta property=\"product:retailer_item_id\" content=\"BRC\" \/>\n<meta property=\"product:condition\" content=\"new\" \/>\n<meta name=\"geo.placename\" content=\"Innsbruck\" \/>\n<meta name=\"geo.position\" content=\"47.264176340396226;11.380109057672346\" \/>\n<meta name=\"geo.region\" content=\"Austria\" \/>\n<!-- \/ Yoast SEO Premium plugin. -->","yoast_head_json":{"title":"Beal Seilwaschmittel Rope Cleaner online kaufen | bolting.eu","description":"BEAL SEILWASCHMITTEL ROPE CLEANER beim Kletterprofi aus Innsbruck kaufen \u2705 kostenloser Versand* \u2705 14 Tage R\u00fcckgaberecht \u2705 Co2 neutraler Versand","robots":{"index":"index","follow":"follow","max-snippet":"max-snippet:-1","max-image-preview":"max-image-preview:large","max-video-preview":"max-video-preview:-1"},"canonical":"https:\/\/bolting.eu\/en\/shop\/beal-seilwaschmittel-rope-cleaner\/","og_locale":"en_US","og_type":"article","og_title":"Beal Seilwaschmittel Rope Cleaner","og_description":"BEAL SEILWASCHMITTEL ROPE CLEANER beim Kletterprofi aus Innsbruck kaufen \u2705 kostenloser Versand* \u2705 14 Tage R\u00fcckgaberecht \u2705 Co2 neutraler Versand","og_url":"https:\/\/bolting.eu\/en\/shop\/beal-seilwaschmittel-rope-cleaner\/","og_site_name":"bolting.eu","article_publisher":"https:\/\/www.facebook.com\/bolting.eu","article_modified_time":"2026-04-03T07:02:29+00:00","og_image":[{"width":700,"height":700,"url":"https:\/\/bolting.eu\/wp-content\/uploads\/2020\/05\/Beal-Rope-Cleaner-1.jpg","type":"image\/jpeg"}],"twitter_card":"summary_large_image","twitter_misc":{"Price":"&euro;&nbsp;15,99","Availability":"In stock"},"schema":{"@context":"https:\/\/schema.org","@graph":[{"@type":["WebPage","ItemPage"],"@id":"https:\/\/bolting.eu\/en\/shop\/beal-seilwaschmittel-rope-cleaner\/","url":"https:\/\/bolting.eu\/en\/shop\/beal-seilwaschmittel-rope-cleaner\/","name":"Beal Seilwaschmittel Rope Cleaner online kaufen | bolting.eu","isPartOf":{"@id":"https:\/\/bolting.eu\/en\/#website"},"primaryImageOfPage":{"@id":"https:\/\/bolting.eu\/en\/shop\/beal-seilwaschmittel-rope-cleaner\/#primaryimage"},"image":{"@id":"https:\/\/bolting.eu\/en\/shop\/beal-seilwaschmittel-rope-cleaner\/#primaryimage"},"thumbnailUrl":"https:\/\/bolting.eu\/wp-content\/uploads\/2020\/05\/Beal-Rope-Cleaner-1.jpg","datePublished":"2020-05-19T08:42:34+00:00","dateModified":"2026-04-03T07:02:29+00:00","description":"BEAL SEILWASCHMITTEL ROPE CLEANER beim Kletterprofi aus Innsbruck kaufen \u2705 kostenloser Versand* \u2705 14 Tage R\u00fcckgaberecht \u2705 Co2 neutraler Versand","breadcrumb":{"@id":"https:\/\/bolting.eu\/en\/shop\/beal-seilwaschmittel-rope-cleaner\/#breadcrumb"},"inLanguage":"en-US","potentialAction":[{"@type":"ReadAction","target":["https:\/\/bolting.eu\/en\/shop\/beal-seilwaschmittel-rope-cleaner\/"]}]},{"@type":"ImageObject","inLanguage":"en-US","@id":"https:\/\/bolting.eu\/en\/shop\/beal-seilwaschmittel-rope-cleaner\/#primaryimage","url":"https:\/\/bolting.eu\/wp-content\/uploads\/2020\/05\/Beal-Rope-Cleaner-1.jpg","contentUrl":"https:\/\/bolting.eu\/wp-content\/uploads\/2020\/05\/Beal-Rope-Cleaner-1.jpg","width":700,"height":700,"caption":"Wei\u00dfe Plastikflasche des Beal Seilwaschmittel aufrecht im Bild."},{"@type":"BreadcrumbList","@id":"https:\/\/bolting.eu\/en\/shop\/beal-seilwaschmittel-rope-cleaner\/#breadcrumb","itemListElement":[{"@type":"ListItem","position":1,"name":"Shop","item":"https:\/\/bolting.eu\/en\/shop\/"},{"@type":"ListItem","position":2,"name":"climbing equipment","item":"https:\/\/bolting.eu\/en\/produkt-kategorie\/climbing-equipment\/"},{"@type":"ListItem","position":3,"name":"Kletterseil","item":"https:\/\/bolting.eu\/produkt-kategorie\/kletterausruestung\/kletterseil\/"},{"@type":"ListItem","position":4,"name":"Beal Seilwaschmittel Rope Cleaner"}]},{"@type":"WebSite","@id":"https:\/\/bolting.eu\/en\/#website","url":"https:\/\/bolting.eu\/en\/","name":"bolting.eu","description":"we make climbs happen","publisher":{"@id":"https:\/\/bolting.eu\/en\/#organization"},"potentialAction":[{"@type":"SearchAction","target":{"@type":"EntryPoint","urlTemplate":"https:\/\/bolting.eu\/en\/?s={search_term_string}"},"query-input":{"@type":"PropertyValueSpecification","valueRequired":true,"valueName":"search_term_string"}}],"inLanguage":"en-US"},{"@type":["Organization","Place","SportingGoodsStore"],"@id":"https:\/\/bolting.eu\/en\/#organization","name":"bolting.eu","url":"https:\/\/bolting.eu\/en\/","logo":{"@id":"https:\/\/bolting.eu\/en\/shop\/beal-seilwaschmittel-rope-cleaner\/#local-main-organization-logo"},"image":{"@id":"https:\/\/bolting.eu\/en\/shop\/beal-seilwaschmittel-rope-cleaner\/#local-main-organization-logo"},"sameAs":["https:\/\/www.facebook.com\/bolting.eu","https:\/\/www.instagram.com\/bolting.eu\/"],"address":{"@id":"https:\/\/bolting.eu\/en\/shop\/beal-seilwaschmittel-rope-cleaner\/#local-main-place-address"},"geo":{"@type":"GeoCoordinates","latitude":"47.264176340396226","longitude":"11.380109057672346"},"telephone":["+43 699 19083372"],"openingHoursSpecification":[{"@type":"OpeningHoursSpecification","dayOfWeek":["Monday","Wednesday","Friday"],"opens":"14:00","closes":"18:00"},{"@type":"OpeningHoursSpecification","dayOfWeek":["Tuesday","Thursday","Saturday","Sunday"],"opens":"00:00","closes":"00:00"}],"email":"office@bolting.eu","vatID":"ATU59999728","priceRange":"$$","currenciesAccepted":"Euro"},{"@type":"PostalAddress","@id":"https:\/\/bolting.eu\/en\/shop\/beal-seilwaschmittel-rope-cleaner\/#local-main-place-address","streetAddress":"Fischnalerstra\u00dfe 4","addressLocality":"Innsbruck","postalCode":"6020","addressRegion":"Tirol","addressCountry":"AT"},{"@type":"ImageObject","inLanguage":"en-US","@id":"https:\/\/bolting.eu\/en\/shop\/beal-seilwaschmittel-rope-cleaner\/#local-main-organization-logo","url":"https:\/\/bolting.eu\/wp-content\/uploads\/2019\/09\/bolting-logo.png","contentUrl":"https:\/\/bolting.eu\/wp-content\/uploads\/2019\/09\/bolting-logo.png","width":400,"height":211,"caption":"bolting.eu"}]},"og_video":"https:\/\/www.youtube.com\/embed\/W9v0ozsseVU","og_video_type":"text\/html","og_video_duration":"120","og_video_width":"480","og_video_height":"270","ya_ovs_adult":"false","ya_ovs_upload_date":"2020-05-19T08:42:34+00:00","ya_ovs_allow_embed":"true","product_price_amount":"15.99","product_price_currency":"EUR","og_availability":"instock","product_availability":"instock","product_retailer_item_id":"BRC","product_condition":"new","geo.placename":"Innsbruck","geo.position":{"lat":"47.264176340396226","long":"11.380109057672346"},"geo.region":"Austria"},"_links":{"self":[{"href":"https:\/\/bolting.eu\/en\/wp-json\/wp\/v2\/product\/3439","targetHints":{"allow":["GET"]}}],"collection":[{"href":"https:\/\/bolting.eu\/en\/wp-json\/wp\/v2\/product"}],"about":[{"href":"https:\/\/bolting.eu\/en\/wp-json\/wp\/v2\/types\/product"}],"replies":[{"embeddable":true,"href":"https:\/\/bolting.eu\/en\/wp-json\/wp\/v2\/comments?post=3439"}],"wp:featuredmedia":[{"embeddable":true,"href":"https:\/\/bolting.eu\/en\/wp-json\/wp\/v2\/media\/17023"}],"wp:attachment":[{"href":"https:\/\/bolting.eu\/en\/wp-json\/wp\/v2\/media?parent=3439"}],"wp:term":[{"taxonomy":"product_brand","embeddable":true,"href":"https:\/\/bolting.eu\/en\/wp-json\/wp\/v2\/product_brand?post=3439"},{"taxonomy":"product_cat","embeddable":true,"href":"https:\/\/bolting.eu\/en\/wp-json\/wp\/v2\/product_cat?post=3439"},{"taxonomy":"product_tag","embeddable":true,"href":"https:\/\/bolting.eu\/en\/wp-json\/wp\/v2\/product_tag?post=3439"}],"curies":[{"name":"wp","href":"https:\/\/api.w.org\/{rel}","templated":true}]}}