{"id":3435,"date":"2020-05-19T09:38:52","date_gmt":"2020-05-19T07:38:52","guid":{"rendered":"https:\/\/bolting.eu\/?post_type=product&#038;p=3435"},"modified":"2026-02-27T14:35:22","modified_gmt":"2026-02-27T13:35:22","slug":"metolius-eco-ball","status":"publish","type":"product","link":"https:\/\/bolting.eu\/en\/shop\/metolius-eco-ball\/","title":{"rendered":"Metolius Eco Ball"},"content":{"rendered":"<p>Der Metolius Eco Ball ist eine geniale Sache. Denn dieser Chalkball enth\u00e4lt den Stoff &#8220;Carbosil&#8221; und ist somit eine echte Chalk Alternative. Dies hat gleich mehrere Vorteile. Erstens hinterl\u00e4sst Carbosil keine wei\u00dfen Spuren am Fels. Zweitens ist dieser Stoff ein Trockenmittel. D.h. diese Substanz ist perfekt man viel schwitzt. Drittens ist Carbosil wesentlich schonender f\u00fcr den Fels. Kurzum. Eine tolle Alternative f\u00fcr normales <a href=\"https:\/\/bolting.eu\/produkt-kategorie\/chalk-klettern\/\">Kletterchalk.<\/a><\/p>\n<h2>Metolius Eco Ball<\/h2>\n<p><a href=\"https:\/\/bolting.eu\/wp-content\/uploads\/2020\/05\/Metolius-Eco-Ball-2.jpg\"><img loading=\"lazy\" decoding=\"async\" class=\"alignleft wp-image-3438 size-thumbnail\" src=\"https:\/\/bolting.eu\/wp-content\/uploads\/2020\/05\/Metolius-Eco-Ball-2-280x280.jpg\" alt=\"Das Bild zeigt einen verpackten Metolius Eco Ball. Der alternative Chalkball befindet sich in einer milchigen Kunststoffh\u00fclle und ist mit einem buntem Karton versehen.\" width=\"280\" height=\"280\" srcset=\"https:\/\/bolting.eu\/wp-content\/uploads\/2020\/05\/Metolius-Eco-Ball-2-280x280.jpg 280w, https:\/\/bolting.eu\/wp-content\/uploads\/2020\/05\/Metolius-Eco-Ball-2-247x247.jpg 247w, https:\/\/bolting.eu\/wp-content\/uploads\/2020\/05\/Metolius-Eco-Ball-2-100x100.jpg 100w, https:\/\/bolting.eu\/wp-content\/uploads\/2020\/05\/Metolius-Eco-Ball-2-510x510.jpg 510w, https:\/\/bolting.eu\/wp-content\/uploads\/2020\/05\/Metolius-Eco-Ball-2-400x400.jpg 400w, https:\/\/bolting.eu\/wp-content\/uploads\/2020\/05\/Metolius-Eco-Ball-2-300x300.jpg 300w, https:\/\/bolting.eu\/wp-content\/uploads\/2020\/05\/Metolius-Eco-Ball-2-600x600.jpg 600w, https:\/\/bolting.eu\/wp-content\/uploads\/2020\/05\/Metolius-Eco-Ball-2.jpg 700w\" sizes=\"auto, (max-width: 280px) 100vw, 280px\" \/><\/a>Dieses Produkt ist die derzeit einzige Alternitve zu regul\u00e4rem Chalk am gesamten Markt. Oder besser ausgedr\u00fcckt. Wer kein normales Magnesiumcarbonat verwenden will ist hier goldrichtig!<\/p>\n<p>Zum einen gibt es viele Kletterer die einfach keine Spuren am Fels hinterlassen wollen. Somit ist der Eco Ball perfekt. Denn das darin enthaltene Carbosil ist <strong>farblos<\/strong>. Nennt sie \u00d6ko Fuzzis. Oder nennt sie umsichtig und nachhaltig denkend. Fakt ist. Weniger Chalk auf den Griffen und \u00fcberdies weniger Tick Marks w\u00fcrde so manchem Boulderfelsen gut tun.<\/p>\n<p>Zum anderen ist dieses Produkt f\u00fcr alle ein Segen, die aufgrund ihrer Haut eine Unvertr\u00e4glichkeit gegen Magnesiumcarbonat haben.<\/p>\n<h2>Eigenschaften Metolius Eco Ball<\/h2>\n<ul>\n<li>Hersteller: Metolius Climbing<\/li>\n<li>Kunststoff Netz gef\u00fcllt mit &#8220;Carbosil&#8221;<\/li>\n<li>einzige Alternative zu Magnesiumcarbonat am gesamten Markt<\/li>\n<li>farblos &#8211; hinterl\u00e4sst keine Spuren am Fels<\/li>\n<li>perfekt bei Magnesiumcarbonat Unvertr\u00e4glichkeit<\/li>\n<li>42 Gramm<\/li>\n<li>Lieferung in recyclebarer Folie bzw. Karton Label<\/li>\n<\/ul>\n<h2>Jede Haut ist anders!<\/h2>\n<p>Nicht jeder vertr\u00e4gt normales Magnesiumcarbonat auf der Haut! Es gibt erstaunlich viele Kletterer, deren H\u00e4nde quasi &#8220;allergisch&#8221; auf normales Chalk sind. Also was in sein <a href=\"https:\/\/bolting.eu\/produkt-kategorie\/chalkbag\/\">Chalkbag<\/a> f\u00fcllen? Der Metolius Eco Ball ist da eine perfekte Alternative. Genau gesagt. Er ist die einzige Alternative.<\/p>\n<p>Wer also merklich Probleme mit normalem Magnesium hat. Ausprobieren!<\/p>\n<h3>Anzeichen f\u00fcr Unvertr\u00e4glichkeiten<\/h3>\n<p>Ihr merkt relativ bald, ob eure Haut normales Kletterchalk nicht vertr\u00e4gt. Denn die Anzeichen sind meist gut erkennbar. Diese sind:<\/p>\n<ul>\n<li>ger\u00f6tete Haut, besonders zwischen den Fingern<\/li>\n<li>Haut die sich zu &#8220;sch\u00e4len&#8221; beginnt<\/li>\n<li>juckende Finger und Handfl\u00e4chen<\/li>\n<\/ul>\n<h2>Preis Metolius Eco Ball<\/h2>\n<p>Der Preis des Eco Ball ist genau der selbe wie f\u00fcr normale <a href=\"https:\/\/bolting.eu\/shop\/chalkball-austrialpin\/\">Chalkballs<\/a> bzw. <a href=\"https:\/\/bolting.eu\/shop\/chalkball-wiederbefuellbar-austrialpin\/\">wiederbef\u00fcllbare Chalkballs<\/a>. D.h. er ist \u20ac 7,90,-. Somit kann sich wirklich jeder diese Chalk Alternative leisten. Wir empfehlen Euch den g\u00fcnstigen Doppelpack. Hiermit k\u00f6nnt ihr gleich sowohl euer <a href=\"https:\/\/bolting.eu\/produkt-kategorie\/chalkbag\/chalkbag-bouldern\/\">Boulder Chalkbag<\/a> als auch normales Chalkbag best\u00fccken.<\/p>\n<h2>Verwendung &amp; Praxis Tipp<\/h2>\n<p>Der Metolius Eco Ball funktioniert wie ein normaler Chalkball. Einfach in das Chalkbag geben, fest dr\u00fccken, fertig.<br \/>\nDas Carbosil kann man leider nicht &#8220;lose&#8221; kaufen. Deshalb unser Praxis Tipp. schneidet euch einen Eco Ball auf und leert den Inhalt in Euer Chalkbag. Dann gebt einen zweiten Ball dazu. Somit habt ihr eine perfekte Best\u00fcckung eures Magnesiumbeutels. Beim Seilklettern bzw. beim Bouldern k\u00f6nnt ihr damit noch effektiver nachchalken!<\/p>\n","protected":false},"excerpt":{"rendered":"<ul>\n<li>Hersteller: Metolius Climbing<\/li>\n<li>Kunststoff Netz gef\u00fcllt mit &#8220;Carbosil&#8221;<\/li>\n<li>einzige Alternative zu Magnesiumcarbonat am gesamten Markt<\/li>\n<li>farblos &#8211; hinterl\u00e4sst keine Spuren am Fels<\/li>\n<li>perfekt bei Magnesiumcarbonat Unvertr\u00e4glichkeit<\/li>\n<li>42 Gramm<\/li>\n<li>Lieferung in recyclebarer Folie bzw. Karton Label<\/li>\n<\/ul>\n","protected":false},"featured_media":3437,"comment_status":"open","ping_status":"closed","template":"","meta":[],"product_brand":[],"product_cat":[5284,5007,29,4657],"product_tag":[263,3465],"class_list":{"0":"post-3435","1":"product","2":"type-product","3":"status-publish","4":"has-post-thumbnail","6":"product_cat-boulder-ausruestung","7":"product_cat-chalk-klettern","8":"product_cat-kletterausruestung","9":"product_cat-metolius","10":"product_tag-bouldern","11":"product_tag-kletterhalle","13":"first","14":"instock","15":"taxable","16":"shipping-taxable","17":"purchasable","18":"product-type-simple"},"yoast_head":"<!-- This site is optimized with the Yoast SEO Premium plugin v26.9 (Yoast SEO v26.9) - https:\/\/yoast.com\/product\/yoast-seo-premium-wordpress\/ -->\n<title>Metolius Eco Ball - farblose Chalk Alternative &quot;Carbosil&quot; | bolting.eu<\/title>\n<meta name=\"description\" content=\"Hier findest du den METOLIUS ECO BALL - die farblose Chalk Alternative aus &quot;Carbosil&quot;. Keine Spuren am Fels und perfekt bei Magnesium Unvertr\u00e4glichkeit!\" \/>\n<meta name=\"robots\" content=\"index, follow, max-snippet:-1, max-image-preview:large, max-video-preview:-1\" \/>\n<link rel=\"canonical\" href=\"https:\/\/bolting.eu\/en\/shop\/metolius-eco-ball\/\" \/>\n<meta property=\"og:locale\" content=\"en_US\" \/>\n<meta property=\"og:type\" content=\"article\" \/>\n<meta property=\"og:title\" content=\"Metolius Eco Ball\" \/>\n<meta property=\"og:description\" content=\"Hier findest du den METOLIUS ECO BALL - die farblose Chalk Alternative aus &quot;Carbosil&quot;. Keine Spuren am Fels und perfekt bei Magnesium Unvertr\u00e4glichkeit!\" \/>\n<meta property=\"og:url\" content=\"https:\/\/bolting.eu\/en\/shop\/metolius-eco-ball\/\" \/>\n<meta property=\"og:site_name\" content=\"bolting.eu\" \/>\n<meta property=\"article:publisher\" content=\"https:\/\/www.facebook.com\/bolting.eu\" \/>\n<meta property=\"article:modified_time\" content=\"2026-02-27T13:35:22+00:00\" \/>\n<meta property=\"og:image\" content=\"https:\/\/bolting.eu\/wp-content\/uploads\/2020\/05\/Metolius-eco-Ball.jpg\" \/>\n\t<meta property=\"og:image:width\" content=\"700\" \/>\n\t<meta property=\"og:image:height\" content=\"700\" \/>\n\t<meta property=\"og:image:type\" content=\"image\/jpeg\" \/>\n<meta name=\"twitter:card\" content=\"summary_large_image\" \/>\n<meta name=\"twitter:label1\" content=\"Price\" \/>\n\t<meta name=\"twitter:data1\" content=\"&euro;&nbsp;8,90\" \/>\n\t<meta name=\"twitter:label2\" content=\"Availability\" \/>\n\t<meta name=\"twitter:data2\" content=\"In stock\" \/>\n<script type=\"application\/ld+json\" class=\"yoast-schema-graph\">{\"@context\":\"https:\/\/schema.org\",\"@graph\":[{\"@type\":[\"WebPage\",\"ItemPage\"],\"@id\":\"https:\/\/bolting.eu\/en\/shop\/metolius-eco-ball\/\",\"url\":\"https:\/\/bolting.eu\/en\/shop\/metolius-eco-ball\/\",\"name\":\"Metolius Eco Ball - farblose Chalk Alternative \\\"Carbosil\\\" | bolting.eu\",\"isPartOf\":{\"@id\":\"https:\/\/bolting.eu\/en\/#website\"},\"primaryImageOfPage\":{\"@id\":\"https:\/\/bolting.eu\/en\/shop\/metolius-eco-ball\/#primaryimage\"},\"image\":{\"@id\":\"https:\/\/bolting.eu\/en\/shop\/metolius-eco-ball\/#primaryimage\"},\"thumbnailUrl\":\"https:\/\/bolting.eu\/wp-content\/uploads\/2020\/05\/Metolius-eco-Ball.jpg\",\"datePublished\":\"2020-05-19T07:38:52+00:00\",\"dateModified\":\"2026-02-27T13:35:22+00:00\",\"description\":\"Hier findest du den METOLIUS ECO BALL - die farblose Chalk Alternative aus \\\"Carbosil\\\". Keine Spuren am Fels und perfekt bei Magnesium Unvertr\u00e4glichkeit!\",\"breadcrumb\":{\"@id\":\"https:\/\/bolting.eu\/en\/shop\/metolius-eco-ball\/#breadcrumb\"},\"inLanguage\":\"en-US\",\"potentialAction\":[{\"@type\":\"ReadAction\",\"target\":[\"https:\/\/bolting.eu\/en\/shop\/metolius-eco-ball\/\"]}]},{\"@type\":\"ImageObject\",\"inLanguage\":\"en-US\",\"@id\":\"https:\/\/bolting.eu\/en\/shop\/metolius-eco-ball\/#primaryimage\",\"url\":\"https:\/\/bolting.eu\/wp-content\/uploads\/2020\/05\/Metolius-eco-Ball.jpg\",\"contentUrl\":\"https:\/\/bolting.eu\/wp-content\/uploads\/2020\/05\/Metolius-eco-Ball.jpg\",\"width\":700,\"height\":700,\"caption\":\"Das Bild zeigt den Metolius Eco Ball. Zu sehen ist ein grauer Kunststoff Chalkball mit dem zusammengebundenen Ende hin zum Betrachter. Man sieht leicht das hervortretende Carbolis Pulver durch das Kunststoffnetz.\"},{\"@type\":\"BreadcrumbList\",\"@id\":\"https:\/\/bolting.eu\/en\/shop\/metolius-eco-ball\/#breadcrumb\",\"itemListElement\":[{\"@type\":\"ListItem\",\"position\":1,\"name\":\"Shop\",\"item\":\"https:\/\/bolting.eu\/en\/shop\/\"},{\"@type\":\"ListItem\",\"position\":2,\"name\":\"climbing equipment\",\"item\":\"https:\/\/bolting.eu\/en\/produkt-kategorie\/climbing-equipment\/\"},{\"@type\":\"ListItem\",\"position\":3,\"name\":\"Chalk Klettern\",\"item\":\"https:\/\/bolting.eu\/produkt-kategorie\/kletterausruestung\/chalk-klettern\/\"},{\"@type\":\"ListItem\",\"position\":4,\"name\":\"Metolius Eco Ball\"}]},{\"@type\":\"WebSite\",\"@id\":\"https:\/\/bolting.eu\/en\/#website\",\"url\":\"https:\/\/bolting.eu\/en\/\",\"name\":\"bolting.eu\",\"description\":\"we make climbs happen\",\"publisher\":{\"@id\":\"https:\/\/bolting.eu\/en\/#organization\"},\"potentialAction\":[{\"@type\":\"SearchAction\",\"target\":{\"@type\":\"EntryPoint\",\"urlTemplate\":\"https:\/\/bolting.eu\/en\/?s={search_term_string}\"},\"query-input\":{\"@type\":\"PropertyValueSpecification\",\"valueRequired\":true,\"valueName\":\"search_term_string\"}}],\"inLanguage\":\"en-US\"},{\"@type\":[\"Organization\",\"Place\",\"SportingGoodsStore\"],\"@id\":\"https:\/\/bolting.eu\/en\/#organization\",\"name\":\"bolting.eu\",\"url\":\"https:\/\/bolting.eu\/en\/\",\"logo\":{\"@id\":\"https:\/\/bolting.eu\/en\/shop\/metolius-eco-ball\/#local-main-organization-logo\"},\"image\":{\"@id\":\"https:\/\/bolting.eu\/en\/shop\/metolius-eco-ball\/#local-main-organization-logo\"},\"sameAs\":[\"https:\/\/www.facebook.com\/bolting.eu\",\"https:\/\/www.instagram.com\/bolting.eu\/\"],\"address\":{\"@id\":\"https:\/\/bolting.eu\/en\/shop\/metolius-eco-ball\/#local-main-place-address\"},\"geo\":{\"@type\":\"GeoCoordinates\",\"latitude\":\"47.264176340396226\",\"longitude\":\"11.380109057672346\"},\"telephone\":[\"+43 699 19083372\"],\"openingHoursSpecification\":[{\"@type\":\"OpeningHoursSpecification\",\"dayOfWeek\":[\"Monday\",\"Wednesday\",\"Friday\"],\"opens\":\"14:00\",\"closes\":\"18:00\"},{\"@type\":\"OpeningHoursSpecification\",\"dayOfWeek\":[\"Tuesday\",\"Thursday\",\"Saturday\",\"Sunday\"],\"opens\":\"00:00\",\"closes\":\"00:00\"}],\"email\":\"office@bolting.eu\",\"vatID\":\"ATU59999728\",\"priceRange\":\"$$\",\"currenciesAccepted\":\"Euro\"},{\"@type\":\"PostalAddress\",\"@id\":\"https:\/\/bolting.eu\/en\/shop\/metolius-eco-ball\/#local-main-place-address\",\"streetAddress\":\"Fischnalerstra\u00dfe 4\",\"addressLocality\":\"Innsbruck\",\"postalCode\":\"6020\",\"addressRegion\":\"Tirol\",\"addressCountry\":\"AT\"},{\"@type\":\"ImageObject\",\"inLanguage\":\"en-US\",\"@id\":\"https:\/\/bolting.eu\/en\/shop\/metolius-eco-ball\/#local-main-organization-logo\",\"url\":\"https:\/\/bolting.eu\/wp-content\/uploads\/2019\/09\/bolting-logo.png\",\"contentUrl\":\"https:\/\/bolting.eu\/wp-content\/uploads\/2019\/09\/bolting-logo.png\",\"width\":400,\"height\":211,\"caption\":\"bolting.eu\"}]}<\/script>\n<meta property=\"product:price:amount\" content=\"8.90\" \/>\n<meta property=\"product:price:currency\" content=\"EUR\" \/>\n<meta property=\"og:availability\" content=\"instock\" \/>\n<meta property=\"product:availability\" content=\"instock\" \/>\n<meta property=\"product:retailer_item_id\" content=\"ecob001\" \/>\n<meta property=\"product:condition\" content=\"new\" \/>\n<meta name=\"geo.placename\" content=\"Innsbruck\" \/>\n<meta name=\"geo.position\" content=\"47.264176340396226;11.380109057672346\" \/>\n<meta name=\"geo.region\" content=\"Austria\" \/>\n<!-- \/ Yoast SEO Premium plugin. -->","yoast_head_json":{"title":"Metolius Eco Ball - farblose Chalk Alternative \"Carbosil\" | bolting.eu","description":"Hier findest du den METOLIUS ECO BALL - die farblose Chalk Alternative aus \"Carbosil\". Keine Spuren am Fels und perfekt bei Magnesium Unvertr\u00e4glichkeit!","robots":{"index":"index","follow":"follow","max-snippet":"max-snippet:-1","max-image-preview":"max-image-preview:large","max-video-preview":"max-video-preview:-1"},"canonical":"https:\/\/bolting.eu\/en\/shop\/metolius-eco-ball\/","og_locale":"en_US","og_type":"article","og_title":"Metolius Eco Ball","og_description":"Hier findest du den METOLIUS ECO BALL - die farblose Chalk Alternative aus \"Carbosil\". Keine Spuren am Fels und perfekt bei Magnesium Unvertr\u00e4glichkeit!","og_url":"https:\/\/bolting.eu\/en\/shop\/metolius-eco-ball\/","og_site_name":"bolting.eu","article_publisher":"https:\/\/www.facebook.com\/bolting.eu","article_modified_time":"2026-02-27T13:35:22+00:00","og_image":[{"width":700,"height":700,"url":"https:\/\/bolting.eu\/wp-content\/uploads\/2020\/05\/Metolius-eco-Ball.jpg","type":"image\/jpeg"}],"twitter_card":"summary_large_image","twitter_misc":{"Price":"&euro;&nbsp;8,90","Availability":"In stock"},"schema":{"@context":"https:\/\/schema.org","@graph":[{"@type":["WebPage","ItemPage"],"@id":"https:\/\/bolting.eu\/en\/shop\/metolius-eco-ball\/","url":"https:\/\/bolting.eu\/en\/shop\/metolius-eco-ball\/","name":"Metolius Eco Ball - farblose Chalk Alternative \"Carbosil\" | bolting.eu","isPartOf":{"@id":"https:\/\/bolting.eu\/en\/#website"},"primaryImageOfPage":{"@id":"https:\/\/bolting.eu\/en\/shop\/metolius-eco-ball\/#primaryimage"},"image":{"@id":"https:\/\/bolting.eu\/en\/shop\/metolius-eco-ball\/#primaryimage"},"thumbnailUrl":"https:\/\/bolting.eu\/wp-content\/uploads\/2020\/05\/Metolius-eco-Ball.jpg","datePublished":"2020-05-19T07:38:52+00:00","dateModified":"2026-02-27T13:35:22+00:00","description":"Hier findest du den METOLIUS ECO BALL - die farblose Chalk Alternative aus \"Carbosil\". Keine Spuren am Fels und perfekt bei Magnesium Unvertr\u00e4glichkeit!","breadcrumb":{"@id":"https:\/\/bolting.eu\/en\/shop\/metolius-eco-ball\/#breadcrumb"},"inLanguage":"en-US","potentialAction":[{"@type":"ReadAction","target":["https:\/\/bolting.eu\/en\/shop\/metolius-eco-ball\/"]}]},{"@type":"ImageObject","inLanguage":"en-US","@id":"https:\/\/bolting.eu\/en\/shop\/metolius-eco-ball\/#primaryimage","url":"https:\/\/bolting.eu\/wp-content\/uploads\/2020\/05\/Metolius-eco-Ball.jpg","contentUrl":"https:\/\/bolting.eu\/wp-content\/uploads\/2020\/05\/Metolius-eco-Ball.jpg","width":700,"height":700,"caption":"Das Bild zeigt den Metolius Eco Ball. Zu sehen ist ein grauer Kunststoff Chalkball mit dem zusammengebundenen Ende hin zum Betrachter. Man sieht leicht das hervortretende Carbolis Pulver durch das Kunststoffnetz."},{"@type":"BreadcrumbList","@id":"https:\/\/bolting.eu\/en\/shop\/metolius-eco-ball\/#breadcrumb","itemListElement":[{"@type":"ListItem","position":1,"name":"Shop","item":"https:\/\/bolting.eu\/en\/shop\/"},{"@type":"ListItem","position":2,"name":"climbing equipment","item":"https:\/\/bolting.eu\/en\/produkt-kategorie\/climbing-equipment\/"},{"@type":"ListItem","position":3,"name":"Chalk Klettern","item":"https:\/\/bolting.eu\/produkt-kategorie\/kletterausruestung\/chalk-klettern\/"},{"@type":"ListItem","position":4,"name":"Metolius Eco Ball"}]},{"@type":"WebSite","@id":"https:\/\/bolting.eu\/en\/#website","url":"https:\/\/bolting.eu\/en\/","name":"bolting.eu","description":"we make climbs happen","publisher":{"@id":"https:\/\/bolting.eu\/en\/#organization"},"potentialAction":[{"@type":"SearchAction","target":{"@type":"EntryPoint","urlTemplate":"https:\/\/bolting.eu\/en\/?s={search_term_string}"},"query-input":{"@type":"PropertyValueSpecification","valueRequired":true,"valueName":"search_term_string"}}],"inLanguage":"en-US"},{"@type":["Organization","Place","SportingGoodsStore"],"@id":"https:\/\/bolting.eu\/en\/#organization","name":"bolting.eu","url":"https:\/\/bolting.eu\/en\/","logo":{"@id":"https:\/\/bolting.eu\/en\/shop\/metolius-eco-ball\/#local-main-organization-logo"},"image":{"@id":"https:\/\/bolting.eu\/en\/shop\/metolius-eco-ball\/#local-main-organization-logo"},"sameAs":["https:\/\/www.facebook.com\/bolting.eu","https:\/\/www.instagram.com\/bolting.eu\/"],"address":{"@id":"https:\/\/bolting.eu\/en\/shop\/metolius-eco-ball\/#local-main-place-address"},"geo":{"@type":"GeoCoordinates","latitude":"47.264176340396226","longitude":"11.380109057672346"},"telephone":["+43 699 19083372"],"openingHoursSpecification":[{"@type":"OpeningHoursSpecification","dayOfWeek":["Monday","Wednesday","Friday"],"opens":"14:00","closes":"18:00"},{"@type":"OpeningHoursSpecification","dayOfWeek":["Tuesday","Thursday","Saturday","Sunday"],"opens":"00:00","closes":"00:00"}],"email":"office@bolting.eu","vatID":"ATU59999728","priceRange":"$$","currenciesAccepted":"Euro"},{"@type":"PostalAddress","@id":"https:\/\/bolting.eu\/en\/shop\/metolius-eco-ball\/#local-main-place-address","streetAddress":"Fischnalerstra\u00dfe 4","addressLocality":"Innsbruck","postalCode":"6020","addressRegion":"Tirol","addressCountry":"AT"},{"@type":"ImageObject","inLanguage":"en-US","@id":"https:\/\/bolting.eu\/en\/shop\/metolius-eco-ball\/#local-main-organization-logo","url":"https:\/\/bolting.eu\/wp-content\/uploads\/2019\/09\/bolting-logo.png","contentUrl":"https:\/\/bolting.eu\/wp-content\/uploads\/2019\/09\/bolting-logo.png","width":400,"height":211,"caption":"bolting.eu"}]},"product_price_amount":"8.90","product_price_currency":"EUR","og_availability":"instock","product_availability":"instock","product_retailer_item_id":"ecob001","product_condition":"new","geo.placename":"Innsbruck","geo.position":{"lat":"47.264176340396226","long":"11.380109057672346"},"geo.region":"Austria"},"_links":{"self":[{"href":"https:\/\/bolting.eu\/en\/wp-json\/wp\/v2\/product\/3435","targetHints":{"allow":["GET"]}}],"collection":[{"href":"https:\/\/bolting.eu\/en\/wp-json\/wp\/v2\/product"}],"about":[{"href":"https:\/\/bolting.eu\/en\/wp-json\/wp\/v2\/types\/product"}],"replies":[{"embeddable":true,"href":"https:\/\/bolting.eu\/en\/wp-json\/wp\/v2\/comments?post=3435"}],"wp:featuredmedia":[{"embeddable":true,"href":"https:\/\/bolting.eu\/en\/wp-json\/wp\/v2\/media\/3437"}],"wp:attachment":[{"href":"https:\/\/bolting.eu\/en\/wp-json\/wp\/v2\/media?parent=3435"}],"wp:term":[{"taxonomy":"product_brand","embeddable":true,"href":"https:\/\/bolting.eu\/en\/wp-json\/wp\/v2\/product_brand?post=3435"},{"taxonomy":"product_cat","embeddable":true,"href":"https:\/\/bolting.eu\/en\/wp-json\/wp\/v2\/product_cat?post=3435"},{"taxonomy":"product_tag","embeddable":true,"href":"https:\/\/bolting.eu\/en\/wp-json\/wp\/v2\/product_tag?post=3435"}],"curies":[{"name":"wp","href":"https:\/\/api.w.org\/{rel}","templated":true}]}}