{"id":34331,"date":"2025-10-07T10:37:31","date_gmt":"2025-10-07T08:37:31","guid":{"rendered":"https:\/\/bolting.eu\/?post_type=product&#038;p=34331"},"modified":"2025-10-07T10:47:11","modified_gmt":"2025-10-07T08:47:11","slug":"black-diamond-mission-55-alpinrucksack","status":"publish","type":"product","link":"https:\/\/bolting.eu\/en\/shop\/black-diamond-mission-55-alpinrucksack\/","title":{"rendered":"Black Diamond Mission 55  Alpinrucksack"},"content":{"rendered":"<p>Der Black Diamond Mission 55 ist ein extrem robuster Alpinrucksack. Denn er ist zum Eisklettern, alpine Mixed Routen, f\u00fcr Expeditionen und Hochtouren gedacht.<\/p>\n<p>Hierf\u00fcr hat er ganz spezielle Features.<\/p>\n<p>Erstens k\u00f6nnt ihr au\u00dfen eure <a href=\"https:\/\/bolting.eu\/produkt-kategorie\/bergsteiger-ausruestung\/steigeisen\/\">Steigeisen<\/a> und <a href=\"https:\/\/bolting.eu\/produkt-kategorie\/bergsteiger-ausruestung\/eisgeraete\/\">Eisger\u00e4te<\/a> anbringen.<\/p>\n<p>Zweitens hat er 55 Liter Volumen. Folglich passt hier auch die Ausr\u00fcstung f\u00fcr Biwaks hinein.<\/p>\n<p>Drittens k\u00f6nnt ihr die Deckeltasche, H\u00fcftgurt und R\u00fcckenplatte komplett entfernen.<\/p>\n<p>Abschlie\u00dfend sorgt das X-rip 420d Ripstop Gewebe mit UTS Beschichtung f\u00fcr eine lange Lebensdauer.<\/p>\n<h2>Eigenschaften <a href=\"https:\/\/bolting.eu\/produkt-kategorie\/black-diamond\/\">Black Diamond<\/a> Mission 55 Alpinrucksack<\/h2>\n<ul>\n<li>Material: Polyamid, Polyester<\/li>\n<li>Gr\u00f6\u00dfen: S\/M und M\/L<\/li>\n<li>Gewicht: 1740 Gramm und 1830 Gramm<\/li>\n<li>Volumen: 55 Liter<\/li>\n<li>Eisger\u00e4tehalterung mit Fixierhalterung aus Metall<\/li>\n<li>Steigeisenfach au\u00dfen mit abnehmbaren 20mm Riemen<\/li>\n<li>H\u00fcftgurt, Deckeltasche und R\u00fcckenplatte entfernbar<\/li>\n<li>geschwungene Swing-Arm Schultertr\u00e4ger extra gepolstert<\/li>\n<li>gro\u00dfe RV Tasche an Deckeltasche innen und au\u00dfen<\/li>\n<li>seitlicher Zipper um schnellen Zugang zum gesamten Inhalt zu haben<\/li>\n<li>Innenntasche im R\u00fcckenbereich<\/li>\n<li>X-rip 420d Ripstop Gewebe mit UTS Beschichtung<\/li>\n<li>Innenmanschette mit Kordel und Tanka<\/li>\n<li>verstaubare <a href=\"https:\/\/bolting.eu\/produkt-kategorie\/kletterausruestung\/kletterseil\/\">Kletterseil<\/a> Befestigung<\/li>\n<\/ul>\n<h3>Produktvideo<\/h3>\n<p>Im Folgenden stellt BD seinen Alpinrucksack selber vor.<\/p>\n<p><iframe loading=\"lazy\" title=\"Mission Packs\" src=\"https:\/\/www.youtube.com\/embed\/9216qwc6nKs\" width=\"859\" height=\"483\" frameborder=\"0\" allowfullscreen=\"allowfullscreen\"><\/iframe><\/p>\n","protected":false},"excerpt":{"rendered":"<p>DER Alpinrucksack von Black Diamond f\u00fcr 1-3 Tages Missions.<\/p>\n<p>Ideal f\u00fcr\u00b4s Eisklettern, alpine Mixed Routen, Expeditionen und Hochtouren.<\/p>\n<p>Versandkostenfrei bis 2kg in\u00a0<img decoding=\"async\" class=\"emoji\" role=\"img\" draggable=\"false\" src=\"https:\/\/s.w.org\/images\/core\/emoji\/14.0.0\/svg\/1f1e6-1f1f9.svg\" alt=\"\ud83c\udde6\ud83c\uddf9\" \/>\u00a0ab \u20ac 100,- und\u00a0<img decoding=\"async\" class=\"emoji\" role=\"img\" draggable=\"false\" src=\"https:\/\/s.w.org\/images\/core\/emoji\/14.0.0\/svg\/1f1e9-1f1ea.svg\" alt=\"\ud83c\udde9\ud83c\uddea\" \/>\u00a0ab \u20ac 200,-!<\/p>\n","protected":false},"featured_media":34338,"comment_status":"closed","ping_status":"closed","template":"","meta":[],"product_brand":[],"product_cat":[29,4658,4809],"product_tag":[],"class_list":{"0":"post-34331","1":"product","2":"type-product","3":"status-publish","4":"has-post-thumbnail","6":"product_cat-kletterausruestung","7":"product_cat-black-diamond","8":"product_cat-kletterrucksack","10":"first","11":"instock","12":"sale","13":"taxable","14":"shipping-taxable","15":"purchasable","16":"product-type-variable"},"yoast_head":"<!-- This site is optimized with the Yoast SEO Premium plugin v26.9 (Yoast SEO v26.9) - https:\/\/yoast.com\/product\/yoast-seo-premium-wordpress\/ -->\n<title>Black Diamond Mission 55 Alpinrucksack | bolting.eu<\/title>\n<meta name=\"description\" content=\"Black Diamond Mission 55 Alpinrucksack beim Kletterprofi kaufen \u2705 Trusted Shop \u2705 kostenloser Versand* \u2705 14 Tage R\u00fcckgaberecht \u2705 Co2 neutrale Zustellung\" \/>\n<meta name=\"robots\" content=\"index, follow, max-snippet:-1, max-image-preview:large, max-video-preview:-1\" \/>\n<link rel=\"canonical\" href=\"https:\/\/bolting.eu\/en\/shop\/black-diamond-mission-55-alpinrucksack\/\" \/>\n<meta property=\"og:locale\" content=\"en_US\" \/>\n<meta property=\"og:type\" content=\"article\" \/>\n<meta property=\"og:title\" content=\"Black Diamond Mission 55 Alpinrucksack\" \/>\n<meta property=\"og:description\" content=\"Black Diamond Mission 55 Alpinrucksack beim Kletterprofi kaufen \u2705 Trusted Shop \u2705 kostenloser Versand* \u2705 14 Tage R\u00fcckgaberecht \u2705 Co2 neutrale Zustellung\" \/>\n<meta property=\"og:url\" content=\"https:\/\/bolting.eu\/en\/shop\/black-diamond-mission-55-alpinrucksack\/\" \/>\n<meta property=\"og:site_name\" content=\"bolting.eu\" \/>\n<meta property=\"article:publisher\" content=\"https:\/\/www.facebook.com\/bolting.eu\" \/>\n<meta property=\"article:modified_time\" content=\"2025-10-07T08:47:11+00:00\" \/>\n<meta property=\"og:image\" content=\"https:\/\/bolting.eu\/wp-content\/uploads\/2025\/10\/BD-Mission-55-4.jpg\" \/>\n\t<meta property=\"og:image:width\" content=\"700\" \/>\n\t<meta property=\"og:image:height\" content=\"700\" \/>\n\t<meta property=\"og:image:type\" content=\"image\/jpeg\" \/>\n<meta name=\"twitter:card\" content=\"summary_large_image\" \/>\n<meta name=\"twitter:label1\" content=\"Availability\" \/>\n\t<meta name=\"twitter:data1\" content=\"In stock\" \/>\n<script type=\"application\/ld+json\" class=\"yoast-schema-graph\">{\"@context\":\"https:\/\/schema.org\",\"@graph\":[{\"@type\":[\"WebPage\",\"ItemPage\"],\"@id\":\"https:\/\/bolting.eu\/en\/shop\/black-diamond-mission-55-alpinrucksack\/\",\"url\":\"https:\/\/bolting.eu\/en\/shop\/black-diamond-mission-55-alpinrucksack\/\",\"name\":\"Black Diamond Mission 55 Alpinrucksack | bolting.eu\",\"isPartOf\":{\"@id\":\"https:\/\/bolting.eu\/en\/#website\"},\"primaryImageOfPage\":{\"@id\":\"https:\/\/bolting.eu\/en\/shop\/black-diamond-mission-55-alpinrucksack\/#primaryimage\"},\"image\":{\"@id\":\"https:\/\/bolting.eu\/en\/shop\/black-diamond-mission-55-alpinrucksack\/#primaryimage\"},\"thumbnailUrl\":\"https:\/\/bolting.eu\/wp-content\/uploads\/2025\/10\/BD-Mission-55-4.jpg\",\"datePublished\":\"2025-10-07T08:37:31+00:00\",\"dateModified\":\"2025-10-07T08:47:11+00:00\",\"description\":\"Black Diamond Mission 55 Alpinrucksack beim Kletterprofi kaufen \u2705 Trusted Shop \u2705 kostenloser Versand* \u2705 14 Tage R\u00fcckgaberecht \u2705 Co2 neutrale Zustellung\",\"breadcrumb\":{\"@id\":\"https:\/\/bolting.eu\/en\/shop\/black-diamond-mission-55-alpinrucksack\/#breadcrumb\"},\"inLanguage\":\"en-US\",\"potentialAction\":[{\"@type\":\"ReadAction\",\"target\":[\"https:\/\/bolting.eu\/en\/shop\/black-diamond-mission-55-alpinrucksack\/\"]}]},{\"@type\":\"ImageObject\",\"inLanguage\":\"en-US\",\"@id\":\"https:\/\/bolting.eu\/en\/shop\/black-diamond-mission-55-alpinrucksack\/#primaryimage\",\"url\":\"https:\/\/bolting.eu\/wp-content\/uploads\/2025\/10\/BD-Mission-55-4.jpg\",\"contentUrl\":\"https:\/\/bolting.eu\/wp-content\/uploads\/2025\/10\/BD-Mission-55-4.jpg\",\"width\":700,\"height\":700,\"caption\":\"Blauer Black Diamond Mission 55 Alpinrucksack von der Seite vor wei\u00dfem Hintergrund.\"},{\"@type\":\"BreadcrumbList\",\"@id\":\"https:\/\/bolting.eu\/en\/shop\/black-diamond-mission-55-alpinrucksack\/#breadcrumb\",\"itemListElement\":[{\"@type\":\"ListItem\",\"position\":1,\"name\":\"Shop\",\"item\":\"https:\/\/bolting.eu\/en\/shop\/\"},{\"@type\":\"ListItem\",\"position\":2,\"name\":\"climbing equipment\",\"item\":\"https:\/\/bolting.eu\/en\/produkt-kategorie\/climbing-equipment\/\"},{\"@type\":\"ListItem\",\"position\":3,\"name\":\"Kletterrucksack\",\"item\":\"https:\/\/bolting.eu\/produkt-kategorie\/kletterausruestung\/kletterrucksack\/\"},{\"@type\":\"ListItem\",\"position\":4,\"name\":\"Black Diamond Mission 55 Alpinrucksack\"}]},{\"@type\":\"WebSite\",\"@id\":\"https:\/\/bolting.eu\/en\/#website\",\"url\":\"https:\/\/bolting.eu\/en\/\",\"name\":\"bolting.eu\",\"description\":\"we make climbs happen\",\"publisher\":{\"@id\":\"https:\/\/bolting.eu\/en\/#organization\"},\"potentialAction\":[{\"@type\":\"SearchAction\",\"target\":{\"@type\":\"EntryPoint\",\"urlTemplate\":\"https:\/\/bolting.eu\/en\/?s={search_term_string}\"},\"query-input\":{\"@type\":\"PropertyValueSpecification\",\"valueRequired\":true,\"valueName\":\"search_term_string\"}}],\"inLanguage\":\"en-US\"},{\"@type\":[\"Organization\",\"Place\",\"SportingGoodsStore\"],\"@id\":\"https:\/\/bolting.eu\/en\/#organization\",\"name\":\"bolting.eu\",\"url\":\"https:\/\/bolting.eu\/en\/\",\"logo\":{\"@id\":\"https:\/\/bolting.eu\/en\/shop\/black-diamond-mission-55-alpinrucksack\/#local-main-organization-logo\"},\"image\":{\"@id\":\"https:\/\/bolting.eu\/en\/shop\/black-diamond-mission-55-alpinrucksack\/#local-main-organization-logo\"},\"sameAs\":[\"https:\/\/www.facebook.com\/bolting.eu\",\"https:\/\/www.instagram.com\/bolting.eu\/\"],\"address\":{\"@id\":\"https:\/\/bolting.eu\/en\/shop\/black-diamond-mission-55-alpinrucksack\/#local-main-place-address\"},\"geo\":{\"@type\":\"GeoCoordinates\",\"latitude\":\"47.264176340396226\",\"longitude\":\"11.380109057672346\"},\"telephone\":[\"+43 699 19083372\"],\"openingHoursSpecification\":[{\"@type\":\"OpeningHoursSpecification\",\"dayOfWeek\":[\"Monday\",\"Wednesday\",\"Friday\"],\"opens\":\"14:00\",\"closes\":\"18:00\"},{\"@type\":\"OpeningHoursSpecification\",\"dayOfWeek\":[\"Tuesday\",\"Thursday\",\"Saturday\",\"Sunday\"],\"opens\":\"00:00\",\"closes\":\"00:00\"}],\"email\":\"office@bolting.eu\",\"vatID\":\"ATU59999728\",\"priceRange\":\"$$\",\"currenciesAccepted\":\"Euro\"},{\"@type\":\"PostalAddress\",\"@id\":\"https:\/\/bolting.eu\/en\/shop\/black-diamond-mission-55-alpinrucksack\/#local-main-place-address\",\"streetAddress\":\"Fischnalerstra\u00dfe 4\",\"addressLocality\":\"Innsbruck\",\"postalCode\":\"6020\",\"addressRegion\":\"Tirol\",\"addressCountry\":\"AT\"},{\"@type\":\"ImageObject\",\"inLanguage\":\"en-US\",\"@id\":\"https:\/\/bolting.eu\/en\/shop\/black-diamond-mission-55-alpinrucksack\/#local-main-organization-logo\",\"url\":\"https:\/\/bolting.eu\/wp-content\/uploads\/2019\/09\/bolting-logo.png\",\"contentUrl\":\"https:\/\/bolting.eu\/wp-content\/uploads\/2019\/09\/bolting-logo.png\",\"width\":400,\"height\":211,\"caption\":\"bolting.eu\"}]}<\/script>\n<meta property=\"og:video\" content=\"https:\/\/www.youtube.com\/embed\/9216qwc6nKs\" \/>\n<meta property=\"og:video:type\" content=\"text\/html\" \/>\n<meta property=\"og:video:duration\" content=\"84\" \/>\n<meta property=\"og:video:width\" content=\"480\" \/>\n<meta property=\"og:video:height\" content=\"270\" \/>\n<meta property=\"ya:ovs:adult\" content=\"false\" \/>\n<meta property=\"ya:ovs:upload_date\" content=\"2025-10-07T08:37:31+00:00\" \/>\n<meta property=\"ya:ovs:allow_embed\" content=\"true\" \/>\n<meta property=\"og:availability\" content=\"instock\" \/>\n<meta property=\"product:availability\" content=\"instock\" \/>\n<meta property=\"product:condition\" content=\"new\" \/>\n<meta name=\"geo.placename\" content=\"Innsbruck\" \/>\n<meta name=\"geo.position\" content=\"47.264176340396226;11.380109057672346\" \/>\n<meta name=\"geo.region\" content=\"Austria\" \/>\n<!-- \/ Yoast SEO Premium plugin. -->","yoast_head_json":{"title":"Black Diamond Mission 55 Alpinrucksack | bolting.eu","description":"Black Diamond Mission 55 Alpinrucksack beim Kletterprofi kaufen \u2705 Trusted Shop \u2705 kostenloser Versand* \u2705 14 Tage R\u00fcckgaberecht \u2705 Co2 neutrale Zustellung","robots":{"index":"index","follow":"follow","max-snippet":"max-snippet:-1","max-image-preview":"max-image-preview:large","max-video-preview":"max-video-preview:-1"},"canonical":"https:\/\/bolting.eu\/en\/shop\/black-diamond-mission-55-alpinrucksack\/","og_locale":"en_US","og_type":"article","og_title":"Black Diamond Mission 55 Alpinrucksack","og_description":"Black Diamond Mission 55 Alpinrucksack beim Kletterprofi kaufen \u2705 Trusted Shop \u2705 kostenloser Versand* \u2705 14 Tage R\u00fcckgaberecht \u2705 Co2 neutrale Zustellung","og_url":"https:\/\/bolting.eu\/en\/shop\/black-diamond-mission-55-alpinrucksack\/","og_site_name":"bolting.eu","article_publisher":"https:\/\/www.facebook.com\/bolting.eu","article_modified_time":"2025-10-07T08:47:11+00:00","og_image":[{"width":700,"height":700,"url":"https:\/\/bolting.eu\/wp-content\/uploads\/2025\/10\/BD-Mission-55-4.jpg","type":"image\/jpeg"}],"twitter_card":"summary_large_image","twitter_misc":{"Availability":"In stock"},"schema":{"@context":"https:\/\/schema.org","@graph":[{"@type":["WebPage","ItemPage"],"@id":"https:\/\/bolting.eu\/en\/shop\/black-diamond-mission-55-alpinrucksack\/","url":"https:\/\/bolting.eu\/en\/shop\/black-diamond-mission-55-alpinrucksack\/","name":"Black Diamond Mission 55 Alpinrucksack | bolting.eu","isPartOf":{"@id":"https:\/\/bolting.eu\/en\/#website"},"primaryImageOfPage":{"@id":"https:\/\/bolting.eu\/en\/shop\/black-diamond-mission-55-alpinrucksack\/#primaryimage"},"image":{"@id":"https:\/\/bolting.eu\/en\/shop\/black-diamond-mission-55-alpinrucksack\/#primaryimage"},"thumbnailUrl":"https:\/\/bolting.eu\/wp-content\/uploads\/2025\/10\/BD-Mission-55-4.jpg","datePublished":"2025-10-07T08:37:31+00:00","dateModified":"2025-10-07T08:47:11+00:00","description":"Black Diamond Mission 55 Alpinrucksack beim Kletterprofi kaufen \u2705 Trusted Shop \u2705 kostenloser Versand* \u2705 14 Tage R\u00fcckgaberecht \u2705 Co2 neutrale Zustellung","breadcrumb":{"@id":"https:\/\/bolting.eu\/en\/shop\/black-diamond-mission-55-alpinrucksack\/#breadcrumb"},"inLanguage":"en-US","potentialAction":[{"@type":"ReadAction","target":["https:\/\/bolting.eu\/en\/shop\/black-diamond-mission-55-alpinrucksack\/"]}]},{"@type":"ImageObject","inLanguage":"en-US","@id":"https:\/\/bolting.eu\/en\/shop\/black-diamond-mission-55-alpinrucksack\/#primaryimage","url":"https:\/\/bolting.eu\/wp-content\/uploads\/2025\/10\/BD-Mission-55-4.jpg","contentUrl":"https:\/\/bolting.eu\/wp-content\/uploads\/2025\/10\/BD-Mission-55-4.jpg","width":700,"height":700,"caption":"Blauer Black Diamond Mission 55 Alpinrucksack von der Seite vor wei\u00dfem Hintergrund."},{"@type":"BreadcrumbList","@id":"https:\/\/bolting.eu\/en\/shop\/black-diamond-mission-55-alpinrucksack\/#breadcrumb","itemListElement":[{"@type":"ListItem","position":1,"name":"Shop","item":"https:\/\/bolting.eu\/en\/shop\/"},{"@type":"ListItem","position":2,"name":"climbing equipment","item":"https:\/\/bolting.eu\/en\/produkt-kategorie\/climbing-equipment\/"},{"@type":"ListItem","position":3,"name":"Kletterrucksack","item":"https:\/\/bolting.eu\/produkt-kategorie\/kletterausruestung\/kletterrucksack\/"},{"@type":"ListItem","position":4,"name":"Black Diamond Mission 55 Alpinrucksack"}]},{"@type":"WebSite","@id":"https:\/\/bolting.eu\/en\/#website","url":"https:\/\/bolting.eu\/en\/","name":"bolting.eu","description":"we make climbs happen","publisher":{"@id":"https:\/\/bolting.eu\/en\/#organization"},"potentialAction":[{"@type":"SearchAction","target":{"@type":"EntryPoint","urlTemplate":"https:\/\/bolting.eu\/en\/?s={search_term_string}"},"query-input":{"@type":"PropertyValueSpecification","valueRequired":true,"valueName":"search_term_string"}}],"inLanguage":"en-US"},{"@type":["Organization","Place","SportingGoodsStore"],"@id":"https:\/\/bolting.eu\/en\/#organization","name":"bolting.eu","url":"https:\/\/bolting.eu\/en\/","logo":{"@id":"https:\/\/bolting.eu\/en\/shop\/black-diamond-mission-55-alpinrucksack\/#local-main-organization-logo"},"image":{"@id":"https:\/\/bolting.eu\/en\/shop\/black-diamond-mission-55-alpinrucksack\/#local-main-organization-logo"},"sameAs":["https:\/\/www.facebook.com\/bolting.eu","https:\/\/www.instagram.com\/bolting.eu\/"],"address":{"@id":"https:\/\/bolting.eu\/en\/shop\/black-diamond-mission-55-alpinrucksack\/#local-main-place-address"},"geo":{"@type":"GeoCoordinates","latitude":"47.264176340396226","longitude":"11.380109057672346"},"telephone":["+43 699 19083372"],"openingHoursSpecification":[{"@type":"OpeningHoursSpecification","dayOfWeek":["Monday","Wednesday","Friday"],"opens":"14:00","closes":"18:00"},{"@type":"OpeningHoursSpecification","dayOfWeek":["Tuesday","Thursday","Saturday","Sunday"],"opens":"00:00","closes":"00:00"}],"email":"office@bolting.eu","vatID":"ATU59999728","priceRange":"$$","currenciesAccepted":"Euro"},{"@type":"PostalAddress","@id":"https:\/\/bolting.eu\/en\/shop\/black-diamond-mission-55-alpinrucksack\/#local-main-place-address","streetAddress":"Fischnalerstra\u00dfe 4","addressLocality":"Innsbruck","postalCode":"6020","addressRegion":"Tirol","addressCountry":"AT"},{"@type":"ImageObject","inLanguage":"en-US","@id":"https:\/\/bolting.eu\/en\/shop\/black-diamond-mission-55-alpinrucksack\/#local-main-organization-logo","url":"https:\/\/bolting.eu\/wp-content\/uploads\/2019\/09\/bolting-logo.png","contentUrl":"https:\/\/bolting.eu\/wp-content\/uploads\/2019\/09\/bolting-logo.png","width":400,"height":211,"caption":"bolting.eu"}]},"og_video":"https:\/\/www.youtube.com\/embed\/9216qwc6nKs","og_video_type":"text\/html","og_video_duration":"84","og_video_width":"480","og_video_height":"270","ya_ovs_adult":"false","ya_ovs_upload_date":"2025-10-07T08:37:31+00:00","ya_ovs_allow_embed":"true","og_availability":"instock","product_availability":"instock","product_condition":"new","geo.placename":"Innsbruck","geo.position":{"lat":"47.264176340396226","long":"11.380109057672346"},"geo.region":"Austria"},"_links":{"self":[{"href":"https:\/\/bolting.eu\/en\/wp-json\/wp\/v2\/product\/34331","targetHints":{"allow":["GET"]}}],"collection":[{"href":"https:\/\/bolting.eu\/en\/wp-json\/wp\/v2\/product"}],"about":[{"href":"https:\/\/bolting.eu\/en\/wp-json\/wp\/v2\/types\/product"}],"replies":[{"embeddable":true,"href":"https:\/\/bolting.eu\/en\/wp-json\/wp\/v2\/comments?post=34331"}],"wp:featuredmedia":[{"embeddable":true,"href":"https:\/\/bolting.eu\/en\/wp-json\/wp\/v2\/media\/34338"}],"wp:attachment":[{"href":"https:\/\/bolting.eu\/en\/wp-json\/wp\/v2\/media?parent=34331"}],"wp:term":[{"taxonomy":"product_brand","embeddable":true,"href":"https:\/\/bolting.eu\/en\/wp-json\/wp\/v2\/product_brand?post=34331"},{"taxonomy":"product_cat","embeddable":true,"href":"https:\/\/bolting.eu\/en\/wp-json\/wp\/v2\/product_cat?post=34331"},{"taxonomy":"product_tag","embeddable":true,"href":"https:\/\/bolting.eu\/en\/wp-json\/wp\/v2\/product_tag?post=34331"}],"curies":[{"name":"wp","href":"https:\/\/api.w.org\/{rel}","templated":true}]}}