{"id":34282,"date":"2025-10-06T15:58:56","date_gmt":"2025-10-06T13:58:56","guid":{"rendered":"https:\/\/bolting.eu\/?post_type=product&#038;p=34282"},"modified":"2025-12-05T15:24:18","modified_gmt":"2025-12-05T14:24:18","slug":"rafiki-chain-damen-jeans-kletterhose","status":"publish","type":"product","link":"https:\/\/bolting.eu\/en\/shop\/rafiki-chain-damen-jeans-kletterhose\/","title":{"rendered":"Rafiki Chain Damen Jeans Kletterhose"},"content":{"rendered":"<p>Die Rafiki Chain ist eine Damen Jeans Kletterhose. Denn sie ist auf angenehm weichen Stretch Denim gefertigt. Somit dehnt sich diese Pant ordentlich mit.<\/p>\n<p>Die weiteren Features sind.<\/p>\n<p>Erstens ein hoher, flacher Bund um ideal unter dem <a href=\"https:\/\/bolting.eu\/produkt-kategorie\/kletterausruestung\/klettergurte\/\">Klettergurt<\/a> Platz zu finden.<\/p>\n<p>Zweitens die engen B\u00fcndchen an den Beinabschl\u00fcssen. Drittens die geformten Kniebereiche f\u00fcr optimale Bewegungsfreiheit.<\/p>\n<p>Abschlie\u00dfend ist der Stoff atmungsaktiv und trocknet schnell auf.<\/p>\n<p>Fazit Ideal beim Klettern und Bouldern, angenehm im Alltag!<\/p>\n<h2>Eigenschaften Rafiki Chain Damen Jeans Kletterhose<\/h2>\n<ul>\n<li>Hersteller: Rafiki<\/li>\n<li>Material: Stretch Denim. Polyester, Elastan<\/li>\n<li>Schnitt: Regular Fit<\/li>\n<li>Farbe: blue denim<\/li>\n<li>Gr\u00f6\u00dfen: XS, S, M, L<\/li>\n<li>Gewicht: 335 Gramm (S)<\/li>\n<li>breiter, elastischer H\u00fcftbund f\u00fcr Klettergurt<\/li>\n<li>vorgeformte Knie speziell zum Klettern<\/li>\n<li>sch\u00f6n dehnbar<\/li>\n<li>elastischer Bund mit G\u00fcrtel Schlaufen<\/li>\n<li>2 Front Taschen<\/li>\n<li>2 Ges\u00e4\u00dftaschen<\/li>\n<li>elastische Beinabschl\u00fcsse an der R\u00fcckseite<\/li>\n<li><a href=\"https:\/\/bolting.eu\/produkt-kategorie\/boulder-ausruestung\/boulderbuersten\/\">Boulderb\u00fcrsten<\/a> Halter am linken Oberschenkel seitlich<\/li>\n<\/ul>\n<h3>Produktvideo<\/h3>\n<p><iframe loading=\"lazy\" title=\"Chain\" src=\"https:\/\/www.youtube.com\/embed\/cHzL_VruVH8\" width=\"1043\" height=\"612\" frameborder=\"0\" allowfullscreen=\"allowfullscreen\"><\/iframe><\/p>\n<h3>Regular Fit f\u00fcr viele K\u00f6rpertypen<\/h3>\n<p>Gegen\u00fcber der <a href=\"https:\/\/bolting.eu\/shop\/rafiki-evo-lady-jegging\/\">Evo Lady<\/a> hat die Chain Damen Jeans Kletterhose von Rafiki einen &#8220;regular fit&#8221;.<\/p>\n<p>D.h. sie ist vom Schnitt her f\u00fcr viele K\u00f6rpertypen geeignet.<\/p>\n<p>Im Folgenden findet ihr die Ma\u00dfe der Hose in Gr\u00f6\u00dfe 36 (Gr. S).<\/p>\n<p><a href=\"https:\/\/bolting.eu\/wp-content\/uploads\/2025\/10\/Rafiki-Chain-1.jpg\"><img loading=\"lazy\" decoding=\"async\" class=\"alignnone size-full wp-image-34283\" src=\"https:\/\/bolting.eu\/wp-content\/uploads\/2025\/10\/Rafiki-Chain-1.jpg\" alt=\"Blaue Rafiki Chain Damen Jeans Kletterhose mit Angaben zu den Gr\u00f6\u00dfen bei H\u00fcfte, Beinl\u00e4nge und Schrittl\u00e4nge.\" width=\"700\" height=\"700\" srcset=\"https:\/\/bolting.eu\/wp-content\/uploads\/2025\/10\/Rafiki-Chain-1.jpg 700w, https:\/\/bolting.eu\/wp-content\/uploads\/2025\/10\/Rafiki-Chain-1-400x400.jpg 400w, https:\/\/bolting.eu\/wp-content\/uploads\/2025\/10\/Rafiki-Chain-1-280x280.jpg 280w, https:\/\/bolting.eu\/wp-content\/uploads\/2025\/10\/Rafiki-Chain-1-247x247.jpg 247w, https:\/\/bolting.eu\/wp-content\/uploads\/2025\/10\/Rafiki-Chain-1-510x510.jpg 510w, https:\/\/bolting.eu\/wp-content\/uploads\/2025\/10\/Rafiki-Chain-1-100x100.jpg 100w\" sizes=\"auto, (max-width: 700px) 100vw, 700px\" \/><\/a><\/p>\n<p>&nbsp;<\/p>\n","protected":false},"excerpt":{"rendered":"<p>Angenehm weiche, dehnbare Damen Jeans Kletterhose.<\/p>\n<p>Die Rafiki Chain punktet zudem mit einem breiten Bund, elastischen Beinabschl\u00fcssen und den vorgeformten Kniebereichen.<\/p>\n<p>Ideal zum Klettern und Bouldern!<\/p>\n<p>Versandkostenfrei bis 2kg in\u00a0<img decoding=\"async\" class=\"emoji\" role=\"img\" draggable=\"false\" src=\"https:\/\/s.w.org\/images\/core\/emoji\/14.0.0\/svg\/1f1e6-1f1f9.svg\" alt=\"\ud83c\udde6\ud83c\uddf9\" \/>\u00a0ab \u20ac 100,- und\u00a0<img decoding=\"async\" class=\"emoji\" role=\"img\" draggable=\"false\" src=\"https:\/\/s.w.org\/images\/core\/emoji\/14.0.0\/svg\/1f1e9-1f1ea.svg\" alt=\"\ud83c\udde9\ud83c\uddea\" \/>\u00a0ab \u20ac 200,-!<\/p>\n","protected":false},"featured_media":34300,"comment_status":"closed","ping_status":"closed","template":"","meta":[],"product_brand":[],"product_cat":[15245,15224,15228],"product_tag":[],"class_list":{"0":"post-34282","1":"product","2":"type-product","3":"status-publish","4":"has-post-thumbnail","6":"product_cat-rafiki","7":"product_cat-kletterbekleidung","8":"product_cat-kletterhosen","10":"first","11":"instock","12":"sale","13":"taxable","14":"shipping-taxable","15":"purchasable","16":"product-type-variable"},"yoast_head":"<!-- This site is optimized with the Yoast SEO Premium plugin v26.9 (Yoast SEO v26.9) - https:\/\/yoast.com\/product\/yoast-seo-premium-wordpress\/ -->\n<title>Rafiki Chain Damen Jeans Kletterhose | bolting.eu<\/title>\n<meta name=\"description\" content=\"Rafiki Chain Damen Jeans Kletterhose beim Kletterprofi kaufen \u2705 Trusted Shop \u2705 kostenloser Versand* \u2705 14 Tage R\u00fcckgaberecht \u2705 Co2 neutrale Zustellung\" \/>\n<meta name=\"robots\" content=\"index, follow, max-snippet:-1, max-image-preview:large, max-video-preview:-1\" \/>\n<link rel=\"canonical\" href=\"https:\/\/bolting.eu\/en\/shop\/rafiki-chain-damen-jeans-kletterhose\/\" \/>\n<meta property=\"og:locale\" content=\"en_US\" \/>\n<meta property=\"og:type\" content=\"article\" \/>\n<meta property=\"og:title\" content=\"Rafiki Chain Damen Jeans Kletterhose\" \/>\n<meta property=\"og:description\" content=\"Rafiki Chain Damen Jeans Kletterhose beim Kletterprofi kaufen \u2705 Trusted Shop \u2705 kostenloser Versand* \u2705 14 Tage R\u00fcckgaberecht \u2705 Co2 neutrale Zustellung\" \/>\n<meta property=\"og:url\" content=\"https:\/\/bolting.eu\/en\/shop\/rafiki-chain-damen-jeans-kletterhose\/\" \/>\n<meta property=\"og:site_name\" content=\"bolting.eu\" \/>\n<meta property=\"article:publisher\" content=\"https:\/\/www.facebook.com\/bolting.eu\" \/>\n<meta property=\"article:modified_time\" content=\"2025-12-05T14:24:18+00:00\" \/>\n<meta property=\"og:image\" content=\"https:\/\/bolting.eu\/wp-content\/uploads\/2025\/10\/Rafiki-Chain-5.jpg\" \/>\n\t<meta property=\"og:image:width\" content=\"700\" \/>\n\t<meta property=\"og:image:height\" content=\"700\" \/>\n\t<meta property=\"og:image:type\" content=\"image\/jpeg\" \/>\n<meta name=\"twitter:card\" content=\"summary_large_image\" \/>\n<meta name=\"twitter:label1\" content=\"Availability\" \/>\n\t<meta name=\"twitter:data1\" content=\"In stock\" \/>\n<script type=\"application\/ld+json\" class=\"yoast-schema-graph\">{\"@context\":\"https:\/\/schema.org\",\"@graph\":[{\"@type\":[\"WebPage\",\"ItemPage\"],\"@id\":\"https:\/\/bolting.eu\/en\/shop\/rafiki-chain-damen-jeans-kletterhose\/\",\"url\":\"https:\/\/bolting.eu\/en\/shop\/rafiki-chain-damen-jeans-kletterhose\/\",\"name\":\"Rafiki Chain Damen Jeans Kletterhose | bolting.eu\",\"isPartOf\":{\"@id\":\"https:\/\/bolting.eu\/en\/#website\"},\"primaryImageOfPage\":{\"@id\":\"https:\/\/bolting.eu\/en\/shop\/rafiki-chain-damen-jeans-kletterhose\/#primaryimage\"},\"image\":{\"@id\":\"https:\/\/bolting.eu\/en\/shop\/rafiki-chain-damen-jeans-kletterhose\/#primaryimage\"},\"thumbnailUrl\":\"https:\/\/bolting.eu\/wp-content\/uploads\/2025\/10\/Rafiki-Chain-5.jpg\",\"datePublished\":\"2025-10-06T13:58:56+00:00\",\"dateModified\":\"2025-12-05T14:24:18+00:00\",\"description\":\"Rafiki Chain Damen Jeans Kletterhose beim Kletterprofi kaufen \u2705 Trusted Shop \u2705 kostenloser Versand* \u2705 14 Tage R\u00fcckgaberecht \u2705 Co2 neutrale Zustellung\",\"breadcrumb\":{\"@id\":\"https:\/\/bolting.eu\/en\/shop\/rafiki-chain-damen-jeans-kletterhose\/#breadcrumb\"},\"inLanguage\":\"en-US\",\"potentialAction\":[{\"@type\":\"ReadAction\",\"target\":[\"https:\/\/bolting.eu\/en\/shop\/rafiki-chain-damen-jeans-kletterhose\/\"]}]},{\"@type\":\"ImageObject\",\"inLanguage\":\"en-US\",\"@id\":\"https:\/\/bolting.eu\/en\/shop\/rafiki-chain-damen-jeans-kletterhose\/#primaryimage\",\"url\":\"https:\/\/bolting.eu\/wp-content\/uploads\/2025\/10\/Rafiki-Chain-5.jpg\",\"contentUrl\":\"https:\/\/bolting.eu\/wp-content\/uploads\/2025\/10\/Rafiki-Chain-5.jpg\",\"width\":700,\"height\":700,\"caption\":\"Rafiki Chain Damen Jeans Kletterhose von der Vorderseite an einem bauchfreien Modell.\"},{\"@type\":\"BreadcrumbList\",\"@id\":\"https:\/\/bolting.eu\/en\/shop\/rafiki-chain-damen-jeans-kletterhose\/#breadcrumb\",\"itemListElement\":[{\"@type\":\"ListItem\",\"position\":1,\"name\":\"Shop\",\"item\":\"https:\/\/bolting.eu\/en\/shop\/\"},{\"@type\":\"ListItem\",\"position\":2,\"name\":\"Kletterbekleidung\",\"item\":\"https:\/\/bolting.eu\/produkt-kategorie\/kletterbekleidung\/\"},{\"@type\":\"ListItem\",\"position\":3,\"name\":\"Kletterhosen\",\"item\":\"https:\/\/bolting.eu\/produkt-kategorie\/kletterbekleidung\/kletterhosen\/\"},{\"@type\":\"ListItem\",\"position\":4,\"name\":\"Rafiki Chain Damen Jeans Kletterhose\"}]},{\"@type\":\"WebSite\",\"@id\":\"https:\/\/bolting.eu\/en\/#website\",\"url\":\"https:\/\/bolting.eu\/en\/\",\"name\":\"bolting.eu\",\"description\":\"we make climbs happen\",\"publisher\":{\"@id\":\"https:\/\/bolting.eu\/en\/#organization\"},\"potentialAction\":[{\"@type\":\"SearchAction\",\"target\":{\"@type\":\"EntryPoint\",\"urlTemplate\":\"https:\/\/bolting.eu\/en\/?s={search_term_string}\"},\"query-input\":{\"@type\":\"PropertyValueSpecification\",\"valueRequired\":true,\"valueName\":\"search_term_string\"}}],\"inLanguage\":\"en-US\"},{\"@type\":[\"Organization\",\"Place\",\"SportingGoodsStore\"],\"@id\":\"https:\/\/bolting.eu\/en\/#organization\",\"name\":\"bolting.eu\",\"url\":\"https:\/\/bolting.eu\/en\/\",\"logo\":{\"@id\":\"https:\/\/bolting.eu\/en\/shop\/rafiki-chain-damen-jeans-kletterhose\/#local-main-organization-logo\"},\"image\":{\"@id\":\"https:\/\/bolting.eu\/en\/shop\/rafiki-chain-damen-jeans-kletterhose\/#local-main-organization-logo\"},\"sameAs\":[\"https:\/\/www.facebook.com\/bolting.eu\",\"https:\/\/www.instagram.com\/bolting.eu\/\"],\"address\":{\"@id\":\"https:\/\/bolting.eu\/en\/shop\/rafiki-chain-damen-jeans-kletterhose\/#local-main-place-address\"},\"geo\":{\"@type\":\"GeoCoordinates\",\"latitude\":\"47.264176340396226\",\"longitude\":\"11.380109057672346\"},\"telephone\":[\"+43 699 19083372\"],\"openingHoursSpecification\":[{\"@type\":\"OpeningHoursSpecification\",\"dayOfWeek\":[\"Monday\",\"Wednesday\",\"Friday\"],\"opens\":\"14:00\",\"closes\":\"18:00\"},{\"@type\":\"OpeningHoursSpecification\",\"dayOfWeek\":[\"Tuesday\",\"Thursday\",\"Saturday\",\"Sunday\"],\"opens\":\"00:00\",\"closes\":\"00:00\"}],\"email\":\"office@bolting.eu\",\"vatID\":\"ATU59999728\",\"priceRange\":\"$$\",\"currenciesAccepted\":\"Euro\"},{\"@type\":\"PostalAddress\",\"@id\":\"https:\/\/bolting.eu\/en\/shop\/rafiki-chain-damen-jeans-kletterhose\/#local-main-place-address\",\"streetAddress\":\"Fischnalerstra\u00dfe 4\",\"addressLocality\":\"Innsbruck\",\"postalCode\":\"6020\",\"addressRegion\":\"Tirol\",\"addressCountry\":\"AT\"},{\"@type\":\"ImageObject\",\"inLanguage\":\"en-US\",\"@id\":\"https:\/\/bolting.eu\/en\/shop\/rafiki-chain-damen-jeans-kletterhose\/#local-main-organization-logo\",\"url\":\"https:\/\/bolting.eu\/wp-content\/uploads\/2019\/09\/bolting-logo.png\",\"contentUrl\":\"https:\/\/bolting.eu\/wp-content\/uploads\/2019\/09\/bolting-logo.png\",\"width\":400,\"height\":211,\"caption\":\"bolting.eu\"}]}<\/script>\n<meta property=\"og:video\" content=\"https:\/\/www.youtube.com\/embed\/cHzL_VruVH8\" \/>\n<meta property=\"og:video:type\" content=\"text\/html\" \/>\n<meta property=\"og:video:duration\" content=\"32\" \/>\n<meta property=\"og:video:width\" content=\"480\" \/>\n<meta property=\"og:video:height\" content=\"270\" \/>\n<meta property=\"ya:ovs:adult\" content=\"false\" \/>\n<meta property=\"ya:ovs:upload_date\" content=\"2025-10-06T13:58:56+00:00\" \/>\n<meta property=\"ya:ovs:allow_embed\" content=\"true\" \/>\n<meta property=\"og:availability\" content=\"instock\" \/>\n<meta property=\"product:availability\" content=\"instock\" \/>\n<meta property=\"product:condition\" content=\"new\" \/>\n<meta name=\"geo.placename\" content=\"Innsbruck\" \/>\n<meta name=\"geo.position\" content=\"47.264176340396226;11.380109057672346\" \/>\n<meta name=\"geo.region\" content=\"Austria\" \/>\n<!-- \/ Yoast SEO Premium plugin. -->","yoast_head_json":{"title":"Rafiki Chain Damen Jeans Kletterhose | bolting.eu","description":"Rafiki Chain Damen Jeans Kletterhose beim Kletterprofi kaufen \u2705 Trusted Shop \u2705 kostenloser Versand* \u2705 14 Tage R\u00fcckgaberecht \u2705 Co2 neutrale Zustellung","robots":{"index":"index","follow":"follow","max-snippet":"max-snippet:-1","max-image-preview":"max-image-preview:large","max-video-preview":"max-video-preview:-1"},"canonical":"https:\/\/bolting.eu\/en\/shop\/rafiki-chain-damen-jeans-kletterhose\/","og_locale":"en_US","og_type":"article","og_title":"Rafiki Chain Damen Jeans Kletterhose","og_description":"Rafiki Chain Damen Jeans Kletterhose beim Kletterprofi kaufen \u2705 Trusted Shop \u2705 kostenloser Versand* \u2705 14 Tage R\u00fcckgaberecht \u2705 Co2 neutrale Zustellung","og_url":"https:\/\/bolting.eu\/en\/shop\/rafiki-chain-damen-jeans-kletterhose\/","og_site_name":"bolting.eu","article_publisher":"https:\/\/www.facebook.com\/bolting.eu","article_modified_time":"2025-12-05T14:24:18+00:00","og_image":[{"width":700,"height":700,"url":"https:\/\/bolting.eu\/wp-content\/uploads\/2025\/10\/Rafiki-Chain-5.jpg","type":"image\/jpeg"}],"twitter_card":"summary_large_image","twitter_misc":{"Availability":"In stock"},"schema":{"@context":"https:\/\/schema.org","@graph":[{"@type":["WebPage","ItemPage"],"@id":"https:\/\/bolting.eu\/en\/shop\/rafiki-chain-damen-jeans-kletterhose\/","url":"https:\/\/bolting.eu\/en\/shop\/rafiki-chain-damen-jeans-kletterhose\/","name":"Rafiki Chain Damen Jeans Kletterhose | bolting.eu","isPartOf":{"@id":"https:\/\/bolting.eu\/en\/#website"},"primaryImageOfPage":{"@id":"https:\/\/bolting.eu\/en\/shop\/rafiki-chain-damen-jeans-kletterhose\/#primaryimage"},"image":{"@id":"https:\/\/bolting.eu\/en\/shop\/rafiki-chain-damen-jeans-kletterhose\/#primaryimage"},"thumbnailUrl":"https:\/\/bolting.eu\/wp-content\/uploads\/2025\/10\/Rafiki-Chain-5.jpg","datePublished":"2025-10-06T13:58:56+00:00","dateModified":"2025-12-05T14:24:18+00:00","description":"Rafiki Chain Damen Jeans Kletterhose beim Kletterprofi kaufen \u2705 Trusted Shop \u2705 kostenloser Versand* \u2705 14 Tage R\u00fcckgaberecht \u2705 Co2 neutrale Zustellung","breadcrumb":{"@id":"https:\/\/bolting.eu\/en\/shop\/rafiki-chain-damen-jeans-kletterhose\/#breadcrumb"},"inLanguage":"en-US","potentialAction":[{"@type":"ReadAction","target":["https:\/\/bolting.eu\/en\/shop\/rafiki-chain-damen-jeans-kletterhose\/"]}]},{"@type":"ImageObject","inLanguage":"en-US","@id":"https:\/\/bolting.eu\/en\/shop\/rafiki-chain-damen-jeans-kletterhose\/#primaryimage","url":"https:\/\/bolting.eu\/wp-content\/uploads\/2025\/10\/Rafiki-Chain-5.jpg","contentUrl":"https:\/\/bolting.eu\/wp-content\/uploads\/2025\/10\/Rafiki-Chain-5.jpg","width":700,"height":700,"caption":"Rafiki Chain Damen Jeans Kletterhose von der Vorderseite an einem bauchfreien Modell."},{"@type":"BreadcrumbList","@id":"https:\/\/bolting.eu\/en\/shop\/rafiki-chain-damen-jeans-kletterhose\/#breadcrumb","itemListElement":[{"@type":"ListItem","position":1,"name":"Shop","item":"https:\/\/bolting.eu\/en\/shop\/"},{"@type":"ListItem","position":2,"name":"Kletterbekleidung","item":"https:\/\/bolting.eu\/produkt-kategorie\/kletterbekleidung\/"},{"@type":"ListItem","position":3,"name":"Kletterhosen","item":"https:\/\/bolting.eu\/produkt-kategorie\/kletterbekleidung\/kletterhosen\/"},{"@type":"ListItem","position":4,"name":"Rafiki Chain Damen Jeans Kletterhose"}]},{"@type":"WebSite","@id":"https:\/\/bolting.eu\/en\/#website","url":"https:\/\/bolting.eu\/en\/","name":"bolting.eu","description":"we make climbs happen","publisher":{"@id":"https:\/\/bolting.eu\/en\/#organization"},"potentialAction":[{"@type":"SearchAction","target":{"@type":"EntryPoint","urlTemplate":"https:\/\/bolting.eu\/en\/?s={search_term_string}"},"query-input":{"@type":"PropertyValueSpecification","valueRequired":true,"valueName":"search_term_string"}}],"inLanguage":"en-US"},{"@type":["Organization","Place","SportingGoodsStore"],"@id":"https:\/\/bolting.eu\/en\/#organization","name":"bolting.eu","url":"https:\/\/bolting.eu\/en\/","logo":{"@id":"https:\/\/bolting.eu\/en\/shop\/rafiki-chain-damen-jeans-kletterhose\/#local-main-organization-logo"},"image":{"@id":"https:\/\/bolting.eu\/en\/shop\/rafiki-chain-damen-jeans-kletterhose\/#local-main-organization-logo"},"sameAs":["https:\/\/www.facebook.com\/bolting.eu","https:\/\/www.instagram.com\/bolting.eu\/"],"address":{"@id":"https:\/\/bolting.eu\/en\/shop\/rafiki-chain-damen-jeans-kletterhose\/#local-main-place-address"},"geo":{"@type":"GeoCoordinates","latitude":"47.264176340396226","longitude":"11.380109057672346"},"telephone":["+43 699 19083372"],"openingHoursSpecification":[{"@type":"OpeningHoursSpecification","dayOfWeek":["Monday","Wednesday","Friday"],"opens":"14:00","closes":"18:00"},{"@type":"OpeningHoursSpecification","dayOfWeek":["Tuesday","Thursday","Saturday","Sunday"],"opens":"00:00","closes":"00:00"}],"email":"office@bolting.eu","vatID":"ATU59999728","priceRange":"$$","currenciesAccepted":"Euro"},{"@type":"PostalAddress","@id":"https:\/\/bolting.eu\/en\/shop\/rafiki-chain-damen-jeans-kletterhose\/#local-main-place-address","streetAddress":"Fischnalerstra\u00dfe 4","addressLocality":"Innsbruck","postalCode":"6020","addressRegion":"Tirol","addressCountry":"AT"},{"@type":"ImageObject","inLanguage":"en-US","@id":"https:\/\/bolting.eu\/en\/shop\/rafiki-chain-damen-jeans-kletterhose\/#local-main-organization-logo","url":"https:\/\/bolting.eu\/wp-content\/uploads\/2019\/09\/bolting-logo.png","contentUrl":"https:\/\/bolting.eu\/wp-content\/uploads\/2019\/09\/bolting-logo.png","width":400,"height":211,"caption":"bolting.eu"}]},"og_video":"https:\/\/www.youtube.com\/embed\/cHzL_VruVH8","og_video_type":"text\/html","og_video_duration":"32","og_video_width":"480","og_video_height":"270","ya_ovs_adult":"false","ya_ovs_upload_date":"2025-10-06T13:58:56+00:00","ya_ovs_allow_embed":"true","og_availability":"instock","product_availability":"instock","product_condition":"new","geo.placename":"Innsbruck","geo.position":{"lat":"47.264176340396226","long":"11.380109057672346"},"geo.region":"Austria"},"_links":{"self":[{"href":"https:\/\/bolting.eu\/en\/wp-json\/wp\/v2\/product\/34282","targetHints":{"allow":["GET"]}}],"collection":[{"href":"https:\/\/bolting.eu\/en\/wp-json\/wp\/v2\/product"}],"about":[{"href":"https:\/\/bolting.eu\/en\/wp-json\/wp\/v2\/types\/product"}],"replies":[{"embeddable":true,"href":"https:\/\/bolting.eu\/en\/wp-json\/wp\/v2\/comments?post=34282"}],"wp:featuredmedia":[{"embeddable":true,"href":"https:\/\/bolting.eu\/en\/wp-json\/wp\/v2\/media\/34300"}],"wp:attachment":[{"href":"https:\/\/bolting.eu\/en\/wp-json\/wp\/v2\/media?parent=34282"}],"wp:term":[{"taxonomy":"product_brand","embeddable":true,"href":"https:\/\/bolting.eu\/en\/wp-json\/wp\/v2\/product_brand?post=34282"},{"taxonomy":"product_cat","embeddable":true,"href":"https:\/\/bolting.eu\/en\/wp-json\/wp\/v2\/product_cat?post=34282"},{"taxonomy":"product_tag","embeddable":true,"href":"https:\/\/bolting.eu\/en\/wp-json\/wp\/v2\/product_tag?post=34282"}],"curies":[{"name":"wp","href":"https:\/\/api.w.org\/{rel}","templated":true}]}}