{"id":33887,"date":"2025-08-28T05:28:19","date_gmt":"2025-08-28T03:28:19","guid":{"rendered":"https:\/\/bolting.eu\/?post_type=product&#038;p=33887"},"modified":"2026-03-23T10:01:19","modified_gmt":"2026-03-23T09:01:19","slug":"grivel-g10-wide-steigeisen-fuer-snowboardschuhe","status":"publish","type":"product","link":"https:\/\/bolting.eu\/en\/shop\/grivel-g10-wide-steigeisen-fuer-snowboardschuhe\/","title":{"rendered":"Grivel G10 Wide Steigeisen f\u00fcr Snowboardschuhe"},"content":{"rendered":"<p>Das Grivel G10 Wide ist ein Steigeisen f\u00fcr Snowboardschuhe bzw. extrem breite Bergschuhe.<\/p>\n<p>Denn es hat eine extrem breite vordere und hintere Fassung. Somit passen hier auch extrem breite Boots durch.<\/p>\n<p>Das Produkt an sich ist ein robustes 10-Zack Modell aus Stahl. Ihr k\u00f6nnt es gleich mehrmals nachschleifen.<\/p>\n<p>Gedacht ist Modell f\u00fcr Hochtouren, Firnflanken und kurze Plankeis Passagen.<\/p>\n<p>Boarder finden mit dem <a href=\"https:\/\/bolting.eu\/shop\/grivel-air-tech-light-wide-snowboarder-steigeisen\/\">Air Tech Light Wide<\/a> auch ein Leichtmodell aus Aluminium!<\/p>\n<h2>Eigenschaften Grivel G10 Wide &#8211; Steigeisen f\u00fcr Snowboardschuhe<\/h2>\n<ul>\n<li>Hersteller: <a href=\"https:\/\/bolting.eu\/produkt-kategorie\/grivel\/\">Grivel<\/a><\/li>\n<li>Material: Stahl, Kunststoff<\/li>\n<li>Gewicht: 826 Gramm (New Matic Evo), 806 Gramm (New Classic Evo)<\/li>\n<li>Bindungstypen: New Matic Evo (a.k.a. Semi Automatik) und New Classic Evo (a.k.a. Riemenbindung)<\/li>\n<li>Normen: EN 893<\/li>\n<li>Standard Variante f\u00fcr Schuhgr\u00f6\u00dfen ca. EU 35 &#8211; 46 (Mondo Point 22 &#8211; 30,5)<\/li>\n<li>Variante f\u00fcr \u00dcberl\u00e4nge EU 45 &#8211; EU 50 (Mondo Point 30 &#8211; 33,5)<\/li>\n<li>Anzahl Zacken: 10<\/li>\n<li><strong>ideal f\u00fcr Snowboardschuhe und extrem breite Bergschuhe<\/strong><\/li>\n<li>f\u00fcr leichtere Hochtouren, flachere Firnflanken, kurze Plankeis Passagen, Schneegel\u00e4nde<\/li>\n<li>extra kurze Zacken erleichtern das Gehen<\/li>\n<li>Breite vordere Fassung:<\/li>\n<li>Breite hintere Fassung:<\/li>\n<li>maximale L\u00e4nge mit Standard Steg: ca. EU 35 &#8211; 45<\/li>\n<li>maximale L\u00e4nge mit langem Steg: ca. EU 45 &#8211; 50<\/li>\n<li><strong>Lieferumfang inkl. vormontierten Antistollenplatten<\/strong><\/li>\n<li>Lieferumfang Variante &#8220;\u00dcberl\u00e4nge&#8221; mit 1 Paar <a href=\"https:\/\/bolting.eu\/shop\/grivel-valter-standard-bar\/\">Valter Standard Bar<\/a> (16cm) und 1 Paar <a href=\"https:\/\/bolting.eu\/shop\/grivel-valter-long-bar\/\">Valter\u00a0long Bar<\/a> (19cm) Stegen<\/li>\n<li><a href=\"https:\/\/grivel.com\/de\/products\/g10-wide?variant=39609763954723#:~:text=_,Technical%20Notice%3A%20General\" target=\"_blank\" rel=\"noopener\">Bedienungsanleitung<\/a><\/li>\n<\/ul>\n<figure id=\"attachment_33811\" aria-describedby=\"caption-attachment-33811\" style=\"width: 1024px\" class=\"wp-caption alignnone\"><a href=\"https:\/\/bolting.eu\/wp-content\/uploads\/2025\/08\/Messstellen-Steigeisen-Masse-SR.jpg\"><img loading=\"lazy\" decoding=\"async\" class=\"wp-image-33811 size-full\" src=\"https:\/\/bolting.eu\/wp-content\/uploads\/2025\/08\/Messstellen-Steigeisen-Masse-SR.jpg\" alt=\"Grafik zur Bestimmung Indikatoren Ma\u00dfe f\u00fcr Steigeisen in \u00dcbergr\u00f6\u00dfe und f\u00fcr Snowboardschuhe mit Schuhsohle und Steigeisen.\" width=\"1024\" height=\"512\" srcset=\"https:\/\/bolting.eu\/wp-content\/uploads\/2025\/08\/Messstellen-Steigeisen-Masse-SR.jpg 1024w, https:\/\/bolting.eu\/wp-content\/uploads\/2025\/08\/Messstellen-Steigeisen-Masse-SR-800x400.jpg 800w, https:\/\/bolting.eu\/wp-content\/uploads\/2025\/08\/Messstellen-Steigeisen-Masse-SR-768x384.jpg 768w, https:\/\/bolting.eu\/wp-content\/uploads\/2025\/08\/Messstellen-Steigeisen-Masse-SR-510x255.jpg 510w, https:\/\/bolting.eu\/wp-content\/uploads\/2025\/08\/Messstellen-Steigeisen-Masse-SR-100x50.jpg 100w\" sizes=\"auto, (max-width: 1024px) 100vw, 1024px\" \/><\/a><figcaption id=\"caption-attachment-33811\" class=\"wp-caption-text\">Hier findest Du die Messstellen an deinen Schuhen, um die Ma\u00dfe mit unseren Angaben zu vergleichen!<\/figcaption><\/figure>\n<h3>Steigeisen f\u00fcr Snowboardschuhe<\/h3>\n<p>Was macht das G10 Wide so ideal f\u00fcr Boots bzw. extrem breite Bergschuhe?<\/p>\n<p>Es sind die extrem breiten Fassungen!<\/p>\n<p>Denn die K\u00f6rbchen sind hier au\u00dfen an den kleinen Stahl Dornen montiert. Somit ergibt dies ca. 0,5cm mehr Breite. Deshalb passen auch sehr breite Schuhe in die Bindung.<\/p>\n<h3>bolting.eu Praxistipp<\/h3>\n<p>Wie bei <a href=\"https:\/\/bolting.eu\/produkt-kategorie\/bergsteiger-ausruestung\/eisschrauben\/\">Eisschrauben<\/a> und <a href=\"https:\/\/bolting.eu\/produkt-kategorie\/bergsteiger-ausruestung\/eisgeraete\/\">Eisger\u00e4ten<\/a> gilt. Lagert euer G10 Wide Steigeisen niemals in nassem Zustand und kalter bzw. feuchter Umgebung. Denn dann wird es rasch rosten!<\/p>\n<p>Unser Tipp lautet daher. Erstens nach dem Gebrauch ordentlich trocknen. Zweitens in einer Steigeisen Tasche lan einem trockenen und warmen Ort lagern.<\/p>\n<p>Ganz schlecht sind feuchte Keller oder die kalte Garage.<\/p>\n","protected":false},"excerpt":{"rendered":"<p>Das Grivel G10 Wide ist ein Steigeisen f\u00fcr Snowboardschuhe und \/ oder extrem breite Bergschuhe.<\/p>\n<p><strong>Erh\u00e4ltlich mit Riemen- oder Semi-Automatik Bindung sowie in Standard (EU 35 &#8211; 46) oder \u00dcberlange (EU 45 &#8211; 50).<\/strong><\/p>\n<p>Ideal f\u00fcr steiles Schneegel\u00e4nde, Hochtouren, Firnflanken und kurze Eispassagen.<\/p>\n<p>Versandkostenfrei bis 2kg in <img decoding=\"async\" class=\"emoji\" role=\"img\" draggable=\"false\" src=\"https:\/\/s.w.org\/images\/core\/emoji\/14.0.0\/svg\/1f1e6-1f1f9.svg\" alt=\"\ud83c\udde6\ud83c\uddf9\" \/> ab \u20ac 100,- und <img decoding=\"async\" class=\"emoji\" role=\"img\" draggable=\"false\" src=\"https:\/\/s.w.org\/images\/core\/emoji\/14.0.0\/svg\/1f1e9-1f1ea.svg\" alt=\"\ud83c\udde9\ud83c\uddea\" \/> ab \u20ac 200,-!<\/p>\n","protected":false},"featured_media":33892,"comment_status":"closed","ping_status":"closed","template":"","meta":[],"product_brand":[],"product_cat":[13938,14288,4667,15222],"product_tag":[],"class_list":{"0":"post-33887","1":"product","2":"type-product","3":"status-publish","4":"has-post-thumbnail","6":"product_cat-bergsteiger-ausruestung","7":"product_cat-steigeisen","8":"product_cat-grivel","9":"product_cat-steigeisen-fuer-snowboardboots","11":"first","12":"instock","13":"sale","14":"taxable","15":"shipping-taxable","16":"purchasable","17":"product-type-variable"},"yoast_head":"<!-- This site is optimized with the Yoast SEO Premium plugin v26.9 (Yoast SEO v26.9) - https:\/\/yoast.com\/product\/yoast-seo-premium-wordpress\/ -->\n<title>Grivel G10 Wide Steigeisen f\u00fcr Snowboardschuhe | bolting.eu<\/title>\n<meta name=\"description\" content=\"Grivel G10 Wide Steigeisen f\u00fcr Snowboardschuhe \u2705 Trusted Shop \u2705 kostenloser Versand* \u2705 14 Tage R\u00fcckgaberecht \u2705 Co2 neutrale Zustellung\" \/>\n<meta name=\"robots\" content=\"index, follow, max-snippet:-1, max-image-preview:large, max-video-preview:-1\" \/>\n<link rel=\"canonical\" href=\"https:\/\/bolting.eu\/en\/shop\/grivel-g10-wide-steigeisen-fuer-snowboardschuhe\/\" \/>\n<meta property=\"og:locale\" content=\"en_US\" \/>\n<meta property=\"og:type\" content=\"article\" \/>\n<meta property=\"og:title\" content=\"Grivel G10 Wide Steigeisen f\u00fcr Snowboardschuhe\" \/>\n<meta property=\"og:description\" content=\"Grivel G10 Wide Steigeisen f\u00fcr Snowboardschuhe \u2705 Trusted Shop \u2705 kostenloser Versand* \u2705 14 Tage R\u00fcckgaberecht \u2705 Co2 neutrale Zustellung\" \/>\n<meta property=\"og:url\" content=\"https:\/\/bolting.eu\/en\/shop\/grivel-g10-wide-steigeisen-fuer-snowboardschuhe\/\" \/>\n<meta property=\"og:site_name\" content=\"bolting.eu\" \/>\n<meta property=\"article:publisher\" content=\"https:\/\/www.facebook.com\/bolting.eu\" \/>\n<meta property=\"article:modified_time\" content=\"2026-03-23T09:01:19+00:00\" \/>\n<meta property=\"og:image\" content=\"https:\/\/bolting.eu\/wp-content\/uploads\/2025\/08\/Grivel-G-10-Wide-new-classic-evo.jpg\" \/>\n\t<meta property=\"og:image:width\" content=\"700\" \/>\n\t<meta property=\"og:image:height\" content=\"700\" \/>\n\t<meta property=\"og:image:type\" content=\"image\/jpeg\" \/>\n<meta name=\"twitter:card\" content=\"summary_large_image\" \/>\n<meta name=\"twitter:label1\" content=\"Availability\" \/>\n\t<meta name=\"twitter:data1\" content=\"In stock\" \/>\n<script type=\"application\/ld+json\" class=\"yoast-schema-graph\">{\"@context\":\"https:\/\/schema.org\",\"@graph\":[{\"@type\":[\"WebPage\",\"ItemPage\"],\"@id\":\"https:\/\/bolting.eu\/en\/shop\/grivel-g10-wide-steigeisen-fuer-snowboardschuhe\/\",\"url\":\"https:\/\/bolting.eu\/en\/shop\/grivel-g10-wide-steigeisen-fuer-snowboardschuhe\/\",\"name\":\"Grivel G10 Wide Steigeisen f\u00fcr Snowboardschuhe | bolting.eu\",\"isPartOf\":{\"@id\":\"https:\/\/bolting.eu\/en\/#website\"},\"primaryImageOfPage\":{\"@id\":\"https:\/\/bolting.eu\/en\/shop\/grivel-g10-wide-steigeisen-fuer-snowboardschuhe\/#primaryimage\"},\"image\":{\"@id\":\"https:\/\/bolting.eu\/en\/shop\/grivel-g10-wide-steigeisen-fuer-snowboardschuhe\/#primaryimage\"},\"thumbnailUrl\":\"https:\/\/bolting.eu\/wp-content\/uploads\/2025\/08\/Grivel-G-10-Wide-new-classic-evo.jpg\",\"datePublished\":\"2025-08-28T03:28:19+00:00\",\"dateModified\":\"2026-03-23T09:01:19+00:00\",\"description\":\"Grivel G10 Wide Steigeisen f\u00fcr Snowboardschuhe \u2705 Trusted Shop \u2705 kostenloser Versand* \u2705 14 Tage R\u00fcckgaberecht \u2705 Co2 neutrale Zustellung\",\"breadcrumb\":{\"@id\":\"https:\/\/bolting.eu\/en\/shop\/grivel-g10-wide-steigeisen-fuer-snowboardschuhe\/#breadcrumb\"},\"inLanguage\":\"en-US\",\"potentialAction\":[{\"@type\":\"ReadAction\",\"target\":[\"https:\/\/bolting.eu\/en\/shop\/grivel-g10-wide-steigeisen-fuer-snowboardschuhe\/\"]}]},{\"@type\":\"ImageObject\",\"inLanguage\":\"en-US\",\"@id\":\"https:\/\/bolting.eu\/en\/shop\/grivel-g10-wide-steigeisen-fuer-snowboardschuhe\/#primaryimage\",\"url\":\"https:\/\/bolting.eu\/wp-content\/uploads\/2025\/08\/Grivel-G-10-Wide-new-classic-evo.jpg\",\"contentUrl\":\"https:\/\/bolting.eu\/wp-content\/uploads\/2025\/08\/Grivel-G-10-Wide-new-classic-evo.jpg\",\"width\":700,\"height\":700,\"caption\":\"Gelb - schwarzes Grivel G10 Wide Steigeisen f\u00fcr Snowboardschuhe von der Seite vor wei\u00dfem Hintergrund.\"},{\"@type\":\"BreadcrumbList\",\"@id\":\"https:\/\/bolting.eu\/en\/shop\/grivel-g10-wide-steigeisen-fuer-snowboardschuhe\/#breadcrumb\",\"itemListElement\":[{\"@type\":\"ListItem\",\"position\":1,\"name\":\"Shop\",\"item\":\"https:\/\/bolting.eu\/en\/shop\/\"},{\"@type\":\"ListItem\",\"position\":2,\"name\":\"Bergsteiger Ausr\u00fcstung\",\"item\":\"https:\/\/bolting.eu\/produkt-kategorie\/bergsteiger-ausruestung\/\"},{\"@type\":\"ListItem\",\"position\":3,\"name\":\"Steigeisen\",\"item\":\"https:\/\/bolting.eu\/produkt-kategorie\/bergsteiger-ausruestung\/steigeisen\/\"},{\"@type\":\"ListItem\",\"position\":4,\"name\":\"Grivel G10 Wide Steigeisen f\u00fcr Snowboardschuhe\"}]},{\"@type\":\"WebSite\",\"@id\":\"https:\/\/bolting.eu\/en\/#website\",\"url\":\"https:\/\/bolting.eu\/en\/\",\"name\":\"bolting.eu\",\"description\":\"we make climbs happen\",\"publisher\":{\"@id\":\"https:\/\/bolting.eu\/en\/#organization\"},\"potentialAction\":[{\"@type\":\"SearchAction\",\"target\":{\"@type\":\"EntryPoint\",\"urlTemplate\":\"https:\/\/bolting.eu\/en\/?s={search_term_string}\"},\"query-input\":{\"@type\":\"PropertyValueSpecification\",\"valueRequired\":true,\"valueName\":\"search_term_string\"}}],\"inLanguage\":\"en-US\"},{\"@type\":[\"Organization\",\"Place\",\"SportingGoodsStore\"],\"@id\":\"https:\/\/bolting.eu\/en\/#organization\",\"name\":\"bolting.eu\",\"url\":\"https:\/\/bolting.eu\/en\/\",\"logo\":{\"@id\":\"https:\/\/bolting.eu\/en\/shop\/grivel-g10-wide-steigeisen-fuer-snowboardschuhe\/#local-main-organization-logo\"},\"image\":{\"@id\":\"https:\/\/bolting.eu\/en\/shop\/grivel-g10-wide-steigeisen-fuer-snowboardschuhe\/#local-main-organization-logo\"},\"sameAs\":[\"https:\/\/www.facebook.com\/bolting.eu\",\"https:\/\/www.instagram.com\/bolting.eu\/\"],\"address\":{\"@id\":\"https:\/\/bolting.eu\/en\/shop\/grivel-g10-wide-steigeisen-fuer-snowboardschuhe\/#local-main-place-address\"},\"geo\":{\"@type\":\"GeoCoordinates\",\"latitude\":\"47.264176340396226\",\"longitude\":\"11.380109057672346\"},\"telephone\":[\"+43 699 19083372\"],\"openingHoursSpecification\":[{\"@type\":\"OpeningHoursSpecification\",\"dayOfWeek\":[\"Monday\",\"Wednesday\",\"Friday\"],\"opens\":\"14:00\",\"closes\":\"18:00\"},{\"@type\":\"OpeningHoursSpecification\",\"dayOfWeek\":[\"Tuesday\",\"Thursday\",\"Saturday\",\"Sunday\"],\"opens\":\"00:00\",\"closes\":\"00:00\"}],\"email\":\"office@bolting.eu\",\"vatID\":\"ATU59999728\",\"priceRange\":\"$$\",\"currenciesAccepted\":\"Euro\"},{\"@type\":\"PostalAddress\",\"@id\":\"https:\/\/bolting.eu\/en\/shop\/grivel-g10-wide-steigeisen-fuer-snowboardschuhe\/#local-main-place-address\",\"streetAddress\":\"Fischnalerstra\u00dfe 4\",\"addressLocality\":\"Innsbruck\",\"postalCode\":\"6020\",\"addressRegion\":\"Tirol\",\"addressCountry\":\"AT\"},{\"@type\":\"ImageObject\",\"inLanguage\":\"en-US\",\"@id\":\"https:\/\/bolting.eu\/en\/shop\/grivel-g10-wide-steigeisen-fuer-snowboardschuhe\/#local-main-organization-logo\",\"url\":\"https:\/\/bolting.eu\/wp-content\/uploads\/2019\/09\/bolting-logo.png\",\"contentUrl\":\"https:\/\/bolting.eu\/wp-content\/uploads\/2019\/09\/bolting-logo.png\",\"width\":400,\"height\":211,\"caption\":\"bolting.eu\"}]}<\/script>\n<meta property=\"og:availability\" content=\"instock\" \/>\n<meta property=\"product:availability\" content=\"instock\" \/>\n<meta property=\"product:condition\" content=\"new\" \/>\n<meta name=\"geo.placename\" content=\"Innsbruck\" \/>\n<meta name=\"geo.position\" content=\"47.264176340396226;11.380109057672346\" \/>\n<meta name=\"geo.region\" content=\"Austria\" \/>\n<!-- \/ Yoast SEO Premium plugin. -->","yoast_head_json":{"title":"Grivel G10 Wide Steigeisen f\u00fcr Snowboardschuhe | bolting.eu","description":"Grivel G10 Wide Steigeisen f\u00fcr Snowboardschuhe \u2705 Trusted Shop \u2705 kostenloser Versand* \u2705 14 Tage R\u00fcckgaberecht \u2705 Co2 neutrale Zustellung","robots":{"index":"index","follow":"follow","max-snippet":"max-snippet:-1","max-image-preview":"max-image-preview:large","max-video-preview":"max-video-preview:-1"},"canonical":"https:\/\/bolting.eu\/en\/shop\/grivel-g10-wide-steigeisen-fuer-snowboardschuhe\/","og_locale":"en_US","og_type":"article","og_title":"Grivel G10 Wide Steigeisen f\u00fcr Snowboardschuhe","og_description":"Grivel G10 Wide Steigeisen f\u00fcr Snowboardschuhe \u2705 Trusted Shop \u2705 kostenloser Versand* \u2705 14 Tage R\u00fcckgaberecht \u2705 Co2 neutrale Zustellung","og_url":"https:\/\/bolting.eu\/en\/shop\/grivel-g10-wide-steigeisen-fuer-snowboardschuhe\/","og_site_name":"bolting.eu","article_publisher":"https:\/\/www.facebook.com\/bolting.eu","article_modified_time":"2026-03-23T09:01:19+00:00","og_image":[{"width":700,"height":700,"url":"https:\/\/bolting.eu\/wp-content\/uploads\/2025\/08\/Grivel-G-10-Wide-new-classic-evo.jpg","type":"image\/jpeg"}],"twitter_card":"summary_large_image","twitter_misc":{"Availability":"In stock"},"schema":{"@context":"https:\/\/schema.org","@graph":[{"@type":["WebPage","ItemPage"],"@id":"https:\/\/bolting.eu\/en\/shop\/grivel-g10-wide-steigeisen-fuer-snowboardschuhe\/","url":"https:\/\/bolting.eu\/en\/shop\/grivel-g10-wide-steigeisen-fuer-snowboardschuhe\/","name":"Grivel G10 Wide Steigeisen f\u00fcr Snowboardschuhe | bolting.eu","isPartOf":{"@id":"https:\/\/bolting.eu\/en\/#website"},"primaryImageOfPage":{"@id":"https:\/\/bolting.eu\/en\/shop\/grivel-g10-wide-steigeisen-fuer-snowboardschuhe\/#primaryimage"},"image":{"@id":"https:\/\/bolting.eu\/en\/shop\/grivel-g10-wide-steigeisen-fuer-snowboardschuhe\/#primaryimage"},"thumbnailUrl":"https:\/\/bolting.eu\/wp-content\/uploads\/2025\/08\/Grivel-G-10-Wide-new-classic-evo.jpg","datePublished":"2025-08-28T03:28:19+00:00","dateModified":"2026-03-23T09:01:19+00:00","description":"Grivel G10 Wide Steigeisen f\u00fcr Snowboardschuhe \u2705 Trusted Shop \u2705 kostenloser Versand* \u2705 14 Tage R\u00fcckgaberecht \u2705 Co2 neutrale Zustellung","breadcrumb":{"@id":"https:\/\/bolting.eu\/en\/shop\/grivel-g10-wide-steigeisen-fuer-snowboardschuhe\/#breadcrumb"},"inLanguage":"en-US","potentialAction":[{"@type":"ReadAction","target":["https:\/\/bolting.eu\/en\/shop\/grivel-g10-wide-steigeisen-fuer-snowboardschuhe\/"]}]},{"@type":"ImageObject","inLanguage":"en-US","@id":"https:\/\/bolting.eu\/en\/shop\/grivel-g10-wide-steigeisen-fuer-snowboardschuhe\/#primaryimage","url":"https:\/\/bolting.eu\/wp-content\/uploads\/2025\/08\/Grivel-G-10-Wide-new-classic-evo.jpg","contentUrl":"https:\/\/bolting.eu\/wp-content\/uploads\/2025\/08\/Grivel-G-10-Wide-new-classic-evo.jpg","width":700,"height":700,"caption":"Gelb - schwarzes Grivel G10 Wide Steigeisen f\u00fcr Snowboardschuhe von der Seite vor wei\u00dfem Hintergrund."},{"@type":"BreadcrumbList","@id":"https:\/\/bolting.eu\/en\/shop\/grivel-g10-wide-steigeisen-fuer-snowboardschuhe\/#breadcrumb","itemListElement":[{"@type":"ListItem","position":1,"name":"Shop","item":"https:\/\/bolting.eu\/en\/shop\/"},{"@type":"ListItem","position":2,"name":"Bergsteiger Ausr\u00fcstung","item":"https:\/\/bolting.eu\/produkt-kategorie\/bergsteiger-ausruestung\/"},{"@type":"ListItem","position":3,"name":"Steigeisen","item":"https:\/\/bolting.eu\/produkt-kategorie\/bergsteiger-ausruestung\/steigeisen\/"},{"@type":"ListItem","position":4,"name":"Grivel G10 Wide Steigeisen f\u00fcr Snowboardschuhe"}]},{"@type":"WebSite","@id":"https:\/\/bolting.eu\/en\/#website","url":"https:\/\/bolting.eu\/en\/","name":"bolting.eu","description":"we make climbs happen","publisher":{"@id":"https:\/\/bolting.eu\/en\/#organization"},"potentialAction":[{"@type":"SearchAction","target":{"@type":"EntryPoint","urlTemplate":"https:\/\/bolting.eu\/en\/?s={search_term_string}"},"query-input":{"@type":"PropertyValueSpecification","valueRequired":true,"valueName":"search_term_string"}}],"inLanguage":"en-US"},{"@type":["Organization","Place","SportingGoodsStore"],"@id":"https:\/\/bolting.eu\/en\/#organization","name":"bolting.eu","url":"https:\/\/bolting.eu\/en\/","logo":{"@id":"https:\/\/bolting.eu\/en\/shop\/grivel-g10-wide-steigeisen-fuer-snowboardschuhe\/#local-main-organization-logo"},"image":{"@id":"https:\/\/bolting.eu\/en\/shop\/grivel-g10-wide-steigeisen-fuer-snowboardschuhe\/#local-main-organization-logo"},"sameAs":["https:\/\/www.facebook.com\/bolting.eu","https:\/\/www.instagram.com\/bolting.eu\/"],"address":{"@id":"https:\/\/bolting.eu\/en\/shop\/grivel-g10-wide-steigeisen-fuer-snowboardschuhe\/#local-main-place-address"},"geo":{"@type":"GeoCoordinates","latitude":"47.264176340396226","longitude":"11.380109057672346"},"telephone":["+43 699 19083372"],"openingHoursSpecification":[{"@type":"OpeningHoursSpecification","dayOfWeek":["Monday","Wednesday","Friday"],"opens":"14:00","closes":"18:00"},{"@type":"OpeningHoursSpecification","dayOfWeek":["Tuesday","Thursday","Saturday","Sunday"],"opens":"00:00","closes":"00:00"}],"email":"office@bolting.eu","vatID":"ATU59999728","priceRange":"$$","currenciesAccepted":"Euro"},{"@type":"PostalAddress","@id":"https:\/\/bolting.eu\/en\/shop\/grivel-g10-wide-steigeisen-fuer-snowboardschuhe\/#local-main-place-address","streetAddress":"Fischnalerstra\u00dfe 4","addressLocality":"Innsbruck","postalCode":"6020","addressRegion":"Tirol","addressCountry":"AT"},{"@type":"ImageObject","inLanguage":"en-US","@id":"https:\/\/bolting.eu\/en\/shop\/grivel-g10-wide-steigeisen-fuer-snowboardschuhe\/#local-main-organization-logo","url":"https:\/\/bolting.eu\/wp-content\/uploads\/2019\/09\/bolting-logo.png","contentUrl":"https:\/\/bolting.eu\/wp-content\/uploads\/2019\/09\/bolting-logo.png","width":400,"height":211,"caption":"bolting.eu"}]},"og_availability":"instock","product_availability":"instock","product_condition":"new","geo.placename":"Innsbruck","geo.position":{"lat":"47.264176340396226","long":"11.380109057672346"},"geo.region":"Austria"},"_links":{"self":[{"href":"https:\/\/bolting.eu\/en\/wp-json\/wp\/v2\/product\/33887","targetHints":{"allow":["GET"]}}],"collection":[{"href":"https:\/\/bolting.eu\/en\/wp-json\/wp\/v2\/product"}],"about":[{"href":"https:\/\/bolting.eu\/en\/wp-json\/wp\/v2\/types\/product"}],"replies":[{"embeddable":true,"href":"https:\/\/bolting.eu\/en\/wp-json\/wp\/v2\/comments?post=33887"}],"wp:featuredmedia":[{"embeddable":true,"href":"https:\/\/bolting.eu\/en\/wp-json\/wp\/v2\/media\/33892"}],"wp:attachment":[{"href":"https:\/\/bolting.eu\/en\/wp-json\/wp\/v2\/media?parent=33887"}],"wp:term":[{"taxonomy":"product_brand","embeddable":true,"href":"https:\/\/bolting.eu\/en\/wp-json\/wp\/v2\/product_brand?post=33887"},{"taxonomy":"product_cat","embeddable":true,"href":"https:\/\/bolting.eu\/en\/wp-json\/wp\/v2\/product_cat?post=33887"},{"taxonomy":"product_tag","embeddable":true,"href":"https:\/\/bolting.eu\/en\/wp-json\/wp\/v2\/product_tag?post=33887"}],"curies":[{"name":"wp","href":"https:\/\/api.w.org\/{rel}","templated":true}]}}