{"id":33788,"date":"2025-08-26T13:52:39","date_gmt":"2025-08-26T11:52:39","guid":{"rendered":"https:\/\/bolting.eu\/?post_type=product&#038;p=33788"},"modified":"2025-08-26T18:27:35","modified_gmt":"2025-08-26T16:27:35","slug":"steigeisen-uebergroesse-bis-eu-52","status":"publish","type":"product","link":"https:\/\/bolting.eu\/en\/shop\/steigeisen-uebergroesse-bis-eu-52\/","title":{"rendered":"Steigeisen \u00dcbergr\u00f6\u00dfe bis EU 52"},"content":{"rendered":"<p>Hier findet ihr das Austrialpin Skyclimb Steigeisen in \u00dcbergr\u00f6\u00dfe bis EU 52.<\/p>\n<p>Hierf\u00fcr haben wir das 12-Zack Modell speziell mit einem <strong>extra langen Steg<\/strong> adaptiert, damit auch sehr gro\u00dfe Schuhe darauf passen. Er ist um 5 cm l\u00e4nger als der Standard Steg. Somit entspricht das ca. sieben (7) EU Schuhgr\u00f6\u00dfen.<\/p>\n<p>Die Passform der Grundplatten sind dabei f\u00fcr eher schmale Modelle geeignet. Wer sehr breite Schuhe hat, sollte die Optionen Grivel G10 Wide oder Grivel Air Tech Light Wide.<\/p>\n<p>Dieses Modell bieten wir in Bindungsvarianten an. Erstens Riemenbindung. Zweitens Semi-Automatik. Und drittens Automatik a.k.a. &#8220;Kipphebel&#8221;.<\/p>\n<p><strong>Der Aufpreis f\u00fcr dieses Model ergibt sich durch die Zugabe der zwei extra langen Stege!<\/strong><\/p>\n<h2>Eigenschaften Steigeisen in \u00dcbergr\u00f6\u00dfe<\/h2>\n<ul>\n<li>Hersteller: Austrialpin<\/li>\n<li>Modell: Skyclimb<\/li>\n<li>Material: geh\u00e4rteter Stahl<\/li>\n<li>12-Zack Modell<\/li>\n<li>Gewicht: ca. 1.30 Gramm<\/li>\n<li>Normen: <a href=\"https:\/\/bolting.eu\/en-893-steigeisen-norm\/\">EN 893:2019<\/a><\/li>\n<li>Bindungsvarianten: Concept (&#8220;Riemen Bindung&#8221;), Semi-Automatik (&#8220;Kombi Bindung&#8221;), Step-In (&#8220;Kipphebel&#8221;)<\/li>\n<li>\u00dcbergr\u00f6\u00dfe von ca. <strong>EU 45 bis EU 52 durch besonders langen Steg<\/strong><\/li>\n<li>schmalste Stelle Fassung vordere Grundplatte: 6cm (Riemen Bindung) bzw. 7,7cm (Kombi Bindung)<\/li>\n<li>schmalste Stelle hintere Grundplatte: immer 6cm f\u00fcr alle Bindungstypen<\/li>\n<li>maximale Sohlenl\u00e4nge f\u00fcr Bergschuh: ca. 37cm<\/li>\n<li>Vergleich L\u00e4nge Original Steg &#8211; \u00fcberlanger Steg: 19,5 cm &#8211; 24,5cm<\/li>\n<li>ideal f\u00fcr schm\u00e4lere bis mittelbreite Bergschuhe<\/li>\n<li>nicht geeignet f\u00fcr sehr breite Schuhe (beachte Ma\u00dfe der Fassungen!)<\/li>\n<li>maximale L\u00e4nge Steigeisen:<\/li>\n<li>ideal f\u00fcr Hochtouren, Eisrinnen, Einstieg Eisklettern<\/li>\n<li>geliefert mit vormontierten langen Stegen (Originalsteg ebenso enthalten!)<\/li>\n<li>inkl. vormontierten Antistollenplatten<\/li>\n<li><a href=\"https:\/\/www.austrialpin.at\/fileadmin\/anleitungen\/AA_instruction-manual_crampons.pdf\">Bedienungsanleitung<\/a><\/li>\n<\/ul>\n<h3>Was hei\u00dft &#8220;\u00dcbergr\u00f6\u00dfe&#8221;?<\/h3>\n<p>Dieses Steigeisen wird mit einem \u00fcberlangen Steg geliefert. Somit kann es Bergschuhe mit Gr\u00f6\u00dfen bis ca. EU 52 aufnehmen.<\/p>\n<p>Dabei gilt es aber Folgendes zu beachten:<\/p>\n<p>Erstens sind Gr\u00f6\u00dfenangaben relativ. Es hat jeder Hersteller eine andere Bauweise. Somit k\u00f6nnen z.B. Bergschuhe mit Gr\u00f6\u00dfe EU 50 (Innenma\u00df im Bergschuh ist gleich) deutlich unterschiedliche Sohlenl\u00e4ngen haben.<\/p>\n<p>Zweitens sind Schuhe an den entscheidenden Stellen verschieden breit. <strong>Deshalb m\u00fcsst ihr die o.a. Angaben (&#8220;Breite Fassungen&#8221;) mit euren Schuhen vergleichen. <\/strong><strong>Entscheidend ist die Breite im Bereich der vordern und hinteren Fassung.<\/strong><\/p>\n<p>Die folgende Grafik zeigt dir, wo du deine Schuhe abmessen musst. Dann kannst du das mit unseren Angaben vergleichen.<\/p>\n<figure id=\"attachment_33811\" aria-describedby=\"caption-attachment-33811\" style=\"width: 1024px\" class=\"wp-caption alignnone\"><a href=\"https:\/\/bolting.eu\/wp-content\/uploads\/2025\/08\/Messstellen-Steigeisen-Masse-SR.jpg\"><img loading=\"lazy\" decoding=\"async\" class=\"wp-image-33811 size-full\" src=\"https:\/\/bolting.eu\/wp-content\/uploads\/2025\/08\/Messstellen-Steigeisen-Masse-SR.jpg\" alt=\"Grafik zur BEstimmung Indikatoren Ma\u00dfe f\u00fcr Steigeisen in \u00dcbergr\u00f6\u00dfe mit Schuhsohle und Steigeisen.\" width=\"1024\" height=\"512\" srcset=\"https:\/\/bolting.eu\/wp-content\/uploads\/2025\/08\/Messstellen-Steigeisen-Masse-SR.jpg 1024w, https:\/\/bolting.eu\/wp-content\/uploads\/2025\/08\/Messstellen-Steigeisen-Masse-SR-800x400.jpg 800w, https:\/\/bolting.eu\/wp-content\/uploads\/2025\/08\/Messstellen-Steigeisen-Masse-SR-768x384.jpg 768w, https:\/\/bolting.eu\/wp-content\/uploads\/2025\/08\/Messstellen-Steigeisen-Masse-SR-510x255.jpg 510w, https:\/\/bolting.eu\/wp-content\/uploads\/2025\/08\/Messstellen-Steigeisen-Masse-SR-100x50.jpg 100w\" sizes=\"auto, (max-width: 1024px) 100vw, 1024px\" \/><\/a><figcaption id=\"caption-attachment-33811\" class=\"wp-caption-text\">So findest Du die richtigen Ma\u00dfe am Bergschuh um sie mit der Fassungsbreite bzw. maximalen Steigeisen L\u00e4nge zu vergleichen.<\/figcaption><\/figure>\n<h3>Im Zweifel Schuhe einsenden!<\/h3>\n<p>Ihr seid euch nicht sicher ob diese Steigeisen in \u00dcbergr\u00f6\u00dfe auf eure Schuhe passen?<\/p>\n<p>Dann schickt uns einfach eure Schuhe an unsere Firmenadresse und wir suchen das passende Modell in unserem Sortiment aus!<\/p>\n<p>Denn wir haben als kompetentes Fachgesch\u00e4ft mehrere Modelle f\u00fcr sehr gro\u00dfe Schuhe anderer Hersteller im Sortiment. Somit k\u00f6nnen wir das ideale Produkt f\u00fcr den besten Halt bestimmen.<\/p>\n<p>Dies ist zwar mit Zusatzkosten f\u00fcr das Porto verbunden, garantiert aber eine endg\u00fcltige und hochwertige L\u00f6sung.<\/p>\n","protected":false},"excerpt":{"rendered":"<p>12-Zack Stahl Steigeisen in <strong>\u00dcbergr\u00f6\u00dfe f\u00fcr Bergschuhe bis ca. EU 52.<\/strong><\/p>\n<p>Erh\u00e4ltlich in drei Bindungsvarianten: Riemen, Kombi- und Kipphebel Bindung.<\/p>\n<p><strong>Aufpreis zu Standard Modell durch die zus\u00e4tzlichen Stege.<\/strong><\/p>\n<p>Beachtet die Hinweise zu den <strong>Fassungsbreiten<\/strong>, diese <strong>m\u00fcssen nachgemessen werden<\/strong>.<\/p>\n<p>Versandkostenfrei bis 2kg in\u00a0<img decoding=\"async\" class=\"emoji\" role=\"img\" draggable=\"false\" src=\"https:\/\/s.w.org\/images\/core\/emoji\/14.0.0\/svg\/1f1e6-1f1f9.svg\" alt=\"\ud83c\udde6\ud83c\uddf9\" \/>\u00a0ab \u20ac 100,- und\u00a0<img decoding=\"async\" class=\"emoji\" role=\"img\" draggable=\"false\" src=\"https:\/\/s.w.org\/images\/core\/emoji\/14.0.0\/svg\/1f1e9-1f1ea.svg\" alt=\"\ud83c\udde9\ud83c\uddea\" \/>\u00a0ab \u20ac 200,-!<\/p>\n","protected":false},"featured_media":33792,"comment_status":"closed","ping_status":"closed","template":"","meta":[],"product_brand":[],"product_cat":[4649,13938,14288],"product_tag":[],"class_list":{"0":"post-33788","1":"product","2":"type-product","3":"status-publish","4":"has-post-thumbnail","6":"product_cat-austrialpin","7":"product_cat-bergsteiger-ausruestung","8":"product_cat-steigeisen","10":"first","11":"instock","12":"sale","13":"taxable","14":"shipping-taxable","15":"purchasable","16":"product-type-variable"},"yoast_head":"<!-- This site is optimized with the Yoast SEO Premium plugin v26.9 (Yoast SEO v26.9) - https:\/\/yoast.com\/product\/yoast-seo-premium-wordpress\/ -->\n<title>Steigeisen \u00dcbergr\u00f6\u00dfe bis EU 52 | bolting.eu<\/title>\n<meta name=\"description\" content=\"Steigeisen in \u00dcbergr\u00f6\u00dfe bis EU 52 beim Kletterprofi kaufen \u2705 Trusted Shop \u2705 kostenloser Versand* \u2705 14 Tage R\u00fcckgaberecht \u2705 Co2 neutrale Zustellung\" \/>\n<meta name=\"robots\" content=\"index, follow, max-snippet:-1, max-image-preview:large, max-video-preview:-1\" \/>\n<link rel=\"canonical\" href=\"https:\/\/bolting.eu\/en\/shop\/steigeisen-uebergroesse-bis-eu-52\/\" \/>\n<meta property=\"og:locale\" content=\"en_US\" \/>\n<meta property=\"og:type\" content=\"article\" \/>\n<meta property=\"og:title\" content=\"Steigeisen \u00dcbergr\u00f6\u00dfe bis EU 52\" \/>\n<meta property=\"og:description\" content=\"Steigeisen in \u00dcbergr\u00f6\u00dfe bis EU 52 beim Kletterprofi kaufen \u2705 Trusted Shop \u2705 kostenloser Versand* \u2705 14 Tage R\u00fcckgaberecht \u2705 Co2 neutrale Zustellung\" \/>\n<meta property=\"og:url\" content=\"https:\/\/bolting.eu\/en\/shop\/steigeisen-uebergroesse-bis-eu-52\/\" \/>\n<meta property=\"og:site_name\" content=\"bolting.eu\" \/>\n<meta property=\"article:publisher\" content=\"https:\/\/www.facebook.com\/bolting.eu\" \/>\n<meta property=\"article:modified_time\" content=\"2025-08-26T16:27:35+00:00\" \/>\n<meta property=\"og:image\" content=\"https:\/\/bolting.eu\/wp-content\/uploads\/2025\/08\/Steigeisen-in-UEbergroesse-Kombibindung.jpg\" \/>\n\t<meta property=\"og:image:width\" content=\"700\" \/>\n\t<meta property=\"og:image:height\" content=\"700\" \/>\n\t<meta property=\"og:image:type\" content=\"image\/jpeg\" \/>\n<meta name=\"twitter:card\" content=\"summary_large_image\" \/>\n<meta name=\"twitter:label1\" content=\"Availability\" \/>\n\t<meta name=\"twitter:data1\" content=\"In stock\" \/>\n<script type=\"application\/ld+json\" class=\"yoast-schema-graph\">{\"@context\":\"https:\/\/schema.org\",\"@graph\":[{\"@type\":[\"WebPage\",\"ItemPage\"],\"@id\":\"https:\/\/bolting.eu\/en\/shop\/steigeisen-uebergroesse-bis-eu-52\/\",\"url\":\"https:\/\/bolting.eu\/en\/shop\/steigeisen-uebergroesse-bis-eu-52\/\",\"name\":\"Steigeisen \u00dcbergr\u00f6\u00dfe bis EU 52 | bolting.eu\",\"isPartOf\":{\"@id\":\"https:\/\/bolting.eu\/en\/#website\"},\"primaryImageOfPage\":{\"@id\":\"https:\/\/bolting.eu\/en\/shop\/steigeisen-uebergroesse-bis-eu-52\/#primaryimage\"},\"image\":{\"@id\":\"https:\/\/bolting.eu\/en\/shop\/steigeisen-uebergroesse-bis-eu-52\/#primaryimage\"},\"thumbnailUrl\":\"https:\/\/bolting.eu\/wp-content\/uploads\/2025\/08\/Steigeisen-in-UEbergroesse-Kombibindung.jpg\",\"datePublished\":\"2025-08-26T11:52:39+00:00\",\"dateModified\":\"2025-08-26T16:27:35+00:00\",\"description\":\"Steigeisen in \u00dcbergr\u00f6\u00dfe bis EU 52 beim Kletterprofi kaufen \u2705 Trusted Shop \u2705 kostenloser Versand* \u2705 14 Tage R\u00fcckgaberecht \u2705 Co2 neutrale Zustellung\",\"breadcrumb\":{\"@id\":\"https:\/\/bolting.eu\/en\/shop\/steigeisen-uebergroesse-bis-eu-52\/#breadcrumb\"},\"inLanguage\":\"en-US\",\"potentialAction\":[{\"@type\":\"ReadAction\",\"target\":[\"https:\/\/bolting.eu\/en\/shop\/steigeisen-uebergroesse-bis-eu-52\/\"]}]},{\"@type\":\"ImageObject\",\"inLanguage\":\"en-US\",\"@id\":\"https:\/\/bolting.eu\/en\/shop\/steigeisen-uebergroesse-bis-eu-52\/#primaryimage\",\"url\":\"https:\/\/bolting.eu\/wp-content\/uploads\/2025\/08\/Steigeisen-in-UEbergroesse-Kombibindung.jpg\",\"contentUrl\":\"https:\/\/bolting.eu\/wp-content\/uploads\/2025\/08\/Steigeisen-in-UEbergroesse-Kombibindung.jpg\",\"width\":700,\"height\":700,\"caption\":\"Schwarz-weiss-rotes Steigeisen in \u00dcbergr\u00f6\u00dfe mit Kombi Bindung schr\u00e4g vor wei\u00dfem Hintergrund.\"},{\"@type\":\"BreadcrumbList\",\"@id\":\"https:\/\/bolting.eu\/en\/shop\/steigeisen-uebergroesse-bis-eu-52\/#breadcrumb\",\"itemListElement\":[{\"@type\":\"ListItem\",\"position\":1,\"name\":\"Shop\",\"item\":\"https:\/\/bolting.eu\/en\/shop\/\"},{\"@type\":\"ListItem\",\"position\":2,\"name\":\"Bergsteiger Ausr\u00fcstung\",\"item\":\"https:\/\/bolting.eu\/produkt-kategorie\/bergsteiger-ausruestung\/\"},{\"@type\":\"ListItem\",\"position\":3,\"name\":\"Steigeisen\",\"item\":\"https:\/\/bolting.eu\/produkt-kategorie\/bergsteiger-ausruestung\/steigeisen\/\"},{\"@type\":\"ListItem\",\"position\":4,\"name\":\"Steigeisen \u00dcbergr\u00f6\u00dfe bis EU 52\"}]},{\"@type\":\"WebSite\",\"@id\":\"https:\/\/bolting.eu\/en\/#website\",\"url\":\"https:\/\/bolting.eu\/en\/\",\"name\":\"bolting.eu\",\"description\":\"we make climbs happen\",\"publisher\":{\"@id\":\"https:\/\/bolting.eu\/en\/#organization\"},\"potentialAction\":[{\"@type\":\"SearchAction\",\"target\":{\"@type\":\"EntryPoint\",\"urlTemplate\":\"https:\/\/bolting.eu\/en\/?s={search_term_string}\"},\"query-input\":{\"@type\":\"PropertyValueSpecification\",\"valueRequired\":true,\"valueName\":\"search_term_string\"}}],\"inLanguage\":\"en-US\"},{\"@type\":[\"Organization\",\"Place\",\"SportingGoodsStore\"],\"@id\":\"https:\/\/bolting.eu\/en\/#organization\",\"name\":\"bolting.eu\",\"url\":\"https:\/\/bolting.eu\/en\/\",\"logo\":{\"@id\":\"https:\/\/bolting.eu\/en\/shop\/steigeisen-uebergroesse-bis-eu-52\/#local-main-organization-logo\"},\"image\":{\"@id\":\"https:\/\/bolting.eu\/en\/shop\/steigeisen-uebergroesse-bis-eu-52\/#local-main-organization-logo\"},\"sameAs\":[\"https:\/\/www.facebook.com\/bolting.eu\",\"https:\/\/www.instagram.com\/bolting.eu\/\"],\"address\":{\"@id\":\"https:\/\/bolting.eu\/en\/shop\/steigeisen-uebergroesse-bis-eu-52\/#local-main-place-address\"},\"geo\":{\"@type\":\"GeoCoordinates\",\"latitude\":\"47.264176340396226\",\"longitude\":\"11.380109057672346\"},\"telephone\":[\"+43 699 19083372\"],\"openingHoursSpecification\":[{\"@type\":\"OpeningHoursSpecification\",\"dayOfWeek\":[\"Monday\",\"Wednesday\",\"Friday\"],\"opens\":\"14:00\",\"closes\":\"18:00\"},{\"@type\":\"OpeningHoursSpecification\",\"dayOfWeek\":[\"Tuesday\",\"Thursday\",\"Saturday\",\"Sunday\"],\"opens\":\"00:00\",\"closes\":\"00:00\"}],\"email\":\"office@bolting.eu\",\"vatID\":\"ATU59999728\",\"priceRange\":\"$$\",\"currenciesAccepted\":\"Euro\"},{\"@type\":\"PostalAddress\",\"@id\":\"https:\/\/bolting.eu\/en\/shop\/steigeisen-uebergroesse-bis-eu-52\/#local-main-place-address\",\"streetAddress\":\"Fischnalerstra\u00dfe 4\",\"addressLocality\":\"Innsbruck\",\"postalCode\":\"6020\",\"addressRegion\":\"Tirol\",\"addressCountry\":\"AT\"},{\"@type\":\"ImageObject\",\"inLanguage\":\"en-US\",\"@id\":\"https:\/\/bolting.eu\/en\/shop\/steigeisen-uebergroesse-bis-eu-52\/#local-main-organization-logo\",\"url\":\"https:\/\/bolting.eu\/wp-content\/uploads\/2019\/09\/bolting-logo.png\",\"contentUrl\":\"https:\/\/bolting.eu\/wp-content\/uploads\/2019\/09\/bolting-logo.png\",\"width\":400,\"height\":211,\"caption\":\"bolting.eu\"}]}<\/script>\n<meta property=\"og:availability\" content=\"instock\" \/>\n<meta property=\"product:availability\" content=\"instock\" \/>\n<meta property=\"product:condition\" content=\"new\" \/>\n<meta name=\"geo.placename\" content=\"Innsbruck\" \/>\n<meta name=\"geo.position\" content=\"47.264176340396226;11.380109057672346\" \/>\n<meta name=\"geo.region\" content=\"Austria\" \/>\n<!-- \/ Yoast SEO Premium plugin. -->","yoast_head_json":{"title":"Steigeisen \u00dcbergr\u00f6\u00dfe bis EU 52 | bolting.eu","description":"Steigeisen in \u00dcbergr\u00f6\u00dfe bis EU 52 beim Kletterprofi kaufen \u2705 Trusted Shop \u2705 kostenloser Versand* \u2705 14 Tage R\u00fcckgaberecht \u2705 Co2 neutrale Zustellung","robots":{"index":"index","follow":"follow","max-snippet":"max-snippet:-1","max-image-preview":"max-image-preview:large","max-video-preview":"max-video-preview:-1"},"canonical":"https:\/\/bolting.eu\/en\/shop\/steigeisen-uebergroesse-bis-eu-52\/","og_locale":"en_US","og_type":"article","og_title":"Steigeisen \u00dcbergr\u00f6\u00dfe bis EU 52","og_description":"Steigeisen in \u00dcbergr\u00f6\u00dfe bis EU 52 beim Kletterprofi kaufen \u2705 Trusted Shop \u2705 kostenloser Versand* \u2705 14 Tage R\u00fcckgaberecht \u2705 Co2 neutrale Zustellung","og_url":"https:\/\/bolting.eu\/en\/shop\/steigeisen-uebergroesse-bis-eu-52\/","og_site_name":"bolting.eu","article_publisher":"https:\/\/www.facebook.com\/bolting.eu","article_modified_time":"2025-08-26T16:27:35+00:00","og_image":[{"width":700,"height":700,"url":"https:\/\/bolting.eu\/wp-content\/uploads\/2025\/08\/Steigeisen-in-UEbergroesse-Kombibindung.jpg","type":"image\/jpeg"}],"twitter_card":"summary_large_image","twitter_misc":{"Availability":"In stock"},"schema":{"@context":"https:\/\/schema.org","@graph":[{"@type":["WebPage","ItemPage"],"@id":"https:\/\/bolting.eu\/en\/shop\/steigeisen-uebergroesse-bis-eu-52\/","url":"https:\/\/bolting.eu\/en\/shop\/steigeisen-uebergroesse-bis-eu-52\/","name":"Steigeisen \u00dcbergr\u00f6\u00dfe bis EU 52 | bolting.eu","isPartOf":{"@id":"https:\/\/bolting.eu\/en\/#website"},"primaryImageOfPage":{"@id":"https:\/\/bolting.eu\/en\/shop\/steigeisen-uebergroesse-bis-eu-52\/#primaryimage"},"image":{"@id":"https:\/\/bolting.eu\/en\/shop\/steigeisen-uebergroesse-bis-eu-52\/#primaryimage"},"thumbnailUrl":"https:\/\/bolting.eu\/wp-content\/uploads\/2025\/08\/Steigeisen-in-UEbergroesse-Kombibindung.jpg","datePublished":"2025-08-26T11:52:39+00:00","dateModified":"2025-08-26T16:27:35+00:00","description":"Steigeisen in \u00dcbergr\u00f6\u00dfe bis EU 52 beim Kletterprofi kaufen \u2705 Trusted Shop \u2705 kostenloser Versand* \u2705 14 Tage R\u00fcckgaberecht \u2705 Co2 neutrale Zustellung","breadcrumb":{"@id":"https:\/\/bolting.eu\/en\/shop\/steigeisen-uebergroesse-bis-eu-52\/#breadcrumb"},"inLanguage":"en-US","potentialAction":[{"@type":"ReadAction","target":["https:\/\/bolting.eu\/en\/shop\/steigeisen-uebergroesse-bis-eu-52\/"]}]},{"@type":"ImageObject","inLanguage":"en-US","@id":"https:\/\/bolting.eu\/en\/shop\/steigeisen-uebergroesse-bis-eu-52\/#primaryimage","url":"https:\/\/bolting.eu\/wp-content\/uploads\/2025\/08\/Steigeisen-in-UEbergroesse-Kombibindung.jpg","contentUrl":"https:\/\/bolting.eu\/wp-content\/uploads\/2025\/08\/Steigeisen-in-UEbergroesse-Kombibindung.jpg","width":700,"height":700,"caption":"Schwarz-weiss-rotes Steigeisen in \u00dcbergr\u00f6\u00dfe mit Kombi Bindung schr\u00e4g vor wei\u00dfem Hintergrund."},{"@type":"BreadcrumbList","@id":"https:\/\/bolting.eu\/en\/shop\/steigeisen-uebergroesse-bis-eu-52\/#breadcrumb","itemListElement":[{"@type":"ListItem","position":1,"name":"Shop","item":"https:\/\/bolting.eu\/en\/shop\/"},{"@type":"ListItem","position":2,"name":"Bergsteiger Ausr\u00fcstung","item":"https:\/\/bolting.eu\/produkt-kategorie\/bergsteiger-ausruestung\/"},{"@type":"ListItem","position":3,"name":"Steigeisen","item":"https:\/\/bolting.eu\/produkt-kategorie\/bergsteiger-ausruestung\/steigeisen\/"},{"@type":"ListItem","position":4,"name":"Steigeisen \u00dcbergr\u00f6\u00dfe bis EU 52"}]},{"@type":"WebSite","@id":"https:\/\/bolting.eu\/en\/#website","url":"https:\/\/bolting.eu\/en\/","name":"bolting.eu","description":"we make climbs happen","publisher":{"@id":"https:\/\/bolting.eu\/en\/#organization"},"potentialAction":[{"@type":"SearchAction","target":{"@type":"EntryPoint","urlTemplate":"https:\/\/bolting.eu\/en\/?s={search_term_string}"},"query-input":{"@type":"PropertyValueSpecification","valueRequired":true,"valueName":"search_term_string"}}],"inLanguage":"en-US"},{"@type":["Organization","Place","SportingGoodsStore"],"@id":"https:\/\/bolting.eu\/en\/#organization","name":"bolting.eu","url":"https:\/\/bolting.eu\/en\/","logo":{"@id":"https:\/\/bolting.eu\/en\/shop\/steigeisen-uebergroesse-bis-eu-52\/#local-main-organization-logo"},"image":{"@id":"https:\/\/bolting.eu\/en\/shop\/steigeisen-uebergroesse-bis-eu-52\/#local-main-organization-logo"},"sameAs":["https:\/\/www.facebook.com\/bolting.eu","https:\/\/www.instagram.com\/bolting.eu\/"],"address":{"@id":"https:\/\/bolting.eu\/en\/shop\/steigeisen-uebergroesse-bis-eu-52\/#local-main-place-address"},"geo":{"@type":"GeoCoordinates","latitude":"47.264176340396226","longitude":"11.380109057672346"},"telephone":["+43 699 19083372"],"openingHoursSpecification":[{"@type":"OpeningHoursSpecification","dayOfWeek":["Monday","Wednesday","Friday"],"opens":"14:00","closes":"18:00"},{"@type":"OpeningHoursSpecification","dayOfWeek":["Tuesday","Thursday","Saturday","Sunday"],"opens":"00:00","closes":"00:00"}],"email":"office@bolting.eu","vatID":"ATU59999728","priceRange":"$$","currenciesAccepted":"Euro"},{"@type":"PostalAddress","@id":"https:\/\/bolting.eu\/en\/shop\/steigeisen-uebergroesse-bis-eu-52\/#local-main-place-address","streetAddress":"Fischnalerstra\u00dfe 4","addressLocality":"Innsbruck","postalCode":"6020","addressRegion":"Tirol","addressCountry":"AT"},{"@type":"ImageObject","inLanguage":"en-US","@id":"https:\/\/bolting.eu\/en\/shop\/steigeisen-uebergroesse-bis-eu-52\/#local-main-organization-logo","url":"https:\/\/bolting.eu\/wp-content\/uploads\/2019\/09\/bolting-logo.png","contentUrl":"https:\/\/bolting.eu\/wp-content\/uploads\/2019\/09\/bolting-logo.png","width":400,"height":211,"caption":"bolting.eu"}]},"og_availability":"instock","product_availability":"instock","product_condition":"new","geo.placename":"Innsbruck","geo.position":{"lat":"47.264176340396226","long":"11.380109057672346"},"geo.region":"Austria"},"_links":{"self":[{"href":"https:\/\/bolting.eu\/en\/wp-json\/wp\/v2\/product\/33788","targetHints":{"allow":["GET"]}}],"collection":[{"href":"https:\/\/bolting.eu\/en\/wp-json\/wp\/v2\/product"}],"about":[{"href":"https:\/\/bolting.eu\/en\/wp-json\/wp\/v2\/types\/product"}],"replies":[{"embeddable":true,"href":"https:\/\/bolting.eu\/en\/wp-json\/wp\/v2\/comments?post=33788"}],"wp:featuredmedia":[{"embeddable":true,"href":"https:\/\/bolting.eu\/en\/wp-json\/wp\/v2\/media\/33792"}],"wp:attachment":[{"href":"https:\/\/bolting.eu\/en\/wp-json\/wp\/v2\/media?parent=33788"}],"wp:term":[{"taxonomy":"product_brand","embeddable":true,"href":"https:\/\/bolting.eu\/en\/wp-json\/wp\/v2\/product_brand?post=33788"},{"taxonomy":"product_cat","embeddable":true,"href":"https:\/\/bolting.eu\/en\/wp-json\/wp\/v2\/product_cat?post=33788"},{"taxonomy":"product_tag","embeddable":true,"href":"https:\/\/bolting.eu\/en\/wp-json\/wp\/v2\/product_tag?post=33788"}],"curies":[{"name":"wp","href":"https:\/\/api.w.org\/{rel}","templated":true}]}}