{"id":33440,"date":"2025-07-30T13:27:15","date_gmt":"2025-07-30T11:27:15","guid":{"rendered":"https:\/\/bolting.eu\/?post_type=product&#038;p=33440"},"modified":"2025-07-31T11:09:30","modified_gmt":"2025-07-31T09:09:30","slug":"auffanggurt-rock-empire-skill-econ","status":"publish","type":"product","link":"https:\/\/bolting.eu\/en\/shop\/auffanggurt-rock-empire-skill-econ\/","title":{"rendered":"Auffanggurt Rock Empire Skill Econ"},"content":{"rendered":"<p>Der Auffanggurt Rock Empire Skill Econ ist f\u00fcr Kunden im Bereich der Bauwirtschaft gedacht.<\/p>\n<p>Denn dieser <a href=\"https:\/\/bolting.eu\/produkt-kategorie\/industriekletter-ausruestung\/industrieklettergurt\/\">Industrieklettergurt<\/a> erf\u00fcllt mit gleich drei Normen unterschiedlichste Anforderungen.<\/p>\n<p>Erstens die EN 361 f\u00fcr PSAGA. Zweitens die EN 813 f\u00fcr Sitzgurte in R\u00fcckhaltesystemen und bei Arbeitsplatzpositinierung. Und drittens die EN 358 f\u00fcr Gurte bzw. Verbindungsmittel in R\u00fcckhaltesystemen.<\/p>\n<p>Somit findet ihr hier ein sehr gutes Allroundmodell. Dabei zeichnet es sich durch ausgewogenen Parameter bei Preis, Gewicht, Lebensdauer und Gebrauchswert aus.<\/p>\n<p><strong>Dank der gro\u00dfen Dimension auch f\u00fcr sehr gro\u00dfe Personen geeignet!<\/strong><\/p>\n<h2>Eigenschaften Auffanggurt Skill Econ<\/h2>\n<ul>\n<li>Hersteller: Rock Empire<\/li>\n<li>Material: Polyamid, Polyester, Stahl, Alu<\/li>\n<li>Gr\u00f6\u00dfen: XS-M und L-XXL<\/li>\n<li>Beinumfang: XS-M: 54 &#8211; 65cm, <strong>L-XXL: 60-80cm<\/strong><\/li>\n<li>H\u00fcftumfang: XS-M: 66-110cm, <strong>L-XXL: 80-130cm<\/strong><\/li>\n<li><strong>Normen: EN 361 (bis 140kg), EN 358 (bis 150kg), EN 851 (bis 140kg)<\/strong><\/li>\n<li>Gewicht: Gr. XS-M 1860 Gramm, Gr. L-XXL 1910 Gramm<\/li>\n<li><strong>Dank Steckschnallen an Beinschlaufen im Stehen anzuziehen<\/strong><\/li>\n<li>3 Stahl Anseilringe: Brust, H\u00fcftgurt und R\u00fccken<\/li>\n<li>2 Stahl Positionierungsringe seitlich am H\u00fcftgurt<\/li>\n<li>6 Materialschlaufen<\/li>\n<li>optional Bruststeigklemme wie z.B.\u00a0 <a href=\"https:\/\/bolting.eu\/shop\/petzl-croll-bruststeigklemme\/\">Petzl Croll<\/a> und weitere <a href=\"https:\/\/bolting.eu\/produkt-kategorie\/kletterausruestung\/kletterkarabiner\/\">Karabinier<\/a> wie <a href=\"https:\/\/bolting.eu\/shop\/petzl-ok-triact-lock\/\">Petzl OK TL\u00a0<\/a> montierbar<\/li>\n<li>optional Schulterpolster f\u00fcr den Brustgurt verf\u00fcgbar<\/li>\n<li>gut mit <a href=\"https:\/\/bolting.eu\/produkt-kategorie\/kletterausruestung\/kletterhandschuhe\/\">Kletterhandschuhen<\/a> zu bedienen wie z.B. <a href=\"https:\/\/bolting.eu\/shop\/handschuhe-petzl-cordex\/\">Petzl Cordex<\/a><\/li>\n<li>inkl. Oval Triple Lock Karabiner und Packsack<\/li>\n<li><a href=\"https:\/\/www.rockempire.com\/de\/industrieklettergurte-fur-hohenarbeit\/skill-econ\/#:~:text=Instruction%20(3.4%20MB)\" target=\"_blank\" rel=\"noopener\">Bedienungsanleitung<\/a><\/li>\n<\/ul>\n<h3>F\u00fcr sehr gro\u00dfe Personen<\/h3>\n<p>Der Skill Econ Auffanggurt ist ideal f\u00fcr sehr gro\u00dfe Personen. Denn dieses Modell hat die <strong>gr\u00f6\u00dften Dimensionen aller unserer Industrieklettergurte.<\/strong><\/p>\n<p><strong>Im H\u00fcftbereich ist er bis 130cm weit.<\/strong><br \/>\n<strong>An den Beinschlaufen bis zu 80cm. <\/strong><\/p>\n<p>Somit k\u00f6nnen auch extrem gro\u00dfe Personen dieses Produkt verwenden.<\/p>\n<p>Folglich ist dieses Modell wenig \u00fcberraschend einer unserer Besteller.<\/p>\n<h3>Produktvideo<\/h3>\n<p><iframe loading=\"lazy\" title=\"SKILL ECON EN\" width=\"1020\" height=\"574\" src=\"https:\/\/www.youtube.com\/embed\/-xMROjamJVY?feature=oembed\" frameborder=\"0\" allow=\"accelerometer; autoplay; clipboard-write; encrypted-media; gyroscope; picture-in-picture; web-share\" referrerpolicy=\"strict-origin-when-cross-origin\" allowfullscreen><\/iframe><\/p>\n<h3>Auffanggurt mit 3-fach Zertifizierung<\/h3>\n<p>Der Skill Econ von Rock Empire hat eine 3-fach Zertifizierung.<\/p>\n<p>Erstens deckt die EN 361 die Norm f\u00fcr PSAGA ab.<\/p>\n<p>Zweitens die EN 813 f\u00fcr Sitzgurte in R\u00fcckhaltesystemen und bei Arbeitsplatzpositionierung.<\/p>\n<p>Drittens die EN 358 f\u00fcr Gurte bzw. Verbindungsmittel in R\u00fcckhaltesystemen.<\/p>\n<p>Folglich ist dieser Gurt extrem interessant f\u00fcr kleinere Unternehmen. Denn sie k\u00f6nnen viele Arbeitsbereiche hinsichtlich des Arbeiterschutzes damit abdecken.<\/p>\n<h3>Einsatzgebiete<\/h3>\n<p>Dieses Produkt ist vielseitig von unterschiedlichsten Gewerken einsetzbar:<\/p>\n<ul>\n<li>als Auffanggurt auf D\u00e4chern und Simsen<\/li>\n<li>als Fallgurt an S\u00e4ulen, Sendern und vertikalen Leitern<\/li>\n<li>als Industrieklettergurt inkl. Abseilen und Arbeitsplatzpositionierung<\/li>\n<\/ul>\n<p>Zu unseren K\u00e4ufern z\u00e4hlen z.B. Baufirmen, Spengler, Dachdecker, Zimmerer und H\u00f6henarbeiter.<\/p>\n","protected":false},"excerpt":{"rendered":"<p>Preiswerter und vielseitiger Auffanggurt mit 3-fach Zertifizierung.<br \/>\nEN 361, EN 358, EN 813.<\/p>\n<p>Deckt hinsichtlich Arbeitschutz alle Arbeiten mit Seilunterst\u00fctzung, Auffangsystemen und Verbindungsmitteln ab.<\/p>\n<p>Versandkostenfrei bis 2kg in\u00a0<img decoding=\"async\" class=\"emoji\" role=\"img\" draggable=\"false\" src=\"https:\/\/s.w.org\/images\/core\/emoji\/14.0.0\/svg\/1f1e6-1f1f9.svg\" alt=\"\ud83c\udde6\ud83c\uddf9\" \/>\u00a0ab \u20ac 100,- und\u00a0<img decoding=\"async\" class=\"emoji\" role=\"img\" draggable=\"false\" src=\"https:\/\/s.w.org\/images\/core\/emoji\/14.0.0\/svg\/1f1e9-1f1ea.svg\" alt=\"\ud83c\udde9\ud83c\uddea\" \/>\u00a0ab \u20ac 200,-!<\/p>\n","protected":false},"featured_media":33454,"comment_status":"closed","ping_status":"closed","template":"","meta":[],"product_brand":[],"product_cat":[14513,14689,14754],"product_tag":[],"class_list":{"0":"post-33440","1":"product","2":"type-product","3":"status-publish","4":"has-post-thumbnail","6":"product_cat-industriekletter-ausruestung","7":"product_cat-industrieklettergurt","8":"product_cat-rock-empire","10":"first","11":"instock","12":"taxable","13":"shipping-taxable","14":"purchasable","15":"product-type-variable"},"yoast_head":"<!-- This site is optimized with the Yoast SEO Premium plugin v26.9 (Yoast SEO v26.9) - https:\/\/yoast.com\/product\/yoast-seo-premium-wordpress\/ -->\n<title>Auffanggurt Rock Empire Skill Econ | bolting.eu<\/title>\n<meta name=\"description\" content=\"Auffanggurt Rock Empire Skill Econ beim Industriekletterprofi kaufen \u2705 Trusted Shop \u2705 kostenloser Versand* \u2705 14 Tage R\u00fcckgaberecht \u2705 Co2 neutrale Zustellung\" \/>\n<meta name=\"robots\" content=\"index, follow, max-snippet:-1, max-image-preview:large, max-video-preview:-1\" \/>\n<link rel=\"canonical\" href=\"https:\/\/bolting.eu\/en\/shop\/auffanggurt-rock-empire-skill-econ\/\" \/>\n<meta property=\"og:locale\" content=\"en_US\" \/>\n<meta property=\"og:type\" content=\"article\" \/>\n<meta property=\"og:title\" content=\"Auffanggurt Rock Empire Skill Econ\" \/>\n<meta property=\"og:description\" content=\"Auffanggurt Rock Empire Skill Econ beim Industriekletterprofi kaufen \u2705 Trusted Shop \u2705 kostenloser Versand* \u2705 14 Tage R\u00fcckgaberecht \u2705 Co2 neutrale Zustellung\" \/>\n<meta property=\"og:url\" content=\"https:\/\/bolting.eu\/en\/shop\/auffanggurt-rock-empire-skill-econ\/\" \/>\n<meta property=\"og:site_name\" content=\"bolting.eu\" \/>\n<meta property=\"article:publisher\" content=\"https:\/\/www.facebook.com\/bolting.eu\" \/>\n<meta property=\"article:modified_time\" content=\"2025-07-31T09:09:30+00:00\" \/>\n<meta property=\"og:image\" content=\"https:\/\/bolting.eu\/wp-content\/uploads\/2025\/07\/Auffanggurt-Rock-Empire-Skill-Econ-1.jpg\" \/>\n\t<meta property=\"og:image:width\" content=\"700\" \/>\n\t<meta property=\"og:image:height\" content=\"700\" \/>\n\t<meta property=\"og:image:type\" content=\"image\/jpeg\" \/>\n<meta name=\"twitter:card\" content=\"summary_large_image\" \/>\n<meta name=\"twitter:label1\" content=\"Availability\" \/>\n\t<meta name=\"twitter:data1\" content=\"In stock\" \/>\n<script type=\"application\/ld+json\" class=\"yoast-schema-graph\">{\"@context\":\"https:\/\/schema.org\",\"@graph\":[{\"@type\":[\"WebPage\",\"ItemPage\"],\"@id\":\"https:\/\/bolting.eu\/en\/shop\/auffanggurt-rock-empire-skill-econ\/\",\"url\":\"https:\/\/bolting.eu\/en\/shop\/auffanggurt-rock-empire-skill-econ\/\",\"name\":\"Auffanggurt Rock Empire Skill Econ | bolting.eu\",\"isPartOf\":{\"@id\":\"https:\/\/bolting.eu\/en\/#website\"},\"primaryImageOfPage\":{\"@id\":\"https:\/\/bolting.eu\/en\/shop\/auffanggurt-rock-empire-skill-econ\/#primaryimage\"},\"image\":{\"@id\":\"https:\/\/bolting.eu\/en\/shop\/auffanggurt-rock-empire-skill-econ\/#primaryimage\"},\"thumbnailUrl\":\"https:\/\/bolting.eu\/wp-content\/uploads\/2025\/07\/Auffanggurt-Rock-Empire-Skill-Econ-1.jpg\",\"datePublished\":\"2025-07-30T11:27:15+00:00\",\"dateModified\":\"2025-07-31T09:09:30+00:00\",\"description\":\"Auffanggurt Rock Empire Skill Econ beim Industriekletterprofi kaufen \u2705 Trusted Shop \u2705 kostenloser Versand* \u2705 14 Tage R\u00fcckgaberecht \u2705 Co2 neutrale Zustellung\",\"breadcrumb\":{\"@id\":\"https:\/\/bolting.eu\/en\/shop\/auffanggurt-rock-empire-skill-econ\/#breadcrumb\"},\"inLanguage\":\"en-US\",\"potentialAction\":[{\"@type\":\"ReadAction\",\"target\":[\"https:\/\/bolting.eu\/en\/shop\/auffanggurt-rock-empire-skill-econ\/\"]}]},{\"@type\":\"ImageObject\",\"inLanguage\":\"en-US\",\"@id\":\"https:\/\/bolting.eu\/en\/shop\/auffanggurt-rock-empire-skill-econ\/#primaryimage\",\"url\":\"https:\/\/bolting.eu\/wp-content\/uploads\/2025\/07\/Auffanggurt-Rock-Empire-Skill-Econ-1.jpg\",\"contentUrl\":\"https:\/\/bolting.eu\/wp-content\/uploads\/2025\/07\/Auffanggurt-Rock-Empire-Skill-Econ-1.jpg\",\"width\":700,\"height\":700,\"caption\":\"Schwarz oranger Auffanggurt Rock Empire Skill Econ aufrecht in wei\u00dfem Quadrat.\"},{\"@type\":\"BreadcrumbList\",\"@id\":\"https:\/\/bolting.eu\/en\/shop\/auffanggurt-rock-empire-skill-econ\/#breadcrumb\",\"itemListElement\":[{\"@type\":\"ListItem\",\"position\":1,\"name\":\"Shop\",\"item\":\"https:\/\/bolting.eu\/en\/shop\/\"},{\"@type\":\"ListItem\",\"position\":2,\"name\":\"Industrial climbing gear\",\"item\":\"https:\/\/bolting.eu\/en\/produkt-kategorie\/industrial-climbing-gear\/\"},{\"@type\":\"ListItem\",\"position\":3,\"name\":\"Industrieklettergurt\",\"item\":\"https:\/\/bolting.eu\/produkt-kategorie\/industriekletter-ausruestung\/industrieklettergurt\/\"},{\"@type\":\"ListItem\",\"position\":4,\"name\":\"Auffanggurt Rock Empire Skill Econ\"}]},{\"@type\":\"WebSite\",\"@id\":\"https:\/\/bolting.eu\/en\/#website\",\"url\":\"https:\/\/bolting.eu\/en\/\",\"name\":\"bolting.eu\",\"description\":\"we make climbs happen\",\"publisher\":{\"@id\":\"https:\/\/bolting.eu\/en\/#organization\"},\"potentialAction\":[{\"@type\":\"SearchAction\",\"target\":{\"@type\":\"EntryPoint\",\"urlTemplate\":\"https:\/\/bolting.eu\/en\/?s={search_term_string}\"},\"query-input\":{\"@type\":\"PropertyValueSpecification\",\"valueRequired\":true,\"valueName\":\"search_term_string\"}}],\"inLanguage\":\"en-US\"},{\"@type\":[\"Organization\",\"Place\",\"SportingGoodsStore\"],\"@id\":\"https:\/\/bolting.eu\/en\/#organization\",\"name\":\"bolting.eu\",\"url\":\"https:\/\/bolting.eu\/en\/\",\"logo\":{\"@id\":\"https:\/\/bolting.eu\/en\/shop\/auffanggurt-rock-empire-skill-econ\/#local-main-organization-logo\"},\"image\":{\"@id\":\"https:\/\/bolting.eu\/en\/shop\/auffanggurt-rock-empire-skill-econ\/#local-main-organization-logo\"},\"sameAs\":[\"https:\/\/www.facebook.com\/bolting.eu\",\"https:\/\/www.instagram.com\/bolting.eu\/\"],\"address\":{\"@id\":\"https:\/\/bolting.eu\/en\/shop\/auffanggurt-rock-empire-skill-econ\/#local-main-place-address\"},\"geo\":{\"@type\":\"GeoCoordinates\",\"latitude\":\"47.264176340396226\",\"longitude\":\"11.380109057672346\"},\"telephone\":[\"+43 699 19083372\"],\"openingHoursSpecification\":[{\"@type\":\"OpeningHoursSpecification\",\"dayOfWeek\":[\"Monday\",\"Wednesday\",\"Friday\"],\"opens\":\"14:00\",\"closes\":\"18:00\"},{\"@type\":\"OpeningHoursSpecification\",\"dayOfWeek\":[\"Tuesday\",\"Thursday\",\"Saturday\",\"Sunday\"],\"opens\":\"00:00\",\"closes\":\"00:00\"}],\"email\":\"office@bolting.eu\",\"vatID\":\"ATU59999728\",\"priceRange\":\"$$\",\"currenciesAccepted\":\"Euro\"},{\"@type\":\"PostalAddress\",\"@id\":\"https:\/\/bolting.eu\/en\/shop\/auffanggurt-rock-empire-skill-econ\/#local-main-place-address\",\"streetAddress\":\"Fischnalerstra\u00dfe 4\",\"addressLocality\":\"Innsbruck\",\"postalCode\":\"6020\",\"addressRegion\":\"Tirol\",\"addressCountry\":\"AT\"},{\"@type\":\"ImageObject\",\"inLanguage\":\"en-US\",\"@id\":\"https:\/\/bolting.eu\/en\/shop\/auffanggurt-rock-empire-skill-econ\/#local-main-organization-logo\",\"url\":\"https:\/\/bolting.eu\/wp-content\/uploads\/2019\/09\/bolting-logo.png\",\"contentUrl\":\"https:\/\/bolting.eu\/wp-content\/uploads\/2019\/09\/bolting-logo.png\",\"width\":400,\"height\":211,\"caption\":\"bolting.eu\"}]}<\/script>\n<meta property=\"og:video\" content=\"https:\/\/www.youtube.com\/embed\/-xMROjamJVY\" \/>\n<meta property=\"og:video:type\" content=\"text\/html\" \/>\n<meta property=\"og:video:duration\" content=\"53\" \/>\n<meta property=\"og:video:width\" content=\"480\" \/>\n<meta property=\"og:video:height\" content=\"270\" \/>\n<meta property=\"ya:ovs:adult\" content=\"false\" \/>\n<meta property=\"ya:ovs:upload_date\" content=\"2025-07-30T11:27:15+00:00\" \/>\n<meta property=\"ya:ovs:allow_embed\" content=\"true\" \/>\n<meta property=\"og:availability\" content=\"instock\" \/>\n<meta property=\"product:availability\" content=\"instock\" \/>\n<meta property=\"product:condition\" content=\"new\" \/>\n<meta name=\"geo.placename\" content=\"Innsbruck\" \/>\n<meta name=\"geo.position\" content=\"47.264176340396226;11.380109057672346\" \/>\n<meta name=\"geo.region\" content=\"Austria\" \/>\n<!-- \/ Yoast SEO Premium plugin. -->","yoast_head_json":{"title":"Auffanggurt Rock Empire Skill Econ | bolting.eu","description":"Auffanggurt Rock Empire Skill Econ beim Industriekletterprofi kaufen \u2705 Trusted Shop \u2705 kostenloser Versand* \u2705 14 Tage R\u00fcckgaberecht \u2705 Co2 neutrale Zustellung","robots":{"index":"index","follow":"follow","max-snippet":"max-snippet:-1","max-image-preview":"max-image-preview:large","max-video-preview":"max-video-preview:-1"},"canonical":"https:\/\/bolting.eu\/en\/shop\/auffanggurt-rock-empire-skill-econ\/","og_locale":"en_US","og_type":"article","og_title":"Auffanggurt Rock Empire Skill Econ","og_description":"Auffanggurt Rock Empire Skill Econ beim Industriekletterprofi kaufen \u2705 Trusted Shop \u2705 kostenloser Versand* \u2705 14 Tage R\u00fcckgaberecht \u2705 Co2 neutrale Zustellung","og_url":"https:\/\/bolting.eu\/en\/shop\/auffanggurt-rock-empire-skill-econ\/","og_site_name":"bolting.eu","article_publisher":"https:\/\/www.facebook.com\/bolting.eu","article_modified_time":"2025-07-31T09:09:30+00:00","og_image":[{"width":700,"height":700,"url":"https:\/\/bolting.eu\/wp-content\/uploads\/2025\/07\/Auffanggurt-Rock-Empire-Skill-Econ-1.jpg","type":"image\/jpeg"}],"twitter_card":"summary_large_image","twitter_misc":{"Availability":"In stock"},"schema":{"@context":"https:\/\/schema.org","@graph":[{"@type":["WebPage","ItemPage"],"@id":"https:\/\/bolting.eu\/en\/shop\/auffanggurt-rock-empire-skill-econ\/","url":"https:\/\/bolting.eu\/en\/shop\/auffanggurt-rock-empire-skill-econ\/","name":"Auffanggurt Rock Empire Skill Econ | bolting.eu","isPartOf":{"@id":"https:\/\/bolting.eu\/en\/#website"},"primaryImageOfPage":{"@id":"https:\/\/bolting.eu\/en\/shop\/auffanggurt-rock-empire-skill-econ\/#primaryimage"},"image":{"@id":"https:\/\/bolting.eu\/en\/shop\/auffanggurt-rock-empire-skill-econ\/#primaryimage"},"thumbnailUrl":"https:\/\/bolting.eu\/wp-content\/uploads\/2025\/07\/Auffanggurt-Rock-Empire-Skill-Econ-1.jpg","datePublished":"2025-07-30T11:27:15+00:00","dateModified":"2025-07-31T09:09:30+00:00","description":"Auffanggurt Rock Empire Skill Econ beim Industriekletterprofi kaufen \u2705 Trusted Shop \u2705 kostenloser Versand* \u2705 14 Tage R\u00fcckgaberecht \u2705 Co2 neutrale Zustellung","breadcrumb":{"@id":"https:\/\/bolting.eu\/en\/shop\/auffanggurt-rock-empire-skill-econ\/#breadcrumb"},"inLanguage":"en-US","potentialAction":[{"@type":"ReadAction","target":["https:\/\/bolting.eu\/en\/shop\/auffanggurt-rock-empire-skill-econ\/"]}]},{"@type":"ImageObject","inLanguage":"en-US","@id":"https:\/\/bolting.eu\/en\/shop\/auffanggurt-rock-empire-skill-econ\/#primaryimage","url":"https:\/\/bolting.eu\/wp-content\/uploads\/2025\/07\/Auffanggurt-Rock-Empire-Skill-Econ-1.jpg","contentUrl":"https:\/\/bolting.eu\/wp-content\/uploads\/2025\/07\/Auffanggurt-Rock-Empire-Skill-Econ-1.jpg","width":700,"height":700,"caption":"Schwarz oranger Auffanggurt Rock Empire Skill Econ aufrecht in wei\u00dfem Quadrat."},{"@type":"BreadcrumbList","@id":"https:\/\/bolting.eu\/en\/shop\/auffanggurt-rock-empire-skill-econ\/#breadcrumb","itemListElement":[{"@type":"ListItem","position":1,"name":"Shop","item":"https:\/\/bolting.eu\/en\/shop\/"},{"@type":"ListItem","position":2,"name":"Industrial climbing gear","item":"https:\/\/bolting.eu\/en\/produkt-kategorie\/industrial-climbing-gear\/"},{"@type":"ListItem","position":3,"name":"Industrieklettergurt","item":"https:\/\/bolting.eu\/produkt-kategorie\/industriekletter-ausruestung\/industrieklettergurt\/"},{"@type":"ListItem","position":4,"name":"Auffanggurt Rock Empire Skill Econ"}]},{"@type":"WebSite","@id":"https:\/\/bolting.eu\/en\/#website","url":"https:\/\/bolting.eu\/en\/","name":"bolting.eu","description":"we make climbs happen","publisher":{"@id":"https:\/\/bolting.eu\/en\/#organization"},"potentialAction":[{"@type":"SearchAction","target":{"@type":"EntryPoint","urlTemplate":"https:\/\/bolting.eu\/en\/?s={search_term_string}"},"query-input":{"@type":"PropertyValueSpecification","valueRequired":true,"valueName":"search_term_string"}}],"inLanguage":"en-US"},{"@type":["Organization","Place","SportingGoodsStore"],"@id":"https:\/\/bolting.eu\/en\/#organization","name":"bolting.eu","url":"https:\/\/bolting.eu\/en\/","logo":{"@id":"https:\/\/bolting.eu\/en\/shop\/auffanggurt-rock-empire-skill-econ\/#local-main-organization-logo"},"image":{"@id":"https:\/\/bolting.eu\/en\/shop\/auffanggurt-rock-empire-skill-econ\/#local-main-organization-logo"},"sameAs":["https:\/\/www.facebook.com\/bolting.eu","https:\/\/www.instagram.com\/bolting.eu\/"],"address":{"@id":"https:\/\/bolting.eu\/en\/shop\/auffanggurt-rock-empire-skill-econ\/#local-main-place-address"},"geo":{"@type":"GeoCoordinates","latitude":"47.264176340396226","longitude":"11.380109057672346"},"telephone":["+43 699 19083372"],"openingHoursSpecification":[{"@type":"OpeningHoursSpecification","dayOfWeek":["Monday","Wednesday","Friday"],"opens":"14:00","closes":"18:00"},{"@type":"OpeningHoursSpecification","dayOfWeek":["Tuesday","Thursday","Saturday","Sunday"],"opens":"00:00","closes":"00:00"}],"email":"office@bolting.eu","vatID":"ATU59999728","priceRange":"$$","currenciesAccepted":"Euro"},{"@type":"PostalAddress","@id":"https:\/\/bolting.eu\/en\/shop\/auffanggurt-rock-empire-skill-econ\/#local-main-place-address","streetAddress":"Fischnalerstra\u00dfe 4","addressLocality":"Innsbruck","postalCode":"6020","addressRegion":"Tirol","addressCountry":"AT"},{"@type":"ImageObject","inLanguage":"en-US","@id":"https:\/\/bolting.eu\/en\/shop\/auffanggurt-rock-empire-skill-econ\/#local-main-organization-logo","url":"https:\/\/bolting.eu\/wp-content\/uploads\/2019\/09\/bolting-logo.png","contentUrl":"https:\/\/bolting.eu\/wp-content\/uploads\/2019\/09\/bolting-logo.png","width":400,"height":211,"caption":"bolting.eu"}]},"og_video":"https:\/\/www.youtube.com\/embed\/-xMROjamJVY","og_video_type":"text\/html","og_video_duration":"53","og_video_width":"480","og_video_height":"270","ya_ovs_adult":"false","ya_ovs_upload_date":"2025-07-30T11:27:15+00:00","ya_ovs_allow_embed":"true","og_availability":"instock","product_availability":"instock","product_condition":"new","geo.placename":"Innsbruck","geo.position":{"lat":"47.264176340396226","long":"11.380109057672346"},"geo.region":"Austria"},"_links":{"self":[{"href":"https:\/\/bolting.eu\/en\/wp-json\/wp\/v2\/product\/33440","targetHints":{"allow":["GET"]}}],"collection":[{"href":"https:\/\/bolting.eu\/en\/wp-json\/wp\/v2\/product"}],"about":[{"href":"https:\/\/bolting.eu\/en\/wp-json\/wp\/v2\/types\/product"}],"replies":[{"embeddable":true,"href":"https:\/\/bolting.eu\/en\/wp-json\/wp\/v2\/comments?post=33440"}],"wp:featuredmedia":[{"embeddable":true,"href":"https:\/\/bolting.eu\/en\/wp-json\/wp\/v2\/media\/33454"}],"wp:attachment":[{"href":"https:\/\/bolting.eu\/en\/wp-json\/wp\/v2\/media?parent=33440"}],"wp:term":[{"taxonomy":"product_brand","embeddable":true,"href":"https:\/\/bolting.eu\/en\/wp-json\/wp\/v2\/product_brand?post=33440"},{"taxonomy":"product_cat","embeddable":true,"href":"https:\/\/bolting.eu\/en\/wp-json\/wp\/v2\/product_cat?post=33440"},{"taxonomy":"product_tag","embeddable":true,"href":"https:\/\/bolting.eu\/en\/wp-json\/wp\/v2\/product_tag?post=33440"}],"curies":[{"name":"wp","href":"https:\/\/api.w.org\/{rel}","templated":true}]}}