{"id":33299,"date":"2025-07-28T13:29:42","date_gmt":"2025-07-28T11:29:42","guid":{"rendered":"https:\/\/bolting.eu\/?post_type=product&#038;p=33299"},"modified":"2025-07-28T13:29:44","modified_gmt":"2025-07-28T11:29:44","slug":"petzl-aven-speleogurt","status":"publish","type":"product","link":"https:\/\/bolting.eu\/en\/shop\/petzl-aven-speleogurt\/","title":{"rendered":"Petzl Aven Speleogurt"},"content":{"rendered":"<p>Der Petzl Aven ist ein spezieller Speleogurt. Denn er ist besonders robust und komfortabel gebaut. Somit seid ihr bei euren H\u00f6hlenausfl\u00fcgen bequem unterwegs.<\/p>\n<p>Zudem sind die Befestigungs\u00f6sen, Material- und Beinschlaufen aus strapazierf\u00e4higem Material. Folglich werdet ihr an diesem Modell lange Freude haben.<\/p>\n<p>Tief liegende Befestigungs\u00f6sen runden dieses Produkt ab. Denn somit wird der Aufstieg am <a href=\"https:\/\/bolting.eu\/produkt-kategorie\/industriekletter-ausruestung\/statikseile\/\">Statikseil<\/a> deutlich effizienter.<\/p>\n<h2>Eigenschaften Petzl Aven Speleogurt<\/h2>\n<ul>\n<li>Material: HDPE, TPU, Stahl, Schaumstoff<\/li>\n<li>Gewicht: 465 Gramm (Gr. 1) und 520 Gramm (Gr. 2)<\/li>\n<li>Taillenumfang: Gr. 1 = 60-85cm, Gr. 2 = 80 &#8211; 102cm<\/li>\n<li>Beinumfang: Gr. 1 = 42 &#8211; 62cm, Gr. 2 = 52 &#8211; 72cm<\/li>\n<li>breite Schaumstoffpolster am H\u00fcftband<\/li>\n<li>breite Beinschlaufen f\u00fcr optimale Gewichtsverteilung<\/li>\n<li>zwei Slots f\u00fcr <a href=\"https:\/\/bolting.eu\/shop\/petzl-caritool-materialkarabiner\/\">Caritool<\/a> <a href=\"https:\/\/bolting.eu\/produkt-kategorie\/kletterausruestung\/kletterkarabiner\/materialkarabiner\/\">Materialkarabiner<\/a><\/li>\n<li>Verstellschnallen an Bein Innenseite um nirgends h\u00e4ngen zu bleiben<\/li>\n<li>empfohlener Brustgurt: EXPO<\/li>\n<li><a href=\"https:\/\/www.petzl.com\/INT\/de\/Sport\/Gurte\/AVEN#:~:text=Das%20PDF%20herunterladen%20%3A%20technical_notice_SUPERAVANTI%2DAVEN%2D1%20%2D%203.49%20MB\">Bedienungsanleitung<\/a><\/li>\n<\/ul>\n<h3>Lange Lebensdauer<\/h3>\n<p>Der Aven Speleogurt von Petzl ist f\u00fcr eine lange Lebensdauer gemacht. Das zeigt sich deutlich an seinen Features.<\/p>\n<p>Erstens den Beinschlaufenverst\u00e4rkungen aus TPU (thermoplastisches Polyurethan).<\/p>\n<p>Zweitens der H\u00fcftverst\u00e4rkung aus Polyester. Drittens die Materialschlaufen aus HDPE (hochdichtes Polyethylen).<\/p>\n<p>Viertens die Gurtb\u00e4nder aus Polyester. Denn diese k\u00f6nnt ihr extrem lange in den Schnallen hin und her schieben.<\/p>\n<p>Abschlie\u00dfend sind die Befestigungs\u00f6sen f\u00fcr den <a href=\"https:\/\/bolting.eu\/shop\/petzl-omni-halbrunder-karabiner\/\">Omni halbrunden Karabiner<\/a> aus abriebfestem HDPE Material.<\/p>\n<h3>Effizienz beim Seilaufstieg<\/h3>\n<p>Dieser Petzl Speleogurt steigert die Effizienz beim Aufstieg am Seil. Denn der Aven hat tief liegende Befestigungs\u00f6sen. D.h. Verbindungsmittel bzw. Steigklemmen wie die <a href=\"https:\/\/bolting.eu\/shop\/petzl-ascension-handsteigklemme\/\">Ascencion Handsteigklemme<\/a> werden nahe am K\u00f6rperschwerpunkt befestigt.<\/p>\n<p>Weiters sorgen die drei Materialschlaufen f\u00fcr \u00fcbersichtliche Befestigung der Ausr\u00fcstung. Dar\u00fcber hinaus sind zwei Slots f\u00fcr Caritool Karabiner angebracht.<\/p>\n<p>Abschlie\u00dfend k\u00f6nnt ihr die Gr\u00f6\u00dfe 1 und 2 sofort unterscheiden. Denn sie haben unterschiedliche Farben bei den Sicherheitsn\u00e4hten ( 1= gelb, 2 = schwarz).<\/p>\n","protected":false},"excerpt":{"rendered":"<p>Extrem langlebiger Speleogurt in zwei Gr\u00f6\u00dfen.<\/p>\n<p>Sehr komfortabel ausgestattet mit hochwertigen Materialien wie hochdichtem Polyurethan, geschlossenzelligem Schaumstoff und Polyester Verst\u00e4rkungen.<\/p>\n<p>Versandkostenfrei bis 2kg in\u00a0<img decoding=\"async\" class=\"emoji\" role=\"img\" draggable=\"false\" src=\"https:\/\/s.w.org\/images\/core\/emoji\/14.0.0\/svg\/1f1e6-1f1f9.svg\" alt=\"\ud83c\udde6\ud83c\uddf9\" \/>\u00a0ab \u20ac 100,- und\u00a0<img decoding=\"async\" class=\"emoji\" role=\"img\" draggable=\"false\" src=\"https:\/\/s.w.org\/images\/core\/emoji\/14.0.0\/svg\/1f1e9-1f1ea.svg\" alt=\"\ud83c\udde9\ud83c\uddea\" \/>\u00a0ab \u20ac 200,-!<\/p>\n<p>&nbsp;<\/p>\n","protected":false},"featured_media":33310,"comment_status":"closed","ping_status":"closed","template":"","meta":[],"product_brand":[],"product_cat":[29,6359,14093],"product_tag":[],"class_list":{"0":"post-33299","1":"product","2":"type-product","3":"status-publish","4":"has-post-thumbnail","6":"product_cat-kletterausruestung","7":"product_cat-klettergurte","8":"product_cat-petzl","10":"first","11":"instock","12":"sale","13":"taxable","14":"shipping-taxable","15":"purchasable","16":"product-type-variable"},"yoast_head":"<!-- This site is optimized with the Yoast SEO Premium plugin v26.9 (Yoast SEO v26.9) - https:\/\/yoast.com\/product\/yoast-seo-premium-wordpress\/ -->\n<title>Petzl Aven Speleogurt | bolting.eu<\/title>\n<meta name=\"description\" content=\"PETZL AVEN Speleogurt beim Kletterprofi aus Innsbruck kaufen \u2705 Trusted Shop \u2705 kostenloser Versand* \u2705 14 Tage R\u00fcckgaberecht \u2705 Co2 neutrale Zustellung\" \/>\n<meta name=\"robots\" content=\"index, follow, max-snippet:-1, max-image-preview:large, max-video-preview:-1\" \/>\n<link rel=\"canonical\" href=\"https:\/\/bolting.eu\/en\/shop\/petzl-aven-speleogurt\/\" \/>\n<meta property=\"og:locale\" content=\"en_US\" \/>\n<meta property=\"og:type\" content=\"article\" \/>\n<meta property=\"og:title\" content=\"Petzl Aven Speleogurt\" \/>\n<meta property=\"og:description\" content=\"PETZL AVEN Speleogurt beim Kletterprofi aus Innsbruck kaufen \u2705 Trusted Shop \u2705 kostenloser Versand* \u2705 14 Tage R\u00fcckgaberecht \u2705 Co2 neutrale Zustellung\" \/>\n<meta property=\"og:url\" content=\"https:\/\/bolting.eu\/en\/shop\/petzl-aven-speleogurt\/\" \/>\n<meta property=\"og:site_name\" content=\"bolting.eu\" \/>\n<meta property=\"article:publisher\" content=\"https:\/\/www.facebook.com\/bolting.eu\" \/>\n<meta property=\"article:modified_time\" content=\"2025-07-28T11:29:44+00:00\" \/>\n<meta property=\"og:image\" content=\"https:\/\/bolting.eu\/wp-content\/uploads\/2025\/07\/Petzl-Aven-Speleogurt.jpg\" \/>\n\t<meta property=\"og:image:width\" content=\"700\" \/>\n\t<meta property=\"og:image:height\" content=\"700\" \/>\n\t<meta property=\"og:image:type\" content=\"image\/jpeg\" \/>\n<meta name=\"twitter:card\" content=\"summary_large_image\" \/>\n<meta name=\"twitter:label1\" content=\"Availability\" \/>\n\t<meta name=\"twitter:data1\" content=\"In stock\" \/>\n<script type=\"application\/ld+json\" class=\"yoast-schema-graph\">{\"@context\":\"https:\/\/schema.org\",\"@graph\":[{\"@type\":[\"WebPage\",\"ItemPage\"],\"@id\":\"https:\/\/bolting.eu\/en\/shop\/petzl-aven-speleogurt\/\",\"url\":\"https:\/\/bolting.eu\/en\/shop\/petzl-aven-speleogurt\/\",\"name\":\"Petzl Aven Speleogurt | bolting.eu\",\"isPartOf\":{\"@id\":\"https:\/\/bolting.eu\/en\/#website\"},\"primaryImageOfPage\":{\"@id\":\"https:\/\/bolting.eu\/en\/shop\/petzl-aven-speleogurt\/#primaryimage\"},\"image\":{\"@id\":\"https:\/\/bolting.eu\/en\/shop\/petzl-aven-speleogurt\/#primaryimage\"},\"thumbnailUrl\":\"https:\/\/bolting.eu\/wp-content\/uploads\/2025\/07\/Petzl-Aven-Speleogurt.jpg\",\"datePublished\":\"2025-07-28T11:29:42+00:00\",\"dateModified\":\"2025-07-28T11:29:44+00:00\",\"description\":\"PETZL AVEN Speleogurt beim Kletterprofi aus Innsbruck kaufen \u2705 Trusted Shop \u2705 kostenloser Versand* \u2705 14 Tage R\u00fcckgaberecht \u2705 Co2 neutrale Zustellung\",\"breadcrumb\":{\"@id\":\"https:\/\/bolting.eu\/en\/shop\/petzl-aven-speleogurt\/#breadcrumb\"},\"inLanguage\":\"en-US\",\"potentialAction\":[{\"@type\":\"ReadAction\",\"target\":[\"https:\/\/bolting.eu\/en\/shop\/petzl-aven-speleogurt\/\"]}]},{\"@type\":\"ImageObject\",\"inLanguage\":\"en-US\",\"@id\":\"https:\/\/bolting.eu\/en\/shop\/petzl-aven-speleogurt\/#primaryimage\",\"url\":\"https:\/\/bolting.eu\/wp-content\/uploads\/2025\/07\/Petzl-Aven-Speleogurt.jpg\",\"contentUrl\":\"https:\/\/bolting.eu\/wp-content\/uploads\/2025\/07\/Petzl-Aven-Speleogurt.jpg\",\"width\":700,\"height\":700,\"caption\":\"Orange - schwarzer Petzl Aven Spelegurt von der Vorderseite.\"},{\"@type\":\"BreadcrumbList\",\"@id\":\"https:\/\/bolting.eu\/en\/shop\/petzl-aven-speleogurt\/#breadcrumb\",\"itemListElement\":[{\"@type\":\"ListItem\",\"position\":1,\"name\":\"Shop\",\"item\":\"https:\/\/bolting.eu\/en\/shop\/\"},{\"@type\":\"ListItem\",\"position\":2,\"name\":\"climbing equipment\",\"item\":\"https:\/\/bolting.eu\/en\/produkt-kategorie\/climbing-equipment\/\"},{\"@type\":\"ListItem\",\"position\":3,\"name\":\"Klettergurte\",\"item\":\"https:\/\/bolting.eu\/produkt-kategorie\/kletterausruestung\/klettergurte\/\"},{\"@type\":\"ListItem\",\"position\":4,\"name\":\"Petzl Aven Speleogurt\"}]},{\"@type\":\"WebSite\",\"@id\":\"https:\/\/bolting.eu\/en\/#website\",\"url\":\"https:\/\/bolting.eu\/en\/\",\"name\":\"bolting.eu\",\"description\":\"we make climbs happen\",\"publisher\":{\"@id\":\"https:\/\/bolting.eu\/en\/#organization\"},\"potentialAction\":[{\"@type\":\"SearchAction\",\"target\":{\"@type\":\"EntryPoint\",\"urlTemplate\":\"https:\/\/bolting.eu\/en\/?s={search_term_string}\"},\"query-input\":{\"@type\":\"PropertyValueSpecification\",\"valueRequired\":true,\"valueName\":\"search_term_string\"}}],\"inLanguage\":\"en-US\"},{\"@type\":[\"Organization\",\"Place\",\"SportingGoodsStore\"],\"@id\":\"https:\/\/bolting.eu\/en\/#organization\",\"name\":\"bolting.eu\",\"url\":\"https:\/\/bolting.eu\/en\/\",\"logo\":{\"@id\":\"https:\/\/bolting.eu\/en\/shop\/petzl-aven-speleogurt\/#local-main-organization-logo\"},\"image\":{\"@id\":\"https:\/\/bolting.eu\/en\/shop\/petzl-aven-speleogurt\/#local-main-organization-logo\"},\"sameAs\":[\"https:\/\/www.facebook.com\/bolting.eu\",\"https:\/\/www.instagram.com\/bolting.eu\/\"],\"address\":{\"@id\":\"https:\/\/bolting.eu\/en\/shop\/petzl-aven-speleogurt\/#local-main-place-address\"},\"geo\":{\"@type\":\"GeoCoordinates\",\"latitude\":\"47.264176340396226\",\"longitude\":\"11.380109057672346\"},\"telephone\":[\"+43 699 19083372\"],\"openingHoursSpecification\":[{\"@type\":\"OpeningHoursSpecification\",\"dayOfWeek\":[\"Monday\",\"Wednesday\",\"Friday\"],\"opens\":\"14:00\",\"closes\":\"18:00\"},{\"@type\":\"OpeningHoursSpecification\",\"dayOfWeek\":[\"Tuesday\",\"Thursday\",\"Saturday\",\"Sunday\"],\"opens\":\"00:00\",\"closes\":\"00:00\"}],\"email\":\"office@bolting.eu\",\"vatID\":\"ATU59999728\",\"priceRange\":\"$$\",\"currenciesAccepted\":\"Euro\"},{\"@type\":\"PostalAddress\",\"@id\":\"https:\/\/bolting.eu\/en\/shop\/petzl-aven-speleogurt\/#local-main-place-address\",\"streetAddress\":\"Fischnalerstra\u00dfe 4\",\"addressLocality\":\"Innsbruck\",\"postalCode\":\"6020\",\"addressRegion\":\"Tirol\",\"addressCountry\":\"AT\"},{\"@type\":\"ImageObject\",\"inLanguage\":\"en-US\",\"@id\":\"https:\/\/bolting.eu\/en\/shop\/petzl-aven-speleogurt\/#local-main-organization-logo\",\"url\":\"https:\/\/bolting.eu\/wp-content\/uploads\/2019\/09\/bolting-logo.png\",\"contentUrl\":\"https:\/\/bolting.eu\/wp-content\/uploads\/2019\/09\/bolting-logo.png\",\"width\":400,\"height\":211,\"caption\":\"bolting.eu\"}]}<\/script>\n<meta property=\"og:availability\" content=\"instock\" \/>\n<meta property=\"product:availability\" content=\"instock\" \/>\n<meta property=\"product:condition\" content=\"new\" \/>\n<meta name=\"geo.placename\" content=\"Innsbruck\" \/>\n<meta name=\"geo.position\" content=\"47.264176340396226;11.380109057672346\" \/>\n<meta name=\"geo.region\" content=\"Austria\" \/>\n<!-- \/ Yoast SEO Premium plugin. -->","yoast_head_json":{"title":"Petzl Aven Speleogurt | bolting.eu","description":"PETZL AVEN Speleogurt beim Kletterprofi aus Innsbruck kaufen \u2705 Trusted Shop \u2705 kostenloser Versand* \u2705 14 Tage R\u00fcckgaberecht \u2705 Co2 neutrale Zustellung","robots":{"index":"index","follow":"follow","max-snippet":"max-snippet:-1","max-image-preview":"max-image-preview:large","max-video-preview":"max-video-preview:-1"},"canonical":"https:\/\/bolting.eu\/en\/shop\/petzl-aven-speleogurt\/","og_locale":"en_US","og_type":"article","og_title":"Petzl Aven Speleogurt","og_description":"PETZL AVEN Speleogurt beim Kletterprofi aus Innsbruck kaufen \u2705 Trusted Shop \u2705 kostenloser Versand* \u2705 14 Tage R\u00fcckgaberecht \u2705 Co2 neutrale Zustellung","og_url":"https:\/\/bolting.eu\/en\/shop\/petzl-aven-speleogurt\/","og_site_name":"bolting.eu","article_publisher":"https:\/\/www.facebook.com\/bolting.eu","article_modified_time":"2025-07-28T11:29:44+00:00","og_image":[{"width":700,"height":700,"url":"https:\/\/bolting.eu\/wp-content\/uploads\/2025\/07\/Petzl-Aven-Speleogurt.jpg","type":"image\/jpeg"}],"twitter_card":"summary_large_image","twitter_misc":{"Availability":"In stock"},"schema":{"@context":"https:\/\/schema.org","@graph":[{"@type":["WebPage","ItemPage"],"@id":"https:\/\/bolting.eu\/en\/shop\/petzl-aven-speleogurt\/","url":"https:\/\/bolting.eu\/en\/shop\/petzl-aven-speleogurt\/","name":"Petzl Aven Speleogurt | bolting.eu","isPartOf":{"@id":"https:\/\/bolting.eu\/en\/#website"},"primaryImageOfPage":{"@id":"https:\/\/bolting.eu\/en\/shop\/petzl-aven-speleogurt\/#primaryimage"},"image":{"@id":"https:\/\/bolting.eu\/en\/shop\/petzl-aven-speleogurt\/#primaryimage"},"thumbnailUrl":"https:\/\/bolting.eu\/wp-content\/uploads\/2025\/07\/Petzl-Aven-Speleogurt.jpg","datePublished":"2025-07-28T11:29:42+00:00","dateModified":"2025-07-28T11:29:44+00:00","description":"PETZL AVEN Speleogurt beim Kletterprofi aus Innsbruck kaufen \u2705 Trusted Shop \u2705 kostenloser Versand* \u2705 14 Tage R\u00fcckgaberecht \u2705 Co2 neutrale Zustellung","breadcrumb":{"@id":"https:\/\/bolting.eu\/en\/shop\/petzl-aven-speleogurt\/#breadcrumb"},"inLanguage":"en-US","potentialAction":[{"@type":"ReadAction","target":["https:\/\/bolting.eu\/en\/shop\/petzl-aven-speleogurt\/"]}]},{"@type":"ImageObject","inLanguage":"en-US","@id":"https:\/\/bolting.eu\/en\/shop\/petzl-aven-speleogurt\/#primaryimage","url":"https:\/\/bolting.eu\/wp-content\/uploads\/2025\/07\/Petzl-Aven-Speleogurt.jpg","contentUrl":"https:\/\/bolting.eu\/wp-content\/uploads\/2025\/07\/Petzl-Aven-Speleogurt.jpg","width":700,"height":700,"caption":"Orange - schwarzer Petzl Aven Spelegurt von der Vorderseite."},{"@type":"BreadcrumbList","@id":"https:\/\/bolting.eu\/en\/shop\/petzl-aven-speleogurt\/#breadcrumb","itemListElement":[{"@type":"ListItem","position":1,"name":"Shop","item":"https:\/\/bolting.eu\/en\/shop\/"},{"@type":"ListItem","position":2,"name":"climbing equipment","item":"https:\/\/bolting.eu\/en\/produkt-kategorie\/climbing-equipment\/"},{"@type":"ListItem","position":3,"name":"Klettergurte","item":"https:\/\/bolting.eu\/produkt-kategorie\/kletterausruestung\/klettergurte\/"},{"@type":"ListItem","position":4,"name":"Petzl Aven Speleogurt"}]},{"@type":"WebSite","@id":"https:\/\/bolting.eu\/en\/#website","url":"https:\/\/bolting.eu\/en\/","name":"bolting.eu","description":"we make climbs happen","publisher":{"@id":"https:\/\/bolting.eu\/en\/#organization"},"potentialAction":[{"@type":"SearchAction","target":{"@type":"EntryPoint","urlTemplate":"https:\/\/bolting.eu\/en\/?s={search_term_string}"},"query-input":{"@type":"PropertyValueSpecification","valueRequired":true,"valueName":"search_term_string"}}],"inLanguage":"en-US"},{"@type":["Organization","Place","SportingGoodsStore"],"@id":"https:\/\/bolting.eu\/en\/#organization","name":"bolting.eu","url":"https:\/\/bolting.eu\/en\/","logo":{"@id":"https:\/\/bolting.eu\/en\/shop\/petzl-aven-speleogurt\/#local-main-organization-logo"},"image":{"@id":"https:\/\/bolting.eu\/en\/shop\/petzl-aven-speleogurt\/#local-main-organization-logo"},"sameAs":["https:\/\/www.facebook.com\/bolting.eu","https:\/\/www.instagram.com\/bolting.eu\/"],"address":{"@id":"https:\/\/bolting.eu\/en\/shop\/petzl-aven-speleogurt\/#local-main-place-address"},"geo":{"@type":"GeoCoordinates","latitude":"47.264176340396226","longitude":"11.380109057672346"},"telephone":["+43 699 19083372"],"openingHoursSpecification":[{"@type":"OpeningHoursSpecification","dayOfWeek":["Monday","Wednesday","Friday"],"opens":"14:00","closes":"18:00"},{"@type":"OpeningHoursSpecification","dayOfWeek":["Tuesday","Thursday","Saturday","Sunday"],"opens":"00:00","closes":"00:00"}],"email":"office@bolting.eu","vatID":"ATU59999728","priceRange":"$$","currenciesAccepted":"Euro"},{"@type":"PostalAddress","@id":"https:\/\/bolting.eu\/en\/shop\/petzl-aven-speleogurt\/#local-main-place-address","streetAddress":"Fischnalerstra\u00dfe 4","addressLocality":"Innsbruck","postalCode":"6020","addressRegion":"Tirol","addressCountry":"AT"},{"@type":"ImageObject","inLanguage":"en-US","@id":"https:\/\/bolting.eu\/en\/shop\/petzl-aven-speleogurt\/#local-main-organization-logo","url":"https:\/\/bolting.eu\/wp-content\/uploads\/2019\/09\/bolting-logo.png","contentUrl":"https:\/\/bolting.eu\/wp-content\/uploads\/2019\/09\/bolting-logo.png","width":400,"height":211,"caption":"bolting.eu"}]},"og_availability":"instock","product_availability":"instock","product_condition":"new","geo.placename":"Innsbruck","geo.position":{"lat":"47.264176340396226","long":"11.380109057672346"},"geo.region":"Austria"},"_links":{"self":[{"href":"https:\/\/bolting.eu\/en\/wp-json\/wp\/v2\/product\/33299","targetHints":{"allow":["GET"]}}],"collection":[{"href":"https:\/\/bolting.eu\/en\/wp-json\/wp\/v2\/product"}],"about":[{"href":"https:\/\/bolting.eu\/en\/wp-json\/wp\/v2\/types\/product"}],"replies":[{"embeddable":true,"href":"https:\/\/bolting.eu\/en\/wp-json\/wp\/v2\/comments?post=33299"}],"wp:featuredmedia":[{"embeddable":true,"href":"https:\/\/bolting.eu\/en\/wp-json\/wp\/v2\/media\/33310"}],"wp:attachment":[{"href":"https:\/\/bolting.eu\/en\/wp-json\/wp\/v2\/media?parent=33299"}],"wp:term":[{"taxonomy":"product_brand","embeddable":true,"href":"https:\/\/bolting.eu\/en\/wp-json\/wp\/v2\/product_brand?post=33299"},{"taxonomy":"product_cat","embeddable":true,"href":"https:\/\/bolting.eu\/en\/wp-json\/wp\/v2\/product_cat?post=33299"},{"taxonomy":"product_tag","embeddable":true,"href":"https:\/\/bolting.eu\/en\/wp-json\/wp\/v2\/product_tag?post=33299"}],"curies":[{"name":"wp","href":"https:\/\/api.w.org\/{rel}","templated":true}]}}