{"id":33253,"date":"2025-07-24T17:28:58","date_gmt":"2025-07-24T15:28:58","guid":{"rendered":"https:\/\/bolting.eu\/?post_type=product&#038;p=33253"},"modified":"2025-09-12T14:37:48","modified_gmt":"2025-09-12T12:37:48","slug":"reepschnur-4mm-120m-rolle","status":"publish","type":"product","link":"https:\/\/bolting.eu\/en\/shop\/reepschnur-4mm-120m-rolle\/","title":{"rendered":"Reepschnur 4mm &#8211; 120m Rolle"},"content":{"rendered":"<p>Die Reepschnur 4mm von Cousin ist eine starke Zubeh\u00f6r Modell. Denn sie hat eine Bruchlast von 4kN.<\/p>\n<p>Folglich wird sie f\u00fcr diverse Zwecke verwendet, wo bereits gro\u00dfe Kr\u00e4fte wirken. Wie z.B. beim Aufh\u00e4ngen von Lasten, Verbinden von Planen, usw.<\/p>\n<p>In unserem Klettershop ist die 4mm z.B. die beliebteste Dimension zum Anh\u00e4ngen von <a href=\"https:\/\/bolting.eu\/produkt-kategorie\/einbohrartikel\/felshammer\/\">Felsh\u00e4mmern.<\/a><\/p>\n<p>Diese Variante hat bereits die EN 564 Norm. Somit ist sie auch als Prusik Schlinge geeignet.<\/p>\n<h2>Eigenschaften Reepschnur 4mm<\/h2>\n<ul>\n<li>Hersteller: Cousin<\/li>\n<li>Material: Polyamid<\/li>\n<li>Durchmesser: 4mm<\/li>\n<li>Verkaufseinheit: 1 Rolle = 120m<\/li>\n<li>Bruchlast: 4 kN<\/li>\n<li>Gewicht \/ Meter: 10 Gramm<\/li>\n<li>abriebfest<\/li>\n<li>leicht knotbar<\/li>\n<li>unz\u00e4hlige Einsatzbereiche wie Alpinsport, Caving, H\u00f6henarbeiten, Camping, DIY,&#8230;<\/li>\n<li>Norm: EN 564<\/li>\n<li>Geeignet als PSA wie Prusik Schlinge (jedoch 6mm Empfohlen!)<\/li>\n<li><strong>top Preis durch Mengenrabatt da ganze Rolle<\/strong><\/li>\n<li><a href=\"https:\/\/www.cousin-trestec.com\/wp-content\/uploads\/2024\/06\/CT-Notice-Cordelettes-24-WEB-1.pdf\" target=\"_blank\" rel=\"noopener\">Bedienungsanleitung<\/a><\/li>\n<\/ul>\n<h3>Nicht f\u00fcr Abseilman\u00f6ver geeignet!<\/h3>\n<p>Beachtet. Diese Reepschnur mit 4mm ist nicht f\u00fcr Abseilman\u00f6ver geeignet.<\/p>\n<p>Zum einen f\u00fchrt die Bausweise dann zu gro\u00dfer Mantelverschiebung. Zum anderen ist der Durchmesser auch zu klein.<\/p>\n<p>Minimalisten empfehlen wir die speziell daf\u00fcr gedachten Abseilleinen wie <a href=\"https:\/\/bolting.eu\/shop\/petzl-pur-line-6mm\/\">Petzl Pur Line<\/a>, <a href=\"https:\/\/bolting.eu\/shop\/petzl-rad-line\/\">Rap Line<\/a> oder die <a href=\"https:\/\/bolting.eu\/shop\/edelrid-rap-line-protect-pro-dry-6mm\/\">Edelrid Rap Line.<\/a><\/p>\n<h3>Knoten Empfehlung<\/h3>\n<p>Reepschn\u00fcre wie das vorliegende 4mm Modell verknotet man am besten mit einem doppelten Spierenstich.<\/p>\n<figure id=\"attachment_613\" aria-describedby=\"caption-attachment-613\" style=\"width: 500px\" class=\"wp-caption alignnone\"><a href=\"https:\/\/bolting.eu\/wp-content\/uploads\/2019\/11\/Doppelter-Spierenstich-1.jpg\"><img loading=\"lazy\" decoding=\"async\" class=\"size-full wp-image-613\" src=\"https:\/\/bolting.eu\/wp-content\/uploads\/2019\/11\/Doppelter-Spierenstich-1.jpg\" alt=\"Das Bild zeigt in vier schwarz-weiss Grafiken wie ein doppelter Spierenstich gef\u00e4delt wird.\" width=\"500\" height=\"454\" srcset=\"https:\/\/bolting.eu\/wp-content\/uploads\/2019\/11\/Doppelter-Spierenstich-1.jpg 500w, https:\/\/bolting.eu\/wp-content\/uploads\/2019\/11\/Doppelter-Spierenstich-1-441x400.jpg 441w\" sizes=\"auto, (max-width: 500px) 100vw, 500px\" \/><\/a><figcaption id=\"caption-attachment-613\" class=\"wp-caption-text\">So wird der doppelte Spierenstich gef\u00e4delt! Quelle: <a href=\"https:\/\/eu.beal-planet.com\/\" target=\"_blank\" rel=\"noopener\">bealplanet.com<\/a><\/figcaption><\/figure>\n<p>&nbsp;<\/p>\n","protected":false},"excerpt":{"rendered":"<p>Reepschnur 4mm auf einer 120m Rolle. Ideal als Zubeh\u00f6r f\u00fcr Industrieklettern, Alpinismus, Cavin, Camping, DIY,&#8230;<\/p>\n<p>100% statisches Polyamid mit guter Knotbarkeit. Hergestellt in Frankreich!<\/p>\n<p>Versandkostenfrei bis 2kg in <img decoding=\"async\" class=\"emoji\" role=\"img\" draggable=\"false\" src=\"https:\/\/s.w.org\/images\/core\/emoji\/14.0.0\/svg\/1f1e6-1f1f9.svg\" alt=\"\ud83c\udde6\ud83c\uddf9\" \/> ab \u20ac 100,- und <img decoding=\"async\" class=\"emoji\" role=\"img\" draggable=\"false\" src=\"https:\/\/s.w.org\/images\/core\/emoji\/14.0.0\/svg\/1f1e9-1f1ea.svg\" alt=\"\ud83c\udde9\ud83c\uddea\" \/> ab \u20ac 200,-!<\/p>\n","protected":false},"featured_media":33254,"comment_status":"closed","ping_status":"closed","template":"","meta":[],"product_brand":[],"product_cat":[29,55],"product_tag":[],"class_list":{"0":"post-33253","1":"product","2":"type-product","3":"status-publish","4":"has-post-thumbnail","6":"product_cat-kletterausruestung","7":"product_cat-reepschnur","9":"first","10":"instock","11":"sale","12":"taxable","13":"shipping-taxable","14":"purchasable","15":"product-type-simple"},"yoast_head":"<!-- This site is optimized with the Yoast SEO Premium plugin v26.9 (Yoast SEO v26.9) - https:\/\/yoast.com\/product\/yoast-seo-premium-wordpress\/ -->\n<title>Reepschnur 4mm - 120m Rolle | bolting.eu<\/title>\n<meta name=\"description\" content=\"Reepschnur 4mm auf 120m Rolle beim Kletterprofi kaufen \u2705 Trusted Shop \u2705 kostenloser Versand* \u2705 14 Tage R\u00fcckgaberecht \u2705 Co2 neutrale Zustellung\" \/>\n<meta name=\"robots\" content=\"index, follow, max-snippet:-1, max-image-preview:large, max-video-preview:-1\" \/>\n<link rel=\"canonical\" href=\"https:\/\/bolting.eu\/en\/shop\/reepschnur-4mm-120m-rolle\/\" \/>\n<meta property=\"og:locale\" content=\"en_US\" \/>\n<meta property=\"og:type\" content=\"article\" \/>\n<meta property=\"og:title\" content=\"Reepschnur 4mm - 120m Rolle\" \/>\n<meta property=\"og:description\" content=\"Reepschnur 4mm auf 120m Rolle beim Kletterprofi kaufen \u2705 Trusted Shop \u2705 kostenloser Versand* \u2705 14 Tage R\u00fcckgaberecht \u2705 Co2 neutrale Zustellung\" \/>\n<meta property=\"og:url\" content=\"https:\/\/bolting.eu\/en\/shop\/reepschnur-4mm-120m-rolle\/\" \/>\n<meta property=\"og:site_name\" content=\"bolting.eu\" \/>\n<meta property=\"article:publisher\" content=\"https:\/\/www.facebook.com\/bolting.eu\" \/>\n<meta property=\"article:modified_time\" content=\"2025-09-12T12:37:48+00:00\" \/>\n<meta property=\"og:image\" content=\"https:\/\/bolting.eu\/wp-content\/uploads\/2025\/07\/Reepschnur-4mm-Cousin-1.jpg\" \/>\n\t<meta property=\"og:image:width\" content=\"700\" \/>\n\t<meta property=\"og:image:height\" content=\"700\" \/>\n\t<meta property=\"og:image:type\" content=\"image\/jpeg\" \/>\n<meta name=\"twitter:card\" content=\"summary_large_image\" \/>\n<meta name=\"twitter:label1\" content=\"Price\" \/>\n\t<meta name=\"twitter:data1\" content=\"&euro;&nbsp;74,90\" \/>\n\t<meta name=\"twitter:label2\" content=\"Availability\" \/>\n\t<meta name=\"twitter:data2\" content=\"In stock\" \/>\n<script type=\"application\/ld+json\" class=\"yoast-schema-graph\">{\"@context\":\"https:\/\/schema.org\",\"@graph\":[{\"@type\":[\"WebPage\",\"ItemPage\"],\"@id\":\"https:\/\/bolting.eu\/en\/shop\/reepschnur-4mm-120m-rolle\/\",\"url\":\"https:\/\/bolting.eu\/en\/shop\/reepschnur-4mm-120m-rolle\/\",\"name\":\"Reepschnur 4mm - 120m Rolle | bolting.eu\",\"isPartOf\":{\"@id\":\"https:\/\/bolting.eu\/en\/#website\"},\"primaryImageOfPage\":{\"@id\":\"https:\/\/bolting.eu\/en\/shop\/reepschnur-4mm-120m-rolle\/#primaryimage\"},\"image\":{\"@id\":\"https:\/\/bolting.eu\/en\/shop\/reepschnur-4mm-120m-rolle\/#primaryimage\"},\"thumbnailUrl\":\"https:\/\/bolting.eu\/wp-content\/uploads\/2025\/07\/Reepschnur-4mm-Cousin-1.jpg\",\"datePublished\":\"2025-07-24T15:28:58+00:00\",\"dateModified\":\"2025-09-12T12:37:48+00:00\",\"description\":\"Reepschnur 4mm auf 120m Rolle beim Kletterprofi kaufen \u2705 Trusted Shop \u2705 kostenloser Versand* \u2705 14 Tage R\u00fcckgaberecht \u2705 Co2 neutrale Zustellung\",\"breadcrumb\":{\"@id\":\"https:\/\/bolting.eu\/en\/shop\/reepschnur-4mm-120m-rolle\/#breadcrumb\"},\"inLanguage\":\"en-US\",\"potentialAction\":[{\"@type\":\"ReadAction\",\"target\":[\"https:\/\/bolting.eu\/en\/shop\/reepschnur-4mm-120m-rolle\/\"]}]},{\"@type\":\"ImageObject\",\"inLanguage\":\"en-US\",\"@id\":\"https:\/\/bolting.eu\/en\/shop\/reepschnur-4mm-120m-rolle\/#primaryimage\",\"url\":\"https:\/\/bolting.eu\/wp-content\/uploads\/2025\/07\/Reepschnur-4mm-Cousin-1.jpg\",\"contentUrl\":\"https:\/\/bolting.eu\/wp-content\/uploads\/2025\/07\/Reepschnur-4mm-Cousin-1.jpg\",\"width\":700,\"height\":700,\"caption\":\"Eine neon gr\u00fcne Rolle 4mm Reepschnur zentriert auf wei\u00dfem Quadrat.\"},{\"@type\":\"BreadcrumbList\",\"@id\":\"https:\/\/bolting.eu\/en\/shop\/reepschnur-4mm-120m-rolle\/#breadcrumb\",\"itemListElement\":[{\"@type\":\"ListItem\",\"position\":1,\"name\":\"Shop\",\"item\":\"https:\/\/bolting.eu\/en\/shop\/\"},{\"@type\":\"ListItem\",\"position\":2,\"name\":\"climbing equipment\",\"item\":\"https:\/\/bolting.eu\/en\/produkt-kategorie\/climbing-equipment\/\"},{\"@type\":\"ListItem\",\"position\":3,\"name\":\"Reepschnur\",\"item\":\"https:\/\/bolting.eu\/produkt-kategorie\/kletterausruestung\/reepschnur\/\"},{\"@type\":\"ListItem\",\"position\":4,\"name\":\"Reepschnur 4mm &#8211; 120m Rolle\"}]},{\"@type\":\"WebSite\",\"@id\":\"https:\/\/bolting.eu\/en\/#website\",\"url\":\"https:\/\/bolting.eu\/en\/\",\"name\":\"bolting.eu\",\"description\":\"we make climbs happen\",\"publisher\":{\"@id\":\"https:\/\/bolting.eu\/en\/#organization\"},\"potentialAction\":[{\"@type\":\"SearchAction\",\"target\":{\"@type\":\"EntryPoint\",\"urlTemplate\":\"https:\/\/bolting.eu\/en\/?s={search_term_string}\"},\"query-input\":{\"@type\":\"PropertyValueSpecification\",\"valueRequired\":true,\"valueName\":\"search_term_string\"}}],\"inLanguage\":\"en-US\"},{\"@type\":[\"Organization\",\"Place\",\"SportingGoodsStore\"],\"@id\":\"https:\/\/bolting.eu\/en\/#organization\",\"name\":\"bolting.eu\",\"url\":\"https:\/\/bolting.eu\/en\/\",\"logo\":{\"@id\":\"https:\/\/bolting.eu\/en\/shop\/reepschnur-4mm-120m-rolle\/#local-main-organization-logo\"},\"image\":{\"@id\":\"https:\/\/bolting.eu\/en\/shop\/reepschnur-4mm-120m-rolle\/#local-main-organization-logo\"},\"sameAs\":[\"https:\/\/www.facebook.com\/bolting.eu\",\"https:\/\/www.instagram.com\/bolting.eu\/\"],\"address\":{\"@id\":\"https:\/\/bolting.eu\/en\/shop\/reepschnur-4mm-120m-rolle\/#local-main-place-address\"},\"geo\":{\"@type\":\"GeoCoordinates\",\"latitude\":\"47.264176340396226\",\"longitude\":\"11.380109057672346\"},\"telephone\":[\"+43 699 19083372\"],\"openingHoursSpecification\":[{\"@type\":\"OpeningHoursSpecification\",\"dayOfWeek\":[\"Monday\",\"Wednesday\",\"Friday\"],\"opens\":\"14:00\",\"closes\":\"18:00\"},{\"@type\":\"OpeningHoursSpecification\",\"dayOfWeek\":[\"Tuesday\",\"Thursday\",\"Saturday\",\"Sunday\"],\"opens\":\"00:00\",\"closes\":\"00:00\"}],\"email\":\"office@bolting.eu\",\"vatID\":\"ATU59999728\",\"priceRange\":\"$$\",\"currenciesAccepted\":\"Euro\"},{\"@type\":\"PostalAddress\",\"@id\":\"https:\/\/bolting.eu\/en\/shop\/reepschnur-4mm-120m-rolle\/#local-main-place-address\",\"streetAddress\":\"Fischnalerstra\u00dfe 4\",\"addressLocality\":\"Innsbruck\",\"postalCode\":\"6020\",\"addressRegion\":\"Tirol\",\"addressCountry\":\"AT\"},{\"@type\":\"ImageObject\",\"inLanguage\":\"en-US\",\"@id\":\"https:\/\/bolting.eu\/en\/shop\/reepschnur-4mm-120m-rolle\/#local-main-organization-logo\",\"url\":\"https:\/\/bolting.eu\/wp-content\/uploads\/2019\/09\/bolting-logo.png\",\"contentUrl\":\"https:\/\/bolting.eu\/wp-content\/uploads\/2019\/09\/bolting-logo.png\",\"width\":400,\"height\":211,\"caption\":\"bolting.eu\"}]}<\/script>\n<meta property=\"product:price:amount\" content=\"74.90\" \/>\n<meta property=\"product:price:currency\" content=\"EUR\" \/>\n<meta property=\"og:availability\" content=\"instock\" \/>\n<meta property=\"product:availability\" content=\"instock\" \/>\n<meta property=\"product:retailer_item_id\" content=\"CT900104B037\" \/>\n<meta property=\"product:condition\" content=\"new\" \/>\n<meta name=\"geo.placename\" content=\"Innsbruck\" \/>\n<meta name=\"geo.position\" content=\"47.264176340396226;11.380109057672346\" \/>\n<meta name=\"geo.region\" content=\"Austria\" \/>\n<!-- \/ Yoast SEO Premium plugin. -->","yoast_head_json":{"title":"Reepschnur 4mm - 120m Rolle | bolting.eu","description":"Reepschnur 4mm auf 120m Rolle beim Kletterprofi kaufen \u2705 Trusted Shop \u2705 kostenloser Versand* \u2705 14 Tage R\u00fcckgaberecht \u2705 Co2 neutrale Zustellung","robots":{"index":"index","follow":"follow","max-snippet":"max-snippet:-1","max-image-preview":"max-image-preview:large","max-video-preview":"max-video-preview:-1"},"canonical":"https:\/\/bolting.eu\/en\/shop\/reepschnur-4mm-120m-rolle\/","og_locale":"en_US","og_type":"article","og_title":"Reepschnur 4mm - 120m Rolle","og_description":"Reepschnur 4mm auf 120m Rolle beim Kletterprofi kaufen \u2705 Trusted Shop \u2705 kostenloser Versand* \u2705 14 Tage R\u00fcckgaberecht \u2705 Co2 neutrale Zustellung","og_url":"https:\/\/bolting.eu\/en\/shop\/reepschnur-4mm-120m-rolle\/","og_site_name":"bolting.eu","article_publisher":"https:\/\/www.facebook.com\/bolting.eu","article_modified_time":"2025-09-12T12:37:48+00:00","og_image":[{"width":700,"height":700,"url":"https:\/\/bolting.eu\/wp-content\/uploads\/2025\/07\/Reepschnur-4mm-Cousin-1.jpg","type":"image\/jpeg"}],"twitter_card":"summary_large_image","twitter_misc":{"Price":"&euro;&nbsp;74,90","Availability":"In stock"},"schema":{"@context":"https:\/\/schema.org","@graph":[{"@type":["WebPage","ItemPage"],"@id":"https:\/\/bolting.eu\/en\/shop\/reepschnur-4mm-120m-rolle\/","url":"https:\/\/bolting.eu\/en\/shop\/reepschnur-4mm-120m-rolle\/","name":"Reepschnur 4mm - 120m Rolle | bolting.eu","isPartOf":{"@id":"https:\/\/bolting.eu\/en\/#website"},"primaryImageOfPage":{"@id":"https:\/\/bolting.eu\/en\/shop\/reepschnur-4mm-120m-rolle\/#primaryimage"},"image":{"@id":"https:\/\/bolting.eu\/en\/shop\/reepschnur-4mm-120m-rolle\/#primaryimage"},"thumbnailUrl":"https:\/\/bolting.eu\/wp-content\/uploads\/2025\/07\/Reepschnur-4mm-Cousin-1.jpg","datePublished":"2025-07-24T15:28:58+00:00","dateModified":"2025-09-12T12:37:48+00:00","description":"Reepschnur 4mm auf 120m Rolle beim Kletterprofi kaufen \u2705 Trusted Shop \u2705 kostenloser Versand* \u2705 14 Tage R\u00fcckgaberecht \u2705 Co2 neutrale Zustellung","breadcrumb":{"@id":"https:\/\/bolting.eu\/en\/shop\/reepschnur-4mm-120m-rolle\/#breadcrumb"},"inLanguage":"en-US","potentialAction":[{"@type":"ReadAction","target":["https:\/\/bolting.eu\/en\/shop\/reepschnur-4mm-120m-rolle\/"]}]},{"@type":"ImageObject","inLanguage":"en-US","@id":"https:\/\/bolting.eu\/en\/shop\/reepschnur-4mm-120m-rolle\/#primaryimage","url":"https:\/\/bolting.eu\/wp-content\/uploads\/2025\/07\/Reepschnur-4mm-Cousin-1.jpg","contentUrl":"https:\/\/bolting.eu\/wp-content\/uploads\/2025\/07\/Reepschnur-4mm-Cousin-1.jpg","width":700,"height":700,"caption":"Eine neon gr\u00fcne Rolle 4mm Reepschnur zentriert auf wei\u00dfem Quadrat."},{"@type":"BreadcrumbList","@id":"https:\/\/bolting.eu\/en\/shop\/reepschnur-4mm-120m-rolle\/#breadcrumb","itemListElement":[{"@type":"ListItem","position":1,"name":"Shop","item":"https:\/\/bolting.eu\/en\/shop\/"},{"@type":"ListItem","position":2,"name":"climbing equipment","item":"https:\/\/bolting.eu\/en\/produkt-kategorie\/climbing-equipment\/"},{"@type":"ListItem","position":3,"name":"Reepschnur","item":"https:\/\/bolting.eu\/produkt-kategorie\/kletterausruestung\/reepschnur\/"},{"@type":"ListItem","position":4,"name":"Reepschnur 4mm &#8211; 120m Rolle"}]},{"@type":"WebSite","@id":"https:\/\/bolting.eu\/en\/#website","url":"https:\/\/bolting.eu\/en\/","name":"bolting.eu","description":"we make climbs happen","publisher":{"@id":"https:\/\/bolting.eu\/en\/#organization"},"potentialAction":[{"@type":"SearchAction","target":{"@type":"EntryPoint","urlTemplate":"https:\/\/bolting.eu\/en\/?s={search_term_string}"},"query-input":{"@type":"PropertyValueSpecification","valueRequired":true,"valueName":"search_term_string"}}],"inLanguage":"en-US"},{"@type":["Organization","Place","SportingGoodsStore"],"@id":"https:\/\/bolting.eu\/en\/#organization","name":"bolting.eu","url":"https:\/\/bolting.eu\/en\/","logo":{"@id":"https:\/\/bolting.eu\/en\/shop\/reepschnur-4mm-120m-rolle\/#local-main-organization-logo"},"image":{"@id":"https:\/\/bolting.eu\/en\/shop\/reepschnur-4mm-120m-rolle\/#local-main-organization-logo"},"sameAs":["https:\/\/www.facebook.com\/bolting.eu","https:\/\/www.instagram.com\/bolting.eu\/"],"address":{"@id":"https:\/\/bolting.eu\/en\/shop\/reepschnur-4mm-120m-rolle\/#local-main-place-address"},"geo":{"@type":"GeoCoordinates","latitude":"47.264176340396226","longitude":"11.380109057672346"},"telephone":["+43 699 19083372"],"openingHoursSpecification":[{"@type":"OpeningHoursSpecification","dayOfWeek":["Monday","Wednesday","Friday"],"opens":"14:00","closes":"18:00"},{"@type":"OpeningHoursSpecification","dayOfWeek":["Tuesday","Thursday","Saturday","Sunday"],"opens":"00:00","closes":"00:00"}],"email":"office@bolting.eu","vatID":"ATU59999728","priceRange":"$$","currenciesAccepted":"Euro"},{"@type":"PostalAddress","@id":"https:\/\/bolting.eu\/en\/shop\/reepschnur-4mm-120m-rolle\/#local-main-place-address","streetAddress":"Fischnalerstra\u00dfe 4","addressLocality":"Innsbruck","postalCode":"6020","addressRegion":"Tirol","addressCountry":"AT"},{"@type":"ImageObject","inLanguage":"en-US","@id":"https:\/\/bolting.eu\/en\/shop\/reepschnur-4mm-120m-rolle\/#local-main-organization-logo","url":"https:\/\/bolting.eu\/wp-content\/uploads\/2019\/09\/bolting-logo.png","contentUrl":"https:\/\/bolting.eu\/wp-content\/uploads\/2019\/09\/bolting-logo.png","width":400,"height":211,"caption":"bolting.eu"}]},"product_price_amount":"74.90","product_price_currency":"EUR","og_availability":"instock","product_availability":"instock","product_retailer_item_id":"CT900104B037","product_condition":"new","geo.placename":"Innsbruck","geo.position":{"lat":"47.264176340396226","long":"11.380109057672346"},"geo.region":"Austria"},"_links":{"self":[{"href":"https:\/\/bolting.eu\/en\/wp-json\/wp\/v2\/product\/33253","targetHints":{"allow":["GET"]}}],"collection":[{"href":"https:\/\/bolting.eu\/en\/wp-json\/wp\/v2\/product"}],"about":[{"href":"https:\/\/bolting.eu\/en\/wp-json\/wp\/v2\/types\/product"}],"replies":[{"embeddable":true,"href":"https:\/\/bolting.eu\/en\/wp-json\/wp\/v2\/comments?post=33253"}],"wp:featuredmedia":[{"embeddable":true,"href":"https:\/\/bolting.eu\/en\/wp-json\/wp\/v2\/media\/33254"}],"wp:attachment":[{"href":"https:\/\/bolting.eu\/en\/wp-json\/wp\/v2\/media?parent=33253"}],"wp:term":[{"taxonomy":"product_brand","embeddable":true,"href":"https:\/\/bolting.eu\/en\/wp-json\/wp\/v2\/product_brand?post=33253"},{"taxonomy":"product_cat","embeddable":true,"href":"https:\/\/bolting.eu\/en\/wp-json\/wp\/v2\/product_cat?post=33253"},{"taxonomy":"product_tag","embeddable":true,"href":"https:\/\/bolting.eu\/en\/wp-json\/wp\/v2\/product_tag?post=33253"}],"curies":[{"name":"wp","href":"https:\/\/api.w.org\/{rel}","templated":true}]}}