{"id":33237,"date":"2025-07-24T13:18:27","date_gmt":"2025-07-24T11:18:27","guid":{"rendered":"https:\/\/bolting.eu\/?post_type=product&#038;p=33237"},"modified":"2026-04-14T13:01:13","modified_gmt":"2026-04-14T11:01:13","slug":"statikseil-schwarz-cousin-105mm","status":"publish","type":"product","link":"https:\/\/bolting.eu\/en\/shop\/statikseil-schwarz-cousin-105mm\/","title":{"rendered":"Statikseil schwarz Cousin 10,5mm"},"content":{"rendered":"<p>Unser Statikseil schwarz von Cousin hat einen Durchmesser von 10,5mm. Somit ist es f\u00fcr alle Aktivit\u00e4ten im Bereich H\u00f6henarbeiten bestens geeignet.<\/p>\n<p>Denn dieses Modell kann mit allen g\u00e4ngigen <a href=\"https:\/\/bolting.eu\/produkt-kategorie\/kletterausruestung\/seilrollen\/\">Seilrollen<\/a>, <a href=\"https:\/\/bolting.eu\/produkt-kategorie\/kletterausruestung\/abseilgeraete\/\">Abseilger\u00e4ten<\/a> und <a href=\"https:\/\/bolting.eu\/produkt-kategorie\/kletterausruestung\/steigklemmen-seilklemmen\/\">Seilklemmen<\/a> verwendet werden.<\/p>\n<p>Wie z.B. dem <a href=\"https:\/\/bolting.eu\/shop\/petzl-id-s\/\">Petzl ID S<\/a>, der <a href=\"https:\/\/bolting.eu\/shop\/petzl-pro-traxion-umlenkrolle-mit-ruecklaufsperre\/\">Pro Traxion Rolle<\/a> mit R\u00fccklaufsperre oder dem <a href=\"https:\/\/bolting.eu\/shop\/edelrid-spoc-umlenkrolle-mit-ruecklaufsperre\/\">Edelrid Spoc<\/a>.<\/p>\n<p>Fazit. Wer ein preiswertes Modell in dieser &#8220;Tarnfarbe&#8221; sucht, ist hier richtig!<\/p>\n<h2>Statikseil schwarz 10,5mm<\/h2>\n<ul>\n<li>Hersteller: Cousin Trestec<\/li>\n<li>Modell: <a href=\"https:\/\/bolting.eu\/shop\/statisches-kletterseil-cousin-safety-pro-105mm\/\">Safety Pro<\/a><\/li>\n<li>Durchmesser: 10,5mm<\/li>\n<li>Material: Polyamid<\/li>\n<li>Gewicht \/ Meter: 66 Gramm<\/li>\n<li>Anzahl Normst\u00fcrze: 5<\/li>\n<li>Norm: EN 1891 Type A<\/li>\n<li>Fangsto\u00df: 5,9 kN<\/li>\n<li>Gebrauchsdehnung: 2,8%<\/li>\n<li>Bruchlast: 28kN<\/li>\n<li>Kernanteil: 62%<\/li>\n<li>Mantelanteil: 32%<\/li>\n<li>Knotbarkeit: 0,8<\/li>\n<li>Schrumpfverhalten wenn nass: 3%<\/li>\n<li>Mantelverschiebung: max. 0,2%<\/li>\n<li>Anzahl Litzen: 32<\/li>\n<li>maximale L\u00e4nge: 200m (1 Rolle)<\/li>\n<li>ideal f\u00fcr alle H\u00f6henarbeiten<\/li>\n<li>nicht zum Felsklettern geeignet!<\/li>\n<li><strong>Verkaufseinheit: 1 Meter<\/strong><\/li>\n<li>wird gerne gekauft mit <a href=\"https:\/\/bolting.eu\/produkt-kategorie\/kletterausruestung\/kletterkarabiner\/karabiner-schwarz\/\">Karabiner schwarz<\/a><\/li>\n<li><a href=\"https:\/\/www.cousin-trestec.com\/en\/produit\/en-safety-pro-10-5\/#:~:text=%C2%A0%20NOTICE%20%E2%80%93%20Semi%20static%20rope\" target=\"_blank\" rel=\"noopener\">Bedienungsanleitung<\/a><\/li>\n<\/ul>\n<h3>Preiswertes Allround Modell<\/h3>\n<p>Was dieses schwarze Statikseil auszeichnet, sind zwei Dinge.<\/p>\n<p>Erstens der geringe Preis. Und zweitens die guten Allround F\u00e4higkeiten.<\/p>\n<p>Denn neben einer sehr hohen Bruchlast \u00fcberzeugt dieses Modell mit seinem guten Handling. Folglich ist es kein Wunder, dass dieses Produkt zu den Bestsellern in unserem <a href=\"https:\/\/bolting.eu\/industrieklettershop\/\">Industrieklettershop<\/a> geh\u00f6rt.<\/p>\n<h3>Unsere 1. Wahl bei Baut\u00e4tigkeiten<\/h3>\n<p>Wir selber verwenden exakt dieses Model bei unseren Baut\u00e4tigkeiten wie <a href=\"https:\/\/bolting.eu\/klettersteigbau\/\">Klettersteigbau<\/a>. Denn es ist ein sehr wirtschaftliches Modell.<\/p>\n<p>Folglich genau die richtige Wahl, wenn es dort als Fixseil extrem stark beansprucht und ausgeschieden werden muss.<\/p>\n<p>Zudem ist das Statikseil in schwarz sehr unauff\u00e4llig, was uns bzgl. unserem optischen Auftritt mitunter wichtig ist.<\/p>\n","protected":false},"excerpt":{"rendered":"<p>Super preiswertes Statikseil in schwarzer Farbe mit 10,5mm Durchmesser.<\/p>\n<p>Ideal f\u00fcr H\u00f6henarbeiten, Erschlie\u00dfer und Speleologen.<\/p>\n<p><strong>Verkaufseinheit = 1 Meter<\/strong><\/p>\n<p>Versandkostenfrei bis 2kg in <img decoding=\"async\" class=\"emoji\" role=\"img\" draggable=\"false\" src=\"https:\/\/s.w.org\/images\/core\/emoji\/14.0.0\/svg\/1f1e6-1f1f9.svg\" alt=\"\ud83c\udde6\ud83c\uddf9\" \/> ab \u20ac 100,- und <img decoding=\"async\" class=\"emoji\" role=\"img\" draggable=\"false\" src=\"https:\/\/s.w.org\/images\/core\/emoji\/14.0.0\/svg\/1f1e9-1f1ea.svg\" alt=\"\ud83c\udde9\ud83c\uddea\" \/> ab \u20ac 200,-!<\/p>\n","protected":false},"featured_media":33240,"comment_status":"closed","ping_status":"closed","template":"","meta":[],"product_brand":[],"product_cat":[14513,14690],"product_tag":[],"class_list":{"0":"post-33237","1":"product","2":"type-product","3":"status-publish","4":"has-post-thumbnail","6":"product_cat-industriekletter-ausruestung","7":"product_cat-statikseile","9":"first","10":"instock","11":"taxable","12":"shipping-taxable","13":"purchasable","14":"product-type-simple"},"yoast_head":"<!-- This site is optimized with the Yoast SEO Premium plugin v26.9 (Yoast SEO v26.9) - https:\/\/yoast.com\/product\/yoast-seo-premium-wordpress\/ -->\n<title>Statikseil schwarz Cousin 10,5mm | bolting.eu<\/title>\n<meta name=\"description\" content=\"Statikseil schwarz Cousin 10,5mm beim Industriekletter Profi kaufen \u2705 Trusted Shop \u2705 kostenloser Versand* \u2705 14 Tage R\u00fcckgaberecht \u2705 Co2 neutrale Zustellung\" \/>\n<meta name=\"robots\" content=\"index, follow, max-snippet:-1, max-image-preview:large, max-video-preview:-1\" \/>\n<link rel=\"canonical\" href=\"https:\/\/bolting.eu\/en\/shop\/statikseil-schwarz-cousin-105mm\/\" \/>\n<meta property=\"og:locale\" content=\"en_US\" \/>\n<meta property=\"og:type\" content=\"article\" \/>\n<meta property=\"og:title\" content=\"Statikseil schwarz Cousin 10,5mm\" \/>\n<meta property=\"og:description\" content=\"Statikseil schwarz Cousin 10,5mm beim Industriekletter Profi kaufen \u2705 Trusted Shop \u2705 kostenloser Versand* \u2705 14 Tage R\u00fcckgaberecht \u2705 Co2 neutrale Zustellung\" \/>\n<meta property=\"og:url\" content=\"https:\/\/bolting.eu\/en\/shop\/statikseil-schwarz-cousin-105mm\/\" \/>\n<meta property=\"og:site_name\" content=\"bolting.eu\" \/>\n<meta property=\"article:publisher\" content=\"https:\/\/www.facebook.com\/bolting.eu\" \/>\n<meta property=\"article:modified_time\" content=\"2026-04-14T11:01:13+00:00\" \/>\n<meta property=\"og:image\" content=\"https:\/\/bolting.eu\/wp-content\/uploads\/2025\/07\/Statikseil-schwarz-Cousin-2.jpg\" \/>\n\t<meta property=\"og:image:width\" content=\"700\" \/>\n\t<meta property=\"og:image:height\" content=\"700\" \/>\n\t<meta property=\"og:image:type\" content=\"image\/jpeg\" \/>\n<meta name=\"twitter:card\" content=\"summary_large_image\" \/>\n<meta name=\"twitter:label1\" content=\"Price\" \/>\n\t<meta name=\"twitter:data1\" content=\"&euro;&nbsp;1,99\" \/>\n\t<meta name=\"twitter:label2\" content=\"Availability\" \/>\n\t<meta name=\"twitter:data2\" content=\"In stock\" \/>\n<script type=\"application\/ld+json\" class=\"yoast-schema-graph\">{\"@context\":\"https:\/\/schema.org\",\"@graph\":[{\"@type\":[\"WebPage\",\"ItemPage\"],\"@id\":\"https:\/\/bolting.eu\/en\/shop\/statikseil-schwarz-cousin-105mm\/\",\"url\":\"https:\/\/bolting.eu\/en\/shop\/statikseil-schwarz-cousin-105mm\/\",\"name\":\"Statikseil schwarz Cousin 10,5mm | bolting.eu\",\"isPartOf\":{\"@id\":\"https:\/\/bolting.eu\/en\/#website\"},\"primaryImageOfPage\":{\"@id\":\"https:\/\/bolting.eu\/en\/shop\/statikseil-schwarz-cousin-105mm\/#primaryimage\"},\"image\":{\"@id\":\"https:\/\/bolting.eu\/en\/shop\/statikseil-schwarz-cousin-105mm\/#primaryimage\"},\"thumbnailUrl\":\"https:\/\/bolting.eu\/wp-content\/uploads\/2025\/07\/Statikseil-schwarz-Cousin-2.jpg\",\"datePublished\":\"2025-07-24T11:18:27+00:00\",\"dateModified\":\"2026-04-14T11:01:13+00:00\",\"description\":\"Statikseil schwarz Cousin 10,5mm beim Industriekletter Profi kaufen \u2705 Trusted Shop \u2705 kostenloser Versand* \u2705 14 Tage R\u00fcckgaberecht \u2705 Co2 neutrale Zustellung\",\"breadcrumb\":{\"@id\":\"https:\/\/bolting.eu\/en\/shop\/statikseil-schwarz-cousin-105mm\/#breadcrumb\"},\"inLanguage\":\"en-US\",\"potentialAction\":[{\"@type\":\"ReadAction\",\"target\":[\"https:\/\/bolting.eu\/en\/shop\/statikseil-schwarz-cousin-105mm\/\"]}]},{\"@type\":\"ImageObject\",\"inLanguage\":\"en-US\",\"@id\":\"https:\/\/bolting.eu\/en\/shop\/statikseil-schwarz-cousin-105mm\/#primaryimage\",\"url\":\"https:\/\/bolting.eu\/wp-content\/uploads\/2025\/07\/Statikseil-schwarz-Cousin-2.jpg\",\"contentUrl\":\"https:\/\/bolting.eu\/wp-content\/uploads\/2025\/07\/Statikseil-schwarz-Cousin-2.jpg\",\"width\":700,\"height\":700,\"caption\":\"Ein Strang schwarzes Statikseil vertikal in einem wei\u00dfem Quadrat.\"},{\"@type\":\"BreadcrumbList\",\"@id\":\"https:\/\/bolting.eu\/en\/shop\/statikseil-schwarz-cousin-105mm\/#breadcrumb\",\"itemListElement\":[{\"@type\":\"ListItem\",\"position\":1,\"name\":\"Shop\",\"item\":\"https:\/\/bolting.eu\/en\/shop\/\"},{\"@type\":\"ListItem\",\"position\":2,\"name\":\"Industrial climbing gear\",\"item\":\"https:\/\/bolting.eu\/en\/produkt-kategorie\/industrial-climbing-gear\/\"},{\"@type\":\"ListItem\",\"position\":3,\"name\":\"Statikseile\",\"item\":\"https:\/\/bolting.eu\/produkt-kategorie\/industriekletter-ausruestung\/statikseile\/\"},{\"@type\":\"ListItem\",\"position\":4,\"name\":\"Statikseil schwarz Cousin 10,5mm\"}]},{\"@type\":\"WebSite\",\"@id\":\"https:\/\/bolting.eu\/en\/#website\",\"url\":\"https:\/\/bolting.eu\/en\/\",\"name\":\"bolting.eu\",\"description\":\"we make climbs happen\",\"publisher\":{\"@id\":\"https:\/\/bolting.eu\/en\/#organization\"},\"potentialAction\":[{\"@type\":\"SearchAction\",\"target\":{\"@type\":\"EntryPoint\",\"urlTemplate\":\"https:\/\/bolting.eu\/en\/?s={search_term_string}\"},\"query-input\":{\"@type\":\"PropertyValueSpecification\",\"valueRequired\":true,\"valueName\":\"search_term_string\"}}],\"inLanguage\":\"en-US\"},{\"@type\":[\"Organization\",\"Place\",\"SportingGoodsStore\"],\"@id\":\"https:\/\/bolting.eu\/en\/#organization\",\"name\":\"bolting.eu\",\"url\":\"https:\/\/bolting.eu\/en\/\",\"logo\":{\"@id\":\"https:\/\/bolting.eu\/en\/shop\/statikseil-schwarz-cousin-105mm\/#local-main-organization-logo\"},\"image\":{\"@id\":\"https:\/\/bolting.eu\/en\/shop\/statikseil-schwarz-cousin-105mm\/#local-main-organization-logo\"},\"sameAs\":[\"https:\/\/www.facebook.com\/bolting.eu\",\"https:\/\/www.instagram.com\/bolting.eu\/\"],\"address\":{\"@id\":\"https:\/\/bolting.eu\/en\/shop\/statikseil-schwarz-cousin-105mm\/#local-main-place-address\"},\"geo\":{\"@type\":\"GeoCoordinates\",\"latitude\":\"47.264176340396226\",\"longitude\":\"11.380109057672346\"},\"telephone\":[\"+43 699 19083372\"],\"openingHoursSpecification\":[{\"@type\":\"OpeningHoursSpecification\",\"dayOfWeek\":[\"Monday\",\"Wednesday\",\"Friday\"],\"opens\":\"14:00\",\"closes\":\"18:00\"},{\"@type\":\"OpeningHoursSpecification\",\"dayOfWeek\":[\"Tuesday\",\"Thursday\",\"Saturday\",\"Sunday\"],\"opens\":\"00:00\",\"closes\":\"00:00\"}],\"email\":\"office@bolting.eu\",\"vatID\":\"ATU59999728\",\"priceRange\":\"$$\",\"currenciesAccepted\":\"Euro\"},{\"@type\":\"PostalAddress\",\"@id\":\"https:\/\/bolting.eu\/en\/shop\/statikseil-schwarz-cousin-105mm\/#local-main-place-address\",\"streetAddress\":\"Fischnalerstra\u00dfe 4\",\"addressLocality\":\"Innsbruck\",\"postalCode\":\"6020\",\"addressRegion\":\"Tirol\",\"addressCountry\":\"AT\"},{\"@type\":\"ImageObject\",\"inLanguage\":\"en-US\",\"@id\":\"https:\/\/bolting.eu\/en\/shop\/statikseil-schwarz-cousin-105mm\/#local-main-organization-logo\",\"url\":\"https:\/\/bolting.eu\/wp-content\/uploads\/2019\/09\/bolting-logo.png\",\"contentUrl\":\"https:\/\/bolting.eu\/wp-content\/uploads\/2019\/09\/bolting-logo.png\",\"width\":400,\"height\":211,\"caption\":\"bolting.eu\"}]}<\/script>\n<meta property=\"product:price:amount\" content=\"1.99\" \/>\n<meta property=\"product:price:currency\" content=\"EUR\" \/>\n<meta property=\"og:availability\" content=\"instock\" \/>\n<meta property=\"product:availability\" content=\"instock\" \/>\n<meta property=\"product:retailer_item_id\" content=\"CTT1425\" \/>\n<meta property=\"product:condition\" content=\"new\" \/>\n<meta name=\"geo.placename\" content=\"Innsbruck\" \/>\n<meta name=\"geo.position\" content=\"47.264176340396226;11.380109057672346\" \/>\n<meta name=\"geo.region\" content=\"Austria\" \/>\n<!-- \/ Yoast SEO Premium plugin. -->","yoast_head_json":{"title":"Statikseil schwarz Cousin 10,5mm | bolting.eu","description":"Statikseil schwarz Cousin 10,5mm beim Industriekletter Profi kaufen \u2705 Trusted Shop \u2705 kostenloser Versand* \u2705 14 Tage R\u00fcckgaberecht \u2705 Co2 neutrale Zustellung","robots":{"index":"index","follow":"follow","max-snippet":"max-snippet:-1","max-image-preview":"max-image-preview:large","max-video-preview":"max-video-preview:-1"},"canonical":"https:\/\/bolting.eu\/en\/shop\/statikseil-schwarz-cousin-105mm\/","og_locale":"en_US","og_type":"article","og_title":"Statikseil schwarz Cousin 10,5mm","og_description":"Statikseil schwarz Cousin 10,5mm beim Industriekletter Profi kaufen \u2705 Trusted Shop \u2705 kostenloser Versand* \u2705 14 Tage R\u00fcckgaberecht \u2705 Co2 neutrale Zustellung","og_url":"https:\/\/bolting.eu\/en\/shop\/statikseil-schwarz-cousin-105mm\/","og_site_name":"bolting.eu","article_publisher":"https:\/\/www.facebook.com\/bolting.eu","article_modified_time":"2026-04-14T11:01:13+00:00","og_image":[{"width":700,"height":700,"url":"https:\/\/bolting.eu\/wp-content\/uploads\/2025\/07\/Statikseil-schwarz-Cousin-2.jpg","type":"image\/jpeg"}],"twitter_card":"summary_large_image","twitter_misc":{"Price":"&euro;&nbsp;1,99","Availability":"In stock"},"schema":{"@context":"https:\/\/schema.org","@graph":[{"@type":["WebPage","ItemPage"],"@id":"https:\/\/bolting.eu\/en\/shop\/statikseil-schwarz-cousin-105mm\/","url":"https:\/\/bolting.eu\/en\/shop\/statikseil-schwarz-cousin-105mm\/","name":"Statikseil schwarz Cousin 10,5mm | bolting.eu","isPartOf":{"@id":"https:\/\/bolting.eu\/en\/#website"},"primaryImageOfPage":{"@id":"https:\/\/bolting.eu\/en\/shop\/statikseil-schwarz-cousin-105mm\/#primaryimage"},"image":{"@id":"https:\/\/bolting.eu\/en\/shop\/statikseil-schwarz-cousin-105mm\/#primaryimage"},"thumbnailUrl":"https:\/\/bolting.eu\/wp-content\/uploads\/2025\/07\/Statikseil-schwarz-Cousin-2.jpg","datePublished":"2025-07-24T11:18:27+00:00","dateModified":"2026-04-14T11:01:13+00:00","description":"Statikseil schwarz Cousin 10,5mm beim Industriekletter Profi kaufen \u2705 Trusted Shop \u2705 kostenloser Versand* \u2705 14 Tage R\u00fcckgaberecht \u2705 Co2 neutrale Zustellung","breadcrumb":{"@id":"https:\/\/bolting.eu\/en\/shop\/statikseil-schwarz-cousin-105mm\/#breadcrumb"},"inLanguage":"en-US","potentialAction":[{"@type":"ReadAction","target":["https:\/\/bolting.eu\/en\/shop\/statikseil-schwarz-cousin-105mm\/"]}]},{"@type":"ImageObject","inLanguage":"en-US","@id":"https:\/\/bolting.eu\/en\/shop\/statikseil-schwarz-cousin-105mm\/#primaryimage","url":"https:\/\/bolting.eu\/wp-content\/uploads\/2025\/07\/Statikseil-schwarz-Cousin-2.jpg","contentUrl":"https:\/\/bolting.eu\/wp-content\/uploads\/2025\/07\/Statikseil-schwarz-Cousin-2.jpg","width":700,"height":700,"caption":"Ein Strang schwarzes Statikseil vertikal in einem wei\u00dfem Quadrat."},{"@type":"BreadcrumbList","@id":"https:\/\/bolting.eu\/en\/shop\/statikseil-schwarz-cousin-105mm\/#breadcrumb","itemListElement":[{"@type":"ListItem","position":1,"name":"Shop","item":"https:\/\/bolting.eu\/en\/shop\/"},{"@type":"ListItem","position":2,"name":"Industrial climbing gear","item":"https:\/\/bolting.eu\/en\/produkt-kategorie\/industrial-climbing-gear\/"},{"@type":"ListItem","position":3,"name":"Statikseile","item":"https:\/\/bolting.eu\/produkt-kategorie\/industriekletter-ausruestung\/statikseile\/"},{"@type":"ListItem","position":4,"name":"Statikseil schwarz Cousin 10,5mm"}]},{"@type":"WebSite","@id":"https:\/\/bolting.eu\/en\/#website","url":"https:\/\/bolting.eu\/en\/","name":"bolting.eu","description":"we make climbs happen","publisher":{"@id":"https:\/\/bolting.eu\/en\/#organization"},"potentialAction":[{"@type":"SearchAction","target":{"@type":"EntryPoint","urlTemplate":"https:\/\/bolting.eu\/en\/?s={search_term_string}"},"query-input":{"@type":"PropertyValueSpecification","valueRequired":true,"valueName":"search_term_string"}}],"inLanguage":"en-US"},{"@type":["Organization","Place","SportingGoodsStore"],"@id":"https:\/\/bolting.eu\/en\/#organization","name":"bolting.eu","url":"https:\/\/bolting.eu\/en\/","logo":{"@id":"https:\/\/bolting.eu\/en\/shop\/statikseil-schwarz-cousin-105mm\/#local-main-organization-logo"},"image":{"@id":"https:\/\/bolting.eu\/en\/shop\/statikseil-schwarz-cousin-105mm\/#local-main-organization-logo"},"sameAs":["https:\/\/www.facebook.com\/bolting.eu","https:\/\/www.instagram.com\/bolting.eu\/"],"address":{"@id":"https:\/\/bolting.eu\/en\/shop\/statikseil-schwarz-cousin-105mm\/#local-main-place-address"},"geo":{"@type":"GeoCoordinates","latitude":"47.264176340396226","longitude":"11.380109057672346"},"telephone":["+43 699 19083372"],"openingHoursSpecification":[{"@type":"OpeningHoursSpecification","dayOfWeek":["Monday","Wednesday","Friday"],"opens":"14:00","closes":"18:00"},{"@type":"OpeningHoursSpecification","dayOfWeek":["Tuesday","Thursday","Saturday","Sunday"],"opens":"00:00","closes":"00:00"}],"email":"office@bolting.eu","vatID":"ATU59999728","priceRange":"$$","currenciesAccepted":"Euro"},{"@type":"PostalAddress","@id":"https:\/\/bolting.eu\/en\/shop\/statikseil-schwarz-cousin-105mm\/#local-main-place-address","streetAddress":"Fischnalerstra\u00dfe 4","addressLocality":"Innsbruck","postalCode":"6020","addressRegion":"Tirol","addressCountry":"AT"},{"@type":"ImageObject","inLanguage":"en-US","@id":"https:\/\/bolting.eu\/en\/shop\/statikseil-schwarz-cousin-105mm\/#local-main-organization-logo","url":"https:\/\/bolting.eu\/wp-content\/uploads\/2019\/09\/bolting-logo.png","contentUrl":"https:\/\/bolting.eu\/wp-content\/uploads\/2019\/09\/bolting-logo.png","width":400,"height":211,"caption":"bolting.eu"}]},"product_price_amount":"1.99","product_price_currency":"EUR","og_availability":"instock","product_availability":"instock","product_retailer_item_id":"CTT1425","product_condition":"new","geo.placename":"Innsbruck","geo.position":{"lat":"47.264176340396226","long":"11.380109057672346"},"geo.region":"Austria"},"_links":{"self":[{"href":"https:\/\/bolting.eu\/en\/wp-json\/wp\/v2\/product\/33237","targetHints":{"allow":["GET"]}}],"collection":[{"href":"https:\/\/bolting.eu\/en\/wp-json\/wp\/v2\/product"}],"about":[{"href":"https:\/\/bolting.eu\/en\/wp-json\/wp\/v2\/types\/product"}],"replies":[{"embeddable":true,"href":"https:\/\/bolting.eu\/en\/wp-json\/wp\/v2\/comments?post=33237"}],"wp:featuredmedia":[{"embeddable":true,"href":"https:\/\/bolting.eu\/en\/wp-json\/wp\/v2\/media\/33240"}],"wp:attachment":[{"href":"https:\/\/bolting.eu\/en\/wp-json\/wp\/v2\/media?parent=33237"}],"wp:term":[{"taxonomy":"product_brand","embeddable":true,"href":"https:\/\/bolting.eu\/en\/wp-json\/wp\/v2\/product_brand?post=33237"},{"taxonomy":"product_cat","embeddable":true,"href":"https:\/\/bolting.eu\/en\/wp-json\/wp\/v2\/product_cat?post=33237"},{"taxonomy":"product_tag","embeddable":true,"href":"https:\/\/bolting.eu\/en\/wp-json\/wp\/v2\/product_tag?post=33237"}],"curies":[{"name":"wp","href":"https:\/\/api.w.org\/{rel}","templated":true}]}}