{"id":33229,"date":"2025-07-24T12:00:20","date_gmt":"2025-07-24T10:00:20","guid":{"rendered":"https:\/\/bolting.eu\/?post_type=product&#038;p=33229"},"modified":"2025-07-29T13:11:45","modified_gmt":"2025-07-29T11:11:45","slug":"kletterseil-schwarz-cousin-black-magic-105mm","status":"publish","type":"product","link":"https:\/\/bolting.eu\/en\/shop\/kletterseil-schwarz-cousin-black-magic-105mm\/","title":{"rendered":"Kletterseil schwarz Cousin Black Magic 10,5mm"},"content":{"rendered":"<p>Dieses schwarze Kletterseil Black Magic von Cousin ist f\u00fcr intensivste Nutzung gedacht. Denn der Seildurchmesser ist zum einen 10,5mm. Und zum anderen ist es extrem abriebfest.<\/p>\n<p>Folglich ist dieses Produkt f\u00fcr Big Walls ebenso geeignet wie f\u00fcr Artistik und Hallenklettern.<\/p>\n<p>Zudem kann dieses Modell mit allen g\u00e4ngigen <a href=\"https:\/\/bolting.eu\/produkt-kategorie\/kletterausruestung\/sicherungsgeraete-klettern\/\">Sicherungsger\u00e4ten<\/a> bzw. <a href=\"https:\/\/bolting.eu\/produkt-kategorie\/kletterausruestung\/abseilgeraete\/\">Abseilger\u00e4ten<\/a> verwendet werden. Z.B. dem <a href=\"https:\/\/bolting.eu\/shop\/petzl-grigri-2\/\">Petzl GriGri 2<\/a> oder einem einfachen Abseilachter.<\/p>\n<p>Fazit. Eine tolle preiswerte Option f\u00fcr alle, die ein &#8220;heavy duty &#8221; Dynamikseil suchen.<\/p>\n<h2>Eigenschaften Kletterseil schwarz Cousin Black Magic<\/h2>\n<ul>\n<li>Hersteller: Cousin Trestec<\/li>\n<li>Durchmesser: 10,5mm<\/li>\n<li>Material: Polyamid<\/li>\n<li>Gewicht \/ Meter: 69 Gramm<\/li>\n<li>Anzahl Normst\u00fcrze: 9<\/li>\n<li>Norm: EN 1891 Type A<\/li>\n<li>Fangsto\u00df: 8,1 kN<\/li>\n<li>dynamische Gebrauchsdehnung: 34%<\/li>\n<li>statische Gebrauchsdehnung: 5,3%<\/li>\n<li>Bruchlast: 26kN<\/li>\n<li>Knotbarkeit: 0,89<\/li>\n<li>Mantelverschiebung: keine<\/li>\n<li>Anzahl Litzen: 48<\/li>\n<li>verf\u00fcgbare Farben: rot und blau<\/li>\n<li>maximale L\u00e4nge: 200m (1 Rolle)<\/li>\n<li>ideal f\u00fcr alle Abrieb intensiven Kletteraktivit\u00e4ten<\/li>\n<li>Verkaufseinheit: 1 Meter<\/li>\n<li>wird gerne gekauft mit <a href=\"https:\/\/bolting.eu\/produkt-kategorie\/kletterausruestung\/kletterkarabiner\/karabiner-schwarz\/\">Karabiner schwarz<\/a><\/li>\n<li><a href=\"https:\/\/www.cousin-trestec.com\/en\/produit\/black-magic-10-5mm-2\/#:~:text=%C2%A0%20NOTICE%20%E2%80%93%20Dynamic%20rope\" target=\"_blank\" rel=\"noopener\">Bedienungsanleitung<\/a><\/li>\n<\/ul>\n<h3>Besonders hohe Abriebfestigkeit<\/h3>\n<p>Dank der 48 Litzen und speziellen Flechttechnik ist dieses schwarze Kletterseil extrem abriebfest.<\/p>\n<p>Somit ergeben sich auch die idealen Anwendungen f\u00fcr dieses Modell.<\/p>\n<p>Es ist erstens besonders gut f\u00fcr\u00b4s Big Wall Klettern geeignet. Zweitens f\u00fcrs Hallenklettern. Und drittens f\u00fcr alle Arten von Artistik, wo es sehr viele wiederholende Vorg\u00e4nge mit Abseilman\u00f6vern, eingebauten Ringen, usw. gibt.<\/p>\n<h3>Tarnfarbe<\/h3>\n<p>Einige unserer Kunden sch\u00e4tzen auch die Tarnfarbe dieses schwarzen Seils f\u00fcr\u00b4s Klettern.<\/p>\n<p>Sei es zum einen weil sie es l\u00e4nger fix h\u00e4ngen lassen wollen. Oder zum anderen weil ihnen einfach die Farbe besser zusagt als die schrillen Farbe moderne Sportkletterseile.<\/p>\n<p>&nbsp;<\/p>\n","protected":false},"excerpt":{"rendered":"<p>Schwarzes Kletterseil mit 10,5mm Durchmesser und extrem hoher Abriebfestikeit.<\/p>\n<p>Ideal f\u00fcr Big Walls, Hallenklettern und Akrobatik.<\/p>\n<p>Versandkostenfrei bis 2kg in <img decoding=\"async\" class=\"emoji\" role=\"img\" draggable=\"false\" src=\"https:\/\/s.w.org\/images\/core\/emoji\/14.0.0\/svg\/1f1e6-1f1f9.svg\" alt=\"\ud83c\udde6\ud83c\uddf9\" \/> ab \u20ac 100,- und <img decoding=\"async\" class=\"emoji\" role=\"img\" draggable=\"false\" src=\"https:\/\/s.w.org\/images\/core\/emoji\/14.0.0\/svg\/1f1e9-1f1ea.svg\" alt=\"\ud83c\udde9\ud83c\uddea\" \/> ab \u20ac 200,-!<\/p>\n","protected":false},"featured_media":33233,"comment_status":"closed","ping_status":"closed","template":"","meta":[],"product_brand":[],"product_cat":[6727,14434,29],"product_tag":[],"class_list":{"0":"post-33229","1":"product","2":"type-product","3":"status-publish","4":"has-post-thumbnail","6":"product_cat-kletterseil","7":"product_cat-meterware","8":"product_cat-kletterausruestung","10":"first","11":"outofstock","12":"taxable","13":"shipping-taxable","14":"purchasable","15":"product-type-simple"},"yoast_head":"<!-- This site is optimized with the Yoast SEO Premium plugin v26.9 (Yoast SEO v26.9) - https:\/\/yoast.com\/product\/yoast-seo-premium-wordpress\/ -->\n<title>Kletterseil schwarz Cousin Black Magic 10,5mm | bolting.eu<\/title>\n<meta name=\"description\" content=\"Kletterseil schwarz Black Magic 10,5mm beim Kletterprofi kaufen \u2705 Trusted Shop \u2705 kostenloser Versand* \u2705 14 Tage R\u00fcckgaberecht \u2705 Co2 neutrale Zustellung\" \/>\n<meta name=\"robots\" content=\"index, follow, max-snippet:-1, max-image-preview:large, max-video-preview:-1\" \/>\n<link rel=\"canonical\" href=\"https:\/\/bolting.eu\/en\/shop\/kletterseil-schwarz-cousin-black-magic-105mm\/\" \/>\n<meta property=\"og:locale\" content=\"en_US\" \/>\n<meta property=\"og:type\" content=\"article\" \/>\n<meta property=\"og:title\" content=\"Kletterseil schwarz Cousin Black Magic 10,5mm\" \/>\n<meta property=\"og:description\" content=\"Kletterseil schwarz Black Magic 10,5mm beim Kletterprofi kaufen \u2705 Trusted Shop \u2705 kostenloser Versand* \u2705 14 Tage R\u00fcckgaberecht \u2705 Co2 neutrale Zustellung\" \/>\n<meta property=\"og:url\" content=\"https:\/\/bolting.eu\/en\/shop\/kletterseil-schwarz-cousin-black-magic-105mm\/\" \/>\n<meta property=\"og:site_name\" content=\"bolting.eu\" \/>\n<meta property=\"article:publisher\" content=\"https:\/\/www.facebook.com\/bolting.eu\" \/>\n<meta property=\"article:modified_time\" content=\"2025-07-29T11:11:45+00:00\" \/>\n<meta property=\"og:image\" content=\"https:\/\/bolting.eu\/wp-content\/uploads\/2025\/07\/Kletterseil-schwarz-Black-MAgic-1.jpg\" \/>\n\t<meta property=\"og:image:width\" content=\"700\" \/>\n\t<meta property=\"og:image:height\" content=\"700\" \/>\n\t<meta property=\"og:image:type\" content=\"image\/jpeg\" \/>\n<meta name=\"twitter:card\" content=\"summary_large_image\" \/>\n<meta name=\"twitter:label1\" content=\"Price\" \/>\n\t<meta name=\"twitter:data1\" content=\"&euro;&nbsp;2,89\" \/>\n\t<meta name=\"twitter:label2\" content=\"Availability\" \/>\n\t<meta name=\"twitter:data2\" content=\"Out of stock\" \/>\n<script type=\"application\/ld+json\" class=\"yoast-schema-graph\">{\"@context\":\"https:\/\/schema.org\",\"@graph\":[{\"@type\":[\"WebPage\",\"ItemPage\"],\"@id\":\"https:\/\/bolting.eu\/en\/shop\/kletterseil-schwarz-cousin-black-magic-105mm\/\",\"url\":\"https:\/\/bolting.eu\/en\/shop\/kletterseil-schwarz-cousin-black-magic-105mm\/\",\"name\":\"Kletterseil schwarz Cousin Black Magic 10,5mm | bolting.eu\",\"isPartOf\":{\"@id\":\"https:\/\/bolting.eu\/en\/#website\"},\"primaryImageOfPage\":{\"@id\":\"https:\/\/bolting.eu\/en\/shop\/kletterseil-schwarz-cousin-black-magic-105mm\/#primaryimage\"},\"image\":{\"@id\":\"https:\/\/bolting.eu\/en\/shop\/kletterseil-schwarz-cousin-black-magic-105mm\/#primaryimage\"},\"thumbnailUrl\":\"https:\/\/bolting.eu\/wp-content\/uploads\/2025\/07\/Kletterseil-schwarz-Black-MAgic-1.jpg\",\"datePublished\":\"2025-07-24T10:00:20+00:00\",\"dateModified\":\"2025-07-29T11:11:45+00:00\",\"description\":\"Kletterseil schwarz Black Magic 10,5mm beim Kletterprofi kaufen \u2705 Trusted Shop \u2705 kostenloser Versand* \u2705 14 Tage R\u00fcckgaberecht \u2705 Co2 neutrale Zustellung\",\"breadcrumb\":{\"@id\":\"https:\/\/bolting.eu\/en\/shop\/kletterseil-schwarz-cousin-black-magic-105mm\/#breadcrumb\"},\"inLanguage\":\"en-US\",\"potentialAction\":[{\"@type\":\"ReadAction\",\"target\":[\"https:\/\/bolting.eu\/en\/shop\/kletterseil-schwarz-cousin-black-magic-105mm\/\"]}]},{\"@type\":\"ImageObject\",\"inLanguage\":\"en-US\",\"@id\":\"https:\/\/bolting.eu\/en\/shop\/kletterseil-schwarz-cousin-black-magic-105mm\/#primaryimage\",\"url\":\"https:\/\/bolting.eu\/wp-content\/uploads\/2025\/07\/Kletterseil-schwarz-Black-MAgic-1.jpg\",\"contentUrl\":\"https:\/\/bolting.eu\/wp-content\/uploads\/2025\/07\/Kletterseil-schwarz-Black-MAgic-1.jpg\",\"width\":700,\"height\":700,\"caption\":\"Ein Strang schwarzes Kletterseil vertikal durch wei\u00dfes Quadrat.\"},{\"@type\":\"BreadcrumbList\",\"@id\":\"https:\/\/bolting.eu\/en\/shop\/kletterseil-schwarz-cousin-black-magic-105mm\/#breadcrumb\",\"itemListElement\":[{\"@type\":\"ListItem\",\"position\":1,\"name\":\"Shop\",\"item\":\"https:\/\/bolting.eu\/en\/shop\/\"},{\"@type\":\"ListItem\",\"position\":2,\"name\":\"climbing equipment\",\"item\":\"https:\/\/bolting.eu\/en\/produkt-kategorie\/climbing-equipment\/\"},{\"@type\":\"ListItem\",\"position\":3,\"name\":\"Kletterseil\",\"item\":\"https:\/\/bolting.eu\/produkt-kategorie\/kletterausruestung\/kletterseil\/\"},{\"@type\":\"ListItem\",\"position\":4,\"name\":\"Kletterseil schwarz Cousin Black Magic 10,5mm\"}]},{\"@type\":\"WebSite\",\"@id\":\"https:\/\/bolting.eu\/en\/#website\",\"url\":\"https:\/\/bolting.eu\/en\/\",\"name\":\"bolting.eu\",\"description\":\"we make climbs happen\",\"publisher\":{\"@id\":\"https:\/\/bolting.eu\/en\/#organization\"},\"potentialAction\":[{\"@type\":\"SearchAction\",\"target\":{\"@type\":\"EntryPoint\",\"urlTemplate\":\"https:\/\/bolting.eu\/en\/?s={search_term_string}\"},\"query-input\":{\"@type\":\"PropertyValueSpecification\",\"valueRequired\":true,\"valueName\":\"search_term_string\"}}],\"inLanguage\":\"en-US\"},{\"@type\":[\"Organization\",\"Place\",\"SportingGoodsStore\"],\"@id\":\"https:\/\/bolting.eu\/en\/#organization\",\"name\":\"bolting.eu\",\"url\":\"https:\/\/bolting.eu\/en\/\",\"logo\":{\"@id\":\"https:\/\/bolting.eu\/en\/shop\/kletterseil-schwarz-cousin-black-magic-105mm\/#local-main-organization-logo\"},\"image\":{\"@id\":\"https:\/\/bolting.eu\/en\/shop\/kletterseil-schwarz-cousin-black-magic-105mm\/#local-main-organization-logo\"},\"sameAs\":[\"https:\/\/www.facebook.com\/bolting.eu\",\"https:\/\/www.instagram.com\/bolting.eu\/\"],\"address\":{\"@id\":\"https:\/\/bolting.eu\/en\/shop\/kletterseil-schwarz-cousin-black-magic-105mm\/#local-main-place-address\"},\"geo\":{\"@type\":\"GeoCoordinates\",\"latitude\":\"47.264176340396226\",\"longitude\":\"11.380109057672346\"},\"telephone\":[\"+43 699 19083372\"],\"openingHoursSpecification\":[{\"@type\":\"OpeningHoursSpecification\",\"dayOfWeek\":[\"Monday\",\"Wednesday\",\"Friday\"],\"opens\":\"14:00\",\"closes\":\"18:00\"},{\"@type\":\"OpeningHoursSpecification\",\"dayOfWeek\":[\"Tuesday\",\"Thursday\",\"Saturday\",\"Sunday\"],\"opens\":\"00:00\",\"closes\":\"00:00\"}],\"email\":\"office@bolting.eu\",\"vatID\":\"ATU59999728\",\"priceRange\":\"$$\",\"currenciesAccepted\":\"Euro\"},{\"@type\":\"PostalAddress\",\"@id\":\"https:\/\/bolting.eu\/en\/shop\/kletterseil-schwarz-cousin-black-magic-105mm\/#local-main-place-address\",\"streetAddress\":\"Fischnalerstra\u00dfe 4\",\"addressLocality\":\"Innsbruck\",\"postalCode\":\"6020\",\"addressRegion\":\"Tirol\",\"addressCountry\":\"AT\"},{\"@type\":\"ImageObject\",\"inLanguage\":\"en-US\",\"@id\":\"https:\/\/bolting.eu\/en\/shop\/kletterseil-schwarz-cousin-black-magic-105mm\/#local-main-organization-logo\",\"url\":\"https:\/\/bolting.eu\/wp-content\/uploads\/2019\/09\/bolting-logo.png\",\"contentUrl\":\"https:\/\/bolting.eu\/wp-content\/uploads\/2019\/09\/bolting-logo.png\",\"width\":400,\"height\":211,\"caption\":\"bolting.eu\"}]}<\/script>\n<meta property=\"product:price:amount\" content=\"2.89\" \/>\n<meta property=\"product:price:currency\" content=\"EUR\" \/>\n<meta property=\"og:availability\" content=\"out of stock\" \/>\n<meta property=\"product:availability\" content=\"out of stock\" \/>\n<meta property=\"product:retailer_item_id\" content=\"4751\" \/>\n<meta property=\"product:condition\" content=\"new\" \/>\n<meta name=\"geo.placename\" content=\"Innsbruck\" \/>\n<meta name=\"geo.position\" content=\"47.264176340396226;11.380109057672346\" \/>\n<meta name=\"geo.region\" content=\"Austria\" \/>\n<!-- \/ Yoast SEO Premium plugin. -->","yoast_head_json":{"title":"Kletterseil schwarz Cousin Black Magic 10,5mm | bolting.eu","description":"Kletterseil schwarz Black Magic 10,5mm beim Kletterprofi kaufen \u2705 Trusted Shop \u2705 kostenloser Versand* \u2705 14 Tage R\u00fcckgaberecht \u2705 Co2 neutrale Zustellung","robots":{"index":"index","follow":"follow","max-snippet":"max-snippet:-1","max-image-preview":"max-image-preview:large","max-video-preview":"max-video-preview:-1"},"canonical":"https:\/\/bolting.eu\/en\/shop\/kletterseil-schwarz-cousin-black-magic-105mm\/","og_locale":"en_US","og_type":"article","og_title":"Kletterseil schwarz Cousin Black Magic 10,5mm","og_description":"Kletterseil schwarz Black Magic 10,5mm beim Kletterprofi kaufen \u2705 Trusted Shop \u2705 kostenloser Versand* \u2705 14 Tage R\u00fcckgaberecht \u2705 Co2 neutrale Zustellung","og_url":"https:\/\/bolting.eu\/en\/shop\/kletterseil-schwarz-cousin-black-magic-105mm\/","og_site_name":"bolting.eu","article_publisher":"https:\/\/www.facebook.com\/bolting.eu","article_modified_time":"2025-07-29T11:11:45+00:00","og_image":[{"width":700,"height":700,"url":"https:\/\/bolting.eu\/wp-content\/uploads\/2025\/07\/Kletterseil-schwarz-Black-MAgic-1.jpg","type":"image\/jpeg"}],"twitter_card":"summary_large_image","twitter_misc":{"Price":"&euro;&nbsp;2,89","Availability":"Out of stock"},"schema":{"@context":"https:\/\/schema.org","@graph":[{"@type":["WebPage","ItemPage"],"@id":"https:\/\/bolting.eu\/en\/shop\/kletterseil-schwarz-cousin-black-magic-105mm\/","url":"https:\/\/bolting.eu\/en\/shop\/kletterseil-schwarz-cousin-black-magic-105mm\/","name":"Kletterseil schwarz Cousin Black Magic 10,5mm | bolting.eu","isPartOf":{"@id":"https:\/\/bolting.eu\/en\/#website"},"primaryImageOfPage":{"@id":"https:\/\/bolting.eu\/en\/shop\/kletterseil-schwarz-cousin-black-magic-105mm\/#primaryimage"},"image":{"@id":"https:\/\/bolting.eu\/en\/shop\/kletterseil-schwarz-cousin-black-magic-105mm\/#primaryimage"},"thumbnailUrl":"https:\/\/bolting.eu\/wp-content\/uploads\/2025\/07\/Kletterseil-schwarz-Black-MAgic-1.jpg","datePublished":"2025-07-24T10:00:20+00:00","dateModified":"2025-07-29T11:11:45+00:00","description":"Kletterseil schwarz Black Magic 10,5mm beim Kletterprofi kaufen \u2705 Trusted Shop \u2705 kostenloser Versand* \u2705 14 Tage R\u00fcckgaberecht \u2705 Co2 neutrale Zustellung","breadcrumb":{"@id":"https:\/\/bolting.eu\/en\/shop\/kletterseil-schwarz-cousin-black-magic-105mm\/#breadcrumb"},"inLanguage":"en-US","potentialAction":[{"@type":"ReadAction","target":["https:\/\/bolting.eu\/en\/shop\/kletterseil-schwarz-cousin-black-magic-105mm\/"]}]},{"@type":"ImageObject","inLanguage":"en-US","@id":"https:\/\/bolting.eu\/en\/shop\/kletterseil-schwarz-cousin-black-magic-105mm\/#primaryimage","url":"https:\/\/bolting.eu\/wp-content\/uploads\/2025\/07\/Kletterseil-schwarz-Black-MAgic-1.jpg","contentUrl":"https:\/\/bolting.eu\/wp-content\/uploads\/2025\/07\/Kletterseil-schwarz-Black-MAgic-1.jpg","width":700,"height":700,"caption":"Ein Strang schwarzes Kletterseil vertikal durch wei\u00dfes Quadrat."},{"@type":"BreadcrumbList","@id":"https:\/\/bolting.eu\/en\/shop\/kletterseil-schwarz-cousin-black-magic-105mm\/#breadcrumb","itemListElement":[{"@type":"ListItem","position":1,"name":"Shop","item":"https:\/\/bolting.eu\/en\/shop\/"},{"@type":"ListItem","position":2,"name":"climbing equipment","item":"https:\/\/bolting.eu\/en\/produkt-kategorie\/climbing-equipment\/"},{"@type":"ListItem","position":3,"name":"Kletterseil","item":"https:\/\/bolting.eu\/produkt-kategorie\/kletterausruestung\/kletterseil\/"},{"@type":"ListItem","position":4,"name":"Kletterseil schwarz Cousin Black Magic 10,5mm"}]},{"@type":"WebSite","@id":"https:\/\/bolting.eu\/en\/#website","url":"https:\/\/bolting.eu\/en\/","name":"bolting.eu","description":"we make climbs happen","publisher":{"@id":"https:\/\/bolting.eu\/en\/#organization"},"potentialAction":[{"@type":"SearchAction","target":{"@type":"EntryPoint","urlTemplate":"https:\/\/bolting.eu\/en\/?s={search_term_string}"},"query-input":{"@type":"PropertyValueSpecification","valueRequired":true,"valueName":"search_term_string"}}],"inLanguage":"en-US"},{"@type":["Organization","Place","SportingGoodsStore"],"@id":"https:\/\/bolting.eu\/en\/#organization","name":"bolting.eu","url":"https:\/\/bolting.eu\/en\/","logo":{"@id":"https:\/\/bolting.eu\/en\/shop\/kletterseil-schwarz-cousin-black-magic-105mm\/#local-main-organization-logo"},"image":{"@id":"https:\/\/bolting.eu\/en\/shop\/kletterseil-schwarz-cousin-black-magic-105mm\/#local-main-organization-logo"},"sameAs":["https:\/\/www.facebook.com\/bolting.eu","https:\/\/www.instagram.com\/bolting.eu\/"],"address":{"@id":"https:\/\/bolting.eu\/en\/shop\/kletterseil-schwarz-cousin-black-magic-105mm\/#local-main-place-address"},"geo":{"@type":"GeoCoordinates","latitude":"47.264176340396226","longitude":"11.380109057672346"},"telephone":["+43 699 19083372"],"openingHoursSpecification":[{"@type":"OpeningHoursSpecification","dayOfWeek":["Monday","Wednesday","Friday"],"opens":"14:00","closes":"18:00"},{"@type":"OpeningHoursSpecification","dayOfWeek":["Tuesday","Thursday","Saturday","Sunday"],"opens":"00:00","closes":"00:00"}],"email":"office@bolting.eu","vatID":"ATU59999728","priceRange":"$$","currenciesAccepted":"Euro"},{"@type":"PostalAddress","@id":"https:\/\/bolting.eu\/en\/shop\/kletterseil-schwarz-cousin-black-magic-105mm\/#local-main-place-address","streetAddress":"Fischnalerstra\u00dfe 4","addressLocality":"Innsbruck","postalCode":"6020","addressRegion":"Tirol","addressCountry":"AT"},{"@type":"ImageObject","inLanguage":"en-US","@id":"https:\/\/bolting.eu\/en\/shop\/kletterseil-schwarz-cousin-black-magic-105mm\/#local-main-organization-logo","url":"https:\/\/bolting.eu\/wp-content\/uploads\/2019\/09\/bolting-logo.png","contentUrl":"https:\/\/bolting.eu\/wp-content\/uploads\/2019\/09\/bolting-logo.png","width":400,"height":211,"caption":"bolting.eu"}]},"product_price_amount":"2.89","product_price_currency":"EUR","og_availability":"out of stock","product_availability":"out of stock","product_retailer_item_id":"4751","product_condition":"new","geo.placename":"Innsbruck","geo.position":{"lat":"47.264176340396226","long":"11.380109057672346"},"geo.region":"Austria"},"_links":{"self":[{"href":"https:\/\/bolting.eu\/en\/wp-json\/wp\/v2\/product\/33229","targetHints":{"allow":["GET"]}}],"collection":[{"href":"https:\/\/bolting.eu\/en\/wp-json\/wp\/v2\/product"}],"about":[{"href":"https:\/\/bolting.eu\/en\/wp-json\/wp\/v2\/types\/product"}],"replies":[{"embeddable":true,"href":"https:\/\/bolting.eu\/en\/wp-json\/wp\/v2\/comments?post=33229"}],"wp:featuredmedia":[{"embeddable":true,"href":"https:\/\/bolting.eu\/en\/wp-json\/wp\/v2\/media\/33233"}],"wp:attachment":[{"href":"https:\/\/bolting.eu\/en\/wp-json\/wp\/v2\/media?parent=33229"}],"wp:term":[{"taxonomy":"product_brand","embeddable":true,"href":"https:\/\/bolting.eu\/en\/wp-json\/wp\/v2\/product_brand?post=33229"},{"taxonomy":"product_cat","embeddable":true,"href":"https:\/\/bolting.eu\/en\/wp-json\/wp\/v2\/product_cat?post=33229"},{"taxonomy":"product_tag","embeddable":true,"href":"https:\/\/bolting.eu\/en\/wp-json\/wp\/v2\/product_tag?post=33229"}],"curies":[{"name":"wp","href":"https:\/\/api.w.org\/{rel}","templated":true}]}}