{"id":3322,"date":"2020-04-12T08:40:39","date_gmt":"2020-04-12T06:40:39","guid":{"rendered":"https:\/\/bolting.eu\/?post_type=product&#038;p=3322"},"modified":"2025-06-11T09:09:27","modified_gmt":"2025-06-11T07:09:27","slug":"chalkbag-monster-kelly","status":"publish","type":"product","link":"https:\/\/bolting.eu\/en\/shop\/chalkbag-monster-kelly\/","title":{"rendered":"Chalkbag Monster Kelly"},"content":{"rendered":"<p>Das Chalkbag Monster Kelly ist ein wahres Energieb\u00fcndel! Zum einen will sie immer nur klettern. Und zum anderen danach noch in die Disco. Folglich geht Kelly auch bei den Jungs ordentlich ran!<\/p>\n<p>Kelly ist auch bekannt f\u00fcr den kompromisslosen Kletterstil. Erstens liebt sie \u00dcberh\u00e4nge. Zweitens kennt sie an den Ausstiegen keine Angst und geht voll \u00e1 muerte! Deshalb ist dieser <a href=\"https:\/\/bolting.eu\/produkt-kategorie\/chalkbag\/\">Chalkbag<\/a> Charakter im Rotpunkt einer der st\u00e4rksten!<\/p>\n<p>Der Magnesiabeutel geh\u00f6rt zur legend\u00e4rem Produktion der \u00f6sterreichischen Firma\u00a0 8b+. Am liebsten mag Kelly deshalb das 8b+ Chalk. Seid ja wachsam! Lasst sie nie unbeaufsichtigt im <a href=\"https:\/\/bolting.eu\/produkt-kategorie\/kletterrucksack\/\">Kletterrucksack<\/a>. Denn sonst frisst sie euch noch s\u00e4mtliches Crushed Chalk auf. Zudem soll sie einem Gl\u00e4schen Liquid Chalk gemeinsam mit Lilly nie abgeneigt sein!<\/p>\n<h3>Eigenschaften Chalkbag Monster Kelly<\/h3>\n<ul>\n<li>Charaktereigenschaften: stilvoll, energetisch und kompromisslos!<\/li>\n<li>Motto: Je steiler desto besser!<\/li>\n<li>\u00d6ffnung: 12,5cm<\/li>\n<li>inkl. Karabiner (zu opt. Befestigung am <a href=\"https:\/\/bolting.eu\/produkt-kategorie\/klettergurte\/\">Klettergurt<\/a>)<\/li>\n<li>inkl. H\u00fcftband<\/li>\n<li>inkl. 2 Schlaufen (links + rechts!) f\u00fcr Griff- bzw. <a href=\"https:\/\/bolting.eu\/produkt-kategorie\/boulder-ausruestung\/boulderbuersten\/\">Boulderb\u00fcrste<\/a><\/li>\n<li>im praktischen Geschenkbeutel<\/li>\n<\/ul>\n<p><a href=\"https:\/\/bolting.eu\/wp-content\/uploads\/2020\/04\/Chalkbag-Monster-Kelly_1.jpg\"><img loading=\"lazy\" decoding=\"async\" class=\"alignnone size-full wp-image-3323\" src=\"https:\/\/bolting.eu\/wp-content\/uploads\/2020\/04\/Chalkbag-Monster-Kelly_1.jpg\" alt=\"Das Bild zeigt zwei unterschiedliche Aufnahmen des Chalkbags Kelly von 8b+, wie es beim Klettern drau\u00dfen verwendet wird.\" width=\"800\" height=\"320\" srcset=\"https:\/\/bolting.eu\/wp-content\/uploads\/2020\/04\/Chalkbag-Monster-Kelly_1.jpg 800w, https:\/\/bolting.eu\/wp-content\/uploads\/2020\/04\/Chalkbag-Monster-Kelly_1-510x204.jpg 510w, https:\/\/bolting.eu\/wp-content\/uploads\/2020\/04\/Chalkbag-Monster-Kelly_1-768x307.jpg 768w, https:\/\/bolting.eu\/wp-content\/uploads\/2020\/04\/Chalkbag-Monster-Kelly_1-600x240.jpg 600w\" sizes=\"auto, (max-width: 800px) 100vw, 800px\" \/><\/a><\/p>\n<h3>Pflegehinweise Chalkbag Monster Kelly<\/h3>\n<p>Ihr wollt Euer <a href=\"https:\/\/bolting.eu\/produkt-kategorie\/chalkbag\/chalkbag-monster\/\">Chalkbag Monster<\/a> waschen? Kein Problem! Wir empfehlen euch hierf\u00fcr eine sanfte Handw\u00e4sche und folgende Vorgehensweise:<\/p>\n<ol>\n<li>leert das Chalkbag ganz aus, nehmt das H\u00fcftband ab und sp\u00fclt es unter laufendem Wasser ordentlich aus<\/li>\n<li>f\u00fcllt euer Waschbecken mit lauwarmen Wasser und gebt etwas Waschpulver dazu<\/li>\n<li>schwemmt das Magnesiumbeutel Monster ordentlich und mehrmals durch<\/li>\n<li>sp\u00fclt es mit lauwarmen Wasser ordentlich ab<\/li>\n<li>an der Luft trocknen lassen<\/li>\n<\/ol>\n<p>Legt Euer kleines Monster nie auf eine Heizung. Auch wenn ihr Charakter selbst manchmal hitzig ist. Hohe Temperaturen vertragen die zotteligen Kerle gar nicht!<\/p>\n<h3>Von \u00f6sterreichischer \ud83c\udde6\ud83c\uddf9 Firma<\/h3>\n<p>8b+ ist eine \u00f6sterreichische Firma mit Sitz in Tirol. Somit findet viel an Wertsch\u00f6pfung in der Alpenrepublik statt. Zudem wird hier unter hohen sozialen Standards gearbeitet. Folglich unterst\u00fctzt man mit dem Kauf des Chalkbag Monster Kelly die Jobs der in \u00d6sterreich abgabenpflichtigen Angestellten!<\/p>\n<p><strong>Link Tipp:<\/strong> Euer neues Chalkbag gleich mal auf einen Klettertrip ausf\u00fchren. Hier findet ihr passende Infos zum <a href=\"https:\/\/maltatal.rocks\" target=\"_blank\" rel=\"noopener noreferrer\">Klettern in K\u00e4rnten<\/a>!<\/p>\n","protected":false},"excerpt":{"rendered":"<ul>\n<li>Charaktereigenschaften: stilvoll, energetisch und kompromisslos!<\/li>\n<li>Motto: Je steiler desto besser!<\/li>\n<li>\u00d6ffnung: 12,5cm<\/li>\n<li>inkl. Karabiner (zu opt. Befestigung am Klettergurt)<\/li>\n<li>inkl. H\u00fcftband<\/li>\n<li>inkl. 2 Schlaufen (links + rechts!) f\u00fcr Griff- bzw. Boulderb\u00fcrste<\/li>\n<li>im praktischen Geschenkbeutel<\/li>\n<\/ul>\n","protected":false},"featured_media":3325,"comment_status":"open","ping_status":"closed","template":"","meta":[],"product_brand":[],"product_cat":[5006,5791,5792,29,4664],"product_tag":[264,3465],"class_list":{"0":"post-3322","1":"product","2":"type-product","3":"status-publish","4":"has-post-thumbnail","6":"product_cat-chalkbag","7":"product_cat-chalkbag-monster","8":"product_cat-chalkbag-kinder","9":"product_cat-kletterausruestung","10":"product_cat-8b-plus","11":"product_tag-sportklettern","12":"product_tag-kletterhalle","14":"first","15":"instock","16":"sale","17":"taxable","18":"shipping-taxable","19":"purchasable","20":"product-type-simple"},"yoast_head":"<!-- This site is optimized with the Yoast SEO Premium plugin v26.9 (Yoast SEO v26.9) - https:\/\/yoast.com\/product\/yoast-seo-premium-wordpress\/ -->\n<title>Chalkbag Monster Kelly: jetzt online kaufen bei bolting.eu<\/title>\n<meta name=\"description\" content=\"Hier findest du das Chalkbag Monster Kelly. Der strubbelige Charakter ist ein wahres Energieb\u00fcndel. Von der \u00f6sterreichischen \ud83c\udde6\ud83c\uddf9Klettermarke 8b+!\" \/>\n<meta name=\"robots\" content=\"index, follow, max-snippet:-1, max-image-preview:large, max-video-preview:-1\" \/>\n<link rel=\"canonical\" href=\"https:\/\/bolting.eu\/en\/shop\/chalkbag-monster-kelly\/\" \/>\n<meta property=\"og:locale\" content=\"en_US\" \/>\n<meta property=\"og:type\" content=\"article\" \/>\n<meta property=\"og:title\" content=\"Chalkbag Monster Kelly\" \/>\n<meta property=\"og:description\" content=\"Hier findest du das Chalkbag Monster Kelly. Der strubbelige Charakter ist ein wahres Energieb\u00fcndel. Von der \u00f6sterreichischen \ud83c\udde6\ud83c\uddf9Klettermarke 8b+!\" \/>\n<meta property=\"og:url\" content=\"https:\/\/bolting.eu\/en\/shop\/chalkbag-monster-kelly\/\" \/>\n<meta property=\"og:site_name\" content=\"bolting.eu\" \/>\n<meta property=\"article:publisher\" content=\"https:\/\/www.facebook.com\/bolting.eu\" \/>\n<meta property=\"article:modified_time\" content=\"2025-06-11T07:09:27+00:00\" \/>\n<meta property=\"og:image\" content=\"https:\/\/bolting.eu\/wp-content\/uploads\/2020\/04\/Chalkbag-Monster-Kelly_3.jpg\" \/>\n\t<meta property=\"og:image:width\" content=\"1000\" \/>\n\t<meta property=\"og:image:height\" content=\"1000\" \/>\n\t<meta property=\"og:image:type\" content=\"image\/jpeg\" \/>\n<meta name=\"twitter:card\" content=\"summary_large_image\" \/>\n<meta name=\"twitter:label1\" content=\"Price\" \/>\n\t<meta name=\"twitter:data1\" content=\"&euro;&nbsp;27,90\" \/>\n\t<meta name=\"twitter:label2\" content=\"Availability\" \/>\n\t<meta name=\"twitter:data2\" content=\"In stock\" \/>\n<script type=\"application\/ld+json\" class=\"yoast-schema-graph\">{\"@context\":\"https:\/\/schema.org\",\"@graph\":[{\"@type\":[\"WebPage\",\"ItemPage\"],\"@id\":\"https:\/\/bolting.eu\/en\/shop\/chalkbag-monster-kelly\/\",\"url\":\"https:\/\/bolting.eu\/en\/shop\/chalkbag-monster-kelly\/\",\"name\":\"Chalkbag Monster Kelly: jetzt online kaufen bei bolting.eu\",\"isPartOf\":{\"@id\":\"https:\/\/bolting.eu\/en\/#website\"},\"primaryImageOfPage\":{\"@id\":\"https:\/\/bolting.eu\/en\/shop\/chalkbag-monster-kelly\/#primaryimage\"},\"image\":{\"@id\":\"https:\/\/bolting.eu\/en\/shop\/chalkbag-monster-kelly\/#primaryimage\"},\"thumbnailUrl\":\"https:\/\/bolting.eu\/wp-content\/uploads\/2020\/04\/Chalkbag-Monster-Kelly_3.jpg\",\"datePublished\":\"2020-04-12T06:40:39+00:00\",\"dateModified\":\"2025-06-11T07:09:27+00:00\",\"description\":\"Hier findest du das Chalkbag Monster Kelly. Der strubbelige Charakter ist ein wahres Energieb\u00fcndel. Von der \u00f6sterreichischen \ud83c\udde6\ud83c\uddf9Klettermarke 8b+!\",\"breadcrumb\":{\"@id\":\"https:\/\/bolting.eu\/en\/shop\/chalkbag-monster-kelly\/#breadcrumb\"},\"inLanguage\":\"en-US\",\"potentialAction\":[{\"@type\":\"ReadAction\",\"target\":[\"https:\/\/bolting.eu\/en\/shop\/chalkbag-monster-kelly\/\"]}]},{\"@type\":\"ImageObject\",\"inLanguage\":\"en-US\",\"@id\":\"https:\/\/bolting.eu\/en\/shop\/chalkbag-monster-kelly\/#primaryimage\",\"url\":\"https:\/\/bolting.eu\/wp-content\/uploads\/2020\/04\/Chalkbag-Monster-Kelly_3.jpg\",\"contentUrl\":\"https:\/\/bolting.eu\/wp-content\/uploads\/2020\/04\/Chalkbag-Monster-Kelly_3.jpg\",\"width\":1000,\"height\":1000,\"caption\":\"Das Bild zeigt das Chalkbag Monster Kelly von leicht links oberhalb. Der pinke, lustige Magnesiumbeutel hat einen Knopf als Auge und einen Mund mit vielen kleinen Z\u00e4hnen sowie zwei seitliche Arme.\"},{\"@type\":\"BreadcrumbList\",\"@id\":\"https:\/\/bolting.eu\/en\/shop\/chalkbag-monster-kelly\/#breadcrumb\",\"itemListElement\":[{\"@type\":\"ListItem\",\"position\":1,\"name\":\"Shop\",\"item\":\"https:\/\/bolting.eu\/en\/shop\/\"},{\"@type\":\"ListItem\",\"position\":2,\"name\":\"climbing equipment\",\"item\":\"https:\/\/bolting.eu\/en\/produkt-kategorie\/climbing-equipment\/\"},{\"@type\":\"ListItem\",\"position\":3,\"name\":\"Chalkbag\",\"item\":\"https:\/\/bolting.eu\/produkt-kategorie\/kletterausruestung\/chalkbag\/\"},{\"@type\":\"ListItem\",\"position\":4,\"name\":\"Chalkbag Monster\",\"item\":\"https:\/\/bolting.eu\/en\/produkt-kategorie\/climbing-equipment\/chalkbag\/chalkbag-monster\/\"},{\"@type\":\"ListItem\",\"position\":5,\"name\":\"Chalkbag Monster Kelly\"}]},{\"@type\":\"WebSite\",\"@id\":\"https:\/\/bolting.eu\/en\/#website\",\"url\":\"https:\/\/bolting.eu\/en\/\",\"name\":\"bolting.eu\",\"description\":\"we make climbs happen\",\"publisher\":{\"@id\":\"https:\/\/bolting.eu\/en\/#organization\"},\"potentialAction\":[{\"@type\":\"SearchAction\",\"target\":{\"@type\":\"EntryPoint\",\"urlTemplate\":\"https:\/\/bolting.eu\/en\/?s={search_term_string}\"},\"query-input\":{\"@type\":\"PropertyValueSpecification\",\"valueRequired\":true,\"valueName\":\"search_term_string\"}}],\"inLanguage\":\"en-US\"},{\"@type\":[\"Organization\",\"Place\",\"SportingGoodsStore\"],\"@id\":\"https:\/\/bolting.eu\/en\/#organization\",\"name\":\"bolting.eu\",\"url\":\"https:\/\/bolting.eu\/en\/\",\"logo\":{\"@id\":\"https:\/\/bolting.eu\/en\/shop\/chalkbag-monster-kelly\/#local-main-organization-logo\"},\"image\":{\"@id\":\"https:\/\/bolting.eu\/en\/shop\/chalkbag-monster-kelly\/#local-main-organization-logo\"},\"sameAs\":[\"https:\/\/www.facebook.com\/bolting.eu\",\"https:\/\/www.instagram.com\/bolting.eu\/\"],\"address\":{\"@id\":\"https:\/\/bolting.eu\/en\/shop\/chalkbag-monster-kelly\/#local-main-place-address\"},\"geo\":{\"@type\":\"GeoCoordinates\",\"latitude\":\"47.264176340396226\",\"longitude\":\"11.380109057672346\"},\"telephone\":[\"+43 699 19083372\"],\"openingHoursSpecification\":[{\"@type\":\"OpeningHoursSpecification\",\"dayOfWeek\":[\"Monday\",\"Wednesday\",\"Friday\"],\"opens\":\"14:00\",\"closes\":\"18:00\"},{\"@type\":\"OpeningHoursSpecification\",\"dayOfWeek\":[\"Tuesday\",\"Thursday\",\"Saturday\",\"Sunday\"],\"opens\":\"00:00\",\"closes\":\"00:00\"}],\"email\":\"office@bolting.eu\",\"vatID\":\"ATU59999728\",\"priceRange\":\"$$\",\"currenciesAccepted\":\"Euro\"},{\"@type\":\"PostalAddress\",\"@id\":\"https:\/\/bolting.eu\/en\/shop\/chalkbag-monster-kelly\/#local-main-place-address\",\"streetAddress\":\"Fischnalerstra\u00dfe 4\",\"addressLocality\":\"Innsbruck\",\"postalCode\":\"6020\",\"addressRegion\":\"Tirol\",\"addressCountry\":\"AT\"},{\"@type\":\"ImageObject\",\"inLanguage\":\"en-US\",\"@id\":\"https:\/\/bolting.eu\/en\/shop\/chalkbag-monster-kelly\/#local-main-organization-logo\",\"url\":\"https:\/\/bolting.eu\/wp-content\/uploads\/2019\/09\/bolting-logo.png\",\"contentUrl\":\"https:\/\/bolting.eu\/wp-content\/uploads\/2019\/09\/bolting-logo.png\",\"width\":400,\"height\":211,\"caption\":\"bolting.eu\"}]}<\/script>\n<meta property=\"product:price:amount\" content=\"27.90\" \/>\n<meta property=\"product:price:currency\" content=\"EUR\" \/>\n<meta property=\"og:availability\" content=\"instock\" \/>\n<meta property=\"product:availability\" content=\"instock\" \/>\n<meta property=\"product:retailer_item_id\" content=\"101032\" \/>\n<meta property=\"product:condition\" content=\"new\" \/>\n<meta name=\"geo.placename\" content=\"Innsbruck\" \/>\n<meta name=\"geo.position\" content=\"47.264176340396226;11.380109057672346\" \/>\n<meta name=\"geo.region\" content=\"Austria\" \/>\n<!-- \/ Yoast SEO Premium plugin. -->","yoast_head_json":{"title":"Chalkbag Monster Kelly: jetzt online kaufen bei bolting.eu","description":"Hier findest du das Chalkbag Monster Kelly. Der strubbelige Charakter ist ein wahres Energieb\u00fcndel. Von der \u00f6sterreichischen \ud83c\udde6\ud83c\uddf9Klettermarke 8b+!","robots":{"index":"index","follow":"follow","max-snippet":"max-snippet:-1","max-image-preview":"max-image-preview:large","max-video-preview":"max-video-preview:-1"},"canonical":"https:\/\/bolting.eu\/en\/shop\/chalkbag-monster-kelly\/","og_locale":"en_US","og_type":"article","og_title":"Chalkbag Monster Kelly","og_description":"Hier findest du das Chalkbag Monster Kelly. Der strubbelige Charakter ist ein wahres Energieb\u00fcndel. Von der \u00f6sterreichischen \ud83c\udde6\ud83c\uddf9Klettermarke 8b+!","og_url":"https:\/\/bolting.eu\/en\/shop\/chalkbag-monster-kelly\/","og_site_name":"bolting.eu","article_publisher":"https:\/\/www.facebook.com\/bolting.eu","article_modified_time":"2025-06-11T07:09:27+00:00","og_image":[{"width":1000,"height":1000,"url":"https:\/\/bolting.eu\/wp-content\/uploads\/2020\/04\/Chalkbag-Monster-Kelly_3.jpg","type":"image\/jpeg"}],"twitter_card":"summary_large_image","twitter_misc":{"Price":"&euro;&nbsp;27,90","Availability":"In stock"},"schema":{"@context":"https:\/\/schema.org","@graph":[{"@type":["WebPage","ItemPage"],"@id":"https:\/\/bolting.eu\/en\/shop\/chalkbag-monster-kelly\/","url":"https:\/\/bolting.eu\/en\/shop\/chalkbag-monster-kelly\/","name":"Chalkbag Monster Kelly: jetzt online kaufen bei bolting.eu","isPartOf":{"@id":"https:\/\/bolting.eu\/en\/#website"},"primaryImageOfPage":{"@id":"https:\/\/bolting.eu\/en\/shop\/chalkbag-monster-kelly\/#primaryimage"},"image":{"@id":"https:\/\/bolting.eu\/en\/shop\/chalkbag-monster-kelly\/#primaryimage"},"thumbnailUrl":"https:\/\/bolting.eu\/wp-content\/uploads\/2020\/04\/Chalkbag-Monster-Kelly_3.jpg","datePublished":"2020-04-12T06:40:39+00:00","dateModified":"2025-06-11T07:09:27+00:00","description":"Hier findest du das Chalkbag Monster Kelly. Der strubbelige Charakter ist ein wahres Energieb\u00fcndel. Von der \u00f6sterreichischen \ud83c\udde6\ud83c\uddf9Klettermarke 8b+!","breadcrumb":{"@id":"https:\/\/bolting.eu\/en\/shop\/chalkbag-monster-kelly\/#breadcrumb"},"inLanguage":"en-US","potentialAction":[{"@type":"ReadAction","target":["https:\/\/bolting.eu\/en\/shop\/chalkbag-monster-kelly\/"]}]},{"@type":"ImageObject","inLanguage":"en-US","@id":"https:\/\/bolting.eu\/en\/shop\/chalkbag-monster-kelly\/#primaryimage","url":"https:\/\/bolting.eu\/wp-content\/uploads\/2020\/04\/Chalkbag-Monster-Kelly_3.jpg","contentUrl":"https:\/\/bolting.eu\/wp-content\/uploads\/2020\/04\/Chalkbag-Monster-Kelly_3.jpg","width":1000,"height":1000,"caption":"Das Bild zeigt das Chalkbag Monster Kelly von leicht links oberhalb. Der pinke, lustige Magnesiumbeutel hat einen Knopf als Auge und einen Mund mit vielen kleinen Z\u00e4hnen sowie zwei seitliche Arme."},{"@type":"BreadcrumbList","@id":"https:\/\/bolting.eu\/en\/shop\/chalkbag-monster-kelly\/#breadcrumb","itemListElement":[{"@type":"ListItem","position":1,"name":"Shop","item":"https:\/\/bolting.eu\/en\/shop\/"},{"@type":"ListItem","position":2,"name":"climbing equipment","item":"https:\/\/bolting.eu\/en\/produkt-kategorie\/climbing-equipment\/"},{"@type":"ListItem","position":3,"name":"Chalkbag","item":"https:\/\/bolting.eu\/produkt-kategorie\/kletterausruestung\/chalkbag\/"},{"@type":"ListItem","position":4,"name":"Chalkbag Monster","item":"https:\/\/bolting.eu\/en\/produkt-kategorie\/climbing-equipment\/chalkbag\/chalkbag-monster\/"},{"@type":"ListItem","position":5,"name":"Chalkbag Monster Kelly"}]},{"@type":"WebSite","@id":"https:\/\/bolting.eu\/en\/#website","url":"https:\/\/bolting.eu\/en\/","name":"bolting.eu","description":"we make climbs happen","publisher":{"@id":"https:\/\/bolting.eu\/en\/#organization"},"potentialAction":[{"@type":"SearchAction","target":{"@type":"EntryPoint","urlTemplate":"https:\/\/bolting.eu\/en\/?s={search_term_string}"},"query-input":{"@type":"PropertyValueSpecification","valueRequired":true,"valueName":"search_term_string"}}],"inLanguage":"en-US"},{"@type":["Organization","Place","SportingGoodsStore"],"@id":"https:\/\/bolting.eu\/en\/#organization","name":"bolting.eu","url":"https:\/\/bolting.eu\/en\/","logo":{"@id":"https:\/\/bolting.eu\/en\/shop\/chalkbag-monster-kelly\/#local-main-organization-logo"},"image":{"@id":"https:\/\/bolting.eu\/en\/shop\/chalkbag-monster-kelly\/#local-main-organization-logo"},"sameAs":["https:\/\/www.facebook.com\/bolting.eu","https:\/\/www.instagram.com\/bolting.eu\/"],"address":{"@id":"https:\/\/bolting.eu\/en\/shop\/chalkbag-monster-kelly\/#local-main-place-address"},"geo":{"@type":"GeoCoordinates","latitude":"47.264176340396226","longitude":"11.380109057672346"},"telephone":["+43 699 19083372"],"openingHoursSpecification":[{"@type":"OpeningHoursSpecification","dayOfWeek":["Monday","Wednesday","Friday"],"opens":"14:00","closes":"18:00"},{"@type":"OpeningHoursSpecification","dayOfWeek":["Tuesday","Thursday","Saturday","Sunday"],"opens":"00:00","closes":"00:00"}],"email":"office@bolting.eu","vatID":"ATU59999728","priceRange":"$$","currenciesAccepted":"Euro"},{"@type":"PostalAddress","@id":"https:\/\/bolting.eu\/en\/shop\/chalkbag-monster-kelly\/#local-main-place-address","streetAddress":"Fischnalerstra\u00dfe 4","addressLocality":"Innsbruck","postalCode":"6020","addressRegion":"Tirol","addressCountry":"AT"},{"@type":"ImageObject","inLanguage":"en-US","@id":"https:\/\/bolting.eu\/en\/shop\/chalkbag-monster-kelly\/#local-main-organization-logo","url":"https:\/\/bolting.eu\/wp-content\/uploads\/2019\/09\/bolting-logo.png","contentUrl":"https:\/\/bolting.eu\/wp-content\/uploads\/2019\/09\/bolting-logo.png","width":400,"height":211,"caption":"bolting.eu"}]},"product_price_amount":"27.90","product_price_currency":"EUR","og_availability":"instock","product_availability":"instock","product_retailer_item_id":"101032","product_condition":"new","geo.placename":"Innsbruck","geo.position":{"lat":"47.264176340396226","long":"11.380109057672346"},"geo.region":"Austria"},"_links":{"self":[{"href":"https:\/\/bolting.eu\/en\/wp-json\/wp\/v2\/product\/3322","targetHints":{"allow":["GET"]}}],"collection":[{"href":"https:\/\/bolting.eu\/en\/wp-json\/wp\/v2\/product"}],"about":[{"href":"https:\/\/bolting.eu\/en\/wp-json\/wp\/v2\/types\/product"}],"replies":[{"embeddable":true,"href":"https:\/\/bolting.eu\/en\/wp-json\/wp\/v2\/comments?post=3322"}],"wp:featuredmedia":[{"embeddable":true,"href":"https:\/\/bolting.eu\/en\/wp-json\/wp\/v2\/media\/3325"}],"wp:attachment":[{"href":"https:\/\/bolting.eu\/en\/wp-json\/wp\/v2\/media?parent=3322"}],"wp:term":[{"taxonomy":"product_brand","embeddable":true,"href":"https:\/\/bolting.eu\/en\/wp-json\/wp\/v2\/product_brand?post=3322"},{"taxonomy":"product_cat","embeddable":true,"href":"https:\/\/bolting.eu\/en\/wp-json\/wp\/v2\/product_cat?post=3322"},{"taxonomy":"product_tag","embeddable":true,"href":"https:\/\/bolting.eu\/en\/wp-json\/wp\/v2\/product_tag?post=3322"}],"curies":[{"name":"wp","href":"https:\/\/api.w.org\/{rel}","templated":true}]}}