{"id":33072,"date":"2025-07-08T14:12:54","date_gmt":"2025-07-08T12:12:54","guid":{"rendered":"https:\/\/bolting.eu\/?post_type=product&#038;p=33072"},"modified":"2026-04-30T12:44:56","modified_gmt":"2026-04-30T10:44:56","slug":"petzl-astro-europaeische-ausfuehrung","status":"publish","type":"product","link":"https:\/\/bolting.eu\/en\/shop\/petzl-astro-europaeische-ausfuehrung\/","title":{"rendered":"Petzl Astro europ\u00e4ische Ausf\u00fchrung"},"content":{"rendered":"<p>Der Petzl Astro in der europ\u00e4ischen Ausf\u00fchrung ist ein spezieller Industrieklettergurt. Denn er ist f\u00fcr Arbeiten im frei h\u00e4ngenden Seil bzw. f\u00fcr schwer zug\u00e4ngliche Bereiche gedacht.<\/p>\n<p>Hierzu hat er folgende Features. Erstens eine 3D Schaumstoffpolsterung. Zweitens eine halbstarre Bauweise f\u00fcr leichtes Einsteigen. Drittens l\u00e4sst sich die bauchseitige Befestigungs\u00f6se \u00f6ffnen. Somit k\u00f6nnen <a href=\"https:\/\/bolting.eu\/produkt-kategorie\/industriekletter-ausruestung\/verbindungsmittel\/\">Verbindungsmittel<\/a> zur Fortbewegung wie <a href=\"https:\/\/bolting.eu\/shop\/petzl-jane-y-fuer-fortbewegung\/\">Jane<\/a> oder <a href=\"https:\/\/bolting.eu\/shop\/petzl-progress-adjust-y\/\">Progress Adjust<\/a> direkt eingeh\u00e4ngt werden.<\/p>\n<p>Abschlie\u00dfend erleichtert die fix installierte <a href=\"https:\/\/bolting.eu\/shop\/petzl-croll-bruststeigklemme\/\">Croll Bruststeigklemme<\/a> den Aufstieg an <a href=\"https:\/\/bolting.eu\/produkt-kategorie\/industriekletter-ausruestung\/statikseile\/\">Statikseilen<\/a>.<\/p>\n<p>Letztlich runden die Doubleback Plus Schnallen, sowie die seitlichen Befestigungs\u00f6sen dieses Modell perfekt ab.<\/p>\n<h2>Eigenschaften Astro europ\u00e4ische Ausf\u00fchrung<\/h2>\n<ul>\n<li>Hersteller:\u00a0<a href=\"https:\/\/bolting.eu\/produkt-kategorie\/petzl\/\">Petzl<\/a><\/li>\n<li>Garantie: 3 Jahre<\/li>\n<li>extrem komfortabler H\u00f6henarbeiter Gurt<\/li>\n<li>gedacht f\u00fcr langes, freies H\u00e4ngen<\/li>\n<li>ideal f\u00fcr schwer zug\u00e4ngliche Bereiche und Aufstieg am Fixseil<\/li>\n<li>Materialien: Polyamid, Polyester, Alu, Stahl<\/li>\n<li>Gewicht: 1930 Gramm (Gr. 0), 1935 Gramm (Gr. 1), 2060 Gramm (Gr. 2)<\/li>\n<li>Gr\u00f6\u00dfen: 0, 1, 2;<\/li>\n<li>halbstarre H\u00fcft- und Beinschlaufen verstellbar<\/li>\n<li>ergonomisch geformte Schultertr\u00e4ger reduzieren die Reibungspunkte<\/li>\n<li>Fast Schnalle am linken Schulterriemen und Beinschlaufen erlauben rasches Ein- Aussteigen<\/li>\n<li>ultra komfortable 3D Schaumstoffpolsterung<\/li>\n<li>sehr gute Bel\u00fcftung<\/li>\n<li>seitliche Positionierungs\u00f6sen einklappbar<\/li>\n<li>7 Materialschlaufen<\/li>\n<li>Befestigungsm\u00f6glichkeiten f\u00fcr <a href=\"https:\/\/bolting.eu\/shop\/petzl-caritool-materialkarabiner\/\">Caritool Ger\u00e4tehalter<\/a>, <a href=\"https:\/\/bolting.eu\/shop\/petzl-interfast\/\">Interfast Adapter<\/a> und <a href=\"https:\/\/bolting.eu\/shop\/petzl-toolbag-werkzeugtasche\/\">Toolbag<\/a><\/li>\n<li>Aufh\u00e4ngevorrichtung f\u00fcr\u00a0<a href=\"https:\/\/bolting.eu\/shop\/petzl-podium-sitzbrett\/\">Petzl Podium Sitzbrett<\/a><\/li>\n<li>r\u00fcckw\u00e4rtiger Auffangring f\u00fcr\u00a0<a href=\"https:\/\/bolting.eu\/shop\/petzl-asapsorber\/\">Petzl Asap\u00b4sorber<\/a>\u00a0bzw.\u00a0<a href=\"https:\/\/bolting.eu\/shop\/petzl-asap-mitlaufendes-auffanggeraet\/\">Petzl Asap<\/a><\/li>\n<li>bauchseitige Befestigungs\u00f6se aufschraubbar f\u00fcr permanente Montage von Verbindungsmitteln zur Fortbewegung<\/li>\n<li>alle wichtigen europ\u00e4ischen Normen: EN 361, EN 358, EN 813<\/li>\n<li>geliefert im praktischen Beutel inkl. durchsichtigem Label H\u00fclle<\/li>\n<li><a href=\"https:\/\/www.petzl.com\/sfc\/servlet.shepherd\/version\/download\/0681r00000BAtRrAAL\">Gebrauchsanleitung<\/a><\/li>\n<\/ul>\n<h3>Gr\u00f6\u00dfentabelle<\/h3>\n<p>Im Folgenden findet ihr eine Tabelle mit allen Gr\u00f6\u00dfen Ma\u00dfen des Astro Industrieklettergurt.<\/p>\n<table width=\"491\">\n<tbody>\n<tr>\n<td style=\"text-align: center;\" width=\"131\"><strong>Art. Nr.<\/strong><\/td>\n<td style=\"text-align: center;\" width=\"120\"><strong>C083AB00<\/strong><\/td>\n<td style=\"text-align: center;\" width=\"120\"><strong>C083AB01<\/strong><\/td>\n<td style=\"text-align: center;\" width=\"120\"><strong>C083AB02<\/strong><\/td>\n<\/tr>\n<tr>\n<td style=\"text-align: center;\"><strong>Farbe(n)<\/strong><\/td>\n<td style=\"text-align: center;\">schwarz\/gelb<\/td>\n<td style=\"text-align: center;\">schwarz\/gelb<\/td>\n<td style=\"text-align: center;\">schwarz\/gelb<\/td>\n<\/tr>\n<tr>\n<td style=\"text-align: center;\"><strong>Gr\u00f6\u00dfe<\/strong><\/td>\n<td style=\"text-align: center;\">0<\/td>\n<td style=\"text-align: center;\">1<\/td>\n<td style=\"text-align: center;\">2<\/td>\n<\/tr>\n<tr>\n<td style=\"text-align: center;\"><strong>Taillenumfang<\/strong><\/td>\n<td style=\"text-align: center;\">65-80 cm<\/td>\n<td style=\"text-align: center;\">70-93 cm<\/td>\n<td style=\"text-align: center;\">83-120 cm<\/td>\n<\/tr>\n<tr>\n<td style=\"text-align: center;\"><strong>Beinschlaufen<\/strong><\/td>\n<td style=\"text-align: center;\">44-59 cm<\/td>\n<td style=\"text-align: center;\">47-62 cm<\/td>\n<td style=\"text-align: center;\">50-65 cm<\/td>\n<\/tr>\n<tr>\n<td style=\"text-align: center;\"><strong>K\u00f6rpergr\u00f6\u00dfe<\/strong><\/td>\n<td style=\"text-align: center;\">160-180 cm<\/td>\n<td style=\"text-align: center;\">165-185 cm<\/td>\n<td style=\"text-align: center;\">175-200 cm<\/td>\n<\/tr>\n<tr>\n<td style=\"text-align: center;\"><strong>Gewicht Gurt<\/strong><\/td>\n<td style=\"text-align: center;\">1930 g<\/td>\n<td style=\"text-align: center;\">1935 g<\/td>\n<td style=\"text-align: center;\">2060 g<\/td>\n<\/tr>\n<\/tbody>\n<\/table>\n<h3>Produktvideo<\/h3>\n<p>Im Folgenden stellt euch Petzl den Astro in der europ\u00e4ischen Ausf\u00fchrung vor.<\/p>\n<p><iframe loading=\"lazy\" title=\"vimeo-player\" src=\"https:\/\/player.vimeo.com\/video\/1055205316?h=ed0bd25483\" width=\"640\" height=\"360\" frameborder=\"0\" allowfullscreen=\"allowfullscreen\"><\/iframe><\/p>\n<h3>Bedienung Petzl Astro mit Handschuhen<\/h3>\n<p>Eines der coolsten Features dieses Gurtes sind die &#8220;Fast&#8221; Schnallen.<\/p>\n<p>Denn diese erlauben ein einfaches Ein- Aussteigen auch mit Handschuhen wie z.B. den <a href=\"https:\/\/bolting.eu\/shop\/handschuhe-petzl-cordex\/\">Cordex<\/a>.<\/p>\n<p>Hierf\u00fcr gen\u00fcgt die Kombination aus Druck auf die Schnalle und dem Aushaken. Folglich ist dieser Industrieklettergurt f\u00fcr alle Arbeiten im Winter sehr beliebt.<\/p>\n","protected":false},"excerpt":{"rendered":"<p>Ultimativer Industrieklettergurt f\u00fcr frei h\u00e4ngende Arbeiten bzw. schwer zug\u00e4ngliche Bereiche.<\/p>\n<p>Gro\u00dfer Komfort dank 3D Schaumstoffpolsterung, die fixe Bruststeigklemme und die aufschraubbare Befestigungs\u00f6se am Bauch zeichnen dieses Modell aus.<\/p>\n<p>Versandkostenfrei bis 2kg in <img decoding=\"async\" class=\"emoji\" role=\"img\" draggable=\"false\" src=\"https:\/\/s.w.org\/images\/core\/emoji\/14.0.0\/svg\/1f1e6-1f1f9.svg\" alt=\"\ud83c\udde6\ud83c\uddf9\" \/> ab \u20ac 100,- und <img decoding=\"async\" class=\"emoji\" role=\"img\" draggable=\"false\" src=\"https:\/\/s.w.org\/images\/core\/emoji\/14.0.0\/svg\/1f1e9-1f1ea.svg\" alt=\"\ud83c\udde9\ud83c\uddea\" \/> ab \u20ac 200,-!<\/p>\n","protected":false},"featured_media":33079,"comment_status":"closed","ping_status":"closed","template":"","meta":[],"product_brand":[],"product_cat":[14513,14689,14093],"product_tag":[],"class_list":{"0":"post-33072","1":"product","2":"type-product","3":"status-publish","4":"has-post-thumbnail","6":"product_cat-industriekletter-ausruestung","7":"product_cat-industrieklettergurt","8":"product_cat-petzl","10":"first","11":"instock","12":"sale","13":"taxable","14":"shipping-taxable","15":"purchasable","16":"product-type-variable"},"yoast_head":"<!-- This site is optimized with the Yoast SEO Premium plugin v26.9 (Yoast SEO v26.9) - https:\/\/yoast.com\/product\/yoast-seo-premium-wordpress\/ -->\n<title>Petzl Astro europ\u00e4ische Ausf\u00fchrung | bolting.eu<\/title>\n<meta name=\"description\" content=\"Petzl Astro europ\u00e4ische Ausf\u00fchrung beim Industriekletterprofi kaufen \u2705 Trusted Shop \u2705 kostenloser Versand* \u2705 14 Tage R\u00fcckgaberecht \u2705 Co2 neutrale Zustellung\" \/>\n<meta name=\"robots\" content=\"index, follow, max-snippet:-1, max-image-preview:large, max-video-preview:-1\" \/>\n<link rel=\"canonical\" href=\"https:\/\/bolting.eu\/en\/shop\/petzl-astro-europaeische-ausfuehrung\/\" \/>\n<meta property=\"og:locale\" content=\"en_US\" \/>\n<meta property=\"og:type\" content=\"article\" \/>\n<meta property=\"og:title\" content=\"Petzl Astro europ\u00e4ische Ausf\u00fchrung\" \/>\n<meta property=\"og:description\" content=\"Petzl Astro europ\u00e4ische Ausf\u00fchrung beim Industriekletterprofi kaufen \u2705 Trusted Shop \u2705 kostenloser Versand* \u2705 14 Tage R\u00fcckgaberecht \u2705 Co2 neutrale Zustellung\" \/>\n<meta property=\"og:url\" content=\"https:\/\/bolting.eu\/en\/shop\/petzl-astro-europaeische-ausfuehrung\/\" \/>\n<meta property=\"og:site_name\" content=\"bolting.eu\" \/>\n<meta property=\"article:publisher\" content=\"https:\/\/www.facebook.com\/bolting.eu\" \/>\n<meta property=\"article:modified_time\" content=\"2026-04-30T10:44:56+00:00\" \/>\n<meta property=\"og:image\" content=\"https:\/\/bolting.eu\/wp-content\/uploads\/2025\/07\/Petzl-Astro-europaeische-Ausfuehrung-2.jpg\" \/>\n\t<meta property=\"og:image:width\" content=\"700\" \/>\n\t<meta property=\"og:image:height\" content=\"700\" \/>\n\t<meta property=\"og:image:type\" content=\"image\/jpeg\" \/>\n<meta name=\"twitter:card\" content=\"summary_large_image\" \/>\n<meta name=\"twitter:label1\" content=\"Availability\" \/>\n\t<meta name=\"twitter:data1\" content=\"In stock\" \/>\n<script type=\"application\/ld+json\" class=\"yoast-schema-graph\">{\"@context\":\"https:\/\/schema.org\",\"@graph\":[{\"@type\":[\"WebPage\",\"ItemPage\"],\"@id\":\"https:\/\/bolting.eu\/en\/shop\/petzl-astro-europaeische-ausfuehrung\/\",\"url\":\"https:\/\/bolting.eu\/en\/shop\/petzl-astro-europaeische-ausfuehrung\/\",\"name\":\"Petzl Astro europ\u00e4ische Ausf\u00fchrung | bolting.eu\",\"isPartOf\":{\"@id\":\"https:\/\/bolting.eu\/en\/#website\"},\"primaryImageOfPage\":{\"@id\":\"https:\/\/bolting.eu\/en\/shop\/petzl-astro-europaeische-ausfuehrung\/#primaryimage\"},\"image\":{\"@id\":\"https:\/\/bolting.eu\/en\/shop\/petzl-astro-europaeische-ausfuehrung\/#primaryimage\"},\"thumbnailUrl\":\"https:\/\/bolting.eu\/wp-content\/uploads\/2025\/07\/Petzl-Astro-europaeische-Ausfuehrung-2.jpg\",\"datePublished\":\"2025-07-08T12:12:54+00:00\",\"dateModified\":\"2026-04-30T10:44:56+00:00\",\"description\":\"Petzl Astro europ\u00e4ische Ausf\u00fchrung beim Industriekletterprofi kaufen \u2705 Trusted Shop \u2705 kostenloser Versand* \u2705 14 Tage R\u00fcckgaberecht \u2705 Co2 neutrale Zustellung\",\"breadcrumb\":{\"@id\":\"https:\/\/bolting.eu\/en\/shop\/petzl-astro-europaeische-ausfuehrung\/#breadcrumb\"},\"inLanguage\":\"en-US\",\"potentialAction\":[{\"@type\":\"ReadAction\",\"target\":[\"https:\/\/bolting.eu\/en\/shop\/petzl-astro-europaeische-ausfuehrung\/\"]}]},{\"@type\":\"ImageObject\",\"inLanguage\":\"en-US\",\"@id\":\"https:\/\/bolting.eu\/en\/shop\/petzl-astro-europaeische-ausfuehrung\/#primaryimage\",\"url\":\"https:\/\/bolting.eu\/wp-content\/uploads\/2025\/07\/Petzl-Astro-europaeische-Ausfuehrung-2.jpg\",\"contentUrl\":\"https:\/\/bolting.eu\/wp-content\/uploads\/2025\/07\/Petzl-Astro-europaeische-Ausfuehrung-2.jpg\",\"width\":700,\"height\":700,\"caption\":\"Schwarzer Petzl Astro Industrieklettergurt vertikal aufgespannt von seiner Vorderseite.\"},{\"@type\":\"BreadcrumbList\",\"@id\":\"https:\/\/bolting.eu\/en\/shop\/petzl-astro-europaeische-ausfuehrung\/#breadcrumb\",\"itemListElement\":[{\"@type\":\"ListItem\",\"position\":1,\"name\":\"Shop\",\"item\":\"https:\/\/bolting.eu\/en\/shop\/\"},{\"@type\":\"ListItem\",\"position\":2,\"name\":\"Industrial climbing gear\",\"item\":\"https:\/\/bolting.eu\/en\/produkt-kategorie\/industrial-climbing-gear\/\"},{\"@type\":\"ListItem\",\"position\":3,\"name\":\"Industrieklettergurt\",\"item\":\"https:\/\/bolting.eu\/produkt-kategorie\/industriekletter-ausruestung\/industrieklettergurt\/\"},{\"@type\":\"ListItem\",\"position\":4,\"name\":\"Petzl Astro europ\u00e4ische Ausf\u00fchrung\"}]},{\"@type\":\"WebSite\",\"@id\":\"https:\/\/bolting.eu\/en\/#website\",\"url\":\"https:\/\/bolting.eu\/en\/\",\"name\":\"bolting.eu\",\"description\":\"we make climbs happen\",\"publisher\":{\"@id\":\"https:\/\/bolting.eu\/en\/#organization\"},\"potentialAction\":[{\"@type\":\"SearchAction\",\"target\":{\"@type\":\"EntryPoint\",\"urlTemplate\":\"https:\/\/bolting.eu\/en\/?s={search_term_string}\"},\"query-input\":{\"@type\":\"PropertyValueSpecification\",\"valueRequired\":true,\"valueName\":\"search_term_string\"}}],\"inLanguage\":\"en-US\"},{\"@type\":[\"Organization\",\"Place\",\"SportingGoodsStore\"],\"@id\":\"https:\/\/bolting.eu\/en\/#organization\",\"name\":\"bolting.eu\",\"url\":\"https:\/\/bolting.eu\/en\/\",\"logo\":{\"@id\":\"https:\/\/bolting.eu\/en\/shop\/petzl-astro-europaeische-ausfuehrung\/#local-main-organization-logo\"},\"image\":{\"@id\":\"https:\/\/bolting.eu\/en\/shop\/petzl-astro-europaeische-ausfuehrung\/#local-main-organization-logo\"},\"sameAs\":[\"https:\/\/www.facebook.com\/bolting.eu\",\"https:\/\/www.instagram.com\/bolting.eu\/\"],\"address\":{\"@id\":\"https:\/\/bolting.eu\/en\/shop\/petzl-astro-europaeische-ausfuehrung\/#local-main-place-address\"},\"geo\":{\"@type\":\"GeoCoordinates\",\"latitude\":\"47.264176340396226\",\"longitude\":\"11.380109057672346\"},\"telephone\":[\"+43 699 19083372\"],\"openingHoursSpecification\":[{\"@type\":\"OpeningHoursSpecification\",\"dayOfWeek\":[\"Monday\",\"Wednesday\",\"Friday\"],\"opens\":\"14:00\",\"closes\":\"18:00\"},{\"@type\":\"OpeningHoursSpecification\",\"dayOfWeek\":[\"Tuesday\",\"Thursday\",\"Saturday\",\"Sunday\"],\"opens\":\"00:00\",\"closes\":\"00:00\"}],\"email\":\"office@bolting.eu\",\"vatID\":\"ATU59999728\",\"priceRange\":\"$$\",\"currenciesAccepted\":\"Euro\"},{\"@type\":\"PostalAddress\",\"@id\":\"https:\/\/bolting.eu\/en\/shop\/petzl-astro-europaeische-ausfuehrung\/#local-main-place-address\",\"streetAddress\":\"Fischnalerstra\u00dfe 4\",\"addressLocality\":\"Innsbruck\",\"postalCode\":\"6020\",\"addressRegion\":\"Tirol\",\"addressCountry\":\"AT\"},{\"@type\":\"ImageObject\",\"inLanguage\":\"en-US\",\"@id\":\"https:\/\/bolting.eu\/en\/shop\/petzl-astro-europaeische-ausfuehrung\/#local-main-organization-logo\",\"url\":\"https:\/\/bolting.eu\/wp-content\/uploads\/2019\/09\/bolting-logo.png\",\"contentUrl\":\"https:\/\/bolting.eu\/wp-content\/uploads\/2019\/09\/bolting-logo.png\",\"width\":400,\"height\":211,\"caption\":\"bolting.eu\"}]}<\/script>\n<meta property=\"og:video\" content=\"https:\/\/player.vimeo.com\/video\/1055205316\" \/>\n<meta property=\"og:video:type\" content=\"text\/html\" \/>\n<meta property=\"og:video:duration\" content=\"60\" \/>\n<meta property=\"og:video:width\" content=\"1920\" \/>\n<meta property=\"og:video:height\" content=\"1080\" \/>\n<meta property=\"ya:ovs:adult\" content=\"false\" \/>\n<meta property=\"ya:ovs:upload_date\" content=\"2025-07-08T12:12:54+00:00\" \/>\n<meta property=\"ya:ovs:allow_embed\" content=\"true\" \/>\n<meta property=\"og:availability\" content=\"instock\" \/>\n<meta property=\"product:availability\" content=\"instock\" \/>\n<meta property=\"product:condition\" content=\"new\" \/>\n<meta name=\"geo.placename\" content=\"Innsbruck\" \/>\n<meta name=\"geo.position\" content=\"47.264176340396226;11.380109057672346\" \/>\n<meta name=\"geo.region\" content=\"Austria\" \/>\n<!-- \/ Yoast SEO Premium plugin. -->","yoast_head_json":{"title":"Petzl Astro europ\u00e4ische Ausf\u00fchrung | bolting.eu","description":"Petzl Astro europ\u00e4ische Ausf\u00fchrung beim Industriekletterprofi kaufen \u2705 Trusted Shop \u2705 kostenloser Versand* \u2705 14 Tage R\u00fcckgaberecht \u2705 Co2 neutrale Zustellung","robots":{"index":"index","follow":"follow","max-snippet":"max-snippet:-1","max-image-preview":"max-image-preview:large","max-video-preview":"max-video-preview:-1"},"canonical":"https:\/\/bolting.eu\/en\/shop\/petzl-astro-europaeische-ausfuehrung\/","og_locale":"en_US","og_type":"article","og_title":"Petzl Astro europ\u00e4ische Ausf\u00fchrung","og_description":"Petzl Astro europ\u00e4ische Ausf\u00fchrung beim Industriekletterprofi kaufen \u2705 Trusted Shop \u2705 kostenloser Versand* \u2705 14 Tage R\u00fcckgaberecht \u2705 Co2 neutrale Zustellung","og_url":"https:\/\/bolting.eu\/en\/shop\/petzl-astro-europaeische-ausfuehrung\/","og_site_name":"bolting.eu","article_publisher":"https:\/\/www.facebook.com\/bolting.eu","article_modified_time":"2026-04-30T10:44:56+00:00","og_image":[{"width":700,"height":700,"url":"https:\/\/bolting.eu\/wp-content\/uploads\/2025\/07\/Petzl-Astro-europaeische-Ausfuehrung-2.jpg","type":"image\/jpeg"}],"twitter_card":"summary_large_image","twitter_misc":{"Availability":"In stock"},"schema":{"@context":"https:\/\/schema.org","@graph":[{"@type":["WebPage","ItemPage"],"@id":"https:\/\/bolting.eu\/en\/shop\/petzl-astro-europaeische-ausfuehrung\/","url":"https:\/\/bolting.eu\/en\/shop\/petzl-astro-europaeische-ausfuehrung\/","name":"Petzl Astro europ\u00e4ische Ausf\u00fchrung | bolting.eu","isPartOf":{"@id":"https:\/\/bolting.eu\/en\/#website"},"primaryImageOfPage":{"@id":"https:\/\/bolting.eu\/en\/shop\/petzl-astro-europaeische-ausfuehrung\/#primaryimage"},"image":{"@id":"https:\/\/bolting.eu\/en\/shop\/petzl-astro-europaeische-ausfuehrung\/#primaryimage"},"thumbnailUrl":"https:\/\/bolting.eu\/wp-content\/uploads\/2025\/07\/Petzl-Astro-europaeische-Ausfuehrung-2.jpg","datePublished":"2025-07-08T12:12:54+00:00","dateModified":"2026-04-30T10:44:56+00:00","description":"Petzl Astro europ\u00e4ische Ausf\u00fchrung beim Industriekletterprofi kaufen \u2705 Trusted Shop \u2705 kostenloser Versand* \u2705 14 Tage R\u00fcckgaberecht \u2705 Co2 neutrale Zustellung","breadcrumb":{"@id":"https:\/\/bolting.eu\/en\/shop\/petzl-astro-europaeische-ausfuehrung\/#breadcrumb"},"inLanguage":"en-US","potentialAction":[{"@type":"ReadAction","target":["https:\/\/bolting.eu\/en\/shop\/petzl-astro-europaeische-ausfuehrung\/"]}]},{"@type":"ImageObject","inLanguage":"en-US","@id":"https:\/\/bolting.eu\/en\/shop\/petzl-astro-europaeische-ausfuehrung\/#primaryimage","url":"https:\/\/bolting.eu\/wp-content\/uploads\/2025\/07\/Petzl-Astro-europaeische-Ausfuehrung-2.jpg","contentUrl":"https:\/\/bolting.eu\/wp-content\/uploads\/2025\/07\/Petzl-Astro-europaeische-Ausfuehrung-2.jpg","width":700,"height":700,"caption":"Schwarzer Petzl Astro Industrieklettergurt vertikal aufgespannt von seiner Vorderseite."},{"@type":"BreadcrumbList","@id":"https:\/\/bolting.eu\/en\/shop\/petzl-astro-europaeische-ausfuehrung\/#breadcrumb","itemListElement":[{"@type":"ListItem","position":1,"name":"Shop","item":"https:\/\/bolting.eu\/en\/shop\/"},{"@type":"ListItem","position":2,"name":"Industrial climbing gear","item":"https:\/\/bolting.eu\/en\/produkt-kategorie\/industrial-climbing-gear\/"},{"@type":"ListItem","position":3,"name":"Industrieklettergurt","item":"https:\/\/bolting.eu\/produkt-kategorie\/industriekletter-ausruestung\/industrieklettergurt\/"},{"@type":"ListItem","position":4,"name":"Petzl Astro europ\u00e4ische Ausf\u00fchrung"}]},{"@type":"WebSite","@id":"https:\/\/bolting.eu\/en\/#website","url":"https:\/\/bolting.eu\/en\/","name":"bolting.eu","description":"we make climbs happen","publisher":{"@id":"https:\/\/bolting.eu\/en\/#organization"},"potentialAction":[{"@type":"SearchAction","target":{"@type":"EntryPoint","urlTemplate":"https:\/\/bolting.eu\/en\/?s={search_term_string}"},"query-input":{"@type":"PropertyValueSpecification","valueRequired":true,"valueName":"search_term_string"}}],"inLanguage":"en-US"},{"@type":["Organization","Place","SportingGoodsStore"],"@id":"https:\/\/bolting.eu\/en\/#organization","name":"bolting.eu","url":"https:\/\/bolting.eu\/en\/","logo":{"@id":"https:\/\/bolting.eu\/en\/shop\/petzl-astro-europaeische-ausfuehrung\/#local-main-organization-logo"},"image":{"@id":"https:\/\/bolting.eu\/en\/shop\/petzl-astro-europaeische-ausfuehrung\/#local-main-organization-logo"},"sameAs":["https:\/\/www.facebook.com\/bolting.eu","https:\/\/www.instagram.com\/bolting.eu\/"],"address":{"@id":"https:\/\/bolting.eu\/en\/shop\/petzl-astro-europaeische-ausfuehrung\/#local-main-place-address"},"geo":{"@type":"GeoCoordinates","latitude":"47.264176340396226","longitude":"11.380109057672346"},"telephone":["+43 699 19083372"],"openingHoursSpecification":[{"@type":"OpeningHoursSpecification","dayOfWeek":["Monday","Wednesday","Friday"],"opens":"14:00","closes":"18:00"},{"@type":"OpeningHoursSpecification","dayOfWeek":["Tuesday","Thursday","Saturday","Sunday"],"opens":"00:00","closes":"00:00"}],"email":"office@bolting.eu","vatID":"ATU59999728","priceRange":"$$","currenciesAccepted":"Euro"},{"@type":"PostalAddress","@id":"https:\/\/bolting.eu\/en\/shop\/petzl-astro-europaeische-ausfuehrung\/#local-main-place-address","streetAddress":"Fischnalerstra\u00dfe 4","addressLocality":"Innsbruck","postalCode":"6020","addressRegion":"Tirol","addressCountry":"AT"},{"@type":"ImageObject","inLanguage":"en-US","@id":"https:\/\/bolting.eu\/en\/shop\/petzl-astro-europaeische-ausfuehrung\/#local-main-organization-logo","url":"https:\/\/bolting.eu\/wp-content\/uploads\/2019\/09\/bolting-logo.png","contentUrl":"https:\/\/bolting.eu\/wp-content\/uploads\/2019\/09\/bolting-logo.png","width":400,"height":211,"caption":"bolting.eu"}]},"og_video":"https:\/\/player.vimeo.com\/video\/1055205316","og_video_type":"text\/html","og_video_duration":"60","og_video_width":"1920","og_video_height":"1080","ya_ovs_adult":"false","ya_ovs_upload_date":"2025-07-08T12:12:54+00:00","ya_ovs_allow_embed":"true","og_availability":"instock","product_availability":"instock","product_condition":"new","geo.placename":"Innsbruck","geo.position":{"lat":"47.264176340396226","long":"11.380109057672346"},"geo.region":"Austria"},"_links":{"self":[{"href":"https:\/\/bolting.eu\/en\/wp-json\/wp\/v2\/product\/33072","targetHints":{"allow":["GET"]}}],"collection":[{"href":"https:\/\/bolting.eu\/en\/wp-json\/wp\/v2\/product"}],"about":[{"href":"https:\/\/bolting.eu\/en\/wp-json\/wp\/v2\/types\/product"}],"replies":[{"embeddable":true,"href":"https:\/\/bolting.eu\/en\/wp-json\/wp\/v2\/comments?post=33072"}],"wp:featuredmedia":[{"embeddable":true,"href":"https:\/\/bolting.eu\/en\/wp-json\/wp\/v2\/media\/33079"}],"wp:attachment":[{"href":"https:\/\/bolting.eu\/en\/wp-json\/wp\/v2\/media?parent=33072"}],"wp:term":[{"taxonomy":"product_brand","embeddable":true,"href":"https:\/\/bolting.eu\/en\/wp-json\/wp\/v2\/product_brand?post=33072"},{"taxonomy":"product_cat","embeddable":true,"href":"https:\/\/bolting.eu\/en\/wp-json\/wp\/v2\/product_cat?post=33072"},{"taxonomy":"product_tag","embeddable":true,"href":"https:\/\/bolting.eu\/en\/wp-json\/wp\/v2\/product_tag?post=33072"}],"curies":[{"name":"wp","href":"https:\/\/api.w.org\/{rel}","templated":true}]}}