{"id":33021,"date":"2025-07-07T13:23:25","date_gmt":"2025-07-07T11:23:25","guid":{"rendered":"https:\/\/bolting.eu\/?post_type=product&#038;p=33021"},"modified":"2025-10-29T14:09:37","modified_gmt":"2025-10-29T13:09:37","slug":"abseilring-verzinkt","status":"publish","type":"product","link":"https:\/\/bolting.eu\/en\/shop\/abseilring-verzinkt\/","title":{"rendered":"Abseilring verzinkt"},"content":{"rendered":"<p>Dieser verzinkte Abseilring ist f\u00fcr die Installation mit unserem <a href=\"https:\/\/bolting.eu\/shop\/schraubglied-8mm-verzinkt\/\">Schraubglied 8mm verzinkt<\/a>\u00a0gedacht. Denn die Stahlqualit\u00e4ten m\u00fcssen zusammen passen, damit keine galvanische Korrosion entsteht.<\/p>\n<p>Diese Kombi ist f\u00fcr den Indoor Bereich gedacht. Zudem kann sie auch f\u00fcr\u00b4s Abseilen bei H\u00f6henarbeiten f\u00fcr eine tempor\u00e4re Installation verwendet werden.<\/p>\n<p>Kurzum. Eine g\u00fcnstige Alternative wenn kein Edelstahl verwendet werden soll.<\/p>\n<h2>Eigenschaften Abseilring verzinkt<\/h2>\n<ul>\n<li>Hersteller. <a href=\"https:\/\/bolting.eu\/produkt-kategorie\/fixe-climbing\/\">Fixe Climbing<\/a><\/li>\n<li>Material: verzinkter Stahl<\/li>\n<li>Innendurchmesser: 33mm<\/li>\n<li>St\u00e4rke Ring: 10mm<\/li>\n<li>Bruchlast 25 kN<\/li>\n<li>zu verwenden mit Schraubglied 8mm verzinkt oder <a href=\"https:\/\/bolting.eu\/shop\/petzl-go-8mm-schraubglied\/\">Petzl Go<\/a><\/li>\n<li><a href=\"https:\/\/www.fixeclimbing.com\/de\/inicio\/1488-413-ecotri-ring-8436020410833.html?_gl=1*s8jz8l*_up*MQ..*_ga*NzEyODEzMzEyLjE3NTE4ODU1NzM.*_ga_4C1KSL3E2Y*czE3NTE4ODU1NzIkbzEkZzEkdDE3NTE4ODU1ODYkajQ2JGwwJGgzMzc0NjA2MDg.#\/184-farbe-zinc:~:text=Technische%20Daten-,Benutzerhandbuch,-%C2%BFTienes%20Dudas%3F%C2%A0\" target=\"_blank\" rel=\"noopener\">Bedienungsanleitung<\/a><\/li>\n<\/ul>\n","protected":false},"excerpt":{"rendered":"<p>Verzinkter Abseilring mit 33mm Innendurchmesser bzw. 10mm St\u00e4rke.<\/p>\n<p>Ideal f\u00fcr den Indoor Bereich bzw. tempor\u00e4re Installation.<\/p>\n<p>Versandkostenfrei bis 2kg in <img decoding=\"async\" class=\"emoji\" role=\"img\" draggable=\"false\" src=\"https:\/\/s.w.org\/images\/core\/emoji\/14.0.0\/svg\/1f1e6-1f1f9.svg\" alt=\"\ud83c\udde6\ud83c\uddf9\" \/> ab \u20ac 100,- und <img decoding=\"async\" class=\"emoji\" role=\"img\" draggable=\"false\" src=\"https:\/\/s.w.org\/images\/core\/emoji\/14.0.0\/svg\/1f1e9-1f1ea.svg\" alt=\"\ud83c\udde9\ud83c\uddea\" \/> ab \u20ac 200,-!<\/p>\n","protected":false},"featured_media":33030,"comment_status":"closed","ping_status":"closed","template":"","meta":[],"product_brand":[],"product_cat":[58,1210,4665],"product_tag":[],"class_list":{"0":"post-33021","1":"product","2":"type-product","3":"status-publish","4":"has-post-thumbnail","6":"product_cat-umlenker-kettenstand","7":"product_cat-einbohrartikel","8":"product_cat-fixe-climbing","10":"first","11":"instock","12":"taxable","13":"shipping-taxable","14":"purchasable","15":"product-type-variable"},"yoast_head":"<!-- This site is optimized with the Yoast SEO Premium plugin v26.9 (Yoast SEO v26.9) - https:\/\/yoast.com\/product\/yoast-seo-premium-wordpress\/ -->\n<title>Abseilring verzinkt | bolting.eu<\/title>\n<meta name=\"description\" content=\"Abseilring verzinkt beim Einbohrprofi kaufen \u2705 Trusted Shop \u2705 kostenloser Versand* \u2705 14 Tage R\u00fcckgaberecht \u2705 Co2 neutrale Zustellung\" \/>\n<meta name=\"robots\" content=\"index, follow, max-snippet:-1, max-image-preview:large, max-video-preview:-1\" \/>\n<link rel=\"canonical\" href=\"https:\/\/bolting.eu\/en\/shop\/abseilring-verzinkt\/\" \/>\n<meta property=\"og:locale\" content=\"en_US\" \/>\n<meta property=\"og:type\" content=\"article\" \/>\n<meta property=\"og:title\" content=\"Abseilring verzinkt\" \/>\n<meta property=\"og:description\" content=\"Abseilring verzinkt beim Einbohrprofi kaufen \u2705 Trusted Shop \u2705 kostenloser Versand* \u2705 14 Tage R\u00fcckgaberecht \u2705 Co2 neutrale Zustellung\" \/>\n<meta property=\"og:url\" content=\"https:\/\/bolting.eu\/en\/shop\/abseilring-verzinkt\/\" \/>\n<meta property=\"og:site_name\" content=\"bolting.eu\" \/>\n<meta property=\"article:publisher\" content=\"https:\/\/www.facebook.com\/bolting.eu\" \/>\n<meta property=\"article:modified_time\" content=\"2025-10-29T13:09:37+00:00\" \/>\n<meta property=\"og:image\" content=\"https:\/\/bolting.eu\/wp-content\/uploads\/2025\/07\/Abseilring-verzinkt-1.jpg\" \/>\n\t<meta property=\"og:image:width\" content=\"700\" \/>\n\t<meta property=\"og:image:height\" content=\"700\" \/>\n\t<meta property=\"og:image:type\" content=\"image\/jpeg\" \/>\n<meta name=\"twitter:card\" content=\"summary_large_image\" \/>\n<meta name=\"twitter:label1\" content=\"Availability\" \/>\n\t<meta name=\"twitter:data1\" content=\"In stock\" \/>\n<script type=\"application\/ld+json\" class=\"yoast-schema-graph\">{\"@context\":\"https:\/\/schema.org\",\"@graph\":[{\"@type\":[\"WebPage\",\"ItemPage\"],\"@id\":\"https:\/\/bolting.eu\/en\/shop\/abseilring-verzinkt\/\",\"url\":\"https:\/\/bolting.eu\/en\/shop\/abseilring-verzinkt\/\",\"name\":\"Abseilring verzinkt | bolting.eu\",\"isPartOf\":{\"@id\":\"https:\/\/bolting.eu\/en\/#website\"},\"primaryImageOfPage\":{\"@id\":\"https:\/\/bolting.eu\/en\/shop\/abseilring-verzinkt\/#primaryimage\"},\"image\":{\"@id\":\"https:\/\/bolting.eu\/en\/shop\/abseilring-verzinkt\/#primaryimage\"},\"thumbnailUrl\":\"https:\/\/bolting.eu\/wp-content\/uploads\/2025\/07\/Abseilring-verzinkt-1.jpg\",\"datePublished\":\"2025-07-07T11:23:25+00:00\",\"dateModified\":\"2025-10-29T13:09:37+00:00\",\"description\":\"Abseilring verzinkt beim Einbohrprofi kaufen \u2705 Trusted Shop \u2705 kostenloser Versand* \u2705 14 Tage R\u00fcckgaberecht \u2705 Co2 neutrale Zustellung\",\"breadcrumb\":{\"@id\":\"https:\/\/bolting.eu\/en\/shop\/abseilring-verzinkt\/#breadcrumb\"},\"inLanguage\":\"en-US\",\"potentialAction\":[{\"@type\":\"ReadAction\",\"target\":[\"https:\/\/bolting.eu\/en\/shop\/abseilring-verzinkt\/\"]}]},{\"@type\":\"ImageObject\",\"inLanguage\":\"en-US\",\"@id\":\"https:\/\/bolting.eu\/en\/shop\/abseilring-verzinkt\/#primaryimage\",\"url\":\"https:\/\/bolting.eu\/wp-content\/uploads\/2025\/07\/Abseilring-verzinkt-1.jpg\",\"contentUrl\":\"https:\/\/bolting.eu\/wp-content\/uploads\/2025\/07\/Abseilring-verzinkt-1.jpg\",\"width\":700,\"height\":700,\"caption\":\"Silberner Abseilring verzinkt in Bildmitte.\"},{\"@type\":\"BreadcrumbList\",\"@id\":\"https:\/\/bolting.eu\/en\/shop\/abseilring-verzinkt\/#breadcrumb\",\"itemListElement\":[{\"@type\":\"ListItem\",\"position\":1,\"name\":\"Shop\",\"item\":\"https:\/\/bolting.eu\/en\/shop\/\"},{\"@type\":\"ListItem\",\"position\":2,\"name\":\"bolting products\",\"item\":\"https:\/\/bolting.eu\/en\/produkt-kategorie\/bolting-products\/\"},{\"@type\":\"ListItem\",\"position\":3,\"name\":\"lower off - climbing anchor\",\"item\":\"https:\/\/bolting.eu\/en\/produkt-kategorie\/lower-off-climbing-anchor\/\"},{\"@type\":\"ListItem\",\"position\":4,\"name\":\"Abseilring verzinkt\"}]},{\"@type\":\"WebSite\",\"@id\":\"https:\/\/bolting.eu\/en\/#website\",\"url\":\"https:\/\/bolting.eu\/en\/\",\"name\":\"bolting.eu\",\"description\":\"we make climbs happen\",\"publisher\":{\"@id\":\"https:\/\/bolting.eu\/en\/#organization\"},\"potentialAction\":[{\"@type\":\"SearchAction\",\"target\":{\"@type\":\"EntryPoint\",\"urlTemplate\":\"https:\/\/bolting.eu\/en\/?s={search_term_string}\"},\"query-input\":{\"@type\":\"PropertyValueSpecification\",\"valueRequired\":true,\"valueName\":\"search_term_string\"}}],\"inLanguage\":\"en-US\"},{\"@type\":[\"Organization\",\"Place\",\"SportingGoodsStore\"],\"@id\":\"https:\/\/bolting.eu\/en\/#organization\",\"name\":\"bolting.eu\",\"url\":\"https:\/\/bolting.eu\/en\/\",\"logo\":{\"@id\":\"https:\/\/bolting.eu\/en\/shop\/abseilring-verzinkt\/#local-main-organization-logo\"},\"image\":{\"@id\":\"https:\/\/bolting.eu\/en\/shop\/abseilring-verzinkt\/#local-main-organization-logo\"},\"sameAs\":[\"https:\/\/www.facebook.com\/bolting.eu\",\"https:\/\/www.instagram.com\/bolting.eu\/\"],\"address\":{\"@id\":\"https:\/\/bolting.eu\/en\/shop\/abseilring-verzinkt\/#local-main-place-address\"},\"geo\":{\"@type\":\"GeoCoordinates\",\"latitude\":\"47.264176340396226\",\"longitude\":\"11.380109057672346\"},\"telephone\":[\"+43 699 19083372\"],\"openingHoursSpecification\":[{\"@type\":\"OpeningHoursSpecification\",\"dayOfWeek\":[\"Monday\",\"Wednesday\",\"Friday\"],\"opens\":\"14:00\",\"closes\":\"18:00\"},{\"@type\":\"OpeningHoursSpecification\",\"dayOfWeek\":[\"Tuesday\",\"Thursday\",\"Saturday\",\"Sunday\"],\"opens\":\"00:00\",\"closes\":\"00:00\"}],\"email\":\"office@bolting.eu\",\"vatID\":\"ATU59999728\",\"priceRange\":\"$$\",\"currenciesAccepted\":\"Euro\"},{\"@type\":\"PostalAddress\",\"@id\":\"https:\/\/bolting.eu\/en\/shop\/abseilring-verzinkt\/#local-main-place-address\",\"streetAddress\":\"Fischnalerstra\u00dfe 4\",\"addressLocality\":\"Innsbruck\",\"postalCode\":\"6020\",\"addressRegion\":\"Tirol\",\"addressCountry\":\"AT\"},{\"@type\":\"ImageObject\",\"inLanguage\":\"en-US\",\"@id\":\"https:\/\/bolting.eu\/en\/shop\/abseilring-verzinkt\/#local-main-organization-logo\",\"url\":\"https:\/\/bolting.eu\/wp-content\/uploads\/2019\/09\/bolting-logo.png\",\"contentUrl\":\"https:\/\/bolting.eu\/wp-content\/uploads\/2019\/09\/bolting-logo.png\",\"width\":400,\"height\":211,\"caption\":\"bolting.eu\"}]}<\/script>\n<meta property=\"og:availability\" content=\"instock\" \/>\n<meta property=\"product:availability\" content=\"instock\" \/>\n<meta property=\"product:condition\" content=\"new\" \/>\n<meta name=\"geo.placename\" content=\"Innsbruck\" \/>\n<meta name=\"geo.position\" content=\"47.264176340396226;11.380109057672346\" \/>\n<meta name=\"geo.region\" content=\"Austria\" \/>\n<!-- \/ Yoast SEO Premium plugin. -->","yoast_head_json":{"title":"Abseilring verzinkt | bolting.eu","description":"Abseilring verzinkt beim Einbohrprofi kaufen \u2705 Trusted Shop \u2705 kostenloser Versand* \u2705 14 Tage R\u00fcckgaberecht \u2705 Co2 neutrale Zustellung","robots":{"index":"index","follow":"follow","max-snippet":"max-snippet:-1","max-image-preview":"max-image-preview:large","max-video-preview":"max-video-preview:-1"},"canonical":"https:\/\/bolting.eu\/en\/shop\/abseilring-verzinkt\/","og_locale":"en_US","og_type":"article","og_title":"Abseilring verzinkt","og_description":"Abseilring verzinkt beim Einbohrprofi kaufen \u2705 Trusted Shop \u2705 kostenloser Versand* \u2705 14 Tage R\u00fcckgaberecht \u2705 Co2 neutrale Zustellung","og_url":"https:\/\/bolting.eu\/en\/shop\/abseilring-verzinkt\/","og_site_name":"bolting.eu","article_publisher":"https:\/\/www.facebook.com\/bolting.eu","article_modified_time":"2025-10-29T13:09:37+00:00","og_image":[{"width":700,"height":700,"url":"https:\/\/bolting.eu\/wp-content\/uploads\/2025\/07\/Abseilring-verzinkt-1.jpg","type":"image\/jpeg"}],"twitter_card":"summary_large_image","twitter_misc":{"Availability":"In stock"},"schema":{"@context":"https:\/\/schema.org","@graph":[{"@type":["WebPage","ItemPage"],"@id":"https:\/\/bolting.eu\/en\/shop\/abseilring-verzinkt\/","url":"https:\/\/bolting.eu\/en\/shop\/abseilring-verzinkt\/","name":"Abseilring verzinkt | bolting.eu","isPartOf":{"@id":"https:\/\/bolting.eu\/en\/#website"},"primaryImageOfPage":{"@id":"https:\/\/bolting.eu\/en\/shop\/abseilring-verzinkt\/#primaryimage"},"image":{"@id":"https:\/\/bolting.eu\/en\/shop\/abseilring-verzinkt\/#primaryimage"},"thumbnailUrl":"https:\/\/bolting.eu\/wp-content\/uploads\/2025\/07\/Abseilring-verzinkt-1.jpg","datePublished":"2025-07-07T11:23:25+00:00","dateModified":"2025-10-29T13:09:37+00:00","description":"Abseilring verzinkt beim Einbohrprofi kaufen \u2705 Trusted Shop \u2705 kostenloser Versand* \u2705 14 Tage R\u00fcckgaberecht \u2705 Co2 neutrale Zustellung","breadcrumb":{"@id":"https:\/\/bolting.eu\/en\/shop\/abseilring-verzinkt\/#breadcrumb"},"inLanguage":"en-US","potentialAction":[{"@type":"ReadAction","target":["https:\/\/bolting.eu\/en\/shop\/abseilring-verzinkt\/"]}]},{"@type":"ImageObject","inLanguage":"en-US","@id":"https:\/\/bolting.eu\/en\/shop\/abseilring-verzinkt\/#primaryimage","url":"https:\/\/bolting.eu\/wp-content\/uploads\/2025\/07\/Abseilring-verzinkt-1.jpg","contentUrl":"https:\/\/bolting.eu\/wp-content\/uploads\/2025\/07\/Abseilring-verzinkt-1.jpg","width":700,"height":700,"caption":"Silberner Abseilring verzinkt in Bildmitte."},{"@type":"BreadcrumbList","@id":"https:\/\/bolting.eu\/en\/shop\/abseilring-verzinkt\/#breadcrumb","itemListElement":[{"@type":"ListItem","position":1,"name":"Shop","item":"https:\/\/bolting.eu\/en\/shop\/"},{"@type":"ListItem","position":2,"name":"bolting products","item":"https:\/\/bolting.eu\/en\/produkt-kategorie\/bolting-products\/"},{"@type":"ListItem","position":3,"name":"lower off - climbing anchor","item":"https:\/\/bolting.eu\/en\/produkt-kategorie\/lower-off-climbing-anchor\/"},{"@type":"ListItem","position":4,"name":"Abseilring verzinkt"}]},{"@type":"WebSite","@id":"https:\/\/bolting.eu\/en\/#website","url":"https:\/\/bolting.eu\/en\/","name":"bolting.eu","description":"we make climbs happen","publisher":{"@id":"https:\/\/bolting.eu\/en\/#organization"},"potentialAction":[{"@type":"SearchAction","target":{"@type":"EntryPoint","urlTemplate":"https:\/\/bolting.eu\/en\/?s={search_term_string}"},"query-input":{"@type":"PropertyValueSpecification","valueRequired":true,"valueName":"search_term_string"}}],"inLanguage":"en-US"},{"@type":["Organization","Place","SportingGoodsStore"],"@id":"https:\/\/bolting.eu\/en\/#organization","name":"bolting.eu","url":"https:\/\/bolting.eu\/en\/","logo":{"@id":"https:\/\/bolting.eu\/en\/shop\/abseilring-verzinkt\/#local-main-organization-logo"},"image":{"@id":"https:\/\/bolting.eu\/en\/shop\/abseilring-verzinkt\/#local-main-organization-logo"},"sameAs":["https:\/\/www.facebook.com\/bolting.eu","https:\/\/www.instagram.com\/bolting.eu\/"],"address":{"@id":"https:\/\/bolting.eu\/en\/shop\/abseilring-verzinkt\/#local-main-place-address"},"geo":{"@type":"GeoCoordinates","latitude":"47.264176340396226","longitude":"11.380109057672346"},"telephone":["+43 699 19083372"],"openingHoursSpecification":[{"@type":"OpeningHoursSpecification","dayOfWeek":["Monday","Wednesday","Friday"],"opens":"14:00","closes":"18:00"},{"@type":"OpeningHoursSpecification","dayOfWeek":["Tuesday","Thursday","Saturday","Sunday"],"opens":"00:00","closes":"00:00"}],"email":"office@bolting.eu","vatID":"ATU59999728","priceRange":"$$","currenciesAccepted":"Euro"},{"@type":"PostalAddress","@id":"https:\/\/bolting.eu\/en\/shop\/abseilring-verzinkt\/#local-main-place-address","streetAddress":"Fischnalerstra\u00dfe 4","addressLocality":"Innsbruck","postalCode":"6020","addressRegion":"Tirol","addressCountry":"AT"},{"@type":"ImageObject","inLanguage":"en-US","@id":"https:\/\/bolting.eu\/en\/shop\/abseilring-verzinkt\/#local-main-organization-logo","url":"https:\/\/bolting.eu\/wp-content\/uploads\/2019\/09\/bolting-logo.png","contentUrl":"https:\/\/bolting.eu\/wp-content\/uploads\/2019\/09\/bolting-logo.png","width":400,"height":211,"caption":"bolting.eu"}]},"og_availability":"instock","product_availability":"instock","product_condition":"new","geo.placename":"Innsbruck","geo.position":{"lat":"47.264176340396226","long":"11.380109057672346"},"geo.region":"Austria"},"_links":{"self":[{"href":"https:\/\/bolting.eu\/en\/wp-json\/wp\/v2\/product\/33021","targetHints":{"allow":["GET"]}}],"collection":[{"href":"https:\/\/bolting.eu\/en\/wp-json\/wp\/v2\/product"}],"about":[{"href":"https:\/\/bolting.eu\/en\/wp-json\/wp\/v2\/types\/product"}],"replies":[{"embeddable":true,"href":"https:\/\/bolting.eu\/en\/wp-json\/wp\/v2\/comments?post=33021"}],"wp:featuredmedia":[{"embeddable":true,"href":"https:\/\/bolting.eu\/en\/wp-json\/wp\/v2\/media\/33030"}],"wp:attachment":[{"href":"https:\/\/bolting.eu\/en\/wp-json\/wp\/v2\/media?parent=33021"}],"wp:term":[{"taxonomy":"product_brand","embeddable":true,"href":"https:\/\/bolting.eu\/en\/wp-json\/wp\/v2\/product_brand?post=33021"},{"taxonomy":"product_cat","embeddable":true,"href":"https:\/\/bolting.eu\/en\/wp-json\/wp\/v2\/product_cat?post=33021"},{"taxonomy":"product_tag","embeddable":true,"href":"https:\/\/bolting.eu\/en\/wp-json\/wp\/v2\/product_tag?post=33021"}],"curies":[{"name":"wp","href":"https:\/\/api.w.org\/{rel}","templated":true}]}}