{"id":3283,"date":"2020-04-11T11:58:13","date_gmt":"2020-04-11T09:58:13","guid":{"rendered":"https:\/\/bolting.eu\/?post_type=product&#038;p=3283"},"modified":"2024-06-02T21:52:45","modified_gmt":"2024-06-02T19:52:45","slug":"stubai-messerhaken","status":"publish","type":"product","link":"https:\/\/bolting.eu\/en\/shop\/stubai-messerhaken\/","title":{"rendered":"Stubai Messerhaken 35mm"},"content":{"rendered":"<p>Der Stubai Messerhaken ist zum Techno Klettern gedacht. Zudem verwenden ihn Bigwall Kletterer sehr h\u00e4ufig. Er zeichnet sich einerseits durch seinen extrem d\u00fcnnen Schaft aus. Andererseits durch seine zwei kleinen L\u00f6cher. Diese sind f\u00fcr eine Fangschnur. Somit kann man den Haken in der Wand nicht verlieren.<\/p>\n<p>Folglich ist dieser <a href=\"https:\/\/bolting.eu\/produkt-kategorie\/felshaken-normalhaken\/\">Felshaken<\/a> speziell f\u00fcr ganz d\u00fcnne Risse gedacht.<\/p>\n<p>Bei diesem Produkt handelt es sich um einen Hartstahlhaken. Somit ist er pr\u00e4destiniert f\u00fcr Gesteinsarten wie Granit, Gneis und Schiefer.<\/p>\n<p>Dieser Normalhaken ist nur f\u00fcr eine Belastung mit K\u00f6rpergewicht gedacht. Einen Sturz h\u00e4lt dieser Felshaken in der Regel nicht!<\/p>\n<h3>Perfekter Techno Haken<\/h3>\n<p>Der Stubai Messerhaken wird sehr gerne beim Techno- und Bigwall Klettern verwendet. Zum einen weil er eben so so gut in kleinste Risse passt. Zum anderen wegen smart angebrachten Karabiner\u00f6se. Denn hier lassen sich perfekt <a href=\"https:\/\/bolting.eu\/produkt-kategorie\/bandschlinge\/\">Bandschlingen<\/a> und <a href=\"https:\/\/bolting.eu\/produkt-kategorie\/reepschnur\/\">Reepschn\u00fcre<\/a> anbringen. Zudem nat\u00fcrlich auch Karabiner.<\/p>\n<h3>Eigenschaften Stubai Messerhaken<\/h3>\n<ul>\n<li>Hersteller: <a href=\"https:\/\/bolting.eu\/produkt-kategorie\/stubai-bergsport\/\">Stubai Bergsport<\/a><\/li>\n<li>Metall: Hartstahl (Chrom-Molybd\u00e4n-Vanadium Stahl)<\/li>\n<li>Lange: 35mm<\/li>\n<li>Einschlag\u00e4nge: 20mm<\/li>\n<li>1 Karabiner\u00f6sen<\/li>\n<li>speziell f\u00fcr harte Gesteine wie Granit und Gneis<\/li>\n<li>perfekter Techno Haken<\/li>\n<li>Bandsclingen und Reepschn\u00fcre leicht f\u00e4delbar<\/li>\n<li>kleine L\u00f6cher f\u00fcr Absturzsicherung<\/li>\n<\/ul>\n<h3>Praxis Tipp &#8211; Stubai Messerhaken<\/h3>\n<p>F\u00fcr diesen kleinen Haken braucht ihr eigentlich nur einen kleinen Felshammer. Allerdings wird der Haken ja bei Bigwalls eingesetzt. Dort ben\u00f6tigt ihr sehr wohl einen <a href=\"https:\/\/bolting.eu\/produkt-kategorie\/felshammer\/\">Felshammer<\/a> mit richtig viel \u201ePunch\u201c. Folglich macht ein Kauf nur Sinn, wenn ihr ein entsprechendes Projekt habt. Ihr wollt bei Bigwalls viel Einschlag Energie erzeugen. Dies geht nur mit entsprechend Kraft und Masse. Mit einem sehr leichten, kleinen Felshammer w\u00e4re hier nichts zu holen.<\/p>\n<p>Wir empfehlen daher den <a href=\"https:\/\/bolting.eu\/shop\/big-wall-hammer-kong-eagle\/\">Kong Bigwall Hammer Eagle<\/a> oder <a href=\"https:\/\/bolting.eu\/shop\/big-wall-hammer-kong-eagle-light\/\">Kong Bigwall Hammer Eagle Light<\/a>.<\/p>\n<p><span style=\"color: #333333; font-size: 20.16px;\">Made in AUSTRIA!<\/span><\/p>\n<p>Alle <a href=\"https:\/\/bolting.eu\/produkt-kategorie\/felshaken-normalhaken\/stubai-felshaken\/\">Stubai Felshaken<\/a> werden mit Sorgfalt in Tirol hergestellt. So auch der Stubai Messerhaken. Dieses Produkt erzielt folglich seine gesamte Wertsch\u00f6pfung in \u00d6sterreich <img decoding=\"async\" class=\"emoji\" role=\"img\" draggable=\"false\" src=\"https:\/\/s.w.org\/images\/core\/emoji\/12.0.0-1\/svg\/1f1e6-1f1f9.svg\" alt=\"\ud83c\udde6\ud83c\uddf9\" \/>. Und dies unter der Einhaltung von strengen sozialen und \u00f6kologischen Standards!<\/p>\n<p>Somit ist jeder Kauf dieses \u00d6sterreichischen Qualit\u00e4tsproduktes eine nachhaltige Entscheidung!<\/p>\n<p>Link Tipp: interessanter Beitrag in <a href=\"https:\/\/www.bergundsteigen.at\/file.php\/archiv\/2004\/3\/print\/70-75%20%28mit%20seil%20und%20haken%29.pdf\" target=\"_blank\" rel=\"noopener noreferrer\">bergundsteigen<\/a> \u00fcber die Sicherheitspr\u00fcfung von Felshaken.<\/p>\n","protected":false},"excerpt":{"rendered":"<ul>\n<li>Hersteller: <a href=\"https:\/\/bolting.eu\/produkt-kategorie\/stubai-bergsport\/\">Stubai Bergsport<\/a><\/li>\n<li>Metall: Hartstahl (Chrom-Molybd\u00e4n-Vanadium Stahl)<\/li>\n<li>Lange: 35mm<\/li>\n<li>Einschlag\u00e4nge: 20mm<\/li>\n<li>1 Karabiner\u00f6sen<\/li>\n<li>speziell f\u00fcr harte Gesteine wie Granit und Gneis<\/li>\n<li>perfekter Techno Haken<\/li>\n<li>Bandsclingen und Reepschn\u00fcre leicht f\u00e4delbar<\/li>\n<li>kleine L\u00f6cher f\u00fcr Absturzsicherung<\/li>\n<\/ul>\n","protected":false},"featured_media":3239,"comment_status":"open","ping_status":"closed","template":"","meta":[],"product_brand":[],"product_cat":[31,37,4650,7176],"product_tag":[262,2038,7242],"class_list":{"0":"post-3283","1":"product","2":"type-product","3":"status-publish","4":"has-post-thumbnail","6":"product_cat-big-wall-ausruestung","7":"product_cat-felshaken-normalhaken","8":"product_cat-stubai-bergsport","9":"product_cat-stubai-felshaken","10":"product_tag-alpinklettern","11":"product_tag-alpinroute","12":"product_tag-granit","14":"first","15":"instock","16":"sale","17":"taxable","18":"shipping-taxable","19":"purchasable","20":"product-type-simple"},"yoast_head":"<!-- This site is optimized with the Yoast SEO Premium plugin v26.9 (Yoast SEO v26.9) - https:\/\/yoast.com\/product\/yoast-seo-premium-wordpress\/ -->\n<title>Stubai Messerhaken zum Techno Klettern: jetzt online kaufen bei bolting.eu<\/title>\n<meta name=\"description\" content=\"Hier findet ihr den Stubai Messerhaken. Einen Normalhaken f\u00fcr kleinste Risse im Granit und Gneis. Made in \ud83c\udde6\ud83c\uddf9 Austria!\" \/>\n<meta name=\"robots\" content=\"index, follow, max-snippet:-1, max-image-preview:large, max-video-preview:-1\" \/>\n<link rel=\"canonical\" href=\"https:\/\/bolting.eu\/en\/shop\/stubai-messerhaken\/\" \/>\n<meta property=\"og:locale\" content=\"en_US\" \/>\n<meta property=\"og:type\" content=\"article\" \/>\n<meta property=\"og:title\" content=\"Stubai Messerhaken 35mm\" \/>\n<meta property=\"og:description\" content=\"Hier findet ihr den Stubai Messerhaken. Einen Normalhaken f\u00fcr kleinste Risse im Granit und Gneis. Made in \ud83c\udde6\ud83c\uddf9 Austria!\" \/>\n<meta property=\"og:url\" content=\"https:\/\/bolting.eu\/en\/shop\/stubai-messerhaken\/\" \/>\n<meta property=\"og:site_name\" content=\"bolting.eu\" \/>\n<meta property=\"article:publisher\" content=\"https:\/\/www.facebook.com\/bolting.eu\" \/>\n<meta property=\"article:modified_time\" content=\"2024-06-02T19:52:45+00:00\" \/>\n<meta property=\"og:image\" content=\"https:\/\/bolting.eu\/wp-content\/uploads\/2020\/04\/Stubai-Felshaken-Messerhaken.jpg\" \/>\n\t<meta property=\"og:image:width\" content=\"700\" \/>\n\t<meta property=\"og:image:height\" content=\"700\" \/>\n\t<meta property=\"og:image:type\" content=\"image\/jpeg\" \/>\n<meta name=\"twitter:card\" content=\"summary_large_image\" \/>\n<meta name=\"twitter:label1\" content=\"Price\" \/>\n\t<meta name=\"twitter:data1\" content=\"&euro;&nbsp;11,40\" \/>\n\t<meta name=\"twitter:label2\" content=\"Availability\" \/>\n\t<meta name=\"twitter:data2\" content=\"In stock\" \/>\n<script type=\"application\/ld+json\" class=\"yoast-schema-graph\">{\"@context\":\"https:\/\/schema.org\",\"@graph\":[{\"@type\":[\"WebPage\",\"ItemPage\"],\"@id\":\"https:\/\/bolting.eu\/en\/shop\/stubai-messerhaken\/\",\"url\":\"https:\/\/bolting.eu\/en\/shop\/stubai-messerhaken\/\",\"name\":\"Stubai Messerhaken zum Techno Klettern: jetzt online kaufen bei bolting.eu\",\"isPartOf\":{\"@id\":\"https:\/\/bolting.eu\/en\/#website\"},\"primaryImageOfPage\":{\"@id\":\"https:\/\/bolting.eu\/en\/shop\/stubai-messerhaken\/#primaryimage\"},\"image\":{\"@id\":\"https:\/\/bolting.eu\/en\/shop\/stubai-messerhaken\/#primaryimage\"},\"thumbnailUrl\":\"https:\/\/bolting.eu\/wp-content\/uploads\/2020\/04\/Stubai-Felshaken-Messerhaken.jpg\",\"datePublished\":\"2020-04-11T09:58:13+00:00\",\"dateModified\":\"2024-06-02T19:52:45+00:00\",\"description\":\"Hier findet ihr den Stubai Messerhaken. Einen Normalhaken f\u00fcr kleinste Risse im Granit und Gneis. Made in \ud83c\udde6\ud83c\uddf9 Austria!\",\"breadcrumb\":{\"@id\":\"https:\/\/bolting.eu\/en\/shop\/stubai-messerhaken\/#breadcrumb\"},\"inLanguage\":\"en-US\",\"potentialAction\":[{\"@type\":\"ReadAction\",\"target\":[\"https:\/\/bolting.eu\/en\/shop\/stubai-messerhaken\/\"]}]},{\"@type\":\"ImageObject\",\"inLanguage\":\"en-US\",\"@id\":\"https:\/\/bolting.eu\/en\/shop\/stubai-messerhaken\/#primaryimage\",\"url\":\"https:\/\/bolting.eu\/wp-content\/uploads\/2020\/04\/Stubai-Felshaken-Messerhaken.jpg\",\"contentUrl\":\"https:\/\/bolting.eu\/wp-content\/uploads\/2020\/04\/Stubai-Felshaken-Messerhaken.jpg\",\"width\":700,\"height\":700,\"caption\":\"Das Bild zeigt den dunkelgrauen Stubai Messerhaken- Er liegt schr\u00e4g im Bild. Man erkennt alle produktdetails sehr gut. Insbesonders die schmale Bauweise.\"},{\"@type\":\"BreadcrumbList\",\"@id\":\"https:\/\/bolting.eu\/en\/shop\/stubai-messerhaken\/#breadcrumb\",\"itemListElement\":[{\"@type\":\"ListItem\",\"position\":1,\"name\":\"Shop\",\"item\":\"https:\/\/bolting.eu\/en\/shop\/\"},{\"@type\":\"ListItem\",\"position\":2,\"name\":\"bolting products\",\"item\":\"https:\/\/bolting.eu\/en\/produkt-kategorie\/bolting-products\/\"},{\"@type\":\"ListItem\",\"position\":3,\"name\":\"piton - Normal hook\",\"item\":\"https:\/\/bolting.eu\/en\/produkt-kategorie\/piton-normal-hook\/\"},{\"@type\":\"ListItem\",\"position\":4,\"name\":\"Stubai Messerhaken 35mm\"}]},{\"@type\":\"WebSite\",\"@id\":\"https:\/\/bolting.eu\/en\/#website\",\"url\":\"https:\/\/bolting.eu\/en\/\",\"name\":\"bolting.eu\",\"description\":\"we make climbs happen\",\"publisher\":{\"@id\":\"https:\/\/bolting.eu\/en\/#organization\"},\"potentialAction\":[{\"@type\":\"SearchAction\",\"target\":{\"@type\":\"EntryPoint\",\"urlTemplate\":\"https:\/\/bolting.eu\/en\/?s={search_term_string}\"},\"query-input\":{\"@type\":\"PropertyValueSpecification\",\"valueRequired\":true,\"valueName\":\"search_term_string\"}}],\"inLanguage\":\"en-US\"},{\"@type\":[\"Organization\",\"Place\",\"SportingGoodsStore\"],\"@id\":\"https:\/\/bolting.eu\/en\/#organization\",\"name\":\"bolting.eu\",\"url\":\"https:\/\/bolting.eu\/en\/\",\"logo\":{\"@id\":\"https:\/\/bolting.eu\/en\/shop\/stubai-messerhaken\/#local-main-organization-logo\"},\"image\":{\"@id\":\"https:\/\/bolting.eu\/en\/shop\/stubai-messerhaken\/#local-main-organization-logo\"},\"sameAs\":[\"https:\/\/www.facebook.com\/bolting.eu\",\"https:\/\/www.instagram.com\/bolting.eu\/\"],\"address\":{\"@id\":\"https:\/\/bolting.eu\/en\/shop\/stubai-messerhaken\/#local-main-place-address\"},\"geo\":{\"@type\":\"GeoCoordinates\",\"latitude\":\"47.264176340396226\",\"longitude\":\"11.380109057672346\"},\"telephone\":[\"+43 699 19083372\"],\"openingHoursSpecification\":[{\"@type\":\"OpeningHoursSpecification\",\"dayOfWeek\":[\"Monday\",\"Wednesday\",\"Friday\"],\"opens\":\"14:00\",\"closes\":\"18:00\"},{\"@type\":\"OpeningHoursSpecification\",\"dayOfWeek\":[\"Tuesday\",\"Thursday\",\"Saturday\",\"Sunday\"],\"opens\":\"00:00\",\"closes\":\"00:00\"}],\"email\":\"office@bolting.eu\",\"vatID\":\"ATU59999728\",\"priceRange\":\"$$\",\"currenciesAccepted\":\"Euro\"},{\"@type\":\"PostalAddress\",\"@id\":\"https:\/\/bolting.eu\/en\/shop\/stubai-messerhaken\/#local-main-place-address\",\"streetAddress\":\"Fischnalerstra\u00dfe 4\",\"addressLocality\":\"Innsbruck\",\"postalCode\":\"6020\",\"addressRegion\":\"Tirol\",\"addressCountry\":\"AT\"},{\"@type\":\"ImageObject\",\"inLanguage\":\"en-US\",\"@id\":\"https:\/\/bolting.eu\/en\/shop\/stubai-messerhaken\/#local-main-organization-logo\",\"url\":\"https:\/\/bolting.eu\/wp-content\/uploads\/2019\/09\/bolting-logo.png\",\"contentUrl\":\"https:\/\/bolting.eu\/wp-content\/uploads\/2019\/09\/bolting-logo.png\",\"width\":400,\"height\":211,\"caption\":\"bolting.eu\"}]}<\/script>\n<meta property=\"product:price:amount\" content=\"11.40\" \/>\n<meta property=\"product:price:currency\" content=\"EUR\" \/>\n<meta property=\"og:availability\" content=\"instock\" \/>\n<meta property=\"product:availability\" content=\"instock\" \/>\n<meta property=\"product:retailer_item_id\" content=\"939255\" \/>\n<meta property=\"product:condition\" content=\"new\" \/>\n<meta name=\"geo.placename\" content=\"Innsbruck\" \/>\n<meta name=\"geo.position\" content=\"47.264176340396226;11.380109057672346\" \/>\n<meta name=\"geo.region\" content=\"Austria\" \/>\n<!-- \/ Yoast SEO Premium plugin. -->","yoast_head_json":{"title":"Stubai Messerhaken zum Techno Klettern: jetzt online kaufen bei bolting.eu","description":"Hier findet ihr den Stubai Messerhaken. Einen Normalhaken f\u00fcr kleinste Risse im Granit und Gneis. Made in \ud83c\udde6\ud83c\uddf9 Austria!","robots":{"index":"index","follow":"follow","max-snippet":"max-snippet:-1","max-image-preview":"max-image-preview:large","max-video-preview":"max-video-preview:-1"},"canonical":"https:\/\/bolting.eu\/en\/shop\/stubai-messerhaken\/","og_locale":"en_US","og_type":"article","og_title":"Stubai Messerhaken 35mm","og_description":"Hier findet ihr den Stubai Messerhaken. Einen Normalhaken f\u00fcr kleinste Risse im Granit und Gneis. Made in \ud83c\udde6\ud83c\uddf9 Austria!","og_url":"https:\/\/bolting.eu\/en\/shop\/stubai-messerhaken\/","og_site_name":"bolting.eu","article_publisher":"https:\/\/www.facebook.com\/bolting.eu","article_modified_time":"2024-06-02T19:52:45+00:00","og_image":[{"width":700,"height":700,"url":"https:\/\/bolting.eu\/wp-content\/uploads\/2020\/04\/Stubai-Felshaken-Messerhaken.jpg","type":"image\/jpeg"}],"twitter_card":"summary_large_image","twitter_misc":{"Price":"&euro;&nbsp;11,40","Availability":"In stock"},"schema":{"@context":"https:\/\/schema.org","@graph":[{"@type":["WebPage","ItemPage"],"@id":"https:\/\/bolting.eu\/en\/shop\/stubai-messerhaken\/","url":"https:\/\/bolting.eu\/en\/shop\/stubai-messerhaken\/","name":"Stubai Messerhaken zum Techno Klettern: jetzt online kaufen bei bolting.eu","isPartOf":{"@id":"https:\/\/bolting.eu\/en\/#website"},"primaryImageOfPage":{"@id":"https:\/\/bolting.eu\/en\/shop\/stubai-messerhaken\/#primaryimage"},"image":{"@id":"https:\/\/bolting.eu\/en\/shop\/stubai-messerhaken\/#primaryimage"},"thumbnailUrl":"https:\/\/bolting.eu\/wp-content\/uploads\/2020\/04\/Stubai-Felshaken-Messerhaken.jpg","datePublished":"2020-04-11T09:58:13+00:00","dateModified":"2024-06-02T19:52:45+00:00","description":"Hier findet ihr den Stubai Messerhaken. Einen Normalhaken f\u00fcr kleinste Risse im Granit und Gneis. Made in \ud83c\udde6\ud83c\uddf9 Austria!","breadcrumb":{"@id":"https:\/\/bolting.eu\/en\/shop\/stubai-messerhaken\/#breadcrumb"},"inLanguage":"en-US","potentialAction":[{"@type":"ReadAction","target":["https:\/\/bolting.eu\/en\/shop\/stubai-messerhaken\/"]}]},{"@type":"ImageObject","inLanguage":"en-US","@id":"https:\/\/bolting.eu\/en\/shop\/stubai-messerhaken\/#primaryimage","url":"https:\/\/bolting.eu\/wp-content\/uploads\/2020\/04\/Stubai-Felshaken-Messerhaken.jpg","contentUrl":"https:\/\/bolting.eu\/wp-content\/uploads\/2020\/04\/Stubai-Felshaken-Messerhaken.jpg","width":700,"height":700,"caption":"Das Bild zeigt den dunkelgrauen Stubai Messerhaken- Er liegt schr\u00e4g im Bild. Man erkennt alle produktdetails sehr gut. Insbesonders die schmale Bauweise."},{"@type":"BreadcrumbList","@id":"https:\/\/bolting.eu\/en\/shop\/stubai-messerhaken\/#breadcrumb","itemListElement":[{"@type":"ListItem","position":1,"name":"Shop","item":"https:\/\/bolting.eu\/en\/shop\/"},{"@type":"ListItem","position":2,"name":"bolting products","item":"https:\/\/bolting.eu\/en\/produkt-kategorie\/bolting-products\/"},{"@type":"ListItem","position":3,"name":"piton - Normal hook","item":"https:\/\/bolting.eu\/en\/produkt-kategorie\/piton-normal-hook\/"},{"@type":"ListItem","position":4,"name":"Stubai Messerhaken 35mm"}]},{"@type":"WebSite","@id":"https:\/\/bolting.eu\/en\/#website","url":"https:\/\/bolting.eu\/en\/","name":"bolting.eu","description":"we make climbs happen","publisher":{"@id":"https:\/\/bolting.eu\/en\/#organization"},"potentialAction":[{"@type":"SearchAction","target":{"@type":"EntryPoint","urlTemplate":"https:\/\/bolting.eu\/en\/?s={search_term_string}"},"query-input":{"@type":"PropertyValueSpecification","valueRequired":true,"valueName":"search_term_string"}}],"inLanguage":"en-US"},{"@type":["Organization","Place","SportingGoodsStore"],"@id":"https:\/\/bolting.eu\/en\/#organization","name":"bolting.eu","url":"https:\/\/bolting.eu\/en\/","logo":{"@id":"https:\/\/bolting.eu\/en\/shop\/stubai-messerhaken\/#local-main-organization-logo"},"image":{"@id":"https:\/\/bolting.eu\/en\/shop\/stubai-messerhaken\/#local-main-organization-logo"},"sameAs":["https:\/\/www.facebook.com\/bolting.eu","https:\/\/www.instagram.com\/bolting.eu\/"],"address":{"@id":"https:\/\/bolting.eu\/en\/shop\/stubai-messerhaken\/#local-main-place-address"},"geo":{"@type":"GeoCoordinates","latitude":"47.264176340396226","longitude":"11.380109057672346"},"telephone":["+43 699 19083372"],"openingHoursSpecification":[{"@type":"OpeningHoursSpecification","dayOfWeek":["Monday","Wednesday","Friday"],"opens":"14:00","closes":"18:00"},{"@type":"OpeningHoursSpecification","dayOfWeek":["Tuesday","Thursday","Saturday","Sunday"],"opens":"00:00","closes":"00:00"}],"email":"office@bolting.eu","vatID":"ATU59999728","priceRange":"$$","currenciesAccepted":"Euro"},{"@type":"PostalAddress","@id":"https:\/\/bolting.eu\/en\/shop\/stubai-messerhaken\/#local-main-place-address","streetAddress":"Fischnalerstra\u00dfe 4","addressLocality":"Innsbruck","postalCode":"6020","addressRegion":"Tirol","addressCountry":"AT"},{"@type":"ImageObject","inLanguage":"en-US","@id":"https:\/\/bolting.eu\/en\/shop\/stubai-messerhaken\/#local-main-organization-logo","url":"https:\/\/bolting.eu\/wp-content\/uploads\/2019\/09\/bolting-logo.png","contentUrl":"https:\/\/bolting.eu\/wp-content\/uploads\/2019\/09\/bolting-logo.png","width":400,"height":211,"caption":"bolting.eu"}]},"product_price_amount":"11.40","product_price_currency":"EUR","og_availability":"instock","product_availability":"instock","product_retailer_item_id":"939255","product_condition":"new","geo.placename":"Innsbruck","geo.position":{"lat":"47.264176340396226","long":"11.380109057672346"},"geo.region":"Austria"},"_links":{"self":[{"href":"https:\/\/bolting.eu\/en\/wp-json\/wp\/v2\/product\/3283","targetHints":{"allow":["GET"]}}],"collection":[{"href":"https:\/\/bolting.eu\/en\/wp-json\/wp\/v2\/product"}],"about":[{"href":"https:\/\/bolting.eu\/en\/wp-json\/wp\/v2\/types\/product"}],"replies":[{"embeddable":true,"href":"https:\/\/bolting.eu\/en\/wp-json\/wp\/v2\/comments?post=3283"}],"wp:featuredmedia":[{"embeddable":true,"href":"https:\/\/bolting.eu\/en\/wp-json\/wp\/v2\/media\/3239"}],"wp:attachment":[{"href":"https:\/\/bolting.eu\/en\/wp-json\/wp\/v2\/media?parent=3283"}],"wp:term":[{"taxonomy":"product_brand","embeddable":true,"href":"https:\/\/bolting.eu\/en\/wp-json\/wp\/v2\/product_brand?post=3283"},{"taxonomy":"product_cat","embeddable":true,"href":"https:\/\/bolting.eu\/en\/wp-json\/wp\/v2\/product_cat?post=3283"},{"taxonomy":"product_tag","embeddable":true,"href":"https:\/\/bolting.eu\/en\/wp-json\/wp\/v2\/product_tag?post=3283"}],"curies":[{"name":"wp","href":"https:\/\/api.w.org\/{rel}","templated":true}]}}