{"id":32797,"date":"2025-06-10T12:46:52","date_gmt":"2025-06-10T10:46:52","guid":{"rendered":"https:\/\/bolting.eu\/?post_type=product&#038;p=32797"},"modified":"2026-04-08T15:19:55","modified_gmt":"2026-04-08T13:19:55","slug":"beal-sunrise-92mm-umweltfreundliches-seil","status":"publish","type":"product","link":"https:\/\/bolting.eu\/en\/shop\/beal-sunrise-92mm-umweltfreundliches-seil\/","title":{"rendered":"Beal Sunrise 9,2mm umweltfreundliches Seil"},"content":{"rendered":"<p>Das Beal Sunrise 9,2mm ist ein umweltfreundliches Kletterseil. Denn es wird zu 100% aus alten Autoreifen hergestellt.<\/p>\n<p>Somit hat es den &#8211; Stand Sommer 2025 &#8211; kleinsten \u00f6kologischen Fu\u00dfabdruck aller Produkte am Markt. Der CO2 Fu\u00dfabdruck ist gleich 78% geringer als bei vergleichbaren Modellen.<\/p>\n<p>Abgesehen davon \u00fcberzeugt das recycelte Seil mit diesen Features. Erstens die &#8220;Unicore Technologie&#8221;. Zweitens die &#8220;Dry Cover Impr\u00e4gnierung&#8221;. Und drittens die &#8220;Thermofluid&#8221; Technologie.<\/p>\n<p>Fazit. Endlich eine ehrliche umweltfreundliche Alternative f\u00fcr alle, die bei ihrer <a href=\"https:\/\/bolting.eu\/produkt-kategorie\/kletterausruestung\/\">Kletterausr\u00fcstung<\/a> auf die Umwelt schauen wollen.<\/p>\n<h2>Eigenschaften Beal Sunrise<\/h2>\n<ul>\n<li>Hersteller: <a href=\"https:\/\/bolting.eu\/produkt-kategorie\/beal\/\">Beal<\/a><\/li>\n<li>Type: Halbseil<\/li>\n<li>L\u00e4ngen: 60m, 70m, 80m<\/li>\n<li>Farbe: orange<\/li>\n<li>Durchmesser: 9,2mm<\/li>\n<li>Material: Polyamid<\/li>\n<li>Gewicht \/ Meter: 57 Gramm<\/li>\n<li>EN Norm 892<\/li>\n<li>empfohlen f\u00fcr: <strong>Sportklettern<\/strong><\/li>\n<li>Behandlung: <strong>Dry Cover &#8211; Mantel impr\u00e4gniert<\/strong><\/li>\n<li><strong>Technologie: Unicore (Mantel+Kern = 1 Einheit)<\/strong><\/li>\n<li><strong>Thermofluid Technologie<\/strong> f\u00fcr tolles Handling<\/li>\n<li>Mittlere Markierung: nein<\/li>\n<li>Normst\u00fcrze: 5<\/li>\n<li>Mantelanteil: 39%<\/li>\n<li>dyn. Dehnung: 36%<\/li>\n<li>Fangsto\u00df: 7,4kN<\/li>\n<li>Mantelverschiebung: 0,0mm<\/li>\n<li><a href=\"https:\/\/sport.beal-planet.com\/en\/index.php?controller=attachment&amp;id_attachment=6930\" target=\"_blank\" rel=\"noopener\">Bedienungsanleitung<\/a><\/li>\n<\/ul>\n<h3>Umweltfreundliches Kletterseil<\/h3>\n<p>Dieses Modell zum Sportklettern ist aus 100% alten Autoreifen hergestellt. Hierzu hat der Seil Weltmarktf\u00fchrer einen aufwendigen Industrieprozess entwickelt.<\/p>\n<p>Dabei werden aus alten Autoreifen die Polyamid Garne gefertigt, die zur Produktion verwendet werden.<\/p>\n<p>Hierbei fallen nat\u00fcrlich sowohl viel weniger Energie als auch Rohstoffe an. Somit kann der CO2 Fu\u00dfabdruck um 78% verringert werden.<\/p>\n<p>Endlich eine ehrliche Alternative f\u00fcr alle, welche bei ihrer Ausr\u00fcstung auch auf die Umwelt schauen wollen!<\/p>\n<p>Gibt es auch als <a href=\"https:\/\/bolting.eu\/shop\/beal-sunup-84mm-halbseile\/\">Halbseil Sunup 8,4mm<\/a>!<\/p>\n","protected":false},"excerpt":{"rendered":"<p>Umweltfreundliches 9,2mm Kletterseil aus 100% recycelten Autoreifen. Verringert den CO2 Aussto\u00df gegen\u00fcber vergleichbaren Modellen um 78%!<\/p>\n<p>Mit Unicore Technologie, Dry Cover Impr\u00e4gnierung und Thermofluid f\u00fcr tolles Handling.<\/p>\n<p>Versandkostenfrei bis 2kg in\u00a0<img decoding=\"async\" class=\"emoji\" role=\"img\" draggable=\"false\" src=\"https:\/\/s.w.org\/images\/core\/emoji\/14.0.0\/svg\/1f1e6-1f1f9.svg\" alt=\"\ud83c\udde6\ud83c\uddf9\" \/>\u00a0ab \u20ac 100,- und\u00a0<img decoding=\"async\" class=\"emoji\" role=\"img\" draggable=\"false\" src=\"https:\/\/s.w.org\/images\/core\/emoji\/14.0.0\/svg\/1f1e9-1f1ea.svg\" alt=\"\ud83c\udde9\ud83c\uddea\" \/>\u00a0ab \u20ac 200,-!<\/p>\n","protected":false},"featured_media":32798,"comment_status":"closed","ping_status":"closed","template":"","meta":[],"product_brand":[],"product_cat":[29,4663,6727,14319],"product_tag":[],"class_list":{"0":"post-32797","1":"product","2":"type-product","3":"status-publish","4":"has-post-thumbnail","6":"product_cat-kletterausruestung","7":"product_cat-beal","8":"product_cat-kletterseil","9":"product_cat-sale-klettern","11":"first","12":"instock","13":"sale","14":"taxable","15":"shipping-taxable","16":"purchasable","17":"product-type-variable"},"yoast_head":"<!-- This site is optimized with the Yoast SEO Premium plugin v26.9 (Yoast SEO v26.9) - https:\/\/yoast.com\/product\/yoast-seo-premium-wordpress\/ -->\n<title>Beal Sunrise 9,2mm umweltfreundliches Seil | bolting.eu<\/title>\n<meta name=\"description\" content=\"BEAL Sunrise umweltfreundliches Kletterseil beim Kletterprofi kaufen \u2705 Trusted Shop \u2705 kostenloser Versand* \u2705 14 Tage R\u00fcckgaberecht \u2705 Co2 neutrale Zustellung\" \/>\n<meta name=\"robots\" content=\"index, follow, max-snippet:-1, max-image-preview:large, max-video-preview:-1\" \/>\n<link rel=\"canonical\" href=\"https:\/\/bolting.eu\/en\/shop\/beal-sunrise-92mm-umweltfreundliches-seil\/\" \/>\n<meta property=\"og:locale\" content=\"en_US\" \/>\n<meta property=\"og:type\" content=\"article\" \/>\n<meta property=\"og:title\" content=\"Beal Sunrise 9,2mm umweltfreundliches Seil\" \/>\n<meta property=\"og:description\" content=\"BEAL Sunrise umweltfreundliches Kletterseil beim Kletterprofi kaufen \u2705 Trusted Shop \u2705 kostenloser Versand* \u2705 14 Tage R\u00fcckgaberecht \u2705 Co2 neutrale Zustellung\" \/>\n<meta property=\"og:url\" content=\"https:\/\/bolting.eu\/en\/shop\/beal-sunrise-92mm-umweltfreundliches-seil\/\" \/>\n<meta property=\"og:site_name\" content=\"bolting.eu\" \/>\n<meta property=\"article:publisher\" content=\"https:\/\/www.facebook.com\/bolting.eu\" \/>\n<meta property=\"article:modified_time\" content=\"2026-04-08T13:19:55+00:00\" \/>\n<meta property=\"og:image\" content=\"https:\/\/bolting.eu\/wp-content\/uploads\/2025\/06\/Beal-Sunrise-umweltfreundliches-Kletterseil-1.jpg\" \/>\n\t<meta property=\"og:image:width\" content=\"700\" \/>\n\t<meta property=\"og:image:height\" content=\"700\" \/>\n\t<meta property=\"og:image:type\" content=\"image\/jpeg\" \/>\n<meta name=\"twitter:card\" content=\"summary_large_image\" \/>\n<meta name=\"twitter:label1\" content=\"Availability\" \/>\n\t<meta name=\"twitter:data1\" content=\"In stock\" \/>\n<script type=\"application\/ld+json\" class=\"yoast-schema-graph\">{\"@context\":\"https:\/\/schema.org\",\"@graph\":[{\"@type\":[\"WebPage\",\"ItemPage\"],\"@id\":\"https:\/\/bolting.eu\/en\/shop\/beal-sunrise-92mm-umweltfreundliches-seil\/\",\"url\":\"https:\/\/bolting.eu\/en\/shop\/beal-sunrise-92mm-umweltfreundliches-seil\/\",\"name\":\"Beal Sunrise 9,2mm umweltfreundliches Seil | bolting.eu\",\"isPartOf\":{\"@id\":\"https:\/\/bolting.eu\/en\/#website\"},\"primaryImageOfPage\":{\"@id\":\"https:\/\/bolting.eu\/en\/shop\/beal-sunrise-92mm-umweltfreundliches-seil\/#primaryimage\"},\"image\":{\"@id\":\"https:\/\/bolting.eu\/en\/shop\/beal-sunrise-92mm-umweltfreundliches-seil\/#primaryimage\"},\"thumbnailUrl\":\"https:\/\/bolting.eu\/wp-content\/uploads\/2025\/06\/Beal-Sunrise-umweltfreundliches-Kletterseil-1.jpg\",\"datePublished\":\"2025-06-10T10:46:52+00:00\",\"dateModified\":\"2026-04-08T13:19:55+00:00\",\"description\":\"BEAL Sunrise umweltfreundliches Kletterseil beim Kletterprofi kaufen \u2705 Trusted Shop \u2705 kostenloser Versand* \u2705 14 Tage R\u00fcckgaberecht \u2705 Co2 neutrale Zustellung\",\"breadcrumb\":{\"@id\":\"https:\/\/bolting.eu\/en\/shop\/beal-sunrise-92mm-umweltfreundliches-seil\/#breadcrumb\"},\"inLanguage\":\"en-US\",\"potentialAction\":[{\"@type\":\"ReadAction\",\"target\":[\"https:\/\/bolting.eu\/en\/shop\/beal-sunrise-92mm-umweltfreundliches-seil\/\"]}]},{\"@type\":\"ImageObject\",\"inLanguage\":\"en-US\",\"@id\":\"https:\/\/bolting.eu\/en\/shop\/beal-sunrise-92mm-umweltfreundliches-seil\/#primaryimage\",\"url\":\"https:\/\/bolting.eu\/wp-content\/uploads\/2025\/06\/Beal-Sunrise-umweltfreundliches-Kletterseil-1.jpg\",\"contentUrl\":\"https:\/\/bolting.eu\/wp-content\/uploads\/2025\/06\/Beal-Sunrise-umweltfreundliches-Kletterseil-1.jpg\",\"width\":700,\"height\":700,\"caption\":\"Oranger Strang Beal Sunrise umweltfreundliches Kletterseil vertikal im Bild mit Originalverpackung.\"},{\"@type\":\"BreadcrumbList\",\"@id\":\"https:\/\/bolting.eu\/en\/shop\/beal-sunrise-92mm-umweltfreundliches-seil\/#breadcrumb\",\"itemListElement\":[{\"@type\":\"ListItem\",\"position\":1,\"name\":\"Shop\",\"item\":\"https:\/\/bolting.eu\/en\/shop\/\"},{\"@type\":\"ListItem\",\"position\":2,\"name\":\"climbing equipment\",\"item\":\"https:\/\/bolting.eu\/en\/produkt-kategorie\/climbing-equipment\/\"},{\"@type\":\"ListItem\",\"position\":3,\"name\":\"Kletterseil\",\"item\":\"https:\/\/bolting.eu\/produkt-kategorie\/kletterausruestung\/kletterseil\/\"},{\"@type\":\"ListItem\",\"position\":4,\"name\":\"Beal Sunrise 9,2mm umweltfreundliches Seil\"}]},{\"@type\":\"WebSite\",\"@id\":\"https:\/\/bolting.eu\/en\/#website\",\"url\":\"https:\/\/bolting.eu\/en\/\",\"name\":\"bolting.eu\",\"description\":\"we make climbs happen\",\"publisher\":{\"@id\":\"https:\/\/bolting.eu\/en\/#organization\"},\"potentialAction\":[{\"@type\":\"SearchAction\",\"target\":{\"@type\":\"EntryPoint\",\"urlTemplate\":\"https:\/\/bolting.eu\/en\/?s={search_term_string}\"},\"query-input\":{\"@type\":\"PropertyValueSpecification\",\"valueRequired\":true,\"valueName\":\"search_term_string\"}}],\"inLanguage\":\"en-US\"},{\"@type\":[\"Organization\",\"Place\",\"SportingGoodsStore\"],\"@id\":\"https:\/\/bolting.eu\/en\/#organization\",\"name\":\"bolting.eu\",\"url\":\"https:\/\/bolting.eu\/en\/\",\"logo\":{\"@id\":\"https:\/\/bolting.eu\/en\/shop\/beal-sunrise-92mm-umweltfreundliches-seil\/#local-main-organization-logo\"},\"image\":{\"@id\":\"https:\/\/bolting.eu\/en\/shop\/beal-sunrise-92mm-umweltfreundliches-seil\/#local-main-organization-logo\"},\"sameAs\":[\"https:\/\/www.facebook.com\/bolting.eu\",\"https:\/\/www.instagram.com\/bolting.eu\/\"],\"address\":{\"@id\":\"https:\/\/bolting.eu\/en\/shop\/beal-sunrise-92mm-umweltfreundliches-seil\/#local-main-place-address\"},\"geo\":{\"@type\":\"GeoCoordinates\",\"latitude\":\"47.264176340396226\",\"longitude\":\"11.380109057672346\"},\"telephone\":[\"+43 699 19083372\"],\"openingHoursSpecification\":[{\"@type\":\"OpeningHoursSpecification\",\"dayOfWeek\":[\"Monday\",\"Wednesday\",\"Friday\"],\"opens\":\"14:00\",\"closes\":\"18:00\"},{\"@type\":\"OpeningHoursSpecification\",\"dayOfWeek\":[\"Tuesday\",\"Thursday\",\"Saturday\",\"Sunday\"],\"opens\":\"00:00\",\"closes\":\"00:00\"}],\"email\":\"office@bolting.eu\",\"vatID\":\"ATU59999728\",\"priceRange\":\"$$\",\"currenciesAccepted\":\"Euro\"},{\"@type\":\"PostalAddress\",\"@id\":\"https:\/\/bolting.eu\/en\/shop\/beal-sunrise-92mm-umweltfreundliches-seil\/#local-main-place-address\",\"streetAddress\":\"Fischnalerstra\u00dfe 4\",\"addressLocality\":\"Innsbruck\",\"postalCode\":\"6020\",\"addressRegion\":\"Tirol\",\"addressCountry\":\"AT\"},{\"@type\":\"ImageObject\",\"inLanguage\":\"en-US\",\"@id\":\"https:\/\/bolting.eu\/en\/shop\/beal-sunrise-92mm-umweltfreundliches-seil\/#local-main-organization-logo\",\"url\":\"https:\/\/bolting.eu\/wp-content\/uploads\/2019\/09\/bolting-logo.png\",\"contentUrl\":\"https:\/\/bolting.eu\/wp-content\/uploads\/2019\/09\/bolting-logo.png\",\"width\":400,\"height\":211,\"caption\":\"bolting.eu\"}]}<\/script>\n<meta property=\"og:availability\" content=\"instock\" \/>\n<meta property=\"product:availability\" content=\"instock\" \/>\n<meta property=\"product:condition\" content=\"new\" \/>\n<meta name=\"geo.placename\" content=\"Innsbruck\" \/>\n<meta name=\"geo.position\" content=\"47.264176340396226;11.380109057672346\" \/>\n<meta name=\"geo.region\" content=\"Austria\" \/>\n<!-- \/ Yoast SEO Premium plugin. -->","yoast_head_json":{"title":"Beal Sunrise 9,2mm umweltfreundliches Seil | bolting.eu","description":"BEAL Sunrise umweltfreundliches Kletterseil beim Kletterprofi kaufen \u2705 Trusted Shop \u2705 kostenloser Versand* \u2705 14 Tage R\u00fcckgaberecht \u2705 Co2 neutrale Zustellung","robots":{"index":"index","follow":"follow","max-snippet":"max-snippet:-1","max-image-preview":"max-image-preview:large","max-video-preview":"max-video-preview:-1"},"canonical":"https:\/\/bolting.eu\/en\/shop\/beal-sunrise-92mm-umweltfreundliches-seil\/","og_locale":"en_US","og_type":"article","og_title":"Beal Sunrise 9,2mm umweltfreundliches Seil","og_description":"BEAL Sunrise umweltfreundliches Kletterseil beim Kletterprofi kaufen \u2705 Trusted Shop \u2705 kostenloser Versand* \u2705 14 Tage R\u00fcckgaberecht \u2705 Co2 neutrale Zustellung","og_url":"https:\/\/bolting.eu\/en\/shop\/beal-sunrise-92mm-umweltfreundliches-seil\/","og_site_name":"bolting.eu","article_publisher":"https:\/\/www.facebook.com\/bolting.eu","article_modified_time":"2026-04-08T13:19:55+00:00","og_image":[{"width":700,"height":700,"url":"https:\/\/bolting.eu\/wp-content\/uploads\/2025\/06\/Beal-Sunrise-umweltfreundliches-Kletterseil-1.jpg","type":"image\/jpeg"}],"twitter_card":"summary_large_image","twitter_misc":{"Availability":"In stock"},"schema":{"@context":"https:\/\/schema.org","@graph":[{"@type":["WebPage","ItemPage"],"@id":"https:\/\/bolting.eu\/en\/shop\/beal-sunrise-92mm-umweltfreundliches-seil\/","url":"https:\/\/bolting.eu\/en\/shop\/beal-sunrise-92mm-umweltfreundliches-seil\/","name":"Beal Sunrise 9,2mm umweltfreundliches Seil | bolting.eu","isPartOf":{"@id":"https:\/\/bolting.eu\/en\/#website"},"primaryImageOfPage":{"@id":"https:\/\/bolting.eu\/en\/shop\/beal-sunrise-92mm-umweltfreundliches-seil\/#primaryimage"},"image":{"@id":"https:\/\/bolting.eu\/en\/shop\/beal-sunrise-92mm-umweltfreundliches-seil\/#primaryimage"},"thumbnailUrl":"https:\/\/bolting.eu\/wp-content\/uploads\/2025\/06\/Beal-Sunrise-umweltfreundliches-Kletterseil-1.jpg","datePublished":"2025-06-10T10:46:52+00:00","dateModified":"2026-04-08T13:19:55+00:00","description":"BEAL Sunrise umweltfreundliches Kletterseil beim Kletterprofi kaufen \u2705 Trusted Shop \u2705 kostenloser Versand* \u2705 14 Tage R\u00fcckgaberecht \u2705 Co2 neutrale Zustellung","breadcrumb":{"@id":"https:\/\/bolting.eu\/en\/shop\/beal-sunrise-92mm-umweltfreundliches-seil\/#breadcrumb"},"inLanguage":"en-US","potentialAction":[{"@type":"ReadAction","target":["https:\/\/bolting.eu\/en\/shop\/beal-sunrise-92mm-umweltfreundliches-seil\/"]}]},{"@type":"ImageObject","inLanguage":"en-US","@id":"https:\/\/bolting.eu\/en\/shop\/beal-sunrise-92mm-umweltfreundliches-seil\/#primaryimage","url":"https:\/\/bolting.eu\/wp-content\/uploads\/2025\/06\/Beal-Sunrise-umweltfreundliches-Kletterseil-1.jpg","contentUrl":"https:\/\/bolting.eu\/wp-content\/uploads\/2025\/06\/Beal-Sunrise-umweltfreundliches-Kletterseil-1.jpg","width":700,"height":700,"caption":"Oranger Strang Beal Sunrise umweltfreundliches Kletterseil vertikal im Bild mit Originalverpackung."},{"@type":"BreadcrumbList","@id":"https:\/\/bolting.eu\/en\/shop\/beal-sunrise-92mm-umweltfreundliches-seil\/#breadcrumb","itemListElement":[{"@type":"ListItem","position":1,"name":"Shop","item":"https:\/\/bolting.eu\/en\/shop\/"},{"@type":"ListItem","position":2,"name":"climbing equipment","item":"https:\/\/bolting.eu\/en\/produkt-kategorie\/climbing-equipment\/"},{"@type":"ListItem","position":3,"name":"Kletterseil","item":"https:\/\/bolting.eu\/produkt-kategorie\/kletterausruestung\/kletterseil\/"},{"@type":"ListItem","position":4,"name":"Beal Sunrise 9,2mm umweltfreundliches Seil"}]},{"@type":"WebSite","@id":"https:\/\/bolting.eu\/en\/#website","url":"https:\/\/bolting.eu\/en\/","name":"bolting.eu","description":"we make climbs happen","publisher":{"@id":"https:\/\/bolting.eu\/en\/#organization"},"potentialAction":[{"@type":"SearchAction","target":{"@type":"EntryPoint","urlTemplate":"https:\/\/bolting.eu\/en\/?s={search_term_string}"},"query-input":{"@type":"PropertyValueSpecification","valueRequired":true,"valueName":"search_term_string"}}],"inLanguage":"en-US"},{"@type":["Organization","Place","SportingGoodsStore"],"@id":"https:\/\/bolting.eu\/en\/#organization","name":"bolting.eu","url":"https:\/\/bolting.eu\/en\/","logo":{"@id":"https:\/\/bolting.eu\/en\/shop\/beal-sunrise-92mm-umweltfreundliches-seil\/#local-main-organization-logo"},"image":{"@id":"https:\/\/bolting.eu\/en\/shop\/beal-sunrise-92mm-umweltfreundliches-seil\/#local-main-organization-logo"},"sameAs":["https:\/\/www.facebook.com\/bolting.eu","https:\/\/www.instagram.com\/bolting.eu\/"],"address":{"@id":"https:\/\/bolting.eu\/en\/shop\/beal-sunrise-92mm-umweltfreundliches-seil\/#local-main-place-address"},"geo":{"@type":"GeoCoordinates","latitude":"47.264176340396226","longitude":"11.380109057672346"},"telephone":["+43 699 19083372"],"openingHoursSpecification":[{"@type":"OpeningHoursSpecification","dayOfWeek":["Monday","Wednesday","Friday"],"opens":"14:00","closes":"18:00"},{"@type":"OpeningHoursSpecification","dayOfWeek":["Tuesday","Thursday","Saturday","Sunday"],"opens":"00:00","closes":"00:00"}],"email":"office@bolting.eu","vatID":"ATU59999728","priceRange":"$$","currenciesAccepted":"Euro"},{"@type":"PostalAddress","@id":"https:\/\/bolting.eu\/en\/shop\/beal-sunrise-92mm-umweltfreundliches-seil\/#local-main-place-address","streetAddress":"Fischnalerstra\u00dfe 4","addressLocality":"Innsbruck","postalCode":"6020","addressRegion":"Tirol","addressCountry":"AT"},{"@type":"ImageObject","inLanguage":"en-US","@id":"https:\/\/bolting.eu\/en\/shop\/beal-sunrise-92mm-umweltfreundliches-seil\/#local-main-organization-logo","url":"https:\/\/bolting.eu\/wp-content\/uploads\/2019\/09\/bolting-logo.png","contentUrl":"https:\/\/bolting.eu\/wp-content\/uploads\/2019\/09\/bolting-logo.png","width":400,"height":211,"caption":"bolting.eu"}]},"og_availability":"instock","product_availability":"instock","product_condition":"new","geo.placename":"Innsbruck","geo.position":{"lat":"47.264176340396226","long":"11.380109057672346"},"geo.region":"Austria"},"_links":{"self":[{"href":"https:\/\/bolting.eu\/en\/wp-json\/wp\/v2\/product\/32797","targetHints":{"allow":["GET"]}}],"collection":[{"href":"https:\/\/bolting.eu\/en\/wp-json\/wp\/v2\/product"}],"about":[{"href":"https:\/\/bolting.eu\/en\/wp-json\/wp\/v2\/types\/product"}],"replies":[{"embeddable":true,"href":"https:\/\/bolting.eu\/en\/wp-json\/wp\/v2\/comments?post=32797"}],"wp:featuredmedia":[{"embeddable":true,"href":"https:\/\/bolting.eu\/en\/wp-json\/wp\/v2\/media\/32798"}],"wp:attachment":[{"href":"https:\/\/bolting.eu\/en\/wp-json\/wp\/v2\/media?parent=32797"}],"wp:term":[{"taxonomy":"product_brand","embeddable":true,"href":"https:\/\/bolting.eu\/en\/wp-json\/wp\/v2\/product_brand?post=32797"},{"taxonomy":"product_cat","embeddable":true,"href":"https:\/\/bolting.eu\/en\/wp-json\/wp\/v2\/product_cat?post=32797"},{"taxonomy":"product_tag","embeddable":true,"href":"https:\/\/bolting.eu\/en\/wp-json\/wp\/v2\/product_tag?post=32797"}],"curies":[{"name":"wp","href":"https:\/\/api.w.org\/{rel}","templated":true}]}}