{"id":32790,"date":"2025-06-10T11:38:32","date_gmt":"2025-06-10T09:38:32","guid":{"rendered":"https:\/\/bolting.eu\/?post_type=product&#038;p=32790"},"modified":"2026-04-23T22:40:21","modified_gmt":"2026-04-23T20:40:21","slug":"beal-sunup-84mm-halbseile","status":"publish","type":"product","link":"https:\/\/bolting.eu\/en\/shop\/beal-sunup-84mm-halbseile\/","title":{"rendered":"Beal Sunup 8,4mm Halbseile"},"content":{"rendered":"<p>Die Beal Sunup 8,4mm Halbseile sind eine klasse Sache. Denn sie sind die ersten ihrer Art aus 100% recyceltem Kunststoff.<\/p>\n<p>Hierf\u00fcr werden die Polyamid Fasern f\u00fcr das Kletterseil zu 100% aus alten Autoreifen hergestellt. Somit verringert sich der CO2 Fu\u00dfabdruck um ca. 78%.<\/p>\n<p>Neben den \u00f6kologischen Vorteilen \u00fcberzeugt dieses Produkt aber durch seine hochwertigen Features. Erstens die &#8220;Unicore&#8221; Technologie. Zweitens die &#8220;Dy Cover Impr\u00e4gnierung&#8221;. Und drittens &#8220;Thermofluid Technologie&#8221;.<\/p>\n<p>Fazit. Endlich ein hochwertiges und umweltfreundliches Kletterseil f\u00fcr\u00b4s Alpinklettern. Gibt es als &#8220;Sunrise&#8221; auch als 9,2mm Einfachseil!<\/p>\n<h2>Eigenschaften Beal Sunup Halbseile<\/h2>\n<ul>\n<li>Hersteller:\u00a0<a href=\"https:\/\/bolting.eu\/produkt-kategorie\/beal\/\">Beal<\/a><\/li>\n<li>Type: Halbseil<\/li>\n<li>L\u00e4ngen: 50m oder 60m<\/li>\n<li><strong>Lieferumfang: 1 Strang orange und 1 Strang purple (gesamt 2 Str\u00e4nge)<\/strong><\/li>\n<li>Farben: orange und purple<\/li>\n<li>Durchmesser: 8,4 mm<\/li>\n<li>Material: 100% Polyamid aus recycelten Autoreifen<\/li>\n<li>Gewicht \/ Meter: 49 Gramm<\/li>\n<li>EN Norm 892<\/li>\n<li>Behandlung: <strong>Dry Cover \u2013 Mantel impr\u00e4gniert<\/strong><\/li>\n<li><strong>Technologie: Unicore (Mantel+Kern = 1 Einheit)<\/strong><\/li>\n<li><strong>Thermofluid Technologie<\/strong> f\u00fcr tolles Handling<\/li>\n<li>Mittlere Markierung: yes<\/li>\n<li>Normst\u00fcrze: 8<\/li>\n<li>Mantelanteil: 41%<\/li>\n<li>dyn. Dehnung: 35%<\/li>\n<li>Fangsto\u00df: 5,4 kN<\/li>\n<li>Mantelverschiebung: 0,0mm<\/li>\n<li><a href=\"https:\/\/int.beal-planet.com\/products\/sunup-8-4mm-pack?pr_prod_strat=e5_desc&amp;pr_rec_id=84eedb6ff&amp;pr_rec_pid=8732428304619&amp;pr_ref_pid=8732428468459&amp;pr_seq=uniform#:~:text=Notice-,Download,-Our%20eco%2Dresponsible\" target=\"_blank\" rel=\"noopener\">Bedienungsanleitung<\/a><\/li>\n<\/ul>\n<h3>Umweltfreundliches Kletterseil<\/h3>\n<p>Beal ist der einzige Hersteller weltweit, der Produkte aus 100% recycelten Materialien herstellt.<\/p>\n<p>Hierzu hat der Seil Weltmarktf\u00fchrer einen aufwendigen Prozess erfunden, bei dem aus alten Autoreifen die Polyamid Garne gewonnen werden.<\/p>\n<p>Das verringert sowohl die ben\u00f6tigte Energie aus auch die ben\u00f6tigten Grundmaterialien.<\/p>\n<p>Somit hat ein Sunup Halbseil einen ca. 78% kleineren CO2 Fu\u00dfabdruck als vergleichbare Modelle.<\/p>\n","protected":false},"excerpt":{"rendered":"<p>Die Beal Sunup 8,4mm sind die ersten Halbseile der Welt aus <strong>100% recyceltem Material<\/strong>. Somit haben sie einen 7<strong>8% geringeren CO2 Fu\u00dfabdruck<\/strong> als vergleichbare Modelle<\/p>\n<p><strong>UNICORE Technology<\/strong>, <strong>Dry Cover Impr\u00e4gnierung<\/strong> und das geschmeidiges<strong> &#8220;Thermofluid&#8221;<\/strong> Handling zeichnen dieses Seil weiters aus.<\/p>\n<p>Versandkostenfrei bis 2kg in\u00a0<img decoding=\"async\" class=\"emoji\" role=\"img\" draggable=\"false\" src=\"https:\/\/s.w.org\/images\/core\/emoji\/14.0.0\/svg\/1f1e6-1f1f9.svg\" alt=\"\ud83c\udde6\ud83c\uddf9\" \/>\u00a0ab \u20ac 100,- und\u00a0<img decoding=\"async\" class=\"emoji\" role=\"img\" draggable=\"false\" src=\"https:\/\/s.w.org\/images\/core\/emoji\/14.0.0\/svg\/1f1e9-1f1ea.svg\" alt=\"\ud83c\udde9\ud83c\uddea\" \/>\u00a0ab \u20ac 200,-!<\/p>\n","protected":false},"featured_media":32791,"comment_status":"closed","ping_status":"closed","template":"","meta":[],"product_brand":[],"product_cat":[29,4663,6727,14319],"product_tag":[],"class_list":{"0":"post-32790","1":"product","2":"type-product","3":"status-publish","4":"has-post-thumbnail","6":"product_cat-kletterausruestung","7":"product_cat-beal","8":"product_cat-kletterseil","9":"product_cat-sale-klettern","11":"first","12":"instock","13":"sale","14":"taxable","15":"shipping-taxable","16":"purchasable","17":"product-type-variable"},"yoast_head":"<!-- This site is optimized with the Yoast SEO Premium plugin v26.9 (Yoast SEO v26.9) - https:\/\/yoast.com\/product\/yoast-seo-premium-wordpress\/ -->\n<title>Beal Sunup 8,4mm Halbseile | bolting.eu<\/title>\n<meta name=\"description\" content=\"BEAL Sunup 8,4mm Halbseile beim Kletterprofi kaufen \u2705 Trusted Shop \u2705 kostenloser Versand* \u2705 14 Tage R\u00fcckgaberecht \u2705 Co2 neutrale Zustellung\" \/>\n<meta name=\"robots\" content=\"index, follow, max-snippet:-1, max-image-preview:large, max-video-preview:-1\" \/>\n<link rel=\"canonical\" href=\"https:\/\/bolting.eu\/en\/shop\/beal-sunup-84mm-halbseile\/\" \/>\n<meta property=\"og:locale\" content=\"en_US\" \/>\n<meta property=\"og:type\" content=\"article\" \/>\n<meta property=\"og:title\" content=\"Beal Sunup 8,4mm Halbseile\" \/>\n<meta property=\"og:description\" content=\"BEAL Sunup 8,4mm Halbseile beim Kletterprofi kaufen \u2705 Trusted Shop \u2705 kostenloser Versand* \u2705 14 Tage R\u00fcckgaberecht \u2705 Co2 neutrale Zustellung\" \/>\n<meta property=\"og:url\" content=\"https:\/\/bolting.eu\/en\/shop\/beal-sunup-84mm-halbseile\/\" \/>\n<meta property=\"og:site_name\" content=\"bolting.eu\" \/>\n<meta property=\"article:publisher\" content=\"https:\/\/www.facebook.com\/bolting.eu\" \/>\n<meta property=\"article:modified_time\" content=\"2026-04-23T20:40:21+00:00\" \/>\n<meta property=\"og:image\" content=\"https:\/\/bolting.eu\/wp-content\/uploads\/2025\/06\/Beal-Sunup-2.jpg\" \/>\n\t<meta property=\"og:image:width\" content=\"700\" \/>\n\t<meta property=\"og:image:height\" content=\"700\" \/>\n\t<meta property=\"og:image:type\" content=\"image\/jpeg\" \/>\n<meta name=\"twitter:card\" content=\"summary_large_image\" \/>\n<meta name=\"twitter:label1\" content=\"Availability\" \/>\n\t<meta name=\"twitter:data1\" content=\"In stock\" \/>\n<script type=\"application\/ld+json\" class=\"yoast-schema-graph\">{\"@context\":\"https:\/\/schema.org\",\"@graph\":[{\"@type\":[\"WebPage\",\"ItemPage\"],\"@id\":\"https:\/\/bolting.eu\/en\/shop\/beal-sunup-84mm-halbseile\/\",\"url\":\"https:\/\/bolting.eu\/en\/shop\/beal-sunup-84mm-halbseile\/\",\"name\":\"Beal Sunup 8,4mm Halbseile | bolting.eu\",\"isPartOf\":{\"@id\":\"https:\/\/bolting.eu\/en\/#website\"},\"primaryImageOfPage\":{\"@id\":\"https:\/\/bolting.eu\/en\/shop\/beal-sunup-84mm-halbseile\/#primaryimage\"},\"image\":{\"@id\":\"https:\/\/bolting.eu\/en\/shop\/beal-sunup-84mm-halbseile\/#primaryimage\"},\"thumbnailUrl\":\"https:\/\/bolting.eu\/wp-content\/uploads\/2025\/06\/Beal-Sunup-2.jpg\",\"datePublished\":\"2025-06-10T09:38:32+00:00\",\"dateModified\":\"2026-04-23T20:40:21+00:00\",\"description\":\"BEAL Sunup 8,4mm Halbseile beim Kletterprofi kaufen \u2705 Trusted Shop \u2705 kostenloser Versand* \u2705 14 Tage R\u00fcckgaberecht \u2705 Co2 neutrale Zustellung\",\"breadcrumb\":{\"@id\":\"https:\/\/bolting.eu\/en\/shop\/beal-sunup-84mm-halbseile\/#breadcrumb\"},\"inLanguage\":\"en-US\",\"potentialAction\":[{\"@type\":\"ReadAction\",\"target\":[\"https:\/\/bolting.eu\/en\/shop\/beal-sunup-84mm-halbseile\/\"]}]},{\"@type\":\"ImageObject\",\"inLanguage\":\"en-US\",\"@id\":\"https:\/\/bolting.eu\/en\/shop\/beal-sunup-84mm-halbseile\/#primaryimage\",\"url\":\"https:\/\/bolting.eu\/wp-content\/uploads\/2025\/06\/Beal-Sunup-2.jpg\",\"contentUrl\":\"https:\/\/bolting.eu\/wp-content\/uploads\/2025\/06\/Beal-Sunup-2.jpg\",\"width\":700,\"height\":700,\"caption\":\"Oranger und violetter Strang eines Beal Sunup Halbseiles vertikal nebeneinander.\"},{\"@type\":\"BreadcrumbList\",\"@id\":\"https:\/\/bolting.eu\/en\/shop\/beal-sunup-84mm-halbseile\/#breadcrumb\",\"itemListElement\":[{\"@type\":\"ListItem\",\"position\":1,\"name\":\"Shop\",\"item\":\"https:\/\/bolting.eu\/en\/shop\/\"},{\"@type\":\"ListItem\",\"position\":2,\"name\":\"climbing equipment\",\"item\":\"https:\/\/bolting.eu\/en\/produkt-kategorie\/climbing-equipment\/\"},{\"@type\":\"ListItem\",\"position\":3,\"name\":\"Kletterseil\",\"item\":\"https:\/\/bolting.eu\/produkt-kategorie\/kletterausruestung\/kletterseil\/\"},{\"@type\":\"ListItem\",\"position\":4,\"name\":\"Beal Sunup 8,4mm Halbseile\"}]},{\"@type\":\"WebSite\",\"@id\":\"https:\/\/bolting.eu\/en\/#website\",\"url\":\"https:\/\/bolting.eu\/en\/\",\"name\":\"bolting.eu\",\"description\":\"we make climbs happen\",\"publisher\":{\"@id\":\"https:\/\/bolting.eu\/en\/#organization\"},\"potentialAction\":[{\"@type\":\"SearchAction\",\"target\":{\"@type\":\"EntryPoint\",\"urlTemplate\":\"https:\/\/bolting.eu\/en\/?s={search_term_string}\"},\"query-input\":{\"@type\":\"PropertyValueSpecification\",\"valueRequired\":true,\"valueName\":\"search_term_string\"}}],\"inLanguage\":\"en-US\"},{\"@type\":[\"Organization\",\"Place\",\"SportingGoodsStore\"],\"@id\":\"https:\/\/bolting.eu\/en\/#organization\",\"name\":\"bolting.eu\",\"url\":\"https:\/\/bolting.eu\/en\/\",\"logo\":{\"@id\":\"https:\/\/bolting.eu\/en\/shop\/beal-sunup-84mm-halbseile\/#local-main-organization-logo\"},\"image\":{\"@id\":\"https:\/\/bolting.eu\/en\/shop\/beal-sunup-84mm-halbseile\/#local-main-organization-logo\"},\"sameAs\":[\"https:\/\/www.facebook.com\/bolting.eu\",\"https:\/\/www.instagram.com\/bolting.eu\/\"],\"address\":{\"@id\":\"https:\/\/bolting.eu\/en\/shop\/beal-sunup-84mm-halbseile\/#local-main-place-address\"},\"geo\":{\"@type\":\"GeoCoordinates\",\"latitude\":\"47.264176340396226\",\"longitude\":\"11.380109057672346\"},\"telephone\":[\"+43 699 19083372\"],\"openingHoursSpecification\":[{\"@type\":\"OpeningHoursSpecification\",\"dayOfWeek\":[\"Monday\",\"Wednesday\",\"Friday\"],\"opens\":\"14:00\",\"closes\":\"18:00\"},{\"@type\":\"OpeningHoursSpecification\",\"dayOfWeek\":[\"Tuesday\",\"Thursday\",\"Saturday\",\"Sunday\"],\"opens\":\"00:00\",\"closes\":\"00:00\"}],\"email\":\"office@bolting.eu\",\"vatID\":\"ATU59999728\",\"priceRange\":\"$$\",\"currenciesAccepted\":\"Euro\"},{\"@type\":\"PostalAddress\",\"@id\":\"https:\/\/bolting.eu\/en\/shop\/beal-sunup-84mm-halbseile\/#local-main-place-address\",\"streetAddress\":\"Fischnalerstra\u00dfe 4\",\"addressLocality\":\"Innsbruck\",\"postalCode\":\"6020\",\"addressRegion\":\"Tirol\",\"addressCountry\":\"AT\"},{\"@type\":\"ImageObject\",\"inLanguage\":\"en-US\",\"@id\":\"https:\/\/bolting.eu\/en\/shop\/beal-sunup-84mm-halbseile\/#local-main-organization-logo\",\"url\":\"https:\/\/bolting.eu\/wp-content\/uploads\/2019\/09\/bolting-logo.png\",\"contentUrl\":\"https:\/\/bolting.eu\/wp-content\/uploads\/2019\/09\/bolting-logo.png\",\"width\":400,\"height\":211,\"caption\":\"bolting.eu\"}]}<\/script>\n<meta property=\"og:availability\" content=\"instock\" \/>\n<meta property=\"product:availability\" content=\"instock\" \/>\n<meta property=\"product:condition\" content=\"new\" \/>\n<meta name=\"geo.placename\" content=\"Innsbruck\" \/>\n<meta name=\"geo.position\" content=\"47.264176340396226;11.380109057672346\" \/>\n<meta name=\"geo.region\" content=\"Austria\" \/>\n<!-- \/ Yoast SEO Premium plugin. -->","yoast_head_json":{"title":"Beal Sunup 8,4mm Halbseile | bolting.eu","description":"BEAL Sunup 8,4mm Halbseile beim Kletterprofi kaufen \u2705 Trusted Shop \u2705 kostenloser Versand* \u2705 14 Tage R\u00fcckgaberecht \u2705 Co2 neutrale Zustellung","robots":{"index":"index","follow":"follow","max-snippet":"max-snippet:-1","max-image-preview":"max-image-preview:large","max-video-preview":"max-video-preview:-1"},"canonical":"https:\/\/bolting.eu\/en\/shop\/beal-sunup-84mm-halbseile\/","og_locale":"en_US","og_type":"article","og_title":"Beal Sunup 8,4mm Halbseile","og_description":"BEAL Sunup 8,4mm Halbseile beim Kletterprofi kaufen \u2705 Trusted Shop \u2705 kostenloser Versand* \u2705 14 Tage R\u00fcckgaberecht \u2705 Co2 neutrale Zustellung","og_url":"https:\/\/bolting.eu\/en\/shop\/beal-sunup-84mm-halbseile\/","og_site_name":"bolting.eu","article_publisher":"https:\/\/www.facebook.com\/bolting.eu","article_modified_time":"2026-04-23T20:40:21+00:00","og_image":[{"width":700,"height":700,"url":"https:\/\/bolting.eu\/wp-content\/uploads\/2025\/06\/Beal-Sunup-2.jpg","type":"image\/jpeg"}],"twitter_card":"summary_large_image","twitter_misc":{"Availability":"In stock"},"schema":{"@context":"https:\/\/schema.org","@graph":[{"@type":["WebPage","ItemPage"],"@id":"https:\/\/bolting.eu\/en\/shop\/beal-sunup-84mm-halbseile\/","url":"https:\/\/bolting.eu\/en\/shop\/beal-sunup-84mm-halbseile\/","name":"Beal Sunup 8,4mm Halbseile | bolting.eu","isPartOf":{"@id":"https:\/\/bolting.eu\/en\/#website"},"primaryImageOfPage":{"@id":"https:\/\/bolting.eu\/en\/shop\/beal-sunup-84mm-halbseile\/#primaryimage"},"image":{"@id":"https:\/\/bolting.eu\/en\/shop\/beal-sunup-84mm-halbseile\/#primaryimage"},"thumbnailUrl":"https:\/\/bolting.eu\/wp-content\/uploads\/2025\/06\/Beal-Sunup-2.jpg","datePublished":"2025-06-10T09:38:32+00:00","dateModified":"2026-04-23T20:40:21+00:00","description":"BEAL Sunup 8,4mm Halbseile beim Kletterprofi kaufen \u2705 Trusted Shop \u2705 kostenloser Versand* \u2705 14 Tage R\u00fcckgaberecht \u2705 Co2 neutrale Zustellung","breadcrumb":{"@id":"https:\/\/bolting.eu\/en\/shop\/beal-sunup-84mm-halbseile\/#breadcrumb"},"inLanguage":"en-US","potentialAction":[{"@type":"ReadAction","target":["https:\/\/bolting.eu\/en\/shop\/beal-sunup-84mm-halbseile\/"]}]},{"@type":"ImageObject","inLanguage":"en-US","@id":"https:\/\/bolting.eu\/en\/shop\/beal-sunup-84mm-halbseile\/#primaryimage","url":"https:\/\/bolting.eu\/wp-content\/uploads\/2025\/06\/Beal-Sunup-2.jpg","contentUrl":"https:\/\/bolting.eu\/wp-content\/uploads\/2025\/06\/Beal-Sunup-2.jpg","width":700,"height":700,"caption":"Oranger und violetter Strang eines Beal Sunup Halbseiles vertikal nebeneinander."},{"@type":"BreadcrumbList","@id":"https:\/\/bolting.eu\/en\/shop\/beal-sunup-84mm-halbseile\/#breadcrumb","itemListElement":[{"@type":"ListItem","position":1,"name":"Shop","item":"https:\/\/bolting.eu\/en\/shop\/"},{"@type":"ListItem","position":2,"name":"climbing equipment","item":"https:\/\/bolting.eu\/en\/produkt-kategorie\/climbing-equipment\/"},{"@type":"ListItem","position":3,"name":"Kletterseil","item":"https:\/\/bolting.eu\/produkt-kategorie\/kletterausruestung\/kletterseil\/"},{"@type":"ListItem","position":4,"name":"Beal Sunup 8,4mm Halbseile"}]},{"@type":"WebSite","@id":"https:\/\/bolting.eu\/en\/#website","url":"https:\/\/bolting.eu\/en\/","name":"bolting.eu","description":"we make climbs happen","publisher":{"@id":"https:\/\/bolting.eu\/en\/#organization"},"potentialAction":[{"@type":"SearchAction","target":{"@type":"EntryPoint","urlTemplate":"https:\/\/bolting.eu\/en\/?s={search_term_string}"},"query-input":{"@type":"PropertyValueSpecification","valueRequired":true,"valueName":"search_term_string"}}],"inLanguage":"en-US"},{"@type":["Organization","Place","SportingGoodsStore"],"@id":"https:\/\/bolting.eu\/en\/#organization","name":"bolting.eu","url":"https:\/\/bolting.eu\/en\/","logo":{"@id":"https:\/\/bolting.eu\/en\/shop\/beal-sunup-84mm-halbseile\/#local-main-organization-logo"},"image":{"@id":"https:\/\/bolting.eu\/en\/shop\/beal-sunup-84mm-halbseile\/#local-main-organization-logo"},"sameAs":["https:\/\/www.facebook.com\/bolting.eu","https:\/\/www.instagram.com\/bolting.eu\/"],"address":{"@id":"https:\/\/bolting.eu\/en\/shop\/beal-sunup-84mm-halbseile\/#local-main-place-address"},"geo":{"@type":"GeoCoordinates","latitude":"47.264176340396226","longitude":"11.380109057672346"},"telephone":["+43 699 19083372"],"openingHoursSpecification":[{"@type":"OpeningHoursSpecification","dayOfWeek":["Monday","Wednesday","Friday"],"opens":"14:00","closes":"18:00"},{"@type":"OpeningHoursSpecification","dayOfWeek":["Tuesday","Thursday","Saturday","Sunday"],"opens":"00:00","closes":"00:00"}],"email":"office@bolting.eu","vatID":"ATU59999728","priceRange":"$$","currenciesAccepted":"Euro"},{"@type":"PostalAddress","@id":"https:\/\/bolting.eu\/en\/shop\/beal-sunup-84mm-halbseile\/#local-main-place-address","streetAddress":"Fischnalerstra\u00dfe 4","addressLocality":"Innsbruck","postalCode":"6020","addressRegion":"Tirol","addressCountry":"AT"},{"@type":"ImageObject","inLanguage":"en-US","@id":"https:\/\/bolting.eu\/en\/shop\/beal-sunup-84mm-halbseile\/#local-main-organization-logo","url":"https:\/\/bolting.eu\/wp-content\/uploads\/2019\/09\/bolting-logo.png","contentUrl":"https:\/\/bolting.eu\/wp-content\/uploads\/2019\/09\/bolting-logo.png","width":400,"height":211,"caption":"bolting.eu"}]},"og_availability":"instock","product_availability":"instock","product_condition":"new","geo.placename":"Innsbruck","geo.position":{"lat":"47.264176340396226","long":"11.380109057672346"},"geo.region":"Austria"},"_links":{"self":[{"href":"https:\/\/bolting.eu\/en\/wp-json\/wp\/v2\/product\/32790","targetHints":{"allow":["GET"]}}],"collection":[{"href":"https:\/\/bolting.eu\/en\/wp-json\/wp\/v2\/product"}],"about":[{"href":"https:\/\/bolting.eu\/en\/wp-json\/wp\/v2\/types\/product"}],"replies":[{"embeddable":true,"href":"https:\/\/bolting.eu\/en\/wp-json\/wp\/v2\/comments?post=32790"}],"wp:featuredmedia":[{"embeddable":true,"href":"https:\/\/bolting.eu\/en\/wp-json\/wp\/v2\/media\/32791"}],"wp:attachment":[{"href":"https:\/\/bolting.eu\/en\/wp-json\/wp\/v2\/media?parent=32790"}],"wp:term":[{"taxonomy":"product_brand","embeddable":true,"href":"https:\/\/bolting.eu\/en\/wp-json\/wp\/v2\/product_brand?post=32790"},{"taxonomy":"product_cat","embeddable":true,"href":"https:\/\/bolting.eu\/en\/wp-json\/wp\/v2\/product_cat?post=32790"},{"taxonomy":"product_tag","embeddable":true,"href":"https:\/\/bolting.eu\/en\/wp-json\/wp\/v2\/product_tag?post=32790"}],"curies":[{"name":"wp","href":"https:\/\/api.w.org\/{rel}","templated":true}]}}