{"id":3275,"date":"2020-04-11T11:17:56","date_gmt":"2020-04-11T09:17:56","guid":{"rendered":"https:\/\/bolting.eu\/?post_type=product&#038;p=3275"},"modified":"2026-04-14T13:42:34","modified_gmt":"2026-04-14T11:42:34","slug":"stubai-winkelhaken","status":"publish","type":"product","link":"https:\/\/bolting.eu\/en\/shop\/stubai-winkelhaken\/","title":{"rendered":"Stubai Winkelhaken 35mm &#8211; 55mm &#8211; 75mm"},"content":{"rendered":"<p>Der Stubai Winkelhaken ist f\u00fcr Alpinkletterer gedacht. Er zeichnet sich einerseits durch seinen soliden Schaft aus. Andererseits durch seine parallel zur Einschlagrichtung positionierte Karabiner\u00f6se. Somit bietet dieser <a href=\"https:\/\/bolting.eu\/produkt-kategorie\/felshaken-normalhaken\/\">Felshaken<\/a> sehr viele Einschlagoptionen.<\/p>\n<p>Bei diesem Produkt handelt es sich um einen Hartstahlhaken. Folglich ist er pr\u00e4destiniert f\u00fcr Gesteinsarten wie Granit, Gneis und Schiefer.<\/p>\n<p>Dieser Normalhaken baut durch seine gro\u00dfe Oberfl\u00e4che am Schaft sehr viel Spannung auf. Er ist somit der perfekte Haken f\u00fcr Schl\u00fcsselstellen und Standpl\u00e4tze. Allerdings muss man daf\u00fcr das passende Fels-Feature vorfinden.<\/p>\n<p>Erstens eignen sich engen Rissen. Zweitens in schmalen Schlitzen. Und drittens f\u00fcr kompakte Schuppen.<\/p>\n<h3>Perfekter Standplatz Haken<\/h3>\n<p>Der Stubai Winkelhaken wird sehr gerne als Standhaken verwendet. Zum einen weil er eben so so gut h\u00e4lt. Zum anderen wegen der gut positionierten Karabiner\u00f6se. Denn hier lassen sich perfekt <a href=\"https:\/\/bolting.eu\/produkt-kategorie\/bandschlinge\/\">Bandschlingen<\/a> und <a href=\"https:\/\/bolting.eu\/produkt-kategorie\/reepschnur\/\">Reepschn\u00fcre<\/a> anbringen. Zudem nat\u00fcrlich auch Karabiner.<\/p>\n<h3>Eigenschaften Stubai Winkelhaken<\/h3>\n<ul>\n<li>Hersteller: <a href=\"https:\/\/bolting.eu\/produkt-kategorie\/stubai-bergsport\/\">Stubai Bergsport<\/a><\/li>\n<li>Metall: Hartstahl (Chrom-Molybd\u00e4n-Vanadium Stahl)<\/li>\n<li>Schaftl\u00e4nge \/ Gesamtl\u00e4nge: 35mm \/ 75mm, 55mm \/ 95mm und 75mm \/ 115mm<\/li>\n<li>Karabiner\u00f6se parallel zur Einschlagrichtung<\/li>\n<li>speziell f\u00fcr harte Gesteine wie Granit und Gneis<\/li>\n<li>perfekter Standplatz Haken<\/li>\n<li>Bandschlingen und Reepschn\u00fcre leicht f\u00e4delbar<\/li>\n<\/ul>\n<h3>Praxis Tipp &#8211; Stubai Winkelhaken<\/h3>\n<p>F\u00fcr diesen Haken reicht einen <a href=\"https:\/\/bolting.eu\/produkt-kategorie\/felshammer\/\">Felshammer<\/a> kleinerer-mittlerer Gr\u00f6\u00dfe. Denn der Haken kreiert Widerstand im mittelm\u00e4\u00dfigen Bereich. Durch seine L\u00e4nge einerseits. Und das flache Profil andererseits. Wie gesagt sollte ein kleiner bis mittlerer Felshammer ausreichen. Wer etwas weniger Kraft aufwenden will, sollte einfach einen etwas schwereren Hammer nehmen.<\/p>\n<p>Wir empfehlen den <a href=\"https:\/\/bolting.eu\/shop\/kletterhammer-thunder-climbing-technology\/\">CT Thunder Felshammer<\/a>,\u00a0 <a href=\"https:\/\/bolting.eu\/shop\/stubai-felshammer-rocky\/\">Stubai Rocky Felshammer<\/a> oder den <a href=\"https:\/\/bolting.eu\/shop\/camp-felshammer-brenta\/\">Cassin Brenta Felshammer<\/a>.<\/p>\n<p><span style=\"font-size: 20.16px; color: #333333;\">Made in AUSTRIA!<\/span><\/p>\n<p>Alle <a href=\"https:\/\/bolting.eu\/produkt-kategorie\/felshaken-normalhaken\/stubai-felshaken\/\">Stubai Felshaken<\/a> werden mit Sorgfalt in Tirol hergestellt. So auch der Stubai Winkelhaken. Dieses Produkt erzielt folglich seine gesamte Wertsch\u00f6pfung in \u00d6sterreich <img decoding=\"async\" class=\"emoji\" role=\"img\" draggable=\"false\" src=\"https:\/\/s.w.org\/images\/core\/emoji\/12.0.0-1\/svg\/1f1e6-1f1f9.svg\" alt=\"\ud83c\udde6\ud83c\uddf9\" \/>. Und dies unter der Einhaltung von strengen sozialen und \u00f6kologischen Standards!<\/p>\n<p>Somit ist jeder Kauf dieses \u00d6sterreichischen Qualit\u00e4tsproduktes eine nachhaltige Entscheidung!<\/p>\n<p>Link Tipp: interessanter Beitrag in <a href=\"https:\/\/www.bergundsteigen.at\/file.php\/archiv\/2004\/3\/print\/70-75%20%28mit%20seil%20und%20haken%29.pdf\" target=\"_blank\" rel=\"noopener noreferrer\">bergundsteigen<\/a> \u00fcber die Sicherheitspr\u00fcfung von Felshaken.<\/p>\n","protected":false},"excerpt":{"rendered":"<ul>\n<li>Hersteller: Stubai Bergsport<\/li>\n<li>Metall: Hartstahl (Chrom-Molybd\u00e4n-Vanadium Stahl)<\/li>\n<li>Schaftl\u00e4ngen: 35mm, 55mm und 75mm<\/li>\n<li>Karabiner\u00f6se parallel zur Einschlagrichtung<\/li>\n<li>speziell f\u00fcr harte Gesteine wie Granit und Gneis<\/li>\n<li>perfekter Standplatz Haken<\/li>\n<li>Bandsclingen und Reepschn\u00fcre leicht f\u00e4delbar<\/li>\n<\/ul>\n","protected":false},"featured_media":3240,"comment_status":"open","ping_status":"closed","template":"","meta":[],"product_brand":[],"product_cat":[14832,14910,14964,14965],"product_tag":[14864,14857,14966],"class_list":{"0":"post-3275","1":"product","2":"type-product","3":"status-publish","4":"has-post-thumbnail","6":"product_cat-big-wall-gear","7":"product_cat-stubai-mountain-sports","8":"product_cat-piton-normal-hook","9":"product_cat-stubai-piton","10":"product_tag-alpine-climbing","11":"product_tag-alpine-route","12":"product_tag-granite","14":"first","15":"instock","16":"sale","17":"taxable","18":"shipping-taxable","19":"purchasable","20":"product-type-variable"},"yoast_head":"<!-- This site is optimized with the Yoast SEO Premium plugin v26.9 (Yoast SEO v26.9) - https:\/\/yoast.com\/product\/yoast-seo-premium-wordpress\/ -->\n<title>Stubai Winkelhaken 35mm-55mm-75mm: jetzt online kaufen | bolting.eu<\/title>\n<meta name=\"description\" content=\"Hier findet ihr den Stubai Winkelhaken mit 35mm, 55mm und 75mm Schaftl\u00e4nge. Einen Normalhaken f\u00fcr hartes Gestein wie z.B. Granit und Gneis.\" \/>\n<meta name=\"robots\" content=\"index, follow, max-snippet:-1, max-image-preview:large, max-video-preview:-1\" \/>\n<link rel=\"canonical\" href=\"https:\/\/bolting.eu\/en\/shop\/stubai-winkelhaken\/\" \/>\n<meta property=\"og:locale\" content=\"en_US\" \/>\n<meta property=\"og:type\" content=\"article\" \/>\n<meta property=\"og:title\" content=\"Stubai Winkelhaken 35mm - 55mm - 75mm\" \/>\n<meta property=\"og:description\" content=\"Hier findet ihr den Stubai Winkelhaken mit 35mm, 55mm und 75mm Schaftl\u00e4nge. Einen Normalhaken f\u00fcr hartes Gestein wie z.B. Granit und Gneis.\" \/>\n<meta property=\"og:url\" content=\"https:\/\/bolting.eu\/en\/shop\/stubai-winkelhaken\/\" \/>\n<meta property=\"og:site_name\" content=\"bolting.eu\" \/>\n<meta property=\"article:publisher\" content=\"https:\/\/www.facebook.com\/bolting.eu\" \/>\n<meta property=\"article:modified_time\" content=\"2026-04-14T11:42:34+00:00\" \/>\n<meta property=\"og:image\" content=\"https:\/\/bolting.eu\/wp-content\/uploads\/2020\/04\/Stubai-Felshaken-Winkelhaken.jpg\" \/>\n\t<meta property=\"og:image:width\" content=\"700\" \/>\n\t<meta property=\"og:image:height\" content=\"700\" \/>\n\t<meta property=\"og:image:type\" content=\"image\/jpeg\" \/>\n<meta name=\"twitter:card\" content=\"summary_large_image\" \/>\n<meta name=\"twitter:label1\" content=\"Availability\" \/>\n\t<meta name=\"twitter:data1\" content=\"In stock\" \/>\n<script type=\"application\/ld+json\" class=\"yoast-schema-graph\">{\"@context\":\"https:\/\/schema.org\",\"@graph\":[{\"@type\":[\"WebPage\",\"ItemPage\"],\"@id\":\"https:\/\/bolting.eu\/en\/shop\/stubai-winkelhaken\/\",\"url\":\"https:\/\/bolting.eu\/en\/shop\/stubai-winkelhaken\/\",\"name\":\"Stubai Winkelhaken 35mm-55mm-75mm: jetzt online kaufen | bolting.eu\",\"isPartOf\":{\"@id\":\"https:\/\/bolting.eu\/en\/#website\"},\"primaryImageOfPage\":{\"@id\":\"https:\/\/bolting.eu\/en\/shop\/stubai-winkelhaken\/#primaryimage\"},\"image\":{\"@id\":\"https:\/\/bolting.eu\/en\/shop\/stubai-winkelhaken\/#primaryimage\"},\"thumbnailUrl\":\"https:\/\/bolting.eu\/wp-content\/uploads\/2020\/04\/Stubai-Felshaken-Winkelhaken.jpg\",\"datePublished\":\"2020-04-11T09:17:56+00:00\",\"dateModified\":\"2026-04-14T11:42:34+00:00\",\"description\":\"Hier findet ihr den Stubai Winkelhaken mit 35mm, 55mm und 75mm Schaftl\u00e4nge. Einen Normalhaken f\u00fcr hartes Gestein wie z.B. Granit und Gneis.\",\"breadcrumb\":{\"@id\":\"https:\/\/bolting.eu\/en\/shop\/stubai-winkelhaken\/#breadcrumb\"},\"inLanguage\":\"en-US\",\"potentialAction\":[{\"@type\":\"ReadAction\",\"target\":[\"https:\/\/bolting.eu\/en\/shop\/stubai-winkelhaken\/\"]}]},{\"@type\":\"ImageObject\",\"inLanguage\":\"en-US\",\"@id\":\"https:\/\/bolting.eu\/en\/shop\/stubai-winkelhaken\/#primaryimage\",\"url\":\"https:\/\/bolting.eu\/wp-content\/uploads\/2020\/04\/Stubai-Felshaken-Winkelhaken.jpg\",\"contentUrl\":\"https:\/\/bolting.eu\/wp-content\/uploads\/2020\/04\/Stubai-Felshaken-Winkelhaken.jpg\",\"width\":700,\"height\":700,\"caption\":\"Das Bild zeigt den dunkelgrauen Stubai Winkelhaken. Er liegt schr\u00e4g im Bild mit der Karabiner\u00f6se rechts oben. Man erkennt seinen typischen flachen Schaft.\"},{\"@type\":\"BreadcrumbList\",\"@id\":\"https:\/\/bolting.eu\/en\/shop\/stubai-winkelhaken\/#breadcrumb\",\"itemListElement\":[{\"@type\":\"ListItem\",\"position\":1,\"name\":\"Shop\",\"item\":\"https:\/\/bolting.eu\/en\/shop\/\"},{\"@type\":\"ListItem\",\"position\":2,\"name\":\"bolting products\",\"item\":\"https:\/\/bolting.eu\/en\/produkt-kategorie\/bolting-products\/\"},{\"@type\":\"ListItem\",\"position\":3,\"name\":\"piton - Normal hook\",\"item\":\"https:\/\/bolting.eu\/en\/produkt-kategorie\/piton-normal-hook\/\"},{\"@type\":\"ListItem\",\"position\":4,\"name\":\"Stubai Winkelhaken 35mm &#8211; 55mm &#8211; 75mm\"}]},{\"@type\":\"WebSite\",\"@id\":\"https:\/\/bolting.eu\/en\/#website\",\"url\":\"https:\/\/bolting.eu\/en\/\",\"name\":\"bolting.eu\",\"description\":\"we make climbs happen\",\"publisher\":{\"@id\":\"https:\/\/bolting.eu\/en\/#organization\"},\"potentialAction\":[{\"@type\":\"SearchAction\",\"target\":{\"@type\":\"EntryPoint\",\"urlTemplate\":\"https:\/\/bolting.eu\/en\/?s={search_term_string}\"},\"query-input\":{\"@type\":\"PropertyValueSpecification\",\"valueRequired\":true,\"valueName\":\"search_term_string\"}}],\"inLanguage\":\"en-US\"},{\"@type\":[\"Organization\",\"Place\",\"SportingGoodsStore\"],\"@id\":\"https:\/\/bolting.eu\/en\/#organization\",\"name\":\"bolting.eu\",\"url\":\"https:\/\/bolting.eu\/en\/\",\"logo\":{\"@id\":\"https:\/\/bolting.eu\/en\/shop\/stubai-winkelhaken\/#local-main-organization-logo\"},\"image\":{\"@id\":\"https:\/\/bolting.eu\/en\/shop\/stubai-winkelhaken\/#local-main-organization-logo\"},\"sameAs\":[\"https:\/\/www.facebook.com\/bolting.eu\",\"https:\/\/www.instagram.com\/bolting.eu\/\"],\"address\":{\"@id\":\"https:\/\/bolting.eu\/en\/shop\/stubai-winkelhaken\/#local-main-place-address\"},\"geo\":{\"@type\":\"GeoCoordinates\",\"latitude\":\"47.264176340396226\",\"longitude\":\"11.380109057672346\"},\"telephone\":[\"+43 699 19083372\"],\"openingHoursSpecification\":[{\"@type\":\"OpeningHoursSpecification\",\"dayOfWeek\":[\"Monday\",\"Wednesday\",\"Friday\"],\"opens\":\"14:00\",\"closes\":\"18:00\"},{\"@type\":\"OpeningHoursSpecification\",\"dayOfWeek\":[\"Tuesday\",\"Thursday\",\"Saturday\",\"Sunday\"],\"opens\":\"00:00\",\"closes\":\"00:00\"}],\"email\":\"office@bolting.eu\",\"vatID\":\"ATU59999728\",\"priceRange\":\"$$\",\"currenciesAccepted\":\"Euro\"},{\"@type\":\"PostalAddress\",\"@id\":\"https:\/\/bolting.eu\/en\/shop\/stubai-winkelhaken\/#local-main-place-address\",\"streetAddress\":\"Fischnalerstra\u00dfe 4\",\"addressLocality\":\"Innsbruck\",\"postalCode\":\"6020\",\"addressRegion\":\"Tirol\",\"addressCountry\":\"AT\"},{\"@type\":\"ImageObject\",\"inLanguage\":\"en-US\",\"@id\":\"https:\/\/bolting.eu\/en\/shop\/stubai-winkelhaken\/#local-main-organization-logo\",\"url\":\"https:\/\/bolting.eu\/wp-content\/uploads\/2019\/09\/bolting-logo.png\",\"contentUrl\":\"https:\/\/bolting.eu\/wp-content\/uploads\/2019\/09\/bolting-logo.png\",\"width\":400,\"height\":211,\"caption\":\"bolting.eu\"}]}<\/script>\n<meta property=\"og:availability\" content=\"instock\" \/>\n<meta property=\"product:availability\" content=\"instock\" \/>\n<meta property=\"product:retailer_item_id\" content=\"958016-2-1-1-1-1\" \/>\n<meta property=\"product:condition\" content=\"new\" \/>\n<meta name=\"geo.placename\" content=\"Innsbruck\" \/>\n<meta name=\"geo.position\" content=\"47.264176340396226;11.380109057672346\" \/>\n<meta name=\"geo.region\" content=\"Austria\" \/>\n<!-- \/ Yoast SEO Premium plugin. -->","yoast_head_json":{"title":"Stubai Winkelhaken 35mm-55mm-75mm: jetzt online kaufen | bolting.eu","description":"Hier findet ihr den Stubai Winkelhaken mit 35mm, 55mm und 75mm Schaftl\u00e4nge. Einen Normalhaken f\u00fcr hartes Gestein wie z.B. Granit und Gneis.","robots":{"index":"index","follow":"follow","max-snippet":"max-snippet:-1","max-image-preview":"max-image-preview:large","max-video-preview":"max-video-preview:-1"},"canonical":"https:\/\/bolting.eu\/en\/shop\/stubai-winkelhaken\/","og_locale":"en_US","og_type":"article","og_title":"Stubai Winkelhaken 35mm - 55mm - 75mm","og_description":"Hier findet ihr den Stubai Winkelhaken mit 35mm, 55mm und 75mm Schaftl\u00e4nge. Einen Normalhaken f\u00fcr hartes Gestein wie z.B. Granit und Gneis.","og_url":"https:\/\/bolting.eu\/en\/shop\/stubai-winkelhaken\/","og_site_name":"bolting.eu","article_publisher":"https:\/\/www.facebook.com\/bolting.eu","article_modified_time":"2026-04-14T11:42:34+00:00","og_image":[{"width":700,"height":700,"url":"https:\/\/bolting.eu\/wp-content\/uploads\/2020\/04\/Stubai-Felshaken-Winkelhaken.jpg","type":"image\/jpeg"}],"twitter_card":"summary_large_image","twitter_misc":{"Availability":"In stock"},"schema":{"@context":"https:\/\/schema.org","@graph":[{"@type":["WebPage","ItemPage"],"@id":"https:\/\/bolting.eu\/en\/shop\/stubai-winkelhaken\/","url":"https:\/\/bolting.eu\/en\/shop\/stubai-winkelhaken\/","name":"Stubai Winkelhaken 35mm-55mm-75mm: jetzt online kaufen | bolting.eu","isPartOf":{"@id":"https:\/\/bolting.eu\/en\/#website"},"primaryImageOfPage":{"@id":"https:\/\/bolting.eu\/en\/shop\/stubai-winkelhaken\/#primaryimage"},"image":{"@id":"https:\/\/bolting.eu\/en\/shop\/stubai-winkelhaken\/#primaryimage"},"thumbnailUrl":"https:\/\/bolting.eu\/wp-content\/uploads\/2020\/04\/Stubai-Felshaken-Winkelhaken.jpg","datePublished":"2020-04-11T09:17:56+00:00","dateModified":"2026-04-14T11:42:34+00:00","description":"Hier findet ihr den Stubai Winkelhaken mit 35mm, 55mm und 75mm Schaftl\u00e4nge. Einen Normalhaken f\u00fcr hartes Gestein wie z.B. Granit und Gneis.","breadcrumb":{"@id":"https:\/\/bolting.eu\/en\/shop\/stubai-winkelhaken\/#breadcrumb"},"inLanguage":"en-US","potentialAction":[{"@type":"ReadAction","target":["https:\/\/bolting.eu\/en\/shop\/stubai-winkelhaken\/"]}]},{"@type":"ImageObject","inLanguage":"en-US","@id":"https:\/\/bolting.eu\/en\/shop\/stubai-winkelhaken\/#primaryimage","url":"https:\/\/bolting.eu\/wp-content\/uploads\/2020\/04\/Stubai-Felshaken-Winkelhaken.jpg","contentUrl":"https:\/\/bolting.eu\/wp-content\/uploads\/2020\/04\/Stubai-Felshaken-Winkelhaken.jpg","width":700,"height":700,"caption":"Das Bild zeigt den dunkelgrauen Stubai Winkelhaken. Er liegt schr\u00e4g im Bild mit der Karabiner\u00f6se rechts oben. Man erkennt seinen typischen flachen Schaft."},{"@type":"BreadcrumbList","@id":"https:\/\/bolting.eu\/en\/shop\/stubai-winkelhaken\/#breadcrumb","itemListElement":[{"@type":"ListItem","position":1,"name":"Shop","item":"https:\/\/bolting.eu\/en\/shop\/"},{"@type":"ListItem","position":2,"name":"bolting products","item":"https:\/\/bolting.eu\/en\/produkt-kategorie\/bolting-products\/"},{"@type":"ListItem","position":3,"name":"piton - Normal hook","item":"https:\/\/bolting.eu\/en\/produkt-kategorie\/piton-normal-hook\/"},{"@type":"ListItem","position":4,"name":"Stubai Winkelhaken 35mm &#8211; 55mm &#8211; 75mm"}]},{"@type":"WebSite","@id":"https:\/\/bolting.eu\/en\/#website","url":"https:\/\/bolting.eu\/en\/","name":"bolting.eu","description":"we make climbs happen","publisher":{"@id":"https:\/\/bolting.eu\/en\/#organization"},"potentialAction":[{"@type":"SearchAction","target":{"@type":"EntryPoint","urlTemplate":"https:\/\/bolting.eu\/en\/?s={search_term_string}"},"query-input":{"@type":"PropertyValueSpecification","valueRequired":true,"valueName":"search_term_string"}}],"inLanguage":"en-US"},{"@type":["Organization","Place","SportingGoodsStore"],"@id":"https:\/\/bolting.eu\/en\/#organization","name":"bolting.eu","url":"https:\/\/bolting.eu\/en\/","logo":{"@id":"https:\/\/bolting.eu\/en\/shop\/stubai-winkelhaken\/#local-main-organization-logo"},"image":{"@id":"https:\/\/bolting.eu\/en\/shop\/stubai-winkelhaken\/#local-main-organization-logo"},"sameAs":["https:\/\/www.facebook.com\/bolting.eu","https:\/\/www.instagram.com\/bolting.eu\/"],"address":{"@id":"https:\/\/bolting.eu\/en\/shop\/stubai-winkelhaken\/#local-main-place-address"},"geo":{"@type":"GeoCoordinates","latitude":"47.264176340396226","longitude":"11.380109057672346"},"telephone":["+43 699 19083372"],"openingHoursSpecification":[{"@type":"OpeningHoursSpecification","dayOfWeek":["Monday","Wednesday","Friday"],"opens":"14:00","closes":"18:00"},{"@type":"OpeningHoursSpecification","dayOfWeek":["Tuesday","Thursday","Saturday","Sunday"],"opens":"00:00","closes":"00:00"}],"email":"office@bolting.eu","vatID":"ATU59999728","priceRange":"$$","currenciesAccepted":"Euro"},{"@type":"PostalAddress","@id":"https:\/\/bolting.eu\/en\/shop\/stubai-winkelhaken\/#local-main-place-address","streetAddress":"Fischnalerstra\u00dfe 4","addressLocality":"Innsbruck","postalCode":"6020","addressRegion":"Tirol","addressCountry":"AT"},{"@type":"ImageObject","inLanguage":"en-US","@id":"https:\/\/bolting.eu\/en\/shop\/stubai-winkelhaken\/#local-main-organization-logo","url":"https:\/\/bolting.eu\/wp-content\/uploads\/2019\/09\/bolting-logo.png","contentUrl":"https:\/\/bolting.eu\/wp-content\/uploads\/2019\/09\/bolting-logo.png","width":400,"height":211,"caption":"bolting.eu"}]},"og_availability":"instock","product_availability":"instock","product_retailer_item_id":"958016-2-1-1-1-1","product_condition":"new","geo.placename":"Innsbruck","geo.position":{"lat":"47.264176340396226","long":"11.380109057672346"},"geo.region":"Austria"},"_links":{"self":[{"href":"https:\/\/bolting.eu\/en\/wp-json\/wp\/v2\/product\/3275","targetHints":{"allow":["GET"]}}],"collection":[{"href":"https:\/\/bolting.eu\/en\/wp-json\/wp\/v2\/product"}],"about":[{"href":"https:\/\/bolting.eu\/en\/wp-json\/wp\/v2\/types\/product"}],"replies":[{"embeddable":true,"href":"https:\/\/bolting.eu\/en\/wp-json\/wp\/v2\/comments?post=3275"}],"wp:featuredmedia":[{"embeddable":true,"href":"https:\/\/bolting.eu\/en\/wp-json\/wp\/v2\/media\/3240"}],"wp:attachment":[{"href":"https:\/\/bolting.eu\/en\/wp-json\/wp\/v2\/media?parent=3275"}],"wp:term":[{"taxonomy":"product_brand","embeddable":true,"href":"https:\/\/bolting.eu\/en\/wp-json\/wp\/v2\/product_brand?post=3275"},{"taxonomy":"product_cat","embeddable":true,"href":"https:\/\/bolting.eu\/en\/wp-json\/wp\/v2\/product_cat?post=3275"},{"taxonomy":"product_tag","embeddable":true,"href":"https:\/\/bolting.eu\/en\/wp-json\/wp\/v2\/product_tag?post=3275"}],"curies":[{"name":"wp","href":"https:\/\/api.w.org\/{rel}","templated":true}]}}