{"id":3265,"date":"2020-04-11T10:48:21","date_gmt":"2020-04-11T08:48:21","guid":{"rendered":"https:\/\/bolting.eu\/?post_type=product&#038;p=3265"},"modified":"2026-02-11T10:21:20","modified_gmt":"2026-02-11T09:21:20","slug":"stubai-diagonalhaken","status":"publish","type":"product","link":"https:\/\/bolting.eu\/en\/shop\/stubai-diagonalhaken\/","title":{"rendered":"Stubai Diagonalhaken 70mm-100mm-130mm"},"content":{"rendered":"<p>Der Stubai Diagonalhaken ist f\u00fcr Alpinkletterer gedacht. Er zeichnet sich einerseits durch seine gute L\u00e4nge aus. Die Einschlagl\u00e4ngen sind 70mm, 100mm und 130mm. Andererseits durch seine 45\u00b0 verdrehte Karabiner\u00f6se. Somit bietet dieser <a href=\"https:\/\/bolting.eu\/produkt-kategorie\/felshaken-normalhaken\/\">Felshaken<\/a> sehr viele Einschlagoptionen.<\/p>\n<p>Bei diesem Produkt handelt es sich um einen Hartstahlhaken. Folglich ist er pr\u00e4destiniert f\u00fcr Gesteinsarten wie Granit, Gneis und Schiefer.<\/p>\n<p>Dieser Normalhaken baut durch seine gro\u00dfe Oberfl\u00e4che am Schaft sehr viel Spannung auf. Er ist somit der perfekte Haken f\u00fcr Schl\u00fcsselstellen und Standpl\u00e4tze. Allerdings muss man daf\u00fcr das passende Fels-Feature vorfinden.<\/p>\n<p>Erstens eignen sich schmalere Risse. Zweitens verh\u00e4ltnism\u00e4\u00dfig gerade L\u00f6cher sowie Schlitze. Und drittens nat\u00fcrlich entsprechend feste Schuppen.<\/p>\n<h3>Perfekter Standplatz Haken<\/h3>\n<p>Der Stubai Diagonalhaken wird sehr gerne als Standhaken verwendet. Zum einen weil er eben so so gut h\u00e4lt. Zum anderen wegen der verdrehten Karabiner\u00f6se. Denn hier lassen sich perfekt <a href=\"https:\/\/bolting.eu\/produkt-kategorie\/bandschlinge\/\">Bandschlingen<\/a> und <a href=\"https:\/\/bolting.eu\/produkt-kategorie\/reepschnur\/\">Reepschn\u00fcre<\/a> anbringen. Zudem nat\u00fcrlich auch Karabiner.<\/p>\n<h3>Eigenschaften Stubai Diagonalhaken<\/h3>\n<ul>\n<li>Hersteller: <a href=\"https:\/\/bolting.eu\/produkt-kategorie\/stubai-bergsport\/\">Stubai Bergsport<\/a><\/li>\n<li>Metall: Hartstahl (Chrom-Molybd\u00e4n-Vanadium Stahl)<\/li>\n<li>Schaftl\u00e4nge \/ Gesamtl\u00e4nge: 70mm \/ 110mm, 100mm \/ 140mm und 130mm \/ 170mm<\/li>\n<li>Karabiner\u00f6se 45\u00b0 zum Schaft verdreht<\/li>\n<li>speziell f\u00fcr harte Gesteine wie Granit und Gneis<\/li>\n<li>perfekter Standplatz Haken<\/li>\n<li>Bandschlingen und Reepschn\u00fcre leicht f\u00e4delbar<\/li>\n<\/ul>\n<h3>Praxis Tipp &#8211; Stubai Diagonalhaken<\/h3>\n<p>F\u00fcr diesen Haken braucht ihr einen <a href=\"https:\/\/bolting.eu\/produkt-kategorie\/felshammer\/\">Felshammer<\/a> mit etwas mehr &#8220;Punch&#8221;. Denn der Haken (v.a. 100mm und 130mm Modell) kreiert viel Widerstand. Durch seine L\u00e4nge einerseits. Und das breite Schaft Profil andererseits. Folglich macht ein Kauf nur Sinn, wenn ihr einen entsprechenden Hammer habt. Ihr wollt viel Einschlag Energie erzeugen. Dies geht nur mit entsprechend Kraft und Masse. Mit einem sehr leichten, kleinen Felshammer w\u00e4re hier nichts zu holen.<\/p>\n<p>Wir empfehlen den <a href=\"https:\/\/bolting.eu\/shop\/stubai-felshammer-rocky\/\">Stubai Rocky Felshammer<\/a> oder den <a href=\"https:\/\/bolting.eu\/shop\/camp-felshammer-brenta\/\">Cassin Brenta Felshammer<\/a>.<\/p>\n<h3>Made in AUSTRIA!<\/h3>\n<p>Alle <a href=\"https:\/\/bolting.eu\/produkt-kategorie\/felshaken-normalhaken\/stubai-felshaken\/\">Stubai Felshaken<\/a> werden mit Sorgfalt in Tirol hergestellt. So auch der Stubai Diagonalhaken. Dieses Produkt erzielt folglich seine gesamte Wertsch\u00f6pfung in \u00d6sterreich <img decoding=\"async\" class=\"emoji\" role=\"img\" draggable=\"false\" src=\"https:\/\/s.w.org\/images\/core\/emoji\/12.0.0-1\/svg\/1f1e6-1f1f9.svg\" alt=\"\ud83c\udde6\ud83c\uddf9\" \/>. Und dies unter der Einhaltung von strengen sozialen und \u00f6kologischen Standards!<\/p>\n<p>Somit ist jeder Kauf dieses \u00d6sterreichischen Qualit\u00e4tsproduktes eine nachhaltige Entscheidung!<\/p>\n<p>Link Tipp: interessanter Beitrag in <a href=\"https:\/\/www.bergundsteigen.at\/file.php\/archiv\/2004\/3\/print\/70-75%20%28mit%20seil%20und%20haken%29.pdf\" target=\"_blank\" rel=\"noopener noreferrer\">bergundsteigen<\/a> \u00fcber die Sicherheitspr\u00fcfung von Felshaken.<\/p>\n","protected":false},"excerpt":{"rendered":"<ul>\n<li>Hersteller: Stubai Bergsport<\/li>\n<li>Metall: Hartstahl (Chrom-Molybd\u00e4n-Vanadium Stahl)<\/li>\n<li>L\u00e4ngen: 70mm, 90mm und 125mm<\/li>\n<li>Karabiner\u00f6se 45\u00b0 zum Schaft verdreht<\/li>\n<li>speziell f\u00fcr harte Gesteine wie Granit und Gneis<\/li>\n<li>perfekter Standplatz Haken<\/li>\n<li>Bandsclingen und Reepschn\u00fcre leicht f\u00e4delbar<\/li>\n<\/ul>\n","protected":false},"featured_media":3242,"comment_status":"open","ping_status":"closed","template":"","meta":[],"product_brand":[],"product_cat":[1210,37,4650,7176],"product_tag":[262,2038,7242],"class_list":{"0":"post-3265","1":"product","2":"type-product","3":"status-publish","4":"has-post-thumbnail","6":"product_cat-einbohrartikel","7":"product_cat-felshaken-normalhaken","8":"product_cat-stubai-bergsport","9":"product_cat-stubai-felshaken","10":"product_tag-alpinklettern","11":"product_tag-alpinroute","12":"product_tag-granit","14":"first","15":"instock","16":"sale","17":"taxable","18":"shipping-taxable","19":"purchasable","20":"product-type-variable"},"yoast_head":"<!-- This site is optimized with the Yoast SEO Premium plugin v26.9 (Yoast SEO v26.9) - https:\/\/yoast.com\/product\/yoast-seo-premium-wordpress\/ -->\n<title>Stubai Diagonalhaken 70-100-130mm: jetzt online kaufen bei bolting.eu<\/title>\n<meta name=\"description\" content=\"Hier findet ihr den Stubai Diagonalhaken mit 70, 100 und 130mm L\u00e4nge. Einen Felshaken f\u00fcr Granit und Gneis zum top Preis!\" \/>\n<meta name=\"robots\" content=\"index, follow, max-snippet:-1, max-image-preview:large, max-video-preview:-1\" \/>\n<link rel=\"canonical\" href=\"https:\/\/bolting.eu\/en\/shop\/stubai-diagonalhaken\/\" \/>\n<meta property=\"og:locale\" content=\"en_US\" \/>\n<meta property=\"og:type\" content=\"article\" \/>\n<meta property=\"og:title\" content=\"Stubai Diagonalhaken 70mm-100mm-130mm\" \/>\n<meta property=\"og:description\" content=\"Hier findet ihr den Stubai Diagonalhaken mit 70, 100 und 130mm L\u00e4nge. Einen Felshaken f\u00fcr Granit und Gneis zum top Preis!\" \/>\n<meta property=\"og:url\" content=\"https:\/\/bolting.eu\/en\/shop\/stubai-diagonalhaken\/\" \/>\n<meta property=\"og:site_name\" content=\"bolting.eu\" \/>\n<meta property=\"article:publisher\" content=\"https:\/\/www.facebook.com\/bolting.eu\" \/>\n<meta property=\"article:modified_time\" content=\"2026-02-11T09:21:20+00:00\" \/>\n<meta property=\"og:image\" content=\"https:\/\/bolting.eu\/wp-content\/uploads\/2020\/04\/Stubai-Felshaken-Diagonalhaken.jpg\" \/>\n\t<meta property=\"og:image:width\" content=\"700\" \/>\n\t<meta property=\"og:image:height\" content=\"700\" \/>\n\t<meta property=\"og:image:type\" content=\"image\/jpeg\" \/>\n<meta name=\"twitter:card\" content=\"summary_large_image\" \/>\n<meta name=\"twitter:label1\" content=\"Availability\" \/>\n\t<meta name=\"twitter:data1\" content=\"In stock\" \/>\n<script type=\"application\/ld+json\" class=\"yoast-schema-graph\">{\"@context\":\"https:\/\/schema.org\",\"@graph\":[{\"@type\":[\"WebPage\",\"ItemPage\"],\"@id\":\"https:\/\/bolting.eu\/en\/shop\/stubai-diagonalhaken\/\",\"url\":\"https:\/\/bolting.eu\/en\/shop\/stubai-diagonalhaken\/\",\"name\":\"Stubai Diagonalhaken 70-100-130mm: jetzt online kaufen bei bolting.eu\",\"isPartOf\":{\"@id\":\"https:\/\/bolting.eu\/en\/#website\"},\"primaryImageOfPage\":{\"@id\":\"https:\/\/bolting.eu\/en\/shop\/stubai-diagonalhaken\/#primaryimage\"},\"image\":{\"@id\":\"https:\/\/bolting.eu\/en\/shop\/stubai-diagonalhaken\/#primaryimage\"},\"thumbnailUrl\":\"https:\/\/bolting.eu\/wp-content\/uploads\/2020\/04\/Stubai-Felshaken-Diagonalhaken.jpg\",\"datePublished\":\"2020-04-11T08:48:21+00:00\",\"dateModified\":\"2026-02-11T09:21:20+00:00\",\"description\":\"Hier findet ihr den Stubai Diagonalhaken mit 70, 100 und 130mm L\u00e4nge. Einen Felshaken f\u00fcr Granit und Gneis zum top Preis!\",\"breadcrumb\":{\"@id\":\"https:\/\/bolting.eu\/en\/shop\/stubai-diagonalhaken\/#breadcrumb\"},\"inLanguage\":\"en-US\",\"potentialAction\":[{\"@type\":\"ReadAction\",\"target\":[\"https:\/\/bolting.eu\/en\/shop\/stubai-diagonalhaken\/\"]}]},{\"@type\":\"ImageObject\",\"inLanguage\":\"en-US\",\"@id\":\"https:\/\/bolting.eu\/en\/shop\/stubai-diagonalhaken\/#primaryimage\",\"url\":\"https:\/\/bolting.eu\/wp-content\/uploads\/2020\/04\/Stubai-Felshaken-Diagonalhaken.jpg\",\"contentUrl\":\"https:\/\/bolting.eu\/wp-content\/uploads\/2020\/04\/Stubai-Felshaken-Diagonalhaken.jpg\",\"width\":700,\"height\":700,\"caption\":\"Das Bild zeigt den dunkelgrauen Stubai Diagonalhaken. Er liegt schr\u00e4g in Bildmitte mit dem Ring rechts oben. Man erkennt sein Design sofort, insbesonders das markante gedrehte Schaft Profil.\"},{\"@type\":\"BreadcrumbList\",\"@id\":\"https:\/\/bolting.eu\/en\/shop\/stubai-diagonalhaken\/#breadcrumb\",\"itemListElement\":[{\"@type\":\"ListItem\",\"position\":1,\"name\":\"Shop\",\"item\":\"https:\/\/bolting.eu\/en\/shop\/\"},{\"@type\":\"ListItem\",\"position\":2,\"name\":\"bolting products\",\"item\":\"https:\/\/bolting.eu\/en\/produkt-kategorie\/bolting-products\/\"},{\"@type\":\"ListItem\",\"position\":3,\"name\":\"piton - Normal hook\",\"item\":\"https:\/\/bolting.eu\/en\/produkt-kategorie\/piton-normal-hook\/\"},{\"@type\":\"ListItem\",\"position\":4,\"name\":\"Stubai Diagonalhaken 70mm-100mm-130mm\"}]},{\"@type\":\"WebSite\",\"@id\":\"https:\/\/bolting.eu\/en\/#website\",\"url\":\"https:\/\/bolting.eu\/en\/\",\"name\":\"bolting.eu\",\"description\":\"we make climbs happen\",\"publisher\":{\"@id\":\"https:\/\/bolting.eu\/en\/#organization\"},\"potentialAction\":[{\"@type\":\"SearchAction\",\"target\":{\"@type\":\"EntryPoint\",\"urlTemplate\":\"https:\/\/bolting.eu\/en\/?s={search_term_string}\"},\"query-input\":{\"@type\":\"PropertyValueSpecification\",\"valueRequired\":true,\"valueName\":\"search_term_string\"}}],\"inLanguage\":\"en-US\"},{\"@type\":[\"Organization\",\"Place\",\"SportingGoodsStore\"],\"@id\":\"https:\/\/bolting.eu\/en\/#organization\",\"name\":\"bolting.eu\",\"url\":\"https:\/\/bolting.eu\/en\/\",\"logo\":{\"@id\":\"https:\/\/bolting.eu\/en\/shop\/stubai-diagonalhaken\/#local-main-organization-logo\"},\"image\":{\"@id\":\"https:\/\/bolting.eu\/en\/shop\/stubai-diagonalhaken\/#local-main-organization-logo\"},\"sameAs\":[\"https:\/\/www.facebook.com\/bolting.eu\",\"https:\/\/www.instagram.com\/bolting.eu\/\"],\"address\":{\"@id\":\"https:\/\/bolting.eu\/en\/shop\/stubai-diagonalhaken\/#local-main-place-address\"},\"geo\":{\"@type\":\"GeoCoordinates\",\"latitude\":\"47.264176340396226\",\"longitude\":\"11.380109057672346\"},\"telephone\":[\"+43 699 19083372\"],\"openingHoursSpecification\":[{\"@type\":\"OpeningHoursSpecification\",\"dayOfWeek\":[\"Monday\",\"Wednesday\",\"Friday\"],\"opens\":\"14:00\",\"closes\":\"18:00\"},{\"@type\":\"OpeningHoursSpecification\",\"dayOfWeek\":[\"Tuesday\",\"Thursday\",\"Saturday\",\"Sunday\"],\"opens\":\"00:00\",\"closes\":\"00:00\"}],\"email\":\"office@bolting.eu\",\"vatID\":\"ATU59999728\",\"priceRange\":\"$$\",\"currenciesAccepted\":\"Euro\"},{\"@type\":\"PostalAddress\",\"@id\":\"https:\/\/bolting.eu\/en\/shop\/stubai-diagonalhaken\/#local-main-place-address\",\"streetAddress\":\"Fischnalerstra\u00dfe 4\",\"addressLocality\":\"Innsbruck\",\"postalCode\":\"6020\",\"addressRegion\":\"Tirol\",\"addressCountry\":\"AT\"},{\"@type\":\"ImageObject\",\"inLanguage\":\"en-US\",\"@id\":\"https:\/\/bolting.eu\/en\/shop\/stubai-diagonalhaken\/#local-main-organization-logo\",\"url\":\"https:\/\/bolting.eu\/wp-content\/uploads\/2019\/09\/bolting-logo.png\",\"contentUrl\":\"https:\/\/bolting.eu\/wp-content\/uploads\/2019\/09\/bolting-logo.png\",\"width\":400,\"height\":211,\"caption\":\"bolting.eu\"}]}<\/script>\n<meta property=\"og:availability\" content=\"instock\" \/>\n<meta property=\"product:availability\" content=\"instock\" \/>\n<meta property=\"product:retailer_item_id\" content=\"958016-2-1-1\" \/>\n<meta property=\"product:condition\" content=\"new\" \/>\n<meta name=\"geo.placename\" content=\"Innsbruck\" \/>\n<meta name=\"geo.position\" content=\"47.264176340396226;11.380109057672346\" \/>\n<meta name=\"geo.region\" content=\"Austria\" \/>\n<!-- \/ Yoast SEO Premium plugin. -->","yoast_head_json":{"title":"Stubai Diagonalhaken 70-100-130mm: jetzt online kaufen bei bolting.eu","description":"Hier findet ihr den Stubai Diagonalhaken mit 70, 100 und 130mm L\u00e4nge. Einen Felshaken f\u00fcr Granit und Gneis zum top Preis!","robots":{"index":"index","follow":"follow","max-snippet":"max-snippet:-1","max-image-preview":"max-image-preview:large","max-video-preview":"max-video-preview:-1"},"canonical":"https:\/\/bolting.eu\/en\/shop\/stubai-diagonalhaken\/","og_locale":"en_US","og_type":"article","og_title":"Stubai Diagonalhaken 70mm-100mm-130mm","og_description":"Hier findet ihr den Stubai Diagonalhaken mit 70, 100 und 130mm L\u00e4nge. Einen Felshaken f\u00fcr Granit und Gneis zum top Preis!","og_url":"https:\/\/bolting.eu\/en\/shop\/stubai-diagonalhaken\/","og_site_name":"bolting.eu","article_publisher":"https:\/\/www.facebook.com\/bolting.eu","article_modified_time":"2026-02-11T09:21:20+00:00","og_image":[{"width":700,"height":700,"url":"https:\/\/bolting.eu\/wp-content\/uploads\/2020\/04\/Stubai-Felshaken-Diagonalhaken.jpg","type":"image\/jpeg"}],"twitter_card":"summary_large_image","twitter_misc":{"Availability":"In stock"},"schema":{"@context":"https:\/\/schema.org","@graph":[{"@type":["WebPage","ItemPage"],"@id":"https:\/\/bolting.eu\/en\/shop\/stubai-diagonalhaken\/","url":"https:\/\/bolting.eu\/en\/shop\/stubai-diagonalhaken\/","name":"Stubai Diagonalhaken 70-100-130mm: jetzt online kaufen bei bolting.eu","isPartOf":{"@id":"https:\/\/bolting.eu\/en\/#website"},"primaryImageOfPage":{"@id":"https:\/\/bolting.eu\/en\/shop\/stubai-diagonalhaken\/#primaryimage"},"image":{"@id":"https:\/\/bolting.eu\/en\/shop\/stubai-diagonalhaken\/#primaryimage"},"thumbnailUrl":"https:\/\/bolting.eu\/wp-content\/uploads\/2020\/04\/Stubai-Felshaken-Diagonalhaken.jpg","datePublished":"2020-04-11T08:48:21+00:00","dateModified":"2026-02-11T09:21:20+00:00","description":"Hier findet ihr den Stubai Diagonalhaken mit 70, 100 und 130mm L\u00e4nge. Einen Felshaken f\u00fcr Granit und Gneis zum top Preis!","breadcrumb":{"@id":"https:\/\/bolting.eu\/en\/shop\/stubai-diagonalhaken\/#breadcrumb"},"inLanguage":"en-US","potentialAction":[{"@type":"ReadAction","target":["https:\/\/bolting.eu\/en\/shop\/stubai-diagonalhaken\/"]}]},{"@type":"ImageObject","inLanguage":"en-US","@id":"https:\/\/bolting.eu\/en\/shop\/stubai-diagonalhaken\/#primaryimage","url":"https:\/\/bolting.eu\/wp-content\/uploads\/2020\/04\/Stubai-Felshaken-Diagonalhaken.jpg","contentUrl":"https:\/\/bolting.eu\/wp-content\/uploads\/2020\/04\/Stubai-Felshaken-Diagonalhaken.jpg","width":700,"height":700,"caption":"Das Bild zeigt den dunkelgrauen Stubai Diagonalhaken. Er liegt schr\u00e4g in Bildmitte mit dem Ring rechts oben. Man erkennt sein Design sofort, insbesonders das markante gedrehte Schaft Profil."},{"@type":"BreadcrumbList","@id":"https:\/\/bolting.eu\/en\/shop\/stubai-diagonalhaken\/#breadcrumb","itemListElement":[{"@type":"ListItem","position":1,"name":"Shop","item":"https:\/\/bolting.eu\/en\/shop\/"},{"@type":"ListItem","position":2,"name":"bolting products","item":"https:\/\/bolting.eu\/en\/produkt-kategorie\/bolting-products\/"},{"@type":"ListItem","position":3,"name":"piton - Normal hook","item":"https:\/\/bolting.eu\/en\/produkt-kategorie\/piton-normal-hook\/"},{"@type":"ListItem","position":4,"name":"Stubai Diagonalhaken 70mm-100mm-130mm"}]},{"@type":"WebSite","@id":"https:\/\/bolting.eu\/en\/#website","url":"https:\/\/bolting.eu\/en\/","name":"bolting.eu","description":"we make climbs happen","publisher":{"@id":"https:\/\/bolting.eu\/en\/#organization"},"potentialAction":[{"@type":"SearchAction","target":{"@type":"EntryPoint","urlTemplate":"https:\/\/bolting.eu\/en\/?s={search_term_string}"},"query-input":{"@type":"PropertyValueSpecification","valueRequired":true,"valueName":"search_term_string"}}],"inLanguage":"en-US"},{"@type":["Organization","Place","SportingGoodsStore"],"@id":"https:\/\/bolting.eu\/en\/#organization","name":"bolting.eu","url":"https:\/\/bolting.eu\/en\/","logo":{"@id":"https:\/\/bolting.eu\/en\/shop\/stubai-diagonalhaken\/#local-main-organization-logo"},"image":{"@id":"https:\/\/bolting.eu\/en\/shop\/stubai-diagonalhaken\/#local-main-organization-logo"},"sameAs":["https:\/\/www.facebook.com\/bolting.eu","https:\/\/www.instagram.com\/bolting.eu\/"],"address":{"@id":"https:\/\/bolting.eu\/en\/shop\/stubai-diagonalhaken\/#local-main-place-address"},"geo":{"@type":"GeoCoordinates","latitude":"47.264176340396226","longitude":"11.380109057672346"},"telephone":["+43 699 19083372"],"openingHoursSpecification":[{"@type":"OpeningHoursSpecification","dayOfWeek":["Monday","Wednesday","Friday"],"opens":"14:00","closes":"18:00"},{"@type":"OpeningHoursSpecification","dayOfWeek":["Tuesday","Thursday","Saturday","Sunday"],"opens":"00:00","closes":"00:00"}],"email":"office@bolting.eu","vatID":"ATU59999728","priceRange":"$$","currenciesAccepted":"Euro"},{"@type":"PostalAddress","@id":"https:\/\/bolting.eu\/en\/shop\/stubai-diagonalhaken\/#local-main-place-address","streetAddress":"Fischnalerstra\u00dfe 4","addressLocality":"Innsbruck","postalCode":"6020","addressRegion":"Tirol","addressCountry":"AT"},{"@type":"ImageObject","inLanguage":"en-US","@id":"https:\/\/bolting.eu\/en\/shop\/stubai-diagonalhaken\/#local-main-organization-logo","url":"https:\/\/bolting.eu\/wp-content\/uploads\/2019\/09\/bolting-logo.png","contentUrl":"https:\/\/bolting.eu\/wp-content\/uploads\/2019\/09\/bolting-logo.png","width":400,"height":211,"caption":"bolting.eu"}]},"og_availability":"instock","product_availability":"instock","product_retailer_item_id":"958016-2-1-1","product_condition":"new","geo.placename":"Innsbruck","geo.position":{"lat":"47.264176340396226","long":"11.380109057672346"},"geo.region":"Austria"},"_links":{"self":[{"href":"https:\/\/bolting.eu\/en\/wp-json\/wp\/v2\/product\/3265","targetHints":{"allow":["GET"]}}],"collection":[{"href":"https:\/\/bolting.eu\/en\/wp-json\/wp\/v2\/product"}],"about":[{"href":"https:\/\/bolting.eu\/en\/wp-json\/wp\/v2\/types\/product"}],"replies":[{"embeddable":true,"href":"https:\/\/bolting.eu\/en\/wp-json\/wp\/v2\/comments?post=3265"}],"wp:featuredmedia":[{"embeddable":true,"href":"https:\/\/bolting.eu\/en\/wp-json\/wp\/v2\/media\/3242"}],"wp:attachment":[{"href":"https:\/\/bolting.eu\/en\/wp-json\/wp\/v2\/media?parent=3265"}],"wp:term":[{"taxonomy":"product_brand","embeddable":true,"href":"https:\/\/bolting.eu\/en\/wp-json\/wp\/v2\/product_brand?post=3265"},{"taxonomy":"product_cat","embeddable":true,"href":"https:\/\/bolting.eu\/en\/wp-json\/wp\/v2\/product_cat?post=3265"},{"taxonomy":"product_tag","embeddable":true,"href":"https:\/\/bolting.eu\/en\/wp-json\/wp\/v2\/product_tag?post=3265"}],"curies":[{"name":"wp","href":"https:\/\/api.w.org\/{rel}","templated":true}]}}