{"id":32324,"date":"2025-04-01T12:34:26","date_gmt":"2025-04-01T10:34:26","guid":{"rendered":"https:\/\/bolting.eu\/?post_type=product&#038;p=32324"},"modified":"2025-04-01T12:34:29","modified_gmt":"2025-04-01T10:34:29","slug":"black-diamond-liquid-chalk-eco-gold","status":"publish","type":"product","link":"https:\/\/bolting.eu\/en\/shop\/black-diamond-liquid-chalk-eco-gold\/","title":{"rendered":"Black Diamond Liquid Chalk Eco Gold"},"content":{"rendered":"<p>Das Black Diamond Liquid Chalk &#8220;Eco Gold&#8221; ist ein beliebtes Fl\u00fcssigmagnesium. Es wird meist als &#8220;Base Layer&#8221; beim Bouldern oder Projekten verwendet.<\/p>\n<p>Folglich wird es als erstes auf die Haut aufgetragen. Nach dem Verdunsten entsteht eine staubfreie Chalk Schichte. Dar\u00fcber kann dann normales Magnesium wie z.B. das <a href=\"https:\/\/bolting.eu\/shop\/black-diamond-chalk-white-gold\/\">White Gold<\/a> verwendet werden.<\/p>\n<p>Fazit. Ideal f\u00fcr alle die extrem trockene Finger bzw. H\u00e4nde haben wollen!<\/p>\n<h2>Eigenschaften Black Diamond Liquid Chalk<\/h2>\n<ul>\n<li>Name: Eco Gold<\/li>\n<li>Inhalt:150 ml<\/li>\n<li>Komponenten: Magnesiumcarbonat, Ethanol, Dickungsmittel<\/li>\n<li>f\u00fcr schnell trocknende, feine Textur<\/li>\n<li>aus Nebenprodukten des Entsalzungsprozesses gewonnen<\/li>\n<li>staubfreie Zusammensetzung<\/li>\n<li>ideal f\u00fcr harte &#8220;sends&#8221; oder Kletterhallen<\/li>\n<li>die saubere und ungiftige Schicht h\u00e4lt die Haut trocken<\/li>\n<li>nach Verwendung gut die H\u00e4nde waschen<\/li>\n<li>Feuchtigkeitscreme wie die Mantle Kletter Handcreme verwenden<\/li>\n<li><a href=\"https:\/\/www.blackdiamondequipment.com\/de_AT\/product\/eco-gold-liquid-chalk\/#:~:text=Product%20Instrucions%20%2D%20ECO%20Gold%20Liquid%20Chalk\">Bedienungsanleitung<\/a><\/li>\n<\/ul>\n<h3>Wichtig zu wissen!<\/h3>\n<p>Das Liquid Chalk von <a href=\"https:\/\/bolting.eu\/produkt-kategorie\/black-diamond\/\">Black Diamond<\/a> besteht gro\u00dfteils aus Ethanol Alkohol. Dieser verdunstet und erm\u00f6glicht die feine Magnesium Schichte.<\/p>\n<p>Folglich solltet ihr das Eco Gold NICHT verwenden, wenn ihr Risse oder Wunden an den Fingern habt. Denn das brennt das Auftragen der Fl\u00fcssigkeit h\u00f6llisch!<\/p>\n<p>Zudem k\u00f6nnen allergische Reaktionen Auftreten. Wer Hautprobleme bekommt muss dieses Produkt daher sofort absetzen.<\/p>\n<h3>Immer gut schlie\u00dfen!<\/h3>\n<p>Das Eco Gold Liquid Chalk wird in einer soliden Tube geliefert. Diese k\u00f6nnt ihr gut verschlie\u00dfen.<\/p>\n<p>Dies ist auch n\u00f6tig. Denn wer die Tube offen l\u00e4sst, erm\u00f6glicht die Verdunstung des Alkohols. Somit wird der Inhalt ganz z\u00e4hfl\u00fcssig und irgendwann unbrauchbar.<\/p>\n<p>Folglich m\u00fcsst ihr die Tube immer fest verschlie\u00dfen!<\/p>\n","protected":false},"excerpt":{"rendered":"<p>150ml Tube Liquid Chalk f\u00fcr feine &#8220;Base Layer&#8221;. Eines der beliebtesten Produkte am Markt.<\/p>\n<p>Ideal f\u00fcr Projekte und die Kletterhalle. Macht die Haut extrem trocken und sorgt f\u00fcr besten &#8220;grip&#8221;.<\/p>\n<p>Versandkostenfrei bis 2kg in <img decoding=\"async\" class=\"emoji\" role=\"img\" draggable=\"false\" src=\"https:\/\/s.w.org\/images\/core\/emoji\/14.0.0\/svg\/1f1e6-1f1f9.svg\" alt=\"\ud83c\udde6\ud83c\uddf9\" \/> ab \u20ac 100,- und <img decoding=\"async\" class=\"emoji\" role=\"img\" draggable=\"false\" src=\"https:\/\/s.w.org\/images\/core\/emoji\/14.0.0\/svg\/1f1e9-1f1ea.svg\" alt=\"\ud83c\udde9\ud83c\uddea\" \/> ab \u20ac 200,-!<\/p>\n","protected":false},"featured_media":32327,"comment_status":"closed","ping_status":"closed","template":"","meta":[],"product_brand":[],"product_cat":[4658,5007,29],"product_tag":[],"class_list":{"0":"post-32324","1":"product","2":"type-product","3":"status-publish","4":"has-post-thumbnail","6":"product_cat-black-diamond","7":"product_cat-chalk-klettern","8":"product_cat-kletterausruestung","10":"first","11":"instock","12":"taxable","13":"shipping-taxable","14":"purchasable","15":"product-type-simple"},"yoast_head":"<!-- This site is optimized with the Yoast SEO Premium plugin v26.9 (Yoast SEO v26.9) - https:\/\/yoast.com\/product\/yoast-seo-premium-wordpress\/ -->\n<title>Black Diamond Liquid Chalk Eco Gold | bolting.eu<\/title>\n<meta name=\"description\" content=\"Black Diamond Liquid Chalk Eco Gold \u2705 Trusted Shop \u2705 kostenloser Versand* \u2705 14 Tage R\u00fcckgaberecht \u2705 Co2 neutrale Zustellung\" \/>\n<meta name=\"robots\" content=\"index, follow, max-snippet:-1, max-image-preview:large, max-video-preview:-1\" \/>\n<link rel=\"canonical\" href=\"https:\/\/bolting.eu\/en\/shop\/black-diamond-liquid-chalk-eco-gold\/\" \/>\n<meta property=\"og:locale\" content=\"en_US\" \/>\n<meta property=\"og:type\" content=\"article\" \/>\n<meta property=\"og:title\" content=\"Black Diamond Liquid Chalk Eco Gold\" \/>\n<meta property=\"og:description\" content=\"Black Diamond Liquid Chalk Eco Gold \u2705 Trusted Shop \u2705 kostenloser Versand* \u2705 14 Tage R\u00fcckgaberecht \u2705 Co2 neutrale Zustellung\" \/>\n<meta property=\"og:url\" content=\"https:\/\/bolting.eu\/en\/shop\/black-diamond-liquid-chalk-eco-gold\/\" \/>\n<meta property=\"og:site_name\" content=\"bolting.eu\" \/>\n<meta property=\"article:publisher\" content=\"https:\/\/www.facebook.com\/bolting.eu\" \/>\n<meta property=\"article:modified_time\" content=\"2025-04-01T10:34:29+00:00\" \/>\n<meta property=\"og:image\" content=\"https:\/\/bolting.eu\/wp-content\/uploads\/2025\/04\/Black-Diamond-Liquid-Chalk-1.jpg\" \/>\n\t<meta property=\"og:image:width\" content=\"700\" \/>\n\t<meta property=\"og:image:height\" content=\"700\" \/>\n\t<meta property=\"og:image:type\" content=\"image\/jpeg\" \/>\n<meta name=\"twitter:card\" content=\"summary_large_image\" \/>\n<meta name=\"twitter:label1\" content=\"Price\" \/>\n\t<meta name=\"twitter:data1\" content=\"&euro;&nbsp;15,00\" \/>\n\t<meta name=\"twitter:label2\" content=\"Availability\" \/>\n\t<meta name=\"twitter:data2\" content=\"In stock\" \/>\n<script type=\"application\/ld+json\" class=\"yoast-schema-graph\">{\"@context\":\"https:\/\/schema.org\",\"@graph\":[{\"@type\":[\"WebPage\",\"ItemPage\"],\"@id\":\"https:\/\/bolting.eu\/en\/shop\/black-diamond-liquid-chalk-eco-gold\/\",\"url\":\"https:\/\/bolting.eu\/en\/shop\/black-diamond-liquid-chalk-eco-gold\/\",\"name\":\"Black Diamond Liquid Chalk Eco Gold | bolting.eu\",\"isPartOf\":{\"@id\":\"https:\/\/bolting.eu\/en\/#website\"},\"primaryImageOfPage\":{\"@id\":\"https:\/\/bolting.eu\/en\/shop\/black-diamond-liquid-chalk-eco-gold\/#primaryimage\"},\"image\":{\"@id\":\"https:\/\/bolting.eu\/en\/shop\/black-diamond-liquid-chalk-eco-gold\/#primaryimage\"},\"thumbnailUrl\":\"https:\/\/bolting.eu\/wp-content\/uploads\/2025\/04\/Black-Diamond-Liquid-Chalk-1.jpg\",\"datePublished\":\"2025-04-01T10:34:26+00:00\",\"dateModified\":\"2025-04-01T10:34:29+00:00\",\"description\":\"Black Diamond Liquid Chalk Eco Gold \u2705 Trusted Shop \u2705 kostenloser Versand* \u2705 14 Tage R\u00fcckgaberecht \u2705 Co2 neutrale Zustellung\",\"breadcrumb\":{\"@id\":\"https:\/\/bolting.eu\/en\/shop\/black-diamond-liquid-chalk-eco-gold\/#breadcrumb\"},\"inLanguage\":\"en-US\",\"potentialAction\":[{\"@type\":\"ReadAction\",\"target\":[\"https:\/\/bolting.eu\/en\/shop\/black-diamond-liquid-chalk-eco-gold\/\"]}]},{\"@type\":\"ImageObject\",\"inLanguage\":\"en-US\",\"@id\":\"https:\/\/bolting.eu\/en\/shop\/black-diamond-liquid-chalk-eco-gold\/#primaryimage\",\"url\":\"https:\/\/bolting.eu\/wp-content\/uploads\/2025\/04\/Black-Diamond-Liquid-Chalk-1.jpg\",\"contentUrl\":\"https:\/\/bolting.eu\/wp-content\/uploads\/2025\/04\/Black-Diamond-Liquid-Chalk-1.jpg\",\"width\":700,\"height\":700,\"caption\":\"Schwarz goldene Tube Black Diamond Liquid Chalk Eco Gold mit wei\u00dfer Kappe.\"},{\"@type\":\"BreadcrumbList\",\"@id\":\"https:\/\/bolting.eu\/en\/shop\/black-diamond-liquid-chalk-eco-gold\/#breadcrumb\",\"itemListElement\":[{\"@type\":\"ListItem\",\"position\":1,\"name\":\"Shop\",\"item\":\"https:\/\/bolting.eu\/en\/shop\/\"},{\"@type\":\"ListItem\",\"position\":2,\"name\":\"Black Diamond\",\"item\":\"https:\/\/bolting.eu\/en\/produkt-kategorie\/black-diamond-en\/\"},{\"@type\":\"ListItem\",\"position\":3,\"name\":\"Black Diamond Liquid Chalk Eco Gold\"}]},{\"@type\":\"WebSite\",\"@id\":\"https:\/\/bolting.eu\/en\/#website\",\"url\":\"https:\/\/bolting.eu\/en\/\",\"name\":\"bolting.eu\",\"description\":\"we make climbs happen\",\"publisher\":{\"@id\":\"https:\/\/bolting.eu\/en\/#organization\"},\"potentialAction\":[{\"@type\":\"SearchAction\",\"target\":{\"@type\":\"EntryPoint\",\"urlTemplate\":\"https:\/\/bolting.eu\/en\/?s={search_term_string}\"},\"query-input\":{\"@type\":\"PropertyValueSpecification\",\"valueRequired\":true,\"valueName\":\"search_term_string\"}}],\"inLanguage\":\"en-US\"},{\"@type\":[\"Organization\",\"Place\",\"SportingGoodsStore\"],\"@id\":\"https:\/\/bolting.eu\/en\/#organization\",\"name\":\"bolting.eu\",\"url\":\"https:\/\/bolting.eu\/en\/\",\"logo\":{\"@id\":\"https:\/\/bolting.eu\/en\/shop\/black-diamond-liquid-chalk-eco-gold\/#local-main-organization-logo\"},\"image\":{\"@id\":\"https:\/\/bolting.eu\/en\/shop\/black-diamond-liquid-chalk-eco-gold\/#local-main-organization-logo\"},\"sameAs\":[\"https:\/\/www.facebook.com\/bolting.eu\",\"https:\/\/www.instagram.com\/bolting.eu\/\"],\"address\":{\"@id\":\"https:\/\/bolting.eu\/en\/shop\/black-diamond-liquid-chalk-eco-gold\/#local-main-place-address\"},\"geo\":{\"@type\":\"GeoCoordinates\",\"latitude\":\"47.264176340396226\",\"longitude\":\"11.380109057672346\"},\"telephone\":[\"+43 699 19083372\"],\"openingHoursSpecification\":[{\"@type\":\"OpeningHoursSpecification\",\"dayOfWeek\":[\"Monday\",\"Wednesday\",\"Friday\"],\"opens\":\"14:00\",\"closes\":\"18:00\"},{\"@type\":\"OpeningHoursSpecification\",\"dayOfWeek\":[\"Tuesday\",\"Thursday\",\"Saturday\",\"Sunday\"],\"opens\":\"00:00\",\"closes\":\"00:00\"}],\"email\":\"office@bolting.eu\",\"vatID\":\"ATU59999728\",\"priceRange\":\"$$\",\"currenciesAccepted\":\"Euro\"},{\"@type\":\"PostalAddress\",\"@id\":\"https:\/\/bolting.eu\/en\/shop\/black-diamond-liquid-chalk-eco-gold\/#local-main-place-address\",\"streetAddress\":\"Fischnalerstra\u00dfe 4\",\"addressLocality\":\"Innsbruck\",\"postalCode\":\"6020\",\"addressRegion\":\"Tirol\",\"addressCountry\":\"AT\"},{\"@type\":\"ImageObject\",\"inLanguage\":\"en-US\",\"@id\":\"https:\/\/bolting.eu\/en\/shop\/black-diamond-liquid-chalk-eco-gold\/#local-main-organization-logo\",\"url\":\"https:\/\/bolting.eu\/wp-content\/uploads\/2019\/09\/bolting-logo.png\",\"contentUrl\":\"https:\/\/bolting.eu\/wp-content\/uploads\/2019\/09\/bolting-logo.png\",\"width\":400,\"height\":211,\"caption\":\"bolting.eu\"}]}<\/script>\n<meta property=\"product:price:amount\" content=\"15.00\" \/>\n<meta property=\"product:price:currency\" content=\"EUR\" \/>\n<meta property=\"og:availability\" content=\"instock\" \/>\n<meta property=\"product:availability\" content=\"instock\" \/>\n<meta property=\"product:retailer_item_id\" content=\"D5505310000ALL1\" \/>\n<meta property=\"product:condition\" content=\"new\" \/>\n<meta name=\"geo.placename\" content=\"Innsbruck\" \/>\n<meta name=\"geo.position\" content=\"47.264176340396226;11.380109057672346\" \/>\n<meta name=\"geo.region\" content=\"Austria\" \/>\n<!-- \/ Yoast SEO Premium plugin. -->","yoast_head_json":{"title":"Black Diamond Liquid Chalk Eco Gold | bolting.eu","description":"Black Diamond Liquid Chalk Eco Gold \u2705 Trusted Shop \u2705 kostenloser Versand* \u2705 14 Tage R\u00fcckgaberecht \u2705 Co2 neutrale Zustellung","robots":{"index":"index","follow":"follow","max-snippet":"max-snippet:-1","max-image-preview":"max-image-preview:large","max-video-preview":"max-video-preview:-1"},"canonical":"https:\/\/bolting.eu\/en\/shop\/black-diamond-liquid-chalk-eco-gold\/","og_locale":"en_US","og_type":"article","og_title":"Black Diamond Liquid Chalk Eco Gold","og_description":"Black Diamond Liquid Chalk Eco Gold \u2705 Trusted Shop \u2705 kostenloser Versand* \u2705 14 Tage R\u00fcckgaberecht \u2705 Co2 neutrale Zustellung","og_url":"https:\/\/bolting.eu\/en\/shop\/black-diamond-liquid-chalk-eco-gold\/","og_site_name":"bolting.eu","article_publisher":"https:\/\/www.facebook.com\/bolting.eu","article_modified_time":"2025-04-01T10:34:29+00:00","og_image":[{"width":700,"height":700,"url":"https:\/\/bolting.eu\/wp-content\/uploads\/2025\/04\/Black-Diamond-Liquid-Chalk-1.jpg","type":"image\/jpeg"}],"twitter_card":"summary_large_image","twitter_misc":{"Price":"&euro;&nbsp;15,00","Availability":"In stock"},"schema":{"@context":"https:\/\/schema.org","@graph":[{"@type":["WebPage","ItemPage"],"@id":"https:\/\/bolting.eu\/en\/shop\/black-diamond-liquid-chalk-eco-gold\/","url":"https:\/\/bolting.eu\/en\/shop\/black-diamond-liquid-chalk-eco-gold\/","name":"Black Diamond Liquid Chalk Eco Gold | bolting.eu","isPartOf":{"@id":"https:\/\/bolting.eu\/en\/#website"},"primaryImageOfPage":{"@id":"https:\/\/bolting.eu\/en\/shop\/black-diamond-liquid-chalk-eco-gold\/#primaryimage"},"image":{"@id":"https:\/\/bolting.eu\/en\/shop\/black-diamond-liquid-chalk-eco-gold\/#primaryimage"},"thumbnailUrl":"https:\/\/bolting.eu\/wp-content\/uploads\/2025\/04\/Black-Diamond-Liquid-Chalk-1.jpg","datePublished":"2025-04-01T10:34:26+00:00","dateModified":"2025-04-01T10:34:29+00:00","description":"Black Diamond Liquid Chalk Eco Gold \u2705 Trusted Shop \u2705 kostenloser Versand* \u2705 14 Tage R\u00fcckgaberecht \u2705 Co2 neutrale Zustellung","breadcrumb":{"@id":"https:\/\/bolting.eu\/en\/shop\/black-diamond-liquid-chalk-eco-gold\/#breadcrumb"},"inLanguage":"en-US","potentialAction":[{"@type":"ReadAction","target":["https:\/\/bolting.eu\/en\/shop\/black-diamond-liquid-chalk-eco-gold\/"]}]},{"@type":"ImageObject","inLanguage":"en-US","@id":"https:\/\/bolting.eu\/en\/shop\/black-diamond-liquid-chalk-eco-gold\/#primaryimage","url":"https:\/\/bolting.eu\/wp-content\/uploads\/2025\/04\/Black-Diamond-Liquid-Chalk-1.jpg","contentUrl":"https:\/\/bolting.eu\/wp-content\/uploads\/2025\/04\/Black-Diamond-Liquid-Chalk-1.jpg","width":700,"height":700,"caption":"Schwarz goldene Tube Black Diamond Liquid Chalk Eco Gold mit wei\u00dfer Kappe."},{"@type":"BreadcrumbList","@id":"https:\/\/bolting.eu\/en\/shop\/black-diamond-liquid-chalk-eco-gold\/#breadcrumb","itemListElement":[{"@type":"ListItem","position":1,"name":"Shop","item":"https:\/\/bolting.eu\/en\/shop\/"},{"@type":"ListItem","position":2,"name":"Black Diamond","item":"https:\/\/bolting.eu\/en\/produkt-kategorie\/black-diamond-en\/"},{"@type":"ListItem","position":3,"name":"Black Diamond Liquid Chalk Eco Gold"}]},{"@type":"WebSite","@id":"https:\/\/bolting.eu\/en\/#website","url":"https:\/\/bolting.eu\/en\/","name":"bolting.eu","description":"we make climbs happen","publisher":{"@id":"https:\/\/bolting.eu\/en\/#organization"},"potentialAction":[{"@type":"SearchAction","target":{"@type":"EntryPoint","urlTemplate":"https:\/\/bolting.eu\/en\/?s={search_term_string}"},"query-input":{"@type":"PropertyValueSpecification","valueRequired":true,"valueName":"search_term_string"}}],"inLanguage":"en-US"},{"@type":["Organization","Place","SportingGoodsStore"],"@id":"https:\/\/bolting.eu\/en\/#organization","name":"bolting.eu","url":"https:\/\/bolting.eu\/en\/","logo":{"@id":"https:\/\/bolting.eu\/en\/shop\/black-diamond-liquid-chalk-eco-gold\/#local-main-organization-logo"},"image":{"@id":"https:\/\/bolting.eu\/en\/shop\/black-diamond-liquid-chalk-eco-gold\/#local-main-organization-logo"},"sameAs":["https:\/\/www.facebook.com\/bolting.eu","https:\/\/www.instagram.com\/bolting.eu\/"],"address":{"@id":"https:\/\/bolting.eu\/en\/shop\/black-diamond-liquid-chalk-eco-gold\/#local-main-place-address"},"geo":{"@type":"GeoCoordinates","latitude":"47.264176340396226","longitude":"11.380109057672346"},"telephone":["+43 699 19083372"],"openingHoursSpecification":[{"@type":"OpeningHoursSpecification","dayOfWeek":["Monday","Wednesday","Friday"],"opens":"14:00","closes":"18:00"},{"@type":"OpeningHoursSpecification","dayOfWeek":["Tuesday","Thursday","Saturday","Sunday"],"opens":"00:00","closes":"00:00"}],"email":"office@bolting.eu","vatID":"ATU59999728","priceRange":"$$","currenciesAccepted":"Euro"},{"@type":"PostalAddress","@id":"https:\/\/bolting.eu\/en\/shop\/black-diamond-liquid-chalk-eco-gold\/#local-main-place-address","streetAddress":"Fischnalerstra\u00dfe 4","addressLocality":"Innsbruck","postalCode":"6020","addressRegion":"Tirol","addressCountry":"AT"},{"@type":"ImageObject","inLanguage":"en-US","@id":"https:\/\/bolting.eu\/en\/shop\/black-diamond-liquid-chalk-eco-gold\/#local-main-organization-logo","url":"https:\/\/bolting.eu\/wp-content\/uploads\/2019\/09\/bolting-logo.png","contentUrl":"https:\/\/bolting.eu\/wp-content\/uploads\/2019\/09\/bolting-logo.png","width":400,"height":211,"caption":"bolting.eu"}]},"product_price_amount":"15.00","product_price_currency":"EUR","og_availability":"instock","product_availability":"instock","product_retailer_item_id":"D5505310000ALL1","product_condition":"new","geo.placename":"Innsbruck","geo.position":{"lat":"47.264176340396226","long":"11.380109057672346"},"geo.region":"Austria"},"_links":{"self":[{"href":"https:\/\/bolting.eu\/en\/wp-json\/wp\/v2\/product\/32324","targetHints":{"allow":["GET"]}}],"collection":[{"href":"https:\/\/bolting.eu\/en\/wp-json\/wp\/v2\/product"}],"about":[{"href":"https:\/\/bolting.eu\/en\/wp-json\/wp\/v2\/types\/product"}],"replies":[{"embeddable":true,"href":"https:\/\/bolting.eu\/en\/wp-json\/wp\/v2\/comments?post=32324"}],"wp:featuredmedia":[{"embeddable":true,"href":"https:\/\/bolting.eu\/en\/wp-json\/wp\/v2\/media\/32327"}],"wp:attachment":[{"href":"https:\/\/bolting.eu\/en\/wp-json\/wp\/v2\/media?parent=32324"}],"wp:term":[{"taxonomy":"product_brand","embeddable":true,"href":"https:\/\/bolting.eu\/en\/wp-json\/wp\/v2\/product_brand?post=32324"},{"taxonomy":"product_cat","embeddable":true,"href":"https:\/\/bolting.eu\/en\/wp-json\/wp\/v2\/product_cat?post=32324"},{"taxonomy":"product_tag","embeddable":true,"href":"https:\/\/bolting.eu\/en\/wp-json\/wp\/v2\/product_tag?post=32324"}],"curies":[{"name":"wp","href":"https:\/\/api.w.org\/{rel}","templated":true}]}}