{"id":3228,"date":"2020-04-10T12:43:56","date_gmt":"2020-04-10T10:43:56","guid":{"rendered":"https:\/\/bolting.eu\/?post_type=product&#038;p=3228"},"modified":"2023-08-16T14:27:48","modified_gmt":"2023-08-16T12:27:48","slug":"abseilachter-stubai","status":"publish","type":"product","link":"https:\/\/bolting.eu\/en\/shop\/abseilachter-stubai\/","title":{"rendered":"Abseilachter Stubai"},"content":{"rendered":"<p>Der Abseilachter Stubai ist ein solides Standard Produkt. Er erm\u00f6glicht dynamisches Sichern einerseits. Und z\u00fcgiges Abseilen andererseits. Dieses Sicherungsger\u00e4t besteht aus einer hochwertigen Aluminium Legierung. Zudem ist der Achter eloxiert. Somit ist das Sicherungsger\u00e4t perfekt gegen Korrosion gesch\u00fctzt.<\/p>\n<p>Entgegen vielen anderen Sicherungs- und Abseilger\u00e4ten funktioniert der Abseilachter mit jedem <a href=\"https:\/\/bolting.eu\/produkt-kategorie\/karabiner-kletterkarabiner\/\">Karabiner<\/a>.<\/p>\n<h3>Eigenschaften Abseilachter Stubai<\/h3>\n<ul>\n<li>Hersteller: <a href=\"https:\/\/bolting.eu\/produkt-kategorie\/stubai-bergsport\/\">Stubai Bergsport<\/a><\/li>\n<li>Material: Aluminium<\/li>\n<li>Gewicht: 109 Gramm<\/li>\n<li>Dimensionen: 14,5 x 7 x 1,2cm<\/li>\n<li>eloxiert<\/li>\n<li>Farben: rot und schwarz<\/li>\n<li>ideal zum dynamischen Sichern bzw. Abseilen<\/li>\n<li>wir empfehlen dazu unseren <a href=\"https:\/\/bolting.eu\/shop\/mini-hms-schraubkarabiner\/\">Mini HMS Karabiner<\/a><\/li>\n<\/ul>\n<h3>bolting.eu Praxis Tipp<\/h3>\n<p>Der Abseilachter Stubai mag seine goldenen Jahre zwar hinter sich haben. Aber dennoch wird er immer noch sehr gesch\u00e4tzt. Denn das simple Grundprinzip ist einfach genial. Viel Reibung durch mehrmaliges Umlenken an einem Ausr\u00fcstungsgegenstand!<\/p>\n<p>Wer den Achter richtig beherrschen will, sollte die Verwendung \u00fcben. Denn es gibt ein paar kleine T\u00fccken.<\/p>\n<p>Erstens ist das dynamische Sichern mit dem Abseilachter etwas tricky. Zum einen muss man am besten etwas mit nach oben springen. Zum anderen mit der Sicherungshand dynamisch zum Achter hinfahren. Vorsicht bei neuen und d\u00fcnnen Seilen. Der Reibungswiderstand ist dann extrem gering!<\/p>\n<p>Zweitens sollte man beim Abseilen die korrekte Technik \u00fcben. D.h. den Achter mit zwei Expressen oder Bandschlinge etwas oberhalb des Schwerpunktes einh\u00e4ngen. Zudem unbedingt den Kurzprusik dazu h\u00e4ngen!<\/p>\n<h3>Wann geh\u00f6rt der Abseilachter Stubai ausgetauscht?<\/h3>\n<p>Dies h\u00e4ngt von mehreren Faktoren ab. Erstens wie viel ihr abseilt bzw. mit dem Achter ablasst. Zweitens welche Seile ihr benutzt. Drittens wie schmutzig die Seile sind die ihr verwendet.<\/p>\n<p>In jedem Fall empfehlen wir einen Austausch, wenn der Abrieb tiefe Rillen erzeugt hat. Zudem ist ein Abseilachter dann auszuscheiden, wenn er aus sehr gro\u00dfer H\u00f6he H\u00f6he hinunterf\u00e4llt.<\/p>\n<h3>Made in AUSTRIA!<\/h3>\n<p>Alle Stubai Karabiner und der Abseilachter Stubai werden mit Sorgfalt in Tirol hergestellt. Dieses Produkt erzielt folglich seine gesamte Wertsch\u00f6pfung in \u00d6sterreich <img decoding=\"async\" class=\"emoji\" role=\"img\" draggable=\"false\" src=\"https:\/\/s.w.org\/images\/core\/emoji\/12.0.0-1\/svg\/1f1e6-1f1f9.svg\" alt=\"\ud83c\udde6\ud83c\uddf9\" \/>. Und dies unter der Einhaltung von strengen sozialen und \u00f6kologischen Standards!<\/p>\n<p>Somit ist jeder Kauf dieses \u00d6sterreichischen Qualit\u00e4tsproduktes eine nachhaltige Entscheidung!<\/p>\n<p>Link Tipp: alter, aber sehr guter Beitrag zum Thema Abseilachter von <a href=\"https:\/\/www.bergundsteigen.at\/file.php\/archiv\/2001\/1\/35-39%20%28abseilgeraete%20im%20vergleich%29.pdf\" target=\"_blank\" rel=\"noopener noreferrer\">bergundsteigen<\/a><\/p>\n","protected":false},"excerpt":{"rendered":"<ul>\n<li>Hersteller: Stubai Bergsport<\/li>\n<li>Material: Aluminium<\/li>\n<li>Gewicht: 109 Gramm<\/li>\n<li>Dimensionen: 14,5 x 7 x 1,2cm<\/li>\n<li>eloxiert<\/li>\n<li>Farben: rot und schwarz<\/li>\n<li>ideal zum dynamischen Sichern bzw. Abseilen<\/li>\n<li>wir empfehlen dazu unseren Mini HMS Karabiner<\/li>\n<\/ul>\n","protected":false},"featured_media":3229,"comment_status":"open","ping_status":"closed","template":"","meta":[],"product_brand":[],"product_cat":[14249,29,3711,4650],"product_tag":[2229,262,2228,3465,264],"class_list":{"0":"post-3228","1":"product","2":"type-product","3":"status-publish","4":"has-post-thumbnail","6":"product_cat-abseilachter","7":"product_cat-kletterausruestung","8":"product_cat-sicherungsgeraete-klettern","9":"product_cat-stubai-bergsport","10":"product_tag-abseilen","11":"product_tag-alpinklettern","12":"product_tag-hoehenarbeiten","13":"product_tag-kletterhalle","14":"product_tag-sportklettern","16":"first","17":"outofstock","18":"taxable","19":"shipping-taxable","20":"purchasable","21":"product-type-variable"},"yoast_head":"<!-- This site is optimized with the Yoast SEO Premium plugin v26.9 (Yoast SEO v26.9) - https:\/\/yoast.com\/product\/yoast-seo-premium-wordpress\/ -->\n<title>Abseilachter Stubai: klassischen Achter zu Top Preis kaufen bei bolting.eu<\/title>\n<meta name=\"description\" content=\"Hier findet ihr den ABSEILACHTER Stubai zum Top Preis. Einen klassischen Achter aus eloxiertem Aluminium zum Sichern und Abseilen. Made in \ud83c\udde6\ud83c\uddf9Austria!\" \/>\n<meta name=\"robots\" content=\"index, follow, max-snippet:-1, max-image-preview:large, max-video-preview:-1\" \/>\n<link rel=\"canonical\" href=\"https:\/\/bolting.eu\/en\/shop\/abseilachter-stubai\/\" \/>\n<meta property=\"og:locale\" content=\"en_US\" \/>\n<meta property=\"og:type\" content=\"article\" \/>\n<meta property=\"og:title\" content=\"Abseilachter Stubai\" \/>\n<meta property=\"og:description\" content=\"Hier findet ihr den ABSEILACHTER Stubai zum Top Preis. Einen klassischen Achter aus eloxiertem Aluminium zum Sichern und Abseilen. Made in \ud83c\udde6\ud83c\uddf9Austria!\" \/>\n<meta property=\"og:url\" content=\"https:\/\/bolting.eu\/en\/shop\/abseilachter-stubai\/\" \/>\n<meta property=\"og:site_name\" content=\"bolting.eu\" \/>\n<meta property=\"article:publisher\" content=\"https:\/\/www.facebook.com\/bolting.eu\" \/>\n<meta property=\"article:modified_time\" content=\"2023-08-16T12:27:48+00:00\" \/>\n<meta property=\"og:image\" content=\"https:\/\/bolting.eu\/wp-content\/uploads\/2020\/04\/Abseilachter-Stubai.jpg\" \/>\n\t<meta property=\"og:image:width\" content=\"700\" \/>\n\t<meta property=\"og:image:height\" content=\"700\" \/>\n\t<meta property=\"og:image:type\" content=\"image\/jpeg\" \/>\n<meta name=\"twitter:card\" content=\"summary_large_image\" \/>\n<meta name=\"twitter:label1\" content=\"Availability\" \/>\n\t<meta name=\"twitter:data1\" content=\"Out of stock\" \/>\n<script type=\"application\/ld+json\" class=\"yoast-schema-graph\">{\"@context\":\"https:\/\/schema.org\",\"@graph\":[{\"@type\":[\"WebPage\",\"ItemPage\"],\"@id\":\"https:\/\/bolting.eu\/en\/shop\/abseilachter-stubai\/\",\"url\":\"https:\/\/bolting.eu\/en\/shop\/abseilachter-stubai\/\",\"name\":\"Abseilachter Stubai: klassischen Achter zu Top Preis kaufen bei bolting.eu\",\"isPartOf\":{\"@id\":\"https:\/\/bolting.eu\/en\/#website\"},\"primaryImageOfPage\":{\"@id\":\"https:\/\/bolting.eu\/en\/shop\/abseilachter-stubai\/#primaryimage\"},\"image\":{\"@id\":\"https:\/\/bolting.eu\/en\/shop\/abseilachter-stubai\/#primaryimage\"},\"thumbnailUrl\":\"https:\/\/bolting.eu\/wp-content\/uploads\/2020\/04\/Abseilachter-Stubai.jpg\",\"datePublished\":\"2020-04-10T10:43:56+00:00\",\"dateModified\":\"2023-08-16T12:27:48+00:00\",\"description\":\"Hier findet ihr den ABSEILACHTER Stubai zum Top Preis. Einen klassischen Achter aus eloxiertem Aluminium zum Sichern und Abseilen. Made in \ud83c\udde6\ud83c\uddf9Austria!\",\"breadcrumb\":{\"@id\":\"https:\/\/bolting.eu\/en\/shop\/abseilachter-stubai\/#breadcrumb\"},\"inLanguage\":\"en-US\",\"potentialAction\":[{\"@type\":\"ReadAction\",\"target\":[\"https:\/\/bolting.eu\/en\/shop\/abseilachter-stubai\/\"]}]},{\"@type\":\"ImageObject\",\"inLanguage\":\"en-US\",\"@id\":\"https:\/\/bolting.eu\/en\/shop\/abseilachter-stubai\/#primaryimage\",\"url\":\"https:\/\/bolting.eu\/wp-content\/uploads\/2020\/04\/Abseilachter-Stubai.jpg\",\"contentUrl\":\"https:\/\/bolting.eu\/wp-content\/uploads\/2020\/04\/Abseilachter-Stubai.jpg\",\"width\":700,\"height\":700,\"caption\":\"Das Bild zeigt den Abseilachter Stubai in rot. Er ist in Bildmitte zu sehen mit der gro\u00dfen Biegung auf der Unterseite.\"},{\"@type\":\"BreadcrumbList\",\"@id\":\"https:\/\/bolting.eu\/en\/shop\/abseilachter-stubai\/#breadcrumb\",\"itemListElement\":[{\"@type\":\"ListItem\",\"position\":1,\"name\":\"Shop\",\"item\":\"https:\/\/bolting.eu\/en\/shop\/\"},{\"@type\":\"ListItem\",\"position\":2,\"name\":\"climbing equipment\",\"item\":\"https:\/\/bolting.eu\/en\/produkt-kategorie\/climbing-equipment\/\"},{\"@type\":\"ListItem\",\"position\":3,\"name\":\"Sicherungsger\u00e4te Klettern\",\"item\":\"https:\/\/bolting.eu\/produkt-kategorie\/kletterausruestung\/sicherungsgeraete-klettern\/\"},{\"@type\":\"ListItem\",\"position\":4,\"name\":\"Abseilachter\",\"item\":\"https:\/\/bolting.eu\/produkt-kategorie\/kletterausruestung\/sicherungsgeraete-klettern\/abseilachter\/\"},{\"@type\":\"ListItem\",\"position\":5,\"name\":\"Abseilachter Stubai\"}]},{\"@type\":\"WebSite\",\"@id\":\"https:\/\/bolting.eu\/en\/#website\",\"url\":\"https:\/\/bolting.eu\/en\/\",\"name\":\"bolting.eu\",\"description\":\"we make climbs happen\",\"publisher\":{\"@id\":\"https:\/\/bolting.eu\/en\/#organization\"},\"potentialAction\":[{\"@type\":\"SearchAction\",\"target\":{\"@type\":\"EntryPoint\",\"urlTemplate\":\"https:\/\/bolting.eu\/en\/?s={search_term_string}\"},\"query-input\":{\"@type\":\"PropertyValueSpecification\",\"valueRequired\":true,\"valueName\":\"search_term_string\"}}],\"inLanguage\":\"en-US\"},{\"@type\":[\"Organization\",\"Place\",\"SportingGoodsStore\"],\"@id\":\"https:\/\/bolting.eu\/en\/#organization\",\"name\":\"bolting.eu\",\"url\":\"https:\/\/bolting.eu\/en\/\",\"logo\":{\"@id\":\"https:\/\/bolting.eu\/en\/shop\/abseilachter-stubai\/#local-main-organization-logo\"},\"image\":{\"@id\":\"https:\/\/bolting.eu\/en\/shop\/abseilachter-stubai\/#local-main-organization-logo\"},\"sameAs\":[\"https:\/\/www.facebook.com\/bolting.eu\",\"https:\/\/www.instagram.com\/bolting.eu\/\"],\"address\":{\"@id\":\"https:\/\/bolting.eu\/en\/shop\/abseilachter-stubai\/#local-main-place-address\"},\"geo\":{\"@type\":\"GeoCoordinates\",\"latitude\":\"47.264176340396226\",\"longitude\":\"11.380109057672346\"},\"telephone\":[\"+43 699 19083372\"],\"openingHoursSpecification\":[{\"@type\":\"OpeningHoursSpecification\",\"dayOfWeek\":[\"Monday\",\"Wednesday\",\"Friday\"],\"opens\":\"14:00\",\"closes\":\"18:00\"},{\"@type\":\"OpeningHoursSpecification\",\"dayOfWeek\":[\"Tuesday\",\"Thursday\",\"Saturday\",\"Sunday\"],\"opens\":\"00:00\",\"closes\":\"00:00\"}],\"email\":\"office@bolting.eu\",\"vatID\":\"ATU59999728\",\"priceRange\":\"$$\",\"currenciesAccepted\":\"Euro\"},{\"@type\":\"PostalAddress\",\"@id\":\"https:\/\/bolting.eu\/en\/shop\/abseilachter-stubai\/#local-main-place-address\",\"streetAddress\":\"Fischnalerstra\u00dfe 4\",\"addressLocality\":\"Innsbruck\",\"postalCode\":\"6020\",\"addressRegion\":\"Tirol\",\"addressCountry\":\"AT\"},{\"@type\":\"ImageObject\",\"inLanguage\":\"en-US\",\"@id\":\"https:\/\/bolting.eu\/en\/shop\/abseilachter-stubai\/#local-main-organization-logo\",\"url\":\"https:\/\/bolting.eu\/wp-content\/uploads\/2019\/09\/bolting-logo.png\",\"contentUrl\":\"https:\/\/bolting.eu\/wp-content\/uploads\/2019\/09\/bolting-logo.png\",\"width\":400,\"height\":211,\"caption\":\"bolting.eu\"}]}<\/script>\n<meta property=\"og:availability\" content=\"out of stock\" \/>\n<meta property=\"product:availability\" content=\"out of stock\" \/>\n<meta property=\"product:condition\" content=\"new\" \/>\n<meta name=\"geo.placename\" content=\"Innsbruck\" \/>\n<meta name=\"geo.position\" content=\"47.264176340396226;11.380109057672346\" \/>\n<meta name=\"geo.region\" content=\"Austria\" \/>\n<!-- \/ Yoast SEO Premium plugin. -->","yoast_head_json":{"title":"Abseilachter Stubai: klassischen Achter zu Top Preis kaufen bei bolting.eu","description":"Hier findet ihr den ABSEILACHTER Stubai zum Top Preis. Einen klassischen Achter aus eloxiertem Aluminium zum Sichern und Abseilen. Made in \ud83c\udde6\ud83c\uddf9Austria!","robots":{"index":"index","follow":"follow","max-snippet":"max-snippet:-1","max-image-preview":"max-image-preview:large","max-video-preview":"max-video-preview:-1"},"canonical":"https:\/\/bolting.eu\/en\/shop\/abseilachter-stubai\/","og_locale":"en_US","og_type":"article","og_title":"Abseilachter Stubai","og_description":"Hier findet ihr den ABSEILACHTER Stubai zum Top Preis. Einen klassischen Achter aus eloxiertem Aluminium zum Sichern und Abseilen. Made in \ud83c\udde6\ud83c\uddf9Austria!","og_url":"https:\/\/bolting.eu\/en\/shop\/abseilachter-stubai\/","og_site_name":"bolting.eu","article_publisher":"https:\/\/www.facebook.com\/bolting.eu","article_modified_time":"2023-08-16T12:27:48+00:00","og_image":[{"width":700,"height":700,"url":"https:\/\/bolting.eu\/wp-content\/uploads\/2020\/04\/Abseilachter-Stubai.jpg","type":"image\/jpeg"}],"twitter_card":"summary_large_image","twitter_misc":{"Availability":"Out of stock"},"schema":{"@context":"https:\/\/schema.org","@graph":[{"@type":["WebPage","ItemPage"],"@id":"https:\/\/bolting.eu\/en\/shop\/abseilachter-stubai\/","url":"https:\/\/bolting.eu\/en\/shop\/abseilachter-stubai\/","name":"Abseilachter Stubai: klassischen Achter zu Top Preis kaufen bei bolting.eu","isPartOf":{"@id":"https:\/\/bolting.eu\/en\/#website"},"primaryImageOfPage":{"@id":"https:\/\/bolting.eu\/en\/shop\/abseilachter-stubai\/#primaryimage"},"image":{"@id":"https:\/\/bolting.eu\/en\/shop\/abseilachter-stubai\/#primaryimage"},"thumbnailUrl":"https:\/\/bolting.eu\/wp-content\/uploads\/2020\/04\/Abseilachter-Stubai.jpg","datePublished":"2020-04-10T10:43:56+00:00","dateModified":"2023-08-16T12:27:48+00:00","description":"Hier findet ihr den ABSEILACHTER Stubai zum Top Preis. Einen klassischen Achter aus eloxiertem Aluminium zum Sichern und Abseilen. Made in \ud83c\udde6\ud83c\uddf9Austria!","breadcrumb":{"@id":"https:\/\/bolting.eu\/en\/shop\/abseilachter-stubai\/#breadcrumb"},"inLanguage":"en-US","potentialAction":[{"@type":"ReadAction","target":["https:\/\/bolting.eu\/en\/shop\/abseilachter-stubai\/"]}]},{"@type":"ImageObject","inLanguage":"en-US","@id":"https:\/\/bolting.eu\/en\/shop\/abseilachter-stubai\/#primaryimage","url":"https:\/\/bolting.eu\/wp-content\/uploads\/2020\/04\/Abseilachter-Stubai.jpg","contentUrl":"https:\/\/bolting.eu\/wp-content\/uploads\/2020\/04\/Abseilachter-Stubai.jpg","width":700,"height":700,"caption":"Das Bild zeigt den Abseilachter Stubai in rot. Er ist in Bildmitte zu sehen mit der gro\u00dfen Biegung auf der Unterseite."},{"@type":"BreadcrumbList","@id":"https:\/\/bolting.eu\/en\/shop\/abseilachter-stubai\/#breadcrumb","itemListElement":[{"@type":"ListItem","position":1,"name":"Shop","item":"https:\/\/bolting.eu\/en\/shop\/"},{"@type":"ListItem","position":2,"name":"climbing equipment","item":"https:\/\/bolting.eu\/en\/produkt-kategorie\/climbing-equipment\/"},{"@type":"ListItem","position":3,"name":"Sicherungsger\u00e4te Klettern","item":"https:\/\/bolting.eu\/produkt-kategorie\/kletterausruestung\/sicherungsgeraete-klettern\/"},{"@type":"ListItem","position":4,"name":"Abseilachter","item":"https:\/\/bolting.eu\/produkt-kategorie\/kletterausruestung\/sicherungsgeraete-klettern\/abseilachter\/"},{"@type":"ListItem","position":5,"name":"Abseilachter Stubai"}]},{"@type":"WebSite","@id":"https:\/\/bolting.eu\/en\/#website","url":"https:\/\/bolting.eu\/en\/","name":"bolting.eu","description":"we make climbs happen","publisher":{"@id":"https:\/\/bolting.eu\/en\/#organization"},"potentialAction":[{"@type":"SearchAction","target":{"@type":"EntryPoint","urlTemplate":"https:\/\/bolting.eu\/en\/?s={search_term_string}"},"query-input":{"@type":"PropertyValueSpecification","valueRequired":true,"valueName":"search_term_string"}}],"inLanguage":"en-US"},{"@type":["Organization","Place","SportingGoodsStore"],"@id":"https:\/\/bolting.eu\/en\/#organization","name":"bolting.eu","url":"https:\/\/bolting.eu\/en\/","logo":{"@id":"https:\/\/bolting.eu\/en\/shop\/abseilachter-stubai\/#local-main-organization-logo"},"image":{"@id":"https:\/\/bolting.eu\/en\/shop\/abseilachter-stubai\/#local-main-organization-logo"},"sameAs":["https:\/\/www.facebook.com\/bolting.eu","https:\/\/www.instagram.com\/bolting.eu\/"],"address":{"@id":"https:\/\/bolting.eu\/en\/shop\/abseilachter-stubai\/#local-main-place-address"},"geo":{"@type":"GeoCoordinates","latitude":"47.264176340396226","longitude":"11.380109057672346"},"telephone":["+43 699 19083372"],"openingHoursSpecification":[{"@type":"OpeningHoursSpecification","dayOfWeek":["Monday","Wednesday","Friday"],"opens":"14:00","closes":"18:00"},{"@type":"OpeningHoursSpecification","dayOfWeek":["Tuesday","Thursday","Saturday","Sunday"],"opens":"00:00","closes":"00:00"}],"email":"office@bolting.eu","vatID":"ATU59999728","priceRange":"$$","currenciesAccepted":"Euro"},{"@type":"PostalAddress","@id":"https:\/\/bolting.eu\/en\/shop\/abseilachter-stubai\/#local-main-place-address","streetAddress":"Fischnalerstra\u00dfe 4","addressLocality":"Innsbruck","postalCode":"6020","addressRegion":"Tirol","addressCountry":"AT"},{"@type":"ImageObject","inLanguage":"en-US","@id":"https:\/\/bolting.eu\/en\/shop\/abseilachter-stubai\/#local-main-organization-logo","url":"https:\/\/bolting.eu\/wp-content\/uploads\/2019\/09\/bolting-logo.png","contentUrl":"https:\/\/bolting.eu\/wp-content\/uploads\/2019\/09\/bolting-logo.png","width":400,"height":211,"caption":"bolting.eu"}]},"og_availability":"out of stock","product_availability":"out of stock","product_condition":"new","geo.placename":"Innsbruck","geo.position":{"lat":"47.264176340396226","long":"11.380109057672346"},"geo.region":"Austria"},"_links":{"self":[{"href":"https:\/\/bolting.eu\/en\/wp-json\/wp\/v2\/product\/3228","targetHints":{"allow":["GET"]}}],"collection":[{"href":"https:\/\/bolting.eu\/en\/wp-json\/wp\/v2\/product"}],"about":[{"href":"https:\/\/bolting.eu\/en\/wp-json\/wp\/v2\/types\/product"}],"replies":[{"embeddable":true,"href":"https:\/\/bolting.eu\/en\/wp-json\/wp\/v2\/comments?post=3228"}],"wp:featuredmedia":[{"embeddable":true,"href":"https:\/\/bolting.eu\/en\/wp-json\/wp\/v2\/media\/3229"}],"wp:attachment":[{"href":"https:\/\/bolting.eu\/en\/wp-json\/wp\/v2\/media?parent=3228"}],"wp:term":[{"taxonomy":"product_brand","embeddable":true,"href":"https:\/\/bolting.eu\/en\/wp-json\/wp\/v2\/product_brand?post=3228"},{"taxonomy":"product_cat","embeddable":true,"href":"https:\/\/bolting.eu\/en\/wp-json\/wp\/v2\/product_cat?post=3228"},{"taxonomy":"product_tag","embeddable":true,"href":"https:\/\/bolting.eu\/en\/wp-json\/wp\/v2\/product_tag?post=3228"}],"curies":[{"name":"wp","href":"https:\/\/api.w.org\/{rel}","templated":true}]}}