{"id":32107,"date":"2025-03-12T12:59:51","date_gmt":"2025-03-12T11:59:51","guid":{"rendered":"https:\/\/bolting.eu\/?post_type=product&#038;p=32107"},"modified":"2025-07-23T15:52:59","modified_gmt":"2025-07-23T13:52:59","slug":"gesteinsbohrer-fischer-sds-max-iv","status":"publish","type":"product","link":"https:\/\/bolting.eu\/en\/shop\/gesteinsbohrer-fischer-sds-max-iv\/","title":{"rendered":"Gesteinsbohrer Fischer SDS MAX IV"},"content":{"rendered":"<p>Der Gesteinsbohrer Fischer SDS MAX IV ist ideal <strong>f\u00fcr gro\u00dfvolumige und tiefe Bohrl\u00f6cher. <\/strong>Wie z.B. beim <a href=\"https:\/\/bolting.eu\/alpiner-wegebau\/\">alpinen Wegebau<\/a> oder <a href=\"https:\/\/bolting.eu\/klettersteigbau\/\">Klettersteigbau<\/a>.<\/p>\n<p>Hierf\u00fcr hat er eine SDS MAX Fassung. Denn diese sorgt f\u00fcr perfekte Kraft\u00fcbertragung.<\/p>\n<p>Dieses Modell zeichnet sich durch die Eignung f\u00fcr h\u00e4rtestes Gestein wie z.B. Granit aus. Hierzu hat es erstens eine markante Zentrierspitze.<\/p>\n<p>Zweitens einen 4schneidigen Bohrkopf. Drittens einen 4g\u00e4ngigen Bohrwendel zum Abtransports des Bohrstaubs.<\/p>\n<p>Abschlie\u00dfend runden das Schneidelement aus Vollhartmetall bzw. der vierschneidige Bohrkopf dieses Produkt ab.<\/p>\n<h2>Eigenschaften Gesteinsbohrer Fischer SDS MAX IV<\/h2>\n<ul>\n<li>Hersteller:\u00a0<a href=\"https:\/\/bolting.eu\/produkt-kategorie\/fischer\/\">Fischer<\/a><\/li>\n<li>Material: geh\u00e4rteter Stahl<\/li>\n<li>Durchmesser: <strong>20mm &#8211; 22mm &#8211; 24mm &#8211; 30mm<\/strong><\/li>\n<li>Arbeitsl\u00e4ngen \/ Gesamtl\u00e4ngen:\u00a0<strong>200 \/ 320mm, 400 \/ 520mm, 250 \/ 370mm, 450 -570<\/strong><\/li>\n<li>Fassung:\u00a0<strong>SDS MAX<\/strong><\/li>\n<li><strong>nur f\u00fcr gro\u00dfe Akku Bohrh\u00e4mmer mit ca. hoher Schlagenergie (ab ca. 6 Joule) oder 230V betriebene Bohrh\u00e4mmer<\/strong><\/li>\n<li>ideal f\u00fcr hartes Gestein wie Granit und Gneis oder armierten Beton<\/li>\n<li>Zentrierspitze f\u00fcr einfaches Anbohren<\/li>\n<li>sehr guter Bohrfortschritt dank 1 robusten Hauptschneide bzw. 4schneidigen Bohrkopf<\/li>\n<li>vierteilige Wendel f\u00fcr schnellen Abtransport des Bohrstaub und lange Lebensdauer<\/li>\n<li>Verschlei\u00dfmarke gem\u00e4\u00df PGM<\/li>\n<\/ul>\n<h3>Verwendungsbeispiele<\/h3>\n<p>Wir verwenden unterschiedlichste Dimensionen dieses hochwertigen Gesteinsbohrers. Dank seiner Features ist er besonders langlebig und robust. Das ist bei unseren Baustellen im Gel\u00e4nde besonders wichtig.<\/p>\n<p>Denn da k\u00f6nnen wir uns keine Fehlfunktion, Bruch oder langsamen Bohrfortschritt leisten.<\/p>\n<p>Konkret kommt dieses Modell bei uns hier zum Einsatz:<\/p>\n<ul>\n<li>20mm Variante: f\u00fcr die L\u00f6cher unserer <a href=\"https:\/\/bolting.eu\/produkt-kategorie\/einbohrartikel\/material-fuer-klettersteigbau\/klettersteig-griffbuegel\/\">Klettersteig Griffb\u00fcgel<\/a><\/li>\n<li>22mm Variante: beim Installieren von\u00a0<a href=\"https:\/\/bolting.eu\/produkt-kategorie\/einbohrartikel\/material-fuer-klettersteigbau\/klettersteig-trittbuegel\/\">Klettersteig Trittb\u00fcgel<\/a><\/li>\n<li>24mm Variante: f\u00fcr 20mm oder 22mm Klettersteiganker<\/li>\n<li>30mm Variante: f\u00fcr unsere 26mm <a href=\"https:\/\/bolting.eu\/shop\/gelaenderstange-26mm-verzinkt\/\">Gel\u00e4nderstangen<\/a> oder 26mm Klettersteiganker<\/li>\n<\/ul>\n<h3>Gesteinsbohrer nicht waagrecht belasten!<\/h3>\n<p>Kennt ihr das? Ihr bohrt waagrecht in den Fels und wollt rasten. Dabei lasst ihr dann den Bohrhammer einfach im Loch.<\/p>\n<p>D.h. er h\u00e4ngt mit dem gesamten Gewicht plus Hebelwirkung am Bohrer. <strong>Das ist eine ganz schlechte Idee<\/strong>. Denn so ist die Wahrscheinlichkeit eines Bruchs im vorderen Drittel sehr hoch.<\/p>\n<p><strong>Unser Tipp. Bei jedem Mal Rasten den Bohrer aus dem Loch ziehen!<\/strong><\/p>\n<h3>Unsere praktischen Erfahrungen<\/h3>\n<p>Im Laufe der Jahre haben wir diesen Gesteinsbohrer sehr oft verwendet.<\/p>\n<p>Dabei haben wir seine Verl\u00e4sslichkeit kennengelernt. Oder besser gesagt.<\/p>\n<p>Dieses Modell hat vor allem bei sehr hartem Gestein einen guten Bohrfortschritt. Mit unserem 18 Volt Akku Bohrhammer (12 AH Akku) schaffen wir z.B. bei 20mm zwischen 8-12 L\u00f6cher mit ca. 30cm Tiefe!<\/p>\n<p>Wir verwenden zudem abwechselnd zweiSt\u00fcck. So kann der Bohrer nie \u00fcberhitzen!<\/p>\n<h3>Gro\u00dfe Schlagenergie bzw. Akku Bohrh\u00e4mmer von Vorteil!<\/h3>\n<p>F\u00fcr dieses Modell sind &#8220;schwere&#8221; Akku Bohrh\u00e4mmer mit hoher Schlagenergie zu empfehlen.<\/p>\n<p>Die 20mm und 22mm Variante sollten mindestens um die 6 Joule Schlagenergie haben.<\/p>\n<p>Der 24mm Gesteinsbohrer braucht nochmals mehr.<\/p>\n<p>Das 30mm Modell hat als Anforderung eine Schlagenergie ab 10 Joule aufw\u00e4rts!<\/p>\n","protected":false},"excerpt":{"rendered":"<p>Extrem hochwertiger 20mm &#8211; 22mm &#8211; 24mm &#8211; 30mm Gesteinsbohrer bzw. Betonbohrer mit <strong>SDS MAX Fassung<\/strong>.<\/p>\n<p>Ideal f\u00fcr hartes Gestein wie Gneis oder Granit bzw. auch armierten Beton.<\/p>\n<p>Versandkostenfrei bis 2kg in <img decoding=\"async\" class=\"emoji\" role=\"img\" draggable=\"false\" src=\"https:\/\/s.w.org\/images\/core\/emoji\/14.0.0\/svg\/1f1e6-1f1f9.svg\" alt=\"\ud83c\udde6\ud83c\uddf9\" \/> ab \u20ac 100,- und <img decoding=\"async\" class=\"emoji\" role=\"img\" draggable=\"false\" src=\"https:\/\/s.w.org\/images\/core\/emoji\/14.0.0\/svg\/1f1e9-1f1ea.svg\" alt=\"\ud83c\udde9\ud83c\uddea\" \/> ab \u20ac 200,-!<\/p>\n","protected":false},"featured_media":32132,"comment_status":"closed","ping_status":"closed","template":"","meta":[],"product_brand":[],"product_cat":[4652,14189,54,260,1210],"product_tag":[],"class_list":{"0":"post-32107","1":"product","2":"type-product","3":"status-publish","4":"has-post-thumbnail","6":"product_cat-fischer","7":"product_cat-materialien-fuer-wegebau","8":"product_cat-sds-bohrer","9":"product_cat-material-fuer-klettersteigbau","10":"product_cat-einbohrartikel","12":"first","13":"instock","14":"taxable","15":"shipping-taxable","16":"purchasable","17":"product-type-variable"},"yoast_head":"<!-- This site is optimized with the Yoast SEO Premium plugin v26.9 (Yoast SEO v26.9) - https:\/\/yoast.com\/product\/yoast-seo-premium-wordpress\/ -->\n<title>Gesteinsbohrer Fischer SDS MAX IV 20 - 30 mm | bolting.eu<\/title>\n<meta name=\"description\" content=\"Gesteinsbohrer Fischer SDS MAX IV beim Einbohrprofi kaufen \u2705 Trusted Shop \u2705 kostenloser Versand* \u2705 14 Tage R\u00fcckgaberecht \u2705 Co2 neutrale Zustellung\" \/>\n<meta name=\"robots\" content=\"index, follow, max-snippet:-1, max-image-preview:large, max-video-preview:-1\" \/>\n<link rel=\"canonical\" href=\"https:\/\/bolting.eu\/en\/shop\/gesteinsbohrer-fischer-sds-max-iv\/\" \/>\n<meta property=\"og:locale\" content=\"en_US\" \/>\n<meta property=\"og:type\" content=\"article\" \/>\n<meta property=\"og:title\" content=\"Gesteinsbohrer Fischer SDS MAX IV\" \/>\n<meta property=\"og:description\" content=\"Gesteinsbohrer Fischer SDS MAX IV beim Einbohrprofi kaufen \u2705 Trusted Shop \u2705 kostenloser Versand* \u2705 14 Tage R\u00fcckgaberecht \u2705 Co2 neutrale Zustellung\" \/>\n<meta property=\"og:url\" content=\"https:\/\/bolting.eu\/en\/shop\/gesteinsbohrer-fischer-sds-max-iv\/\" \/>\n<meta property=\"og:site_name\" content=\"bolting.eu\" \/>\n<meta property=\"article:publisher\" content=\"https:\/\/www.facebook.com\/bolting.eu\" \/>\n<meta property=\"article:modified_time\" content=\"2025-07-23T13:52:59+00:00\" \/>\n<meta property=\"og:image\" content=\"https:\/\/bolting.eu\/wp-content\/uploads\/2025\/03\/Gesteinsbohrer-Fischer-SDS-MAX-IV-3.jpg\" \/>\n\t<meta property=\"og:image:width\" content=\"700\" \/>\n\t<meta property=\"og:image:height\" content=\"700\" \/>\n\t<meta property=\"og:image:type\" content=\"image\/jpeg\" \/>\n<meta name=\"twitter:card\" content=\"summary_large_image\" \/>\n<meta name=\"twitter:label1\" content=\"Availability\" \/>\n\t<meta name=\"twitter:data1\" content=\"In stock\" \/>\n<script type=\"application\/ld+json\" class=\"yoast-schema-graph\">{\"@context\":\"https:\/\/schema.org\",\"@graph\":[{\"@type\":[\"WebPage\",\"ItemPage\"],\"@id\":\"https:\/\/bolting.eu\/en\/shop\/gesteinsbohrer-fischer-sds-max-iv\/\",\"url\":\"https:\/\/bolting.eu\/en\/shop\/gesteinsbohrer-fischer-sds-max-iv\/\",\"name\":\"Gesteinsbohrer Fischer SDS MAX IV 20 - 30 mm | bolting.eu\",\"isPartOf\":{\"@id\":\"https:\/\/bolting.eu\/en\/#website\"},\"primaryImageOfPage\":{\"@id\":\"https:\/\/bolting.eu\/en\/shop\/gesteinsbohrer-fischer-sds-max-iv\/#primaryimage\"},\"image\":{\"@id\":\"https:\/\/bolting.eu\/en\/shop\/gesteinsbohrer-fischer-sds-max-iv\/#primaryimage\"},\"thumbnailUrl\":\"https:\/\/bolting.eu\/wp-content\/uploads\/2025\/03\/Gesteinsbohrer-Fischer-SDS-MAX-IV-3.jpg\",\"datePublished\":\"2025-03-12T11:59:51+00:00\",\"dateModified\":\"2025-07-23T13:52:59+00:00\",\"description\":\"Gesteinsbohrer Fischer SDS MAX IV beim Einbohrprofi kaufen \u2705 Trusted Shop \u2705 kostenloser Versand* \u2705 14 Tage R\u00fcckgaberecht \u2705 Co2 neutrale Zustellung\",\"breadcrumb\":{\"@id\":\"https:\/\/bolting.eu\/en\/shop\/gesteinsbohrer-fischer-sds-max-iv\/#breadcrumb\"},\"inLanguage\":\"en-US\",\"potentialAction\":[{\"@type\":\"ReadAction\",\"target\":[\"https:\/\/bolting.eu\/en\/shop\/gesteinsbohrer-fischer-sds-max-iv\/\"]}]},{\"@type\":\"ImageObject\",\"inLanguage\":\"en-US\",\"@id\":\"https:\/\/bolting.eu\/en\/shop\/gesteinsbohrer-fischer-sds-max-iv\/#primaryimage\",\"url\":\"https:\/\/bolting.eu\/wp-content\/uploads\/2025\/03\/Gesteinsbohrer-Fischer-SDS-MAX-IV-3.jpg\",\"contentUrl\":\"https:\/\/bolting.eu\/wp-content\/uploads\/2025\/03\/Gesteinsbohrer-Fischer-SDS-MAX-IV-3.jpg\",\"width\":700,\"height\":700,\"caption\":\"Grauer Gesteinsbohrer Fischer SDS MAX IV schr\u00e4g in wei\u00dfem Quadrat.\"},{\"@type\":\"BreadcrumbList\",\"@id\":\"https:\/\/bolting.eu\/en\/shop\/gesteinsbohrer-fischer-sds-max-iv\/#breadcrumb\",\"itemListElement\":[{\"@type\":\"ListItem\",\"position\":1,\"name\":\"Shop\",\"item\":\"https:\/\/bolting.eu\/en\/shop\/\"},{\"@type\":\"ListItem\",\"position\":2,\"name\":\"bolting products\",\"item\":\"https:\/\/bolting.eu\/en\/produkt-kategorie\/bolting-products\/\"},{\"@type\":\"ListItem\",\"position\":3,\"name\":\"Material f\u00fcr Klettersteigbau\",\"item\":\"https:\/\/bolting.eu\/produkt-kategorie\/einbohrartikel\/material-fuer-klettersteigbau\/\"},{\"@type\":\"ListItem\",\"position\":4,\"name\":\"Gesteinsbohrer Fischer SDS MAX IV\"}]},{\"@type\":\"WebSite\",\"@id\":\"https:\/\/bolting.eu\/en\/#website\",\"url\":\"https:\/\/bolting.eu\/en\/\",\"name\":\"bolting.eu\",\"description\":\"we make climbs happen\",\"publisher\":{\"@id\":\"https:\/\/bolting.eu\/en\/#organization\"},\"potentialAction\":[{\"@type\":\"SearchAction\",\"target\":{\"@type\":\"EntryPoint\",\"urlTemplate\":\"https:\/\/bolting.eu\/en\/?s={search_term_string}\"},\"query-input\":{\"@type\":\"PropertyValueSpecification\",\"valueRequired\":true,\"valueName\":\"search_term_string\"}}],\"inLanguage\":\"en-US\"},{\"@type\":[\"Organization\",\"Place\",\"SportingGoodsStore\"],\"@id\":\"https:\/\/bolting.eu\/en\/#organization\",\"name\":\"bolting.eu\",\"url\":\"https:\/\/bolting.eu\/en\/\",\"logo\":{\"@id\":\"https:\/\/bolting.eu\/en\/shop\/gesteinsbohrer-fischer-sds-max-iv\/#local-main-organization-logo\"},\"image\":{\"@id\":\"https:\/\/bolting.eu\/en\/shop\/gesteinsbohrer-fischer-sds-max-iv\/#local-main-organization-logo\"},\"sameAs\":[\"https:\/\/www.facebook.com\/bolting.eu\",\"https:\/\/www.instagram.com\/bolting.eu\/\"],\"address\":{\"@id\":\"https:\/\/bolting.eu\/en\/shop\/gesteinsbohrer-fischer-sds-max-iv\/#local-main-place-address\"},\"geo\":{\"@type\":\"GeoCoordinates\",\"latitude\":\"47.264176340396226\",\"longitude\":\"11.380109057672346\"},\"telephone\":[\"+43 699 19083372\"],\"openingHoursSpecification\":[{\"@type\":\"OpeningHoursSpecification\",\"dayOfWeek\":[\"Monday\",\"Wednesday\",\"Friday\"],\"opens\":\"14:00\",\"closes\":\"18:00\"},{\"@type\":\"OpeningHoursSpecification\",\"dayOfWeek\":[\"Tuesday\",\"Thursday\",\"Saturday\",\"Sunday\"],\"opens\":\"00:00\",\"closes\":\"00:00\"}],\"email\":\"office@bolting.eu\",\"vatID\":\"ATU59999728\",\"priceRange\":\"$$\",\"currenciesAccepted\":\"Euro\"},{\"@type\":\"PostalAddress\",\"@id\":\"https:\/\/bolting.eu\/en\/shop\/gesteinsbohrer-fischer-sds-max-iv\/#local-main-place-address\",\"streetAddress\":\"Fischnalerstra\u00dfe 4\",\"addressLocality\":\"Innsbruck\",\"postalCode\":\"6020\",\"addressRegion\":\"Tirol\",\"addressCountry\":\"AT\"},{\"@type\":\"ImageObject\",\"inLanguage\":\"en-US\",\"@id\":\"https:\/\/bolting.eu\/en\/shop\/gesteinsbohrer-fischer-sds-max-iv\/#local-main-organization-logo\",\"url\":\"https:\/\/bolting.eu\/wp-content\/uploads\/2019\/09\/bolting-logo.png\",\"contentUrl\":\"https:\/\/bolting.eu\/wp-content\/uploads\/2019\/09\/bolting-logo.png\",\"width\":400,\"height\":211,\"caption\":\"bolting.eu\"}]}<\/script>\n<meta property=\"og:availability\" content=\"instock\" \/>\n<meta property=\"product:availability\" content=\"instock\" \/>\n<meta property=\"product:condition\" content=\"new\" \/>\n<meta name=\"geo.placename\" content=\"Innsbruck\" \/>\n<meta name=\"geo.position\" content=\"47.264176340396226;11.380109057672346\" \/>\n<meta name=\"geo.region\" content=\"Austria\" \/>\n<!-- \/ Yoast SEO Premium plugin. -->","yoast_head_json":{"title":"Gesteinsbohrer Fischer SDS MAX IV 20 - 30 mm | bolting.eu","description":"Gesteinsbohrer Fischer SDS MAX IV beim Einbohrprofi kaufen \u2705 Trusted Shop \u2705 kostenloser Versand* \u2705 14 Tage R\u00fcckgaberecht \u2705 Co2 neutrale Zustellung","robots":{"index":"index","follow":"follow","max-snippet":"max-snippet:-1","max-image-preview":"max-image-preview:large","max-video-preview":"max-video-preview:-1"},"canonical":"https:\/\/bolting.eu\/en\/shop\/gesteinsbohrer-fischer-sds-max-iv\/","og_locale":"en_US","og_type":"article","og_title":"Gesteinsbohrer Fischer SDS MAX IV","og_description":"Gesteinsbohrer Fischer SDS MAX IV beim Einbohrprofi kaufen \u2705 Trusted Shop \u2705 kostenloser Versand* \u2705 14 Tage R\u00fcckgaberecht \u2705 Co2 neutrale Zustellung","og_url":"https:\/\/bolting.eu\/en\/shop\/gesteinsbohrer-fischer-sds-max-iv\/","og_site_name":"bolting.eu","article_publisher":"https:\/\/www.facebook.com\/bolting.eu","article_modified_time":"2025-07-23T13:52:59+00:00","og_image":[{"width":700,"height":700,"url":"https:\/\/bolting.eu\/wp-content\/uploads\/2025\/03\/Gesteinsbohrer-Fischer-SDS-MAX-IV-3.jpg","type":"image\/jpeg"}],"twitter_card":"summary_large_image","twitter_misc":{"Availability":"In stock"},"schema":{"@context":"https:\/\/schema.org","@graph":[{"@type":["WebPage","ItemPage"],"@id":"https:\/\/bolting.eu\/en\/shop\/gesteinsbohrer-fischer-sds-max-iv\/","url":"https:\/\/bolting.eu\/en\/shop\/gesteinsbohrer-fischer-sds-max-iv\/","name":"Gesteinsbohrer Fischer SDS MAX IV 20 - 30 mm | bolting.eu","isPartOf":{"@id":"https:\/\/bolting.eu\/en\/#website"},"primaryImageOfPage":{"@id":"https:\/\/bolting.eu\/en\/shop\/gesteinsbohrer-fischer-sds-max-iv\/#primaryimage"},"image":{"@id":"https:\/\/bolting.eu\/en\/shop\/gesteinsbohrer-fischer-sds-max-iv\/#primaryimage"},"thumbnailUrl":"https:\/\/bolting.eu\/wp-content\/uploads\/2025\/03\/Gesteinsbohrer-Fischer-SDS-MAX-IV-3.jpg","datePublished":"2025-03-12T11:59:51+00:00","dateModified":"2025-07-23T13:52:59+00:00","description":"Gesteinsbohrer Fischer SDS MAX IV beim Einbohrprofi kaufen \u2705 Trusted Shop \u2705 kostenloser Versand* \u2705 14 Tage R\u00fcckgaberecht \u2705 Co2 neutrale Zustellung","breadcrumb":{"@id":"https:\/\/bolting.eu\/en\/shop\/gesteinsbohrer-fischer-sds-max-iv\/#breadcrumb"},"inLanguage":"en-US","potentialAction":[{"@type":"ReadAction","target":["https:\/\/bolting.eu\/en\/shop\/gesteinsbohrer-fischer-sds-max-iv\/"]}]},{"@type":"ImageObject","inLanguage":"en-US","@id":"https:\/\/bolting.eu\/en\/shop\/gesteinsbohrer-fischer-sds-max-iv\/#primaryimage","url":"https:\/\/bolting.eu\/wp-content\/uploads\/2025\/03\/Gesteinsbohrer-Fischer-SDS-MAX-IV-3.jpg","contentUrl":"https:\/\/bolting.eu\/wp-content\/uploads\/2025\/03\/Gesteinsbohrer-Fischer-SDS-MAX-IV-3.jpg","width":700,"height":700,"caption":"Grauer Gesteinsbohrer Fischer SDS MAX IV schr\u00e4g in wei\u00dfem Quadrat."},{"@type":"BreadcrumbList","@id":"https:\/\/bolting.eu\/en\/shop\/gesteinsbohrer-fischer-sds-max-iv\/#breadcrumb","itemListElement":[{"@type":"ListItem","position":1,"name":"Shop","item":"https:\/\/bolting.eu\/en\/shop\/"},{"@type":"ListItem","position":2,"name":"bolting products","item":"https:\/\/bolting.eu\/en\/produkt-kategorie\/bolting-products\/"},{"@type":"ListItem","position":3,"name":"Material f\u00fcr Klettersteigbau","item":"https:\/\/bolting.eu\/produkt-kategorie\/einbohrartikel\/material-fuer-klettersteigbau\/"},{"@type":"ListItem","position":4,"name":"Gesteinsbohrer Fischer SDS MAX IV"}]},{"@type":"WebSite","@id":"https:\/\/bolting.eu\/en\/#website","url":"https:\/\/bolting.eu\/en\/","name":"bolting.eu","description":"we make climbs happen","publisher":{"@id":"https:\/\/bolting.eu\/en\/#organization"},"potentialAction":[{"@type":"SearchAction","target":{"@type":"EntryPoint","urlTemplate":"https:\/\/bolting.eu\/en\/?s={search_term_string}"},"query-input":{"@type":"PropertyValueSpecification","valueRequired":true,"valueName":"search_term_string"}}],"inLanguage":"en-US"},{"@type":["Organization","Place","SportingGoodsStore"],"@id":"https:\/\/bolting.eu\/en\/#organization","name":"bolting.eu","url":"https:\/\/bolting.eu\/en\/","logo":{"@id":"https:\/\/bolting.eu\/en\/shop\/gesteinsbohrer-fischer-sds-max-iv\/#local-main-organization-logo"},"image":{"@id":"https:\/\/bolting.eu\/en\/shop\/gesteinsbohrer-fischer-sds-max-iv\/#local-main-organization-logo"},"sameAs":["https:\/\/www.facebook.com\/bolting.eu","https:\/\/www.instagram.com\/bolting.eu\/"],"address":{"@id":"https:\/\/bolting.eu\/en\/shop\/gesteinsbohrer-fischer-sds-max-iv\/#local-main-place-address"},"geo":{"@type":"GeoCoordinates","latitude":"47.264176340396226","longitude":"11.380109057672346"},"telephone":["+43 699 19083372"],"openingHoursSpecification":[{"@type":"OpeningHoursSpecification","dayOfWeek":["Monday","Wednesday","Friday"],"opens":"14:00","closes":"18:00"},{"@type":"OpeningHoursSpecification","dayOfWeek":["Tuesday","Thursday","Saturday","Sunday"],"opens":"00:00","closes":"00:00"}],"email":"office@bolting.eu","vatID":"ATU59999728","priceRange":"$$","currenciesAccepted":"Euro"},{"@type":"PostalAddress","@id":"https:\/\/bolting.eu\/en\/shop\/gesteinsbohrer-fischer-sds-max-iv\/#local-main-place-address","streetAddress":"Fischnalerstra\u00dfe 4","addressLocality":"Innsbruck","postalCode":"6020","addressRegion":"Tirol","addressCountry":"AT"},{"@type":"ImageObject","inLanguage":"en-US","@id":"https:\/\/bolting.eu\/en\/shop\/gesteinsbohrer-fischer-sds-max-iv\/#local-main-organization-logo","url":"https:\/\/bolting.eu\/wp-content\/uploads\/2019\/09\/bolting-logo.png","contentUrl":"https:\/\/bolting.eu\/wp-content\/uploads\/2019\/09\/bolting-logo.png","width":400,"height":211,"caption":"bolting.eu"}]},"og_availability":"instock","product_availability":"instock","product_condition":"new","geo.placename":"Innsbruck","geo.position":{"lat":"47.264176340396226","long":"11.380109057672346"},"geo.region":"Austria"},"_links":{"self":[{"href":"https:\/\/bolting.eu\/en\/wp-json\/wp\/v2\/product\/32107","targetHints":{"allow":["GET"]}}],"collection":[{"href":"https:\/\/bolting.eu\/en\/wp-json\/wp\/v2\/product"}],"about":[{"href":"https:\/\/bolting.eu\/en\/wp-json\/wp\/v2\/types\/product"}],"replies":[{"embeddable":true,"href":"https:\/\/bolting.eu\/en\/wp-json\/wp\/v2\/comments?post=32107"}],"wp:featuredmedia":[{"embeddable":true,"href":"https:\/\/bolting.eu\/en\/wp-json\/wp\/v2\/media\/32132"}],"wp:attachment":[{"href":"https:\/\/bolting.eu\/en\/wp-json\/wp\/v2\/media?parent=32107"}],"wp:term":[{"taxonomy":"product_brand","embeddable":true,"href":"https:\/\/bolting.eu\/en\/wp-json\/wp\/v2\/product_brand?post=32107"},{"taxonomy":"product_cat","embeddable":true,"href":"https:\/\/bolting.eu\/en\/wp-json\/wp\/v2\/product_cat?post=32107"},{"taxonomy":"product_tag","embeddable":true,"href":"https:\/\/bolting.eu\/en\/wp-json\/wp\/v2\/product_tag?post=32107"}],"curies":[{"name":"wp","href":"https:\/\/api.w.org\/{rel}","templated":true}]}}