{"id":32093,"date":"2025-03-12T12:53:09","date_gmt":"2025-03-12T11:53:09","guid":{"rendered":"https:\/\/bolting.eu\/?post_type=product&#038;p=32093"},"modified":"2025-08-15T16:12:27","modified_gmt":"2025-08-15T14:12:27","slug":"felsbohrer-fischer-sds-plus-quattric","status":"publish","type":"product","link":"https:\/\/bolting.eu\/en\/shop\/felsbohrer-fischer-sds-plus-quattric\/","title":{"rendered":"Felsbohrer Fischer SDS Plus Quattric"},"content":{"rendered":"<p>Der Felsbohrer Fischer SDS Plus Quattric ist ein echtes Arbeitstier.<\/p>\n<p>Egal wie hart das Gestein auch ist. Wir haben beste Erfahrungen beim <a href=\"https:\/\/bolting.eu\/klettersteigbau\/\">Klettersteigbau<\/a> und <a href=\"https:\/\/bolting.eu\/alpiner-wegebau\/\">alpinen Wegebau<\/a> damit gemacht. Deshalb haben wir ihn auch ins Sortiment aufgenommen.<\/p>\n<p>Wir verwenden ihn f\u00fcr das Bohren von L\u00f6chern im Naturstein. Wie z.B. Gneis, Granit und Kalk. Des weiteren kommt er auch auf Baustellen Zum Einsatz, wenn wir z.B. Klettergriffe im Beton anbringen.<\/p>\n<p>Wer einen hochwertigen Bohrer mit SDS Plus Fassung sucht, der ist hier richtig!<\/p>\n<h2>Eigenschaften Felsbohrer Fischer SDS Plus Quattric<\/h2>\n<ul>\n<li>Hersteller:\u00a0<a href=\"https:\/\/bolting.eu\/produkt-kategorie\/fischer\/\">Fischer<\/a><\/li>\n<li>Material: geh\u00e4rteter Stahl<\/li>\n<li>Durchmesser:\u00a0<strong>18mm &#8211; 20mm &#8211; 22mm &#8211; 24mm<\/strong><\/li>\n<li>Arbeitsl\u00e4ngen \/ Gesamtl\u00e4ngen:\u00a0<strong>200 \/ 250mm, 400 \/ 450mm<\/strong><\/li>\n<li>Fassung:\u00a0<strong>SDS PLUS<\/strong><\/li>\n<li><strong>kleinere Akku Bohrh\u00e4mmer mit ca. 2,4 Joule Schlagenergie<\/strong>: kurze 18mm und 20mm Varianten<\/li>\n<li><strong>gr\u00f6\u00dfere Akku Bohrh\u00e4mmer mit ca. 4,8 Joule Schlagenergie<\/strong>: 22mm und 24mm bzw. l\u00e4ngere Varianten<\/li>\n<li>ideal f\u00fcr hartes Gestein wie Granit und Gneis oder armierten Beton<\/li>\n<li>Zentrierspitze f\u00fcr einfaches Anbohren<\/li>\n<li>sehr guter Bohrfortschritt dank 4 robuster Hauptschneiden<\/li>\n<li>verbesserte Aufbruchleistung dank Power Shoulders<\/li>\n<li>zweiteilige Wendel f\u00fcr schnellen Abtransport des Bohrstaub und lange Lebensdauer<\/li>\n<li>Verschlei\u00dfmarke gem\u00e4\u00df PGM<\/li>\n<li>die 8mm &#8211; 16mm Variante findet ihr <a href=\"https:\/\/bolting.eu\/shop\/bohrer-sds-quattric-ii\/\">HIER<\/a>!<\/li>\n<\/ul>\n<h3>Verwendungsbeispiele<\/h3>\n<p>Wir verwenden unterschiedlichste Dimensionen dieses hochwertigen Felsbohrers. Dank seiner Features ist er besonders langlebig und robust. Das ist bei unseren Baustellen im Gel\u00e4nde besonders wichtig.<\/p>\n<p>Denn da k\u00f6nnen wir uns keine Fehlfunktion, Bruch oder langsamen Bohrfortschritt leisten.<\/p>\n<p>Konkret kommt dieses Modell bei uns hier zum Einsatz:<\/p>\n<ul>\n<li>18mm Variante: f\u00fcr die L\u00f6cher unserer <a href=\"https:\/\/bolting.eu\/produkt-kategorie\/einbohrartikel\/material-fuer-klettersteigbau\/klettersteig-griffbuegel\/\">Klettersteig Griffb\u00fcgel<\/a> beim <a href=\"https:\/\/bolting.eu\/klettersteigbau\/\">Klettersteigbau<\/a><\/li>\n<li>20mm Variante: beim Installieren der <a href=\"https:\/\/bolting.eu\/shop\/titan-klebehaken-vertical-evolution-10-x-80mm\/\">Titan Klebehaken<\/a> (Variante aus 10mm Titan Draht) oder <a href=\"https:\/\/bolting.eu\/produkt-kategorie\/einbohrartikel\/material-fuer-klettersteigbau\/klettersteig-trittbuegel\/\">Klettersteig Trittb\u00fcgel<\/a> beim <a href=\"https:\/\/bolting.eu\/alpiner-wegebau\/\">alpinen Wegebau<\/a><\/li>\n<\/ul>\n<h3>Produktvideo Felsbohrer Fischer<\/h3>\n<p>Im Folgenden pr\u00e4sentiert der Hersteller die Produktfeatures in einem informativen Video.<\/p>\n<p><iframe loading=\"lazy\" title=\"Quattric II- Der Bohrer f\u00fcr H\u00f6chstleistungen in bewehrtem Beton\" width=\"1020\" height=\"574\" src=\"https:\/\/www.youtube.com\/embed\/OnrCW3OIC6k?feature=oembed\" frameborder=\"0\" allow=\"accelerometer; autoplay; clipboard-write; encrypted-media; gyroscope; picture-in-picture; web-share\" referrerpolicy=\"strict-origin-when-cross-origin\" allowfullscreen><\/iframe><\/p>\n<h3>Unsere praktischen Erfahrungen<\/h3>\n<p>Im Laufe der Jahre haben wir diesen Felsbohrer sehr oft verwendet.<\/p>\n<p>Dabei haben wir seine Verl\u00e4sslichkeit kennengelernt. Oder besser gesagt.<\/p>\n<p>Der Quattric Bohrer hat vor allem bei sehr hartem Gestein einen guten Bohrfortschritt. Auch wenn wir mit unserem &#8220;kleinen&#8221; Akku Bohrhammer arbeiten, geht echt gut was weiter.<\/p>\n<p>Dabei bleiben die L\u00f6cher sch\u00f6n rund. Des weiteren nutzt er sich nur sehr, sehr langsam ab.<\/p>\n<h3>Gro\u00dfe Schlagenergie bzw. Akku Bohrh\u00e4mmer von Vorteil!<\/h3>\n<p>Die kurzen <strong>18mm bzw. 20mm Felsbohrer<\/strong> funktionieren mit unserem Akku Bohrhammer <strong>(Schlagenergie 2,8 Joule)<\/strong> mit SDS Plus Fassung noch ganz gut.<\/p>\n<p>Allerdings machen wir da immer wieder Pausen. Somit \u00fcberhitzt das Bohrwerk nicht.<\/p>\n<p>20mm ist aus unserer Sicht die absolute Obergrenze beim Arbeiten mit &#8220;kleineren&#8221; Akku Bohrh\u00e4mmern mit SDS Plus Fassung (Schlagenergie ca. bis 2,8 Joule).<\/p>\n<p><strong>F\u00fcr 22mm und 24mm bzw. tiefere L\u00f6cher als 15cm (mit allen Modellen!) verwenden wir einen noch gr\u00f6\u00dferen Akku-Bohrhammer mit 4,8 Joule Schlagenergie!<\/strong><\/p>\n","protected":false},"excerpt":{"rendered":"<p>Extrem hochwertiger 18mm &#8211; 20mm &#8211; 22mm &#8211; 24mm Felsbohrer bzw. Betonbohrer mit SDS Plus Fassung.<\/p>\n<p>Ideal f\u00fcr hartes Gestein wie Gneis oder Granit bzw. auch armierten Beton.<\/p>\n<p>Versandkostenfrei bis 2kg in <img decoding=\"async\" class=\"emoji\" role=\"img\" draggable=\"false\" src=\"https:\/\/s.w.org\/images\/core\/emoji\/14.0.0\/svg\/1f1e6-1f1f9.svg\" alt=\"\ud83c\udde6\ud83c\uddf9\" \/> ab \u20ac 100,- und <img decoding=\"async\" class=\"emoji\" role=\"img\" draggable=\"false\" src=\"https:\/\/s.w.org\/images\/core\/emoji\/14.0.0\/svg\/1f1e9-1f1ea.svg\" alt=\"\ud83c\udde9\ud83c\uddea\" \/> ab \u20ac 200,-!<\/p>\n","protected":false},"featured_media":32098,"comment_status":"closed","ping_status":"closed","template":"","meta":[],"product_brand":[],"product_cat":[54,4652,260,14189,1210],"product_tag":[],"class_list":{"0":"post-32093","1":"product","2":"type-product","3":"status-publish","4":"has-post-thumbnail","6":"product_cat-sds-bohrer","7":"product_cat-fischer","8":"product_cat-material-fuer-klettersteigbau","9":"product_cat-materialien-fuer-wegebau","10":"product_cat-einbohrartikel","12":"first","13":"instock","14":"taxable","15":"shipping-taxable","16":"purchasable","17":"product-type-variable"},"yoast_head":"<!-- This site is optimized with the Yoast SEO Premium plugin v26.9 (Yoast SEO v26.9) - https:\/\/yoast.com\/product\/yoast-seo-premium-wordpress\/ -->\n<title>Felsbohrer Fischer SDS Plus Quattric 18-24mm | bolting.eu<\/title>\n<meta name=\"description\" content=\"Felsbohrer Fischer Quattric SDS Plus beim Einbohrprofi kaufen \u2705 Trusted Shop \u2705 kostenloser Versand* \u2705 14 Tage R\u00fcckgaberecht \u2705 Co2 neutrale Zustellung\" \/>\n<meta name=\"robots\" content=\"index, follow, max-snippet:-1, max-image-preview:large, max-video-preview:-1\" \/>\n<link rel=\"canonical\" href=\"https:\/\/bolting.eu\/en\/shop\/felsbohrer-fischer-sds-plus-quattric\/\" \/>\n<meta property=\"og:locale\" content=\"en_US\" \/>\n<meta property=\"og:type\" content=\"article\" \/>\n<meta property=\"og:title\" content=\"Felsbohrer Fischer SDS Plus Quattric\" \/>\n<meta property=\"og:description\" content=\"Felsbohrer Fischer Quattric SDS Plus beim Einbohrprofi kaufen \u2705 Trusted Shop \u2705 kostenloser Versand* \u2705 14 Tage R\u00fcckgaberecht \u2705 Co2 neutrale Zustellung\" \/>\n<meta property=\"og:url\" content=\"https:\/\/bolting.eu\/en\/shop\/felsbohrer-fischer-sds-plus-quattric\/\" \/>\n<meta property=\"og:site_name\" content=\"bolting.eu\" \/>\n<meta property=\"article:publisher\" content=\"https:\/\/www.facebook.com\/bolting.eu\" \/>\n<meta property=\"article:modified_time\" content=\"2025-08-15T14:12:27+00:00\" \/>\n<meta property=\"og:image\" content=\"https:\/\/bolting.eu\/wp-content\/uploads\/2025\/03\/Fischer-Felsbohrer-SDS-Plus-Quattric-1.jpg\" \/>\n\t<meta property=\"og:image:width\" content=\"700\" \/>\n\t<meta property=\"og:image:height\" content=\"700\" \/>\n\t<meta property=\"og:image:type\" content=\"image\/jpeg\" \/>\n<meta name=\"twitter:card\" content=\"summary_large_image\" \/>\n<meta name=\"twitter:label1\" content=\"Availability\" \/>\n\t<meta name=\"twitter:data1\" content=\"In stock\" \/>\n<script type=\"application\/ld+json\" class=\"yoast-schema-graph\">{\"@context\":\"https:\/\/schema.org\",\"@graph\":[{\"@type\":[\"WebPage\",\"ItemPage\"],\"@id\":\"https:\/\/bolting.eu\/en\/shop\/felsbohrer-fischer-sds-plus-quattric\/\",\"url\":\"https:\/\/bolting.eu\/en\/shop\/felsbohrer-fischer-sds-plus-quattric\/\",\"name\":\"Felsbohrer Fischer SDS Plus Quattric 18-24mm | bolting.eu\",\"isPartOf\":{\"@id\":\"https:\/\/bolting.eu\/en\/#website\"},\"primaryImageOfPage\":{\"@id\":\"https:\/\/bolting.eu\/en\/shop\/felsbohrer-fischer-sds-plus-quattric\/#primaryimage\"},\"image\":{\"@id\":\"https:\/\/bolting.eu\/en\/shop\/felsbohrer-fischer-sds-plus-quattric\/#primaryimage\"},\"thumbnailUrl\":\"https:\/\/bolting.eu\/wp-content\/uploads\/2025\/03\/Fischer-Felsbohrer-SDS-Plus-Quattric-1.jpg\",\"datePublished\":\"2025-03-12T11:53:09+00:00\",\"dateModified\":\"2025-08-15T14:12:27+00:00\",\"description\":\"Felsbohrer Fischer Quattric SDS Plus beim Einbohrprofi kaufen \u2705 Trusted Shop \u2705 kostenloser Versand* \u2705 14 Tage R\u00fcckgaberecht \u2705 Co2 neutrale Zustellung\",\"breadcrumb\":{\"@id\":\"https:\/\/bolting.eu\/en\/shop\/felsbohrer-fischer-sds-plus-quattric\/#breadcrumb\"},\"inLanguage\":\"en-US\",\"potentialAction\":[{\"@type\":\"ReadAction\",\"target\":[\"https:\/\/bolting.eu\/en\/shop\/felsbohrer-fischer-sds-plus-quattric\/\"]}]},{\"@type\":\"ImageObject\",\"inLanguage\":\"en-US\",\"@id\":\"https:\/\/bolting.eu\/en\/shop\/felsbohrer-fischer-sds-plus-quattric\/#primaryimage\",\"url\":\"https:\/\/bolting.eu\/wp-content\/uploads\/2025\/03\/Fischer-Felsbohrer-SDS-Plus-Quattric-1.jpg\",\"contentUrl\":\"https:\/\/bolting.eu\/wp-content\/uploads\/2025\/03\/Fischer-Felsbohrer-SDS-Plus-Quattric-1.jpg\",\"width\":700,\"height\":700,\"caption\":\"Grauer Felsbohrer Fischer Quattric SDS Plus waagrecht auf wei\u00dfem Quadrat.\"},{\"@type\":\"BreadcrumbList\",\"@id\":\"https:\/\/bolting.eu\/en\/shop\/felsbohrer-fischer-sds-plus-quattric\/#breadcrumb\",\"itemListElement\":[{\"@type\":\"ListItem\",\"position\":1,\"name\":\"Shop\",\"item\":\"https:\/\/bolting.eu\/en\/shop\/\"},{\"@type\":\"ListItem\",\"position\":2,\"name\":\"bolting products\",\"item\":\"https:\/\/bolting.eu\/en\/produkt-kategorie\/bolting-products\/\"},{\"@type\":\"ListItem\",\"position\":3,\"name\":\"Material f\u00fcr Klettersteigbau\",\"item\":\"https:\/\/bolting.eu\/produkt-kategorie\/einbohrartikel\/material-fuer-klettersteigbau\/\"},{\"@type\":\"ListItem\",\"position\":4,\"name\":\"Felsbohrer Fischer SDS Plus Quattric\"}]},{\"@type\":\"WebSite\",\"@id\":\"https:\/\/bolting.eu\/en\/#website\",\"url\":\"https:\/\/bolting.eu\/en\/\",\"name\":\"bolting.eu\",\"description\":\"we make climbs happen\",\"publisher\":{\"@id\":\"https:\/\/bolting.eu\/en\/#organization\"},\"potentialAction\":[{\"@type\":\"SearchAction\",\"target\":{\"@type\":\"EntryPoint\",\"urlTemplate\":\"https:\/\/bolting.eu\/en\/?s={search_term_string}\"},\"query-input\":{\"@type\":\"PropertyValueSpecification\",\"valueRequired\":true,\"valueName\":\"search_term_string\"}}],\"inLanguage\":\"en-US\"},{\"@type\":[\"Organization\",\"Place\",\"SportingGoodsStore\"],\"@id\":\"https:\/\/bolting.eu\/en\/#organization\",\"name\":\"bolting.eu\",\"url\":\"https:\/\/bolting.eu\/en\/\",\"logo\":{\"@id\":\"https:\/\/bolting.eu\/en\/shop\/felsbohrer-fischer-sds-plus-quattric\/#local-main-organization-logo\"},\"image\":{\"@id\":\"https:\/\/bolting.eu\/en\/shop\/felsbohrer-fischer-sds-plus-quattric\/#local-main-organization-logo\"},\"sameAs\":[\"https:\/\/www.facebook.com\/bolting.eu\",\"https:\/\/www.instagram.com\/bolting.eu\/\"],\"address\":{\"@id\":\"https:\/\/bolting.eu\/en\/shop\/felsbohrer-fischer-sds-plus-quattric\/#local-main-place-address\"},\"geo\":{\"@type\":\"GeoCoordinates\",\"latitude\":\"47.264176340396226\",\"longitude\":\"11.380109057672346\"},\"telephone\":[\"+43 699 19083372\"],\"openingHoursSpecification\":[{\"@type\":\"OpeningHoursSpecification\",\"dayOfWeek\":[\"Monday\",\"Wednesday\",\"Friday\"],\"opens\":\"14:00\",\"closes\":\"18:00\"},{\"@type\":\"OpeningHoursSpecification\",\"dayOfWeek\":[\"Tuesday\",\"Thursday\",\"Saturday\",\"Sunday\"],\"opens\":\"00:00\",\"closes\":\"00:00\"}],\"email\":\"office@bolting.eu\",\"vatID\":\"ATU59999728\",\"priceRange\":\"$$\",\"currenciesAccepted\":\"Euro\"},{\"@type\":\"PostalAddress\",\"@id\":\"https:\/\/bolting.eu\/en\/shop\/felsbohrer-fischer-sds-plus-quattric\/#local-main-place-address\",\"streetAddress\":\"Fischnalerstra\u00dfe 4\",\"addressLocality\":\"Innsbruck\",\"postalCode\":\"6020\",\"addressRegion\":\"Tirol\",\"addressCountry\":\"AT\"},{\"@type\":\"ImageObject\",\"inLanguage\":\"en-US\",\"@id\":\"https:\/\/bolting.eu\/en\/shop\/felsbohrer-fischer-sds-plus-quattric\/#local-main-organization-logo\",\"url\":\"https:\/\/bolting.eu\/wp-content\/uploads\/2019\/09\/bolting-logo.png\",\"contentUrl\":\"https:\/\/bolting.eu\/wp-content\/uploads\/2019\/09\/bolting-logo.png\",\"width\":400,\"height\":211,\"caption\":\"bolting.eu\"}]}<\/script>\n<meta property=\"og:video\" content=\"https:\/\/www.youtube.com\/embed\/OnrCW3OIC6k\" \/>\n<meta property=\"og:video:type\" content=\"text\/html\" \/>\n<meta property=\"og:video:duration\" content=\"77\" \/>\n<meta property=\"og:video:width\" content=\"480\" \/>\n<meta property=\"og:video:height\" content=\"270\" \/>\n<meta property=\"ya:ovs:adult\" content=\"false\" \/>\n<meta property=\"ya:ovs:upload_date\" content=\"2025-03-12T11:53:09+00:00\" \/>\n<meta property=\"ya:ovs:allow_embed\" content=\"true\" \/>\n<meta property=\"og:availability\" content=\"instock\" \/>\n<meta property=\"product:availability\" content=\"instock\" \/>\n<meta property=\"product:condition\" content=\"new\" \/>\n<meta name=\"geo.placename\" content=\"Innsbruck\" \/>\n<meta name=\"geo.position\" content=\"47.264176340396226;11.380109057672346\" \/>\n<meta name=\"geo.region\" content=\"Austria\" \/>\n<!-- \/ Yoast SEO Premium plugin. -->","yoast_head_json":{"title":"Felsbohrer Fischer SDS Plus Quattric 18-24mm | bolting.eu","description":"Felsbohrer Fischer Quattric SDS Plus beim Einbohrprofi kaufen \u2705 Trusted Shop \u2705 kostenloser Versand* \u2705 14 Tage R\u00fcckgaberecht \u2705 Co2 neutrale Zustellung","robots":{"index":"index","follow":"follow","max-snippet":"max-snippet:-1","max-image-preview":"max-image-preview:large","max-video-preview":"max-video-preview:-1"},"canonical":"https:\/\/bolting.eu\/en\/shop\/felsbohrer-fischer-sds-plus-quattric\/","og_locale":"en_US","og_type":"article","og_title":"Felsbohrer Fischer SDS Plus Quattric","og_description":"Felsbohrer Fischer Quattric SDS Plus beim Einbohrprofi kaufen \u2705 Trusted Shop \u2705 kostenloser Versand* \u2705 14 Tage R\u00fcckgaberecht \u2705 Co2 neutrale Zustellung","og_url":"https:\/\/bolting.eu\/en\/shop\/felsbohrer-fischer-sds-plus-quattric\/","og_site_name":"bolting.eu","article_publisher":"https:\/\/www.facebook.com\/bolting.eu","article_modified_time":"2025-08-15T14:12:27+00:00","og_image":[{"width":700,"height":700,"url":"https:\/\/bolting.eu\/wp-content\/uploads\/2025\/03\/Fischer-Felsbohrer-SDS-Plus-Quattric-1.jpg","type":"image\/jpeg"}],"twitter_card":"summary_large_image","twitter_misc":{"Availability":"In stock"},"schema":{"@context":"https:\/\/schema.org","@graph":[{"@type":["WebPage","ItemPage"],"@id":"https:\/\/bolting.eu\/en\/shop\/felsbohrer-fischer-sds-plus-quattric\/","url":"https:\/\/bolting.eu\/en\/shop\/felsbohrer-fischer-sds-plus-quattric\/","name":"Felsbohrer Fischer SDS Plus Quattric 18-24mm | bolting.eu","isPartOf":{"@id":"https:\/\/bolting.eu\/en\/#website"},"primaryImageOfPage":{"@id":"https:\/\/bolting.eu\/en\/shop\/felsbohrer-fischer-sds-plus-quattric\/#primaryimage"},"image":{"@id":"https:\/\/bolting.eu\/en\/shop\/felsbohrer-fischer-sds-plus-quattric\/#primaryimage"},"thumbnailUrl":"https:\/\/bolting.eu\/wp-content\/uploads\/2025\/03\/Fischer-Felsbohrer-SDS-Plus-Quattric-1.jpg","datePublished":"2025-03-12T11:53:09+00:00","dateModified":"2025-08-15T14:12:27+00:00","description":"Felsbohrer Fischer Quattric SDS Plus beim Einbohrprofi kaufen \u2705 Trusted Shop \u2705 kostenloser Versand* \u2705 14 Tage R\u00fcckgaberecht \u2705 Co2 neutrale Zustellung","breadcrumb":{"@id":"https:\/\/bolting.eu\/en\/shop\/felsbohrer-fischer-sds-plus-quattric\/#breadcrumb"},"inLanguage":"en-US","potentialAction":[{"@type":"ReadAction","target":["https:\/\/bolting.eu\/en\/shop\/felsbohrer-fischer-sds-plus-quattric\/"]}]},{"@type":"ImageObject","inLanguage":"en-US","@id":"https:\/\/bolting.eu\/en\/shop\/felsbohrer-fischer-sds-plus-quattric\/#primaryimage","url":"https:\/\/bolting.eu\/wp-content\/uploads\/2025\/03\/Fischer-Felsbohrer-SDS-Plus-Quattric-1.jpg","contentUrl":"https:\/\/bolting.eu\/wp-content\/uploads\/2025\/03\/Fischer-Felsbohrer-SDS-Plus-Quattric-1.jpg","width":700,"height":700,"caption":"Grauer Felsbohrer Fischer Quattric SDS Plus waagrecht auf wei\u00dfem Quadrat."},{"@type":"BreadcrumbList","@id":"https:\/\/bolting.eu\/en\/shop\/felsbohrer-fischer-sds-plus-quattric\/#breadcrumb","itemListElement":[{"@type":"ListItem","position":1,"name":"Shop","item":"https:\/\/bolting.eu\/en\/shop\/"},{"@type":"ListItem","position":2,"name":"bolting products","item":"https:\/\/bolting.eu\/en\/produkt-kategorie\/bolting-products\/"},{"@type":"ListItem","position":3,"name":"Material f\u00fcr Klettersteigbau","item":"https:\/\/bolting.eu\/produkt-kategorie\/einbohrartikel\/material-fuer-klettersteigbau\/"},{"@type":"ListItem","position":4,"name":"Felsbohrer Fischer SDS Plus Quattric"}]},{"@type":"WebSite","@id":"https:\/\/bolting.eu\/en\/#website","url":"https:\/\/bolting.eu\/en\/","name":"bolting.eu","description":"we make climbs happen","publisher":{"@id":"https:\/\/bolting.eu\/en\/#organization"},"potentialAction":[{"@type":"SearchAction","target":{"@type":"EntryPoint","urlTemplate":"https:\/\/bolting.eu\/en\/?s={search_term_string}"},"query-input":{"@type":"PropertyValueSpecification","valueRequired":true,"valueName":"search_term_string"}}],"inLanguage":"en-US"},{"@type":["Organization","Place","SportingGoodsStore"],"@id":"https:\/\/bolting.eu\/en\/#organization","name":"bolting.eu","url":"https:\/\/bolting.eu\/en\/","logo":{"@id":"https:\/\/bolting.eu\/en\/shop\/felsbohrer-fischer-sds-plus-quattric\/#local-main-organization-logo"},"image":{"@id":"https:\/\/bolting.eu\/en\/shop\/felsbohrer-fischer-sds-plus-quattric\/#local-main-organization-logo"},"sameAs":["https:\/\/www.facebook.com\/bolting.eu","https:\/\/www.instagram.com\/bolting.eu\/"],"address":{"@id":"https:\/\/bolting.eu\/en\/shop\/felsbohrer-fischer-sds-plus-quattric\/#local-main-place-address"},"geo":{"@type":"GeoCoordinates","latitude":"47.264176340396226","longitude":"11.380109057672346"},"telephone":["+43 699 19083372"],"openingHoursSpecification":[{"@type":"OpeningHoursSpecification","dayOfWeek":["Monday","Wednesday","Friday"],"opens":"14:00","closes":"18:00"},{"@type":"OpeningHoursSpecification","dayOfWeek":["Tuesday","Thursday","Saturday","Sunday"],"opens":"00:00","closes":"00:00"}],"email":"office@bolting.eu","vatID":"ATU59999728","priceRange":"$$","currenciesAccepted":"Euro"},{"@type":"PostalAddress","@id":"https:\/\/bolting.eu\/en\/shop\/felsbohrer-fischer-sds-plus-quattric\/#local-main-place-address","streetAddress":"Fischnalerstra\u00dfe 4","addressLocality":"Innsbruck","postalCode":"6020","addressRegion":"Tirol","addressCountry":"AT"},{"@type":"ImageObject","inLanguage":"en-US","@id":"https:\/\/bolting.eu\/en\/shop\/felsbohrer-fischer-sds-plus-quattric\/#local-main-organization-logo","url":"https:\/\/bolting.eu\/wp-content\/uploads\/2019\/09\/bolting-logo.png","contentUrl":"https:\/\/bolting.eu\/wp-content\/uploads\/2019\/09\/bolting-logo.png","width":400,"height":211,"caption":"bolting.eu"}]},"og_video":"https:\/\/www.youtube.com\/embed\/OnrCW3OIC6k","og_video_type":"text\/html","og_video_duration":"77","og_video_width":"480","og_video_height":"270","ya_ovs_adult":"false","ya_ovs_upload_date":"2025-03-12T11:53:09+00:00","ya_ovs_allow_embed":"true","og_availability":"instock","product_availability":"instock","product_condition":"new","geo.placename":"Innsbruck","geo.position":{"lat":"47.264176340396226","long":"11.380109057672346"},"geo.region":"Austria"},"_links":{"self":[{"href":"https:\/\/bolting.eu\/en\/wp-json\/wp\/v2\/product\/32093","targetHints":{"allow":["GET"]}}],"collection":[{"href":"https:\/\/bolting.eu\/en\/wp-json\/wp\/v2\/product"}],"about":[{"href":"https:\/\/bolting.eu\/en\/wp-json\/wp\/v2\/types\/product"}],"replies":[{"embeddable":true,"href":"https:\/\/bolting.eu\/en\/wp-json\/wp\/v2\/comments?post=32093"}],"wp:featuredmedia":[{"embeddable":true,"href":"https:\/\/bolting.eu\/en\/wp-json\/wp\/v2\/media\/32098"}],"wp:attachment":[{"href":"https:\/\/bolting.eu\/en\/wp-json\/wp\/v2\/media?parent=32093"}],"wp:term":[{"taxonomy":"product_brand","embeddable":true,"href":"https:\/\/bolting.eu\/en\/wp-json\/wp\/v2\/product_brand?post=32093"},{"taxonomy":"product_cat","embeddable":true,"href":"https:\/\/bolting.eu\/en\/wp-json\/wp\/v2\/product_cat?post=32093"},{"taxonomy":"product_tag","embeddable":true,"href":"https:\/\/bolting.eu\/en\/wp-json\/wp\/v2\/product_tag?post=32093"}],"curies":[{"name":"wp","href":"https:\/\/api.w.org\/{rel}","templated":true}]}}