{"id":32068,"date":"2025-03-09T18:49:18","date_gmt":"2025-03-09T17:49:18","guid":{"rendered":"https:\/\/bolting.eu\/?post_type=product&#038;p=32068"},"modified":"2025-05-27T13:32:18","modified_gmt":"2025-05-27T11:32:18","slug":"fischer-hammerbohrer-quattric-30mm-sds-max","status":"publish","type":"product","link":"https:\/\/bolting.eu\/en\/shop\/fischer-hammerbohrer-quattric-30mm-sds-max\/","title":{"rendered":"Fischer Hammerbohrer Quattric 30mm SDS MAX"},"content":{"rendered":"<p>Der Fischer Hammerbohrer Quattric 30mm SDS MAX ist unsere 1. Wahl beim\u00a0<a href=\"https:\/\/bolting.eu\/klettersteigbau\/\">Klettersteigbau<\/a> und <a href=\"https:\/\/bolting.eu\/alpiner-wegebau\/\">alpinen Wegebau<\/a>.<\/p>\n<p>Hier verwenden wir ihn einerseits f\u00fcr die L\u00f6cher unserer <a href=\"https:\/\/bolting.eu\/shop\/gelaenderstange-26mm-verzinkt\/\">26mm Gel\u00e4nderstangen<\/a>. Und andererseits f\u00fcr unsere 26mm Klettersteiganker.<\/p>\n<p>Hier findet ihr dieses extrem hochwertige Modell in zwei L\u00e4ngen. Erstens 250mm (Arbeitsl\u00e4nge 200mm). Und zweitens 450mm (Arbeitsl\u00e4nge 400mm).<\/p>\n<p>Wer breite L\u00f6cher in sehr hartem Gestein wie Granit, Gneis und solidem Kalk bohren will, ist hier richtig!<\/p>\n<h2>Eigenschaften Fischer Hammerbohrer Quattric 30mm SDS MAX<\/h2>\n<ul>\n<li>Hersteller: <a href=\"https:\/\/bolting.eu\/produkt-kategorie\/fischer\/\">Fischer<\/a><\/li>\n<li>Material: geh\u00e4rteter Stahl<\/li>\n<li>Durchmesser: <strong>30mm<\/strong><\/li>\n<li>Arbeitsl\u00e4ngen \/ Gesamtl\u00e4ngen: <strong>200 &#8211; 250mm, 400 &#8211; 450mm<\/strong><\/li>\n<li>Fassung: <strong>SDS MAX<\/strong><\/li>\n<li>Zentrierspitze f\u00fcr einfaches Anbohren<\/li>\n<li>sehr guter Bohrfortschritt dank 4 robuster Hauptschneiden<\/li>\n<li>verbesserte Aufbruchleistung dank Power Shoulders<\/li>\n<li>zweiteilige Wendel f\u00fcr schnellen Abtransport des Bohrstaub und lange Lebensdauer<\/li>\n<li>Verschlei\u00dfmarke gem\u00e4\u00df PGM<\/li>\n<li>Verwendungsbeispiel: z.B. f\u00fcr die Montage aller Gel\u00e4nderstangen unseres <a href=\"https:\/\/youtu.be\/cCO9eI2oqj4\" target=\"_blank\" rel=\"noopener\">Abenteuerweg K\u00f6lnbrein<\/a><\/li>\n<\/ul>\n<figure id=\"attachment_20517\" aria-describedby=\"caption-attachment-20517\" style=\"width: 1024px\" class=\"wp-caption alignnone\"><a href=\"https:\/\/bolting.eu\/wp-content\/uploads\/2024\/07\/Klettersteigbau-Abenteuerweg-13.jpg\"><img loading=\"lazy\" decoding=\"async\" class=\"wp-image-20517 size-full\" src=\"https:\/\/bolting.eu\/wp-content\/uploads\/2024\/07\/Klettersteigbau-Abenteuerweg-13.jpg\" alt=\"bolting.eu Inhaber Gerhard Schaar beim Klettersteigbau in hochalpiner Landschaft mit Bohrhammer und Fischer Quattric 30mm SDS MAX Bohrer.\" width=\"1024\" height=\"683\" srcset=\"https:\/\/bolting.eu\/wp-content\/uploads\/2024\/07\/Klettersteigbau-Abenteuerweg-13.jpg 1024w, https:\/\/bolting.eu\/wp-content\/uploads\/2024\/07\/Klettersteigbau-Abenteuerweg-13-600x400.jpg 600w, https:\/\/bolting.eu\/wp-content\/uploads\/2024\/07\/Klettersteigbau-Abenteuerweg-13-768x512.jpg 768w, https:\/\/bolting.eu\/wp-content\/uploads\/2024\/07\/Klettersteigbau-Abenteuerweg-13-510x340.jpg 510w, https:\/\/bolting.eu\/wp-content\/uploads\/2024\/07\/Klettersteigbau-Abenteuerweg-13-100x67.jpg 100w\" sizes=\"auto, (max-width: 1024px) 100vw, 1024px\" \/><\/a><figcaption id=\"caption-attachment-20517\" class=\"wp-caption-text\">Unsere 1. Wahl f\u00fcr hartes Gestein wie Granit oder Gneis!<\/figcaption><\/figure>\n","protected":false},"excerpt":{"rendered":"<p>Hochwertiger Fischer Hammerbohrer mit 30mm Durchmesser und 200mm bzw. 400mm Arbeitsl\u00e4nge.<\/p>\n<p>Ideal zum Bohren von L\u00f6chern f\u00fcr unsere 26mm Klettersteiganker und 26mm Gel\u00e4nderstangen.<\/p>\n<p>Versandkostenfrei bis 2kg in\u00a0<img decoding=\"async\" class=\"emoji\" role=\"img\" draggable=\"false\" src=\"https:\/\/s.w.org\/images\/core\/emoji\/14.0.0\/svg\/1f1e6-1f1f9.svg\" alt=\"\ud83c\udde6\ud83c\uddf9\" \/>\u00a0ab \u20ac 100,- und\u00a0<img decoding=\"async\" class=\"emoji\" role=\"img\" draggable=\"false\" src=\"https:\/\/s.w.org\/images\/core\/emoji\/14.0.0\/svg\/1f1e9-1f1ea.svg\" alt=\"\ud83c\udde9\ud83c\uddea\" \/>\u00a0ab \u20ac 200,-!<\/p>\n","protected":false},"featured_media":32073,"comment_status":"closed","ping_status":"closed","template":"","meta":[],"product_brand":[],"product_cat":[54,260,1210,4652,14189],"product_tag":[],"class_list":{"0":"post-32068","1":"product","2":"type-product","3":"status-publish","4":"has-post-thumbnail","6":"product_cat-sds-bohrer","7":"product_cat-material-fuer-klettersteigbau","8":"product_cat-einbohrartikel","9":"product_cat-fischer","10":"product_cat-materialien-fuer-wegebau","12":"first","13":"instock","14":"taxable","15":"shipping-taxable","16":"purchasable","17":"product-type-variable"},"yoast_head":"<!-- This site is optimized with the Yoast SEO Premium plugin v26.9 (Yoast SEO v26.9) - https:\/\/yoast.com\/product\/yoast-seo-premium-wordpress\/ -->\n<title>Fischer Hammerbohrer Quattric 30mm SDS MAX | bolting.eu<\/title>\n<meta name=\"description\" content=\"Fischer Hammerbohrer Quattric 30mm beim Einbohrprofi kaufen \u2705 Trusted Shop \u2705 kostenloser Versand* \u2705 14 Tage R\u00fcckgaberecht \u2705 Co2 neutrale Zustellung\" \/>\n<meta name=\"robots\" content=\"index, follow, max-snippet:-1, max-image-preview:large, max-video-preview:-1\" \/>\n<link rel=\"canonical\" href=\"https:\/\/bolting.eu\/en\/shop\/fischer-hammerbohrer-quattric-30mm-sds-max\/\" \/>\n<meta property=\"og:locale\" content=\"en_US\" \/>\n<meta property=\"og:type\" content=\"article\" \/>\n<meta property=\"og:title\" content=\"Fischer Hammerbohrer Quattric 30mm SDS MAX\" \/>\n<meta property=\"og:description\" content=\"Fischer Hammerbohrer Quattric 30mm beim Einbohrprofi kaufen \u2705 Trusted Shop \u2705 kostenloser Versand* \u2705 14 Tage R\u00fcckgaberecht \u2705 Co2 neutrale Zustellung\" \/>\n<meta property=\"og:url\" content=\"https:\/\/bolting.eu\/en\/shop\/fischer-hammerbohrer-quattric-30mm-sds-max\/\" \/>\n<meta property=\"og:site_name\" content=\"bolting.eu\" \/>\n<meta property=\"article:publisher\" content=\"https:\/\/www.facebook.com\/bolting.eu\" \/>\n<meta property=\"article:modified_time\" content=\"2025-05-27T11:32:18+00:00\" \/>\n<meta property=\"og:image\" content=\"https:\/\/bolting.eu\/wp-content\/uploads\/2025\/03\/Fischer-Hammerbohrer-Quattric-30mm-SDS-MAX-1.jpg\" \/>\n\t<meta property=\"og:image:width\" content=\"700\" \/>\n\t<meta property=\"og:image:height\" content=\"700\" \/>\n\t<meta property=\"og:image:type\" content=\"image\/jpeg\" \/>\n<meta name=\"twitter:card\" content=\"summary_large_image\" \/>\n<meta name=\"twitter:label1\" content=\"Availability\" \/>\n\t<meta name=\"twitter:data1\" content=\"In stock\" \/>\n<script type=\"application\/ld+json\" class=\"yoast-schema-graph\">{\"@context\":\"https:\/\/schema.org\",\"@graph\":[{\"@type\":[\"WebPage\",\"ItemPage\"],\"@id\":\"https:\/\/bolting.eu\/en\/shop\/fischer-hammerbohrer-quattric-30mm-sds-max\/\",\"url\":\"https:\/\/bolting.eu\/en\/shop\/fischer-hammerbohrer-quattric-30mm-sds-max\/\",\"name\":\"Fischer Hammerbohrer Quattric 30mm SDS MAX | bolting.eu\",\"isPartOf\":{\"@id\":\"https:\/\/bolting.eu\/en\/#website\"},\"primaryImageOfPage\":{\"@id\":\"https:\/\/bolting.eu\/en\/shop\/fischer-hammerbohrer-quattric-30mm-sds-max\/#primaryimage\"},\"image\":{\"@id\":\"https:\/\/bolting.eu\/en\/shop\/fischer-hammerbohrer-quattric-30mm-sds-max\/#primaryimage\"},\"thumbnailUrl\":\"https:\/\/bolting.eu\/wp-content\/uploads\/2025\/03\/Fischer-Hammerbohrer-Quattric-30mm-SDS-MAX-1.jpg\",\"datePublished\":\"2025-03-09T17:49:18+00:00\",\"dateModified\":\"2025-05-27T11:32:18+00:00\",\"description\":\"Fischer Hammerbohrer Quattric 30mm beim Einbohrprofi kaufen \u2705 Trusted Shop \u2705 kostenloser Versand* \u2705 14 Tage R\u00fcckgaberecht \u2705 Co2 neutrale Zustellung\",\"breadcrumb\":{\"@id\":\"https:\/\/bolting.eu\/en\/shop\/fischer-hammerbohrer-quattric-30mm-sds-max\/#breadcrumb\"},\"inLanguage\":\"en-US\",\"potentialAction\":[{\"@type\":\"ReadAction\",\"target\":[\"https:\/\/bolting.eu\/en\/shop\/fischer-hammerbohrer-quattric-30mm-sds-max\/\"]}]},{\"@type\":\"ImageObject\",\"inLanguage\":\"en-US\",\"@id\":\"https:\/\/bolting.eu\/en\/shop\/fischer-hammerbohrer-quattric-30mm-sds-max\/#primaryimage\",\"url\":\"https:\/\/bolting.eu\/wp-content\/uploads\/2025\/03\/Fischer-Hammerbohrer-Quattric-30mm-SDS-MAX-1.jpg\",\"contentUrl\":\"https:\/\/bolting.eu\/wp-content\/uploads\/2025\/03\/Fischer-Hammerbohrer-Quattric-30mm-SDS-MAX-1.jpg\",\"width\":700,\"height\":700,\"caption\":\"Zwei graue Fischer Hammerbohrer Quattric 30mm SDS MAX mit 450mm und 250mm L\u00e4nge senkrecht auf wei\u00dfem Quadrat.\"},{\"@type\":\"BreadcrumbList\",\"@id\":\"https:\/\/bolting.eu\/en\/shop\/fischer-hammerbohrer-quattric-30mm-sds-max\/#breadcrumb\",\"itemListElement\":[{\"@type\":\"ListItem\",\"position\":1,\"name\":\"Shop\",\"item\":\"https:\/\/bolting.eu\/en\/shop\/\"},{\"@type\":\"ListItem\",\"position\":2,\"name\":\"bolting products\",\"item\":\"https:\/\/bolting.eu\/en\/produkt-kategorie\/bolting-products\/\"},{\"@type\":\"ListItem\",\"position\":3,\"name\":\"Material f\u00fcr Klettersteigbau\",\"item\":\"https:\/\/bolting.eu\/produkt-kategorie\/einbohrartikel\/material-fuer-klettersteigbau\/\"},{\"@type\":\"ListItem\",\"position\":4,\"name\":\"Fischer Hammerbohrer Quattric 30mm SDS MAX\"}]},{\"@type\":\"WebSite\",\"@id\":\"https:\/\/bolting.eu\/en\/#website\",\"url\":\"https:\/\/bolting.eu\/en\/\",\"name\":\"bolting.eu\",\"description\":\"we make climbs happen\",\"publisher\":{\"@id\":\"https:\/\/bolting.eu\/en\/#organization\"},\"potentialAction\":[{\"@type\":\"SearchAction\",\"target\":{\"@type\":\"EntryPoint\",\"urlTemplate\":\"https:\/\/bolting.eu\/en\/?s={search_term_string}\"},\"query-input\":{\"@type\":\"PropertyValueSpecification\",\"valueRequired\":true,\"valueName\":\"search_term_string\"}}],\"inLanguage\":\"en-US\"},{\"@type\":[\"Organization\",\"Place\",\"SportingGoodsStore\"],\"@id\":\"https:\/\/bolting.eu\/en\/#organization\",\"name\":\"bolting.eu\",\"url\":\"https:\/\/bolting.eu\/en\/\",\"logo\":{\"@id\":\"https:\/\/bolting.eu\/en\/shop\/fischer-hammerbohrer-quattric-30mm-sds-max\/#local-main-organization-logo\"},\"image\":{\"@id\":\"https:\/\/bolting.eu\/en\/shop\/fischer-hammerbohrer-quattric-30mm-sds-max\/#local-main-organization-logo\"},\"sameAs\":[\"https:\/\/www.facebook.com\/bolting.eu\",\"https:\/\/www.instagram.com\/bolting.eu\/\"],\"address\":{\"@id\":\"https:\/\/bolting.eu\/en\/shop\/fischer-hammerbohrer-quattric-30mm-sds-max\/#local-main-place-address\"},\"geo\":{\"@type\":\"GeoCoordinates\",\"latitude\":\"47.264176340396226\",\"longitude\":\"11.380109057672346\"},\"telephone\":[\"+43 699 19083372\"],\"openingHoursSpecification\":[{\"@type\":\"OpeningHoursSpecification\",\"dayOfWeek\":[\"Monday\",\"Wednesday\",\"Friday\"],\"opens\":\"14:00\",\"closes\":\"18:00\"},{\"@type\":\"OpeningHoursSpecification\",\"dayOfWeek\":[\"Tuesday\",\"Thursday\",\"Saturday\",\"Sunday\"],\"opens\":\"00:00\",\"closes\":\"00:00\"}],\"email\":\"office@bolting.eu\",\"vatID\":\"ATU59999728\",\"priceRange\":\"$$\",\"currenciesAccepted\":\"Euro\"},{\"@type\":\"PostalAddress\",\"@id\":\"https:\/\/bolting.eu\/en\/shop\/fischer-hammerbohrer-quattric-30mm-sds-max\/#local-main-place-address\",\"streetAddress\":\"Fischnalerstra\u00dfe 4\",\"addressLocality\":\"Innsbruck\",\"postalCode\":\"6020\",\"addressRegion\":\"Tirol\",\"addressCountry\":\"AT\"},{\"@type\":\"ImageObject\",\"inLanguage\":\"en-US\",\"@id\":\"https:\/\/bolting.eu\/en\/shop\/fischer-hammerbohrer-quattric-30mm-sds-max\/#local-main-organization-logo\",\"url\":\"https:\/\/bolting.eu\/wp-content\/uploads\/2019\/09\/bolting-logo.png\",\"contentUrl\":\"https:\/\/bolting.eu\/wp-content\/uploads\/2019\/09\/bolting-logo.png\",\"width\":400,\"height\":211,\"caption\":\"bolting.eu\"}]}<\/script>\n<meta property=\"og:availability\" content=\"instock\" \/>\n<meta property=\"product:availability\" content=\"instock\" \/>\n<meta property=\"product:condition\" content=\"new\" \/>\n<meta name=\"geo.placename\" content=\"Innsbruck\" \/>\n<meta name=\"geo.position\" content=\"47.264176340396226;11.380109057672346\" \/>\n<meta name=\"geo.region\" content=\"Austria\" \/>\n<!-- \/ Yoast SEO Premium plugin. -->","yoast_head_json":{"title":"Fischer Hammerbohrer Quattric 30mm SDS MAX | bolting.eu","description":"Fischer Hammerbohrer Quattric 30mm beim Einbohrprofi kaufen \u2705 Trusted Shop \u2705 kostenloser Versand* \u2705 14 Tage R\u00fcckgaberecht \u2705 Co2 neutrale Zustellung","robots":{"index":"index","follow":"follow","max-snippet":"max-snippet:-1","max-image-preview":"max-image-preview:large","max-video-preview":"max-video-preview:-1"},"canonical":"https:\/\/bolting.eu\/en\/shop\/fischer-hammerbohrer-quattric-30mm-sds-max\/","og_locale":"en_US","og_type":"article","og_title":"Fischer Hammerbohrer Quattric 30mm SDS MAX","og_description":"Fischer Hammerbohrer Quattric 30mm beim Einbohrprofi kaufen \u2705 Trusted Shop \u2705 kostenloser Versand* \u2705 14 Tage R\u00fcckgaberecht \u2705 Co2 neutrale Zustellung","og_url":"https:\/\/bolting.eu\/en\/shop\/fischer-hammerbohrer-quattric-30mm-sds-max\/","og_site_name":"bolting.eu","article_publisher":"https:\/\/www.facebook.com\/bolting.eu","article_modified_time":"2025-05-27T11:32:18+00:00","og_image":[{"width":700,"height":700,"url":"https:\/\/bolting.eu\/wp-content\/uploads\/2025\/03\/Fischer-Hammerbohrer-Quattric-30mm-SDS-MAX-1.jpg","type":"image\/jpeg"}],"twitter_card":"summary_large_image","twitter_misc":{"Availability":"In stock"},"schema":{"@context":"https:\/\/schema.org","@graph":[{"@type":["WebPage","ItemPage"],"@id":"https:\/\/bolting.eu\/en\/shop\/fischer-hammerbohrer-quattric-30mm-sds-max\/","url":"https:\/\/bolting.eu\/en\/shop\/fischer-hammerbohrer-quattric-30mm-sds-max\/","name":"Fischer Hammerbohrer Quattric 30mm SDS MAX | bolting.eu","isPartOf":{"@id":"https:\/\/bolting.eu\/en\/#website"},"primaryImageOfPage":{"@id":"https:\/\/bolting.eu\/en\/shop\/fischer-hammerbohrer-quattric-30mm-sds-max\/#primaryimage"},"image":{"@id":"https:\/\/bolting.eu\/en\/shop\/fischer-hammerbohrer-quattric-30mm-sds-max\/#primaryimage"},"thumbnailUrl":"https:\/\/bolting.eu\/wp-content\/uploads\/2025\/03\/Fischer-Hammerbohrer-Quattric-30mm-SDS-MAX-1.jpg","datePublished":"2025-03-09T17:49:18+00:00","dateModified":"2025-05-27T11:32:18+00:00","description":"Fischer Hammerbohrer Quattric 30mm beim Einbohrprofi kaufen \u2705 Trusted Shop \u2705 kostenloser Versand* \u2705 14 Tage R\u00fcckgaberecht \u2705 Co2 neutrale Zustellung","breadcrumb":{"@id":"https:\/\/bolting.eu\/en\/shop\/fischer-hammerbohrer-quattric-30mm-sds-max\/#breadcrumb"},"inLanguage":"en-US","potentialAction":[{"@type":"ReadAction","target":["https:\/\/bolting.eu\/en\/shop\/fischer-hammerbohrer-quattric-30mm-sds-max\/"]}]},{"@type":"ImageObject","inLanguage":"en-US","@id":"https:\/\/bolting.eu\/en\/shop\/fischer-hammerbohrer-quattric-30mm-sds-max\/#primaryimage","url":"https:\/\/bolting.eu\/wp-content\/uploads\/2025\/03\/Fischer-Hammerbohrer-Quattric-30mm-SDS-MAX-1.jpg","contentUrl":"https:\/\/bolting.eu\/wp-content\/uploads\/2025\/03\/Fischer-Hammerbohrer-Quattric-30mm-SDS-MAX-1.jpg","width":700,"height":700,"caption":"Zwei graue Fischer Hammerbohrer Quattric 30mm SDS MAX mit 450mm und 250mm L\u00e4nge senkrecht auf wei\u00dfem Quadrat."},{"@type":"BreadcrumbList","@id":"https:\/\/bolting.eu\/en\/shop\/fischer-hammerbohrer-quattric-30mm-sds-max\/#breadcrumb","itemListElement":[{"@type":"ListItem","position":1,"name":"Shop","item":"https:\/\/bolting.eu\/en\/shop\/"},{"@type":"ListItem","position":2,"name":"bolting products","item":"https:\/\/bolting.eu\/en\/produkt-kategorie\/bolting-products\/"},{"@type":"ListItem","position":3,"name":"Material f\u00fcr Klettersteigbau","item":"https:\/\/bolting.eu\/produkt-kategorie\/einbohrartikel\/material-fuer-klettersteigbau\/"},{"@type":"ListItem","position":4,"name":"Fischer Hammerbohrer Quattric 30mm SDS MAX"}]},{"@type":"WebSite","@id":"https:\/\/bolting.eu\/en\/#website","url":"https:\/\/bolting.eu\/en\/","name":"bolting.eu","description":"we make climbs happen","publisher":{"@id":"https:\/\/bolting.eu\/en\/#organization"},"potentialAction":[{"@type":"SearchAction","target":{"@type":"EntryPoint","urlTemplate":"https:\/\/bolting.eu\/en\/?s={search_term_string}"},"query-input":{"@type":"PropertyValueSpecification","valueRequired":true,"valueName":"search_term_string"}}],"inLanguage":"en-US"},{"@type":["Organization","Place","SportingGoodsStore"],"@id":"https:\/\/bolting.eu\/en\/#organization","name":"bolting.eu","url":"https:\/\/bolting.eu\/en\/","logo":{"@id":"https:\/\/bolting.eu\/en\/shop\/fischer-hammerbohrer-quattric-30mm-sds-max\/#local-main-organization-logo"},"image":{"@id":"https:\/\/bolting.eu\/en\/shop\/fischer-hammerbohrer-quattric-30mm-sds-max\/#local-main-organization-logo"},"sameAs":["https:\/\/www.facebook.com\/bolting.eu","https:\/\/www.instagram.com\/bolting.eu\/"],"address":{"@id":"https:\/\/bolting.eu\/en\/shop\/fischer-hammerbohrer-quattric-30mm-sds-max\/#local-main-place-address"},"geo":{"@type":"GeoCoordinates","latitude":"47.264176340396226","longitude":"11.380109057672346"},"telephone":["+43 699 19083372"],"openingHoursSpecification":[{"@type":"OpeningHoursSpecification","dayOfWeek":["Monday","Wednesday","Friday"],"opens":"14:00","closes":"18:00"},{"@type":"OpeningHoursSpecification","dayOfWeek":["Tuesday","Thursday","Saturday","Sunday"],"opens":"00:00","closes":"00:00"}],"email":"office@bolting.eu","vatID":"ATU59999728","priceRange":"$$","currenciesAccepted":"Euro"},{"@type":"PostalAddress","@id":"https:\/\/bolting.eu\/en\/shop\/fischer-hammerbohrer-quattric-30mm-sds-max\/#local-main-place-address","streetAddress":"Fischnalerstra\u00dfe 4","addressLocality":"Innsbruck","postalCode":"6020","addressRegion":"Tirol","addressCountry":"AT"},{"@type":"ImageObject","inLanguage":"en-US","@id":"https:\/\/bolting.eu\/en\/shop\/fischer-hammerbohrer-quattric-30mm-sds-max\/#local-main-organization-logo","url":"https:\/\/bolting.eu\/wp-content\/uploads\/2019\/09\/bolting-logo.png","contentUrl":"https:\/\/bolting.eu\/wp-content\/uploads\/2019\/09\/bolting-logo.png","width":400,"height":211,"caption":"bolting.eu"}]},"og_availability":"instock","product_availability":"instock","product_condition":"new","geo.placename":"Innsbruck","geo.position":{"lat":"47.264176340396226","long":"11.380109057672346"},"geo.region":"Austria"},"_links":{"self":[{"href":"https:\/\/bolting.eu\/en\/wp-json\/wp\/v2\/product\/32068","targetHints":{"allow":["GET"]}}],"collection":[{"href":"https:\/\/bolting.eu\/en\/wp-json\/wp\/v2\/product"}],"about":[{"href":"https:\/\/bolting.eu\/en\/wp-json\/wp\/v2\/types\/product"}],"replies":[{"embeddable":true,"href":"https:\/\/bolting.eu\/en\/wp-json\/wp\/v2\/comments?post=32068"}],"wp:featuredmedia":[{"embeddable":true,"href":"https:\/\/bolting.eu\/en\/wp-json\/wp\/v2\/media\/32073"}],"wp:attachment":[{"href":"https:\/\/bolting.eu\/en\/wp-json\/wp\/v2\/media?parent=32068"}],"wp:term":[{"taxonomy":"product_brand","embeddable":true,"href":"https:\/\/bolting.eu\/en\/wp-json\/wp\/v2\/product_brand?post=32068"},{"taxonomy":"product_cat","embeddable":true,"href":"https:\/\/bolting.eu\/en\/wp-json\/wp\/v2\/product_cat?post=32068"},{"taxonomy":"product_tag","embeddable":true,"href":"https:\/\/bolting.eu\/en\/wp-json\/wp\/v2\/product_tag?post=32068"}],"curies":[{"name":"wp","href":"https:\/\/api.w.org\/{rel}","templated":true}]}}